{"id":79648,"date":"2025-06-10T06:59:52","date_gmt":"2025-06-10T05:59:52","guid":{"rendered":"https:\/\/truusk.store\/product\/automatisk-matdispenser-och-25-l-vattendispenser-for-hundar-katter-mat-och-vattendispenser-set-automatisk-matdispenser-resematdispenser-for-sma-hundar-katter-husdjur-vit\/"},"modified":"2026-03-12T08:46:13","modified_gmt":"2026-03-12T07:46:13","slug":"truusk-automatisk-mat-och-vattendispenser-set-25l-kapacitet-automatisk-for-hundar-och-katter-vit","status":"publish","type":"product","link":"https:\/\/truusk.store\/sv\/produkt\/truusk-automatisk-mat-och-vattendispenser-set-25l-kapacitet-automatisk-for-hundar-och-katter-vit\/","title":{"rendered":"TRUUSK Automatisk Mat- och Vattendispenser Set &#8211; 2,5L Kapacitet &#8211; Automatisk &#8211; F\u00f6r Hundar och Katter &#8211; Vit"},"content":{"rendered":"<p>Forma den dagliga omsorgen om dina husdjur med denna smarta mat- och vattenautomat f\u00f6r sm\u00e5 djur. Den 3L automatiska matdispensern m\u00f6jligg\u00f6r individuella utfodringsplaner via app, ger upp till 10 m\u00e5ltider per dag och erbjuder r\u00f6stmeddelanden. Den 2,5L drickfont\u00e4nen f\u00f6rser ditt husdjur med rent, filtrerat vatten, fungerar tyst, har LED-belysning och \u00e4r l\u00e4tt att ta is\u00e4r och reng\u00f6ra. En perfekt tillg\u00e5ng f\u00f6r hush\u00e5ll med husdjur.<\/p>\n<p>Beskrivning:<\/p>\n<ul>\n<li> 3L kapacitet p\u00e5 kattmatdispensern rymmer mat f\u00f6r upp till 20 dagar f\u00f6r en katt<\/li>\n<li> 2,5L tank p\u00e5 vattenautomaten erbjuder f\u00e4rskt vatten i upp till 15 dagar<\/li>\n<li> App-styrd matdispenser levererar upp till 10 m\u00e5ltider per dag<\/li>\n<li> Inbyggd r\u00f6stinspelare spelar ett 60 sekunders meddelande f\u00f6re utfodring<\/li>\n<li> Viskande tyst vattenautomat h\u00e5ller volymen under 40dB<\/li>\n<li> R\u00f6d &amp; bl\u00e5 LED-belysning ger synlighet och stil<\/li>\n<li> Dubbla str\u00f6mf\u00f6rs\u00f6rjningsalternativ: USB eller batteribackup<\/li>\n<li> L\u00e4tt att reng\u00f6ra design med avtagbart minne<\/li>\n<\/ul>\n<p> Tekniska data:<\/p>\n<ul>\n<li> F\u00e4rg: Vit<\/li>\n<li> Material: ABS, rostfritt st\u00e5l 201<\/li>\n<li> Storlek p\u00e5 vattenfont\u00e4n: 20L x 17B x 13H cm<\/li>\n<li> Storlek p\u00e5 matdispenser: 27,5L x 18B x 29,5H cm<\/li>\n<li> Kapacitet p\u00e5 matdispenser: 3L (ungef\u00e4r 1,5 kg)<\/li>\n<li> L\u00e4mplig storlek p\u00e5 torrfoder: 5-10 mm<\/li>\n<li> Vattenkapacitet: 2,5L<\/li>\n<li> Str\u00f6minformation: 5V, 1A ing\u00e5ng, 5W<\/li>\n<li> Kabell\u00e4ngd: 1,5m<\/li>\n<li> Ljudniv\u00e5: Upp till 40dB<\/li>\n<li> Diameter p\u00e5 vattenutlopp: \u00d812 mm<\/li>\n<li> LED-ljus: R\u00f6tt + Bl\u00e5tt display (ej avtagbart)<\/li>\n<li> Notera: 1, Endast f\u00f6r katter och sm\u00e5 hundar.2, Kr\u00e4ver 3 x D batterier, ing\u00e5r ej<\/li>\n<\/ul>\n<p>Leveransinneh\u00e5ll:<\/p>\n<ul>\n<li> 1 x Drickfont\u00e4n f\u00f6r husdjur<\/li>\n<li> 1 x Matdispenser f\u00f6r husdjur<\/li>\n<li> 2 x Typ-C USB-kablar<\/li>\n<li> 1 x Bruksanvisning<\/li>\n<\/ul>\n","protected":false},"excerpt":{"rendered":"<p>Forma den dagliga omsorgen om dina husdjur med denna smarta mat- och vattenautomat f\u00f6r sm\u00e5 djur. Den 3L automatiska matdispensern&#8230;<\/p>\n","protected":false},"featured_media":79638,"template":"","meta":[],"product_brand":[],"product_cat":[878,574,580],"product_tag":[],"class_list":{"0":"post-79648","1":"product","2":"type-product","3":"status-publish","4":"has-post-thumbnail","6":"product_cat-djurbehov","7":"product_cat-hundtillbehor","8":"product_cat-matskalar","10":"first","11":"instock","12":"sale","13":"taxable","14":"shipping-taxable","15":"purchasable","16":"product-type-simple"},"yoast_head":"<!-- This site is optimized with the Yoast SEO plugin v25.4 - https:\/\/yoast.com\/wordpress\/plugins\/seo\/ -->\n<title>TRUUSK Automatisk Mat- och Vattendispenser Set - 2,5L Kapacitet - Automatisk - F\u00f6r Hundar och Katter - Vit - TRUUSK - Hem, Tr\u00e4dg\u00e5rd &amp; Fritid<\/title>\n<meta name=\"robots\" content=\"index, follow, max-snippet:-1, max-image-preview:large, max-video-preview:-1\" \/>\n<link rel=\"canonical\" href=\"https:\/\/truusk.store\/sv\/produkt\/truusk-automatisk-mat-och-vattendispenser-set-25l-kapacitet-automatisk-for-hundar-och-katter-vit\/\" \/>\n<meta property=\"og:locale\" content=\"sv_SE\" \/>\n<meta property=\"og:type\" content=\"article\" \/>\n<meta property=\"og:title\" content=\"TRUUSK Automatisk Mat- och Vattendispenser Set - 2,5L Kapacitet - Automatisk - F\u00f6r Hundar och Katter - Vit - TRUUSK - Hem, Tr\u00e4dg\u00e5rd &amp; Fritid\" \/>\n<meta property=\"og:description\" content=\"Forma den dagliga omsorgen om dina husdjur med denna smarta mat- och vattenautomat f\u00f6r sm\u00e5 djur. Den 3L automatiska matdispensern...\" \/>\n<meta property=\"og:url\" content=\"https:\/\/truusk.store\/sv\/produkt\/truusk-automatisk-mat-och-vattendispenser-set-25l-kapacitet-automatisk-for-hundar-och-katter-vit\/\" \/>\n<meta property=\"og:site_name\" content=\"TRUUSK - Hem, Tr\u00e4dg\u00e5rd &amp; Fritid\" \/>\n<meta property=\"article:modified_time\" content=\"2026-03-12T07:46:13+00:00\" \/>\n<meta property=\"og:image\" content=\"https:\/\/i0.wp.com\/truusk.se\/wp-content\/uploads\/2025\/06\/automatisk-matdispenser-och-25-l-vattendispenser-for-hundar-katter-mat-och-vattendispenser-set-automatisk-matdispenser-resematdispenser-for-sma-hundar-katter-husdjur-vit-1.webp?fit=2000%2C2000&ssl=1\" \/>\n\t<meta property=\"og:image:width\" content=\"2000\" \/>\n\t<meta property=\"og:image:height\" content=\"2000\" \/>\n\t<meta property=\"og:image:type\" content=\"image\/webp\" \/>\n<meta name=\"twitter:card\" content=\"summary_large_image\" \/>\n<meta name=\"twitter:label1\" content=\"Ber\u00e4knad l\u00e4stid\" \/>\n\t<meta name=\"twitter:data1\" content=\"1 minut\" \/>\n<!-- \/ Yoast SEO plugin. -->","yoast_head_json":{"title":"TRUUSK Automatisk Mat- och Vattendispenser Set - 2,5L Kapacitet - Automatisk - F\u00f6r Hundar och Katter - Vit - TRUUSK - Hem, Tr\u00e4dg\u00e5rd &amp; Fritid","robots":{"index":"index","follow":"follow","max-snippet":"max-snippet:-1","max-image-preview":"max-image-preview:large","max-video-preview":"max-video-preview:-1"},"canonical":"https:\/\/truusk.store\/sv\/produkt\/truusk-automatisk-mat-och-vattendispenser-set-25l-kapacitet-automatisk-for-hundar-och-katter-vit\/","og_locale":"sv_SE","og_type":"article","og_title":"TRUUSK Automatisk Mat- och Vattendispenser Set - 2,5L Kapacitet - Automatisk - F\u00f6r Hundar och Katter - Vit - TRUUSK - Hem, Tr\u00e4dg\u00e5rd &amp; Fritid","og_description":"Forma den dagliga omsorgen om dina husdjur med denna smarta mat- och vattenautomat f\u00f6r sm\u00e5 djur. Den 3L automatiska matdispensern...","og_url":"https:\/\/truusk.store\/sv\/produkt\/truusk-automatisk-mat-och-vattendispenser-set-25l-kapacitet-automatisk-for-hundar-och-katter-vit\/","og_site_name":"TRUUSK - Hem, Tr\u00e4dg\u00e5rd &amp; Fritid","article_modified_time":"2026-03-12T07:46:13+00:00","og_image":[{"width":2000,"height":2000,"url":"https:\/\/i0.wp.com\/truusk.se\/wp-content\/uploads\/2025\/06\/automatisk-matdispenser-och-25-l-vattendispenser-for-hundar-katter-mat-och-vattendispenser-set-automatisk-matdispenser-resematdispenser-for-sma-hundar-katter-husdjur-vit-1.webp?fit=2000%2C2000&ssl=1","type":"image\/webp"}],"twitter_card":"summary_large_image","twitter_misc":{"Ber\u00e4knad l\u00e4stid":"1 minut"},"schema":{"@context":"https:\/\/schema.org","@graph":[{"@type":"WebPage","@id":"https:\/\/truusk.store\/sv\/produkt\/truusk-automatisk-mat-och-vattendispenser-set-25l-kapacitet-automatisk-for-hundar-och-katter-vit\/","url":"https:\/\/truusk.store\/sv\/produkt\/truusk-automatisk-mat-och-vattendispenser-set-25l-kapacitet-automatisk-for-hundar-och-katter-vit\/","name":"TRUUSK Automatisk Mat- och Vattendispenser Set - 2,5L Kapacitet - Automatisk - F\u00f6r Hundar och Katter - Vit - TRUUSK - Hem, Tr\u00e4dg\u00e5rd &amp; Fritid","isPartOf":{"@id":"https:\/\/truusk.store\/sv\/#website"},"primaryImageOfPage":{"@id":"https:\/\/truusk.store\/sv\/produkt\/truusk-automatisk-mat-och-vattendispenser-set-25l-kapacitet-automatisk-for-hundar-och-katter-vit\/#primaryimage"},"image":{"@id":"https:\/\/truusk.store\/sv\/produkt\/truusk-automatisk-mat-och-vattendispenser-set-25l-kapacitet-automatisk-for-hundar-och-katter-vit\/#primaryimage"},"thumbnailUrl":"https:\/\/i0.wp.com\/truusk.store\/wp-content\/uploads\/2025\/06\/automatisk-matdispenser-och-25-l-vattendispenser-for-hundar-katter-mat-och-vattendispenser-set-automatisk-matdispenser-resematdispenser-for-sma-hundar-katter-husdjur-vit-1.webp?fit=2000%2C2000&ssl=1","datePublished":"2025-06-10T05:59:52+00:00","dateModified":"2026-03-12T07:46:13+00:00","breadcrumb":{"@id":"https:\/\/truusk.store\/sv\/produkt\/truusk-automatisk-mat-och-vattendispenser-set-25l-kapacitet-automatisk-for-hundar-och-katter-vit\/#breadcrumb"},"inLanguage":"sv-SE","potentialAction":[{"@type":"ReadAction","target":["https:\/\/truusk.store\/sv\/produkt\/truusk-automatisk-mat-och-vattendispenser-set-25l-kapacitet-automatisk-for-hundar-och-katter-vit\/"]}]},{"@type":"ImageObject","inLanguage":"sv-SE","@id":"https:\/\/truusk.store\/sv\/produkt\/truusk-automatisk-mat-och-vattendispenser-set-25l-kapacitet-automatisk-for-hundar-och-katter-vit\/#primaryimage","url":"https:\/\/i0.wp.com\/truusk.store\/wp-content\/uploads\/2025\/06\/automatisk-matdispenser-och-25-l-vattendispenser-for-hundar-katter-mat-och-vattendispenser-set-automatisk-matdispenser-resematdispenser-for-sma-hundar-katter-husdjur-vit-1.webp?fit=2000%2C2000&ssl=1","contentUrl":"https:\/\/i0.wp.com\/truusk.store\/wp-content\/uploads\/2025\/06\/automatisk-matdispenser-och-25-l-vattendispenser-for-hundar-katter-mat-och-vattendispenser-set-automatisk-matdispenser-resematdispenser-for-sma-hundar-katter-husdjur-vit-1.webp?fit=2000%2C2000&ssl=1","width":2000,"height":2000},{"@type":"BreadcrumbList","@id":"https:\/\/truusk.store\/sv\/produkt\/truusk-automatisk-mat-och-vattendispenser-set-25l-kapacitet-automatisk-for-hundar-och-katter-vit\/#breadcrumb","itemListElement":[{"@type":"ListItem","position":1,"name":"Home","item":"https:\/\/truusk.store\/sv\/"},{"@type":"ListItem","position":2,"name":"Shop","item":"https:\/\/truusk.store\/shop\/"},{"@type":"ListItem","position":3,"name":"TRUUSK Automatisk Mat- och Vattendispenser Set &#8211; 2,5L Kapacitet &#8211; Automatisk &#8211; F\u00f6r Hundar och Katter &#8211; Vit"}]},{"@type":"WebSite","@id":"https:\/\/truusk.store\/sv\/#website","url":"https:\/\/truusk.store\/sv\/","name":"TRUUSK - Hem, Tr\u00e4dg\u00e5rd & Fritid","description":"","publisher":{"@id":"https:\/\/truusk.store\/sv\/#organization"},"potentialAction":[{"@type":"SearchAction","target":{"@type":"EntryPoint","urlTemplate":"https:\/\/truusk.store\/sv\/?s={search_term_string}"},"query-input":{"@type":"PropertyValueSpecification","valueRequired":true,"valueName":"search_term_string"}}],"inLanguage":"sv-SE"},{"@type":"Organization","@id":"https:\/\/truusk.store\/sv\/#organization","name":"TRUUSK - Hem, Tr\u00e4dg\u00e5rd & Fritid","url":"https:\/\/truusk.store\/sv\/","logo":{"@type":"ImageObject","inLanguage":"sv-SE","@id":"https:\/\/truusk.store\/sv\/#\/schema\/logo\/image\/","url":"https:\/\/i0.wp.com\/truusk.store\/wp-content\/uploads\/2026\/03\/cropped-TRUUSK.png?fit=2032%2C917&ssl=1","contentUrl":"https:\/\/i0.wp.com\/truusk.store\/wp-content\/uploads\/2026\/03\/cropped-TRUUSK.png?fit=2032%2C917&ssl=1","width":2032,"height":917,"caption":"TRUUSK - Hem, Tr\u00e4dg\u00e5rd & Fritid"},"image":{"@id":"https:\/\/truusk.store\/sv\/#\/schema\/logo\/image\/"}}]}},"jetpack_sharing_enabled":true,"_links":{"self":[{"href":"https:\/\/truusk.store\/sv\/wp-json\/wp\/v2\/product\/79648","targetHints":{"allow":["GET"]}}],"collection":[{"href":"https:\/\/truusk.store\/sv\/wp-json\/wp\/v2\/product"}],"about":[{"href":"https:\/\/truusk.store\/sv\/wp-json\/wp\/v2\/types\/product"}],"wp:featuredmedia":[{"embeddable":true,"href":"https:\/\/truusk.store\/sv\/wp-json\/wp\/v2\/media\/79638"}],"wp:attachment":[{"href":"https:\/\/truusk.store\/sv\/wp-json\/wp\/v2\/media?parent=79648"}],"wp:term":[{"taxonomy":"product_brand","embeddable":true,"href":"https:\/\/truusk.store\/sv\/wp-json\/wp\/v2\/product_brand?post=79648"},{"taxonomy":"product_cat","embeddable":true,"href":"https:\/\/truusk.store\/sv\/wp-json\/wp\/v2\/product_cat?post=79648"},{"taxonomy":"product_tag","embeddable":true,"href":"https:\/\/truusk.store\/sv\/wp-json\/wp\/v2\/product_tag?post=79648"}],"curies":[{"name":"wp","href":"https:\/\/api.w.org\/{rel}","templated":true}]}}