{"id":79657,"date":"2025-06-10T07:00:43","date_gmt":"2025-06-10T06:00:43","guid":{"rendered":"https:\/\/truusk.store\/product\/matta-vardagsrumsmatta-i-modern-stil-tvattbar-omradesmatta-matta-for-vardagsrum-sovrum-150-x-80-cm-morkgra\/"},"modified":"2026-03-12T08:46:12","modified_gmt":"2026-03-12T07:46:12","slug":"truusk-modern-vardagsrumsmatta-tvattbar-150-x-80-cm-morkgra","status":"publish","type":"product","link":"https:\/\/truusk.store\/sv\/produkt\/truusk-modern-vardagsrumsmatta-tvattbar-150-x-80-cm-morkgra\/","title":{"rendered":"TRUUSK Modern Vardagsrumsmatta &#8211; Tv\u00e4ttbar &#8211; 150 x 80 cm &#8211; M\u00f6rkgr\u00e5"},"content":{"rendered":"<p>Upplev magin med TRUUSK Striped vardagsrumsmatta, ett maskintillverkat m\u00e4sterverk, perfekt f\u00f6r allergiker och l\u00e4mplig f\u00f6r golvv\u00e4rme. Den eleganta, moderna designen p\u00e5 den fluffiga mattan med neutrala randiga m\u00f6nster g\u00f6r varje omr\u00e5de, fr\u00e5n vardagsrummet till hallen, stilfullt. Denna l\u00e4ttsk\u00f6tta tv\u00e4ttbara matta \u00e4r idealisk f\u00f6r husdjurs\u00e4gare och berikar varje sov- eller matsal.<\/p>\n<p>Beskrivning:<\/p>\n<ul>\n<li> Maskintuftad matta garanterar h\u00e5llbarhet och komfort under f\u00f6tterna<\/li>\n<li> L\u00e4mplig sovrumsmatta f\u00f6r allergiker, bidrar till ett h\u00e4lsosammare hem<\/li>\n<li> Kompatibel med golvv\u00e4rme f\u00f6r varma och mysiga golv<\/li>\n<li> Randiga geometriska element ger en touch av elegans<\/li>\n<li> L\u00e4mplig vardagsrumsmatta f\u00f6r vardagsrum, sovrum eller korridorer<\/li>\n<li> L\u00e4tt att reng\u00f6ra &#8211; torka av med en varm handduk eller maskintv\u00e4ttbar<\/li>\n<\/ul>\n<p> Tekniska data:<\/p>\n<ul>\n<li> F\u00e4rg: M\u00f6rkgr\u00e5<\/li>\n<li> Material: 100% Polypropen<\/li>\n<li> Totala dimensioner: 150L x 80B x 1,5H cm<\/li>\n<li> Lugg h\u00f6jd: 1,5 cm<\/li>\n<\/ul>\n<p>Leveransinneh\u00e5ll:<\/p>\n<ul>\n<li> 1 x Matta;<\/li>\n<\/ul>\n","protected":false},"excerpt":{"rendered":"<p>Upplev magin med TRUUSK Striped vardagsrumsmatta, ett maskintillverkat m\u00e4sterverk, perfekt f\u00f6r allergiker och l\u00e4mplig f\u00f6r golvv\u00e4rme. Den eleganta, moderna designen&#8230;<\/p>\n","protected":false},"featured_media":79647,"template":"","meta":[],"product_brand":[],"product_cat":[871,567,566],"product_tag":[],"class_list":{"0":"post-79657","1":"product","2":"type-product","3":"status-publish","4":"has-post-thumbnail","6":"product_cat-hus-hem","7":"product_cat-kort-lugg-mattor","8":"product_cat-mattor","10":"first","11":"instock","12":"sale","13":"taxable","14":"shipping-taxable","15":"purchasable","16":"product-type-simple"},"yoast_head":"<!-- This site is optimized with the Yoast SEO plugin v25.4 - https:\/\/yoast.com\/wordpress\/plugins\/seo\/ -->\n<title>TRUUSK Modern Vardagsrumsmatta - Tv\u00e4ttbar - 150 x 80 cm - M\u00f6rkgr\u00e5 - TRUUSK - Hem, Tr\u00e4dg\u00e5rd &amp; Fritid<\/title>\n<meta name=\"robots\" content=\"index, follow, max-snippet:-1, max-image-preview:large, max-video-preview:-1\" \/>\n<link rel=\"canonical\" href=\"https:\/\/truusk.store\/sv\/produkt\/truusk-modern-vardagsrumsmatta-tvattbar-150-x-80-cm-morkgra\/\" \/>\n<meta property=\"og:locale\" content=\"sv_SE\" \/>\n<meta property=\"og:type\" content=\"article\" \/>\n<meta property=\"og:title\" content=\"TRUUSK Modern Vardagsrumsmatta - Tv\u00e4ttbar - 150 x 80 cm - M\u00f6rkgr\u00e5 - TRUUSK - Hem, Tr\u00e4dg\u00e5rd &amp; Fritid\" \/>\n<meta property=\"og:description\" content=\"Upplev magin med TRUUSK Striped vardagsrumsmatta, ett maskintillverkat m\u00e4sterverk, perfekt f\u00f6r allergiker och l\u00e4mplig f\u00f6r golvv\u00e4rme. Den eleganta, moderna designen...\" \/>\n<meta property=\"og:url\" content=\"https:\/\/truusk.store\/sv\/produkt\/truusk-modern-vardagsrumsmatta-tvattbar-150-x-80-cm-morkgra\/\" \/>\n<meta property=\"og:site_name\" content=\"TRUUSK - Hem, Tr\u00e4dg\u00e5rd &amp; Fritid\" \/>\n<meta property=\"article:modified_time\" content=\"2026-03-12T07:46:12+00:00\" \/>\n<meta property=\"og:image\" content=\"https:\/\/i0.wp.com\/truusk.se\/wp-content\/uploads\/2025\/06\/matta-vardagsrumsmatta-i-modern-stil-tvattbar-omradesmatta-matta-for-vardagsrum-sovrum-150-x-80-cm-morkgra-1.webp?fit=2000%2C2000&ssl=1\" \/>\n\t<meta property=\"og:image:width\" content=\"2000\" \/>\n\t<meta property=\"og:image:height\" content=\"2000\" \/>\n\t<meta property=\"og:image:type\" content=\"image\/webp\" \/>\n<meta name=\"twitter:card\" content=\"summary_large_image\" \/>\n<meta name=\"twitter:label1\" content=\"Ber\u00e4knad l\u00e4stid\" \/>\n\t<meta name=\"twitter:data1\" content=\"1 minut\" \/>\n<!-- \/ Yoast SEO plugin. -->","yoast_head_json":{"title":"TRUUSK Modern Vardagsrumsmatta - Tv\u00e4ttbar - 150 x 80 cm - M\u00f6rkgr\u00e5 - TRUUSK - Hem, Tr\u00e4dg\u00e5rd &amp; Fritid","robots":{"index":"index","follow":"follow","max-snippet":"max-snippet:-1","max-image-preview":"max-image-preview:large","max-video-preview":"max-video-preview:-1"},"canonical":"https:\/\/truusk.store\/sv\/produkt\/truusk-modern-vardagsrumsmatta-tvattbar-150-x-80-cm-morkgra\/","og_locale":"sv_SE","og_type":"article","og_title":"TRUUSK Modern Vardagsrumsmatta - Tv\u00e4ttbar - 150 x 80 cm - M\u00f6rkgr\u00e5 - TRUUSK - Hem, Tr\u00e4dg\u00e5rd &amp; Fritid","og_description":"Upplev magin med TRUUSK Striped vardagsrumsmatta, ett maskintillverkat m\u00e4sterverk, perfekt f\u00f6r allergiker och l\u00e4mplig f\u00f6r golvv\u00e4rme. Den eleganta, moderna designen...","og_url":"https:\/\/truusk.store\/sv\/produkt\/truusk-modern-vardagsrumsmatta-tvattbar-150-x-80-cm-morkgra\/","og_site_name":"TRUUSK - Hem, Tr\u00e4dg\u00e5rd &amp; Fritid","article_modified_time":"2026-03-12T07:46:12+00:00","og_image":[{"width":2000,"height":2000,"url":"https:\/\/i0.wp.com\/truusk.se\/wp-content\/uploads\/2025\/06\/matta-vardagsrumsmatta-i-modern-stil-tvattbar-omradesmatta-matta-for-vardagsrum-sovrum-150-x-80-cm-morkgra-1.webp?fit=2000%2C2000&ssl=1","type":"image\/webp"}],"twitter_card":"summary_large_image","twitter_misc":{"Ber\u00e4knad l\u00e4stid":"1 minut"},"schema":{"@context":"https:\/\/schema.org","@graph":[{"@type":"WebPage","@id":"https:\/\/truusk.store\/sv\/produkt\/truusk-modern-vardagsrumsmatta-tvattbar-150-x-80-cm-morkgra\/","url":"https:\/\/truusk.store\/sv\/produkt\/truusk-modern-vardagsrumsmatta-tvattbar-150-x-80-cm-morkgra\/","name":"TRUUSK Modern Vardagsrumsmatta - Tv\u00e4ttbar - 150 x 80 cm - M\u00f6rkgr\u00e5 - TRUUSK - Hem, Tr\u00e4dg\u00e5rd &amp; Fritid","isPartOf":{"@id":"https:\/\/truusk.store\/sv\/#website"},"primaryImageOfPage":{"@id":"https:\/\/truusk.store\/sv\/produkt\/truusk-modern-vardagsrumsmatta-tvattbar-150-x-80-cm-morkgra\/#primaryimage"},"image":{"@id":"https:\/\/truusk.store\/sv\/produkt\/truusk-modern-vardagsrumsmatta-tvattbar-150-x-80-cm-morkgra\/#primaryimage"},"thumbnailUrl":"https:\/\/i0.wp.com\/truusk.store\/wp-content\/uploads\/2025\/06\/matta-vardagsrumsmatta-i-modern-stil-tvattbar-omradesmatta-matta-for-vardagsrum-sovrum-150-x-80-cm-morkgra-1.webp?fit=2000%2C2000&ssl=1","datePublished":"2025-06-10T06:00:43+00:00","dateModified":"2026-03-12T07:46:12+00:00","breadcrumb":{"@id":"https:\/\/truusk.store\/sv\/produkt\/truusk-modern-vardagsrumsmatta-tvattbar-150-x-80-cm-morkgra\/#breadcrumb"},"inLanguage":"sv-SE","potentialAction":[{"@type":"ReadAction","target":["https:\/\/truusk.store\/sv\/produkt\/truusk-modern-vardagsrumsmatta-tvattbar-150-x-80-cm-morkgra\/"]}]},{"@type":"ImageObject","inLanguage":"sv-SE","@id":"https:\/\/truusk.store\/sv\/produkt\/truusk-modern-vardagsrumsmatta-tvattbar-150-x-80-cm-morkgra\/#primaryimage","url":"https:\/\/i0.wp.com\/truusk.store\/wp-content\/uploads\/2025\/06\/matta-vardagsrumsmatta-i-modern-stil-tvattbar-omradesmatta-matta-for-vardagsrum-sovrum-150-x-80-cm-morkgra-1.webp?fit=2000%2C2000&ssl=1","contentUrl":"https:\/\/i0.wp.com\/truusk.store\/wp-content\/uploads\/2025\/06\/matta-vardagsrumsmatta-i-modern-stil-tvattbar-omradesmatta-matta-for-vardagsrum-sovrum-150-x-80-cm-morkgra-1.webp?fit=2000%2C2000&ssl=1","width":2000,"height":2000},{"@type":"BreadcrumbList","@id":"https:\/\/truusk.store\/sv\/produkt\/truusk-modern-vardagsrumsmatta-tvattbar-150-x-80-cm-morkgra\/#breadcrumb","itemListElement":[{"@type":"ListItem","position":1,"name":"Home","item":"https:\/\/truusk.store\/sv\/"},{"@type":"ListItem","position":2,"name":"Shop","item":"https:\/\/truusk.store\/shop\/"},{"@type":"ListItem","position":3,"name":"TRUUSK Modern Vardagsrumsmatta &#8211; Tv\u00e4ttbar &#8211; 150 x 80 cm &#8211; M\u00f6rkgr\u00e5"}]},{"@type":"WebSite","@id":"https:\/\/truusk.store\/sv\/#website","url":"https:\/\/truusk.store\/sv\/","name":"TRUUSK - Hem, Tr\u00e4dg\u00e5rd & Fritid","description":"","publisher":{"@id":"https:\/\/truusk.store\/sv\/#organization"},"potentialAction":[{"@type":"SearchAction","target":{"@type":"EntryPoint","urlTemplate":"https:\/\/truusk.store\/sv\/?s={search_term_string}"},"query-input":{"@type":"PropertyValueSpecification","valueRequired":true,"valueName":"search_term_string"}}],"inLanguage":"sv-SE"},{"@type":"Organization","@id":"https:\/\/truusk.store\/sv\/#organization","name":"TRUUSK - Hem, Tr\u00e4dg\u00e5rd & Fritid","url":"https:\/\/truusk.store\/sv\/","logo":{"@type":"ImageObject","inLanguage":"sv-SE","@id":"https:\/\/truusk.store\/sv\/#\/schema\/logo\/image\/","url":"https:\/\/i0.wp.com\/truusk.store\/wp-content\/uploads\/2026\/03\/cropped-TRUUSK.png?fit=2032%2C917&ssl=1","contentUrl":"https:\/\/i0.wp.com\/truusk.store\/wp-content\/uploads\/2026\/03\/cropped-TRUUSK.png?fit=2032%2C917&ssl=1","width":2032,"height":917,"caption":"TRUUSK - Hem, Tr\u00e4dg\u00e5rd & Fritid"},"image":{"@id":"https:\/\/truusk.store\/sv\/#\/schema\/logo\/image\/"}}]}},"jetpack_sharing_enabled":true,"_links":{"self":[{"href":"https:\/\/truusk.store\/sv\/wp-json\/wp\/v2\/product\/79657","targetHints":{"allow":["GET"]}}],"collection":[{"href":"https:\/\/truusk.store\/sv\/wp-json\/wp\/v2\/product"}],"about":[{"href":"https:\/\/truusk.store\/sv\/wp-json\/wp\/v2\/types\/product"}],"wp:featuredmedia":[{"embeddable":true,"href":"https:\/\/truusk.store\/sv\/wp-json\/wp\/v2\/media\/79647"}],"wp:attachment":[{"href":"https:\/\/truusk.store\/sv\/wp-json\/wp\/v2\/media?parent=79657"}],"wp:term":[{"taxonomy":"product_brand","embeddable":true,"href":"https:\/\/truusk.store\/sv\/wp-json\/wp\/v2\/product_brand?post=79657"},{"taxonomy":"product_cat","embeddable":true,"href":"https:\/\/truusk.store\/sv\/wp-json\/wp\/v2\/product_cat?post=79657"},{"taxonomy":"product_tag","embeddable":true,"href":"https:\/\/truusk.store\/sv\/wp-json\/wp\/v2\/product_tag?post=79657"}],"curies":[{"name":"wp","href":"https:\/\/api.w.org\/{rel}","templated":true}]}}