{"id":7966,"date":"2024-02-13T09:05:48","date_gmt":"2024-02-13T08:05:48","guid":{"rendered":"https:\/\/truusk.store\/product\/campingtalt-familjetalt-tunneltalt-med-2-sovhytter-4-6-personer-bla-l430-x-b240-x-h170cm\/"},"modified":"2026-03-12T08:55:42","modified_gmt":"2026-03-12T07:55:42","slug":"truusk-campingtalt-familjetalt-tunneltalt-for-4-6-personer-2-sovhytter-bla-l430-x-b240-x-h170cm","status":"publish","type":"product","link":"https:\/\/truusk.store\/sv\/produkt\/truusk-campingtalt-familjetalt-tunneltalt-for-4-6-personer-2-sovhytter-bla-l430-x-b240-x-h170cm\/","title":{"rendered":"TRUUSK Campingt\u00e4lt Familjet\u00e4lt &#8211; Tunnelt\u00e4lt f\u00f6r 4-6 personer &#8211; 2 Sovhytter &#8211; Bl\u00e5 &#8211; L430 x B240 x H170cm"},"content":{"rendered":"<p>Vid camping, vandring eller vandring fungerar v\u00e5rt rymliga campingt\u00e4lt som det perfekta boendet. Den inneh\u00e5ller tv\u00e5 sovhytter och ett mellanrum. Utrymmet d\u00e4remellan ger utrymme f\u00f6r ditt bagage och campingredskap, medan innert\u00e4lten med underlag ger tillr\u00e4ckligt med plats f\u00f6r 4-6 personer. Den h\u00f6gkvalitativa basramen \u00e4r gjord av l\u00e4tta men robusta glasfiberstavar. Till omslaget anv\u00e4nds tafttyg av h\u00f6g kvalitet. Det v\u00e4derbest\u00e4ndiga tyget \u00e4r vattent\u00e4tt upp till en vattenpelare p\u00e5 2000 mm. Chic design, h\u00f6gkvalitativt utf\u00f6rande och en genomt\u00e4nkt design g\u00f6r ditt t\u00e4lt till den perfekta allroundaren f\u00f6r dina utomhusaktiviteter.<\/p>\n<h3>Beskrivning:<\/h3>\n<ul>\n<li>Rymligt campingt\u00e4lt f\u00f6r 4-6 personer<\/li>\n<li>Utrymme f\u00f6r bagage och campingtillbeh\u00f6r<\/li>\n<li>2 separata sovhytter med underlag och stor entr\u00e9<\/li>\n<li>Tafttyg med 2000 mm vattenpelare f\u00f6r optimal v\u00e4derbest\u00e4ndighet<\/li>\n<li>L\u00e4tta glasfiberstolpar s\u00e4kerst\u00e4ller h\u00f6g stabilitet<\/li>\n<li>22 pinnar och 8 f\u00e4stlinor f\u00f6r h\u00f6g stabilitet<\/li>\n<li>Enkel och snabb montering<\/li>\n<\/ul>\n<h3>Teknisk data:<\/h3>\n<ul>\n<li>Material: taft, glasfiber<\/li>\n<li>F\u00e4rg: Bl\u00e5+Vit<\/li>\n<li>\u00d6vergripande m\u00e5tt: L430 x B240 x H170cm<\/li>\n<li>M\u00e5tt p\u00e5 sovhytten: L220 x B150 x H130cm<\/li>\n<li>M\u00e5tt fr\u00e5n entr\u00e9: B115 x H153cm<\/li>\n<li>Vattenpelare: 2000mm<\/li>\n<li>Nettovikt: ca 6,3kg<\/li>\n<\/ul>\n<h3>Leveransens omfattning:<\/h3>\n<ul>\n<li>1 x Campingt\u00e4lt<\/li>\n<li>22 x sill<\/li>\n<li>8 x F\u00e4strep<\/li>\n<\/ul>\n","protected":false},"excerpt":{"rendered":"<p>Vid camping, vandring eller vandring fungerar v\u00e5rt rymliga campingt\u00e4lt som det perfekta boendet. Den inneh\u00e5ller tv\u00e5 sovhytter och ett mellanrum&#8230;.<\/p>\n","protected":false},"featured_media":7967,"template":"","meta":[],"product_brand":[],"product_cat":[648,647,650],"product_tag":[],"class_list":{"0":"post-7966","1":"product","2":"type-product","3":"status-publish","4":"has-post-thumbnail","6":"product_cat-camping-tillbehor","7":"product_cat-sport-fritid","8":"product_cat-talt","10":"first","11":"instock","12":"sale","13":"taxable","14":"shipping-taxable","15":"purchasable","16":"product-type-simple"},"yoast_head":"<!-- This site is optimized with the Yoast SEO plugin v25.4 - https:\/\/yoast.com\/wordpress\/plugins\/seo\/ -->\n<title>TRUUSK Campingt\u00e4lt Familjet\u00e4lt - Tunnelt\u00e4lt f\u00f6r 4-6 personer - 2 Sovhytter - Bl\u00e5 - L430 x B240 x H170cm - TRUUSK - Hem, Tr\u00e4dg\u00e5rd &amp; Fritid<\/title>\n<meta name=\"robots\" content=\"index, follow, max-snippet:-1, max-image-preview:large, max-video-preview:-1\" \/>\n<link rel=\"canonical\" href=\"https:\/\/truusk.store\/sv\/produkt\/truusk-campingtalt-familjetalt-tunneltalt-for-4-6-personer-2-sovhytter-bla-l430-x-b240-x-h170cm\/\" \/>\n<meta property=\"og:locale\" content=\"sv_SE\" \/>\n<meta property=\"og:type\" content=\"article\" \/>\n<meta property=\"og:title\" content=\"TRUUSK Campingt\u00e4lt Familjet\u00e4lt - Tunnelt\u00e4lt f\u00f6r 4-6 personer - 2 Sovhytter - Bl\u00e5 - L430 x B240 x H170cm - TRUUSK - Hem, Tr\u00e4dg\u00e5rd &amp; Fritid\" \/>\n<meta property=\"og:description\" content=\"Vid camping, vandring eller vandring fungerar v\u00e5rt rymliga campingt\u00e4lt som det perfekta boendet. Den inneh\u00e5ller tv\u00e5 sovhytter och ett mellanrum....\" \/>\n<meta property=\"og:url\" content=\"https:\/\/truusk.store\/sv\/produkt\/truusk-campingtalt-familjetalt-tunneltalt-for-4-6-personer-2-sovhytter-bla-l430-x-b240-x-h170cm\/\" \/>\n<meta property=\"og:site_name\" content=\"TRUUSK - Hem, Tr\u00e4dg\u00e5rd &amp; Fritid\" \/>\n<meta property=\"article:modified_time\" content=\"2026-03-12T07:55:42+00:00\" \/>\n<meta property=\"og:image\" content=\"https:\/\/i0.wp.com\/truusk.se\/wp-content\/uploads\/2024\/02\/campingtalt-familjetalt-tunneltalt-med-2-sovhytter-4-6-personer-bla-l430-x-b240-x-h170cm.webp?fit=800%2C800&ssl=1\" \/>\n\t<meta property=\"og:image:width\" content=\"800\" \/>\n\t<meta property=\"og:image:height\" content=\"800\" \/>\n\t<meta property=\"og:image:type\" content=\"image\/webp\" \/>\n<meta name=\"twitter:card\" content=\"summary_large_image\" \/>\n<meta name=\"twitter:label1\" content=\"Ber\u00e4knad l\u00e4stid\" \/>\n\t<meta name=\"twitter:data1\" content=\"1 minut\" \/>\n<!-- \/ Yoast SEO plugin. -->","yoast_head_json":{"title":"TRUUSK Campingt\u00e4lt Familjet\u00e4lt - Tunnelt\u00e4lt f\u00f6r 4-6 personer - 2 Sovhytter - Bl\u00e5 - L430 x B240 x H170cm - TRUUSK - Hem, Tr\u00e4dg\u00e5rd &amp; Fritid","robots":{"index":"index","follow":"follow","max-snippet":"max-snippet:-1","max-image-preview":"max-image-preview:large","max-video-preview":"max-video-preview:-1"},"canonical":"https:\/\/truusk.store\/sv\/produkt\/truusk-campingtalt-familjetalt-tunneltalt-for-4-6-personer-2-sovhytter-bla-l430-x-b240-x-h170cm\/","og_locale":"sv_SE","og_type":"article","og_title":"TRUUSK Campingt\u00e4lt Familjet\u00e4lt - Tunnelt\u00e4lt f\u00f6r 4-6 personer - 2 Sovhytter - Bl\u00e5 - L430 x B240 x H170cm - TRUUSK - Hem, Tr\u00e4dg\u00e5rd &amp; Fritid","og_description":"Vid camping, vandring eller vandring fungerar v\u00e5rt rymliga campingt\u00e4lt som det perfekta boendet. Den inneh\u00e5ller tv\u00e5 sovhytter och ett mellanrum....","og_url":"https:\/\/truusk.store\/sv\/produkt\/truusk-campingtalt-familjetalt-tunneltalt-for-4-6-personer-2-sovhytter-bla-l430-x-b240-x-h170cm\/","og_site_name":"TRUUSK - Hem, Tr\u00e4dg\u00e5rd &amp; Fritid","article_modified_time":"2026-03-12T07:55:42+00:00","og_image":[{"width":800,"height":800,"url":"https:\/\/i0.wp.com\/truusk.se\/wp-content\/uploads\/2024\/02\/campingtalt-familjetalt-tunneltalt-med-2-sovhytter-4-6-personer-bla-l430-x-b240-x-h170cm.webp?fit=800%2C800&ssl=1","type":"image\/webp"}],"twitter_card":"summary_large_image","twitter_misc":{"Ber\u00e4knad l\u00e4stid":"1 minut"},"schema":{"@context":"https:\/\/schema.org","@graph":[{"@type":"WebPage","@id":"https:\/\/truusk.store\/sv\/produkt\/truusk-campingtalt-familjetalt-tunneltalt-for-4-6-personer-2-sovhytter-bla-l430-x-b240-x-h170cm\/","url":"https:\/\/truusk.store\/sv\/produkt\/truusk-campingtalt-familjetalt-tunneltalt-for-4-6-personer-2-sovhytter-bla-l430-x-b240-x-h170cm\/","name":"TRUUSK Campingt\u00e4lt Familjet\u00e4lt - Tunnelt\u00e4lt f\u00f6r 4-6 personer - 2 Sovhytter - Bl\u00e5 - L430 x B240 x H170cm - TRUUSK - Hem, Tr\u00e4dg\u00e5rd &amp; Fritid","isPartOf":{"@id":"https:\/\/truusk.store\/sv\/#website"},"primaryImageOfPage":{"@id":"https:\/\/truusk.store\/sv\/produkt\/truusk-campingtalt-familjetalt-tunneltalt-for-4-6-personer-2-sovhytter-bla-l430-x-b240-x-h170cm\/#primaryimage"},"image":{"@id":"https:\/\/truusk.store\/sv\/produkt\/truusk-campingtalt-familjetalt-tunneltalt-for-4-6-personer-2-sovhytter-bla-l430-x-b240-x-h170cm\/#primaryimage"},"thumbnailUrl":"https:\/\/i0.wp.com\/truusk.store\/wp-content\/uploads\/2024\/02\/campingtalt-familjetalt-tunneltalt-med-2-sovhytter-4-6-personer-bla-l430-x-b240-x-h170cm.webp?fit=800%2C800&ssl=1","datePublished":"2024-02-13T08:05:48+00:00","dateModified":"2026-03-12T07:55:42+00:00","breadcrumb":{"@id":"https:\/\/truusk.store\/sv\/produkt\/truusk-campingtalt-familjetalt-tunneltalt-for-4-6-personer-2-sovhytter-bla-l430-x-b240-x-h170cm\/#breadcrumb"},"inLanguage":"sv-SE","potentialAction":[{"@type":"ReadAction","target":["https:\/\/truusk.store\/sv\/produkt\/truusk-campingtalt-familjetalt-tunneltalt-for-4-6-personer-2-sovhytter-bla-l430-x-b240-x-h170cm\/"]}]},{"@type":"ImageObject","inLanguage":"sv-SE","@id":"https:\/\/truusk.store\/sv\/produkt\/truusk-campingtalt-familjetalt-tunneltalt-for-4-6-personer-2-sovhytter-bla-l430-x-b240-x-h170cm\/#primaryimage","url":"https:\/\/i0.wp.com\/truusk.store\/wp-content\/uploads\/2024\/02\/campingtalt-familjetalt-tunneltalt-med-2-sovhytter-4-6-personer-bla-l430-x-b240-x-h170cm.webp?fit=800%2C800&ssl=1","contentUrl":"https:\/\/i0.wp.com\/truusk.store\/wp-content\/uploads\/2024\/02\/campingtalt-familjetalt-tunneltalt-med-2-sovhytter-4-6-personer-bla-l430-x-b240-x-h170cm.webp?fit=800%2C800&ssl=1","width":800,"height":800,"caption":"Campingt\u00e4lt Familjet\u00e4lt Tunnelt\u00e4lt Med 2 Sovhytter 4-6 Personer Bl\u00e5 L430 X B240 X H170cm 1"},{"@type":"BreadcrumbList","@id":"https:\/\/truusk.store\/sv\/produkt\/truusk-campingtalt-familjetalt-tunneltalt-for-4-6-personer-2-sovhytter-bla-l430-x-b240-x-h170cm\/#breadcrumb","itemListElement":[{"@type":"ListItem","position":1,"name":"Home","item":"https:\/\/truusk.store\/sv\/"},{"@type":"ListItem","position":2,"name":"Shop","item":"https:\/\/truusk.store\/shop\/"},{"@type":"ListItem","position":3,"name":"TRUUSK Campingt\u00e4lt Familjet\u00e4lt &#8211; Tunnelt\u00e4lt f\u00f6r 4-6 personer &#8211; 2 Sovhytter &#8211; Bl\u00e5 &#8211; L430 x B240 x H170cm"}]},{"@type":"WebSite","@id":"https:\/\/truusk.store\/sv\/#website","url":"https:\/\/truusk.store\/sv\/","name":"TRUUSK - Hem, Tr\u00e4dg\u00e5rd & Fritid","description":"","publisher":{"@id":"https:\/\/truusk.store\/sv\/#organization"},"potentialAction":[{"@type":"SearchAction","target":{"@type":"EntryPoint","urlTemplate":"https:\/\/truusk.store\/sv\/?s={search_term_string}"},"query-input":{"@type":"PropertyValueSpecification","valueRequired":true,"valueName":"search_term_string"}}],"inLanguage":"sv-SE"},{"@type":"Organization","@id":"https:\/\/truusk.store\/sv\/#organization","name":"TRUUSK - Hem, Tr\u00e4dg\u00e5rd & Fritid","url":"https:\/\/truusk.store\/sv\/","logo":{"@type":"ImageObject","inLanguage":"sv-SE","@id":"https:\/\/truusk.store\/sv\/#\/schema\/logo\/image\/","url":"https:\/\/i0.wp.com\/truusk.store\/wp-content\/uploads\/2026\/03\/cropped-TRUUSK.png?fit=2032%2C917&ssl=1","contentUrl":"https:\/\/i0.wp.com\/truusk.store\/wp-content\/uploads\/2026\/03\/cropped-TRUUSK.png?fit=2032%2C917&ssl=1","width":2032,"height":917,"caption":"TRUUSK - Hem, Tr\u00e4dg\u00e5rd & Fritid"},"image":{"@id":"https:\/\/truusk.store\/sv\/#\/schema\/logo\/image\/"}}]}},"jetpack_sharing_enabled":true,"_links":{"self":[{"href":"https:\/\/truusk.store\/sv\/wp-json\/wp\/v2\/product\/7966","targetHints":{"allow":["GET"]}}],"collection":[{"href":"https:\/\/truusk.store\/sv\/wp-json\/wp\/v2\/product"}],"about":[{"href":"https:\/\/truusk.store\/sv\/wp-json\/wp\/v2\/types\/product"}],"wp:featuredmedia":[{"embeddable":true,"href":"https:\/\/truusk.store\/sv\/wp-json\/wp\/v2\/media\/7967"}],"wp:attachment":[{"href":"https:\/\/truusk.store\/sv\/wp-json\/wp\/v2\/media?parent=7966"}],"wp:term":[{"taxonomy":"product_brand","embeddable":true,"href":"https:\/\/truusk.store\/sv\/wp-json\/wp\/v2\/product_brand?post=7966"},{"taxonomy":"product_cat","embeddable":true,"href":"https:\/\/truusk.store\/sv\/wp-json\/wp\/v2\/product_cat?post=7966"},{"taxonomy":"product_tag","embeddable":true,"href":"https:\/\/truusk.store\/sv\/wp-json\/wp\/v2\/product_tag?post=7966"}],"curies":[{"name":"wp","href":"https:\/\/api.w.org\/{rel}","templated":true}]}}