{"id":79668,"date":"2025-06-10T07:01:56","date_gmt":"2025-06-10T06:01:56","guid":{"rendered":"https:\/\/truusk.store\/product\/matgrupp-matbord-med-4-stolar-utrymmesbesparande-matsalsgrupp-sittgrupp-koksbordssats-for-matsal-kok-svart\/"},"modified":"2026-03-12T09:43:15","modified_gmt":"2026-03-12T08:43:15","slug":"truusk-matgrupp-matbord-och-4-stolar-utrymmesbesparande-svart-for-matsal-och-kok","status":"publish","type":"product","link":"https:\/\/truusk.store\/sv\/produkt\/truusk-matgrupp-matbord-och-4-stolar-utrymmesbesparande-svart-for-matsal-och-kok\/","title":{"rendered":"TRUUSK Matgrupp &#8211; Matbord och 4 stolar &#8211; Utrymmesbesparande &#8211; Svart &#8211; F\u00f6r matsal och k\u00f6k"},"content":{"rendered":"<p>Optimala m\u00f6ten h\u00e5lls i attraktiva, bekv\u00e4ma inst\u00e4llningar, med bord och stolar i centrum. Bordet med h\u00e4rdat glasplatta och metallben \u00e4r b\u00e5de stilfullt och praktiskt &#8211; perfekt f\u00f6r 2 personer. Tv\u00e5 matchande stoppade stolar med h\u00f6ga ryggar ger komfort. Tack vare kompakta m\u00e5tt passar matbordssatsen \u00e4ven i sm\u00e5 h\u00f6rn, som i ett k\u00f6k. Idealisk f\u00f6r att inr\u00e4tta en mysig frukosth\u00f6rna, ett spelomr\u00e5de eller en hantverksstation.<\/p>\n<p>Beskrivning:<\/p>\n<ul>\n<li> Matgruppen f\u00f6renar modernitet och praktikalitet<\/li>\n<li> Matbordssatsen f\u00f6r 2 best\u00e5r av ett matbord och tv\u00e5 matchande stolar<\/li>\n<li> Ergonomiska stolar med h\u00f6ga ryggar och stoppning i konstl\u00e4der ger solid komfort<\/li>\n<li> Bordsskiva i h\u00e4rdat glas med en stabil st\u00e5lram f\u00f6r l\u00e5ngvarig anv\u00e4ndning och enkel sk\u00f6tsel<\/li>\n<li> Idealisk f\u00f6r anv\u00e4ndning i matsalar, k\u00f6k, barer, pubar och i begr\u00e4nsade utrymmen<\/li>\n<li> Montering kr\u00e4vs<\/li>\n<\/ul>\n<p> Tekniska data:<\/p>\n<ul>\n<li> F\u00e4rg: Svart<\/li>\n<li> Material: St\u00e5l, h\u00e4rdat glas, konstl\u00e4der<\/li>\n<li> Bordets dimensioner: 75L x 75B x 75H cm<\/li>\n<li> Stolens dimensioner: 40B x 50,5T x 97H cm<\/li>\n<li> Sitsstorlek: 40B x 40T x 46H cm<\/li>\n<li> Belastningskapacitet: 120 kg (stol), 50 kg (bord)<\/li>\n<\/ul>\n<p>Leveransinneh\u00e5ll:<\/p>\n<ul>\n<li>1 x Matbord i h\u00e4rdat glas<\/li>\n<li>2 x Stolar<\/li>\n<li>1 x Handbok<\/li>\n<\/ul>\n","protected":false},"excerpt":{"rendered":"<p>Optimala m\u00f6ten h\u00e5lls i attraktiva, bekv\u00e4ma inst\u00e4llningar, med bord och stolar i centrum. Bordet med h\u00e4rdat glasplatta och metallben \u00e4r&#8230;<\/p>\n","protected":false},"featured_media":79658,"template":"","meta":[],"product_brand":[],"product_cat":[871,889,512],"product_tag":[],"class_list":{"0":"post-79668","1":"product","2":"type-product","3":"status-publish","4":"has-post-thumbnail","6":"product_cat-hus-hem","7":"product_cat-kok-matsal","8":"product_cat-matgrupper","10":"first","11":"instock","12":"sale","13":"taxable","14":"shipping-taxable","15":"purchasable","16":"product-type-simple"},"yoast_head":"<!-- This site is optimized with the Yoast SEO plugin v25.4 - https:\/\/yoast.com\/wordpress\/plugins\/seo\/ -->\n<title>TRUUSK Matgrupp - Matbord och 4 stolar - Utrymmesbesparande - Svart - F\u00f6r matsal och k\u00f6k - TRUUSK - Hem, Tr\u00e4dg\u00e5rd &amp; Fritid<\/title>\n<meta name=\"robots\" content=\"index, follow, max-snippet:-1, max-image-preview:large, max-video-preview:-1\" \/>\n<link rel=\"canonical\" href=\"https:\/\/truusk.store\/sv\/produkt\/truusk-matgrupp-matbord-och-4-stolar-utrymmesbesparande-svart-for-matsal-och-kok\/\" \/>\n<meta property=\"og:locale\" content=\"sv_SE\" \/>\n<meta property=\"og:type\" content=\"article\" \/>\n<meta property=\"og:title\" content=\"TRUUSK Matgrupp - Matbord och 4 stolar - Utrymmesbesparande - Svart - F\u00f6r matsal och k\u00f6k - TRUUSK - Hem, Tr\u00e4dg\u00e5rd &amp; Fritid\" \/>\n<meta property=\"og:description\" content=\"Optimala m\u00f6ten h\u00e5lls i attraktiva, bekv\u00e4ma inst\u00e4llningar, med bord och stolar i centrum. Bordet med h\u00e4rdat glasplatta och metallben \u00e4r...\" \/>\n<meta property=\"og:url\" content=\"https:\/\/truusk.store\/sv\/produkt\/truusk-matgrupp-matbord-och-4-stolar-utrymmesbesparande-svart-for-matsal-och-kok\/\" \/>\n<meta property=\"og:site_name\" content=\"TRUUSK - Hem, Tr\u00e4dg\u00e5rd &amp; Fritid\" \/>\n<meta property=\"article:modified_time\" content=\"2026-03-12T08:43:15+00:00\" \/>\n<meta property=\"og:image\" content=\"https:\/\/i0.wp.com\/truusk.se\/wp-content\/uploads\/2025\/06\/matgrupp-matbord-med-4-stolar-utrymmesbesparande-matsalsgrupp-sittgrupp-koksbordssats-for-matsal-kok-svart-1.webp?fit=2000%2C2000&ssl=1\" \/>\n\t<meta property=\"og:image:width\" content=\"2000\" \/>\n\t<meta property=\"og:image:height\" content=\"2000\" \/>\n\t<meta property=\"og:image:type\" content=\"image\/webp\" \/>\n<meta name=\"twitter:card\" content=\"summary_large_image\" \/>\n<meta name=\"twitter:label1\" content=\"Ber\u00e4knad l\u00e4stid\" \/>\n\t<meta name=\"twitter:data1\" content=\"1 minut\" \/>\n<!-- \/ Yoast SEO plugin. -->","yoast_head_json":{"title":"TRUUSK Matgrupp - Matbord och 4 stolar - Utrymmesbesparande - Svart - F\u00f6r matsal och k\u00f6k - TRUUSK - Hem, Tr\u00e4dg\u00e5rd &amp; Fritid","robots":{"index":"index","follow":"follow","max-snippet":"max-snippet:-1","max-image-preview":"max-image-preview:large","max-video-preview":"max-video-preview:-1"},"canonical":"https:\/\/truusk.store\/sv\/produkt\/truusk-matgrupp-matbord-och-4-stolar-utrymmesbesparande-svart-for-matsal-och-kok\/","og_locale":"sv_SE","og_type":"article","og_title":"TRUUSK Matgrupp - Matbord och 4 stolar - Utrymmesbesparande - Svart - F\u00f6r matsal och k\u00f6k - TRUUSK - Hem, Tr\u00e4dg\u00e5rd &amp; Fritid","og_description":"Optimala m\u00f6ten h\u00e5lls i attraktiva, bekv\u00e4ma inst\u00e4llningar, med bord och stolar i centrum. Bordet med h\u00e4rdat glasplatta och metallben \u00e4r...","og_url":"https:\/\/truusk.store\/sv\/produkt\/truusk-matgrupp-matbord-och-4-stolar-utrymmesbesparande-svart-for-matsal-och-kok\/","og_site_name":"TRUUSK - Hem, Tr\u00e4dg\u00e5rd &amp; Fritid","article_modified_time":"2026-03-12T08:43:15+00:00","og_image":[{"width":2000,"height":2000,"url":"https:\/\/i0.wp.com\/truusk.se\/wp-content\/uploads\/2025\/06\/matgrupp-matbord-med-4-stolar-utrymmesbesparande-matsalsgrupp-sittgrupp-koksbordssats-for-matsal-kok-svart-1.webp?fit=2000%2C2000&ssl=1","type":"image\/webp"}],"twitter_card":"summary_large_image","twitter_misc":{"Ber\u00e4knad l\u00e4stid":"1 minut"},"schema":{"@context":"https:\/\/schema.org","@graph":[{"@type":"WebPage","@id":"https:\/\/truusk.store\/sv\/produkt\/truusk-matgrupp-matbord-och-4-stolar-utrymmesbesparande-svart-for-matsal-och-kok\/","url":"https:\/\/truusk.store\/sv\/produkt\/truusk-matgrupp-matbord-och-4-stolar-utrymmesbesparande-svart-for-matsal-och-kok\/","name":"TRUUSK Matgrupp - Matbord och 4 stolar - Utrymmesbesparande - Svart - F\u00f6r matsal och k\u00f6k - TRUUSK - Hem, Tr\u00e4dg\u00e5rd &amp; Fritid","isPartOf":{"@id":"https:\/\/truusk.store\/sv\/#website"},"primaryImageOfPage":{"@id":"https:\/\/truusk.store\/sv\/produkt\/truusk-matgrupp-matbord-och-4-stolar-utrymmesbesparande-svart-for-matsal-och-kok\/#primaryimage"},"image":{"@id":"https:\/\/truusk.store\/sv\/produkt\/truusk-matgrupp-matbord-och-4-stolar-utrymmesbesparande-svart-for-matsal-och-kok\/#primaryimage"},"thumbnailUrl":"https:\/\/i0.wp.com\/truusk.store\/wp-content\/uploads\/2025\/06\/matgrupp-matbord-med-4-stolar-utrymmesbesparande-matsalsgrupp-sittgrupp-koksbordssats-for-matsal-kok-svart-1.webp?fit=2000%2C2000&ssl=1","datePublished":"2025-06-10T06:01:56+00:00","dateModified":"2026-03-12T08:43:15+00:00","breadcrumb":{"@id":"https:\/\/truusk.store\/sv\/produkt\/truusk-matgrupp-matbord-och-4-stolar-utrymmesbesparande-svart-for-matsal-och-kok\/#breadcrumb"},"inLanguage":"sv-SE","potentialAction":[{"@type":"ReadAction","target":["https:\/\/truusk.store\/sv\/produkt\/truusk-matgrupp-matbord-och-4-stolar-utrymmesbesparande-svart-for-matsal-och-kok\/"]}]},{"@type":"ImageObject","inLanguage":"sv-SE","@id":"https:\/\/truusk.store\/sv\/produkt\/truusk-matgrupp-matbord-och-4-stolar-utrymmesbesparande-svart-for-matsal-och-kok\/#primaryimage","url":"https:\/\/i0.wp.com\/truusk.store\/wp-content\/uploads\/2025\/06\/matgrupp-matbord-med-4-stolar-utrymmesbesparande-matsalsgrupp-sittgrupp-koksbordssats-for-matsal-kok-svart-1.webp?fit=2000%2C2000&ssl=1","contentUrl":"https:\/\/i0.wp.com\/truusk.store\/wp-content\/uploads\/2025\/06\/matgrupp-matbord-med-4-stolar-utrymmesbesparande-matsalsgrupp-sittgrupp-koksbordssats-for-matsal-kok-svart-1.webp?fit=2000%2C2000&ssl=1","width":2000,"height":2000},{"@type":"BreadcrumbList","@id":"https:\/\/truusk.store\/sv\/produkt\/truusk-matgrupp-matbord-och-4-stolar-utrymmesbesparande-svart-for-matsal-och-kok\/#breadcrumb","itemListElement":[{"@type":"ListItem","position":1,"name":"Home","item":"https:\/\/truusk.store\/sv\/"},{"@type":"ListItem","position":2,"name":"Shop","item":"https:\/\/truusk.store\/shop\/"},{"@type":"ListItem","position":3,"name":"TRUUSK Matgrupp &#8211; Matbord och 4 stolar &#8211; Utrymmesbesparande &#8211; Svart &#8211; F\u00f6r matsal och k\u00f6k"}]},{"@type":"WebSite","@id":"https:\/\/truusk.store\/sv\/#website","url":"https:\/\/truusk.store\/sv\/","name":"TRUUSK - Hem, Tr\u00e4dg\u00e5rd & Fritid","description":"","publisher":{"@id":"https:\/\/truusk.store\/sv\/#organization"},"potentialAction":[{"@type":"SearchAction","target":{"@type":"EntryPoint","urlTemplate":"https:\/\/truusk.store\/sv\/?s={search_term_string}"},"query-input":{"@type":"PropertyValueSpecification","valueRequired":true,"valueName":"search_term_string"}}],"inLanguage":"sv-SE"},{"@type":"Organization","@id":"https:\/\/truusk.store\/sv\/#organization","name":"TRUUSK - Hem, Tr\u00e4dg\u00e5rd & Fritid","url":"https:\/\/truusk.store\/sv\/","logo":{"@type":"ImageObject","inLanguage":"sv-SE","@id":"https:\/\/truusk.store\/sv\/#\/schema\/logo\/image\/","url":"https:\/\/i0.wp.com\/truusk.store\/wp-content\/uploads\/2026\/03\/cropped-TRUUSK.png?fit=2032%2C917&ssl=1","contentUrl":"https:\/\/i0.wp.com\/truusk.store\/wp-content\/uploads\/2026\/03\/cropped-TRUUSK.png?fit=2032%2C917&ssl=1","width":2032,"height":917,"caption":"TRUUSK - Hem, Tr\u00e4dg\u00e5rd & Fritid"},"image":{"@id":"https:\/\/truusk.store\/sv\/#\/schema\/logo\/image\/"}}]}},"jetpack_sharing_enabled":true,"_links":{"self":[{"href":"https:\/\/truusk.store\/sv\/wp-json\/wp\/v2\/product\/79668","targetHints":{"allow":["GET"]}}],"collection":[{"href":"https:\/\/truusk.store\/sv\/wp-json\/wp\/v2\/product"}],"about":[{"href":"https:\/\/truusk.store\/sv\/wp-json\/wp\/v2\/types\/product"}],"wp:featuredmedia":[{"embeddable":true,"href":"https:\/\/truusk.store\/sv\/wp-json\/wp\/v2\/media\/79658"}],"wp:attachment":[{"href":"https:\/\/truusk.store\/sv\/wp-json\/wp\/v2\/media?parent=79668"}],"wp:term":[{"taxonomy":"product_brand","embeddable":true,"href":"https:\/\/truusk.store\/sv\/wp-json\/wp\/v2\/product_brand?post=79668"},{"taxonomy":"product_cat","embeddable":true,"href":"https:\/\/truusk.store\/sv\/wp-json\/wp\/v2\/product_cat?post=79668"},{"taxonomy":"product_tag","embeddable":true,"href":"https:\/\/truusk.store\/sv\/wp-json\/wp\/v2\/product_tag?post=79668"}],"curies":[{"name":"wp","href":"https:\/\/api.w.org\/{rel}","templated":true}]}}