{"id":79687,"date":"2025-06-10T07:03:48","date_gmt":"2025-06-10T06:03:48","guid":{"rendered":"https:\/\/truusk.store\/product\/universal-takracke-med-vindskydd-last-ralsracke-i-stal-bil-bagagehallare-upp-till-907-kg-belastning-takracke-tak-bagagekorg-for-suv-lastbilar-1105-x-995-x-185-cm-svart\/"},"modified":"2026-03-12T08:45:15","modified_gmt":"2026-03-12T07:45:15","slug":"truusk-universal-takracke-med-vindskydd-last-ralsracke-i-stal-bil-bagagehallare-upp-till-907-kg-tak-bagagekorg-for","status":"publish","type":"product","link":"https:\/\/truusk.store\/sv\/produkt\/truusk-universal-takracke-med-vindskydd-last-ralsracke-i-stal-bil-bagagehallare-upp-till-907-kg-tak-bagagekorg-for\/","title":{"rendered":"TRUUSK Universal Takr\u00e4cke Med Vindskydd &#8211; Last R\u00e4lsr\u00e4cke I St\u00e5l &#8211; Bil Bagageh\u00e5llare Upp Till 90,7 Kg &#8211; Tak Bagagekorg F\u00f6r"},"content":{"rendered":"<p>P\u00e5b\u00f6rja varje resa med sj\u00e4lvf\u00f6rtroende med TRUUSK takkorgen i st\u00e5l. Den rymliga designen erbjuder gott om utrymme f\u00f6r alla resebehov, medan en b\u00e4rkapacitet p\u00e5 90,7 kg g\u00f6r det m\u00f6jligt att enkelt transportera tung utrustning. Utrustad med en vindavvisare f\u00f6r att minska vindmotst\u00e5nd och buller, samt skyddande sidor\u00e4cken f\u00f6r att s\u00e4kra din last, \u00e4r takkorgen l\u00e4mplig f\u00f6r SUV:er, pickups och offroad-\u00e4ventyrare. Vart v\u00e4gen \u00e4n tar dig, \u00e4r TRUUSK d\u00e4r f\u00f6r dig.<\/p>\n<p>Beskrivning:<\/p>\n<ul>\n<li> Takbagageh\u00e5llarens robusta st\u00e5lram \u00e4r korrosions- och v\u00e4derbest\u00e4ndig<\/li>\n<li> Takb\u00e4raren erbjuder gott om utrymme och en h\u00f6g b\u00e4rkapacitet p\u00e5 90,7 kg, f\u00f6r omfattande bagagef\u00f6rvaring<\/li>\n<li> Vindavvisaren minimerar vindmotst\u00e5nd och buller, sidor\u00e4cken f\u00f6rhindrar oavsiktligt fall<\/li>\n<li> Takb\u00e4rarens nedre st\u00e5lr\u00f6r erbjuder f\u00e4stpunkter f\u00f6r att s\u00e4kra bagaget<\/li>\n<li> L\u00e4mplig f\u00f6r olika fordonstyper med tv\u00e4rst\u00e4nger, inklusive pickups, limousiner, SUV:er och terr\u00e4ngfordon<\/li>\n<li> Enkel montering med tydliga instruktioner och all n\u00f6dv\u00e4ndig tillbeh\u00f6r ing\u00e5r<\/li>\n<\/ul>\n<p> Tekniska data:<\/p>\n<ul>\n<li> F\u00e4rg: Svart<\/li>\n<li> Material: St\u00e5l<\/li>\n<li> Totala dimensioner: 110,5L x 99,5B x 18,5H cm<\/li>\n<li> B\u00e4rkapacitet: 90,7 kg<\/li>\n<\/ul>\n<p>Leveransinneh\u00e5ll:<\/p>\n<ul>\n<li> 1 x Takbagageh\u00e5llare f\u00f6r bilar<\/li>\n<li> 1 x Bruksanvisning<\/li>\n<\/ul>\n","protected":false},"excerpt":{"rendered":"<p>P\u00e5b\u00f6rja varje resa med sj\u00e4lvf\u00f6rtroende med TRUUSK takkorgen i st\u00e5l. Den rymliga designen erbjuder gott om utrymme f\u00f6r alla resebehov,&#8230;<\/p>\n","protected":false},"featured_media":79678,"template":"","meta":[],"product_brand":[],"product_cat":[1030,867],"product_tag":[],"class_list":{"0":"post-79687","1":"product","2":"type-product","3":"status-publish","4":"has-post-thumbnail","6":"product_cat-bilaccessoarer","7":"product_cat-byggmarknad","9":"first","10":"instock","11":"sale","12":"taxable","13":"shipping-taxable","14":"purchasable","15":"product-type-simple"},"yoast_head":"<!-- This site is optimized with the Yoast SEO plugin v25.4 - https:\/\/yoast.com\/wordpress\/plugins\/seo\/ -->\n<title>TRUUSK Universal Takr\u00e4cke Med Vindskydd - Last R\u00e4lsr\u00e4cke I St\u00e5l - Bil Bagageh\u00e5llare Upp Till 90,7 Kg - Tak Bagagekorg F\u00f6r - TRUUSK - Hem, Tr\u00e4dg\u00e5rd &amp; Fritid<\/title>\n<meta name=\"robots\" content=\"index, follow, max-snippet:-1, max-image-preview:large, max-video-preview:-1\" \/>\n<link rel=\"canonical\" href=\"https:\/\/truusk.store\/sv\/produkt\/truusk-universal-takracke-med-vindskydd-last-ralsracke-i-stal-bil-bagagehallare-upp-till-907-kg-tak-bagagekorg-for\/\" \/>\n<meta property=\"og:locale\" content=\"sv_SE\" \/>\n<meta property=\"og:type\" content=\"article\" \/>\n<meta property=\"og:title\" content=\"TRUUSK Universal Takr\u00e4cke Med Vindskydd - Last R\u00e4lsr\u00e4cke I St\u00e5l - Bil Bagageh\u00e5llare Upp Till 90,7 Kg - Tak Bagagekorg F\u00f6r - TRUUSK - Hem, Tr\u00e4dg\u00e5rd &amp; Fritid\" \/>\n<meta property=\"og:description\" content=\"P\u00e5b\u00f6rja varje resa med sj\u00e4lvf\u00f6rtroende med TRUUSK takkorgen i st\u00e5l. Den rymliga designen erbjuder gott om utrymme f\u00f6r alla resebehov,...\" \/>\n<meta property=\"og:url\" content=\"https:\/\/truusk.store\/sv\/produkt\/truusk-universal-takracke-med-vindskydd-last-ralsracke-i-stal-bil-bagagehallare-upp-till-907-kg-tak-bagagekorg-for\/\" \/>\n<meta property=\"og:site_name\" content=\"TRUUSK - Hem, Tr\u00e4dg\u00e5rd &amp; Fritid\" \/>\n<meta property=\"article:modified_time\" content=\"2026-03-12T07:45:15+00:00\" \/>\n<meta property=\"og:image\" content=\"https:\/\/i0.wp.com\/truusk.se\/wp-content\/uploads\/2025\/06\/universal-takracke-med-vindskydd-last-ralsracke-i-stal-bil-bagagehallare-upp-till-907-kg-belastning-takracke-tak-bagagekorg-for-suv-lastbilar-1105-x-995-x-185-cm-svart-1.webp?fit=2000%2C2000&ssl=1\" \/>\n\t<meta property=\"og:image:width\" content=\"2000\" \/>\n\t<meta property=\"og:image:height\" content=\"2000\" \/>\n\t<meta property=\"og:image:type\" content=\"image\/webp\" \/>\n<meta name=\"twitter:card\" content=\"summary_large_image\" \/>\n<meta name=\"twitter:label1\" content=\"Ber\u00e4knad l\u00e4stid\" \/>\n\t<meta name=\"twitter:data1\" content=\"1 minut\" \/>\n<!-- \/ Yoast SEO plugin. -->","yoast_head_json":{"title":"TRUUSK Universal Takr\u00e4cke Med Vindskydd - Last R\u00e4lsr\u00e4cke I St\u00e5l - Bil Bagageh\u00e5llare Upp Till 90,7 Kg - Tak Bagagekorg F\u00f6r - TRUUSK - Hem, Tr\u00e4dg\u00e5rd &amp; Fritid","robots":{"index":"index","follow":"follow","max-snippet":"max-snippet:-1","max-image-preview":"max-image-preview:large","max-video-preview":"max-video-preview:-1"},"canonical":"https:\/\/truusk.store\/sv\/produkt\/truusk-universal-takracke-med-vindskydd-last-ralsracke-i-stal-bil-bagagehallare-upp-till-907-kg-tak-bagagekorg-for\/","og_locale":"sv_SE","og_type":"article","og_title":"TRUUSK Universal Takr\u00e4cke Med Vindskydd - Last R\u00e4lsr\u00e4cke I St\u00e5l - Bil Bagageh\u00e5llare Upp Till 90,7 Kg - Tak Bagagekorg F\u00f6r - TRUUSK - Hem, Tr\u00e4dg\u00e5rd &amp; Fritid","og_description":"P\u00e5b\u00f6rja varje resa med sj\u00e4lvf\u00f6rtroende med TRUUSK takkorgen i st\u00e5l. Den rymliga designen erbjuder gott om utrymme f\u00f6r alla resebehov,...","og_url":"https:\/\/truusk.store\/sv\/produkt\/truusk-universal-takracke-med-vindskydd-last-ralsracke-i-stal-bil-bagagehallare-upp-till-907-kg-tak-bagagekorg-for\/","og_site_name":"TRUUSK - Hem, Tr\u00e4dg\u00e5rd &amp; Fritid","article_modified_time":"2026-03-12T07:45:15+00:00","og_image":[{"width":2000,"height":2000,"url":"https:\/\/i0.wp.com\/truusk.se\/wp-content\/uploads\/2025\/06\/universal-takracke-med-vindskydd-last-ralsracke-i-stal-bil-bagagehallare-upp-till-907-kg-belastning-takracke-tak-bagagekorg-for-suv-lastbilar-1105-x-995-x-185-cm-svart-1.webp?fit=2000%2C2000&ssl=1","type":"image\/webp"}],"twitter_card":"summary_large_image","twitter_misc":{"Ber\u00e4knad l\u00e4stid":"1 minut"},"schema":{"@context":"https:\/\/schema.org","@graph":[{"@type":"WebPage","@id":"https:\/\/truusk.store\/sv\/produkt\/truusk-universal-takracke-med-vindskydd-last-ralsracke-i-stal-bil-bagagehallare-upp-till-907-kg-tak-bagagekorg-for\/","url":"https:\/\/truusk.store\/sv\/produkt\/truusk-universal-takracke-med-vindskydd-last-ralsracke-i-stal-bil-bagagehallare-upp-till-907-kg-tak-bagagekorg-for\/","name":"TRUUSK Universal Takr\u00e4cke Med Vindskydd - Last R\u00e4lsr\u00e4cke I St\u00e5l - Bil Bagageh\u00e5llare Upp Till 90,7 Kg - Tak Bagagekorg F\u00f6r - TRUUSK - Hem, Tr\u00e4dg\u00e5rd &amp; Fritid","isPartOf":{"@id":"https:\/\/truusk.store\/sv\/#website"},"primaryImageOfPage":{"@id":"https:\/\/truusk.store\/sv\/produkt\/truusk-universal-takracke-med-vindskydd-last-ralsracke-i-stal-bil-bagagehallare-upp-till-907-kg-tak-bagagekorg-for\/#primaryimage"},"image":{"@id":"https:\/\/truusk.store\/sv\/produkt\/truusk-universal-takracke-med-vindskydd-last-ralsracke-i-stal-bil-bagagehallare-upp-till-907-kg-tak-bagagekorg-for\/#primaryimage"},"thumbnailUrl":"https:\/\/i0.wp.com\/truusk.store\/wp-content\/uploads\/2025\/06\/universal-takracke-med-vindskydd-last-ralsracke-i-stal-bil-bagagehallare-upp-till-907-kg-belastning-takracke-tak-bagagekorg-for-suv-lastbilar-1105-x-995-x-185-cm-svart-1.webp?fit=2000%2C2000&ssl=1","datePublished":"2025-06-10T06:03:48+00:00","dateModified":"2026-03-12T07:45:15+00:00","breadcrumb":{"@id":"https:\/\/truusk.store\/sv\/produkt\/truusk-universal-takracke-med-vindskydd-last-ralsracke-i-stal-bil-bagagehallare-upp-till-907-kg-tak-bagagekorg-for\/#breadcrumb"},"inLanguage":"sv-SE","potentialAction":[{"@type":"ReadAction","target":["https:\/\/truusk.store\/sv\/produkt\/truusk-universal-takracke-med-vindskydd-last-ralsracke-i-stal-bil-bagagehallare-upp-till-907-kg-tak-bagagekorg-for\/"]}]},{"@type":"ImageObject","inLanguage":"sv-SE","@id":"https:\/\/truusk.store\/sv\/produkt\/truusk-universal-takracke-med-vindskydd-last-ralsracke-i-stal-bil-bagagehallare-upp-till-907-kg-tak-bagagekorg-for\/#primaryimage","url":"https:\/\/i0.wp.com\/truusk.store\/wp-content\/uploads\/2025\/06\/universal-takracke-med-vindskydd-last-ralsracke-i-stal-bil-bagagehallare-upp-till-907-kg-belastning-takracke-tak-bagagekorg-for-suv-lastbilar-1105-x-995-x-185-cm-svart-1.webp?fit=2000%2C2000&ssl=1","contentUrl":"https:\/\/i0.wp.com\/truusk.store\/wp-content\/uploads\/2025\/06\/universal-takracke-med-vindskydd-last-ralsracke-i-stal-bil-bagagehallare-upp-till-907-kg-belastning-takracke-tak-bagagekorg-for-suv-lastbilar-1105-x-995-x-185-cm-svart-1.webp?fit=2000%2C2000&ssl=1","width":2000,"height":2000},{"@type":"BreadcrumbList","@id":"https:\/\/truusk.store\/sv\/produkt\/truusk-universal-takracke-med-vindskydd-last-ralsracke-i-stal-bil-bagagehallare-upp-till-907-kg-tak-bagagekorg-for\/#breadcrumb","itemListElement":[{"@type":"ListItem","position":1,"name":"Home","item":"https:\/\/truusk.store\/sv\/"},{"@type":"ListItem","position":2,"name":"Shop","item":"https:\/\/truusk.store\/shop\/"},{"@type":"ListItem","position":3,"name":"TRUUSK Universal Takr\u00e4cke Med Vindskydd &#8211; Last R\u00e4lsr\u00e4cke I St\u00e5l &#8211; Bil Bagageh\u00e5llare Upp Till 90,7 Kg &#8211; Tak Bagagekorg F\u00f6r"}]},{"@type":"WebSite","@id":"https:\/\/truusk.store\/sv\/#website","url":"https:\/\/truusk.store\/sv\/","name":"TRUUSK - Hem, Tr\u00e4dg\u00e5rd & Fritid","description":"","publisher":{"@id":"https:\/\/truusk.store\/sv\/#organization"},"potentialAction":[{"@type":"SearchAction","target":{"@type":"EntryPoint","urlTemplate":"https:\/\/truusk.store\/sv\/?s={search_term_string}"},"query-input":{"@type":"PropertyValueSpecification","valueRequired":true,"valueName":"search_term_string"}}],"inLanguage":"sv-SE"},{"@type":"Organization","@id":"https:\/\/truusk.store\/sv\/#organization","name":"TRUUSK - Hem, Tr\u00e4dg\u00e5rd & Fritid","url":"https:\/\/truusk.store\/sv\/","logo":{"@type":"ImageObject","inLanguage":"sv-SE","@id":"https:\/\/truusk.store\/sv\/#\/schema\/logo\/image\/","url":"https:\/\/i0.wp.com\/truusk.store\/wp-content\/uploads\/2026\/03\/cropped-TRUUSK.png?fit=2032%2C917&ssl=1","contentUrl":"https:\/\/i0.wp.com\/truusk.store\/wp-content\/uploads\/2026\/03\/cropped-TRUUSK.png?fit=2032%2C917&ssl=1","width":2032,"height":917,"caption":"TRUUSK - Hem, Tr\u00e4dg\u00e5rd & Fritid"},"image":{"@id":"https:\/\/truusk.store\/sv\/#\/schema\/logo\/image\/"}}]}},"jetpack_sharing_enabled":true,"_links":{"self":[{"href":"https:\/\/truusk.store\/sv\/wp-json\/wp\/v2\/product\/79687","targetHints":{"allow":["GET"]}}],"collection":[{"href":"https:\/\/truusk.store\/sv\/wp-json\/wp\/v2\/product"}],"about":[{"href":"https:\/\/truusk.store\/sv\/wp-json\/wp\/v2\/types\/product"}],"wp:featuredmedia":[{"embeddable":true,"href":"https:\/\/truusk.store\/sv\/wp-json\/wp\/v2\/media\/79678"}],"wp:attachment":[{"href":"https:\/\/truusk.store\/sv\/wp-json\/wp\/v2\/media?parent=79687"}],"wp:term":[{"taxonomy":"product_brand","embeddable":true,"href":"https:\/\/truusk.store\/sv\/wp-json\/wp\/v2\/product_brand?post=79687"},{"taxonomy":"product_cat","embeddable":true,"href":"https:\/\/truusk.store\/sv\/wp-json\/wp\/v2\/product_cat?post=79687"},{"taxonomy":"product_tag","embeddable":true,"href":"https:\/\/truusk.store\/sv\/wp-json\/wp\/v2\/product_tag?post=79687"}],"curies":[{"name":"wp","href":"https:\/\/api.w.org\/{rel}","templated":true}]}}