{"id":79737,"date":"2025-06-10T07:08:54","date_gmt":"2025-06-10T06:08:54","guid":{"rendered":"https:\/\/truusk.store\/product\/barnhylla-bokhylla-med-sittkudde-barnsittbank-med-6-fack-sittkista-med-3-kuddar-leksakslada-fran-3-ar-gra-103-x-30-x-62-cm\/"},"modified":"2026-03-12T08:45:16","modified_gmt":"2026-03-12T07:45:16","slug":"truusk-barnhylla-med-sittkudde-bokhylla-med-6-fack-sittkista-med-3-kuddar-leksakslada-fran-3-ar-gra-103-x-30-x-62-cm","status":"publish","type":"product","link":"https:\/\/truusk.store\/sv\/produkt\/truusk-barnhylla-med-sittkudde-bokhylla-med-6-fack-sittkista-med-3-kuddar-leksakslada-fran-3-ar-gra-103-x-30-x-62-cm\/","title":{"rendered":"TRUUSK Barnhylla Med Sittkudde &#8211; Bokhylla Med 6 Fack &#8211; Sittkista Med 3 Kuddar &#8211; Leksaksl\u00e5da &#8211; Fr\u00e5n 3 \u00c5r &#8211; Gr\u00e5 &#8211; 103 X 30 X 62 cm"},"content":{"rendered":"<p>Det \u00e4r aldrig f\u00f6r tidigt att l\u00e4ra dina sm\u00e5 att st\u00e4da upp sitt rum &#8211; med denna \u00f6versk\u00e5dliga TRUUSK 2-i-1 barnhylla. Detta ordningssystem passar f\u00f6r olika f\u00f6rem\u00e5l, fr\u00e5n gosedjur till b\u00f6cker till videospel, f\u00f6r n\u00e4stan alla rum. Du kommer att bli f\u00f6rv\u00e5nad \u00f6ver hur denna hj\u00e4lpsamma f\u00f6rvaringsenhet g\u00f6r ditt rum mer ordnat och \u00f6versk\u00e5dligt. Denna bokhylla kan kombineras med andra f\u00f6rem\u00e5l var som helst i ditt hem.<\/p>\n<p>Beskrivning:<\/p>\n<ul>\n<li> Passar f\u00f6r barnrum, vardagsrum, lekrum<\/li>\n<li> Erbjuder f\u00f6rvaringsutrymme f\u00f6r att h\u00e5lla oordning under kontroll<\/li>\n<li> Utrustad med en kudde att sitta p\u00e5<\/li>\n<li> Robust och h\u00e5llbart MDF-material med slitstarkt melaminfaner<\/li>\n<li> Ergonomisk storlek anpassad till ditt barns kroppsh\u00f6jd<\/li>\n<li> Montering kr\u00e4vs<\/li>\n<\/ul>\n<p> Tekniska data:<\/p>\n<ul>\n<li> F\u00e4rg: Gr\u00e5<\/li>\n<li> Material: MDF, Melamin, Skum, Polyester<\/li>\n<li> Totala m\u00e5tt: 103L x 30B x 62H cm<\/li>\n<li> Fackstorlekar: 17,4\/24L x 28B x 29,2H cm (\u00f6vre), 24,2L x 28B x 29,2H cm (nedre)<\/li>\n<li> Kuddstorlekar: 31L x 29B x 3T cm, 42,5L x 28,5B x 3T cm<\/li>\n<li> Viktkapacitet: 50 kg<\/li>\n<li> L\u00e4mplig f\u00f6r barn: 3-12 \u00e5r gammal<\/li>\n<\/ul>\n<p>Leveransinneh\u00e5ll:<\/p>\n<ul>\n<li> 1 x Barnhylla<\/li>\n<li> 1 x Handbok<\/li>\n<\/ul>\n","protected":false},"excerpt":{"rendered":"<p>Det \u00e4r aldrig f\u00f6r tidigt att l\u00e4ra dina sm\u00e5 att st\u00e4da upp sitt rum &#8211; med denna \u00f6versk\u00e5dliga TRUUSK 2-i-1&#8230;<\/p>\n","protected":false},"featured_media":79727,"template":"","meta":[],"product_brand":[],"product_cat":[880,636,631],"product_tag":[],"class_list":{"0":"post-79737","1":"product","2":"type-product","3":"status-publish","4":"has-post-thumbnail","6":"product_cat-baby-barn-2","7":"product_cat-barnhyllor-barnskap","8":"product_cat-barnmobler","10":"first","11":"instock","12":"sale","13":"taxable","14":"shipping-taxable","15":"purchasable","16":"product-type-simple"},"yoast_head":"<!-- This site is optimized with the Yoast SEO plugin v25.4 - https:\/\/yoast.com\/wordpress\/plugins\/seo\/ -->\n<title>TRUUSK Barnhylla Med Sittkudde - Bokhylla Med 6 Fack - Sittkista Med 3 Kuddar - Leksaksl\u00e5da - Fr\u00e5n 3 \u00c5r - Gr\u00e5 - 103 X 30 X 62 cm - TRUUSK - Hem, Tr\u00e4dg\u00e5rd &amp; Fritid<\/title>\n<meta name=\"robots\" content=\"index, follow, max-snippet:-1, max-image-preview:large, max-video-preview:-1\" \/>\n<link rel=\"canonical\" href=\"https:\/\/truusk.store\/sv\/produkt\/truusk-barnhylla-med-sittkudde-bokhylla-med-6-fack-sittkista-med-3-kuddar-leksakslada-fran-3-ar-gra-103-x-30-x-62-cm\/\" \/>\n<meta property=\"og:locale\" content=\"sv_SE\" \/>\n<meta property=\"og:type\" content=\"article\" \/>\n<meta property=\"og:title\" content=\"TRUUSK Barnhylla Med Sittkudde - Bokhylla Med 6 Fack - Sittkista Med 3 Kuddar - Leksaksl\u00e5da - Fr\u00e5n 3 \u00c5r - Gr\u00e5 - 103 X 30 X 62 cm - TRUUSK - Hem, Tr\u00e4dg\u00e5rd &amp; Fritid\" \/>\n<meta property=\"og:description\" content=\"Det \u00e4r aldrig f\u00f6r tidigt att l\u00e4ra dina sm\u00e5 att st\u00e4da upp sitt rum &#8211; med denna \u00f6versk\u00e5dliga TRUUSK 2-i-1...\" \/>\n<meta property=\"og:url\" content=\"https:\/\/truusk.store\/sv\/produkt\/truusk-barnhylla-med-sittkudde-bokhylla-med-6-fack-sittkista-med-3-kuddar-leksakslada-fran-3-ar-gra-103-x-30-x-62-cm\/\" \/>\n<meta property=\"og:site_name\" content=\"TRUUSK - Hem, Tr\u00e4dg\u00e5rd &amp; Fritid\" \/>\n<meta property=\"article:modified_time\" content=\"2026-03-12T07:45:16+00:00\" \/>\n<meta property=\"og:image\" content=\"https:\/\/i0.wp.com\/truusk.se\/wp-content\/uploads\/2025\/06\/barnhylla-bokhylla-med-sittkudde-barnsittbank-med-6-fack-sittkista-med-3-kuddar-leksakslada-fran-3-ar-gra-103-x-30-x-62-cm-1.webp?fit=2000%2C2000&ssl=1\" \/>\n\t<meta property=\"og:image:width\" content=\"2000\" \/>\n\t<meta property=\"og:image:height\" content=\"2000\" \/>\n\t<meta property=\"og:image:type\" content=\"image\/webp\" \/>\n<meta name=\"twitter:card\" content=\"summary_large_image\" \/>\n<meta name=\"twitter:label1\" content=\"Ber\u00e4knad l\u00e4stid\" \/>\n\t<meta name=\"twitter:data1\" content=\"1 minut\" \/>\n<!-- \/ Yoast SEO plugin. -->","yoast_head_json":{"title":"TRUUSK Barnhylla Med Sittkudde - Bokhylla Med 6 Fack - Sittkista Med 3 Kuddar - Leksaksl\u00e5da - Fr\u00e5n 3 \u00c5r - Gr\u00e5 - 103 X 30 X 62 cm - TRUUSK - Hem, Tr\u00e4dg\u00e5rd &amp; Fritid","robots":{"index":"index","follow":"follow","max-snippet":"max-snippet:-1","max-image-preview":"max-image-preview:large","max-video-preview":"max-video-preview:-1"},"canonical":"https:\/\/truusk.store\/sv\/produkt\/truusk-barnhylla-med-sittkudde-bokhylla-med-6-fack-sittkista-med-3-kuddar-leksakslada-fran-3-ar-gra-103-x-30-x-62-cm\/","og_locale":"sv_SE","og_type":"article","og_title":"TRUUSK Barnhylla Med Sittkudde - Bokhylla Med 6 Fack - Sittkista Med 3 Kuddar - Leksaksl\u00e5da - Fr\u00e5n 3 \u00c5r - Gr\u00e5 - 103 X 30 X 62 cm - TRUUSK - Hem, Tr\u00e4dg\u00e5rd &amp; Fritid","og_description":"Det \u00e4r aldrig f\u00f6r tidigt att l\u00e4ra dina sm\u00e5 att st\u00e4da upp sitt rum &#8211; med denna \u00f6versk\u00e5dliga TRUUSK 2-i-1...","og_url":"https:\/\/truusk.store\/sv\/produkt\/truusk-barnhylla-med-sittkudde-bokhylla-med-6-fack-sittkista-med-3-kuddar-leksakslada-fran-3-ar-gra-103-x-30-x-62-cm\/","og_site_name":"TRUUSK - Hem, Tr\u00e4dg\u00e5rd &amp; Fritid","article_modified_time":"2026-03-12T07:45:16+00:00","og_image":[{"width":2000,"height":2000,"url":"https:\/\/i0.wp.com\/truusk.se\/wp-content\/uploads\/2025\/06\/barnhylla-bokhylla-med-sittkudde-barnsittbank-med-6-fack-sittkista-med-3-kuddar-leksakslada-fran-3-ar-gra-103-x-30-x-62-cm-1.webp?fit=2000%2C2000&ssl=1","type":"image\/webp"}],"twitter_card":"summary_large_image","twitter_misc":{"Ber\u00e4knad l\u00e4stid":"1 minut"},"schema":{"@context":"https:\/\/schema.org","@graph":[{"@type":"WebPage","@id":"https:\/\/truusk.store\/sv\/produkt\/truusk-barnhylla-med-sittkudde-bokhylla-med-6-fack-sittkista-med-3-kuddar-leksakslada-fran-3-ar-gra-103-x-30-x-62-cm\/","url":"https:\/\/truusk.store\/sv\/produkt\/truusk-barnhylla-med-sittkudde-bokhylla-med-6-fack-sittkista-med-3-kuddar-leksakslada-fran-3-ar-gra-103-x-30-x-62-cm\/","name":"TRUUSK Barnhylla Med Sittkudde - Bokhylla Med 6 Fack - Sittkista Med 3 Kuddar - Leksaksl\u00e5da - Fr\u00e5n 3 \u00c5r - Gr\u00e5 - 103 X 30 X 62 cm - TRUUSK - Hem, Tr\u00e4dg\u00e5rd &amp; Fritid","isPartOf":{"@id":"https:\/\/truusk.store\/sv\/#website"},"primaryImageOfPage":{"@id":"https:\/\/truusk.store\/sv\/produkt\/truusk-barnhylla-med-sittkudde-bokhylla-med-6-fack-sittkista-med-3-kuddar-leksakslada-fran-3-ar-gra-103-x-30-x-62-cm\/#primaryimage"},"image":{"@id":"https:\/\/truusk.store\/sv\/produkt\/truusk-barnhylla-med-sittkudde-bokhylla-med-6-fack-sittkista-med-3-kuddar-leksakslada-fran-3-ar-gra-103-x-30-x-62-cm\/#primaryimage"},"thumbnailUrl":"https:\/\/i0.wp.com\/truusk.store\/wp-content\/uploads\/2025\/06\/barnhylla-bokhylla-med-sittkudde-barnsittbank-med-6-fack-sittkista-med-3-kuddar-leksakslada-fran-3-ar-gra-103-x-30-x-62-cm-1.webp?fit=2000%2C2000&ssl=1","datePublished":"2025-06-10T06:08:54+00:00","dateModified":"2026-03-12T07:45:16+00:00","breadcrumb":{"@id":"https:\/\/truusk.store\/sv\/produkt\/truusk-barnhylla-med-sittkudde-bokhylla-med-6-fack-sittkista-med-3-kuddar-leksakslada-fran-3-ar-gra-103-x-30-x-62-cm\/#breadcrumb"},"inLanguage":"sv-SE","potentialAction":[{"@type":"ReadAction","target":["https:\/\/truusk.store\/sv\/produkt\/truusk-barnhylla-med-sittkudde-bokhylla-med-6-fack-sittkista-med-3-kuddar-leksakslada-fran-3-ar-gra-103-x-30-x-62-cm\/"]}]},{"@type":"ImageObject","inLanguage":"sv-SE","@id":"https:\/\/truusk.store\/sv\/produkt\/truusk-barnhylla-med-sittkudde-bokhylla-med-6-fack-sittkista-med-3-kuddar-leksakslada-fran-3-ar-gra-103-x-30-x-62-cm\/#primaryimage","url":"https:\/\/i0.wp.com\/truusk.store\/wp-content\/uploads\/2025\/06\/barnhylla-bokhylla-med-sittkudde-barnsittbank-med-6-fack-sittkista-med-3-kuddar-leksakslada-fran-3-ar-gra-103-x-30-x-62-cm-1.webp?fit=2000%2C2000&ssl=1","contentUrl":"https:\/\/i0.wp.com\/truusk.store\/wp-content\/uploads\/2025\/06\/barnhylla-bokhylla-med-sittkudde-barnsittbank-med-6-fack-sittkista-med-3-kuddar-leksakslada-fran-3-ar-gra-103-x-30-x-62-cm-1.webp?fit=2000%2C2000&ssl=1","width":2000,"height":2000},{"@type":"BreadcrumbList","@id":"https:\/\/truusk.store\/sv\/produkt\/truusk-barnhylla-med-sittkudde-bokhylla-med-6-fack-sittkista-med-3-kuddar-leksakslada-fran-3-ar-gra-103-x-30-x-62-cm\/#breadcrumb","itemListElement":[{"@type":"ListItem","position":1,"name":"Home","item":"https:\/\/truusk.store\/sv\/"},{"@type":"ListItem","position":2,"name":"Shop","item":"https:\/\/truusk.store\/shop\/"},{"@type":"ListItem","position":3,"name":"TRUUSK Barnhylla Med Sittkudde &#8211; Bokhylla Med 6 Fack &#8211; Sittkista Med 3 Kuddar &#8211; Leksaksl\u00e5da &#8211; Fr\u00e5n 3 \u00c5r &#8211; Gr\u00e5 &#8211; 103 X 30 X 62 cm"}]},{"@type":"WebSite","@id":"https:\/\/truusk.store\/sv\/#website","url":"https:\/\/truusk.store\/sv\/","name":"TRUUSK - Hem, Tr\u00e4dg\u00e5rd & Fritid","description":"","publisher":{"@id":"https:\/\/truusk.store\/sv\/#organization"},"potentialAction":[{"@type":"SearchAction","target":{"@type":"EntryPoint","urlTemplate":"https:\/\/truusk.store\/sv\/?s={search_term_string}"},"query-input":{"@type":"PropertyValueSpecification","valueRequired":true,"valueName":"search_term_string"}}],"inLanguage":"sv-SE"},{"@type":"Organization","@id":"https:\/\/truusk.store\/sv\/#organization","name":"TRUUSK - Hem, Tr\u00e4dg\u00e5rd & Fritid","url":"https:\/\/truusk.store\/sv\/","logo":{"@type":"ImageObject","inLanguage":"sv-SE","@id":"https:\/\/truusk.store\/sv\/#\/schema\/logo\/image\/","url":"https:\/\/i0.wp.com\/truusk.store\/wp-content\/uploads\/2026\/03\/cropped-TRUUSK.png?fit=2032%2C917&ssl=1","contentUrl":"https:\/\/i0.wp.com\/truusk.store\/wp-content\/uploads\/2026\/03\/cropped-TRUUSK.png?fit=2032%2C917&ssl=1","width":2032,"height":917,"caption":"TRUUSK - Hem, Tr\u00e4dg\u00e5rd & Fritid"},"image":{"@id":"https:\/\/truusk.store\/sv\/#\/schema\/logo\/image\/"}}]}},"jetpack_sharing_enabled":true,"_links":{"self":[{"href":"https:\/\/truusk.store\/sv\/wp-json\/wp\/v2\/product\/79737","targetHints":{"allow":["GET"]}}],"collection":[{"href":"https:\/\/truusk.store\/sv\/wp-json\/wp\/v2\/product"}],"about":[{"href":"https:\/\/truusk.store\/sv\/wp-json\/wp\/v2\/types\/product"}],"wp:featuredmedia":[{"embeddable":true,"href":"https:\/\/truusk.store\/sv\/wp-json\/wp\/v2\/media\/79727"}],"wp:attachment":[{"href":"https:\/\/truusk.store\/sv\/wp-json\/wp\/v2\/media?parent=79737"}],"wp:term":[{"taxonomy":"product_brand","embeddable":true,"href":"https:\/\/truusk.store\/sv\/wp-json\/wp\/v2\/product_brand?post=79737"},{"taxonomy":"product_cat","embeddable":true,"href":"https:\/\/truusk.store\/sv\/wp-json\/wp\/v2\/product_cat?post=79737"},{"taxonomy":"product_tag","embeddable":true,"href":"https:\/\/truusk.store\/sv\/wp-json\/wp\/v2\/product_tag?post=79737"}],"curies":[{"name":"wp","href":"https:\/\/api.w.org\/{rel}","templated":true}]}}