{"id":79747,"date":"2025-06-10T07:09:54","date_gmt":"2025-06-10T06:09:54","guid":{"rendered":"https:\/\/truusk.store\/product\/zonekiz-barnhylla-barnbokhylla-med-3-forvaringslador-leksakshylla-barnrums-hylla-for-barnrum-vitgra-618-x-299-x-915-cm\/"},"modified":"2026-03-12T08:45:13","modified_gmt":"2026-03-12T07:45:13","slug":"truusk-leksakshylla-for-barnrum-med-3-forvaringslador-vitgra-618-x-299-x-915-cm","status":"publish","type":"product","link":"https:\/\/truusk.store\/sv\/produkt\/truusk-leksakshylla-for-barnrum-med-3-forvaringslador-vitgra-618-x-299-x-915-cm\/","title":{"rendered":"TRUUSK Leksakshylla f\u00f6r Barnrum &#8211; Med 3 F\u00f6rvaringsl\u00e5dor &#8211; Vit+gr\u00e5 &#8211; 61,8 x 29,9 x 91,5 cm"},"content":{"rendered":"<p>Den ideala l\u00f6sningen f\u00f6r det kaotiska barnrummet &#8211; ZONEKIZ barnsk\u00e5p. Sex gener\u00f6sa fack erbjuder tillr\u00e4ckligt med utrymme f\u00f6r att sortera och presentera leksaker och sm\u00e5saker p\u00e5 ett tilltalande s\u00e4tt, vilket st\u00e4dar upp rummet. Tack vare sin robusta design st\u00e5r den s\u00e4kert och \u00e4r utrustad med en tippskydd. Montering \u00e4r enkel och snabb. Med glada, tecknade djurmotiv p\u00e5 framsidan skapar den en livlig och rolig milj\u00f6 f\u00f6r ditt barn.<\/p>\n<p>Beskrivning:<\/p>\n<ul>\n<li> Sex rymliga f\u00f6rvaringskuber f\u00f6r organiserat f\u00f6rvaringsutrymme<\/li>\n<li> Tre l\u00e5dor av barnhyllan gjorda av non-woven tyg f\u00f6r dolda f\u00f6rem\u00e5l<\/li>\n<li> Tillverkad av MDF f\u00f6r styrka och h\u00e5llbarhet<\/li>\n<li> Med s\u00f6ta, tecknade djur p\u00e5 framsidan, en rolig och livlig till\u00e4gg till deras rum<\/li>\n<li> Dess tippskydd f\u00f6rhindrar att den v\u00e4lter och h\u00e5ller barnen s\u00e4kra<\/li>\n<li> L\u00e4mplig f\u00f6r barn fr\u00e5n 3 \u00e5r<\/li>\n<li> Enkel montering kr\u00e4vs.<\/li>\n<\/ul>\n<p> Tekniska data:<\/p>\n<ul>\n<li> F\u00e4rg: Gr\u00e5+Vit<\/li>\n<li> Material: MDF, Melamin, Non-woven tyg<\/li>\n<li> Totala dimensioner: 61,8B x 29,9D x 91,5H cm, (Varje fack) 31L x 31B x 29,5H cm, (Non-woven tyg) 28L x 28B x 28H cm<\/li>\n<li> Maximal vikt: (Topp) 5 kg, (Fack) 5 kg<\/li>\n<\/ul>\n<p>Leverans inneh\u00e5ller:<\/p>\n<ul>\n<li> 1 x Barnf\u00f6rvaringssk\u00e5p<\/li>\n<li> 1 x Bruksanvisning<\/li>\n<\/ul>\n","protected":false},"excerpt":{"rendered":"<p>Den ideala l\u00f6sningen f\u00f6r det kaotiska barnrummet &#8211; ZONEKIZ barnsk\u00e5p. Sex gener\u00f6sa fack erbjuder tillr\u00e4ckligt med utrymme f\u00f6r att sortera&#8230;<\/p>\n","protected":false},"featured_media":79738,"template":"","meta":[],"product_brand":[],"product_cat":[880,636,631],"product_tag":[],"class_list":{"0":"post-79747","1":"product","2":"type-product","3":"status-publish","4":"has-post-thumbnail","6":"product_cat-baby-barn-2","7":"product_cat-barnhyllor-barnskap","8":"product_cat-barnmobler","10":"first","11":"instock","12":"sale","13":"taxable","14":"shipping-taxable","15":"purchasable","16":"product-type-simple"},"yoast_head":"<!-- This site is optimized with the Yoast SEO plugin v25.4 - https:\/\/yoast.com\/wordpress\/plugins\/seo\/ -->\n<title>TRUUSK Leksakshylla f\u00f6r Barnrum - Med 3 F\u00f6rvaringsl\u00e5dor - Vit+gr\u00e5 - 61,8 x 29,9 x 91,5 cm - TRUUSK - Hem, Tr\u00e4dg\u00e5rd &amp; Fritid<\/title>\n<meta name=\"robots\" content=\"index, follow, max-snippet:-1, max-image-preview:large, max-video-preview:-1\" \/>\n<link rel=\"canonical\" href=\"https:\/\/truusk.store\/sv\/produkt\/truusk-leksakshylla-for-barnrum-med-3-forvaringslador-vitgra-618-x-299-x-915-cm\/\" \/>\n<meta property=\"og:locale\" content=\"sv_SE\" \/>\n<meta property=\"og:type\" content=\"article\" \/>\n<meta property=\"og:title\" content=\"TRUUSK Leksakshylla f\u00f6r Barnrum - Med 3 F\u00f6rvaringsl\u00e5dor - Vit+gr\u00e5 - 61,8 x 29,9 x 91,5 cm - TRUUSK - Hem, Tr\u00e4dg\u00e5rd &amp; Fritid\" \/>\n<meta property=\"og:description\" content=\"Den ideala l\u00f6sningen f\u00f6r det kaotiska barnrummet &#8211; ZONEKIZ barnsk\u00e5p. Sex gener\u00f6sa fack erbjuder tillr\u00e4ckligt med utrymme f\u00f6r att sortera...\" \/>\n<meta property=\"og:url\" content=\"https:\/\/truusk.store\/sv\/produkt\/truusk-leksakshylla-for-barnrum-med-3-forvaringslador-vitgra-618-x-299-x-915-cm\/\" \/>\n<meta property=\"og:site_name\" content=\"TRUUSK - Hem, Tr\u00e4dg\u00e5rd &amp; Fritid\" \/>\n<meta property=\"article:modified_time\" content=\"2026-03-12T07:45:13+00:00\" \/>\n<meta property=\"og:image\" content=\"https:\/\/i0.wp.com\/truusk.se\/wp-content\/uploads\/2025\/06\/zonekiz-barnhylla-barnbokhylla-med-3-forvaringslador-leksakshylla-barnrums-hylla-for-barnrum-vitgra-618-x-299-x-915-cm-1.webp?fit=2000%2C2000&ssl=1\" \/>\n\t<meta property=\"og:image:width\" content=\"2000\" \/>\n\t<meta property=\"og:image:height\" content=\"2000\" \/>\n\t<meta property=\"og:image:type\" content=\"image\/webp\" \/>\n<meta name=\"twitter:card\" content=\"summary_large_image\" \/>\n<meta name=\"twitter:label1\" content=\"Ber\u00e4knad l\u00e4stid\" \/>\n\t<meta name=\"twitter:data1\" content=\"1 minut\" \/>\n<!-- \/ Yoast SEO plugin. -->","yoast_head_json":{"title":"TRUUSK Leksakshylla f\u00f6r Barnrum - Med 3 F\u00f6rvaringsl\u00e5dor - Vit+gr\u00e5 - 61,8 x 29,9 x 91,5 cm - TRUUSK - Hem, Tr\u00e4dg\u00e5rd &amp; Fritid","robots":{"index":"index","follow":"follow","max-snippet":"max-snippet:-1","max-image-preview":"max-image-preview:large","max-video-preview":"max-video-preview:-1"},"canonical":"https:\/\/truusk.store\/sv\/produkt\/truusk-leksakshylla-for-barnrum-med-3-forvaringslador-vitgra-618-x-299-x-915-cm\/","og_locale":"sv_SE","og_type":"article","og_title":"TRUUSK Leksakshylla f\u00f6r Barnrum - Med 3 F\u00f6rvaringsl\u00e5dor - Vit+gr\u00e5 - 61,8 x 29,9 x 91,5 cm - TRUUSK - Hem, Tr\u00e4dg\u00e5rd &amp; Fritid","og_description":"Den ideala l\u00f6sningen f\u00f6r det kaotiska barnrummet &#8211; ZONEKIZ barnsk\u00e5p. Sex gener\u00f6sa fack erbjuder tillr\u00e4ckligt med utrymme f\u00f6r att sortera...","og_url":"https:\/\/truusk.store\/sv\/produkt\/truusk-leksakshylla-for-barnrum-med-3-forvaringslador-vitgra-618-x-299-x-915-cm\/","og_site_name":"TRUUSK - Hem, Tr\u00e4dg\u00e5rd &amp; Fritid","article_modified_time":"2026-03-12T07:45:13+00:00","og_image":[{"width":2000,"height":2000,"url":"https:\/\/i0.wp.com\/truusk.se\/wp-content\/uploads\/2025\/06\/zonekiz-barnhylla-barnbokhylla-med-3-forvaringslador-leksakshylla-barnrums-hylla-for-barnrum-vitgra-618-x-299-x-915-cm-1.webp?fit=2000%2C2000&ssl=1","type":"image\/webp"}],"twitter_card":"summary_large_image","twitter_misc":{"Ber\u00e4knad l\u00e4stid":"1 minut"},"schema":{"@context":"https:\/\/schema.org","@graph":[{"@type":"WebPage","@id":"https:\/\/truusk.store\/sv\/produkt\/truusk-leksakshylla-for-barnrum-med-3-forvaringslador-vitgra-618-x-299-x-915-cm\/","url":"https:\/\/truusk.store\/sv\/produkt\/truusk-leksakshylla-for-barnrum-med-3-forvaringslador-vitgra-618-x-299-x-915-cm\/","name":"TRUUSK Leksakshylla f\u00f6r Barnrum - Med 3 F\u00f6rvaringsl\u00e5dor - Vit+gr\u00e5 - 61,8 x 29,9 x 91,5 cm - TRUUSK - Hem, Tr\u00e4dg\u00e5rd &amp; Fritid","isPartOf":{"@id":"https:\/\/truusk.store\/sv\/#website"},"primaryImageOfPage":{"@id":"https:\/\/truusk.store\/sv\/produkt\/truusk-leksakshylla-for-barnrum-med-3-forvaringslador-vitgra-618-x-299-x-915-cm\/#primaryimage"},"image":{"@id":"https:\/\/truusk.store\/sv\/produkt\/truusk-leksakshylla-for-barnrum-med-3-forvaringslador-vitgra-618-x-299-x-915-cm\/#primaryimage"},"thumbnailUrl":"https:\/\/i0.wp.com\/truusk.store\/wp-content\/uploads\/2025\/06\/zonekiz-barnhylla-barnbokhylla-med-3-forvaringslador-leksakshylla-barnrums-hylla-for-barnrum-vitgra-618-x-299-x-915-cm-1.webp?fit=2000%2C2000&ssl=1","datePublished":"2025-06-10T06:09:54+00:00","dateModified":"2026-03-12T07:45:13+00:00","breadcrumb":{"@id":"https:\/\/truusk.store\/sv\/produkt\/truusk-leksakshylla-for-barnrum-med-3-forvaringslador-vitgra-618-x-299-x-915-cm\/#breadcrumb"},"inLanguage":"sv-SE","potentialAction":[{"@type":"ReadAction","target":["https:\/\/truusk.store\/sv\/produkt\/truusk-leksakshylla-for-barnrum-med-3-forvaringslador-vitgra-618-x-299-x-915-cm\/"]}]},{"@type":"ImageObject","inLanguage":"sv-SE","@id":"https:\/\/truusk.store\/sv\/produkt\/truusk-leksakshylla-for-barnrum-med-3-forvaringslador-vitgra-618-x-299-x-915-cm\/#primaryimage","url":"https:\/\/i0.wp.com\/truusk.store\/wp-content\/uploads\/2025\/06\/zonekiz-barnhylla-barnbokhylla-med-3-forvaringslador-leksakshylla-barnrums-hylla-for-barnrum-vitgra-618-x-299-x-915-cm-1.webp?fit=2000%2C2000&ssl=1","contentUrl":"https:\/\/i0.wp.com\/truusk.store\/wp-content\/uploads\/2025\/06\/zonekiz-barnhylla-barnbokhylla-med-3-forvaringslador-leksakshylla-barnrums-hylla-for-barnrum-vitgra-618-x-299-x-915-cm-1.webp?fit=2000%2C2000&ssl=1","width":2000,"height":2000},{"@type":"BreadcrumbList","@id":"https:\/\/truusk.store\/sv\/produkt\/truusk-leksakshylla-for-barnrum-med-3-forvaringslador-vitgra-618-x-299-x-915-cm\/#breadcrumb","itemListElement":[{"@type":"ListItem","position":1,"name":"Home","item":"https:\/\/truusk.store\/sv\/"},{"@type":"ListItem","position":2,"name":"Shop","item":"https:\/\/truusk.store\/shop\/"},{"@type":"ListItem","position":3,"name":"TRUUSK Leksakshylla f\u00f6r Barnrum &#8211; Med 3 F\u00f6rvaringsl\u00e5dor &#8211; Vit+gr\u00e5 &#8211; 61,8 x 29,9 x 91,5 cm"}]},{"@type":"WebSite","@id":"https:\/\/truusk.store\/sv\/#website","url":"https:\/\/truusk.store\/sv\/","name":"TRUUSK - Hem, Tr\u00e4dg\u00e5rd & Fritid","description":"","publisher":{"@id":"https:\/\/truusk.store\/sv\/#organization"},"potentialAction":[{"@type":"SearchAction","target":{"@type":"EntryPoint","urlTemplate":"https:\/\/truusk.store\/sv\/?s={search_term_string}"},"query-input":{"@type":"PropertyValueSpecification","valueRequired":true,"valueName":"search_term_string"}}],"inLanguage":"sv-SE"},{"@type":"Organization","@id":"https:\/\/truusk.store\/sv\/#organization","name":"TRUUSK - Hem, Tr\u00e4dg\u00e5rd & Fritid","url":"https:\/\/truusk.store\/sv\/","logo":{"@type":"ImageObject","inLanguage":"sv-SE","@id":"https:\/\/truusk.store\/sv\/#\/schema\/logo\/image\/","url":"https:\/\/i0.wp.com\/truusk.store\/wp-content\/uploads\/2026\/03\/cropped-TRUUSK.png?fit=2032%2C917&ssl=1","contentUrl":"https:\/\/i0.wp.com\/truusk.store\/wp-content\/uploads\/2026\/03\/cropped-TRUUSK.png?fit=2032%2C917&ssl=1","width":2032,"height":917,"caption":"TRUUSK - Hem, Tr\u00e4dg\u00e5rd & Fritid"},"image":{"@id":"https:\/\/truusk.store\/sv\/#\/schema\/logo\/image\/"}}]}},"jetpack_sharing_enabled":true,"_links":{"self":[{"href":"https:\/\/truusk.store\/sv\/wp-json\/wp\/v2\/product\/79747","targetHints":{"allow":["GET"]}}],"collection":[{"href":"https:\/\/truusk.store\/sv\/wp-json\/wp\/v2\/product"}],"about":[{"href":"https:\/\/truusk.store\/sv\/wp-json\/wp\/v2\/types\/product"}],"wp:featuredmedia":[{"embeddable":true,"href":"https:\/\/truusk.store\/sv\/wp-json\/wp\/v2\/media\/79738"}],"wp:attachment":[{"href":"https:\/\/truusk.store\/sv\/wp-json\/wp\/v2\/media?parent=79747"}],"wp:term":[{"taxonomy":"product_brand","embeddable":true,"href":"https:\/\/truusk.store\/sv\/wp-json\/wp\/v2\/product_brand?post=79747"},{"taxonomy":"product_cat","embeddable":true,"href":"https:\/\/truusk.store\/sv\/wp-json\/wp\/v2\/product_cat?post=79747"},{"taxonomy":"product_tag","embeddable":true,"href":"https:\/\/truusk.store\/sv\/wp-json\/wp\/v2\/product_tag?post=79747"}],"curies":[{"name":"wp","href":"https:\/\/api.w.org\/{rel}","templated":true}]}}