{"id":79787,"date":"2025-06-10T07:13:51","date_gmt":"2025-06-10T06:13:51","guid":{"rendered":"https:\/\/truusk.store\/product\/barnbokhylla-med-lada-3-hyllor-och-2-oppna-fack-forvaringshylla-for-barnrum-lekrum-vit-60-x-299-x-90-cm\/"},"modified":"2026-03-12T08:45:16","modified_gmt":"2026-03-12T07:45:16","slug":"truusk-barnbokhylla-med-lada-3-hyllor-och-2-oppna-fack-forvaringshylla-for-barnrum-lekrum-vit-60-x-299-x-90-cm","status":"publish","type":"product","link":"https:\/\/truusk.store\/sv\/produkt\/truusk-barnbokhylla-med-lada-3-hyllor-och-2-oppna-fack-forvaringshylla-for-barnrum-lekrum-vit-60-x-299-x-90-cm\/","title":{"rendered":"TRUUSK Barnbokhylla Med L\u00e5da &#8211; 3 Hyllor Och 2 \u00f6ppna Fack &#8211; F\u00f6rvaringshylla F\u00f6r Barnrum &#8211; Lekrum &#8211; Vit &#8211; 60 X 29,9 X 90 cm"},"content":{"rendered":"<p>Den oemotst\u00e5ndliga charmen hos denna barnbokhylla fr\u00e5n TRUUSK ser bra ut i alla rum. Den enkla designen p\u00e5 barnhyllan passar till m\u00e5nga inredningar. Tv\u00e5 hyllplan, en stor l\u00e5da och en hylla hj\u00e4lper dina barn att h\u00e5lla ordning. Med denna bokhylla blir det l\u00e4tt att st\u00e4da upp.<\/p>\n<p>Beskrivning:<\/p>\n<ul>\n<li> Trestegs bokhylla, tv\u00e5 hyllplan och en stor l\u00e5da f\u00f6r f\u00f6rvaring av barnkl\u00e4der, b\u00f6cker eller vardagliga behov etc.<\/li>\n<li> L\u00e5dan \u00e4r utrustad med hjul<\/li>\n<li>MDF f\u00f6r en stabil struktur med mjuka kurvor vid kanterna<\/li>\n<li> Tipp-s\u00e4kerheten p\u00e5 leksakshyllan ger mer s\u00e4kerhet och stabilitet<\/li>\n<li> Det klassiska f\u00e4rgschemat passar bra med andra barnm\u00f6bler<\/li>\n<li> Montering kr\u00e4vs<\/li>\n<\/ul>\n<p> Tekniska data:<\/p>\n<ul>\n<li> F\u00e4rg: Vit<\/li>\n<li> Material: MDF, Nylon, Metall<\/li>\n<li> Totala m\u00e5tt: 60L x 29,9B x 90H cm<\/li>\n<li> M\u00e5tt p\u00e5 bokhyllan: 57,6L x 8,3B x 22H cm, 57,6L x 8,3B x 19,4H cm<\/li>\n<li> M\u00e5tt p\u00e5 f\u00f6rvaringsfacket: 28,2L x 28,3B x 17,5H cm<\/li>\n<li> M\u00e5tt p\u00e5 l\u00e5dan: 57,2L x 28,3B x 28,4H cm<\/li>\n<li> B\u00e4rkapacitet: 30 kg<\/li>\n<li> Obs: L\u00e4mplig f\u00f6r barn fr\u00e5n 3 till 12 \u00e5r<\/li>\n<\/ul>\n<p>Leveransinneh\u00e5ll:<\/p>\n<ul>\n<li> 1 x Bokhylla<\/li>\n<li> 1 x Instruktioner<\/li>\n<\/ul>\n","protected":false},"excerpt":{"rendered":"<p>Den oemotst\u00e5ndliga charmen hos denna barnbokhylla fr\u00e5n TRUUSK ser bra ut i alla rum. Den enkla designen p\u00e5 barnhyllan passar&#8230;<\/p>\n","protected":false},"featured_media":79776,"template":"","meta":[],"product_brand":[],"product_cat":[880,636,631],"product_tag":[],"class_list":{"0":"post-79787","1":"product","2":"type-product","3":"status-publish","4":"has-post-thumbnail","6":"product_cat-baby-barn-2","7":"product_cat-barnhyllor-barnskap","8":"product_cat-barnmobler","10":"first","11":"instock","12":"sale","13":"taxable","14":"shipping-taxable","15":"purchasable","16":"product-type-simple"},"yoast_head":"<!-- This site is optimized with the Yoast SEO plugin v25.4 - https:\/\/yoast.com\/wordpress\/plugins\/seo\/ -->\n<title>TRUUSK Barnbokhylla Med L\u00e5da - 3 Hyllor Och 2 \u00f6ppna Fack - F\u00f6rvaringshylla F\u00f6r Barnrum - Lekrum - Vit - 60 X 29,9 X 90 cm - TRUUSK - Hem, Tr\u00e4dg\u00e5rd &amp; Fritid<\/title>\n<meta name=\"robots\" content=\"index, follow, max-snippet:-1, max-image-preview:large, max-video-preview:-1\" \/>\n<link rel=\"canonical\" href=\"https:\/\/truusk.store\/sv\/produkt\/truusk-barnbokhylla-med-lada-3-hyllor-och-2-oppna-fack-forvaringshylla-for-barnrum-lekrum-vit-60-x-299-x-90-cm\/\" \/>\n<meta property=\"og:locale\" content=\"sv_SE\" \/>\n<meta property=\"og:type\" content=\"article\" \/>\n<meta property=\"og:title\" content=\"TRUUSK Barnbokhylla Med L\u00e5da - 3 Hyllor Och 2 \u00f6ppna Fack - F\u00f6rvaringshylla F\u00f6r Barnrum - Lekrum - Vit - 60 X 29,9 X 90 cm - TRUUSK - Hem, Tr\u00e4dg\u00e5rd &amp; Fritid\" \/>\n<meta property=\"og:description\" content=\"Den oemotst\u00e5ndliga charmen hos denna barnbokhylla fr\u00e5n TRUUSK ser bra ut i alla rum. Den enkla designen p\u00e5 barnhyllan passar...\" \/>\n<meta property=\"og:url\" content=\"https:\/\/truusk.store\/sv\/produkt\/truusk-barnbokhylla-med-lada-3-hyllor-och-2-oppna-fack-forvaringshylla-for-barnrum-lekrum-vit-60-x-299-x-90-cm\/\" \/>\n<meta property=\"og:site_name\" content=\"TRUUSK - Hem, Tr\u00e4dg\u00e5rd &amp; Fritid\" \/>\n<meta property=\"article:modified_time\" content=\"2026-03-12T07:45:16+00:00\" \/>\n<meta property=\"og:image\" content=\"https:\/\/i0.wp.com\/truusk.se\/wp-content\/uploads\/2025\/06\/barnbokhylla-med-lada-3-hyllor-och-2-oppna-fack-forvaringshylla-for-barnrum-lekrum-vit-60-x-299-x-90-cm-1.webp?fit=2000%2C2000&ssl=1\" \/>\n\t<meta property=\"og:image:width\" content=\"2000\" \/>\n\t<meta property=\"og:image:height\" content=\"2000\" \/>\n\t<meta property=\"og:image:type\" content=\"image\/webp\" \/>\n<meta name=\"twitter:card\" content=\"summary_large_image\" \/>\n<meta name=\"twitter:label1\" content=\"Ber\u00e4knad l\u00e4stid\" \/>\n\t<meta name=\"twitter:data1\" content=\"1 minut\" \/>\n<!-- \/ Yoast SEO plugin. -->","yoast_head_json":{"title":"TRUUSK Barnbokhylla Med L\u00e5da - 3 Hyllor Och 2 \u00f6ppna Fack - F\u00f6rvaringshylla F\u00f6r Barnrum - Lekrum - Vit - 60 X 29,9 X 90 cm - TRUUSK - Hem, Tr\u00e4dg\u00e5rd &amp; Fritid","robots":{"index":"index","follow":"follow","max-snippet":"max-snippet:-1","max-image-preview":"max-image-preview:large","max-video-preview":"max-video-preview:-1"},"canonical":"https:\/\/truusk.store\/sv\/produkt\/truusk-barnbokhylla-med-lada-3-hyllor-och-2-oppna-fack-forvaringshylla-for-barnrum-lekrum-vit-60-x-299-x-90-cm\/","og_locale":"sv_SE","og_type":"article","og_title":"TRUUSK Barnbokhylla Med L\u00e5da - 3 Hyllor Och 2 \u00f6ppna Fack - F\u00f6rvaringshylla F\u00f6r Barnrum - Lekrum - Vit - 60 X 29,9 X 90 cm - TRUUSK - Hem, Tr\u00e4dg\u00e5rd &amp; Fritid","og_description":"Den oemotst\u00e5ndliga charmen hos denna barnbokhylla fr\u00e5n TRUUSK ser bra ut i alla rum. Den enkla designen p\u00e5 barnhyllan passar...","og_url":"https:\/\/truusk.store\/sv\/produkt\/truusk-barnbokhylla-med-lada-3-hyllor-och-2-oppna-fack-forvaringshylla-for-barnrum-lekrum-vit-60-x-299-x-90-cm\/","og_site_name":"TRUUSK - Hem, Tr\u00e4dg\u00e5rd &amp; Fritid","article_modified_time":"2026-03-12T07:45:16+00:00","og_image":[{"width":2000,"height":2000,"url":"https:\/\/i0.wp.com\/truusk.se\/wp-content\/uploads\/2025\/06\/barnbokhylla-med-lada-3-hyllor-och-2-oppna-fack-forvaringshylla-for-barnrum-lekrum-vit-60-x-299-x-90-cm-1.webp?fit=2000%2C2000&ssl=1","type":"image\/webp"}],"twitter_card":"summary_large_image","twitter_misc":{"Ber\u00e4knad l\u00e4stid":"1 minut"},"schema":{"@context":"https:\/\/schema.org","@graph":[{"@type":"WebPage","@id":"https:\/\/truusk.store\/sv\/produkt\/truusk-barnbokhylla-med-lada-3-hyllor-och-2-oppna-fack-forvaringshylla-for-barnrum-lekrum-vit-60-x-299-x-90-cm\/","url":"https:\/\/truusk.store\/sv\/produkt\/truusk-barnbokhylla-med-lada-3-hyllor-och-2-oppna-fack-forvaringshylla-for-barnrum-lekrum-vit-60-x-299-x-90-cm\/","name":"TRUUSK Barnbokhylla Med L\u00e5da - 3 Hyllor Och 2 \u00f6ppna Fack - F\u00f6rvaringshylla F\u00f6r Barnrum - Lekrum - Vit - 60 X 29,9 X 90 cm - TRUUSK - Hem, Tr\u00e4dg\u00e5rd &amp; Fritid","isPartOf":{"@id":"https:\/\/truusk.store\/sv\/#website"},"primaryImageOfPage":{"@id":"https:\/\/truusk.store\/sv\/produkt\/truusk-barnbokhylla-med-lada-3-hyllor-och-2-oppna-fack-forvaringshylla-for-barnrum-lekrum-vit-60-x-299-x-90-cm\/#primaryimage"},"image":{"@id":"https:\/\/truusk.store\/sv\/produkt\/truusk-barnbokhylla-med-lada-3-hyllor-och-2-oppna-fack-forvaringshylla-for-barnrum-lekrum-vit-60-x-299-x-90-cm\/#primaryimage"},"thumbnailUrl":"https:\/\/i0.wp.com\/truusk.store\/wp-content\/uploads\/2025\/06\/barnbokhylla-med-lada-3-hyllor-och-2-oppna-fack-forvaringshylla-for-barnrum-lekrum-vit-60-x-299-x-90-cm-1.webp?fit=2000%2C2000&ssl=1","datePublished":"2025-06-10T06:13:51+00:00","dateModified":"2026-03-12T07:45:16+00:00","breadcrumb":{"@id":"https:\/\/truusk.store\/sv\/produkt\/truusk-barnbokhylla-med-lada-3-hyllor-och-2-oppna-fack-forvaringshylla-for-barnrum-lekrum-vit-60-x-299-x-90-cm\/#breadcrumb"},"inLanguage":"sv-SE","potentialAction":[{"@type":"ReadAction","target":["https:\/\/truusk.store\/sv\/produkt\/truusk-barnbokhylla-med-lada-3-hyllor-och-2-oppna-fack-forvaringshylla-for-barnrum-lekrum-vit-60-x-299-x-90-cm\/"]}]},{"@type":"ImageObject","inLanguage":"sv-SE","@id":"https:\/\/truusk.store\/sv\/produkt\/truusk-barnbokhylla-med-lada-3-hyllor-och-2-oppna-fack-forvaringshylla-for-barnrum-lekrum-vit-60-x-299-x-90-cm\/#primaryimage","url":"https:\/\/i0.wp.com\/truusk.store\/wp-content\/uploads\/2025\/06\/barnbokhylla-med-lada-3-hyllor-och-2-oppna-fack-forvaringshylla-for-barnrum-lekrum-vit-60-x-299-x-90-cm-1.webp?fit=2000%2C2000&ssl=1","contentUrl":"https:\/\/i0.wp.com\/truusk.store\/wp-content\/uploads\/2025\/06\/barnbokhylla-med-lada-3-hyllor-och-2-oppna-fack-forvaringshylla-for-barnrum-lekrum-vit-60-x-299-x-90-cm-1.webp?fit=2000%2C2000&ssl=1","width":2000,"height":2000},{"@type":"BreadcrumbList","@id":"https:\/\/truusk.store\/sv\/produkt\/truusk-barnbokhylla-med-lada-3-hyllor-och-2-oppna-fack-forvaringshylla-for-barnrum-lekrum-vit-60-x-299-x-90-cm\/#breadcrumb","itemListElement":[{"@type":"ListItem","position":1,"name":"Home","item":"https:\/\/truusk.store\/sv\/"},{"@type":"ListItem","position":2,"name":"Shop","item":"https:\/\/truusk.store\/shop\/"},{"@type":"ListItem","position":3,"name":"TRUUSK Barnbokhylla Med L\u00e5da &#8211; 3 Hyllor Och 2 \u00f6ppna Fack &#8211; F\u00f6rvaringshylla F\u00f6r Barnrum &#8211; Lekrum &#8211; Vit &#8211; 60 X 29,9 X 90 cm"}]},{"@type":"WebSite","@id":"https:\/\/truusk.store\/sv\/#website","url":"https:\/\/truusk.store\/sv\/","name":"TRUUSK - Hem, Tr\u00e4dg\u00e5rd & Fritid","description":"","publisher":{"@id":"https:\/\/truusk.store\/sv\/#organization"},"potentialAction":[{"@type":"SearchAction","target":{"@type":"EntryPoint","urlTemplate":"https:\/\/truusk.store\/sv\/?s={search_term_string}"},"query-input":{"@type":"PropertyValueSpecification","valueRequired":true,"valueName":"search_term_string"}}],"inLanguage":"sv-SE"},{"@type":"Organization","@id":"https:\/\/truusk.store\/sv\/#organization","name":"TRUUSK - Hem, Tr\u00e4dg\u00e5rd & Fritid","url":"https:\/\/truusk.store\/sv\/","logo":{"@type":"ImageObject","inLanguage":"sv-SE","@id":"https:\/\/truusk.store\/sv\/#\/schema\/logo\/image\/","url":"https:\/\/i0.wp.com\/truusk.store\/wp-content\/uploads\/2026\/03\/cropped-TRUUSK.png?fit=2032%2C917&ssl=1","contentUrl":"https:\/\/i0.wp.com\/truusk.store\/wp-content\/uploads\/2026\/03\/cropped-TRUUSK.png?fit=2032%2C917&ssl=1","width":2032,"height":917,"caption":"TRUUSK - Hem, Tr\u00e4dg\u00e5rd & Fritid"},"image":{"@id":"https:\/\/truusk.store\/sv\/#\/schema\/logo\/image\/"}}]}},"jetpack_sharing_enabled":true,"_links":{"self":[{"href":"https:\/\/truusk.store\/sv\/wp-json\/wp\/v2\/product\/79787","targetHints":{"allow":["GET"]}}],"collection":[{"href":"https:\/\/truusk.store\/sv\/wp-json\/wp\/v2\/product"}],"about":[{"href":"https:\/\/truusk.store\/sv\/wp-json\/wp\/v2\/types\/product"}],"wp:featuredmedia":[{"embeddable":true,"href":"https:\/\/truusk.store\/sv\/wp-json\/wp\/v2\/media\/79776"}],"wp:attachment":[{"href":"https:\/\/truusk.store\/sv\/wp-json\/wp\/v2\/media?parent=79787"}],"wp:term":[{"taxonomy":"product_brand","embeddable":true,"href":"https:\/\/truusk.store\/sv\/wp-json\/wp\/v2\/product_brand?post=79787"},{"taxonomy":"product_cat","embeddable":true,"href":"https:\/\/truusk.store\/sv\/wp-json\/wp\/v2\/product_cat?post=79787"},{"taxonomy":"product_tag","embeddable":true,"href":"https:\/\/truusk.store\/sv\/wp-json\/wp\/v2\/product_tag?post=79787"}],"curies":[{"name":"wp","href":"https:\/\/api.w.org\/{rel}","templated":true}]}}