{"id":79808,"date":"2025-06-10T12:08:44","date_gmt":"2025-06-10T11:08:44","guid":{"rendered":"https:\/\/truusk.store\/product\/baddsoffa-baddsoffa-med-justerbar-ryggstod-sidoficka-vadderad-2-sits-soffa-med-sovfunktion-kudde-for-vardagsrum-sovrum-beige\/"},"modified":"2026-03-12T09:44:35","modified_gmt":"2026-03-12T08:44:35","slug":"truusk-baddsoffa-med-justerbart-ryggstod-sidoficka-vadderad-2-sits-soffa-sovfunktion-kudde-beige","status":"publish","type":"product","link":"https:\/\/truusk.store\/sv\/produkt\/truusk-baddsoffa-med-justerbart-ryggstod-sidoficka-vadderad-2-sits-soffa-sovfunktion-kudde-beige\/","title":{"rendered":"TRUUSK B\u00e4ddsoffa med Justerbart Ryggst\u00f6d &#8211; Sidoficka &#8211; Vadderad 2-sits Soffa &#8211; Sovfunktion &#8211; Kudde &#8211; Beige"},"content":{"rendered":"<p>P\u00e5 dagen en elegant soffa och p\u00e5 natten en bekv\u00e4m dubbels\u00e4ng: TRUUSK 2-sits soffa erbjuder en 3-stegs justerbar ryggst\u00f6d och \u00e4r vadderad med h\u00f6gdensitetsskum f\u00f6r att garantera optimal komfort. Idealisk f\u00f6r avkoppling eller f\u00f6r \u00f6vernattande g\u00e4ster, kombinerar denna b\u00e4ddsoffa praktisk anv\u00e4ndning med stilfull komfort.<\/p>\n<p>Beskrivning:<\/p>\n<ul>\n<li> Soffan med sovfunktion kan omvandlas till en dubbels\u00e4ng med avtagbara armst\u00f6d<\/li>\n<li> Ryggst\u00f6det kan justeras i tre positioner upp till 180 grader<\/li>\n<li> H\u00f6g densitet skum, S-fj\u00e4drar och elastiska band garanterar behagligt st\u00f6d<\/li>\n<li> Sammetstextur av 2-sits soffa med sovfunktion erbjuder en h\u00f6gkvalitativ k\u00e4nsla och utseende<\/li>\n<li> Inneh\u00e5ller tv\u00e5 kuddar f\u00f6r extra komfort<\/li>\n<li> Ram av eukalyptustr\u00e4 och metallben b\u00e4r upp till 250 kg<\/li>\n<li> Sidofack h\u00e5ller fj\u00e4rrkontroller och tidningar inom r\u00e4ckh\u00e5ll<\/li>\n<li> Montering kr\u00e4vs<\/li>\n<\/ul>\n<p> Tekniska data:<\/p>\n<ul>\n<li> F\u00e4rg: Beige<\/li>\n<li> Material: Sammetstextur (100% polyester), skum, eukalyptustr\u00e4, metall<\/li>\n<li> Soffm\u00e5tt: 181B x 73T x 78,5H cm<\/li>\n<li> S\u00e4ngm\u00e5tt: 181L x 93B x 63H cm<\/li>\n<li> Sitsstorlek: 161B x 47,5T x 42H cm<\/li>\n<li> Sitskuddens tjocklek: 15 cm<\/li>\n<li> Ryggst\u00f6dets m\u00e5tt: 160B x 44H cm<\/li>\n<li> Ryggkuddens tjocklek: 13,5 cm<\/li>\n<li> Armst\u00f6dets m\u00e5tt: 60L x 8,5B cm<\/li>\n<li> Armst\u00f6dets h\u00f6jd: (till sits) 24 cm<\/li>\n<li> S\u00e4ngytans m\u00e5tt: 160L x 93B x 5T cm<\/li>\n<li> Kuddens m\u00e5tt: 45L x 28B x 11T cm<\/li>\n<li> Benh\u00f6jd: 24 cm<\/li>\n<li> Maximal belastning: 250 kg<\/li>\n<\/ul>\n<p> Leveransinneh\u00e5ll:<\/p>\n<ul>\n<li> 1 x 2-sits b\u00e4ddsoffa<\/li>\n<li> 2 x kuddar<\/li>\n<li> 1 x handbok<\/li>\n<\/ul>\n","protected":false},"excerpt":{"rendered":"<p>P\u00e5 dagen en elegant soffa och p\u00e5 natten en bekv\u00e4m dubbels\u00e4ng: TRUUSK 2-sits soffa erbjuder en 3-stegs justerbar ryggst\u00f6d och&#8230;<\/p>\n","protected":false},"featured_media":79799,"template":"","meta":[],"product_brand":[],"product_cat":[871,943,937,910],"product_tag":[],"class_list":{"0":"post-79808","1":"product","2":"type-product","3":"status-publish","4":"has-post-thumbnail","6":"product_cat-hus-hem","7":"product_cat-schlafsofas","8":"product_cat-soffor","9":"product_cat-vardagsrum","11":"first","12":"instock","13":"sale","14":"taxable","15":"shipping-taxable","16":"purchasable","17":"product-type-simple"},"yoast_head":"<!-- This site is optimized with the Yoast SEO plugin v25.4 - https:\/\/yoast.com\/wordpress\/plugins\/seo\/ -->\n<title>TRUUSK B\u00e4ddsoffa med Justerbart Ryggst\u00f6d - Sidoficka - Vadderad 2-sits Soffa - Sovfunktion - Kudde - Beige - TRUUSK - Hem, Tr\u00e4dg\u00e5rd &amp; Fritid<\/title>\n<meta name=\"robots\" content=\"index, follow, max-snippet:-1, max-image-preview:large, max-video-preview:-1\" \/>\n<link rel=\"canonical\" href=\"https:\/\/truusk.store\/sv\/produkt\/truusk-baddsoffa-med-justerbart-ryggstod-sidoficka-vadderad-2-sits-soffa-sovfunktion-kudde-beige\/\" \/>\n<meta property=\"og:locale\" content=\"sv_SE\" \/>\n<meta property=\"og:type\" content=\"article\" \/>\n<meta property=\"og:title\" content=\"TRUUSK B\u00e4ddsoffa med Justerbart Ryggst\u00f6d - Sidoficka - Vadderad 2-sits Soffa - Sovfunktion - Kudde - Beige - TRUUSK - Hem, Tr\u00e4dg\u00e5rd &amp; Fritid\" \/>\n<meta property=\"og:description\" content=\"P\u00e5 dagen en elegant soffa och p\u00e5 natten en bekv\u00e4m dubbels\u00e4ng: TRUUSK 2-sits soffa erbjuder en 3-stegs justerbar ryggst\u00f6d och...\" \/>\n<meta property=\"og:url\" content=\"https:\/\/truusk.store\/sv\/produkt\/truusk-baddsoffa-med-justerbart-ryggstod-sidoficka-vadderad-2-sits-soffa-sovfunktion-kudde-beige\/\" \/>\n<meta property=\"og:site_name\" content=\"TRUUSK - Hem, Tr\u00e4dg\u00e5rd &amp; Fritid\" \/>\n<meta property=\"article:modified_time\" content=\"2026-03-12T08:44:35+00:00\" \/>\n<meta property=\"og:image\" content=\"https:\/\/i0.wp.com\/truusk.se\/wp-content\/uploads\/2025\/06\/baddsoffa-baddsoffa-med-justerbar-ryggstod-sidoficka-vadderad-2-sits-soffa-med-sovfunktion-kudde-for-vardagsrum-sovrum-beige-1.webp?fit=2000%2C2000&ssl=1\" \/>\n\t<meta property=\"og:image:width\" content=\"2000\" \/>\n\t<meta property=\"og:image:height\" content=\"2000\" \/>\n\t<meta property=\"og:image:type\" content=\"image\/webp\" \/>\n<meta name=\"twitter:card\" content=\"summary_large_image\" \/>\n<meta name=\"twitter:label1\" content=\"Ber\u00e4knad l\u00e4stid\" \/>\n\t<meta name=\"twitter:data1\" content=\"1 minut\" \/>\n<!-- \/ Yoast SEO plugin. -->","yoast_head_json":{"title":"TRUUSK B\u00e4ddsoffa med Justerbart Ryggst\u00f6d - Sidoficka - Vadderad 2-sits Soffa - Sovfunktion - Kudde - Beige - TRUUSK - Hem, Tr\u00e4dg\u00e5rd &amp; Fritid","robots":{"index":"index","follow":"follow","max-snippet":"max-snippet:-1","max-image-preview":"max-image-preview:large","max-video-preview":"max-video-preview:-1"},"canonical":"https:\/\/truusk.store\/sv\/produkt\/truusk-baddsoffa-med-justerbart-ryggstod-sidoficka-vadderad-2-sits-soffa-sovfunktion-kudde-beige\/","og_locale":"sv_SE","og_type":"article","og_title":"TRUUSK B\u00e4ddsoffa med Justerbart Ryggst\u00f6d - Sidoficka - Vadderad 2-sits Soffa - Sovfunktion - Kudde - Beige - TRUUSK - Hem, Tr\u00e4dg\u00e5rd &amp; Fritid","og_description":"P\u00e5 dagen en elegant soffa och p\u00e5 natten en bekv\u00e4m dubbels\u00e4ng: TRUUSK 2-sits soffa erbjuder en 3-stegs justerbar ryggst\u00f6d och...","og_url":"https:\/\/truusk.store\/sv\/produkt\/truusk-baddsoffa-med-justerbart-ryggstod-sidoficka-vadderad-2-sits-soffa-sovfunktion-kudde-beige\/","og_site_name":"TRUUSK - Hem, Tr\u00e4dg\u00e5rd &amp; Fritid","article_modified_time":"2026-03-12T08:44:35+00:00","og_image":[{"width":2000,"height":2000,"url":"https:\/\/i0.wp.com\/truusk.se\/wp-content\/uploads\/2025\/06\/baddsoffa-baddsoffa-med-justerbar-ryggstod-sidoficka-vadderad-2-sits-soffa-med-sovfunktion-kudde-for-vardagsrum-sovrum-beige-1.webp?fit=2000%2C2000&ssl=1","type":"image\/webp"}],"twitter_card":"summary_large_image","twitter_misc":{"Ber\u00e4knad l\u00e4stid":"1 minut"},"schema":{"@context":"https:\/\/schema.org","@graph":[{"@type":"WebPage","@id":"https:\/\/truusk.store\/sv\/produkt\/truusk-baddsoffa-med-justerbart-ryggstod-sidoficka-vadderad-2-sits-soffa-sovfunktion-kudde-beige\/","url":"https:\/\/truusk.store\/sv\/produkt\/truusk-baddsoffa-med-justerbart-ryggstod-sidoficka-vadderad-2-sits-soffa-sovfunktion-kudde-beige\/","name":"TRUUSK B\u00e4ddsoffa med Justerbart Ryggst\u00f6d - Sidoficka - Vadderad 2-sits Soffa - Sovfunktion - Kudde - Beige - TRUUSK - Hem, Tr\u00e4dg\u00e5rd &amp; Fritid","isPartOf":{"@id":"https:\/\/truusk.store\/sv\/#website"},"primaryImageOfPage":{"@id":"https:\/\/truusk.store\/sv\/produkt\/truusk-baddsoffa-med-justerbart-ryggstod-sidoficka-vadderad-2-sits-soffa-sovfunktion-kudde-beige\/#primaryimage"},"image":{"@id":"https:\/\/truusk.store\/sv\/produkt\/truusk-baddsoffa-med-justerbart-ryggstod-sidoficka-vadderad-2-sits-soffa-sovfunktion-kudde-beige\/#primaryimage"},"thumbnailUrl":"https:\/\/i0.wp.com\/truusk.store\/wp-content\/uploads\/2025\/06\/baddsoffa-baddsoffa-med-justerbar-ryggstod-sidoficka-vadderad-2-sits-soffa-med-sovfunktion-kudde-for-vardagsrum-sovrum-beige-1.webp?fit=2000%2C2000&ssl=1","datePublished":"2025-06-10T11:08:44+00:00","dateModified":"2026-03-12T08:44:35+00:00","breadcrumb":{"@id":"https:\/\/truusk.store\/sv\/produkt\/truusk-baddsoffa-med-justerbart-ryggstod-sidoficka-vadderad-2-sits-soffa-sovfunktion-kudde-beige\/#breadcrumb"},"inLanguage":"sv-SE","potentialAction":[{"@type":"ReadAction","target":["https:\/\/truusk.store\/sv\/produkt\/truusk-baddsoffa-med-justerbart-ryggstod-sidoficka-vadderad-2-sits-soffa-sovfunktion-kudde-beige\/"]}]},{"@type":"ImageObject","inLanguage":"sv-SE","@id":"https:\/\/truusk.store\/sv\/produkt\/truusk-baddsoffa-med-justerbart-ryggstod-sidoficka-vadderad-2-sits-soffa-sovfunktion-kudde-beige\/#primaryimage","url":"https:\/\/i0.wp.com\/truusk.store\/wp-content\/uploads\/2025\/06\/baddsoffa-baddsoffa-med-justerbar-ryggstod-sidoficka-vadderad-2-sits-soffa-med-sovfunktion-kudde-for-vardagsrum-sovrum-beige-1.webp?fit=2000%2C2000&ssl=1","contentUrl":"https:\/\/i0.wp.com\/truusk.store\/wp-content\/uploads\/2025\/06\/baddsoffa-baddsoffa-med-justerbar-ryggstod-sidoficka-vadderad-2-sits-soffa-med-sovfunktion-kudde-for-vardagsrum-sovrum-beige-1.webp?fit=2000%2C2000&ssl=1","width":2000,"height":2000},{"@type":"BreadcrumbList","@id":"https:\/\/truusk.store\/sv\/produkt\/truusk-baddsoffa-med-justerbart-ryggstod-sidoficka-vadderad-2-sits-soffa-sovfunktion-kudde-beige\/#breadcrumb","itemListElement":[{"@type":"ListItem","position":1,"name":"Home","item":"https:\/\/truusk.store\/sv\/"},{"@type":"ListItem","position":2,"name":"Shop","item":"https:\/\/truusk.store\/shop\/"},{"@type":"ListItem","position":3,"name":"TRUUSK B\u00e4ddsoffa med Justerbart Ryggst\u00f6d &#8211; Sidoficka &#8211; Vadderad 2-sits Soffa &#8211; Sovfunktion &#8211; Kudde &#8211; Beige"}]},{"@type":"WebSite","@id":"https:\/\/truusk.store\/sv\/#website","url":"https:\/\/truusk.store\/sv\/","name":"TRUUSK - Hem, Tr\u00e4dg\u00e5rd & Fritid","description":"","publisher":{"@id":"https:\/\/truusk.store\/sv\/#organization"},"potentialAction":[{"@type":"SearchAction","target":{"@type":"EntryPoint","urlTemplate":"https:\/\/truusk.store\/sv\/?s={search_term_string}"},"query-input":{"@type":"PropertyValueSpecification","valueRequired":true,"valueName":"search_term_string"}}],"inLanguage":"sv-SE"},{"@type":"Organization","@id":"https:\/\/truusk.store\/sv\/#organization","name":"TRUUSK - Hem, Tr\u00e4dg\u00e5rd & Fritid","url":"https:\/\/truusk.store\/sv\/","logo":{"@type":"ImageObject","inLanguage":"sv-SE","@id":"https:\/\/truusk.store\/sv\/#\/schema\/logo\/image\/","url":"https:\/\/i0.wp.com\/truusk.store\/wp-content\/uploads\/2026\/03\/cropped-TRUUSK.png?fit=2032%2C917&ssl=1","contentUrl":"https:\/\/i0.wp.com\/truusk.store\/wp-content\/uploads\/2026\/03\/cropped-TRUUSK.png?fit=2032%2C917&ssl=1","width":2032,"height":917,"caption":"TRUUSK - Hem, Tr\u00e4dg\u00e5rd & Fritid"},"image":{"@id":"https:\/\/truusk.store\/sv\/#\/schema\/logo\/image\/"}}]}},"jetpack_sharing_enabled":true,"_links":{"self":[{"href":"https:\/\/truusk.store\/sv\/wp-json\/wp\/v2\/product\/79808","targetHints":{"allow":["GET"]}}],"collection":[{"href":"https:\/\/truusk.store\/sv\/wp-json\/wp\/v2\/product"}],"about":[{"href":"https:\/\/truusk.store\/sv\/wp-json\/wp\/v2\/types\/product"}],"wp:featuredmedia":[{"embeddable":true,"href":"https:\/\/truusk.store\/sv\/wp-json\/wp\/v2\/media\/79799"}],"wp:attachment":[{"href":"https:\/\/truusk.store\/sv\/wp-json\/wp\/v2\/media?parent=79808"}],"wp:term":[{"taxonomy":"product_brand","embeddable":true,"href":"https:\/\/truusk.store\/sv\/wp-json\/wp\/v2\/product_brand?post=79808"},{"taxonomy":"product_cat","embeddable":true,"href":"https:\/\/truusk.store\/sv\/wp-json\/wp\/v2\/product_cat?post=79808"},{"taxonomy":"product_tag","embeddable":true,"href":"https:\/\/truusk.store\/sv\/wp-json\/wp\/v2\/product_tag?post=79808"}],"curies":[{"name":"wp","href":"https:\/\/api.w.org\/{rel}","templated":true}]}}