{"id":79818,"date":"2025-06-11T04:07:11","date_gmt":"2025-06-11T03:07:11","guid":{"rendered":"https:\/\/truusk.store\/product\/3-delat-matbord-koksbord-med-stolar-set-naturlig-traadring-svart-med-1-bord-2-stolar\/"},"modified":"2026-03-12T08:55:56","modified_gmt":"2026-03-12T07:55:56","slug":"truusk-3-delat-matbord-och-stolar-set-naturlig-traadring-svart-1-bord-2-stolar","status":"publish","type":"product","link":"https:\/\/truusk.store\/sv\/produkt\/truusk-3-delat-matbord-och-stolar-set-naturlig-traadring-svart-1-bord-2-stolar\/","title":{"rendered":"TRUUSK 3-delat Matbord och Stolar Set &#8211; Naturlig Tr\u00e4\u00e5dring &#8211; Svart &#8211; 1 Bord &#8211; 2 Stolar"},"content":{"rendered":"<p>TRUUSK 3-delade matgruppsetet, idealiskt f\u00f6r sm\u00e5 l\u00e4genheter, rymmer tv\u00e5 och passar perfekt i begr\u00e4nsade utrymmen. Det \u00e4r utm\u00e4rkt f\u00f6r romantiska middagar eller mysiga frukostar. Med ett stabilt bord och tv\u00e5 stolar kombinerar det elegant naturlig tr\u00e4korn med ett robust svart metallram f\u00f6r att ge varje hem en modern touch.<\/p>\n<p>Beskrivning:<\/p>\n<ul>\n<li> Modern tolkning av allround sittgrupp<\/li>\n<li> Kompakt design, idealisk f\u00f6r mindre utrymmen<\/li>\n<li> 3-delat set: 1 bord och 2 matchande stolar<\/li>\n<li> Tillverkat av MDF och stabil st\u00e5lram f\u00f6r l\u00e5ng livsl\u00e4ngd<\/li>\n<li> Extremt l\u00e4ttsk\u00f6tt yta<\/li>\n<li> Enkel montering<\/li>\n<\/ul>\n<p>Tekniska data:<\/p>\n<ul>\n<li> Material: MDF, metall<\/li>\n<li> F\u00e4rg: Naturlig tr\u00e4look + Svart<\/li>\n<li> Vikt: 19 kg<\/li>\n<li> M\u00e5tt bord: L60 x B60 x H76 cm<\/li>\n<li> M\u00e5tt per stol: L39,5 x B45 x H82,5 cm<\/li>\n<li> Sitt h\u00f6jd: 45 cm<\/li>\n<li> max. Belastning: 60 kg (bord), 120 kg (per stol)<\/li>\n<\/ul>\n<p>Leveransinneh\u00e5ll:<\/p>\n<ul>\n<li> 1 x Bord<\/li>\n<li> 2 x Stol<\/li>\n<li> 1 x Monteringsanvisning<\/li>\n<\/ul>\n","protected":false},"excerpt":{"rendered":"<p>TRUUSK 3-delade matgruppsetet, idealiskt f\u00f6r sm\u00e5 l\u00e4genheter, rymmer tv\u00e5 och passar perfekt i begr\u00e4nsade utrymmen. Det \u00e4r utm\u00e4rkt f\u00f6r romantiska&#8230;<\/p>\n","protected":false},"featured_media":79809,"template":"","meta":[],"product_brand":[],"product_cat":[871,889,512],"product_tag":[],"class_list":{"0":"post-79818","1":"product","2":"type-product","3":"status-publish","4":"has-post-thumbnail","6":"product_cat-hus-hem","7":"product_cat-kok-matsal","8":"product_cat-matgrupper","10":"first","11":"instock","12":"sale","13":"taxable","14":"shipping-taxable","15":"purchasable","16":"product-type-simple"},"yoast_head":"<!-- This site is optimized with the Yoast SEO plugin v25.4 - https:\/\/yoast.com\/wordpress\/plugins\/seo\/ -->\n<title>TRUUSK 3-delat Matbord och Stolar Set - Naturlig Tr\u00e4\u00e5dring - Svart - 1 Bord - 2 Stolar - TRUUSK - Hem, Tr\u00e4dg\u00e5rd &amp; Fritid<\/title>\n<meta name=\"robots\" content=\"index, follow, max-snippet:-1, max-image-preview:large, max-video-preview:-1\" \/>\n<link rel=\"canonical\" href=\"https:\/\/truusk.store\/sv\/produkt\/truusk-3-delat-matbord-och-stolar-set-naturlig-traadring-svart-1-bord-2-stolar\/\" \/>\n<meta property=\"og:locale\" content=\"sv_SE\" \/>\n<meta property=\"og:type\" content=\"article\" \/>\n<meta property=\"og:title\" content=\"TRUUSK 3-delat Matbord och Stolar Set - Naturlig Tr\u00e4\u00e5dring - Svart - 1 Bord - 2 Stolar - TRUUSK - Hem, Tr\u00e4dg\u00e5rd &amp; Fritid\" \/>\n<meta property=\"og:description\" content=\"TRUUSK 3-delade matgruppsetet, idealiskt f\u00f6r sm\u00e5 l\u00e4genheter, rymmer tv\u00e5 och passar perfekt i begr\u00e4nsade utrymmen. Det \u00e4r utm\u00e4rkt f\u00f6r romantiska...\" \/>\n<meta property=\"og:url\" content=\"https:\/\/truusk.store\/sv\/produkt\/truusk-3-delat-matbord-och-stolar-set-naturlig-traadring-svart-1-bord-2-stolar\/\" \/>\n<meta property=\"og:site_name\" content=\"TRUUSK - Hem, Tr\u00e4dg\u00e5rd &amp; Fritid\" \/>\n<meta property=\"article:modified_time\" content=\"2026-03-12T07:55:56+00:00\" \/>\n<meta property=\"og:image\" content=\"https:\/\/i0.wp.com\/truusk.se\/wp-content\/uploads\/2025\/06\/3-delat-matbord-koksbord-med-stolar-set-naturlig-traadring-svart-med-1-bord-2-stolar-1.webp?fit=2000%2C2000&ssl=1\" \/>\n\t<meta property=\"og:image:width\" content=\"2000\" \/>\n\t<meta property=\"og:image:height\" content=\"2000\" \/>\n\t<meta property=\"og:image:type\" content=\"image\/webp\" \/>\n<meta name=\"twitter:card\" content=\"summary_large_image\" \/>\n<meta name=\"twitter:label1\" content=\"Ber\u00e4knad l\u00e4stid\" \/>\n\t<meta name=\"twitter:data1\" content=\"1 minut\" \/>\n<!-- \/ Yoast SEO plugin. -->","yoast_head_json":{"title":"TRUUSK 3-delat Matbord och Stolar Set - Naturlig Tr\u00e4\u00e5dring - Svart - 1 Bord - 2 Stolar - TRUUSK - Hem, Tr\u00e4dg\u00e5rd &amp; Fritid","robots":{"index":"index","follow":"follow","max-snippet":"max-snippet:-1","max-image-preview":"max-image-preview:large","max-video-preview":"max-video-preview:-1"},"canonical":"https:\/\/truusk.store\/sv\/produkt\/truusk-3-delat-matbord-och-stolar-set-naturlig-traadring-svart-1-bord-2-stolar\/","og_locale":"sv_SE","og_type":"article","og_title":"TRUUSK 3-delat Matbord och Stolar Set - Naturlig Tr\u00e4\u00e5dring - Svart - 1 Bord - 2 Stolar - TRUUSK - Hem, Tr\u00e4dg\u00e5rd &amp; Fritid","og_description":"TRUUSK 3-delade matgruppsetet, idealiskt f\u00f6r sm\u00e5 l\u00e4genheter, rymmer tv\u00e5 och passar perfekt i begr\u00e4nsade utrymmen. Det \u00e4r utm\u00e4rkt f\u00f6r romantiska...","og_url":"https:\/\/truusk.store\/sv\/produkt\/truusk-3-delat-matbord-och-stolar-set-naturlig-traadring-svart-1-bord-2-stolar\/","og_site_name":"TRUUSK - Hem, Tr\u00e4dg\u00e5rd &amp; Fritid","article_modified_time":"2026-03-12T07:55:56+00:00","og_image":[{"width":2000,"height":2000,"url":"https:\/\/i0.wp.com\/truusk.se\/wp-content\/uploads\/2025\/06\/3-delat-matbord-koksbord-med-stolar-set-naturlig-traadring-svart-med-1-bord-2-stolar-1.webp?fit=2000%2C2000&ssl=1","type":"image\/webp"}],"twitter_card":"summary_large_image","twitter_misc":{"Ber\u00e4knad l\u00e4stid":"1 minut"},"schema":{"@context":"https:\/\/schema.org","@graph":[{"@type":"WebPage","@id":"https:\/\/truusk.store\/sv\/produkt\/truusk-3-delat-matbord-och-stolar-set-naturlig-traadring-svart-1-bord-2-stolar\/","url":"https:\/\/truusk.store\/sv\/produkt\/truusk-3-delat-matbord-och-stolar-set-naturlig-traadring-svart-1-bord-2-stolar\/","name":"TRUUSK 3-delat Matbord och Stolar Set - Naturlig Tr\u00e4\u00e5dring - Svart - 1 Bord - 2 Stolar - TRUUSK - Hem, Tr\u00e4dg\u00e5rd &amp; Fritid","isPartOf":{"@id":"https:\/\/truusk.store\/sv\/#website"},"primaryImageOfPage":{"@id":"https:\/\/truusk.store\/sv\/produkt\/truusk-3-delat-matbord-och-stolar-set-naturlig-traadring-svart-1-bord-2-stolar\/#primaryimage"},"image":{"@id":"https:\/\/truusk.store\/sv\/produkt\/truusk-3-delat-matbord-och-stolar-set-naturlig-traadring-svart-1-bord-2-stolar\/#primaryimage"},"thumbnailUrl":"https:\/\/i0.wp.com\/truusk.store\/wp-content\/uploads\/2025\/06\/3-delat-matbord-koksbord-med-stolar-set-naturlig-traadring-svart-med-1-bord-2-stolar-1.webp?fit=2000%2C2000&ssl=1","datePublished":"2025-06-11T03:07:11+00:00","dateModified":"2026-03-12T07:55:56+00:00","breadcrumb":{"@id":"https:\/\/truusk.store\/sv\/produkt\/truusk-3-delat-matbord-och-stolar-set-naturlig-traadring-svart-1-bord-2-stolar\/#breadcrumb"},"inLanguage":"sv-SE","potentialAction":[{"@type":"ReadAction","target":["https:\/\/truusk.store\/sv\/produkt\/truusk-3-delat-matbord-och-stolar-set-naturlig-traadring-svart-1-bord-2-stolar\/"]}]},{"@type":"ImageObject","inLanguage":"sv-SE","@id":"https:\/\/truusk.store\/sv\/produkt\/truusk-3-delat-matbord-och-stolar-set-naturlig-traadring-svart-1-bord-2-stolar\/#primaryimage","url":"https:\/\/i0.wp.com\/truusk.store\/wp-content\/uploads\/2025\/06\/3-delat-matbord-koksbord-med-stolar-set-naturlig-traadring-svart-med-1-bord-2-stolar-1.webp?fit=2000%2C2000&ssl=1","contentUrl":"https:\/\/i0.wp.com\/truusk.store\/wp-content\/uploads\/2025\/06\/3-delat-matbord-koksbord-med-stolar-set-naturlig-traadring-svart-med-1-bord-2-stolar-1.webp?fit=2000%2C2000&ssl=1","width":2000,"height":2000},{"@type":"BreadcrumbList","@id":"https:\/\/truusk.store\/sv\/produkt\/truusk-3-delat-matbord-och-stolar-set-naturlig-traadring-svart-1-bord-2-stolar\/#breadcrumb","itemListElement":[{"@type":"ListItem","position":1,"name":"Home","item":"https:\/\/truusk.store\/sv\/"},{"@type":"ListItem","position":2,"name":"Shop","item":"https:\/\/truusk.store\/shop\/"},{"@type":"ListItem","position":3,"name":"TRUUSK 3-delat Matbord och Stolar Set &#8211; Naturlig Tr\u00e4\u00e5dring &#8211; Svart &#8211; 1 Bord &#8211; 2 Stolar"}]},{"@type":"WebSite","@id":"https:\/\/truusk.store\/sv\/#website","url":"https:\/\/truusk.store\/sv\/","name":"TRUUSK - Hem, Tr\u00e4dg\u00e5rd & Fritid","description":"","publisher":{"@id":"https:\/\/truusk.store\/sv\/#organization"},"potentialAction":[{"@type":"SearchAction","target":{"@type":"EntryPoint","urlTemplate":"https:\/\/truusk.store\/sv\/?s={search_term_string}"},"query-input":{"@type":"PropertyValueSpecification","valueRequired":true,"valueName":"search_term_string"}}],"inLanguage":"sv-SE"},{"@type":"Organization","@id":"https:\/\/truusk.store\/sv\/#organization","name":"TRUUSK - Hem, Tr\u00e4dg\u00e5rd & Fritid","url":"https:\/\/truusk.store\/sv\/","logo":{"@type":"ImageObject","inLanguage":"sv-SE","@id":"https:\/\/truusk.store\/sv\/#\/schema\/logo\/image\/","url":"https:\/\/i0.wp.com\/truusk.store\/wp-content\/uploads\/2026\/03\/cropped-TRUUSK.png?fit=2032%2C917&ssl=1","contentUrl":"https:\/\/i0.wp.com\/truusk.store\/wp-content\/uploads\/2026\/03\/cropped-TRUUSK.png?fit=2032%2C917&ssl=1","width":2032,"height":917,"caption":"TRUUSK - Hem, Tr\u00e4dg\u00e5rd & Fritid"},"image":{"@id":"https:\/\/truusk.store\/sv\/#\/schema\/logo\/image\/"}}]}},"jetpack_sharing_enabled":true,"_links":{"self":[{"href":"https:\/\/truusk.store\/sv\/wp-json\/wp\/v2\/product\/79818","targetHints":{"allow":["GET"]}}],"collection":[{"href":"https:\/\/truusk.store\/sv\/wp-json\/wp\/v2\/product"}],"about":[{"href":"https:\/\/truusk.store\/sv\/wp-json\/wp\/v2\/types\/product"}],"wp:featuredmedia":[{"embeddable":true,"href":"https:\/\/truusk.store\/sv\/wp-json\/wp\/v2\/media\/79809"}],"wp:attachment":[{"href":"https:\/\/truusk.store\/sv\/wp-json\/wp\/v2\/media?parent=79818"}],"wp:term":[{"taxonomy":"product_brand","embeddable":true,"href":"https:\/\/truusk.store\/sv\/wp-json\/wp\/v2\/product_brand?post=79818"},{"taxonomy":"product_cat","embeddable":true,"href":"https:\/\/truusk.store\/sv\/wp-json\/wp\/v2\/product_cat?post=79818"},{"taxonomy":"product_tag","embeddable":true,"href":"https:\/\/truusk.store\/sv\/wp-json\/wp\/v2\/product_tag?post=79818"}],"curies":[{"name":"wp","href":"https:\/\/api.w.org\/{rel}","templated":true}]}}