{"id":79838,"date":"2025-06-11T12:02:41","date_gmt":"2025-06-11T11:02:41","guid":{"rendered":"https:\/\/truusk.store\/product\/lyxig-sittbank-kladselbank-med-sammetutseende-117-x-40-x-58-cm-for-vardagsrum-sovrum-gra-stilfull-bekvam\/"},"modified":"2026-03-12T09:41:23","modified_gmt":"2026-03-12T08:41:23","slug":"truusk-lyxig-sammetskladd-sittbank-stilfull-och-bekvam-117-x-40-x-58-cm-gra-for-vardagsrum-och-sovrum","status":"publish","type":"product","link":"https:\/\/truusk.store\/sv\/produkt\/truusk-lyxig-sammetskladd-sittbank-stilfull-och-bekvam-117-x-40-x-58-cm-gra-for-vardagsrum-och-sovrum\/","title":{"rendered":"TRUUSK Lyxig Sammetskl\u00e4dd Sittb\u00e4nk &#8211; Stilfull och Bekv\u00e4m &#8211; 117 x 40 x 58 cm &#8211; Gr\u00e5 &#8211; F\u00f6r Vardagsrum och Sovrum"},"content":{"rendered":"<p>Ge ditt hem en touch av elegans med den stiliga b\u00e4nken fr\u00e5n TRUUSK. Dess lyxiga vintage-design, k\u00e4nnetecknad av den vackra knappstoppningen och kurviga formerna, citerar estetiken fr\u00e5n tidigare epoker. Tillverkad av robust massivt tr\u00e4, garanterar denna s\u00e4ngb\u00e4nk stabilitet och h\u00e5llbarhet. Oavsett om det \u00e4r en stilfull s\u00e4ngb\u00e4nk, hallb\u00e4nk eller en praktisk skob\u00e4nk &#8211; denna sittb\u00e4nk berikar varje atmosf\u00e4r med sin charmiga karakt\u00e4r.<\/p>\n<p>Beskrivning:<\/p>\n<ul>\n<li>Popul\u00e4r vintage-design som f\u00f6r in elegans och stil i varje rum<\/li>\n<li> Robust ram av h\u00f6gkvalitativt massivt tr\u00e4 f\u00f6r h\u00e5llbarhet och stabilitet<\/li>\n<li> Ben av gummitr\u00e4, k\u00e4nt f\u00f6r sin styrka och h\u00e5llbarhet<\/li>\n<li> H\u00f6gkvalitativt polyestertyg med en sammetslen k\u00e4nsla som lovar komfort och lyx<\/li>\n<li> Elegant knappstoppning och dekorativa tofsar p\u00e5 den stoppade b\u00e4nken ger ett lyxigt och sofistikerat utseende<\/li>\n<li> Mjuk stoppning och bekv\u00e4ma armst\u00f6d p\u00e5 s\u00e4ngb\u00e4nken erbjuder exceptionell sittkomfort<\/li>\n<li> M\u00e5ngsidigt anv\u00e4ndbar, idealisk f\u00f6r entr\u00e9er, lounger, vardagsrum, familjerum eller sovrum<\/li>\n<li> Enkel montering<\/li>\n<\/ul>\n<p> Tekniska data:<\/p>\n<ul>\n<li> F\u00e4rg: Gr\u00f6n<\/li>\n<li> Material: Sammet (100% polyester), gummitr\u00e4, skum<\/li>\n<li> Totala m\u00e5tt: 117L x 40B x 58H cm<\/li>\n<li> Sitsstorlek: 71L x 40B cm<\/li>\n<li> Sitth\u00f6jd: 42,5 cm<\/li>\n<li> Fotens h\u00f6jd: 19 cm<\/li>\n<li> Armst\u00f6dsh\u00f6jd (till sitsen): 58 cm<\/li>\n<li> Belastningskapacitet: 150 kg<\/li>\n<\/ul>\n<p>Leveransinneh\u00e5ll:<\/p>\n<ul>\n<li> 1 x Sittb\u00e4nk<\/li>\n<li> 1 x Monteringsanvisning<\/li>\n<\/ul>\n","protected":false},"excerpt":{"rendered":"<p>Ge ditt hem en touch av elegans med den stiliga b\u00e4nken fr\u00e5n TRUUSK. Dess lyxiga vintage-design, k\u00e4nnetecknad av den vackra&#8230;<\/p>\n","protected":false},"featured_media":79826,"template":"","meta":[],"product_brand":[],"product_cat":[871,897,540],"product_tag":[],"class_list":{"0":"post-79838","1":"product","2":"type-product","3":"status-publish","4":"has-post-thumbnail","6":"product_cat-hus-hem","7":"product_cat-sovrum","8":"product_cat-stoppade-bankar","10":"first","11":"instock","12":"sale","13":"taxable","14":"shipping-taxable","15":"purchasable","16":"product-type-simple"},"yoast_head":"<!-- This site is optimized with the Yoast SEO plugin v25.4 - https:\/\/yoast.com\/wordpress\/plugins\/seo\/ -->\n<title>TRUUSK Lyxig Sammetskl\u00e4dd Sittb\u00e4nk - Stilfull och Bekv\u00e4m - 117 x 40 x 58 cm - Gr\u00e5 - F\u00f6r Vardagsrum och Sovrum - TRUUSK - Hem, Tr\u00e4dg\u00e5rd &amp; Fritid<\/title>\n<meta name=\"robots\" content=\"index, follow, max-snippet:-1, max-image-preview:large, max-video-preview:-1\" \/>\n<link rel=\"canonical\" href=\"https:\/\/truusk.store\/sv\/produkt\/truusk-lyxig-sammetskladd-sittbank-stilfull-och-bekvam-117-x-40-x-58-cm-gra-for-vardagsrum-och-sovrum\/\" \/>\n<meta property=\"og:locale\" content=\"sv_SE\" \/>\n<meta property=\"og:type\" content=\"article\" \/>\n<meta property=\"og:title\" content=\"TRUUSK Lyxig Sammetskl\u00e4dd Sittb\u00e4nk - Stilfull och Bekv\u00e4m - 117 x 40 x 58 cm - Gr\u00e5 - F\u00f6r Vardagsrum och Sovrum - TRUUSK - Hem, Tr\u00e4dg\u00e5rd &amp; Fritid\" \/>\n<meta property=\"og:description\" content=\"Ge ditt hem en touch av elegans med den stiliga b\u00e4nken fr\u00e5n TRUUSK. Dess lyxiga vintage-design, k\u00e4nnetecknad av den vackra...\" \/>\n<meta property=\"og:url\" content=\"https:\/\/truusk.store\/sv\/produkt\/truusk-lyxig-sammetskladd-sittbank-stilfull-och-bekvam-117-x-40-x-58-cm-gra-for-vardagsrum-och-sovrum\/\" \/>\n<meta property=\"og:site_name\" content=\"TRUUSK - Hem, Tr\u00e4dg\u00e5rd &amp; Fritid\" \/>\n<meta property=\"article:modified_time\" content=\"2026-03-12T08:41:23+00:00\" \/>\n<meta property=\"og:image\" content=\"https:\/\/i0.wp.com\/truusk.se\/wp-content\/uploads\/2025\/06\/lyxig-sittbank-kladselbank-med-sammetutseende-117-x-40-x-58-cm-for-vardagsrum-sovrum-gra-stilfull-bekvam-1.webp?fit=2000%2C2000&ssl=1\" \/>\n\t<meta property=\"og:image:width\" content=\"2000\" \/>\n\t<meta property=\"og:image:height\" content=\"2000\" \/>\n\t<meta property=\"og:image:type\" content=\"image\/webp\" \/>\n<meta name=\"twitter:card\" content=\"summary_large_image\" \/>\n<meta name=\"twitter:label1\" content=\"Ber\u00e4knad l\u00e4stid\" \/>\n\t<meta name=\"twitter:data1\" content=\"1 minut\" \/>\n<!-- \/ Yoast SEO plugin. -->","yoast_head_json":{"title":"TRUUSK Lyxig Sammetskl\u00e4dd Sittb\u00e4nk - Stilfull och Bekv\u00e4m - 117 x 40 x 58 cm - Gr\u00e5 - F\u00f6r Vardagsrum och Sovrum - TRUUSK - Hem, Tr\u00e4dg\u00e5rd &amp; Fritid","robots":{"index":"index","follow":"follow","max-snippet":"max-snippet:-1","max-image-preview":"max-image-preview:large","max-video-preview":"max-video-preview:-1"},"canonical":"https:\/\/truusk.store\/sv\/produkt\/truusk-lyxig-sammetskladd-sittbank-stilfull-och-bekvam-117-x-40-x-58-cm-gra-for-vardagsrum-och-sovrum\/","og_locale":"sv_SE","og_type":"article","og_title":"TRUUSK Lyxig Sammetskl\u00e4dd Sittb\u00e4nk - Stilfull och Bekv\u00e4m - 117 x 40 x 58 cm - Gr\u00e5 - F\u00f6r Vardagsrum och Sovrum - TRUUSK - Hem, Tr\u00e4dg\u00e5rd &amp; Fritid","og_description":"Ge ditt hem en touch av elegans med den stiliga b\u00e4nken fr\u00e5n TRUUSK. Dess lyxiga vintage-design, k\u00e4nnetecknad av den vackra...","og_url":"https:\/\/truusk.store\/sv\/produkt\/truusk-lyxig-sammetskladd-sittbank-stilfull-och-bekvam-117-x-40-x-58-cm-gra-for-vardagsrum-och-sovrum\/","og_site_name":"TRUUSK - Hem, Tr\u00e4dg\u00e5rd &amp; Fritid","article_modified_time":"2026-03-12T08:41:23+00:00","og_image":[{"width":2000,"height":2000,"url":"https:\/\/i0.wp.com\/truusk.se\/wp-content\/uploads\/2025\/06\/lyxig-sittbank-kladselbank-med-sammetutseende-117-x-40-x-58-cm-for-vardagsrum-sovrum-gra-stilfull-bekvam-1.webp?fit=2000%2C2000&ssl=1","type":"image\/webp"}],"twitter_card":"summary_large_image","twitter_misc":{"Ber\u00e4knad l\u00e4stid":"1 minut"},"schema":{"@context":"https:\/\/schema.org","@graph":[{"@type":"WebPage","@id":"https:\/\/truusk.store\/sv\/produkt\/truusk-lyxig-sammetskladd-sittbank-stilfull-och-bekvam-117-x-40-x-58-cm-gra-for-vardagsrum-och-sovrum\/","url":"https:\/\/truusk.store\/sv\/produkt\/truusk-lyxig-sammetskladd-sittbank-stilfull-och-bekvam-117-x-40-x-58-cm-gra-for-vardagsrum-och-sovrum\/","name":"TRUUSK Lyxig Sammetskl\u00e4dd Sittb\u00e4nk - Stilfull och Bekv\u00e4m - 117 x 40 x 58 cm - Gr\u00e5 - F\u00f6r Vardagsrum och Sovrum - TRUUSK - Hem, Tr\u00e4dg\u00e5rd &amp; Fritid","isPartOf":{"@id":"https:\/\/truusk.store\/sv\/#website"},"primaryImageOfPage":{"@id":"https:\/\/truusk.store\/sv\/produkt\/truusk-lyxig-sammetskladd-sittbank-stilfull-och-bekvam-117-x-40-x-58-cm-gra-for-vardagsrum-och-sovrum\/#primaryimage"},"image":{"@id":"https:\/\/truusk.store\/sv\/produkt\/truusk-lyxig-sammetskladd-sittbank-stilfull-och-bekvam-117-x-40-x-58-cm-gra-for-vardagsrum-och-sovrum\/#primaryimage"},"thumbnailUrl":"https:\/\/i0.wp.com\/truusk.store\/wp-content\/uploads\/2025\/06\/lyxig-sittbank-kladselbank-med-sammetutseende-117-x-40-x-58-cm-for-vardagsrum-sovrum-gra-stilfull-bekvam-1.webp?fit=2000%2C2000&ssl=1","datePublished":"2025-06-11T11:02:41+00:00","dateModified":"2026-03-12T08:41:23+00:00","breadcrumb":{"@id":"https:\/\/truusk.store\/sv\/produkt\/truusk-lyxig-sammetskladd-sittbank-stilfull-och-bekvam-117-x-40-x-58-cm-gra-for-vardagsrum-och-sovrum\/#breadcrumb"},"inLanguage":"sv-SE","potentialAction":[{"@type":"ReadAction","target":["https:\/\/truusk.store\/sv\/produkt\/truusk-lyxig-sammetskladd-sittbank-stilfull-och-bekvam-117-x-40-x-58-cm-gra-for-vardagsrum-och-sovrum\/"]}]},{"@type":"ImageObject","inLanguage":"sv-SE","@id":"https:\/\/truusk.store\/sv\/produkt\/truusk-lyxig-sammetskladd-sittbank-stilfull-och-bekvam-117-x-40-x-58-cm-gra-for-vardagsrum-och-sovrum\/#primaryimage","url":"https:\/\/i0.wp.com\/truusk.store\/wp-content\/uploads\/2025\/06\/lyxig-sittbank-kladselbank-med-sammetutseende-117-x-40-x-58-cm-for-vardagsrum-sovrum-gra-stilfull-bekvam-1.webp?fit=2000%2C2000&ssl=1","contentUrl":"https:\/\/i0.wp.com\/truusk.store\/wp-content\/uploads\/2025\/06\/lyxig-sittbank-kladselbank-med-sammetutseende-117-x-40-x-58-cm-for-vardagsrum-sovrum-gra-stilfull-bekvam-1.webp?fit=2000%2C2000&ssl=1","width":2000,"height":2000},{"@type":"BreadcrumbList","@id":"https:\/\/truusk.store\/sv\/produkt\/truusk-lyxig-sammetskladd-sittbank-stilfull-och-bekvam-117-x-40-x-58-cm-gra-for-vardagsrum-och-sovrum\/#breadcrumb","itemListElement":[{"@type":"ListItem","position":1,"name":"Home","item":"https:\/\/truusk.store\/sv\/"},{"@type":"ListItem","position":2,"name":"Shop","item":"https:\/\/truusk.store\/shop\/"},{"@type":"ListItem","position":3,"name":"TRUUSK Lyxig Sammetskl\u00e4dd Sittb\u00e4nk &#8211; Stilfull och Bekv\u00e4m &#8211; 117 x 40 x 58 cm &#8211; Gr\u00e5 &#8211; F\u00f6r Vardagsrum och Sovrum"}]},{"@type":"WebSite","@id":"https:\/\/truusk.store\/sv\/#website","url":"https:\/\/truusk.store\/sv\/","name":"TRUUSK - Hem, Tr\u00e4dg\u00e5rd & Fritid","description":"","publisher":{"@id":"https:\/\/truusk.store\/sv\/#organization"},"potentialAction":[{"@type":"SearchAction","target":{"@type":"EntryPoint","urlTemplate":"https:\/\/truusk.store\/sv\/?s={search_term_string}"},"query-input":{"@type":"PropertyValueSpecification","valueRequired":true,"valueName":"search_term_string"}}],"inLanguage":"sv-SE"},{"@type":"Organization","@id":"https:\/\/truusk.store\/sv\/#organization","name":"TRUUSK - Hem, Tr\u00e4dg\u00e5rd & Fritid","url":"https:\/\/truusk.store\/sv\/","logo":{"@type":"ImageObject","inLanguage":"sv-SE","@id":"https:\/\/truusk.store\/sv\/#\/schema\/logo\/image\/","url":"https:\/\/i0.wp.com\/truusk.store\/wp-content\/uploads\/2026\/03\/cropped-TRUUSK.png?fit=2032%2C917&ssl=1","contentUrl":"https:\/\/i0.wp.com\/truusk.store\/wp-content\/uploads\/2026\/03\/cropped-TRUUSK.png?fit=2032%2C917&ssl=1","width":2032,"height":917,"caption":"TRUUSK - Hem, Tr\u00e4dg\u00e5rd & Fritid"},"image":{"@id":"https:\/\/truusk.store\/sv\/#\/schema\/logo\/image\/"}}]}},"jetpack_sharing_enabled":true,"_links":{"self":[{"href":"https:\/\/truusk.store\/sv\/wp-json\/wp\/v2\/product\/79838","targetHints":{"allow":["GET"]}}],"collection":[{"href":"https:\/\/truusk.store\/sv\/wp-json\/wp\/v2\/product"}],"about":[{"href":"https:\/\/truusk.store\/sv\/wp-json\/wp\/v2\/types\/product"}],"wp:featuredmedia":[{"embeddable":true,"href":"https:\/\/truusk.store\/sv\/wp-json\/wp\/v2\/media\/79826"}],"wp:attachment":[{"href":"https:\/\/truusk.store\/sv\/wp-json\/wp\/v2\/media?parent=79838"}],"wp:term":[{"taxonomy":"product_brand","embeddable":true,"href":"https:\/\/truusk.store\/sv\/wp-json\/wp\/v2\/product_brand?post=79838"},{"taxonomy":"product_cat","embeddable":true,"href":"https:\/\/truusk.store\/sv\/wp-json\/wp\/v2\/product_cat?post=79838"},{"taxonomy":"product_tag","embeddable":true,"href":"https:\/\/truusk.store\/sv\/wp-json\/wp\/v2\/product_tag?post=79838"}],"curies":[{"name":"wp","href":"https:\/\/api.w.org\/{rel}","templated":true}]}}