{"id":79848,"date":"2025-06-11T12:05:02","date_gmt":"2025-06-11T11:05:02","guid":{"rendered":"https:\/\/truusk.store\/product\/kattskap-for-kattlada-kattladeskap-med-utdragbart-skap-strouppsamlingsmatta-katt-hus-for-inomhus-78-x-50-x-51-cm-ek\/"},"modified":"2026-03-12T09:39:31","modified_gmt":"2026-03-12T08:39:31","slug":"truusk-kattskap-for-kattlada-med-utdragbart-skap-strouppsamlingsmatta-inomhus-hus-78-x-50-x-51-cm-ek","status":"publish","type":"product","link":"https:\/\/truusk.store\/sv\/produkt\/truusk-kattskap-for-kattlada-med-utdragbart-skap-strouppsamlingsmatta-inomhus-hus-78-x-50-x-51-cm-ek\/","title":{"rendered":"TRUUSK Kattsk\u00e5p F\u00f6r Kattl\u00e5da &#8211; Med Utdragbart Sk\u00e5p &#8211; Str\u00f6uppsamlingsmatta &#8211; Inomhus Hus &#8211; 78 x 50 x 51 cm &#8211; Ek"},"content":{"rendered":"<p>F\u00f6rvandla kattl\u00e5dan till en stilfull m\u00f6bel med detta TRUUSK kattl\u00e5desk\u00e5p. Denna eleganta lilla sk\u00e5p fungerar b\u00e5de som ett sidobord och d\u00f6ljer skickligt kattl\u00e5dan. Kattens hus erbjuder mycket f\u00f6rvaringsutrymme och en h\u00f6g b\u00e4rkapacitet. En utdragbar l\u00e5da f\u00f6r kattsand och en sandf\u00e5ngarmatta garanterar renlighet och f\u00f6rhindrar att sanden sprids \u00f6verallt i vardagsrummet. Den idealiska l\u00f6sningen f\u00f6r katt\u00e4gare som v\u00e4rderar ordning.<\/p>\n<p>Beskrivning:<\/p>\n<ul>\n<li> Innovativ m\u00f6beldesign: Fungerar b\u00e5de som en kattl\u00e5da och ett stilfullt sidobord<\/li>\n<li> H\u00f6g b\u00e4rkapacitet garanterar stabilitet och h\u00e5llbarhet<\/li>\n<li> Utdragbar kattsandsl\u00e5da i kattl\u00e5desk\u00e5pet underl\u00e4ttar reng\u00f6ring och sparar tid<\/li>\n<li> Sandf\u00e5ngarmatta i kattl\u00e5desk\u00e5pet minskar spridningen av kattsand och h\u00e5ller golv rena<\/li>\n<li> L\u00e4mplig f\u00f6r katter upp till en vikt av 5 kg<\/li>\n<li> Montering kr\u00e4vs<\/li>\n<\/ul>\n<p> Tekniska data:<\/p>\n<ul>\n<li> F\u00e4rg: Ek+Vit<\/li>\n<li> Material: Sp\u00e5nskiva<\/li>\n<li> Totala dimensioner: 78B x 50D x 51H cm<\/li>\n<li> D\u00f6rr: 56,5B x 25H cm<\/li>\n<li> Sk\u00e5pets inre: 55B x 47D x 42H cm<\/li>\n<li> L\u00e5dans yta: 56,5 x 25H cm<\/li>\n<li> L\u00e5dans inre: 49,5B x 43,5D x 6,5H cm<\/li>\n<li> V\u00e4nster inre fack: 18,5B x 46D x 37,5H cm<\/li>\n<li> \u00d6vre v\u00e4nstra facket: 18,5B x 46D x 6,5H cm<\/li>\n<li> Sandf\u00e5ngarmatta: 18B x 39D x 1H cm<\/li>\n<li> Maximal b\u00e4rkapacitet: 20 kg (l\u00e5da). 50 kg (\u00f6verdel)<\/li>\n<\/ul>\n<p> Leveransinneh\u00e5ll:<\/p>\n<ul>\n<li> 1 x Kattl\u00e5da<\/li>\n<li> 1 x Bruksanvisning<\/li>\n<\/ul>\n","protected":false},"excerpt":{"rendered":"<p>F\u00f6rvandla kattl\u00e5dan till en stilfull m\u00f6bel med detta TRUUSK kattl\u00e5desk\u00e5p. Denna eleganta lilla sk\u00e5p fungerar b\u00e5de som ett sidobord och&#8230;<\/p>\n","protected":false},"featured_media":79839,"template":"","meta":[],"product_brand":[],"product_cat":[878,593,588],"product_tag":[],"class_list":{"0":"post-79848","1":"product","2":"type-product","3":"status-publish","4":"has-post-thumbnail","6":"product_cat-djurbehov","7":"product_cat-kattskap","8":"product_cat-katttillbehor","10":"first","11":"instock","12":"sale","13":"taxable","14":"shipping-taxable","15":"purchasable","16":"product-type-simple"},"yoast_head":"<!-- This site is optimized with the Yoast SEO plugin v25.4 - https:\/\/yoast.com\/wordpress\/plugins\/seo\/ -->\n<title>TRUUSK Kattsk\u00e5p F\u00f6r Kattl\u00e5da - Med Utdragbart Sk\u00e5p - Str\u00f6uppsamlingsmatta - Inomhus Hus - 78 x 50 x 51 cm - Ek - TRUUSK - Hem, Tr\u00e4dg\u00e5rd &amp; Fritid<\/title>\n<meta name=\"robots\" content=\"index, follow, max-snippet:-1, max-image-preview:large, max-video-preview:-1\" \/>\n<link rel=\"canonical\" href=\"https:\/\/truusk.store\/sv\/produkt\/truusk-kattskap-for-kattlada-med-utdragbart-skap-strouppsamlingsmatta-inomhus-hus-78-x-50-x-51-cm-ek\/\" \/>\n<meta property=\"og:locale\" content=\"sv_SE\" \/>\n<meta property=\"og:type\" content=\"article\" \/>\n<meta property=\"og:title\" content=\"TRUUSK Kattsk\u00e5p F\u00f6r Kattl\u00e5da - Med Utdragbart Sk\u00e5p - Str\u00f6uppsamlingsmatta - Inomhus Hus - 78 x 50 x 51 cm - Ek - TRUUSK - Hem, Tr\u00e4dg\u00e5rd &amp; Fritid\" \/>\n<meta property=\"og:description\" content=\"F\u00f6rvandla kattl\u00e5dan till en stilfull m\u00f6bel med detta TRUUSK kattl\u00e5desk\u00e5p. Denna eleganta lilla sk\u00e5p fungerar b\u00e5de som ett sidobord och...\" \/>\n<meta property=\"og:url\" content=\"https:\/\/truusk.store\/sv\/produkt\/truusk-kattskap-for-kattlada-med-utdragbart-skap-strouppsamlingsmatta-inomhus-hus-78-x-50-x-51-cm-ek\/\" \/>\n<meta property=\"og:site_name\" content=\"TRUUSK - Hem, Tr\u00e4dg\u00e5rd &amp; Fritid\" \/>\n<meta property=\"article:modified_time\" content=\"2026-03-12T08:39:31+00:00\" \/>\n<meta property=\"og:image\" content=\"https:\/\/i0.wp.com\/truusk.se\/wp-content\/uploads\/2025\/06\/kattskap-for-kattlada-kattladeskap-med-utdragbart-skap-strouppsamlingsmatta-katt-hus-for-inomhus-78-x-50-x-51-cm-ek-1.webp?fit=2000%2C2000&ssl=1\" \/>\n\t<meta property=\"og:image:width\" content=\"2000\" \/>\n\t<meta property=\"og:image:height\" content=\"2000\" \/>\n\t<meta property=\"og:image:type\" content=\"image\/webp\" \/>\n<meta name=\"twitter:card\" content=\"summary_large_image\" \/>\n<meta name=\"twitter:label1\" content=\"Ber\u00e4knad l\u00e4stid\" \/>\n\t<meta name=\"twitter:data1\" content=\"1 minut\" \/>\n<!-- \/ Yoast SEO plugin. -->","yoast_head_json":{"title":"TRUUSK Kattsk\u00e5p F\u00f6r Kattl\u00e5da - Med Utdragbart Sk\u00e5p - Str\u00f6uppsamlingsmatta - Inomhus Hus - 78 x 50 x 51 cm - Ek - TRUUSK - Hem, Tr\u00e4dg\u00e5rd &amp; Fritid","robots":{"index":"index","follow":"follow","max-snippet":"max-snippet:-1","max-image-preview":"max-image-preview:large","max-video-preview":"max-video-preview:-1"},"canonical":"https:\/\/truusk.store\/sv\/produkt\/truusk-kattskap-for-kattlada-med-utdragbart-skap-strouppsamlingsmatta-inomhus-hus-78-x-50-x-51-cm-ek\/","og_locale":"sv_SE","og_type":"article","og_title":"TRUUSK Kattsk\u00e5p F\u00f6r Kattl\u00e5da - Med Utdragbart Sk\u00e5p - Str\u00f6uppsamlingsmatta - Inomhus Hus - 78 x 50 x 51 cm - Ek - TRUUSK - Hem, Tr\u00e4dg\u00e5rd &amp; Fritid","og_description":"F\u00f6rvandla kattl\u00e5dan till en stilfull m\u00f6bel med detta TRUUSK kattl\u00e5desk\u00e5p. Denna eleganta lilla sk\u00e5p fungerar b\u00e5de som ett sidobord och...","og_url":"https:\/\/truusk.store\/sv\/produkt\/truusk-kattskap-for-kattlada-med-utdragbart-skap-strouppsamlingsmatta-inomhus-hus-78-x-50-x-51-cm-ek\/","og_site_name":"TRUUSK - Hem, Tr\u00e4dg\u00e5rd &amp; Fritid","article_modified_time":"2026-03-12T08:39:31+00:00","og_image":[{"width":2000,"height":2000,"url":"https:\/\/i0.wp.com\/truusk.se\/wp-content\/uploads\/2025\/06\/kattskap-for-kattlada-kattladeskap-med-utdragbart-skap-strouppsamlingsmatta-katt-hus-for-inomhus-78-x-50-x-51-cm-ek-1.webp?fit=2000%2C2000&ssl=1","type":"image\/webp"}],"twitter_card":"summary_large_image","twitter_misc":{"Ber\u00e4knad l\u00e4stid":"1 minut"},"schema":{"@context":"https:\/\/schema.org","@graph":[{"@type":"WebPage","@id":"https:\/\/truusk.store\/sv\/produkt\/truusk-kattskap-for-kattlada-med-utdragbart-skap-strouppsamlingsmatta-inomhus-hus-78-x-50-x-51-cm-ek\/","url":"https:\/\/truusk.store\/sv\/produkt\/truusk-kattskap-for-kattlada-med-utdragbart-skap-strouppsamlingsmatta-inomhus-hus-78-x-50-x-51-cm-ek\/","name":"TRUUSK Kattsk\u00e5p F\u00f6r Kattl\u00e5da - Med Utdragbart Sk\u00e5p - Str\u00f6uppsamlingsmatta - Inomhus Hus - 78 x 50 x 51 cm - Ek - TRUUSK - Hem, Tr\u00e4dg\u00e5rd &amp; Fritid","isPartOf":{"@id":"https:\/\/truusk.store\/sv\/#website"},"primaryImageOfPage":{"@id":"https:\/\/truusk.store\/sv\/produkt\/truusk-kattskap-for-kattlada-med-utdragbart-skap-strouppsamlingsmatta-inomhus-hus-78-x-50-x-51-cm-ek\/#primaryimage"},"image":{"@id":"https:\/\/truusk.store\/sv\/produkt\/truusk-kattskap-for-kattlada-med-utdragbart-skap-strouppsamlingsmatta-inomhus-hus-78-x-50-x-51-cm-ek\/#primaryimage"},"thumbnailUrl":"https:\/\/i0.wp.com\/truusk.store\/wp-content\/uploads\/2025\/06\/kattskap-for-kattlada-kattladeskap-med-utdragbart-skap-strouppsamlingsmatta-katt-hus-for-inomhus-78-x-50-x-51-cm-ek-1.webp?fit=2000%2C2000&ssl=1","datePublished":"2025-06-11T11:05:02+00:00","dateModified":"2026-03-12T08:39:31+00:00","breadcrumb":{"@id":"https:\/\/truusk.store\/sv\/produkt\/truusk-kattskap-for-kattlada-med-utdragbart-skap-strouppsamlingsmatta-inomhus-hus-78-x-50-x-51-cm-ek\/#breadcrumb"},"inLanguage":"sv-SE","potentialAction":[{"@type":"ReadAction","target":["https:\/\/truusk.store\/sv\/produkt\/truusk-kattskap-for-kattlada-med-utdragbart-skap-strouppsamlingsmatta-inomhus-hus-78-x-50-x-51-cm-ek\/"]}]},{"@type":"ImageObject","inLanguage":"sv-SE","@id":"https:\/\/truusk.store\/sv\/produkt\/truusk-kattskap-for-kattlada-med-utdragbart-skap-strouppsamlingsmatta-inomhus-hus-78-x-50-x-51-cm-ek\/#primaryimage","url":"https:\/\/i0.wp.com\/truusk.store\/wp-content\/uploads\/2025\/06\/kattskap-for-kattlada-kattladeskap-med-utdragbart-skap-strouppsamlingsmatta-katt-hus-for-inomhus-78-x-50-x-51-cm-ek-1.webp?fit=2000%2C2000&ssl=1","contentUrl":"https:\/\/i0.wp.com\/truusk.store\/wp-content\/uploads\/2025\/06\/kattskap-for-kattlada-kattladeskap-med-utdragbart-skap-strouppsamlingsmatta-katt-hus-for-inomhus-78-x-50-x-51-cm-ek-1.webp?fit=2000%2C2000&ssl=1","width":2000,"height":2000},{"@type":"BreadcrumbList","@id":"https:\/\/truusk.store\/sv\/produkt\/truusk-kattskap-for-kattlada-med-utdragbart-skap-strouppsamlingsmatta-inomhus-hus-78-x-50-x-51-cm-ek\/#breadcrumb","itemListElement":[{"@type":"ListItem","position":1,"name":"Home","item":"https:\/\/truusk.store\/sv\/"},{"@type":"ListItem","position":2,"name":"Shop","item":"https:\/\/truusk.store\/shop\/"},{"@type":"ListItem","position":3,"name":"TRUUSK Kattsk\u00e5p F\u00f6r Kattl\u00e5da &#8211; Med Utdragbart Sk\u00e5p &#8211; Str\u00f6uppsamlingsmatta &#8211; Inomhus Hus &#8211; 78 x 50 x 51 cm &#8211; Ek"}]},{"@type":"WebSite","@id":"https:\/\/truusk.store\/sv\/#website","url":"https:\/\/truusk.store\/sv\/","name":"TRUUSK - Hem, Tr\u00e4dg\u00e5rd & Fritid","description":"","publisher":{"@id":"https:\/\/truusk.store\/sv\/#organization"},"potentialAction":[{"@type":"SearchAction","target":{"@type":"EntryPoint","urlTemplate":"https:\/\/truusk.store\/sv\/?s={search_term_string}"},"query-input":{"@type":"PropertyValueSpecification","valueRequired":true,"valueName":"search_term_string"}}],"inLanguage":"sv-SE"},{"@type":"Organization","@id":"https:\/\/truusk.store\/sv\/#organization","name":"TRUUSK - Hem, Tr\u00e4dg\u00e5rd & Fritid","url":"https:\/\/truusk.store\/sv\/","logo":{"@type":"ImageObject","inLanguage":"sv-SE","@id":"https:\/\/truusk.store\/sv\/#\/schema\/logo\/image\/","url":"https:\/\/i0.wp.com\/truusk.store\/wp-content\/uploads\/2026\/03\/cropped-TRUUSK.png?fit=2032%2C917&ssl=1","contentUrl":"https:\/\/i0.wp.com\/truusk.store\/wp-content\/uploads\/2026\/03\/cropped-TRUUSK.png?fit=2032%2C917&ssl=1","width":2032,"height":917,"caption":"TRUUSK - Hem, Tr\u00e4dg\u00e5rd & Fritid"},"image":{"@id":"https:\/\/truusk.store\/sv\/#\/schema\/logo\/image\/"}}]}},"jetpack_sharing_enabled":true,"_links":{"self":[{"href":"https:\/\/truusk.store\/sv\/wp-json\/wp\/v2\/product\/79848","targetHints":{"allow":["GET"]}}],"collection":[{"href":"https:\/\/truusk.store\/sv\/wp-json\/wp\/v2\/product"}],"about":[{"href":"https:\/\/truusk.store\/sv\/wp-json\/wp\/v2\/types\/product"}],"wp:featuredmedia":[{"embeddable":true,"href":"https:\/\/truusk.store\/sv\/wp-json\/wp\/v2\/media\/79839"}],"wp:attachment":[{"href":"https:\/\/truusk.store\/sv\/wp-json\/wp\/v2\/media?parent=79848"}],"wp:term":[{"taxonomy":"product_brand","embeddable":true,"href":"https:\/\/truusk.store\/sv\/wp-json\/wp\/v2\/product_brand?post=79848"},{"taxonomy":"product_cat","embeddable":true,"href":"https:\/\/truusk.store\/sv\/wp-json\/wp\/v2\/product_cat?post=79848"},{"taxonomy":"product_tag","embeddable":true,"href":"https:\/\/truusk.store\/sv\/wp-json\/wp\/v2\/product_tag?post=79848"}],"curies":[{"name":"wp","href":"https:\/\/api.w.org\/{rel}","templated":true}]}}