{"id":79888,"date":"2025-06-11T12:16:08","date_gmt":"2025-06-11T11:16:08","guid":{"rendered":"https:\/\/truusk.store\/product\/matbord-runt-koksbord-modernt-matsalsbord-med-tralookplatta-for-4-personer-kaffebord-for-vardagsrum-o70-x-76-cm-ek\/"},"modified":"2026-03-12T08:44:25","modified_gmt":"2026-03-12T07:44:25","slug":"truusk-runt-matbord-i-modernt-design-tralookplatta-for-4-personer-o70-x-76-cm-ek","status":"publish","type":"product","link":"https:\/\/truusk.store\/sv\/produkt\/truusk-runt-matbord-i-modernt-design-tralookplatta-for-4-personer-o70-x-76-cm-ek\/","title":{"rendered":"TRUUSK Runt Matbord i Modernt Design &#8211; Tr\u00e4lookplatta &#8211; F\u00f6r 4 Personer &#8211; \u00d870 X 76 cm &#8211; Ek"},"content":{"rendered":"<p>Upplev en ny matk\u00e4nsla med TRUUSK matbord! Bordsskivan i elegant ektr\u00e4utseende och stilfull kantf\u00f6rsegling g\u00f6r det till det idealiska m\u00f6belstycket f\u00f6r mindre rum. Den runda foten ger stabilitet, st\u00f6dd av halkfria fotdynor. Perfekt f\u00f6r hemmakontor eller vardagsrum, erbjuder bordet plats f\u00f6r tv\u00e5 till fyra personer och f\u00f6rvandlar varje m\u00e5ltid till en mysig samvaro.<\/p>\n<p>Beskrivning:<\/p>\n<ul>\n<li> Bordsskiva i ektr\u00e4utseende och svart kantf\u00f6rst\u00e4rkning \u00f6kar den moderna estetiska dragningskraften<\/li>\n<li> Kompakt design erbjuder plats f\u00f6r tv\u00e5 till fyra personer<\/li>\n<li> Rund bas ger stabilitet och l\u00e4gger till stil<\/li>\n<li> Halkfria fotdynor f\u00f6rhindrar r\u00f6relser och skyddar golvet<\/li>\n<li> L\u00e4mplig f\u00f6r hemmakontor, vardagsrum och andra omr\u00e5den<\/li>\n<li> Montering kr\u00e4vs<\/li>\n<\/ul>\n<p> Tekniska data:<\/p>\n<ul>\n<li> F\u00e4rg: Ek<\/li>\n<li> Material: MDF, Metall<\/li>\n<li> Totala dimensioner: \u00d870 x 76H cm<\/li>\n<li> Minsta l\u00e4mpliga yta: 4 m\u00b2<\/li>\n<li> B\u00e4rkapacitet: 30 kg<\/li>\n<\/ul>\n<p>Leveransinneh\u00e5ll:<\/p>\n<ul>\n<li> 1 x Matbord<\/li>\n<li> 1 x Bruksanvisning<\/li>\n<\/ul>\n","protected":false},"excerpt":{"rendered":"<p>Upplev en ny matk\u00e4nsla med TRUUSK matbord! Bordsskivan i elegant ektr\u00e4utseende och stilfull kantf\u00f6rsegling g\u00f6r det till det idealiska m\u00f6belstycket&#8230;<\/p>\n","protected":false},"featured_media":79879,"template":"","meta":[],"product_brand":[],"product_cat":[871,889,509],"product_tag":[],"class_list":{"0":"post-79888","1":"product","2":"type-product","3":"status-publish","4":"has-post-thumbnail","6":"product_cat-hus-hem","7":"product_cat-kok-matsal","8":"product_cat-matbord","10":"first","11":"instock","12":"sale","13":"taxable","14":"shipping-taxable","15":"purchasable","16":"product-type-simple"},"yoast_head":"<!-- This site is optimized with the Yoast SEO plugin v25.4 - https:\/\/yoast.com\/wordpress\/plugins\/seo\/ -->\n<title>TRUUSK Runt Matbord i Modernt Design - Tr\u00e4lookplatta - F\u00f6r 4 Personer - \u00d870 X 76 cm - Ek - TRUUSK - Hem, Tr\u00e4dg\u00e5rd &amp; Fritid<\/title>\n<meta name=\"robots\" content=\"index, follow, max-snippet:-1, max-image-preview:large, max-video-preview:-1\" \/>\n<link rel=\"canonical\" href=\"https:\/\/truusk.store\/sv\/produkt\/truusk-runt-matbord-i-modernt-design-tralookplatta-for-4-personer-o70-x-76-cm-ek\/\" \/>\n<meta property=\"og:locale\" content=\"sv_SE\" \/>\n<meta property=\"og:type\" content=\"article\" \/>\n<meta property=\"og:title\" content=\"TRUUSK Runt Matbord i Modernt Design - Tr\u00e4lookplatta - F\u00f6r 4 Personer - \u00d870 X 76 cm - Ek - TRUUSK - Hem, Tr\u00e4dg\u00e5rd &amp; Fritid\" \/>\n<meta property=\"og:description\" content=\"Upplev en ny matk\u00e4nsla med TRUUSK matbord! Bordsskivan i elegant ektr\u00e4utseende och stilfull kantf\u00f6rsegling g\u00f6r det till det idealiska m\u00f6belstycket...\" \/>\n<meta property=\"og:url\" content=\"https:\/\/truusk.store\/sv\/produkt\/truusk-runt-matbord-i-modernt-design-tralookplatta-for-4-personer-o70-x-76-cm-ek\/\" \/>\n<meta property=\"og:site_name\" content=\"TRUUSK - Hem, Tr\u00e4dg\u00e5rd &amp; Fritid\" \/>\n<meta property=\"article:modified_time\" content=\"2026-03-12T07:44:25+00:00\" \/>\n<meta property=\"og:image\" content=\"https:\/\/i0.wp.com\/truusk.se\/wp-content\/uploads\/2025\/06\/matbord-runt-koksbord-modernt-matsalsbord-med-tralookplatta-for-4-personer-kaffebord-for-vardagsrum-o70-x-76-cm-ek-1.webp?fit=2000%2C2000&ssl=1\" \/>\n\t<meta property=\"og:image:width\" content=\"2000\" \/>\n\t<meta property=\"og:image:height\" content=\"2000\" \/>\n\t<meta property=\"og:image:type\" content=\"image\/webp\" \/>\n<meta name=\"twitter:card\" content=\"summary_large_image\" \/>\n<meta name=\"twitter:label1\" content=\"Ber\u00e4knad l\u00e4stid\" \/>\n\t<meta name=\"twitter:data1\" content=\"1 minut\" \/>\n<!-- \/ Yoast SEO plugin. -->","yoast_head_json":{"title":"TRUUSK Runt Matbord i Modernt Design - Tr\u00e4lookplatta - F\u00f6r 4 Personer - \u00d870 X 76 cm - Ek - TRUUSK - Hem, Tr\u00e4dg\u00e5rd &amp; Fritid","robots":{"index":"index","follow":"follow","max-snippet":"max-snippet:-1","max-image-preview":"max-image-preview:large","max-video-preview":"max-video-preview:-1"},"canonical":"https:\/\/truusk.store\/sv\/produkt\/truusk-runt-matbord-i-modernt-design-tralookplatta-for-4-personer-o70-x-76-cm-ek\/","og_locale":"sv_SE","og_type":"article","og_title":"TRUUSK Runt Matbord i Modernt Design - Tr\u00e4lookplatta - F\u00f6r 4 Personer - \u00d870 X 76 cm - Ek - TRUUSK - Hem, Tr\u00e4dg\u00e5rd &amp; Fritid","og_description":"Upplev en ny matk\u00e4nsla med TRUUSK matbord! Bordsskivan i elegant ektr\u00e4utseende och stilfull kantf\u00f6rsegling g\u00f6r det till det idealiska m\u00f6belstycket...","og_url":"https:\/\/truusk.store\/sv\/produkt\/truusk-runt-matbord-i-modernt-design-tralookplatta-for-4-personer-o70-x-76-cm-ek\/","og_site_name":"TRUUSK - Hem, Tr\u00e4dg\u00e5rd &amp; Fritid","article_modified_time":"2026-03-12T07:44:25+00:00","og_image":[{"width":2000,"height":2000,"url":"https:\/\/i0.wp.com\/truusk.se\/wp-content\/uploads\/2025\/06\/matbord-runt-koksbord-modernt-matsalsbord-med-tralookplatta-for-4-personer-kaffebord-for-vardagsrum-o70-x-76-cm-ek-1.webp?fit=2000%2C2000&ssl=1","type":"image\/webp"}],"twitter_card":"summary_large_image","twitter_misc":{"Ber\u00e4knad l\u00e4stid":"1 minut"},"schema":{"@context":"https:\/\/schema.org","@graph":[{"@type":"WebPage","@id":"https:\/\/truusk.store\/sv\/produkt\/truusk-runt-matbord-i-modernt-design-tralookplatta-for-4-personer-o70-x-76-cm-ek\/","url":"https:\/\/truusk.store\/sv\/produkt\/truusk-runt-matbord-i-modernt-design-tralookplatta-for-4-personer-o70-x-76-cm-ek\/","name":"TRUUSK Runt Matbord i Modernt Design - Tr\u00e4lookplatta - F\u00f6r 4 Personer - \u00d870 X 76 cm - Ek - TRUUSK - Hem, Tr\u00e4dg\u00e5rd &amp; Fritid","isPartOf":{"@id":"https:\/\/truusk.store\/sv\/#website"},"primaryImageOfPage":{"@id":"https:\/\/truusk.store\/sv\/produkt\/truusk-runt-matbord-i-modernt-design-tralookplatta-for-4-personer-o70-x-76-cm-ek\/#primaryimage"},"image":{"@id":"https:\/\/truusk.store\/sv\/produkt\/truusk-runt-matbord-i-modernt-design-tralookplatta-for-4-personer-o70-x-76-cm-ek\/#primaryimage"},"thumbnailUrl":"https:\/\/i0.wp.com\/truusk.store\/wp-content\/uploads\/2025\/06\/matbord-runt-koksbord-modernt-matsalsbord-med-tralookplatta-for-4-personer-kaffebord-for-vardagsrum-o70-x-76-cm-ek-1.webp?fit=2000%2C2000&ssl=1","datePublished":"2025-06-11T11:16:08+00:00","dateModified":"2026-03-12T07:44:25+00:00","breadcrumb":{"@id":"https:\/\/truusk.store\/sv\/produkt\/truusk-runt-matbord-i-modernt-design-tralookplatta-for-4-personer-o70-x-76-cm-ek\/#breadcrumb"},"inLanguage":"sv-SE","potentialAction":[{"@type":"ReadAction","target":["https:\/\/truusk.store\/sv\/produkt\/truusk-runt-matbord-i-modernt-design-tralookplatta-for-4-personer-o70-x-76-cm-ek\/"]}]},{"@type":"ImageObject","inLanguage":"sv-SE","@id":"https:\/\/truusk.store\/sv\/produkt\/truusk-runt-matbord-i-modernt-design-tralookplatta-for-4-personer-o70-x-76-cm-ek\/#primaryimage","url":"https:\/\/i0.wp.com\/truusk.store\/wp-content\/uploads\/2025\/06\/matbord-runt-koksbord-modernt-matsalsbord-med-tralookplatta-for-4-personer-kaffebord-for-vardagsrum-o70-x-76-cm-ek-1.webp?fit=2000%2C2000&ssl=1","contentUrl":"https:\/\/i0.wp.com\/truusk.store\/wp-content\/uploads\/2025\/06\/matbord-runt-koksbord-modernt-matsalsbord-med-tralookplatta-for-4-personer-kaffebord-for-vardagsrum-o70-x-76-cm-ek-1.webp?fit=2000%2C2000&ssl=1","width":2000,"height":2000},{"@type":"BreadcrumbList","@id":"https:\/\/truusk.store\/sv\/produkt\/truusk-runt-matbord-i-modernt-design-tralookplatta-for-4-personer-o70-x-76-cm-ek\/#breadcrumb","itemListElement":[{"@type":"ListItem","position":1,"name":"Home","item":"https:\/\/truusk.store\/sv\/"},{"@type":"ListItem","position":2,"name":"Shop","item":"https:\/\/truusk.store\/shop\/"},{"@type":"ListItem","position":3,"name":"TRUUSK Runt Matbord i Modernt Design &#8211; Tr\u00e4lookplatta &#8211; F\u00f6r 4 Personer &#8211; \u00d870 X 76 cm &#8211; Ek"}]},{"@type":"WebSite","@id":"https:\/\/truusk.store\/sv\/#website","url":"https:\/\/truusk.store\/sv\/","name":"TRUUSK - Hem, Tr\u00e4dg\u00e5rd & Fritid","description":"","publisher":{"@id":"https:\/\/truusk.store\/sv\/#organization"},"potentialAction":[{"@type":"SearchAction","target":{"@type":"EntryPoint","urlTemplate":"https:\/\/truusk.store\/sv\/?s={search_term_string}"},"query-input":{"@type":"PropertyValueSpecification","valueRequired":true,"valueName":"search_term_string"}}],"inLanguage":"sv-SE"},{"@type":"Organization","@id":"https:\/\/truusk.store\/sv\/#organization","name":"TRUUSK - Hem, Tr\u00e4dg\u00e5rd & Fritid","url":"https:\/\/truusk.store\/sv\/","logo":{"@type":"ImageObject","inLanguage":"sv-SE","@id":"https:\/\/truusk.store\/sv\/#\/schema\/logo\/image\/","url":"https:\/\/i0.wp.com\/truusk.store\/wp-content\/uploads\/2026\/03\/cropped-TRUUSK.png?fit=2032%2C917&ssl=1","contentUrl":"https:\/\/i0.wp.com\/truusk.store\/wp-content\/uploads\/2026\/03\/cropped-TRUUSK.png?fit=2032%2C917&ssl=1","width":2032,"height":917,"caption":"TRUUSK - Hem, Tr\u00e4dg\u00e5rd & Fritid"},"image":{"@id":"https:\/\/truusk.store\/sv\/#\/schema\/logo\/image\/"}}]}},"jetpack_sharing_enabled":true,"_links":{"self":[{"href":"https:\/\/truusk.store\/sv\/wp-json\/wp\/v2\/product\/79888","targetHints":{"allow":["GET"]}}],"collection":[{"href":"https:\/\/truusk.store\/sv\/wp-json\/wp\/v2\/product"}],"about":[{"href":"https:\/\/truusk.store\/sv\/wp-json\/wp\/v2\/types\/product"}],"wp:featuredmedia":[{"embeddable":true,"href":"https:\/\/truusk.store\/sv\/wp-json\/wp\/v2\/media\/79879"}],"wp:attachment":[{"href":"https:\/\/truusk.store\/sv\/wp-json\/wp\/v2\/media?parent=79888"}],"wp:term":[{"taxonomy":"product_brand","embeddable":true,"href":"https:\/\/truusk.store\/sv\/wp-json\/wp\/v2\/product_brand?post=79888"},{"taxonomy":"product_cat","embeddable":true,"href":"https:\/\/truusk.store\/sv\/wp-json\/wp\/v2\/product_cat?post=79888"},{"taxonomy":"product_tag","embeddable":true,"href":"https:\/\/truusk.store\/sv\/wp-json\/wp\/v2\/product_tag?post=79888"}],"curies":[{"name":"wp","href":"https:\/\/api.w.org\/{rel}","templated":true}]}}