{"id":79909,"date":"2025-06-12T12:23:42","date_gmt":"2025-06-12T11:23:42","guid":{"rendered":"https:\/\/truusk.store\/product\/sidobord-soffbord-med-hjul-hylla-kaffebord-i-industriell-stil-for-vardagsrum-sovrum-morkbrunt-51-x-33-x-66-cm\/"},"modified":"2026-03-12T09:10:24","modified_gmt":"2026-03-12T08:10:24","slug":"truusk-sidobord-med-hjul-och-hylla-industriell-stil-for-vardagsrum-och-sovrum-morkbrunt-51-x-33-x-66-cm","status":"publish","type":"product","link":"https:\/\/truusk.store\/sv\/produkt\/truusk-sidobord-med-hjul-och-hylla-industriell-stil-for-vardagsrum-och-sovrum-morkbrunt-51-x-33-x-66-cm\/","title":{"rendered":"TRUUSK Sidobord med Hjul och Hylla &#8211; Industriell Stil &#8211; F\u00f6r Vardagsrum och Sovrum &#8211; M\u00f6rkbrunt &#8211; 51 x 33 x 66 cm"},"content":{"rendered":"<p>Den C-formade sidobordet i industriell stil passar utm\u00e4rkt bredvid soffa eller s\u00e4ng och kan ocks\u00e5 anv\u00e4ndas som extra f\u00f6rvaring i vardagsrummet. Dess rustika design av soffbordet passar s\u00f6ml\u00f6st in i alla inredningar. Med sin gener\u00f6sa yta och tv\u00e5 \u00f6ppna hyllor erbjuder det gott om plats f\u00f6r dekoration, b\u00f6cker och mer. Tack vare hjulen \u00e4r det kompakta bordet universellt anv\u00e4ndbart och l\u00e4tt att flytta.<\/p>\n<p>Beskrivning:<\/p>\n<ul>\n<li> Litet C-format sidobord i industriell stil<\/li>\n<li> Idealisk som sidobord bredvid soffa eller s\u00e4ng, eller som extra bord i vardagsrummet<\/li>\n<li> Dess rustika och moderna design av nattduksbordet passar perfekt in i alla inredningsstilar<\/li>\n<li> Har en stor arbetsyta och tv\u00e5 \u00f6ppna hyllor<\/li>\n<li> Hyllorna p\u00e5 soffbordet har upph\u00f6jda kanter f\u00f6r att f\u00f6rhindra att saker faller ner<\/li>\n<li> Utrustad med fyra roterande hjul f\u00f6r l\u00e4tt r\u00f6rlighet, tv\u00e5 av dem med bromsar f\u00f6r \u00f6kad stabilitet<\/li>\n<li> Tillverkad av st\u00e5l och MDF, h\u00e5llbara material f\u00f6r l\u00e5ngvarig anv\u00e4ndning<\/li>\n<li> Montering kr\u00e4vs<\/li>\n<\/ul>\n<p> Tekniska data:<\/p>\n<ul>\n<li> F\u00e4rg: M\u00f6rkbrun+Svart<\/li>\n<li> Material: St\u00e5l, MDF<\/li>\n<li> Totala dimensioner: 51L x 33B x 66H cm<\/li>\n<li> M\u00e5tt p\u00e5 arbetsytan: 51L x 33B cm<\/li>\n<li> Hyllm\u00e5tt: 25,5L x 28B x 22,4H cm (\u00f6vre) och 25,5L x 28B x 23,4H cm (nedre)<\/li>\n<li> Belastningskapacitet: 20 kg (totalt), 10 kg (arbetsyta), 5 kg (varje hylla)<\/li>\n<\/ul>\n<p>Leveransinneh\u00e5ll:<\/p>\n<ul>\n<li> 1 x Sidobord<\/li>\n<li> 1 x Bruksanvisning<\/li>\n<\/ul>\n","protected":false},"excerpt":{"rendered":"<p>Den C-formade sidobordet i industriell stil passar utm\u00e4rkt bredvid soffa eller s\u00e4ng och kan ocks\u00e5 anv\u00e4ndas som extra f\u00f6rvaring i&#8230;<\/p>\n","protected":false},"featured_media":79900,"template":"","meta":[],"product_brand":[],"product_cat":[871,957,910],"product_tag":[],"class_list":{"0":"post-79909","1":"product","2":"type-product","3":"status-publish","4":"has-post-thumbnail","6":"product_cat-hus-hem","7":"product_cat-sidobord","8":"product_cat-vardagsrum","10":"first","11":"instock","12":"sale","13":"taxable","14":"shipping-taxable","15":"purchasable","16":"product-type-simple"},"yoast_head":"<!-- This site is optimized with the Yoast SEO plugin v25.4 - https:\/\/yoast.com\/wordpress\/plugins\/seo\/ -->\n<title>TRUUSK Sidobord med Hjul och Hylla - Industriell Stil - F\u00f6r Vardagsrum och Sovrum - M\u00f6rkbrunt - 51 x 33 x 66 cm - TRUUSK - Hem, Tr\u00e4dg\u00e5rd &amp; Fritid<\/title>\n<meta name=\"robots\" content=\"index, follow, max-snippet:-1, max-image-preview:large, max-video-preview:-1\" \/>\n<link rel=\"canonical\" href=\"https:\/\/truusk.store\/sv\/produkt\/truusk-sidobord-med-hjul-och-hylla-industriell-stil-for-vardagsrum-och-sovrum-morkbrunt-51-x-33-x-66-cm\/\" \/>\n<meta property=\"og:locale\" content=\"sv_SE\" \/>\n<meta property=\"og:type\" content=\"article\" \/>\n<meta property=\"og:title\" content=\"TRUUSK Sidobord med Hjul och Hylla - Industriell Stil - F\u00f6r Vardagsrum och Sovrum - M\u00f6rkbrunt - 51 x 33 x 66 cm - TRUUSK - Hem, Tr\u00e4dg\u00e5rd &amp; Fritid\" \/>\n<meta property=\"og:description\" content=\"Den C-formade sidobordet i industriell stil passar utm\u00e4rkt bredvid soffa eller s\u00e4ng och kan ocks\u00e5 anv\u00e4ndas som extra f\u00f6rvaring i...\" \/>\n<meta property=\"og:url\" content=\"https:\/\/truusk.store\/sv\/produkt\/truusk-sidobord-med-hjul-och-hylla-industriell-stil-for-vardagsrum-och-sovrum-morkbrunt-51-x-33-x-66-cm\/\" \/>\n<meta property=\"og:site_name\" content=\"TRUUSK - Hem, Tr\u00e4dg\u00e5rd &amp; Fritid\" \/>\n<meta property=\"article:modified_time\" content=\"2026-03-12T08:10:24+00:00\" \/>\n<meta property=\"og:image\" content=\"https:\/\/i0.wp.com\/truusk.se\/wp-content\/uploads\/2025\/06\/sidobord-soffbord-med-hjul-hylla-kaffebord-i-industriell-stil-for-vardagsrum-sovrum-morkbrunt-51-x-33-x-66-cm-1.webp?fit=2000%2C2000&ssl=1\" \/>\n\t<meta property=\"og:image:width\" content=\"2000\" \/>\n\t<meta property=\"og:image:height\" content=\"2000\" \/>\n\t<meta property=\"og:image:type\" content=\"image\/webp\" \/>\n<meta name=\"twitter:card\" content=\"summary_large_image\" \/>\n<meta name=\"twitter:label1\" content=\"Ber\u00e4knad l\u00e4stid\" \/>\n\t<meta name=\"twitter:data1\" content=\"1 minut\" \/>\n<!-- \/ Yoast SEO plugin. -->","yoast_head_json":{"title":"TRUUSK Sidobord med Hjul och Hylla - Industriell Stil - F\u00f6r Vardagsrum och Sovrum - M\u00f6rkbrunt - 51 x 33 x 66 cm - TRUUSK - Hem, Tr\u00e4dg\u00e5rd &amp; Fritid","robots":{"index":"index","follow":"follow","max-snippet":"max-snippet:-1","max-image-preview":"max-image-preview:large","max-video-preview":"max-video-preview:-1"},"canonical":"https:\/\/truusk.store\/sv\/produkt\/truusk-sidobord-med-hjul-och-hylla-industriell-stil-for-vardagsrum-och-sovrum-morkbrunt-51-x-33-x-66-cm\/","og_locale":"sv_SE","og_type":"article","og_title":"TRUUSK Sidobord med Hjul och Hylla - Industriell Stil - F\u00f6r Vardagsrum och Sovrum - M\u00f6rkbrunt - 51 x 33 x 66 cm - TRUUSK - Hem, Tr\u00e4dg\u00e5rd &amp; Fritid","og_description":"Den C-formade sidobordet i industriell stil passar utm\u00e4rkt bredvid soffa eller s\u00e4ng och kan ocks\u00e5 anv\u00e4ndas som extra f\u00f6rvaring i...","og_url":"https:\/\/truusk.store\/sv\/produkt\/truusk-sidobord-med-hjul-och-hylla-industriell-stil-for-vardagsrum-och-sovrum-morkbrunt-51-x-33-x-66-cm\/","og_site_name":"TRUUSK - Hem, Tr\u00e4dg\u00e5rd &amp; Fritid","article_modified_time":"2026-03-12T08:10:24+00:00","og_image":[{"width":2000,"height":2000,"url":"https:\/\/i0.wp.com\/truusk.se\/wp-content\/uploads\/2025\/06\/sidobord-soffbord-med-hjul-hylla-kaffebord-i-industriell-stil-for-vardagsrum-sovrum-morkbrunt-51-x-33-x-66-cm-1.webp?fit=2000%2C2000&ssl=1","type":"image\/webp"}],"twitter_card":"summary_large_image","twitter_misc":{"Ber\u00e4knad l\u00e4stid":"1 minut"},"schema":{"@context":"https:\/\/schema.org","@graph":[{"@type":"WebPage","@id":"https:\/\/truusk.store\/sv\/produkt\/truusk-sidobord-med-hjul-och-hylla-industriell-stil-for-vardagsrum-och-sovrum-morkbrunt-51-x-33-x-66-cm\/","url":"https:\/\/truusk.store\/sv\/produkt\/truusk-sidobord-med-hjul-och-hylla-industriell-stil-for-vardagsrum-och-sovrum-morkbrunt-51-x-33-x-66-cm\/","name":"TRUUSK Sidobord med Hjul och Hylla - Industriell Stil - F\u00f6r Vardagsrum och Sovrum - M\u00f6rkbrunt - 51 x 33 x 66 cm - TRUUSK - Hem, Tr\u00e4dg\u00e5rd &amp; Fritid","isPartOf":{"@id":"https:\/\/truusk.store\/sv\/#website"},"primaryImageOfPage":{"@id":"https:\/\/truusk.store\/sv\/produkt\/truusk-sidobord-med-hjul-och-hylla-industriell-stil-for-vardagsrum-och-sovrum-morkbrunt-51-x-33-x-66-cm\/#primaryimage"},"image":{"@id":"https:\/\/truusk.store\/sv\/produkt\/truusk-sidobord-med-hjul-och-hylla-industriell-stil-for-vardagsrum-och-sovrum-morkbrunt-51-x-33-x-66-cm\/#primaryimage"},"thumbnailUrl":"https:\/\/i0.wp.com\/truusk.store\/wp-content\/uploads\/2025\/06\/sidobord-soffbord-med-hjul-hylla-kaffebord-i-industriell-stil-for-vardagsrum-sovrum-morkbrunt-51-x-33-x-66-cm-1.webp?fit=2000%2C2000&ssl=1","datePublished":"2025-06-12T11:23:42+00:00","dateModified":"2026-03-12T08:10:24+00:00","breadcrumb":{"@id":"https:\/\/truusk.store\/sv\/produkt\/truusk-sidobord-med-hjul-och-hylla-industriell-stil-for-vardagsrum-och-sovrum-morkbrunt-51-x-33-x-66-cm\/#breadcrumb"},"inLanguage":"sv-SE","potentialAction":[{"@type":"ReadAction","target":["https:\/\/truusk.store\/sv\/produkt\/truusk-sidobord-med-hjul-och-hylla-industriell-stil-for-vardagsrum-och-sovrum-morkbrunt-51-x-33-x-66-cm\/"]}]},{"@type":"ImageObject","inLanguage":"sv-SE","@id":"https:\/\/truusk.store\/sv\/produkt\/truusk-sidobord-med-hjul-och-hylla-industriell-stil-for-vardagsrum-och-sovrum-morkbrunt-51-x-33-x-66-cm\/#primaryimage","url":"https:\/\/i0.wp.com\/truusk.store\/wp-content\/uploads\/2025\/06\/sidobord-soffbord-med-hjul-hylla-kaffebord-i-industriell-stil-for-vardagsrum-sovrum-morkbrunt-51-x-33-x-66-cm-1.webp?fit=2000%2C2000&ssl=1","contentUrl":"https:\/\/i0.wp.com\/truusk.store\/wp-content\/uploads\/2025\/06\/sidobord-soffbord-med-hjul-hylla-kaffebord-i-industriell-stil-for-vardagsrum-sovrum-morkbrunt-51-x-33-x-66-cm-1.webp?fit=2000%2C2000&ssl=1","width":2000,"height":2000},{"@type":"BreadcrumbList","@id":"https:\/\/truusk.store\/sv\/produkt\/truusk-sidobord-med-hjul-och-hylla-industriell-stil-for-vardagsrum-och-sovrum-morkbrunt-51-x-33-x-66-cm\/#breadcrumb","itemListElement":[{"@type":"ListItem","position":1,"name":"Home","item":"https:\/\/truusk.store\/sv\/"},{"@type":"ListItem","position":2,"name":"Shop","item":"https:\/\/truusk.store\/shop\/"},{"@type":"ListItem","position":3,"name":"TRUUSK Sidobord med Hjul och Hylla &#8211; Industriell Stil &#8211; F\u00f6r Vardagsrum och Sovrum &#8211; M\u00f6rkbrunt &#8211; 51 x 33 x 66 cm"}]},{"@type":"WebSite","@id":"https:\/\/truusk.store\/sv\/#website","url":"https:\/\/truusk.store\/sv\/","name":"TRUUSK - Hem, Tr\u00e4dg\u00e5rd & Fritid","description":"","publisher":{"@id":"https:\/\/truusk.store\/sv\/#organization"},"potentialAction":[{"@type":"SearchAction","target":{"@type":"EntryPoint","urlTemplate":"https:\/\/truusk.store\/sv\/?s={search_term_string}"},"query-input":{"@type":"PropertyValueSpecification","valueRequired":true,"valueName":"search_term_string"}}],"inLanguage":"sv-SE"},{"@type":"Organization","@id":"https:\/\/truusk.store\/sv\/#organization","name":"TRUUSK - Hem, Tr\u00e4dg\u00e5rd & Fritid","url":"https:\/\/truusk.store\/sv\/","logo":{"@type":"ImageObject","inLanguage":"sv-SE","@id":"https:\/\/truusk.store\/sv\/#\/schema\/logo\/image\/","url":"https:\/\/i0.wp.com\/truusk.store\/wp-content\/uploads\/2026\/03\/cropped-TRUUSK.png?fit=2032%2C917&ssl=1","contentUrl":"https:\/\/i0.wp.com\/truusk.store\/wp-content\/uploads\/2026\/03\/cropped-TRUUSK.png?fit=2032%2C917&ssl=1","width":2032,"height":917,"caption":"TRUUSK - Hem, Tr\u00e4dg\u00e5rd & Fritid"},"image":{"@id":"https:\/\/truusk.store\/sv\/#\/schema\/logo\/image\/"}}]}},"jetpack_sharing_enabled":true,"_links":{"self":[{"href":"https:\/\/truusk.store\/sv\/wp-json\/wp\/v2\/product\/79909","targetHints":{"allow":["GET"]}}],"collection":[{"href":"https:\/\/truusk.store\/sv\/wp-json\/wp\/v2\/product"}],"about":[{"href":"https:\/\/truusk.store\/sv\/wp-json\/wp\/v2\/types\/product"}],"wp:featuredmedia":[{"embeddable":true,"href":"https:\/\/truusk.store\/sv\/wp-json\/wp\/v2\/media\/79900"}],"wp:attachment":[{"href":"https:\/\/truusk.store\/sv\/wp-json\/wp\/v2\/media?parent=79909"}],"wp:term":[{"taxonomy":"product_brand","embeddable":true,"href":"https:\/\/truusk.store\/sv\/wp-json\/wp\/v2\/product_brand?post=79909"},{"taxonomy":"product_cat","embeddable":true,"href":"https:\/\/truusk.store\/sv\/wp-json\/wp\/v2\/product_cat?post=79909"},{"taxonomy":"product_tag","embeddable":true,"href":"https:\/\/truusk.store\/sv\/wp-json\/wp\/v2\/product_tag?post=79909"}],"curies":[{"name":"wp","href":"https:\/\/api.w.org\/{rel}","templated":true}]}}