{"id":79919,"date":"2025-06-12T12:28:12","date_gmt":"2025-06-12T11:28:12","guid":{"rendered":"https:\/\/truusk.store\/product\/tradgardsskap-i-tra-for-utomhusbruk-vaderbestandigt-redskapsskjul-med-arbetsbank-dubbla-dorrar-hylla-redskapsskap-forvaringsskap-flerfunktionsskap-for-tradgard-terrass-79-x-43-x-92-cm-gra\/"},"modified":"2026-03-12T09:45:35","modified_gmt":"2026-03-12T08:45:35","slug":"truusk-tradgardsskap-i-tra-for-utomhusbruk-vaderbestandigt-arbetsbank-dubbla-dorrar-hylla-forvaringsskap","status":"publish","type":"product","link":"https:\/\/truusk.store\/sv\/produkt\/truusk-tradgardsskap-i-tra-for-utomhusbruk-vaderbestandigt-arbetsbank-dubbla-dorrar-hylla-forvaringsskap\/","title":{"rendered":"TRUUSK Tr\u00e4dg\u00e5rdssk\u00e5p i Tr\u00e4 f\u00f6r Utomhusbruk &#8211; V\u00e4derbest\u00e4ndigt &#8211; Arbetsb\u00e4nk &#8211; Dubbla D\u00f6rrar &#8211; Hylla &#8211; F\u00f6rvaringssk\u00e5p &#8211;"},"content":{"rendered":"<p>Forma om din tr\u00e4dg\u00e5rd med den multifunktionella, v\u00e4derbest\u00e4ndiga tr\u00e4dg\u00e5rdssk\u00e5pet fr\u00e5n TRUUSK! Anv\u00e4ndbar som b\u00e5de ett redskapsskjul och en stabil arbetsb\u00e4nk, erbjuder dess f\u00f6rzinkade yta skydd mot vatten och slitage f\u00f6r att h\u00e5lla verktyg, v\u00e4xter och tillbeh\u00f6r s\u00e4kra och torra. Tillverkad av solid, lackerat tr\u00e4, berikar denna konstruktion av redskapsskjulet stilfullt alla utomhusomr\u00e5den.<\/p>\n<p>Beskrivning:<\/p>\n<ul>\n<li> Fungerar b\u00e5de som tr\u00e4dg\u00e5rdssk\u00e5p och arbetsb\u00e4nk, f\u00f6r m\u00e5ngsidig anv\u00e4ndning<\/li>\n<li> F\u00f6rzinkad bordsyta av redskapssk\u00e5pet \u00e4r vatten- och slitagebest\u00e4ndig, garanterar torr lagring<\/li>\n<li> Inre hylla organiserar tr\u00e4dg\u00e5rdsverktyg, v\u00e4xter och mer effektivt<\/li>\n<li> Lackerat tr\u00e4 med fotlock p\u00e5 redskapsskjulet f\u00f6rhindrar korrosion, \u00f6kar h\u00e5llbarheten<\/li>\n<li> Montering kr\u00e4vs<\/li>\n<\/ul>\n<p> Tekniska data:<\/p>\n<ul>\n<li> F\u00e4rg: Gr\u00e5<\/li>\n<li> Material: Grantr\u00e4, f\u00f6rzinkat st\u00e5l<\/li>\n<li> Totala dimensioner: 79L x 43B x 92H cm<\/li>\n<li> Inre dimensioner: 73B x 38T cm<\/li>\n<li> Bordsstorlek: 79B x 43T cm<\/li>\n<li> Enkel d\u00f6rrstorlek: 35B x 76H cm<\/li>\n<li> Hyllstorlek: 73B x 36T cm<\/li>\n<li> H\u00f6jd fr\u00e5n botten till mark: 5,5 cm<\/li>\n<li> Belastningskapacitet: 30 kg (hylla)<\/li>\n<\/ul>\n<p>Leverans inneh\u00e5ller:<\/p>\n<ul>\n<li> 1 x Tr\u00e4dg\u00e5rdssk\u00e5p<\/li>\n<li> 1 x Bruksanvisning<\/li>\n<\/ul>\n","protected":false},"excerpt":{"rendered":"<p>Forma om din tr\u00e4dg\u00e5rd med den multifunktionella, v\u00e4derbest\u00e4ndiga tr\u00e4dg\u00e5rdssk\u00e5pet fr\u00e5n TRUUSK! Anv\u00e4ndbar som b\u00e5de ett redskapsskjul och en stabil arbetsb\u00e4nk,&#8230;<\/p>\n","protected":false},"featured_media":79910,"template":"","meta":[],"product_brand":[],"product_cat":[901,858,437],"product_tag":[],"class_list":{"0":"post-79919","1":"product","2":"type-product","3":"status-publish","4":"has-post-thumbnail","6":"product_cat-ordning-i-tradgarden","7":"product_cat-tradgard-terrass","8":"product_cat-tradgardsskap","10":"first","11":"instock","12":"sale","13":"taxable","14":"shipping-taxable","15":"purchasable","16":"product-type-simple"},"yoast_head":"<!-- This site is optimized with the Yoast SEO plugin v25.4 - https:\/\/yoast.com\/wordpress\/plugins\/seo\/ -->\n<title>TRUUSK Tr\u00e4dg\u00e5rdssk\u00e5p i Tr\u00e4 f\u00f6r Utomhusbruk - V\u00e4derbest\u00e4ndigt - Arbetsb\u00e4nk - Dubbla D\u00f6rrar - Hylla - F\u00f6rvaringssk\u00e5p - TRUUSK - Hem, Tr\u00e4dg\u00e5rd &amp; Fritid<\/title>\n<meta name=\"robots\" content=\"index, follow, max-snippet:-1, max-image-preview:large, max-video-preview:-1\" \/>\n<link rel=\"canonical\" href=\"https:\/\/truusk.store\/sv\/produkt\/truusk-tradgardsskap-i-tra-for-utomhusbruk-vaderbestandigt-arbetsbank-dubbla-dorrar-hylla-forvaringsskap\/\" \/>\n<meta property=\"og:locale\" content=\"sv_SE\" \/>\n<meta property=\"og:type\" content=\"article\" \/>\n<meta property=\"og:title\" content=\"TRUUSK Tr\u00e4dg\u00e5rdssk\u00e5p i Tr\u00e4 f\u00f6r Utomhusbruk - V\u00e4derbest\u00e4ndigt - Arbetsb\u00e4nk - Dubbla D\u00f6rrar - Hylla - F\u00f6rvaringssk\u00e5p - TRUUSK - Hem, Tr\u00e4dg\u00e5rd &amp; Fritid\" \/>\n<meta property=\"og:description\" content=\"Forma om din tr\u00e4dg\u00e5rd med den multifunktionella, v\u00e4derbest\u00e4ndiga tr\u00e4dg\u00e5rdssk\u00e5pet fr\u00e5n TRUUSK! Anv\u00e4ndbar som b\u00e5de ett redskapsskjul och en stabil arbetsb\u00e4nk,...\" \/>\n<meta property=\"og:url\" content=\"https:\/\/truusk.store\/sv\/produkt\/truusk-tradgardsskap-i-tra-for-utomhusbruk-vaderbestandigt-arbetsbank-dubbla-dorrar-hylla-forvaringsskap\/\" \/>\n<meta property=\"og:site_name\" content=\"TRUUSK - Hem, Tr\u00e4dg\u00e5rd &amp; Fritid\" \/>\n<meta property=\"article:modified_time\" content=\"2026-03-12T08:45:35+00:00\" \/>\n<meta property=\"og:image\" content=\"https:\/\/i0.wp.com\/truusk.se\/wp-content\/uploads\/2025\/06\/tradgardsskap-i-tra-for-utomhusbruk-vaderbestandigt-redskapsskjul-med-arbetsbank-dubbla-dorrar-hylla-redskapsskap-forvaringsskap-flerfunktionsskap-for-tradgard-terrass-79-x-43-x-92-cm-gra-1.webp?fit=2000%2C2000&ssl=1\" \/>\n\t<meta property=\"og:image:width\" content=\"2000\" \/>\n\t<meta property=\"og:image:height\" content=\"2000\" \/>\n\t<meta property=\"og:image:type\" content=\"image\/webp\" \/>\n<meta name=\"twitter:card\" content=\"summary_large_image\" \/>\n<meta name=\"twitter:label1\" content=\"Ber\u00e4knad l\u00e4stid\" \/>\n\t<meta name=\"twitter:data1\" content=\"1 minut\" \/>\n<!-- \/ Yoast SEO plugin. -->","yoast_head_json":{"title":"TRUUSK Tr\u00e4dg\u00e5rdssk\u00e5p i Tr\u00e4 f\u00f6r Utomhusbruk - V\u00e4derbest\u00e4ndigt - Arbetsb\u00e4nk - Dubbla D\u00f6rrar - Hylla - F\u00f6rvaringssk\u00e5p - TRUUSK - Hem, Tr\u00e4dg\u00e5rd &amp; Fritid","robots":{"index":"index","follow":"follow","max-snippet":"max-snippet:-1","max-image-preview":"max-image-preview:large","max-video-preview":"max-video-preview:-1"},"canonical":"https:\/\/truusk.store\/sv\/produkt\/truusk-tradgardsskap-i-tra-for-utomhusbruk-vaderbestandigt-arbetsbank-dubbla-dorrar-hylla-forvaringsskap\/","og_locale":"sv_SE","og_type":"article","og_title":"TRUUSK Tr\u00e4dg\u00e5rdssk\u00e5p i Tr\u00e4 f\u00f6r Utomhusbruk - V\u00e4derbest\u00e4ndigt - Arbetsb\u00e4nk - Dubbla D\u00f6rrar - Hylla - F\u00f6rvaringssk\u00e5p - TRUUSK - Hem, Tr\u00e4dg\u00e5rd &amp; Fritid","og_description":"Forma om din tr\u00e4dg\u00e5rd med den multifunktionella, v\u00e4derbest\u00e4ndiga tr\u00e4dg\u00e5rdssk\u00e5pet fr\u00e5n TRUUSK! Anv\u00e4ndbar som b\u00e5de ett redskapsskjul och en stabil arbetsb\u00e4nk,...","og_url":"https:\/\/truusk.store\/sv\/produkt\/truusk-tradgardsskap-i-tra-for-utomhusbruk-vaderbestandigt-arbetsbank-dubbla-dorrar-hylla-forvaringsskap\/","og_site_name":"TRUUSK - Hem, Tr\u00e4dg\u00e5rd &amp; Fritid","article_modified_time":"2026-03-12T08:45:35+00:00","og_image":[{"width":2000,"height":2000,"url":"https:\/\/i0.wp.com\/truusk.se\/wp-content\/uploads\/2025\/06\/tradgardsskap-i-tra-for-utomhusbruk-vaderbestandigt-redskapsskjul-med-arbetsbank-dubbla-dorrar-hylla-redskapsskap-forvaringsskap-flerfunktionsskap-for-tradgard-terrass-79-x-43-x-92-cm-gra-1.webp?fit=2000%2C2000&ssl=1","type":"image\/webp"}],"twitter_card":"summary_large_image","twitter_misc":{"Ber\u00e4knad l\u00e4stid":"1 minut"},"schema":{"@context":"https:\/\/schema.org","@graph":[{"@type":"WebPage","@id":"https:\/\/truusk.store\/sv\/produkt\/truusk-tradgardsskap-i-tra-for-utomhusbruk-vaderbestandigt-arbetsbank-dubbla-dorrar-hylla-forvaringsskap\/","url":"https:\/\/truusk.store\/sv\/produkt\/truusk-tradgardsskap-i-tra-for-utomhusbruk-vaderbestandigt-arbetsbank-dubbla-dorrar-hylla-forvaringsskap\/","name":"TRUUSK Tr\u00e4dg\u00e5rdssk\u00e5p i Tr\u00e4 f\u00f6r Utomhusbruk - V\u00e4derbest\u00e4ndigt - Arbetsb\u00e4nk - Dubbla D\u00f6rrar - Hylla - F\u00f6rvaringssk\u00e5p - TRUUSK - Hem, Tr\u00e4dg\u00e5rd &amp; Fritid","isPartOf":{"@id":"https:\/\/truusk.store\/sv\/#website"},"primaryImageOfPage":{"@id":"https:\/\/truusk.store\/sv\/produkt\/truusk-tradgardsskap-i-tra-for-utomhusbruk-vaderbestandigt-arbetsbank-dubbla-dorrar-hylla-forvaringsskap\/#primaryimage"},"image":{"@id":"https:\/\/truusk.store\/sv\/produkt\/truusk-tradgardsskap-i-tra-for-utomhusbruk-vaderbestandigt-arbetsbank-dubbla-dorrar-hylla-forvaringsskap\/#primaryimage"},"thumbnailUrl":"https:\/\/i0.wp.com\/truusk.store\/wp-content\/uploads\/2025\/06\/tradgardsskap-i-tra-for-utomhusbruk-vaderbestandigt-redskapsskjul-med-arbetsbank-dubbla-dorrar-hylla-redskapsskap-forvaringsskap-flerfunktionsskap-for-tradgard-terrass-79-x-43-x-92-cm-gra-1.webp?fit=2000%2C2000&ssl=1","datePublished":"2025-06-12T11:28:12+00:00","dateModified":"2026-03-12T08:45:35+00:00","breadcrumb":{"@id":"https:\/\/truusk.store\/sv\/produkt\/truusk-tradgardsskap-i-tra-for-utomhusbruk-vaderbestandigt-arbetsbank-dubbla-dorrar-hylla-forvaringsskap\/#breadcrumb"},"inLanguage":"sv-SE","potentialAction":[{"@type":"ReadAction","target":["https:\/\/truusk.store\/sv\/produkt\/truusk-tradgardsskap-i-tra-for-utomhusbruk-vaderbestandigt-arbetsbank-dubbla-dorrar-hylla-forvaringsskap\/"]}]},{"@type":"ImageObject","inLanguage":"sv-SE","@id":"https:\/\/truusk.store\/sv\/produkt\/truusk-tradgardsskap-i-tra-for-utomhusbruk-vaderbestandigt-arbetsbank-dubbla-dorrar-hylla-forvaringsskap\/#primaryimage","url":"https:\/\/i0.wp.com\/truusk.store\/wp-content\/uploads\/2025\/06\/tradgardsskap-i-tra-for-utomhusbruk-vaderbestandigt-redskapsskjul-med-arbetsbank-dubbla-dorrar-hylla-redskapsskap-forvaringsskap-flerfunktionsskap-for-tradgard-terrass-79-x-43-x-92-cm-gra-1.webp?fit=2000%2C2000&ssl=1","contentUrl":"https:\/\/i0.wp.com\/truusk.store\/wp-content\/uploads\/2025\/06\/tradgardsskap-i-tra-for-utomhusbruk-vaderbestandigt-redskapsskjul-med-arbetsbank-dubbla-dorrar-hylla-redskapsskap-forvaringsskap-flerfunktionsskap-for-tradgard-terrass-79-x-43-x-92-cm-gra-1.webp?fit=2000%2C2000&ssl=1","width":2000,"height":2000},{"@type":"BreadcrumbList","@id":"https:\/\/truusk.store\/sv\/produkt\/truusk-tradgardsskap-i-tra-for-utomhusbruk-vaderbestandigt-arbetsbank-dubbla-dorrar-hylla-forvaringsskap\/#breadcrumb","itemListElement":[{"@type":"ListItem","position":1,"name":"Home","item":"https:\/\/truusk.store\/sv\/"},{"@type":"ListItem","position":2,"name":"Shop","item":"https:\/\/truusk.store\/shop\/"},{"@type":"ListItem","position":3,"name":"TRUUSK Tr\u00e4dg\u00e5rdssk\u00e5p i Tr\u00e4 f\u00f6r Utomhusbruk &#8211; V\u00e4derbest\u00e4ndigt &#8211; Arbetsb\u00e4nk &#8211; Dubbla D\u00f6rrar &#8211; Hylla &#8211; F\u00f6rvaringssk\u00e5p &#8211;"}]},{"@type":"WebSite","@id":"https:\/\/truusk.store\/sv\/#website","url":"https:\/\/truusk.store\/sv\/","name":"TRUUSK - Hem, Tr\u00e4dg\u00e5rd & Fritid","description":"","publisher":{"@id":"https:\/\/truusk.store\/sv\/#organization"},"potentialAction":[{"@type":"SearchAction","target":{"@type":"EntryPoint","urlTemplate":"https:\/\/truusk.store\/sv\/?s={search_term_string}"},"query-input":{"@type":"PropertyValueSpecification","valueRequired":true,"valueName":"search_term_string"}}],"inLanguage":"sv-SE"},{"@type":"Organization","@id":"https:\/\/truusk.store\/sv\/#organization","name":"TRUUSK - Hem, Tr\u00e4dg\u00e5rd & Fritid","url":"https:\/\/truusk.store\/sv\/","logo":{"@type":"ImageObject","inLanguage":"sv-SE","@id":"https:\/\/truusk.store\/sv\/#\/schema\/logo\/image\/","url":"https:\/\/i0.wp.com\/truusk.store\/wp-content\/uploads\/2026\/03\/cropped-TRUUSK.png?fit=2032%2C917&ssl=1","contentUrl":"https:\/\/i0.wp.com\/truusk.store\/wp-content\/uploads\/2026\/03\/cropped-TRUUSK.png?fit=2032%2C917&ssl=1","width":2032,"height":917,"caption":"TRUUSK - Hem, Tr\u00e4dg\u00e5rd & Fritid"},"image":{"@id":"https:\/\/truusk.store\/sv\/#\/schema\/logo\/image\/"}}]}},"jetpack_sharing_enabled":true,"_links":{"self":[{"href":"https:\/\/truusk.store\/sv\/wp-json\/wp\/v2\/product\/79919","targetHints":{"allow":["GET"]}}],"collection":[{"href":"https:\/\/truusk.store\/sv\/wp-json\/wp\/v2\/product"}],"about":[{"href":"https:\/\/truusk.store\/sv\/wp-json\/wp\/v2\/types\/product"}],"wp:featuredmedia":[{"embeddable":true,"href":"https:\/\/truusk.store\/sv\/wp-json\/wp\/v2\/media\/79910"}],"wp:attachment":[{"href":"https:\/\/truusk.store\/sv\/wp-json\/wp\/v2\/media?parent=79919"}],"wp:term":[{"taxonomy":"product_brand","embeddable":true,"href":"https:\/\/truusk.store\/sv\/wp-json\/wp\/v2\/product_brand?post=79919"},{"taxonomy":"product_cat","embeddable":true,"href":"https:\/\/truusk.store\/sv\/wp-json\/wp\/v2\/product_cat?post=79919"},{"taxonomy":"product_tag","embeddable":true,"href":"https:\/\/truusk.store\/sv\/wp-json\/wp\/v2\/product_tag?post=79919"}],"curies":[{"name":"wp","href":"https:\/\/api.w.org\/{rel}","templated":true}]}}