{"id":79929,"date":"2025-06-12T20:30:53","date_gmt":"2025-06-12T19:30:53","guid":{"rendered":"https:\/\/truusk.store\/product\/hundvagn-hopfallbar-cykelvagn-for-hundar-hundvagn-med-reflektorer-snabbkoppling-hundcykelvagn-vattentalig-oxfordtyg-stal-rod-140-x-71-x-83-cm\/"},"modified":"2026-03-12T08:40:29","modified_gmt":"2026-03-12T07:40:29","slug":"truusk-hundvagn-hopfallbar-cykelvagn-med-reflektorer-snabbkoppling-vattentalig-oxfordtyg-stal-rod-140-x-71-x-83-cm","status":"publish","type":"product","link":"https:\/\/truusk.store\/sv\/produkt\/truusk-hundvagn-hopfallbar-cykelvagn-med-reflektorer-snabbkoppling-vattentalig-oxfordtyg-stal-rod-140-x-71-x-83-cm\/","title":{"rendered":"TRUUSK Hundvagn &#8211; Hopf\u00e4llbar Cykelvagn &#8211; Med Reflektorer &#8211; Snabbkoppling &#8211; Vattent\u00e5lig &#8211; Oxfordtyg &#8211; St\u00e5l &#8211; R\u00f6d &#8211; 140 x 71 x 83 cm"},"content":{"rendered":"<p>Med denna praktiska hundvagn fr\u00e5n TRUUSK kan du ge dig ut p\u00e5 \u00e4ventyr med ditt husdjur! Tv\u00e5 dragkedjed\u00f6rrar g\u00f6r det enkelt att kliva in och ut, medan n\u00e4tventilerna ser till att ditt husdjur kan njuta av en frisk bris och utsikten under f\u00e4rden. De extra reflektorerna och den r\u00f6da flaggan \u00e4r synliga i trafiken och p\u00e5 natten. Tack vare de snabbt avtagbara hjulen kan vagnen l\u00e4tt monteras is\u00e4r och f\u00f6rvaras.<\/p>\n<p>Beskrivning:<\/p>\n<ul>\n<li> Dragkedjed\u00f6rrar f\u00f6r enkel \u00e5tkomst<\/li>\n<li> N\u00e4tventiler f\u00f6r god ventilation och fri sikt<\/li>\n<li> St\u00e5lram t\u00e4ckt med robust presenning, h\u00e5llbar<\/li>\n<li> En s\u00e4kerhetslina, reflektorer, en r\u00f6d flagga och ett b\u00e4lte f\u00f6r att l\u00e5sa hjulen ger extra s\u00e4kerhet<\/li>\n<li> Transparent plast\u00f6verdrag och praktiskt kabinutformning av hundvagnen f\u00f6r \u00f6kad komfort<\/li>\n<li> Snabbkoppling av hundcykelvagnen f\u00f6r enkel demontering och f\u00f6rvaring<\/li>\n<li> Cykelkoppling ing\u00e5r<\/li>\n<li> L\u00e4mplig f\u00f6r medelstora hundar med en kroppsl\u00e4ngd upp till 53 cm och en vikt upp till 20 kg<\/li>\n<li> Montering kr\u00e4vs<\/li>\n<\/ul>\n<p> Tekniska data:<\/p>\n<ul>\n<li> F\u00e4rg: R\u00f6d<\/li>\n<li> Material: Oxfordtyg (100% polyester), st\u00e5l<\/li>\n<li> Totala m\u00e5tt: 140L x 71B x 83H cm<\/li>\n<li> Inre m\u00e5tt: 78L x 55B x 60H cm<\/li>\n<li> H\u00f6jd \u00f6ver marken: 25 cm<\/li>\n<li> M\u00e5tt p\u00e5 fr\u00e4mre ing\u00e5ngen: 37B x 47H cm<\/li>\n<li> M\u00e5tt p\u00e5 bakre ing\u00e5ngen: 37B x 66H cm<\/li>\n<li> M\u00e5tt p\u00e5 \u00f6verdraget: 44B x 55H cm<\/li>\n<li> M\u00e5tt p\u00e5 sidof\u00f6nstret: 52B x 29H cm<\/li>\n<li> M\u00e5tt p\u00e5 s\u00e4kerhetslinan: 55 cm<\/li>\n<li> Hjulstorlek: \u00d820&#8243;<\/li>\n<li> L\u00e4mplig cykelstorlek: \u00d822&#8243;-28&#8243;<\/li>\n<\/ul>\n<p>Leveransinneh\u00e5ll:<\/p>\n<ul>\n<li> 1 x Hundvagn<\/li>\n<li> 1 x Manual<\/li>\n<\/ul>\n","protected":false},"excerpt":{"rendered":"<p>Med denna praktiska hundvagn fr\u00e5n TRUUSK kan du ge dig ut p\u00e5 \u00e4ventyr med ditt husdjur! Tv\u00e5 dragkedjed\u00f6rrar g\u00f6r det&#8230;<\/p>\n","protected":false},"featured_media":79920,"template":"","meta":[],"product_brand":[],"product_cat":[895,574,579],"product_tag":[],"class_list":{"0":"post-79929","1":"product","2":"type-product","3":"status-publish","4":"has-post-thumbnail","6":"product_cat-djurutrustning","7":"product_cat-hundtillbehor","8":"product_cat-hundvagn","10":"first","11":"instock","12":"sale","13":"taxable","14":"shipping-taxable","15":"purchasable","16":"product-type-simple"},"yoast_head":"<!-- This site is optimized with the Yoast SEO plugin v25.4 - https:\/\/yoast.com\/wordpress\/plugins\/seo\/ -->\n<title>TRUUSK Hundvagn - Hopf\u00e4llbar Cykelvagn - Med Reflektorer - Snabbkoppling - Vattent\u00e5lig - Oxfordtyg - St\u00e5l - R\u00f6d - 140 x 71 x 83 cm - TRUUSK - Hem, Tr\u00e4dg\u00e5rd &amp; Fritid<\/title>\n<meta name=\"robots\" content=\"index, follow, max-snippet:-1, max-image-preview:large, max-video-preview:-1\" \/>\n<link rel=\"canonical\" href=\"https:\/\/truusk.store\/sv\/produkt\/truusk-hundvagn-hopfallbar-cykelvagn-med-reflektorer-snabbkoppling-vattentalig-oxfordtyg-stal-rod-140-x-71-x-83-cm\/\" \/>\n<meta property=\"og:locale\" content=\"sv_SE\" \/>\n<meta property=\"og:type\" content=\"article\" \/>\n<meta property=\"og:title\" content=\"TRUUSK Hundvagn - Hopf\u00e4llbar Cykelvagn - Med Reflektorer - Snabbkoppling - Vattent\u00e5lig - Oxfordtyg - St\u00e5l - R\u00f6d - 140 x 71 x 83 cm - TRUUSK - Hem, Tr\u00e4dg\u00e5rd &amp; Fritid\" \/>\n<meta property=\"og:description\" content=\"Med denna praktiska hundvagn fr\u00e5n TRUUSK kan du ge dig ut p\u00e5 \u00e4ventyr med ditt husdjur! Tv\u00e5 dragkedjed\u00f6rrar g\u00f6r det...\" \/>\n<meta property=\"og:url\" content=\"https:\/\/truusk.store\/sv\/produkt\/truusk-hundvagn-hopfallbar-cykelvagn-med-reflektorer-snabbkoppling-vattentalig-oxfordtyg-stal-rod-140-x-71-x-83-cm\/\" \/>\n<meta property=\"og:site_name\" content=\"TRUUSK - Hem, Tr\u00e4dg\u00e5rd &amp; Fritid\" \/>\n<meta property=\"article:modified_time\" content=\"2026-03-12T07:40:29+00:00\" \/>\n<meta property=\"og:image\" content=\"https:\/\/i0.wp.com\/truusk.se\/wp-content\/uploads\/2025\/06\/hundvagn-hopfallbar-cykelvagn-for-hundar-hundvagn-med-reflektorer-snabbkoppling-hundcykelvagn-vattentalig-oxfordtyg-stal-rod-140-x-71-x-83-cm-1.webp?fit=2000%2C2000&ssl=1\" \/>\n\t<meta property=\"og:image:width\" content=\"2000\" \/>\n\t<meta property=\"og:image:height\" content=\"2000\" \/>\n\t<meta property=\"og:image:type\" content=\"image\/webp\" \/>\n<meta name=\"twitter:card\" content=\"summary_large_image\" \/>\n<meta name=\"twitter:label1\" content=\"Ber\u00e4knad l\u00e4stid\" \/>\n\t<meta name=\"twitter:data1\" content=\"1 minut\" \/>\n<!-- \/ Yoast SEO plugin. -->","yoast_head_json":{"title":"TRUUSK Hundvagn - Hopf\u00e4llbar Cykelvagn - Med Reflektorer - Snabbkoppling - Vattent\u00e5lig - Oxfordtyg - St\u00e5l - R\u00f6d - 140 x 71 x 83 cm - TRUUSK - Hem, Tr\u00e4dg\u00e5rd &amp; Fritid","robots":{"index":"index","follow":"follow","max-snippet":"max-snippet:-1","max-image-preview":"max-image-preview:large","max-video-preview":"max-video-preview:-1"},"canonical":"https:\/\/truusk.store\/sv\/produkt\/truusk-hundvagn-hopfallbar-cykelvagn-med-reflektorer-snabbkoppling-vattentalig-oxfordtyg-stal-rod-140-x-71-x-83-cm\/","og_locale":"sv_SE","og_type":"article","og_title":"TRUUSK Hundvagn - Hopf\u00e4llbar Cykelvagn - Med Reflektorer - Snabbkoppling - Vattent\u00e5lig - Oxfordtyg - St\u00e5l - R\u00f6d - 140 x 71 x 83 cm - TRUUSK - Hem, Tr\u00e4dg\u00e5rd &amp; Fritid","og_description":"Med denna praktiska hundvagn fr\u00e5n TRUUSK kan du ge dig ut p\u00e5 \u00e4ventyr med ditt husdjur! Tv\u00e5 dragkedjed\u00f6rrar g\u00f6r det...","og_url":"https:\/\/truusk.store\/sv\/produkt\/truusk-hundvagn-hopfallbar-cykelvagn-med-reflektorer-snabbkoppling-vattentalig-oxfordtyg-stal-rod-140-x-71-x-83-cm\/","og_site_name":"TRUUSK - Hem, Tr\u00e4dg\u00e5rd &amp; Fritid","article_modified_time":"2026-03-12T07:40:29+00:00","og_image":[{"width":2000,"height":2000,"url":"https:\/\/i0.wp.com\/truusk.se\/wp-content\/uploads\/2025\/06\/hundvagn-hopfallbar-cykelvagn-for-hundar-hundvagn-med-reflektorer-snabbkoppling-hundcykelvagn-vattentalig-oxfordtyg-stal-rod-140-x-71-x-83-cm-1.webp?fit=2000%2C2000&ssl=1","type":"image\/webp"}],"twitter_card":"summary_large_image","twitter_misc":{"Ber\u00e4knad l\u00e4stid":"1 minut"},"schema":{"@context":"https:\/\/schema.org","@graph":[{"@type":"WebPage","@id":"https:\/\/truusk.store\/sv\/produkt\/truusk-hundvagn-hopfallbar-cykelvagn-med-reflektorer-snabbkoppling-vattentalig-oxfordtyg-stal-rod-140-x-71-x-83-cm\/","url":"https:\/\/truusk.store\/sv\/produkt\/truusk-hundvagn-hopfallbar-cykelvagn-med-reflektorer-snabbkoppling-vattentalig-oxfordtyg-stal-rod-140-x-71-x-83-cm\/","name":"TRUUSK Hundvagn - Hopf\u00e4llbar Cykelvagn - Med Reflektorer - Snabbkoppling - Vattent\u00e5lig - Oxfordtyg - St\u00e5l - R\u00f6d - 140 x 71 x 83 cm - TRUUSK - Hem, Tr\u00e4dg\u00e5rd &amp; Fritid","isPartOf":{"@id":"https:\/\/truusk.store\/sv\/#website"},"primaryImageOfPage":{"@id":"https:\/\/truusk.store\/sv\/produkt\/truusk-hundvagn-hopfallbar-cykelvagn-med-reflektorer-snabbkoppling-vattentalig-oxfordtyg-stal-rod-140-x-71-x-83-cm\/#primaryimage"},"image":{"@id":"https:\/\/truusk.store\/sv\/produkt\/truusk-hundvagn-hopfallbar-cykelvagn-med-reflektorer-snabbkoppling-vattentalig-oxfordtyg-stal-rod-140-x-71-x-83-cm\/#primaryimage"},"thumbnailUrl":"https:\/\/i0.wp.com\/truusk.store\/wp-content\/uploads\/2025\/06\/hundvagn-hopfallbar-cykelvagn-for-hundar-hundvagn-med-reflektorer-snabbkoppling-hundcykelvagn-vattentalig-oxfordtyg-stal-rod-140-x-71-x-83-cm-1.webp?fit=2000%2C2000&ssl=1","datePublished":"2025-06-12T19:30:53+00:00","dateModified":"2026-03-12T07:40:29+00:00","breadcrumb":{"@id":"https:\/\/truusk.store\/sv\/produkt\/truusk-hundvagn-hopfallbar-cykelvagn-med-reflektorer-snabbkoppling-vattentalig-oxfordtyg-stal-rod-140-x-71-x-83-cm\/#breadcrumb"},"inLanguage":"sv-SE","potentialAction":[{"@type":"ReadAction","target":["https:\/\/truusk.store\/sv\/produkt\/truusk-hundvagn-hopfallbar-cykelvagn-med-reflektorer-snabbkoppling-vattentalig-oxfordtyg-stal-rod-140-x-71-x-83-cm\/"]}]},{"@type":"ImageObject","inLanguage":"sv-SE","@id":"https:\/\/truusk.store\/sv\/produkt\/truusk-hundvagn-hopfallbar-cykelvagn-med-reflektorer-snabbkoppling-vattentalig-oxfordtyg-stal-rod-140-x-71-x-83-cm\/#primaryimage","url":"https:\/\/i0.wp.com\/truusk.store\/wp-content\/uploads\/2025\/06\/hundvagn-hopfallbar-cykelvagn-for-hundar-hundvagn-med-reflektorer-snabbkoppling-hundcykelvagn-vattentalig-oxfordtyg-stal-rod-140-x-71-x-83-cm-1.webp?fit=2000%2C2000&ssl=1","contentUrl":"https:\/\/i0.wp.com\/truusk.store\/wp-content\/uploads\/2025\/06\/hundvagn-hopfallbar-cykelvagn-for-hundar-hundvagn-med-reflektorer-snabbkoppling-hundcykelvagn-vattentalig-oxfordtyg-stal-rod-140-x-71-x-83-cm-1.webp?fit=2000%2C2000&ssl=1","width":2000,"height":2000},{"@type":"BreadcrumbList","@id":"https:\/\/truusk.store\/sv\/produkt\/truusk-hundvagn-hopfallbar-cykelvagn-med-reflektorer-snabbkoppling-vattentalig-oxfordtyg-stal-rod-140-x-71-x-83-cm\/#breadcrumb","itemListElement":[{"@type":"ListItem","position":1,"name":"Home","item":"https:\/\/truusk.store\/sv\/"},{"@type":"ListItem","position":2,"name":"Shop","item":"https:\/\/truusk.store\/shop\/"},{"@type":"ListItem","position":3,"name":"TRUUSK Hundvagn &#8211; Hopf\u00e4llbar Cykelvagn &#8211; Med Reflektorer &#8211; Snabbkoppling &#8211; Vattent\u00e5lig &#8211; Oxfordtyg &#8211; St\u00e5l &#8211; R\u00f6d &#8211; 140 x 71 x 83 cm"}]},{"@type":"WebSite","@id":"https:\/\/truusk.store\/sv\/#website","url":"https:\/\/truusk.store\/sv\/","name":"TRUUSK - Hem, Tr\u00e4dg\u00e5rd & Fritid","description":"","publisher":{"@id":"https:\/\/truusk.store\/sv\/#organization"},"potentialAction":[{"@type":"SearchAction","target":{"@type":"EntryPoint","urlTemplate":"https:\/\/truusk.store\/sv\/?s={search_term_string}"},"query-input":{"@type":"PropertyValueSpecification","valueRequired":true,"valueName":"search_term_string"}}],"inLanguage":"sv-SE"},{"@type":"Organization","@id":"https:\/\/truusk.store\/sv\/#organization","name":"TRUUSK - Hem, Tr\u00e4dg\u00e5rd & Fritid","url":"https:\/\/truusk.store\/sv\/","logo":{"@type":"ImageObject","inLanguage":"sv-SE","@id":"https:\/\/truusk.store\/sv\/#\/schema\/logo\/image\/","url":"https:\/\/i0.wp.com\/truusk.store\/wp-content\/uploads\/2026\/03\/cropped-TRUUSK.png?fit=2032%2C917&ssl=1","contentUrl":"https:\/\/i0.wp.com\/truusk.store\/wp-content\/uploads\/2026\/03\/cropped-TRUUSK.png?fit=2032%2C917&ssl=1","width":2032,"height":917,"caption":"TRUUSK - Hem, Tr\u00e4dg\u00e5rd & Fritid"},"image":{"@id":"https:\/\/truusk.store\/sv\/#\/schema\/logo\/image\/"}}]}},"jetpack_sharing_enabled":true,"_links":{"self":[{"href":"https:\/\/truusk.store\/sv\/wp-json\/wp\/v2\/product\/79929","targetHints":{"allow":["GET"]}}],"collection":[{"href":"https:\/\/truusk.store\/sv\/wp-json\/wp\/v2\/product"}],"about":[{"href":"https:\/\/truusk.store\/sv\/wp-json\/wp\/v2\/types\/product"}],"wp:featuredmedia":[{"embeddable":true,"href":"https:\/\/truusk.store\/sv\/wp-json\/wp\/v2\/media\/79920"}],"wp:attachment":[{"href":"https:\/\/truusk.store\/sv\/wp-json\/wp\/v2\/media?parent=79929"}],"wp:term":[{"taxonomy":"product_brand","embeddable":true,"href":"https:\/\/truusk.store\/sv\/wp-json\/wp\/v2\/product_brand?post=79929"},{"taxonomy":"product_cat","embeddable":true,"href":"https:\/\/truusk.store\/sv\/wp-json\/wp\/v2\/product_cat?post=79929"},{"taxonomy":"product_tag","embeddable":true,"href":"https:\/\/truusk.store\/sv\/wp-json\/wp\/v2\/product_tag?post=79929"}],"curies":[{"name":"wp","href":"https:\/\/api.w.org\/{rel}","templated":true}]}}