{"id":79959,"date":"2025-06-12T20:36:57","date_gmt":"2025-06-12T19:36:57","guid":{"rendered":"https:\/\/truusk.store\/product\/verktygshus-255m%c2%b2-tradgardshus-med-sadeltak-221-x-133-x-190-173-cm-verktygsskjul-med-lasbar-dorr-fonster-cykelgarage-tradgardsskap-av-stal-for-bakgard-tradgard-morkgra\/"},"modified":"2026-03-12T09:46:13","modified_gmt":"2026-03-12T08:46:13","slug":"truusk-verktygshus-255m%c2%b2-tradgardshus-med-sadeltak-lasbar-dorr-fonster-cykelgarage-stal-for-bakgard-morkgra","status":"publish","type":"product","link":"https:\/\/truusk.store\/sv\/produkt\/truusk-verktygshus-255m%c2%b2-tradgardshus-med-sadeltak-lasbar-dorr-fonster-cykelgarage-stal-for-bakgard-morkgra\/","title":{"rendered":"TRUUSK Verktygshus 2,55m\u00b2 &#8211; Tr\u00e4dg\u00e5rdshus Med Sadeltak &#8211; L\u00e5sbar D\u00f6rr &#8211; F\u00f6nster &#8211; Cykelgarage &#8211; St\u00e5l &#8211; F\u00f6r Bakg\u00e5rd &#8211; M\u00f6rkgr\u00e5"},"content":{"rendered":"<p>Forma om ditt utomhusomr\u00e5de med TRUUSK tr\u00e4dg\u00e5rdsskjul, ett stabilt f\u00f6rvaringsalternativ f\u00f6r tr\u00e4dg\u00e5rden med m\u00e5tten 221 x 133 x 190 cm. Utrustad med ett transparent f\u00f6nster som sl\u00e4pper in naturligt ljus, och effektiva ventilations\u00f6ppningar, erbjuder detta verktygsskjul en gener\u00f6s d\u00f6rr\u00f6ppning p\u00e5 75 cm f\u00f6r enkel \u00e5tkomst och tr\u00e4dg\u00e5rdsskjulet \u00e4r utrustat med ett s\u00e4kert l\u00e5s- och l\u00e5ssystem.<\/p>\n<p>Beskrivning:<\/p>\n<ul>\n<li> Naturligt ljus kommer in genom ett transparent f\u00f6nster i tr\u00e4dg\u00e5rdsskjulet<\/li>\n<li> Ventilations\u00f6ppningarna i tr\u00e4dg\u00e5rdsskjulet s\u00e4kerst\u00e4ller luftcirkulation, minskar fukt och lukter<\/li>\n<li> 75 cm bred d\u00f6rr i tr\u00e4dg\u00e5rdsskjulet underl\u00e4ttar \u00e5tkomst och har ett s\u00e4kert l\u00e5s<\/li>\n<li> F\u00f6rzinkad st\u00e5lkonstruktion \u00e4r v\u00e4derbest\u00e4ndig och f\u00f6rblir vattent\u00e4t<\/li>\n<li> Installationen kr\u00e4ver 2-3 personer. Undvik bl\u00e5siga f\u00f6rh\u00e5llanden vid montering. Handskar ing\u00e5r<\/li>\n<\/ul>\n<p> Tekniska data:<\/p>\n<ul>\n<li> F\u00e4rg: M\u00f6rkgr\u00e5<\/li>\n<li> Material: F\u00f6rzinkat st\u00e5l<\/li>\n<li> Totala dimensioner: 211L x 133B x 173\/190H cm<\/li>\n<li> Golvstorlek: 213B x 120T cm, 2,55 m\u00b2<\/li>\n<li> Inre dimensioner: 204B x 108T cm<\/li>\n<li> D\u00f6rrdimensioner: 75B x 163H cm<\/li>\n<li> F\u00f6nsterdimensioner: 68B x 74H cm<\/li>\n<li> Sn\u00f6belastning: 40 kg\/m\u00b2<\/li>\n<\/ul>\n<p>Leveransinneh\u00e5ll:<\/p>\n<ul>\n<li> 1 x Tr\u00e4dg\u00e5rdsskjul<\/li>\n<li> L\u00e5s och nyckel<\/li>\n<li> 1 x Par handskar<\/li>\n<li> 1 x Bruksanvisning<\/li>\n<\/ul>\n","protected":false},"excerpt":{"rendered":"<p>Forma om ditt utomhusomr\u00e5de med TRUUSK tr\u00e4dg\u00e5rdsskjul, ett stabilt f\u00f6rvaringsalternativ f\u00f6r tr\u00e4dg\u00e5rden med m\u00e5tten 221 x 133 x 190 cm&#8230;.<\/p>\n","protected":false},"featured_media":79950,"template":"","meta":[],"product_brand":[],"product_cat":[901,902,858],"product_tag":[],"class_list":{"0":"post-79959","1":"product","2":"type-product","3":"status-publish","4":"has-post-thumbnail","6":"product_cat-ordning-i-tradgarden","7":"product_cat-redskapsskjul-och-redskapshus","8":"product_cat-tradgard-terrass","10":"first","11":"instock","12":"sale","13":"taxable","14":"shipping-taxable","15":"purchasable","16":"product-type-simple"},"yoast_head":"<!-- This site is optimized with the Yoast SEO plugin v25.4 - https:\/\/yoast.com\/wordpress\/plugins\/seo\/ -->\n<title>TRUUSK Verktygshus 2,55m\u00b2 - Tr\u00e4dg\u00e5rdshus Med Sadeltak - L\u00e5sbar D\u00f6rr - F\u00f6nster - Cykelgarage - St\u00e5l - F\u00f6r Bakg\u00e5rd - M\u00f6rkgr\u00e5 - TRUUSK - Hem, Tr\u00e4dg\u00e5rd &amp; Fritid<\/title>\n<meta name=\"robots\" content=\"index, follow, max-snippet:-1, max-image-preview:large, max-video-preview:-1\" \/>\n<link rel=\"canonical\" href=\"https:\/\/truusk.store\/sv\/produkt\/truusk-verktygshus-255m%c2%b2-tradgardshus-med-sadeltak-lasbar-dorr-fonster-cykelgarage-stal-for-bakgard-morkgra\/\" \/>\n<meta property=\"og:locale\" content=\"sv_SE\" \/>\n<meta property=\"og:type\" content=\"article\" \/>\n<meta property=\"og:title\" content=\"TRUUSK Verktygshus 2,55m\u00b2 - Tr\u00e4dg\u00e5rdshus Med Sadeltak - L\u00e5sbar D\u00f6rr - F\u00f6nster - Cykelgarage - St\u00e5l - F\u00f6r Bakg\u00e5rd - M\u00f6rkgr\u00e5 - TRUUSK - Hem, Tr\u00e4dg\u00e5rd &amp; Fritid\" \/>\n<meta property=\"og:description\" content=\"Forma om ditt utomhusomr\u00e5de med TRUUSK tr\u00e4dg\u00e5rdsskjul, ett stabilt f\u00f6rvaringsalternativ f\u00f6r tr\u00e4dg\u00e5rden med m\u00e5tten 221 x 133 x 190 cm....\" \/>\n<meta property=\"og:url\" content=\"https:\/\/truusk.store\/sv\/produkt\/truusk-verktygshus-255m%c2%b2-tradgardshus-med-sadeltak-lasbar-dorr-fonster-cykelgarage-stal-for-bakgard-morkgra\/\" \/>\n<meta property=\"og:site_name\" content=\"TRUUSK - Hem, Tr\u00e4dg\u00e5rd &amp; Fritid\" \/>\n<meta property=\"article:modified_time\" content=\"2026-03-12T08:46:13+00:00\" \/>\n<meta property=\"og:image\" content=\"https:\/\/i0.wp.com\/truusk.se\/wp-content\/uploads\/2025\/06\/verktygshus-255mc2b2-tradgardshus-med-sadeltak-221-x-133-x-190-173-cm-verktygsskjul-med-lasbar-dorr-fonster-cykelgarage-tradgardsskap-av-stal-for-bakgard-tradgard-morkgra-1.webp?fit=2000%2C2000&ssl=1\" \/>\n\t<meta property=\"og:image:width\" content=\"2000\" \/>\n\t<meta property=\"og:image:height\" content=\"2000\" \/>\n\t<meta property=\"og:image:type\" content=\"image\/webp\" \/>\n<meta name=\"twitter:card\" content=\"summary_large_image\" \/>\n<meta name=\"twitter:label1\" content=\"Ber\u00e4knad l\u00e4stid\" \/>\n\t<meta name=\"twitter:data1\" content=\"1 minut\" \/>\n<!-- \/ Yoast SEO plugin. -->","yoast_head_json":{"title":"TRUUSK Verktygshus 2,55m\u00b2 - Tr\u00e4dg\u00e5rdshus Med Sadeltak - L\u00e5sbar D\u00f6rr - F\u00f6nster - Cykelgarage - St\u00e5l - F\u00f6r Bakg\u00e5rd - M\u00f6rkgr\u00e5 - TRUUSK - Hem, Tr\u00e4dg\u00e5rd &amp; Fritid","robots":{"index":"index","follow":"follow","max-snippet":"max-snippet:-1","max-image-preview":"max-image-preview:large","max-video-preview":"max-video-preview:-1"},"canonical":"https:\/\/truusk.store\/sv\/produkt\/truusk-verktygshus-255m%c2%b2-tradgardshus-med-sadeltak-lasbar-dorr-fonster-cykelgarage-stal-for-bakgard-morkgra\/","og_locale":"sv_SE","og_type":"article","og_title":"TRUUSK Verktygshus 2,55m\u00b2 - Tr\u00e4dg\u00e5rdshus Med Sadeltak - L\u00e5sbar D\u00f6rr - F\u00f6nster - Cykelgarage - St\u00e5l - F\u00f6r Bakg\u00e5rd - M\u00f6rkgr\u00e5 - TRUUSK - Hem, Tr\u00e4dg\u00e5rd &amp; Fritid","og_description":"Forma om ditt utomhusomr\u00e5de med TRUUSK tr\u00e4dg\u00e5rdsskjul, ett stabilt f\u00f6rvaringsalternativ f\u00f6r tr\u00e4dg\u00e5rden med m\u00e5tten 221 x 133 x 190 cm....","og_url":"https:\/\/truusk.store\/sv\/produkt\/truusk-verktygshus-255m%c2%b2-tradgardshus-med-sadeltak-lasbar-dorr-fonster-cykelgarage-stal-for-bakgard-morkgra\/","og_site_name":"TRUUSK - Hem, Tr\u00e4dg\u00e5rd &amp; Fritid","article_modified_time":"2026-03-12T08:46:13+00:00","og_image":[{"width":2000,"height":2000,"url":"https:\/\/i0.wp.com\/truusk.se\/wp-content\/uploads\/2025\/06\/verktygshus-255mc2b2-tradgardshus-med-sadeltak-221-x-133-x-190-173-cm-verktygsskjul-med-lasbar-dorr-fonster-cykelgarage-tradgardsskap-av-stal-for-bakgard-tradgard-morkgra-1.webp?fit=2000%2C2000&ssl=1","type":"image\/webp"}],"twitter_card":"summary_large_image","twitter_misc":{"Ber\u00e4knad l\u00e4stid":"1 minut"},"schema":{"@context":"https:\/\/schema.org","@graph":[{"@type":"WebPage","@id":"https:\/\/truusk.store\/sv\/produkt\/truusk-verktygshus-255m%c2%b2-tradgardshus-med-sadeltak-lasbar-dorr-fonster-cykelgarage-stal-for-bakgard-morkgra\/","url":"https:\/\/truusk.store\/sv\/produkt\/truusk-verktygshus-255m%c2%b2-tradgardshus-med-sadeltak-lasbar-dorr-fonster-cykelgarage-stal-for-bakgard-morkgra\/","name":"TRUUSK Verktygshus 2,55m\u00b2 - Tr\u00e4dg\u00e5rdshus Med Sadeltak - L\u00e5sbar D\u00f6rr - F\u00f6nster - Cykelgarage - St\u00e5l - F\u00f6r Bakg\u00e5rd - M\u00f6rkgr\u00e5 - TRUUSK - Hem, Tr\u00e4dg\u00e5rd &amp; Fritid","isPartOf":{"@id":"https:\/\/truusk.store\/sv\/#website"},"primaryImageOfPage":{"@id":"https:\/\/truusk.store\/sv\/produkt\/truusk-verktygshus-255m%c2%b2-tradgardshus-med-sadeltak-lasbar-dorr-fonster-cykelgarage-stal-for-bakgard-morkgra\/#primaryimage"},"image":{"@id":"https:\/\/truusk.store\/sv\/produkt\/truusk-verktygshus-255m%c2%b2-tradgardshus-med-sadeltak-lasbar-dorr-fonster-cykelgarage-stal-for-bakgard-morkgra\/#primaryimage"},"thumbnailUrl":"https:\/\/i0.wp.com\/truusk.store\/wp-content\/uploads\/2025\/06\/verktygshus-255mc2b2-tradgardshus-med-sadeltak-221-x-133-x-190-173-cm-verktygsskjul-med-lasbar-dorr-fonster-cykelgarage-tradgardsskap-av-stal-for-bakgard-tradgard-morkgra-1.webp?fit=2000%2C2000&ssl=1","datePublished":"2025-06-12T19:36:57+00:00","dateModified":"2026-03-12T08:46:13+00:00","breadcrumb":{"@id":"https:\/\/truusk.store\/sv\/produkt\/truusk-verktygshus-255m%c2%b2-tradgardshus-med-sadeltak-lasbar-dorr-fonster-cykelgarage-stal-for-bakgard-morkgra\/#breadcrumb"},"inLanguage":"sv-SE","potentialAction":[{"@type":"ReadAction","target":["https:\/\/truusk.store\/sv\/produkt\/truusk-verktygshus-255m%c2%b2-tradgardshus-med-sadeltak-lasbar-dorr-fonster-cykelgarage-stal-for-bakgard-morkgra\/"]}]},{"@type":"ImageObject","inLanguage":"sv-SE","@id":"https:\/\/truusk.store\/sv\/produkt\/truusk-verktygshus-255m%c2%b2-tradgardshus-med-sadeltak-lasbar-dorr-fonster-cykelgarage-stal-for-bakgard-morkgra\/#primaryimage","url":"https:\/\/i0.wp.com\/truusk.store\/wp-content\/uploads\/2025\/06\/verktygshus-255mc2b2-tradgardshus-med-sadeltak-221-x-133-x-190-173-cm-verktygsskjul-med-lasbar-dorr-fonster-cykelgarage-tradgardsskap-av-stal-for-bakgard-tradgard-morkgra-1.webp?fit=2000%2C2000&ssl=1","contentUrl":"https:\/\/i0.wp.com\/truusk.store\/wp-content\/uploads\/2025\/06\/verktygshus-255mc2b2-tradgardshus-med-sadeltak-221-x-133-x-190-173-cm-verktygsskjul-med-lasbar-dorr-fonster-cykelgarage-tradgardsskap-av-stal-for-bakgard-tradgard-morkgra-1.webp?fit=2000%2C2000&ssl=1","width":2000,"height":2000},{"@type":"BreadcrumbList","@id":"https:\/\/truusk.store\/sv\/produkt\/truusk-verktygshus-255m%c2%b2-tradgardshus-med-sadeltak-lasbar-dorr-fonster-cykelgarage-stal-for-bakgard-morkgra\/#breadcrumb","itemListElement":[{"@type":"ListItem","position":1,"name":"Home","item":"https:\/\/truusk.store\/sv\/"},{"@type":"ListItem","position":2,"name":"Shop","item":"https:\/\/truusk.store\/shop\/"},{"@type":"ListItem","position":3,"name":"TRUUSK Verktygshus 2,55m\u00b2 &#8211; Tr\u00e4dg\u00e5rdshus Med Sadeltak &#8211; L\u00e5sbar D\u00f6rr &#8211; F\u00f6nster &#8211; Cykelgarage &#8211; St\u00e5l &#8211; F\u00f6r Bakg\u00e5rd &#8211; M\u00f6rkgr\u00e5"}]},{"@type":"WebSite","@id":"https:\/\/truusk.store\/sv\/#website","url":"https:\/\/truusk.store\/sv\/","name":"TRUUSK - Hem, Tr\u00e4dg\u00e5rd & Fritid","description":"","publisher":{"@id":"https:\/\/truusk.store\/sv\/#organization"},"potentialAction":[{"@type":"SearchAction","target":{"@type":"EntryPoint","urlTemplate":"https:\/\/truusk.store\/sv\/?s={search_term_string}"},"query-input":{"@type":"PropertyValueSpecification","valueRequired":true,"valueName":"search_term_string"}}],"inLanguage":"sv-SE"},{"@type":"Organization","@id":"https:\/\/truusk.store\/sv\/#organization","name":"TRUUSK - Hem, Tr\u00e4dg\u00e5rd & Fritid","url":"https:\/\/truusk.store\/sv\/","logo":{"@type":"ImageObject","inLanguage":"sv-SE","@id":"https:\/\/truusk.store\/sv\/#\/schema\/logo\/image\/","url":"https:\/\/i0.wp.com\/truusk.store\/wp-content\/uploads\/2026\/03\/cropped-TRUUSK.png?fit=2032%2C917&ssl=1","contentUrl":"https:\/\/i0.wp.com\/truusk.store\/wp-content\/uploads\/2026\/03\/cropped-TRUUSK.png?fit=2032%2C917&ssl=1","width":2032,"height":917,"caption":"TRUUSK - Hem, Tr\u00e4dg\u00e5rd & Fritid"},"image":{"@id":"https:\/\/truusk.store\/sv\/#\/schema\/logo\/image\/"}}]}},"jetpack_sharing_enabled":true,"_links":{"self":[{"href":"https:\/\/truusk.store\/sv\/wp-json\/wp\/v2\/product\/79959","targetHints":{"allow":["GET"]}}],"collection":[{"href":"https:\/\/truusk.store\/sv\/wp-json\/wp\/v2\/product"}],"about":[{"href":"https:\/\/truusk.store\/sv\/wp-json\/wp\/v2\/types\/product"}],"wp:featuredmedia":[{"embeddable":true,"href":"https:\/\/truusk.store\/sv\/wp-json\/wp\/v2\/media\/79950"}],"wp:attachment":[{"href":"https:\/\/truusk.store\/sv\/wp-json\/wp\/v2\/media?parent=79959"}],"wp:term":[{"taxonomy":"product_brand","embeddable":true,"href":"https:\/\/truusk.store\/sv\/wp-json\/wp\/v2\/product_brand?post=79959"},{"taxonomy":"product_cat","embeddable":true,"href":"https:\/\/truusk.store\/sv\/wp-json\/wp\/v2\/product_cat?post=79959"},{"taxonomy":"product_tag","embeddable":true,"href":"https:\/\/truusk.store\/sv\/wp-json\/wp\/v2\/product_tag?post=79959"}],"curies":[{"name":"wp","href":"https:\/\/api.w.org\/{rel}","templated":true}]}}