{"id":80020,"date":"2025-06-16T12:40:40","date_gmt":"2025-06-16T11:40:40","guid":{"rendered":"https:\/\/truusk.store\/product\/kolgrill-av-stal-bbq-rokare-med-lock-termometer-hjul-forvaring-flyttbar-grillvagn-med-lufttillforsel-kolbehallare-kolgrill-kolgrillvagn-for-barbeque-camping-tradgard-109x60x120-cm\/"},"modified":"2026-03-12T08:42:49","modified_gmt":"2026-03-12T07:42:49","slug":"truusk-kolgrill-av-stal-bbq-rokare-med-lock-termometer-hjul-forvaring-flyttbar-grillvagn-lufttillforsel-kolbehallare","status":"publish","type":"product","link":"https:\/\/truusk.store\/sv\/produkt\/truusk-kolgrill-av-stal-bbq-rokare-med-lock-termometer-hjul-forvaring-flyttbar-grillvagn-lufttillforsel-kolbehallare\/","title":{"rendered":"TRUUSK Kolgrill av St\u00e5l BBQ R\u00f6kare Med Lock &#8211; Termometer &#8211; Hjul &#8211; F\u00f6rvaring &#8211; Flyttbar Grillvagn &#8211; Lufttillf\u00f6rsel &#8211; Kolbeh\u00e5llare"},"content":{"rendered":"<p>T\u00e4nd grillgl\u00e4djen med den b\u00e4rbara TRUUSK kolgrillen med lock &#8211; den perfekta partnern f\u00f6r aromatiska grillkv\u00e4llar! Med en gener\u00f6s matlagningsyta p\u00e5 2688 cm\u00b2 kan den l\u00e4tt f\u00f6rs\u00f6rja v\u00e4nner eller familj. Styr din grillupplevelse med justerbar sidventilation, inbyggd termometer och grillvagnens avgasr\u00f6r f\u00f6r att noggrant hantera v\u00e4rme och r\u00f6k. F\u00f6rbered dig p\u00e5 att grilla som en proffs!<\/p>\n<p>Beskrivning:<\/p>\n<ul>\n<li> 2-i-1 design med en sidor\u00f6kugn och en kolgrill<\/li>\n<li> Inbyggd termometer och sidventil reglerar v\u00e4rmen effektivt<\/li>\n<li> Tv\u00e5 hyllor p\u00e5 kolgrillen underl\u00e4ttar matlagningen<\/li>\n<li> En avgask\u00e5pa f\u00f6r r\u00f6khantering<\/li>\n<li> Handtag p\u00e5 kolgrillens lock f\u00f6r s\u00e4ker anv\u00e4ndning<\/li>\n<li> Tv\u00e5 hjul och ett sidohandtag p\u00e5 grillvagnen m\u00f6jligg\u00f6r bekv\u00e4m mobilitet i tr\u00e4dg\u00e5rden<\/li>\n<li> Pulverlackerad st\u00e5lram f\u00f6r utomhusbruk \u00e5ret runt<\/li>\n<li> Montering kr\u00e4vs<\/li>\n<\/ul>\n<p> Tekniska data:<\/p>\n<ul>\n<li> F\u00e4rg: Svart<\/li>\n<li> Material: St\u00e5l<\/li>\n<li> Totala dimensioner: 109L x 60B x 120H cm<\/li>\n<li> Grillbass\u00e4ngdimensioner: stor 62L x 35B x 35H cm, liten 30L x 33,5B x 33,5H cm<\/li>\n<li> Grillh\u00f6jd: stor 84 cm, liten 69 cm<\/li>\n<li> Grilln\u00e4tsdimensioner: stor 34,5L x 27B cm, liten 33L x 25B cm<\/li>\n<li> Kolpannans dimensioner: stor 55L x 25B cm, liten 25L x 25B cm<\/li>\n<li> Dimensioner p\u00e5 fr\u00e4mre hyllan: 58L x 21,5B cm<\/li>\n<li> Dimensioner p\u00e5 nedre hyllan: 54,5L x 32B cm<\/li>\n<li> Avgasr\u00f6rets dimensioner: Diam. 6 x 33,5H cm<\/li>\n<li> Hjuldiameter: 15 cm<\/li>\n<li> Belastningskapacitet: 10 kg<\/li>\n<li> Rekommenderad kolvolym: inom 50% av kolpannans yta<\/li>\n<\/ul>\n<p>Leverans inneh\u00e5ller:<\/p>\n<ul>\n<li> 1 x Kolgrill<\/li>\n<li> 2 x Stor grillgaller<\/li>\n<li> 1 x Liten grillgaller<\/li>\n<li> 1 x Stor kolpanna<\/li>\n<li> 1 x Liten kolpanna<\/li>\n<li> 1 x Avgask\u00e5pa<\/li>\n<li> 1 x Bruksanvisning<\/li>\n<\/ul>\n","protected":false},"excerpt":{"rendered":"<p>T\u00e4nd grillgl\u00e4djen med den b\u00e4rbara TRUUSK kolgrillen med lock &#8211; den perfekta partnern f\u00f6r aromatiska grillkv\u00e4llar! Med en gener\u00f6s matlagningsyta&#8230;<\/p>\n","protected":false},"featured_media":80011,"template":"","meta":[],"product_brand":[],"product_cat":[440,439,858],"product_tag":[],"class_list":{"0":"post-80020","1":"product","2":"type-product","3":"status-publish","4":"has-post-thumbnail","6":"product_cat-grillar","7":"product_cat-grillning-uppvarmning","8":"product_cat-tradgard-terrass","10":"first","11":"instock","12":"sale","13":"taxable","14":"shipping-taxable","15":"purchasable","16":"product-type-simple"},"yoast_head":"<!-- This site is optimized with the Yoast SEO plugin v25.4 - https:\/\/yoast.com\/wordpress\/plugins\/seo\/ -->\n<title>TRUUSK Kolgrill av St\u00e5l BBQ R\u00f6kare Med Lock - Termometer - Hjul - F\u00f6rvaring - Flyttbar Grillvagn - Lufttillf\u00f6rsel - Kolbeh\u00e5llare - TRUUSK - Hem, Tr\u00e4dg\u00e5rd &amp; Fritid<\/title>\n<meta name=\"robots\" content=\"index, follow, max-snippet:-1, max-image-preview:large, max-video-preview:-1\" \/>\n<link rel=\"canonical\" href=\"https:\/\/truusk.store\/sv\/produkt\/truusk-kolgrill-av-stal-bbq-rokare-med-lock-termometer-hjul-forvaring-flyttbar-grillvagn-lufttillforsel-kolbehallare\/\" \/>\n<meta property=\"og:locale\" content=\"sv_SE\" \/>\n<meta property=\"og:type\" content=\"article\" \/>\n<meta property=\"og:title\" content=\"TRUUSK Kolgrill av St\u00e5l BBQ R\u00f6kare Med Lock - Termometer - Hjul - F\u00f6rvaring - Flyttbar Grillvagn - Lufttillf\u00f6rsel - Kolbeh\u00e5llare - TRUUSK - Hem, Tr\u00e4dg\u00e5rd &amp; Fritid\" \/>\n<meta property=\"og:description\" content=\"T\u00e4nd grillgl\u00e4djen med den b\u00e4rbara TRUUSK kolgrillen med lock &#8211; den perfekta partnern f\u00f6r aromatiska grillkv\u00e4llar! Med en gener\u00f6s matlagningsyta...\" \/>\n<meta property=\"og:url\" content=\"https:\/\/truusk.store\/sv\/produkt\/truusk-kolgrill-av-stal-bbq-rokare-med-lock-termometer-hjul-forvaring-flyttbar-grillvagn-lufttillforsel-kolbehallare\/\" \/>\n<meta property=\"og:site_name\" content=\"TRUUSK - Hem, Tr\u00e4dg\u00e5rd &amp; Fritid\" \/>\n<meta property=\"article:modified_time\" content=\"2026-03-12T07:42:49+00:00\" \/>\n<meta property=\"og:image\" content=\"https:\/\/i0.wp.com\/truusk.se\/wp-content\/uploads\/2025\/06\/kolgrill-av-stal-bbq-rokare-med-lock-termometer-hjul-forvaring-flyttbar-grillvagn-med-lufttillforsel-kolbehallare-kolgrill-kolgrillvagn-for-barbeque-camping-tradgard-109x60x120-cm-1.webp?fit=2000%2C2000&ssl=1\" \/>\n\t<meta property=\"og:image:width\" content=\"2000\" \/>\n\t<meta property=\"og:image:height\" content=\"2000\" \/>\n\t<meta property=\"og:image:type\" content=\"image\/webp\" \/>\n<meta name=\"twitter:card\" content=\"summary_large_image\" \/>\n<meta name=\"twitter:label1\" content=\"Ber\u00e4knad l\u00e4stid\" \/>\n\t<meta name=\"twitter:data1\" content=\"1 minut\" \/>\n<!-- \/ Yoast SEO plugin. -->","yoast_head_json":{"title":"TRUUSK Kolgrill av St\u00e5l BBQ R\u00f6kare Med Lock - Termometer - Hjul - F\u00f6rvaring - Flyttbar Grillvagn - Lufttillf\u00f6rsel - Kolbeh\u00e5llare - TRUUSK - Hem, Tr\u00e4dg\u00e5rd &amp; Fritid","robots":{"index":"index","follow":"follow","max-snippet":"max-snippet:-1","max-image-preview":"max-image-preview:large","max-video-preview":"max-video-preview:-1"},"canonical":"https:\/\/truusk.store\/sv\/produkt\/truusk-kolgrill-av-stal-bbq-rokare-med-lock-termometer-hjul-forvaring-flyttbar-grillvagn-lufttillforsel-kolbehallare\/","og_locale":"sv_SE","og_type":"article","og_title":"TRUUSK Kolgrill av St\u00e5l BBQ R\u00f6kare Med Lock - Termometer - Hjul - F\u00f6rvaring - Flyttbar Grillvagn - Lufttillf\u00f6rsel - Kolbeh\u00e5llare - TRUUSK - Hem, Tr\u00e4dg\u00e5rd &amp; Fritid","og_description":"T\u00e4nd grillgl\u00e4djen med den b\u00e4rbara TRUUSK kolgrillen med lock &#8211; den perfekta partnern f\u00f6r aromatiska grillkv\u00e4llar! Med en gener\u00f6s matlagningsyta...","og_url":"https:\/\/truusk.store\/sv\/produkt\/truusk-kolgrill-av-stal-bbq-rokare-med-lock-termometer-hjul-forvaring-flyttbar-grillvagn-lufttillforsel-kolbehallare\/","og_site_name":"TRUUSK - Hem, Tr\u00e4dg\u00e5rd &amp; Fritid","article_modified_time":"2026-03-12T07:42:49+00:00","og_image":[{"width":2000,"height":2000,"url":"https:\/\/i0.wp.com\/truusk.se\/wp-content\/uploads\/2025\/06\/kolgrill-av-stal-bbq-rokare-med-lock-termometer-hjul-forvaring-flyttbar-grillvagn-med-lufttillforsel-kolbehallare-kolgrill-kolgrillvagn-for-barbeque-camping-tradgard-109x60x120-cm-1.webp?fit=2000%2C2000&ssl=1","type":"image\/webp"}],"twitter_card":"summary_large_image","twitter_misc":{"Ber\u00e4knad l\u00e4stid":"1 minut"},"schema":{"@context":"https:\/\/schema.org","@graph":[{"@type":"WebPage","@id":"https:\/\/truusk.store\/sv\/produkt\/truusk-kolgrill-av-stal-bbq-rokare-med-lock-termometer-hjul-forvaring-flyttbar-grillvagn-lufttillforsel-kolbehallare\/","url":"https:\/\/truusk.store\/sv\/produkt\/truusk-kolgrill-av-stal-bbq-rokare-med-lock-termometer-hjul-forvaring-flyttbar-grillvagn-lufttillforsel-kolbehallare\/","name":"TRUUSK Kolgrill av St\u00e5l BBQ R\u00f6kare Med Lock - Termometer - Hjul - F\u00f6rvaring - Flyttbar Grillvagn - Lufttillf\u00f6rsel - Kolbeh\u00e5llare - TRUUSK - Hem, Tr\u00e4dg\u00e5rd &amp; Fritid","isPartOf":{"@id":"https:\/\/truusk.store\/sv\/#website"},"primaryImageOfPage":{"@id":"https:\/\/truusk.store\/sv\/produkt\/truusk-kolgrill-av-stal-bbq-rokare-med-lock-termometer-hjul-forvaring-flyttbar-grillvagn-lufttillforsel-kolbehallare\/#primaryimage"},"image":{"@id":"https:\/\/truusk.store\/sv\/produkt\/truusk-kolgrill-av-stal-bbq-rokare-med-lock-termometer-hjul-forvaring-flyttbar-grillvagn-lufttillforsel-kolbehallare\/#primaryimage"},"thumbnailUrl":"https:\/\/i0.wp.com\/truusk.store\/wp-content\/uploads\/2025\/06\/kolgrill-av-stal-bbq-rokare-med-lock-termometer-hjul-forvaring-flyttbar-grillvagn-med-lufttillforsel-kolbehallare-kolgrill-kolgrillvagn-for-barbeque-camping-tradgard-109x60x120-cm-1.webp?fit=2000%2C2000&ssl=1","datePublished":"2025-06-16T11:40:40+00:00","dateModified":"2026-03-12T07:42:49+00:00","breadcrumb":{"@id":"https:\/\/truusk.store\/sv\/produkt\/truusk-kolgrill-av-stal-bbq-rokare-med-lock-termometer-hjul-forvaring-flyttbar-grillvagn-lufttillforsel-kolbehallare\/#breadcrumb"},"inLanguage":"sv-SE","potentialAction":[{"@type":"ReadAction","target":["https:\/\/truusk.store\/sv\/produkt\/truusk-kolgrill-av-stal-bbq-rokare-med-lock-termometer-hjul-forvaring-flyttbar-grillvagn-lufttillforsel-kolbehallare\/"]}]},{"@type":"ImageObject","inLanguage":"sv-SE","@id":"https:\/\/truusk.store\/sv\/produkt\/truusk-kolgrill-av-stal-bbq-rokare-med-lock-termometer-hjul-forvaring-flyttbar-grillvagn-lufttillforsel-kolbehallare\/#primaryimage","url":"https:\/\/i0.wp.com\/truusk.store\/wp-content\/uploads\/2025\/06\/kolgrill-av-stal-bbq-rokare-med-lock-termometer-hjul-forvaring-flyttbar-grillvagn-med-lufttillforsel-kolbehallare-kolgrill-kolgrillvagn-for-barbeque-camping-tradgard-109x60x120-cm-1.webp?fit=2000%2C2000&ssl=1","contentUrl":"https:\/\/i0.wp.com\/truusk.store\/wp-content\/uploads\/2025\/06\/kolgrill-av-stal-bbq-rokare-med-lock-termometer-hjul-forvaring-flyttbar-grillvagn-med-lufttillforsel-kolbehallare-kolgrill-kolgrillvagn-for-barbeque-camping-tradgard-109x60x120-cm-1.webp?fit=2000%2C2000&ssl=1","width":2000,"height":2000},{"@type":"BreadcrumbList","@id":"https:\/\/truusk.store\/sv\/produkt\/truusk-kolgrill-av-stal-bbq-rokare-med-lock-termometer-hjul-forvaring-flyttbar-grillvagn-lufttillforsel-kolbehallare\/#breadcrumb","itemListElement":[{"@type":"ListItem","position":1,"name":"Home","item":"https:\/\/truusk.store\/sv\/"},{"@type":"ListItem","position":2,"name":"Shop","item":"https:\/\/truusk.store\/shop\/"},{"@type":"ListItem","position":3,"name":"TRUUSK Kolgrill av St\u00e5l BBQ R\u00f6kare Med Lock &#8211; Termometer &#8211; Hjul &#8211; F\u00f6rvaring &#8211; Flyttbar Grillvagn &#8211; Lufttillf\u00f6rsel &#8211; Kolbeh\u00e5llare"}]},{"@type":"WebSite","@id":"https:\/\/truusk.store\/sv\/#website","url":"https:\/\/truusk.store\/sv\/","name":"TRUUSK - Hem, Tr\u00e4dg\u00e5rd & Fritid","description":"","publisher":{"@id":"https:\/\/truusk.store\/sv\/#organization"},"potentialAction":[{"@type":"SearchAction","target":{"@type":"EntryPoint","urlTemplate":"https:\/\/truusk.store\/sv\/?s={search_term_string}"},"query-input":{"@type":"PropertyValueSpecification","valueRequired":true,"valueName":"search_term_string"}}],"inLanguage":"sv-SE"},{"@type":"Organization","@id":"https:\/\/truusk.store\/sv\/#organization","name":"TRUUSK - Hem, Tr\u00e4dg\u00e5rd & Fritid","url":"https:\/\/truusk.store\/sv\/","logo":{"@type":"ImageObject","inLanguage":"sv-SE","@id":"https:\/\/truusk.store\/sv\/#\/schema\/logo\/image\/","url":"https:\/\/i0.wp.com\/truusk.store\/wp-content\/uploads\/2026\/03\/cropped-TRUUSK.png?fit=2032%2C917&ssl=1","contentUrl":"https:\/\/i0.wp.com\/truusk.store\/wp-content\/uploads\/2026\/03\/cropped-TRUUSK.png?fit=2032%2C917&ssl=1","width":2032,"height":917,"caption":"TRUUSK - Hem, Tr\u00e4dg\u00e5rd & Fritid"},"image":{"@id":"https:\/\/truusk.store\/sv\/#\/schema\/logo\/image\/"}}]}},"jetpack_sharing_enabled":true,"_links":{"self":[{"href":"https:\/\/truusk.store\/sv\/wp-json\/wp\/v2\/product\/80020","targetHints":{"allow":["GET"]}}],"collection":[{"href":"https:\/\/truusk.store\/sv\/wp-json\/wp\/v2\/product"}],"about":[{"href":"https:\/\/truusk.store\/sv\/wp-json\/wp\/v2\/types\/product"}],"wp:featuredmedia":[{"embeddable":true,"href":"https:\/\/truusk.store\/sv\/wp-json\/wp\/v2\/media\/80011"}],"wp:attachment":[{"href":"https:\/\/truusk.store\/sv\/wp-json\/wp\/v2\/media?parent=80020"}],"wp:term":[{"taxonomy":"product_brand","embeddable":true,"href":"https:\/\/truusk.store\/sv\/wp-json\/wp\/v2\/product_brand?post=80020"},{"taxonomy":"product_cat","embeddable":true,"href":"https:\/\/truusk.store\/sv\/wp-json\/wp\/v2\/product_cat?post=80020"},{"taxonomy":"product_tag","embeddable":true,"href":"https:\/\/truusk.store\/sv\/wp-json\/wp\/v2\/product_tag?post=80020"}],"curies":[{"name":"wp","href":"https:\/\/api.w.org\/{rel}","templated":true}]}}