{"id":80030,"date":"2025-06-17T12:11:50","date_gmt":"2025-06-17T11:11:50","guid":{"rendered":"https:\/\/truusk.store\/product\/avkopplingsstol-i-lader-med-massagefunktion-58-x-163-x-87-cm-upp-till-120-kg-8-massagepunkter-med-fjarrkontroll-hog-ryggstod-kudde-svart\/"},"modified":"2026-03-12T09:07:18","modified_gmt":"2026-03-12T08:07:18","slug":"truusk-avkopplingsstol-i-lader-massagefunktion-8-massagepunkter-hog-ryggstod-upp-till-120-kg-svart","status":"publish","type":"product","link":"https:\/\/truusk.store\/sv\/produkt\/truusk-avkopplingsstol-i-lader-massagefunktion-8-massagepunkter-hog-ryggstod-upp-till-120-kg-svart\/","title":{"rendered":"TRUUSK Avkopplingsstol i l\u00e4der &#8211; Massagefunktion &#8211; 8 massagepunkter &#8211; H\u00f6g ryggst\u00f6d &#8211; Upp till 120 kg &#8211; Svart"},"content":{"rendered":"<p>Dyk in i komforten med denna lyxiga relaxstol. V\u00e5r relaxstol ser inte bara bra ut, utan inbjuder ocks\u00e5 till avkoppling och vila. \u00c5tta vibrationspunkter masserar hela din kropp och ger verkliga v\u00e4lbefinnande stunder. Denna relaxstol \u00f6vertygar inte bara med sin lyxiga design i svart konstl\u00e4der, utan ocks\u00e5 med sin lugnande massagefunktion.<\/p>\n<p>Beskrivning:<\/p>\n<ul>\n<li> 8 vibrationsmassagepunkter p\u00e5 rygg, midja, l\u00e5r och vader<\/li>\n<li> Kontroll via en kabel fj\u00e4rrkontroll<\/li>\n<li> Praktisk sidoficka f\u00f6r tillbeh\u00f6r, tidskrifter, fj\u00e4rrkontroller och mycket mer<\/li>\n<li> Mjuka kuddar och en midjekudde erbjuder h\u00f6g komfort<\/li>\n<li> Lyxig lounge-design<\/li>\n<li> Montering kr\u00e4vs<\/li>\n<\/ul>\n<p>Tekniska data:<\/p>\n<ul>\n<li> F\u00e4rg: Svart<\/li>\n<li> Material: Konstl\u00e4der, flerskiktsplatta, skum<\/li>\n<li> Maximal belastningskapacitet: 120 kg<\/li>\n<li> Totala m\u00e5tt: B58 x D163 x H87 cm<\/li>\n<li> Sitsstorlek: B58 x D104 x H35,5 cm<\/li>\n<li> M\u00e5tt p\u00e5 midjekudde: L32 x B30 x D8 cm<\/li>\n<li> Effekt: 14,4 W<\/li>\n<li> Sp\u00e4nning: 12 V<\/li>\n<li> Str\u00f6mstyrka: 1200 mA<\/li>\n<li> Kabell\u00e4ngd: 100 cm<\/li>\n<\/ul>\n<p>Leveransinneh\u00e5ll:<\/p>\n<ul>\n<li> 1 x Massageb\u00e4nk<\/li>\n<li> 1 x Instruktion<\/li>\n<\/ul>\n","protected":false},"excerpt":{"rendered":"<p>Dyk in i komforten med denna lyxiga relaxstol. V\u00e5r relaxstol ser inte bara bra ut, utan inbjuder ocks\u00e5 till avkoppling&#8230;<\/p>\n","protected":false},"featured_media":80021,"template":"","meta":[],"product_brand":[],"product_cat":[521,946,871,910],"product_tag":[],"class_list":{"0":"post-80030","1":"product","2":"type-product","3":"status-publish","4":"has-post-thumbnail","6":"product_cat-fatolj","7":"product_cat-fernsehsessel","8":"product_cat-hus-hem","9":"product_cat-vardagsrum","11":"first","12":"instock","13":"sale","14":"taxable","15":"shipping-taxable","16":"purchasable","17":"product-type-simple"},"yoast_head":"<!-- This site is optimized with the Yoast SEO plugin v25.4 - https:\/\/yoast.com\/wordpress\/plugins\/seo\/ -->\n<title>TRUUSK Avkopplingsstol i l\u00e4der - Massagefunktion - 8 massagepunkter - H\u00f6g ryggst\u00f6d - Upp till 120 kg - Svart - TRUUSK - Hem, Tr\u00e4dg\u00e5rd &amp; Fritid<\/title>\n<meta name=\"robots\" content=\"index, follow, max-snippet:-1, max-image-preview:large, max-video-preview:-1\" \/>\n<link rel=\"canonical\" href=\"https:\/\/truusk.store\/sv\/produkt\/truusk-avkopplingsstol-i-lader-massagefunktion-8-massagepunkter-hog-ryggstod-upp-till-120-kg-svart\/\" \/>\n<meta property=\"og:locale\" content=\"sv_SE\" \/>\n<meta property=\"og:type\" content=\"article\" \/>\n<meta property=\"og:title\" content=\"TRUUSK Avkopplingsstol i l\u00e4der - Massagefunktion - 8 massagepunkter - H\u00f6g ryggst\u00f6d - Upp till 120 kg - Svart - TRUUSK - Hem, Tr\u00e4dg\u00e5rd &amp; Fritid\" \/>\n<meta property=\"og:description\" content=\"Dyk in i komforten med denna lyxiga relaxstol. V\u00e5r relaxstol ser inte bara bra ut, utan inbjuder ocks\u00e5 till avkoppling...\" \/>\n<meta property=\"og:url\" content=\"https:\/\/truusk.store\/sv\/produkt\/truusk-avkopplingsstol-i-lader-massagefunktion-8-massagepunkter-hog-ryggstod-upp-till-120-kg-svart\/\" \/>\n<meta property=\"og:site_name\" content=\"TRUUSK - Hem, Tr\u00e4dg\u00e5rd &amp; Fritid\" \/>\n<meta property=\"article:modified_time\" content=\"2026-03-12T08:07:18+00:00\" \/>\n<meta property=\"og:image\" content=\"https:\/\/i0.wp.com\/truusk.se\/wp-content\/uploads\/2025\/06\/avkopplingsstol-i-lader-med-massagefunktion-58-x-163-x-87-cm-upp-till-120-kg-8-massagepunkter-med-fjarrkontroll-hog-ryggstod-kudde-svart-1.webp?fit=2000%2C2000&ssl=1\" \/>\n\t<meta property=\"og:image:width\" content=\"2000\" \/>\n\t<meta property=\"og:image:height\" content=\"2000\" \/>\n\t<meta property=\"og:image:type\" content=\"image\/webp\" \/>\n<meta name=\"twitter:card\" content=\"summary_large_image\" \/>\n<meta name=\"twitter:label1\" content=\"Ber\u00e4knad l\u00e4stid\" \/>\n\t<meta name=\"twitter:data1\" content=\"1 minut\" \/>\n<!-- \/ Yoast SEO plugin. -->","yoast_head_json":{"title":"TRUUSK Avkopplingsstol i l\u00e4der - Massagefunktion - 8 massagepunkter - H\u00f6g ryggst\u00f6d - Upp till 120 kg - Svart - TRUUSK - Hem, Tr\u00e4dg\u00e5rd &amp; Fritid","robots":{"index":"index","follow":"follow","max-snippet":"max-snippet:-1","max-image-preview":"max-image-preview:large","max-video-preview":"max-video-preview:-1"},"canonical":"https:\/\/truusk.store\/sv\/produkt\/truusk-avkopplingsstol-i-lader-massagefunktion-8-massagepunkter-hog-ryggstod-upp-till-120-kg-svart\/","og_locale":"sv_SE","og_type":"article","og_title":"TRUUSK Avkopplingsstol i l\u00e4der - Massagefunktion - 8 massagepunkter - H\u00f6g ryggst\u00f6d - Upp till 120 kg - Svart - TRUUSK - Hem, Tr\u00e4dg\u00e5rd &amp; Fritid","og_description":"Dyk in i komforten med denna lyxiga relaxstol. V\u00e5r relaxstol ser inte bara bra ut, utan inbjuder ocks\u00e5 till avkoppling...","og_url":"https:\/\/truusk.store\/sv\/produkt\/truusk-avkopplingsstol-i-lader-massagefunktion-8-massagepunkter-hog-ryggstod-upp-till-120-kg-svart\/","og_site_name":"TRUUSK - Hem, Tr\u00e4dg\u00e5rd &amp; Fritid","article_modified_time":"2026-03-12T08:07:18+00:00","og_image":[{"width":2000,"height":2000,"url":"https:\/\/i0.wp.com\/truusk.se\/wp-content\/uploads\/2025\/06\/avkopplingsstol-i-lader-med-massagefunktion-58-x-163-x-87-cm-upp-till-120-kg-8-massagepunkter-med-fjarrkontroll-hog-ryggstod-kudde-svart-1.webp?fit=2000%2C2000&ssl=1","type":"image\/webp"}],"twitter_card":"summary_large_image","twitter_misc":{"Ber\u00e4knad l\u00e4stid":"1 minut"},"schema":{"@context":"https:\/\/schema.org","@graph":[{"@type":"WebPage","@id":"https:\/\/truusk.store\/sv\/produkt\/truusk-avkopplingsstol-i-lader-massagefunktion-8-massagepunkter-hog-ryggstod-upp-till-120-kg-svart\/","url":"https:\/\/truusk.store\/sv\/produkt\/truusk-avkopplingsstol-i-lader-massagefunktion-8-massagepunkter-hog-ryggstod-upp-till-120-kg-svart\/","name":"TRUUSK Avkopplingsstol i l\u00e4der - Massagefunktion - 8 massagepunkter - H\u00f6g ryggst\u00f6d - Upp till 120 kg - Svart - TRUUSK - Hem, Tr\u00e4dg\u00e5rd &amp; Fritid","isPartOf":{"@id":"https:\/\/truusk.store\/sv\/#website"},"primaryImageOfPage":{"@id":"https:\/\/truusk.store\/sv\/produkt\/truusk-avkopplingsstol-i-lader-massagefunktion-8-massagepunkter-hog-ryggstod-upp-till-120-kg-svart\/#primaryimage"},"image":{"@id":"https:\/\/truusk.store\/sv\/produkt\/truusk-avkopplingsstol-i-lader-massagefunktion-8-massagepunkter-hog-ryggstod-upp-till-120-kg-svart\/#primaryimage"},"thumbnailUrl":"https:\/\/i0.wp.com\/truusk.store\/wp-content\/uploads\/2025\/06\/avkopplingsstol-i-lader-med-massagefunktion-58-x-163-x-87-cm-upp-till-120-kg-8-massagepunkter-med-fjarrkontroll-hog-ryggstod-kudde-svart-1.webp?fit=2000%2C2000&ssl=1","datePublished":"2025-06-17T11:11:50+00:00","dateModified":"2026-03-12T08:07:18+00:00","breadcrumb":{"@id":"https:\/\/truusk.store\/sv\/produkt\/truusk-avkopplingsstol-i-lader-massagefunktion-8-massagepunkter-hog-ryggstod-upp-till-120-kg-svart\/#breadcrumb"},"inLanguage":"sv-SE","potentialAction":[{"@type":"ReadAction","target":["https:\/\/truusk.store\/sv\/produkt\/truusk-avkopplingsstol-i-lader-massagefunktion-8-massagepunkter-hog-ryggstod-upp-till-120-kg-svart\/"]}]},{"@type":"ImageObject","inLanguage":"sv-SE","@id":"https:\/\/truusk.store\/sv\/produkt\/truusk-avkopplingsstol-i-lader-massagefunktion-8-massagepunkter-hog-ryggstod-upp-till-120-kg-svart\/#primaryimage","url":"https:\/\/i0.wp.com\/truusk.store\/wp-content\/uploads\/2025\/06\/avkopplingsstol-i-lader-med-massagefunktion-58-x-163-x-87-cm-upp-till-120-kg-8-massagepunkter-med-fjarrkontroll-hog-ryggstod-kudde-svart-1.webp?fit=2000%2C2000&ssl=1","contentUrl":"https:\/\/i0.wp.com\/truusk.store\/wp-content\/uploads\/2025\/06\/avkopplingsstol-i-lader-med-massagefunktion-58-x-163-x-87-cm-upp-till-120-kg-8-massagepunkter-med-fjarrkontroll-hog-ryggstod-kudde-svart-1.webp?fit=2000%2C2000&ssl=1","width":2000,"height":2000},{"@type":"BreadcrumbList","@id":"https:\/\/truusk.store\/sv\/produkt\/truusk-avkopplingsstol-i-lader-massagefunktion-8-massagepunkter-hog-ryggstod-upp-till-120-kg-svart\/#breadcrumb","itemListElement":[{"@type":"ListItem","position":1,"name":"Home","item":"https:\/\/truusk.store\/sv\/"},{"@type":"ListItem","position":2,"name":"Shop","item":"https:\/\/truusk.store\/shop\/"},{"@type":"ListItem","position":3,"name":"TRUUSK Avkopplingsstol i l\u00e4der &#8211; Massagefunktion &#8211; 8 massagepunkter &#8211; H\u00f6g ryggst\u00f6d &#8211; Upp till 120 kg &#8211; Svart"}]},{"@type":"WebSite","@id":"https:\/\/truusk.store\/sv\/#website","url":"https:\/\/truusk.store\/sv\/","name":"TRUUSK - Hem, Tr\u00e4dg\u00e5rd & Fritid","description":"","publisher":{"@id":"https:\/\/truusk.store\/sv\/#organization"},"potentialAction":[{"@type":"SearchAction","target":{"@type":"EntryPoint","urlTemplate":"https:\/\/truusk.store\/sv\/?s={search_term_string}"},"query-input":{"@type":"PropertyValueSpecification","valueRequired":true,"valueName":"search_term_string"}}],"inLanguage":"sv-SE"},{"@type":"Organization","@id":"https:\/\/truusk.store\/sv\/#organization","name":"TRUUSK - Hem, Tr\u00e4dg\u00e5rd & Fritid","url":"https:\/\/truusk.store\/sv\/","logo":{"@type":"ImageObject","inLanguage":"sv-SE","@id":"https:\/\/truusk.store\/sv\/#\/schema\/logo\/image\/","url":"https:\/\/i0.wp.com\/truusk.store\/wp-content\/uploads\/2026\/03\/cropped-TRUUSK.png?fit=2032%2C917&ssl=1","contentUrl":"https:\/\/i0.wp.com\/truusk.store\/wp-content\/uploads\/2026\/03\/cropped-TRUUSK.png?fit=2032%2C917&ssl=1","width":2032,"height":917,"caption":"TRUUSK - Hem, Tr\u00e4dg\u00e5rd & Fritid"},"image":{"@id":"https:\/\/truusk.store\/sv\/#\/schema\/logo\/image\/"}}]}},"jetpack_sharing_enabled":true,"_links":{"self":[{"href":"https:\/\/truusk.store\/sv\/wp-json\/wp\/v2\/product\/80030","targetHints":{"allow":["GET"]}}],"collection":[{"href":"https:\/\/truusk.store\/sv\/wp-json\/wp\/v2\/product"}],"about":[{"href":"https:\/\/truusk.store\/sv\/wp-json\/wp\/v2\/types\/product"}],"wp:featuredmedia":[{"embeddable":true,"href":"https:\/\/truusk.store\/sv\/wp-json\/wp\/v2\/media\/80021"}],"wp:attachment":[{"href":"https:\/\/truusk.store\/sv\/wp-json\/wp\/v2\/media?parent=80030"}],"wp:term":[{"taxonomy":"product_brand","embeddable":true,"href":"https:\/\/truusk.store\/sv\/wp-json\/wp\/v2\/product_brand?post=80030"},{"taxonomy":"product_cat","embeddable":true,"href":"https:\/\/truusk.store\/sv\/wp-json\/wp\/v2\/product_cat?post=80030"},{"taxonomy":"product_tag","embeddable":true,"href":"https:\/\/truusk.store\/sv\/wp-json\/wp\/v2\/product_tag?post=80030"}],"curies":[{"name":"wp","href":"https:\/\/api.w.org\/{rel}","templated":true}]}}