{"id":80070,"date":"2025-06-17T20:37:49","date_gmt":"2025-06-17T19:37:49","guid":{"rendered":"https:\/\/truusk.store\/product\/gungstol-med-stoppad-gungstol-med-landkudde-sidoficka-avkopplingsstol-traram-linneutseende-for-vardagsrum-sovrum-beige\/"},"modified":"2026-03-12T09:44:26","modified_gmt":"2026-03-12T08:44:26","slug":"truusk-gungstol-med-stoppad-sits-sidoficka-avkopplingsstol-traram-beige-linneutseende-for-vardagsrum-sovrum","status":"publish","type":"product","link":"https:\/\/truusk.store\/sv\/produkt\/truusk-gungstol-med-stoppad-sits-sidoficka-avkopplingsstol-traram-beige-linneutseende-for-vardagsrum-sovrum\/","title":{"rendered":"TRUUSK Gungstol Med Stoppad Sits &#8211; Sidoficka &#8211; Avkopplingsstol &#8211; Tr\u00e4ram &#8211; Beige Linneutseende &#8211; F\u00f6r Vardagsrum, Sovrum"},"content":{"rendered":"<p>Uppt\u00e4ck charmen med TRUUSK gungstolen &#8211; din mysiga tillflyktsort! Med en bred och himmelskt mjuk sittplats, erbjuder denna amningsstol o\u00f6vertr\u00e4ffad komfort. Den praktiska sidofickan ser till att dina fj\u00e4rrkontroller alltid \u00e4r till hands. Den robusta boktr\u00e4ramen garanterar stabilitet, medan filtunderl\u00e4ggen m\u00f6jligg\u00f6r ljudl\u00f6s gungning. Unna dig stilfull avkoppling och f\u00f6rvandla ditt hem till en oas av lugn!<\/p>\n<p>Beskrivning:<\/p>\n<ul>\n<li> Bred sittplats p\u00e5 60 cm f\u00f6r \u00f6kad komfort<\/li>\n<li> Tyg\u00f6verdrag i linneutseende och mjuk stoppning f\u00f6r bekv\u00e4mt sittande<\/li>\n<li> Inkluderar l\u00e4ndkudde f\u00f6r extra ryggst\u00f6d<\/li>\n<li> Sidoficka p\u00e5 gungstolen f\u00f6r fj\u00e4rrkontroller och smartphone<\/li>\n<li> Robust boktr\u00e4ram f\u00f6r stabilitet<\/li>\n<li> Filtunderl\u00e4gg minimerar ljud<\/li>\n<li>Kantstopp \u00f6kar s\u00e4kerheten<\/li>\n<li> Montering kr\u00e4vs<\/li>\n<\/ul>\n<p> Tekniska data:<\/p>\n<ul>\n<li> F\u00e4rg: Beige<\/li>\n<li> Material: Linneimitation (100 % polyester), boktr\u00e4, skum<\/li>\n<li> Totala dimensioner: 65B x 90D x 98H cm<\/li>\n<li> Sittstorlek: 60B x 57D x 44\/53H cm<\/li>\n<li> Sitt tjocklek: 15 cm<\/li>\n<li> Storlek p\u00e5 ryggst\u00f6d: 72B x 59D x 14H cm<\/li>\n<li> Armst\u00f6dsdimensioner: 61B x 3,8D cm<\/li>\n<li> Armst\u00f6dsh\u00f6jd: 17 cm<\/li>\n<li> Kuddstorlek: 48B x 12D x 32H cm<\/li>\n<li> Storlek p\u00e5 f\u00f6rvaringsficka: 26B x 32H cm<\/li>\n<li> B\u00e4rkapacitet: 120 kg<\/li>\n<\/ul>\n<p> Leveransinneh\u00e5ll:<\/p>\n<ul>\n<li> 1 x gungstol<\/li>\n<li> 1 x handbok<\/li>\n<\/ul>\n","protected":false},"excerpt":{"rendered":"<p>Uppt\u00e4ck charmen med TRUUSK gungstolen &#8211; din mysiga tillflyktsort! Med en bred och himmelskt mjuk sittplats, erbjuder denna amningsstol o\u00f6vertr\u00e4ffad&#8230;<\/p>\n","protected":false},"featured_media":80061,"template":"","meta":[],"product_brand":[],"product_cat":[520,871,910],"product_tag":[],"class_list":{"0":"post-80070","1":"product","2":"type-product","3":"status-publish","4":"has-post-thumbnail","6":"product_cat-gungstolar","7":"product_cat-hus-hem","8":"product_cat-vardagsrum","10":"first","11":"instock","12":"sale","13":"taxable","14":"shipping-taxable","15":"purchasable","16":"product-type-simple"},"yoast_head":"<!-- This site is optimized with the Yoast SEO plugin v25.4 - https:\/\/yoast.com\/wordpress\/plugins\/seo\/ -->\n<title>TRUUSK Gungstol Med Stoppad Sits - Sidoficka - Avkopplingsstol - Tr\u00e4ram - Beige Linneutseende - F\u00f6r Vardagsrum, Sovrum - TRUUSK - Hem, Tr\u00e4dg\u00e5rd &amp; Fritid<\/title>\n<meta name=\"robots\" content=\"index, follow, max-snippet:-1, max-image-preview:large, max-video-preview:-1\" \/>\n<link rel=\"canonical\" href=\"https:\/\/truusk.store\/sv\/produkt\/truusk-gungstol-med-stoppad-sits-sidoficka-avkopplingsstol-traram-beige-linneutseende-for-vardagsrum-sovrum\/\" \/>\n<meta property=\"og:locale\" content=\"sv_SE\" \/>\n<meta property=\"og:type\" content=\"article\" \/>\n<meta property=\"og:title\" content=\"TRUUSK Gungstol Med Stoppad Sits - Sidoficka - Avkopplingsstol - Tr\u00e4ram - Beige Linneutseende - F\u00f6r Vardagsrum, Sovrum - TRUUSK - Hem, Tr\u00e4dg\u00e5rd &amp; Fritid\" \/>\n<meta property=\"og:description\" content=\"Uppt\u00e4ck charmen med TRUUSK gungstolen &#8211; din mysiga tillflyktsort! Med en bred och himmelskt mjuk sittplats, erbjuder denna amningsstol o\u00f6vertr\u00e4ffad...\" \/>\n<meta property=\"og:url\" content=\"https:\/\/truusk.store\/sv\/produkt\/truusk-gungstol-med-stoppad-sits-sidoficka-avkopplingsstol-traram-beige-linneutseende-for-vardagsrum-sovrum\/\" \/>\n<meta property=\"og:site_name\" content=\"TRUUSK - Hem, Tr\u00e4dg\u00e5rd &amp; Fritid\" \/>\n<meta property=\"article:modified_time\" content=\"2026-03-12T08:44:26+00:00\" \/>\n<meta property=\"og:image\" content=\"https:\/\/i0.wp.com\/truusk.se\/wp-content\/uploads\/2025\/06\/gungstol-med-stoppad-gungstol-med-landkudde-sidoficka-avkopplingsstol-traram-linneutseende-for-vardagsrum-sovrum-beige-1.webp?fit=2000%2C2000&ssl=1\" \/>\n\t<meta property=\"og:image:width\" content=\"2000\" \/>\n\t<meta property=\"og:image:height\" content=\"2000\" \/>\n\t<meta property=\"og:image:type\" content=\"image\/webp\" \/>\n<meta name=\"twitter:card\" content=\"summary_large_image\" \/>\n<meta name=\"twitter:label1\" content=\"Ber\u00e4knad l\u00e4stid\" \/>\n\t<meta name=\"twitter:data1\" content=\"1 minut\" \/>\n<!-- \/ Yoast SEO plugin. -->","yoast_head_json":{"title":"TRUUSK Gungstol Med Stoppad Sits - Sidoficka - Avkopplingsstol - Tr\u00e4ram - Beige Linneutseende - F\u00f6r Vardagsrum, Sovrum - TRUUSK - Hem, Tr\u00e4dg\u00e5rd &amp; Fritid","robots":{"index":"index","follow":"follow","max-snippet":"max-snippet:-1","max-image-preview":"max-image-preview:large","max-video-preview":"max-video-preview:-1"},"canonical":"https:\/\/truusk.store\/sv\/produkt\/truusk-gungstol-med-stoppad-sits-sidoficka-avkopplingsstol-traram-beige-linneutseende-for-vardagsrum-sovrum\/","og_locale":"sv_SE","og_type":"article","og_title":"TRUUSK Gungstol Med Stoppad Sits - Sidoficka - Avkopplingsstol - Tr\u00e4ram - Beige Linneutseende - F\u00f6r Vardagsrum, Sovrum - TRUUSK - Hem, Tr\u00e4dg\u00e5rd &amp; Fritid","og_description":"Uppt\u00e4ck charmen med TRUUSK gungstolen &#8211; din mysiga tillflyktsort! Med en bred och himmelskt mjuk sittplats, erbjuder denna amningsstol o\u00f6vertr\u00e4ffad...","og_url":"https:\/\/truusk.store\/sv\/produkt\/truusk-gungstol-med-stoppad-sits-sidoficka-avkopplingsstol-traram-beige-linneutseende-for-vardagsrum-sovrum\/","og_site_name":"TRUUSK - Hem, Tr\u00e4dg\u00e5rd &amp; Fritid","article_modified_time":"2026-03-12T08:44:26+00:00","og_image":[{"width":2000,"height":2000,"url":"https:\/\/i0.wp.com\/truusk.se\/wp-content\/uploads\/2025\/06\/gungstol-med-stoppad-gungstol-med-landkudde-sidoficka-avkopplingsstol-traram-linneutseende-for-vardagsrum-sovrum-beige-1.webp?fit=2000%2C2000&ssl=1","type":"image\/webp"}],"twitter_card":"summary_large_image","twitter_misc":{"Ber\u00e4knad l\u00e4stid":"1 minut"},"schema":{"@context":"https:\/\/schema.org","@graph":[{"@type":"WebPage","@id":"https:\/\/truusk.store\/sv\/produkt\/truusk-gungstol-med-stoppad-sits-sidoficka-avkopplingsstol-traram-beige-linneutseende-for-vardagsrum-sovrum\/","url":"https:\/\/truusk.store\/sv\/produkt\/truusk-gungstol-med-stoppad-sits-sidoficka-avkopplingsstol-traram-beige-linneutseende-for-vardagsrum-sovrum\/","name":"TRUUSK Gungstol Med Stoppad Sits - Sidoficka - Avkopplingsstol - Tr\u00e4ram - Beige Linneutseende - F\u00f6r Vardagsrum, Sovrum - TRUUSK - Hem, Tr\u00e4dg\u00e5rd &amp; Fritid","isPartOf":{"@id":"https:\/\/truusk.store\/sv\/#website"},"primaryImageOfPage":{"@id":"https:\/\/truusk.store\/sv\/produkt\/truusk-gungstol-med-stoppad-sits-sidoficka-avkopplingsstol-traram-beige-linneutseende-for-vardagsrum-sovrum\/#primaryimage"},"image":{"@id":"https:\/\/truusk.store\/sv\/produkt\/truusk-gungstol-med-stoppad-sits-sidoficka-avkopplingsstol-traram-beige-linneutseende-for-vardagsrum-sovrum\/#primaryimage"},"thumbnailUrl":"https:\/\/i0.wp.com\/truusk.store\/wp-content\/uploads\/2025\/06\/gungstol-med-stoppad-gungstol-med-landkudde-sidoficka-avkopplingsstol-traram-linneutseende-for-vardagsrum-sovrum-beige-1.webp?fit=2000%2C2000&ssl=1","datePublished":"2025-06-17T19:37:49+00:00","dateModified":"2026-03-12T08:44:26+00:00","breadcrumb":{"@id":"https:\/\/truusk.store\/sv\/produkt\/truusk-gungstol-med-stoppad-sits-sidoficka-avkopplingsstol-traram-beige-linneutseende-for-vardagsrum-sovrum\/#breadcrumb"},"inLanguage":"sv-SE","potentialAction":[{"@type":"ReadAction","target":["https:\/\/truusk.store\/sv\/produkt\/truusk-gungstol-med-stoppad-sits-sidoficka-avkopplingsstol-traram-beige-linneutseende-for-vardagsrum-sovrum\/"]}]},{"@type":"ImageObject","inLanguage":"sv-SE","@id":"https:\/\/truusk.store\/sv\/produkt\/truusk-gungstol-med-stoppad-sits-sidoficka-avkopplingsstol-traram-beige-linneutseende-for-vardagsrum-sovrum\/#primaryimage","url":"https:\/\/i0.wp.com\/truusk.store\/wp-content\/uploads\/2025\/06\/gungstol-med-stoppad-gungstol-med-landkudde-sidoficka-avkopplingsstol-traram-linneutseende-for-vardagsrum-sovrum-beige-1.webp?fit=2000%2C2000&ssl=1","contentUrl":"https:\/\/i0.wp.com\/truusk.store\/wp-content\/uploads\/2025\/06\/gungstol-med-stoppad-gungstol-med-landkudde-sidoficka-avkopplingsstol-traram-linneutseende-for-vardagsrum-sovrum-beige-1.webp?fit=2000%2C2000&ssl=1","width":2000,"height":2000},{"@type":"BreadcrumbList","@id":"https:\/\/truusk.store\/sv\/produkt\/truusk-gungstol-med-stoppad-sits-sidoficka-avkopplingsstol-traram-beige-linneutseende-for-vardagsrum-sovrum\/#breadcrumb","itemListElement":[{"@type":"ListItem","position":1,"name":"Home","item":"https:\/\/truusk.store\/sv\/"},{"@type":"ListItem","position":2,"name":"Shop","item":"https:\/\/truusk.store\/shop\/"},{"@type":"ListItem","position":3,"name":"TRUUSK Gungstol Med Stoppad Sits &#8211; Sidoficka &#8211; Avkopplingsstol &#8211; Tr\u00e4ram &#8211; Beige Linneutseende &#8211; F\u00f6r Vardagsrum, Sovrum"}]},{"@type":"WebSite","@id":"https:\/\/truusk.store\/sv\/#website","url":"https:\/\/truusk.store\/sv\/","name":"TRUUSK - Hem, Tr\u00e4dg\u00e5rd & Fritid","description":"","publisher":{"@id":"https:\/\/truusk.store\/sv\/#organization"},"potentialAction":[{"@type":"SearchAction","target":{"@type":"EntryPoint","urlTemplate":"https:\/\/truusk.store\/sv\/?s={search_term_string}"},"query-input":{"@type":"PropertyValueSpecification","valueRequired":true,"valueName":"search_term_string"}}],"inLanguage":"sv-SE"},{"@type":"Organization","@id":"https:\/\/truusk.store\/sv\/#organization","name":"TRUUSK - Hem, Tr\u00e4dg\u00e5rd & Fritid","url":"https:\/\/truusk.store\/sv\/","logo":{"@type":"ImageObject","inLanguage":"sv-SE","@id":"https:\/\/truusk.store\/sv\/#\/schema\/logo\/image\/","url":"https:\/\/i0.wp.com\/truusk.store\/wp-content\/uploads\/2026\/03\/cropped-TRUUSK.png?fit=2032%2C917&ssl=1","contentUrl":"https:\/\/i0.wp.com\/truusk.store\/wp-content\/uploads\/2026\/03\/cropped-TRUUSK.png?fit=2032%2C917&ssl=1","width":2032,"height":917,"caption":"TRUUSK - Hem, Tr\u00e4dg\u00e5rd & Fritid"},"image":{"@id":"https:\/\/truusk.store\/sv\/#\/schema\/logo\/image\/"}}]}},"jetpack_sharing_enabled":true,"_links":{"self":[{"href":"https:\/\/truusk.store\/sv\/wp-json\/wp\/v2\/product\/80070","targetHints":{"allow":["GET"]}}],"collection":[{"href":"https:\/\/truusk.store\/sv\/wp-json\/wp\/v2\/product"}],"about":[{"href":"https:\/\/truusk.store\/sv\/wp-json\/wp\/v2\/types\/product"}],"wp:featuredmedia":[{"embeddable":true,"href":"https:\/\/truusk.store\/sv\/wp-json\/wp\/v2\/media\/80061"}],"wp:attachment":[{"href":"https:\/\/truusk.store\/sv\/wp-json\/wp\/v2\/media?parent=80070"}],"wp:term":[{"taxonomy":"product_brand","embeddable":true,"href":"https:\/\/truusk.store\/sv\/wp-json\/wp\/v2\/product_brand?post=80070"},{"taxonomy":"product_cat","embeddable":true,"href":"https:\/\/truusk.store\/sv\/wp-json\/wp\/v2\/product_cat?post=80070"},{"taxonomy":"product_tag","embeddable":true,"href":"https:\/\/truusk.store\/sv\/wp-json\/wp\/v2\/product_tag?post=80070"}],"curies":[{"name":"wp","href":"https:\/\/api.w.org\/{rel}","templated":true}]}}