{"id":80080,"date":"2025-06-17T20:39:03","date_gmt":"2025-06-17T19:39:03","guid":{"rendered":"https:\/\/truusk.store\/product\/sittbank-stoppad-bank-med-forvaring-kista-tyg-metall-gummitra-skum-svart-100-x-40-x-42-cm\/"},"modified":"2026-03-12T09:42:26","modified_gmt":"2026-03-12T08:42:26","slug":"truusk-svart-sittbank-med-forvaring-matt-100-x-40-x-42-cm-stoppad-tygbank-metallram-gummitraben-skum-praktisk-kista","status":"publish","type":"product","link":"https:\/\/truusk.store\/sv\/produkt\/truusk-svart-sittbank-med-forvaring-matt-100-x-40-x-42-cm-stoppad-tygbank-metallram-gummitraben-skum-praktisk-kista\/","title":{"rendered":"TRUUSK Svart Sittb\u00e4nk Med F\u00f6rvaring &#8211; M\u00e5tt 100 x 40 x 42 cm &#8211; Stoppad Tygb\u00e4nk &#8211; Metallram &#8211; Gummitr\u00e4ben &#8211; Skum &#8211; Praktisk Kista"},"content":{"rendered":"<p>V\u00e5r s\u00e4ngb\u00e4nk inneh\u00e5ller ett dolt f\u00f6rvaringsutrymme med stor kapacitet, d\u00e4r alla m\u00f6jliga saker kan f\u00f6rvaras. Oavsett om det \u00e4r i entr\u00e9n, vardagsrummet eller sovrummet, som f\u00f6rvaringspall, fotst\u00f6d eller helt enkelt som en b\u00e4nk, ger b\u00e4nken med f\u00f6rvaring praktisk och stabil bekv\u00e4mlighet i varje hem.<\/p>\n<p>Beskrivning:<\/p>\n<ul>\n<li> Tillverkad av h\u00f6gkvalitativt tr\u00e4ram och galvaniserat metall<\/li>\n<li> Stort, dolt f\u00f6rvaringsutrymme i den stoppade b\u00e4nken, l\u00e4mplig f\u00f6r f\u00f6rvaring av b\u00f6cker, kl\u00e4der, filtar, skor, leksaker och andra saker<\/li>\n<li> Galvaniserad metallfot p\u00e5 sittb\u00e4nken med stark struktur p\u00e5 undersidan passar sidledes mot m\u00f6beln<\/li>\n<li> L\u00e4mplig f\u00f6r anv\u00e4ndning i entr\u00e9, vardagsrum, k\u00e4llare eller sovrum<\/li>\n<li> F\u00f6tterna m\u00e5ste monteras<\/li>\n<\/ul>\n<p> Tekniska specifikationer:<\/p>\n<ul>\n<li> F\u00e4rg: Svart<\/li>\n<li> Material: Metall, sammet (100% polyester), skum, gummitr\u00e4<\/li>\n<li> Total storlek: 100B x 40D x 42H cm<\/li>\n<li> Maximal \u00f6ppningsvinkel: 80\u00b0<\/li>\n<li> Inre storlek: 90,5B x 31,5D x 24,5H cm<\/li>\n<li> Sits tjocklek: 32 cm (inklusive 5 cm tjock toppskiva)<\/li>\n<li> Skumtjocklek: 4 cm<\/li>\n<li> Maximal belastning: 220 kg<\/li>\n<li> Certifiering: Certifikat och k\u00f6peavtal f\u00f6r sk\u00e4rning av poppel- och gummitr\u00e4<\/li>\n<\/ul>\n<p>Leverans inneh\u00e5ller:<\/p>\n<ul>\n<li> 1 x sittb\u00e4nk med f\u00f6rvaring<\/li>\n<li> 1 x instruktioner<\/li>\n<\/ul>\n","protected":false},"excerpt":{"rendered":"<p>V\u00e5r s\u00e4ngb\u00e4nk inneh\u00e5ller ett dolt f\u00f6rvaringsutrymme med stor kapacitet, d\u00e4r alla m\u00f6jliga saker kan f\u00f6rvaras. Oavsett om det \u00e4r i&#8230;<\/p>\n","protected":false},"featured_media":80071,"template":"","meta":[],"product_brand":[],"product_cat":[871,897,540],"product_tag":[],"class_list":{"0":"post-80080","1":"product","2":"type-product","3":"status-publish","4":"has-post-thumbnail","6":"product_cat-hus-hem","7":"product_cat-sovrum","8":"product_cat-stoppade-bankar","10":"first","11":"instock","12":"sale","13":"taxable","14":"shipping-taxable","15":"purchasable","16":"product-type-simple"},"yoast_head":"<!-- This site is optimized with the Yoast SEO plugin v25.4 - https:\/\/yoast.com\/wordpress\/plugins\/seo\/ -->\n<title>TRUUSK Svart Sittb\u00e4nk Med F\u00f6rvaring - M\u00e5tt 100 x 40 x 42 cm - Stoppad Tygb\u00e4nk - Metallram - Gummitr\u00e4ben - Skum - Praktisk Kista - TRUUSK - Hem, Tr\u00e4dg\u00e5rd &amp; Fritid<\/title>\n<meta name=\"robots\" content=\"index, follow, max-snippet:-1, max-image-preview:large, max-video-preview:-1\" \/>\n<link rel=\"canonical\" href=\"https:\/\/truusk.store\/sv\/produkt\/truusk-svart-sittbank-med-forvaring-matt-100-x-40-x-42-cm-stoppad-tygbank-metallram-gummitraben-skum-praktisk-kista\/\" \/>\n<meta property=\"og:locale\" content=\"sv_SE\" \/>\n<meta property=\"og:type\" content=\"article\" \/>\n<meta property=\"og:title\" content=\"TRUUSK Svart Sittb\u00e4nk Med F\u00f6rvaring - M\u00e5tt 100 x 40 x 42 cm - Stoppad Tygb\u00e4nk - Metallram - Gummitr\u00e4ben - Skum - Praktisk Kista - TRUUSK - Hem, Tr\u00e4dg\u00e5rd &amp; Fritid\" \/>\n<meta property=\"og:description\" content=\"V\u00e5r s\u00e4ngb\u00e4nk inneh\u00e5ller ett dolt f\u00f6rvaringsutrymme med stor kapacitet, d\u00e4r alla m\u00f6jliga saker kan f\u00f6rvaras. Oavsett om det \u00e4r i...\" \/>\n<meta property=\"og:url\" content=\"https:\/\/truusk.store\/sv\/produkt\/truusk-svart-sittbank-med-forvaring-matt-100-x-40-x-42-cm-stoppad-tygbank-metallram-gummitraben-skum-praktisk-kista\/\" \/>\n<meta property=\"og:site_name\" content=\"TRUUSK - Hem, Tr\u00e4dg\u00e5rd &amp; Fritid\" \/>\n<meta property=\"article:modified_time\" content=\"2026-03-12T08:42:26+00:00\" \/>\n<meta property=\"og:image\" content=\"https:\/\/i0.wp.com\/truusk.se\/wp-content\/uploads\/2025\/06\/sittbank-stoppad-bank-med-forvaring-kista-tyg-metall-gummitra-skum-svart-100-x-40-x-42-cm-1.webp?fit=2000%2C2000&ssl=1\" \/>\n\t<meta property=\"og:image:width\" content=\"2000\" \/>\n\t<meta property=\"og:image:height\" content=\"2000\" \/>\n\t<meta property=\"og:image:type\" content=\"image\/webp\" \/>\n<meta name=\"twitter:card\" content=\"summary_large_image\" \/>\n<meta name=\"twitter:label1\" content=\"Ber\u00e4knad l\u00e4stid\" \/>\n\t<meta name=\"twitter:data1\" content=\"1 minut\" \/>\n<!-- \/ Yoast SEO plugin. -->","yoast_head_json":{"title":"TRUUSK Svart Sittb\u00e4nk Med F\u00f6rvaring - M\u00e5tt 100 x 40 x 42 cm - Stoppad Tygb\u00e4nk - Metallram - Gummitr\u00e4ben - Skum - Praktisk Kista - TRUUSK - Hem, Tr\u00e4dg\u00e5rd &amp; Fritid","robots":{"index":"index","follow":"follow","max-snippet":"max-snippet:-1","max-image-preview":"max-image-preview:large","max-video-preview":"max-video-preview:-1"},"canonical":"https:\/\/truusk.store\/sv\/produkt\/truusk-svart-sittbank-med-forvaring-matt-100-x-40-x-42-cm-stoppad-tygbank-metallram-gummitraben-skum-praktisk-kista\/","og_locale":"sv_SE","og_type":"article","og_title":"TRUUSK Svart Sittb\u00e4nk Med F\u00f6rvaring - M\u00e5tt 100 x 40 x 42 cm - Stoppad Tygb\u00e4nk - Metallram - Gummitr\u00e4ben - Skum - Praktisk Kista - TRUUSK - Hem, Tr\u00e4dg\u00e5rd &amp; Fritid","og_description":"V\u00e5r s\u00e4ngb\u00e4nk inneh\u00e5ller ett dolt f\u00f6rvaringsutrymme med stor kapacitet, d\u00e4r alla m\u00f6jliga saker kan f\u00f6rvaras. Oavsett om det \u00e4r i...","og_url":"https:\/\/truusk.store\/sv\/produkt\/truusk-svart-sittbank-med-forvaring-matt-100-x-40-x-42-cm-stoppad-tygbank-metallram-gummitraben-skum-praktisk-kista\/","og_site_name":"TRUUSK - Hem, Tr\u00e4dg\u00e5rd &amp; Fritid","article_modified_time":"2026-03-12T08:42:26+00:00","og_image":[{"width":2000,"height":2000,"url":"https:\/\/i0.wp.com\/truusk.se\/wp-content\/uploads\/2025\/06\/sittbank-stoppad-bank-med-forvaring-kista-tyg-metall-gummitra-skum-svart-100-x-40-x-42-cm-1.webp?fit=2000%2C2000&ssl=1","type":"image\/webp"}],"twitter_card":"summary_large_image","twitter_misc":{"Ber\u00e4knad l\u00e4stid":"1 minut"},"schema":{"@context":"https:\/\/schema.org","@graph":[{"@type":"WebPage","@id":"https:\/\/truusk.store\/sv\/produkt\/truusk-svart-sittbank-med-forvaring-matt-100-x-40-x-42-cm-stoppad-tygbank-metallram-gummitraben-skum-praktisk-kista\/","url":"https:\/\/truusk.store\/sv\/produkt\/truusk-svart-sittbank-med-forvaring-matt-100-x-40-x-42-cm-stoppad-tygbank-metallram-gummitraben-skum-praktisk-kista\/","name":"TRUUSK Svart Sittb\u00e4nk Med F\u00f6rvaring - M\u00e5tt 100 x 40 x 42 cm - Stoppad Tygb\u00e4nk - Metallram - Gummitr\u00e4ben - Skum - Praktisk Kista - TRUUSK - Hem, Tr\u00e4dg\u00e5rd &amp; Fritid","isPartOf":{"@id":"https:\/\/truusk.store\/sv\/#website"},"primaryImageOfPage":{"@id":"https:\/\/truusk.store\/sv\/produkt\/truusk-svart-sittbank-med-forvaring-matt-100-x-40-x-42-cm-stoppad-tygbank-metallram-gummitraben-skum-praktisk-kista\/#primaryimage"},"image":{"@id":"https:\/\/truusk.store\/sv\/produkt\/truusk-svart-sittbank-med-forvaring-matt-100-x-40-x-42-cm-stoppad-tygbank-metallram-gummitraben-skum-praktisk-kista\/#primaryimage"},"thumbnailUrl":"https:\/\/i0.wp.com\/truusk.store\/wp-content\/uploads\/2025\/06\/sittbank-stoppad-bank-med-forvaring-kista-tyg-metall-gummitra-skum-svart-100-x-40-x-42-cm-1.webp?fit=2000%2C2000&ssl=1","datePublished":"2025-06-17T19:39:03+00:00","dateModified":"2026-03-12T08:42:26+00:00","breadcrumb":{"@id":"https:\/\/truusk.store\/sv\/produkt\/truusk-svart-sittbank-med-forvaring-matt-100-x-40-x-42-cm-stoppad-tygbank-metallram-gummitraben-skum-praktisk-kista\/#breadcrumb"},"inLanguage":"sv-SE","potentialAction":[{"@type":"ReadAction","target":["https:\/\/truusk.store\/sv\/produkt\/truusk-svart-sittbank-med-forvaring-matt-100-x-40-x-42-cm-stoppad-tygbank-metallram-gummitraben-skum-praktisk-kista\/"]}]},{"@type":"ImageObject","inLanguage":"sv-SE","@id":"https:\/\/truusk.store\/sv\/produkt\/truusk-svart-sittbank-med-forvaring-matt-100-x-40-x-42-cm-stoppad-tygbank-metallram-gummitraben-skum-praktisk-kista\/#primaryimage","url":"https:\/\/i0.wp.com\/truusk.store\/wp-content\/uploads\/2025\/06\/sittbank-stoppad-bank-med-forvaring-kista-tyg-metall-gummitra-skum-svart-100-x-40-x-42-cm-1.webp?fit=2000%2C2000&ssl=1","contentUrl":"https:\/\/i0.wp.com\/truusk.store\/wp-content\/uploads\/2025\/06\/sittbank-stoppad-bank-med-forvaring-kista-tyg-metall-gummitra-skum-svart-100-x-40-x-42-cm-1.webp?fit=2000%2C2000&ssl=1","width":2000,"height":2000},{"@type":"BreadcrumbList","@id":"https:\/\/truusk.store\/sv\/produkt\/truusk-svart-sittbank-med-forvaring-matt-100-x-40-x-42-cm-stoppad-tygbank-metallram-gummitraben-skum-praktisk-kista\/#breadcrumb","itemListElement":[{"@type":"ListItem","position":1,"name":"Home","item":"https:\/\/truusk.store\/sv\/"},{"@type":"ListItem","position":2,"name":"Shop","item":"https:\/\/truusk.store\/shop\/"},{"@type":"ListItem","position":3,"name":"TRUUSK Svart Sittb\u00e4nk Med F\u00f6rvaring &#8211; M\u00e5tt 100 x 40 x 42 cm &#8211; Stoppad Tygb\u00e4nk &#8211; Metallram &#8211; Gummitr\u00e4ben &#8211; Skum &#8211; Praktisk Kista"}]},{"@type":"WebSite","@id":"https:\/\/truusk.store\/sv\/#website","url":"https:\/\/truusk.store\/sv\/","name":"TRUUSK - Hem, Tr\u00e4dg\u00e5rd & Fritid","description":"","publisher":{"@id":"https:\/\/truusk.store\/sv\/#organization"},"potentialAction":[{"@type":"SearchAction","target":{"@type":"EntryPoint","urlTemplate":"https:\/\/truusk.store\/sv\/?s={search_term_string}"},"query-input":{"@type":"PropertyValueSpecification","valueRequired":true,"valueName":"search_term_string"}}],"inLanguage":"sv-SE"},{"@type":"Organization","@id":"https:\/\/truusk.store\/sv\/#organization","name":"TRUUSK - Hem, Tr\u00e4dg\u00e5rd & Fritid","url":"https:\/\/truusk.store\/sv\/","logo":{"@type":"ImageObject","inLanguage":"sv-SE","@id":"https:\/\/truusk.store\/sv\/#\/schema\/logo\/image\/","url":"https:\/\/i0.wp.com\/truusk.store\/wp-content\/uploads\/2026\/03\/cropped-TRUUSK.png?fit=2032%2C917&ssl=1","contentUrl":"https:\/\/i0.wp.com\/truusk.store\/wp-content\/uploads\/2026\/03\/cropped-TRUUSK.png?fit=2032%2C917&ssl=1","width":2032,"height":917,"caption":"TRUUSK - Hem, Tr\u00e4dg\u00e5rd & Fritid"},"image":{"@id":"https:\/\/truusk.store\/sv\/#\/schema\/logo\/image\/"}}]}},"jetpack_sharing_enabled":true,"_links":{"self":[{"href":"https:\/\/truusk.store\/sv\/wp-json\/wp\/v2\/product\/80080","targetHints":{"allow":["GET"]}}],"collection":[{"href":"https:\/\/truusk.store\/sv\/wp-json\/wp\/v2\/product"}],"about":[{"href":"https:\/\/truusk.store\/sv\/wp-json\/wp\/v2\/types\/product"}],"wp:featuredmedia":[{"embeddable":true,"href":"https:\/\/truusk.store\/sv\/wp-json\/wp\/v2\/media\/80071"}],"wp:attachment":[{"href":"https:\/\/truusk.store\/sv\/wp-json\/wp\/v2\/media?parent=80080"}],"wp:term":[{"taxonomy":"product_brand","embeddable":true,"href":"https:\/\/truusk.store\/sv\/wp-json\/wp\/v2\/product_brand?post=80080"},{"taxonomy":"product_cat","embeddable":true,"href":"https:\/\/truusk.store\/sv\/wp-json\/wp\/v2\/product_cat?post=80080"},{"taxonomy":"product_tag","embeddable":true,"href":"https:\/\/truusk.store\/sv\/wp-json\/wp\/v2\/product_tag?post=80080"}],"curies":[{"name":"wp","href":"https:\/\/api.w.org\/{rel}","templated":true}]}}