{"id":80090,"date":"2025-06-18T12:16:30","date_gmt":"2025-06-18T11:16:30","guid":{"rendered":"https:\/\/truusk.store\/product\/golvlampa-med-hyllor-inomhusbelysning-e27-upp-till-40w-for-vardagsrum-sovrum-tra-svart-26x26x160-cm\/"},"modified":"2026-03-12T09:03:23","modified_gmt":"2026-03-12T08:03:23","slug":"truusk-golvlampa-med-hyllor-inomhusbelysning-e27-upp-till-40w-for-vardagsrum-sovrum-tra-svart-26x26x160-cm","status":"publish","type":"product","link":"https:\/\/truusk.store\/sv\/produkt\/truusk-golvlampa-med-hyllor-inomhusbelysning-e27-upp-till-40w-for-vardagsrum-sovrum-tra-svart-26x26x160-cm\/","title":{"rendered":"TRUUSK Golvlampa med Hyllor &#8211; Inomhusbelysning &#8211; E27 &#8211; Upp Till 40W &#8211; F\u00f6r Vardagsrum \/ Sovrum &#8211; Tr\u00e4 &#8211; Svart &#8211; 26x26x160 cm"},"content":{"rendered":"<p>Snygg och praktisk: TRUUSK kombinerar modern f\u00f6rvaring med mjuk belysning. Placera dina b\u00f6cker, dekorationer eller v\u00e4xter p\u00e5 de tre \u00f6ppna hyllplanen och bada ditt rum i mysigt ljus med den inbyggda lampan.<\/p>\n<p>Beskrivning:<\/p>\n<ul>\n<li> Enkel design, idealisk f\u00f6r vardagsrum och sovrum<\/li>\n<li> Tillverkad av robusta MDF-skivor<\/li>\n<li> 3 fack erbjuder gott om f\u00f6rvaringsutrymme<\/li>\n<li> Med belysning: mjukt ljus tack vare textillampsk\u00e4rm<\/li>\n<li> Kompakta m\u00e5tt<\/li>\n<li> Med svart melaminbel\u00e4ggning: vattenavvisande och l\u00e4tt att underh\u00e5lla<\/li>\n<li> Enkel och snabb montering<\/li>\n<\/ul>\n<p> Tekniska data:<\/p>\n<ul>\n<li> Material: MDF, tyg<\/li>\n<li> F\u00e4rg: Svart<\/li>\n<li> Vikt: 5,3 kg<\/li>\n<li> Totala m\u00e5tt: L26 x B26 x H160 cm<\/li>\n<li> H\u00f6jd per fack: 39 cm<\/li>\n<li> Sp\u00e4nning: 230 V\/50 Hz<\/li>\n<li> Lampsockel: E27 upp till 40 W (ing\u00e5r ej)<\/li>\n<li> Kabell\u00e4ngd: 1,8 m<\/li>\n<\/ul>\n<p> Leveransinneh\u00e5ll:<\/p>\n<ul>\n<li> 1 x frist\u00e5ende hylla<\/li>\n<li> 1 x monteringsanvisning<\/li>\n<\/ul>\n","protected":false},"excerpt":{"rendered":"<p>Snygg och praktisk: TRUUSK kombinerar modern f\u00f6rvaring med mjuk belysning. Placera dina b\u00f6cker, dekorationer eller v\u00e4xter p\u00e5 de tre \u00f6ppna&#8230;<\/p>\n","protected":false},"featured_media":80081,"template":"","meta":[],"product_brand":[],"product_cat":[486,907,871],"product_tag":[],"class_list":{"0":"post-80090","1":"product","2":"type-product","3":"status-publish","4":"has-post-thumbnail","6":"product_cat-belysning","7":"product_cat-golvlampor","8":"product_cat-hus-hem","10":"first","11":"instock","12":"sale","13":"taxable","14":"shipping-taxable","15":"purchasable","16":"product-type-simple"},"yoast_head":"<!-- This site is optimized with the Yoast SEO plugin v25.4 - https:\/\/yoast.com\/wordpress\/plugins\/seo\/ -->\n<title>TRUUSK Golvlampa med Hyllor - Inomhusbelysning - E27 - Upp Till 40W - F\u00f6r Vardagsrum \/ Sovrum - Tr\u00e4 - Svart - 26x26x160 cm - TRUUSK - Hem, Tr\u00e4dg\u00e5rd &amp; Fritid<\/title>\n<meta name=\"robots\" content=\"index, follow, max-snippet:-1, max-image-preview:large, max-video-preview:-1\" \/>\n<link rel=\"canonical\" href=\"https:\/\/truusk.store\/sv\/produkt\/truusk-golvlampa-med-hyllor-inomhusbelysning-e27-upp-till-40w-for-vardagsrum-sovrum-tra-svart-26x26x160-cm\/\" \/>\n<meta property=\"og:locale\" content=\"sv_SE\" \/>\n<meta property=\"og:type\" content=\"article\" \/>\n<meta property=\"og:title\" content=\"TRUUSK Golvlampa med Hyllor - Inomhusbelysning - E27 - Upp Till 40W - F\u00f6r Vardagsrum \/ Sovrum - Tr\u00e4 - Svart - 26x26x160 cm - TRUUSK - Hem, Tr\u00e4dg\u00e5rd &amp; Fritid\" \/>\n<meta property=\"og:description\" content=\"Snygg och praktisk: TRUUSK kombinerar modern f\u00f6rvaring med mjuk belysning. Placera dina b\u00f6cker, dekorationer eller v\u00e4xter p\u00e5 de tre \u00f6ppna...\" \/>\n<meta property=\"og:url\" content=\"https:\/\/truusk.store\/sv\/produkt\/truusk-golvlampa-med-hyllor-inomhusbelysning-e27-upp-till-40w-for-vardagsrum-sovrum-tra-svart-26x26x160-cm\/\" \/>\n<meta property=\"og:site_name\" content=\"TRUUSK - Hem, Tr\u00e4dg\u00e5rd &amp; Fritid\" \/>\n<meta property=\"article:modified_time\" content=\"2026-03-12T08:03:23+00:00\" \/>\n<meta property=\"og:image\" content=\"https:\/\/i0.wp.com\/truusk.se\/wp-content\/uploads\/2025\/06\/golvlampa-med-hyllor-inomhusbelysning-e27-upp-till-40w-for-vardagsrum-sovrum-tra-svart-26x26x160-cm-1.webp?fit=2000%2C2000&ssl=1\" \/>\n\t<meta property=\"og:image:width\" content=\"2000\" \/>\n\t<meta property=\"og:image:height\" content=\"2000\" \/>\n\t<meta property=\"og:image:type\" content=\"image\/webp\" \/>\n<meta name=\"twitter:card\" content=\"summary_large_image\" \/>\n<meta name=\"twitter:label1\" content=\"Ber\u00e4knad l\u00e4stid\" \/>\n\t<meta name=\"twitter:data1\" content=\"1 minut\" \/>\n<!-- \/ Yoast SEO plugin. -->","yoast_head_json":{"title":"TRUUSK Golvlampa med Hyllor - Inomhusbelysning - E27 - Upp Till 40W - F\u00f6r Vardagsrum \/ Sovrum - Tr\u00e4 - Svart - 26x26x160 cm - TRUUSK - Hem, Tr\u00e4dg\u00e5rd &amp; Fritid","robots":{"index":"index","follow":"follow","max-snippet":"max-snippet:-1","max-image-preview":"max-image-preview:large","max-video-preview":"max-video-preview:-1"},"canonical":"https:\/\/truusk.store\/sv\/produkt\/truusk-golvlampa-med-hyllor-inomhusbelysning-e27-upp-till-40w-for-vardagsrum-sovrum-tra-svart-26x26x160-cm\/","og_locale":"sv_SE","og_type":"article","og_title":"TRUUSK Golvlampa med Hyllor - Inomhusbelysning - E27 - Upp Till 40W - F\u00f6r Vardagsrum \/ Sovrum - Tr\u00e4 - Svart - 26x26x160 cm - TRUUSK - Hem, Tr\u00e4dg\u00e5rd &amp; Fritid","og_description":"Snygg och praktisk: TRUUSK kombinerar modern f\u00f6rvaring med mjuk belysning. Placera dina b\u00f6cker, dekorationer eller v\u00e4xter p\u00e5 de tre \u00f6ppna...","og_url":"https:\/\/truusk.store\/sv\/produkt\/truusk-golvlampa-med-hyllor-inomhusbelysning-e27-upp-till-40w-for-vardagsrum-sovrum-tra-svart-26x26x160-cm\/","og_site_name":"TRUUSK - Hem, Tr\u00e4dg\u00e5rd &amp; Fritid","article_modified_time":"2026-03-12T08:03:23+00:00","og_image":[{"width":2000,"height":2000,"url":"https:\/\/i0.wp.com\/truusk.se\/wp-content\/uploads\/2025\/06\/golvlampa-med-hyllor-inomhusbelysning-e27-upp-till-40w-for-vardagsrum-sovrum-tra-svart-26x26x160-cm-1.webp?fit=2000%2C2000&ssl=1","type":"image\/webp"}],"twitter_card":"summary_large_image","twitter_misc":{"Ber\u00e4knad l\u00e4stid":"1 minut"},"schema":{"@context":"https:\/\/schema.org","@graph":[{"@type":"WebPage","@id":"https:\/\/truusk.store\/sv\/produkt\/truusk-golvlampa-med-hyllor-inomhusbelysning-e27-upp-till-40w-for-vardagsrum-sovrum-tra-svart-26x26x160-cm\/","url":"https:\/\/truusk.store\/sv\/produkt\/truusk-golvlampa-med-hyllor-inomhusbelysning-e27-upp-till-40w-for-vardagsrum-sovrum-tra-svart-26x26x160-cm\/","name":"TRUUSK Golvlampa med Hyllor - Inomhusbelysning - E27 - Upp Till 40W - F\u00f6r Vardagsrum \/ Sovrum - Tr\u00e4 - Svart - 26x26x160 cm - TRUUSK - Hem, Tr\u00e4dg\u00e5rd &amp; Fritid","isPartOf":{"@id":"https:\/\/truusk.store\/sv\/#website"},"primaryImageOfPage":{"@id":"https:\/\/truusk.store\/sv\/produkt\/truusk-golvlampa-med-hyllor-inomhusbelysning-e27-upp-till-40w-for-vardagsrum-sovrum-tra-svart-26x26x160-cm\/#primaryimage"},"image":{"@id":"https:\/\/truusk.store\/sv\/produkt\/truusk-golvlampa-med-hyllor-inomhusbelysning-e27-upp-till-40w-for-vardagsrum-sovrum-tra-svart-26x26x160-cm\/#primaryimage"},"thumbnailUrl":"https:\/\/i0.wp.com\/truusk.store\/wp-content\/uploads\/2025\/06\/golvlampa-med-hyllor-inomhusbelysning-e27-upp-till-40w-for-vardagsrum-sovrum-tra-svart-26x26x160-cm-1.webp?fit=2000%2C2000&ssl=1","datePublished":"2025-06-18T11:16:30+00:00","dateModified":"2026-03-12T08:03:23+00:00","breadcrumb":{"@id":"https:\/\/truusk.store\/sv\/produkt\/truusk-golvlampa-med-hyllor-inomhusbelysning-e27-upp-till-40w-for-vardagsrum-sovrum-tra-svart-26x26x160-cm\/#breadcrumb"},"inLanguage":"sv-SE","potentialAction":[{"@type":"ReadAction","target":["https:\/\/truusk.store\/sv\/produkt\/truusk-golvlampa-med-hyllor-inomhusbelysning-e27-upp-till-40w-for-vardagsrum-sovrum-tra-svart-26x26x160-cm\/"]}]},{"@type":"ImageObject","inLanguage":"sv-SE","@id":"https:\/\/truusk.store\/sv\/produkt\/truusk-golvlampa-med-hyllor-inomhusbelysning-e27-upp-till-40w-for-vardagsrum-sovrum-tra-svart-26x26x160-cm\/#primaryimage","url":"https:\/\/i0.wp.com\/truusk.store\/wp-content\/uploads\/2025\/06\/golvlampa-med-hyllor-inomhusbelysning-e27-upp-till-40w-for-vardagsrum-sovrum-tra-svart-26x26x160-cm-1.webp?fit=2000%2C2000&ssl=1","contentUrl":"https:\/\/i0.wp.com\/truusk.store\/wp-content\/uploads\/2025\/06\/golvlampa-med-hyllor-inomhusbelysning-e27-upp-till-40w-for-vardagsrum-sovrum-tra-svart-26x26x160-cm-1.webp?fit=2000%2C2000&ssl=1","width":2000,"height":2000},{"@type":"BreadcrumbList","@id":"https:\/\/truusk.store\/sv\/produkt\/truusk-golvlampa-med-hyllor-inomhusbelysning-e27-upp-till-40w-for-vardagsrum-sovrum-tra-svart-26x26x160-cm\/#breadcrumb","itemListElement":[{"@type":"ListItem","position":1,"name":"Home","item":"https:\/\/truusk.store\/sv\/"},{"@type":"ListItem","position":2,"name":"Shop","item":"https:\/\/truusk.store\/shop\/"},{"@type":"ListItem","position":3,"name":"TRUUSK Golvlampa med Hyllor &#8211; Inomhusbelysning &#8211; E27 &#8211; Upp Till 40W &#8211; F\u00f6r Vardagsrum \/ Sovrum &#8211; Tr\u00e4 &#8211; Svart &#8211; 26x26x160 cm"}]},{"@type":"WebSite","@id":"https:\/\/truusk.store\/sv\/#website","url":"https:\/\/truusk.store\/sv\/","name":"TRUUSK - Hem, Tr\u00e4dg\u00e5rd & Fritid","description":"","publisher":{"@id":"https:\/\/truusk.store\/sv\/#organization"},"potentialAction":[{"@type":"SearchAction","target":{"@type":"EntryPoint","urlTemplate":"https:\/\/truusk.store\/sv\/?s={search_term_string}"},"query-input":{"@type":"PropertyValueSpecification","valueRequired":true,"valueName":"search_term_string"}}],"inLanguage":"sv-SE"},{"@type":"Organization","@id":"https:\/\/truusk.store\/sv\/#organization","name":"TRUUSK - Hem, Tr\u00e4dg\u00e5rd & Fritid","url":"https:\/\/truusk.store\/sv\/","logo":{"@type":"ImageObject","inLanguage":"sv-SE","@id":"https:\/\/truusk.store\/sv\/#\/schema\/logo\/image\/","url":"https:\/\/i0.wp.com\/truusk.store\/wp-content\/uploads\/2026\/03\/cropped-TRUUSK.png?fit=2032%2C917&ssl=1","contentUrl":"https:\/\/i0.wp.com\/truusk.store\/wp-content\/uploads\/2026\/03\/cropped-TRUUSK.png?fit=2032%2C917&ssl=1","width":2032,"height":917,"caption":"TRUUSK - Hem, Tr\u00e4dg\u00e5rd & Fritid"},"image":{"@id":"https:\/\/truusk.store\/sv\/#\/schema\/logo\/image\/"}}]}},"jetpack_sharing_enabled":true,"_links":{"self":[{"href":"https:\/\/truusk.store\/sv\/wp-json\/wp\/v2\/product\/80090","targetHints":{"allow":["GET"]}}],"collection":[{"href":"https:\/\/truusk.store\/sv\/wp-json\/wp\/v2\/product"}],"about":[{"href":"https:\/\/truusk.store\/sv\/wp-json\/wp\/v2\/types\/product"}],"wp:featuredmedia":[{"embeddable":true,"href":"https:\/\/truusk.store\/sv\/wp-json\/wp\/v2\/media\/80081"}],"wp:attachment":[{"href":"https:\/\/truusk.store\/sv\/wp-json\/wp\/v2\/media?parent=80090"}],"wp:term":[{"taxonomy":"product_brand","embeddable":true,"href":"https:\/\/truusk.store\/sv\/wp-json\/wp\/v2\/product_brand?post=80090"},{"taxonomy":"product_cat","embeddable":true,"href":"https:\/\/truusk.store\/sv\/wp-json\/wp\/v2\/product_cat?post=80090"},{"taxonomy":"product_tag","embeddable":true,"href":"https:\/\/truusk.store\/sv\/wp-json\/wp\/v2\/product_tag?post=80090"}],"curies":[{"name":"wp","href":"https:\/\/api.w.org\/{rel}","templated":true}]}}