{"id":80100,"date":"2025-06-18T12:23:27","date_gmt":"2025-06-18T11:23:27","guid":{"rendered":"https:\/\/truusk.store\/product\/koksvagn-rullvagn-serveringsvagn-med-2-hyllor-sidovagn-pa-hjul-forvaringsvagn-metall-svart-75x40x80cm-for-kok-matsal\/"},"modified":"2026-03-12T09:13:14","modified_gmt":"2026-03-12T08:13:14","slug":"truusk-koksvagn-med-2-hyllor-rullvagn-pa-hjul-forvaringsvagn-metall-svart-75x40x80cm-kok-matsal","status":"publish","type":"product","link":"https:\/\/truusk.store\/sv\/produkt\/truusk-koksvagn-med-2-hyllor-rullvagn-pa-hjul-forvaringsvagn-metall-svart-75x40x80cm-kok-matsal\/","title":{"rendered":"TRUUSK K\u00f6ksvagn med 2 Hyllor &#8211; Rullvagn p\u00e5 Hjul &#8211; F\u00f6rvaringsvagn &#8211; Metall &#8211; Svart &#8211; 75x40x80cm &#8211; K\u00f6k &amp; Matsal"},"content":{"rendered":"<p>Val av k\u00f6kssk\u00e5p kan ocks\u00e5 \u00e5terspegla en persons estetiska smak. Kombinationen av h\u00e4rdat glas och svart metallram ger TRUUSK k\u00f6ksvagn en elegant charm. Den tv\u00e5stegs hyllan erbjuder gott om utrymme f\u00f6r flaskor, toalettartiklar och andra vardagliga f\u00f6rem\u00e5l. Du kan anv\u00e4nda serveringsvagnen p\u00e5 olika s\u00e4tt, t.ex. som en serveringsvagn i matsalen eller som praktisk f\u00f6rvaring i tv\u00e4ttstugan.<\/p>\n<p>Beskrivning:<\/p>\n<ul>\n<li> Den tv\u00e5stegs hyllan erbjuder gott om utrymme f\u00f6r flaskor, toalettartiklar och andra vardagliga f\u00f6rem\u00e5l<\/li>\n<li> Tv\u00e5 handtagsst\u00e4nger erbjuder en praktisk plats f\u00f6r dina k\u00f6kshanddukar och g\u00f6r det enkelt att skjuta vagnen fr\u00e5n rum till rum<\/li>\n<li> Tv\u00e5 hyllor av h\u00e4rdat glas i olika f\u00e4rger ger elegans och sk\u00f6nhet till ditt hem<\/li>\n<li> De \u00f6ppna hyllorna \u00e4r utrustade med en upph\u00f6jd kant, vilket f\u00f6rhindrar att f\u00f6rem\u00e5l faller ut<\/li>\n<li> Fyra 360\u00b0 styrhjul g\u00f6r det l\u00e4tt att flytta, tv\u00e5 av dem kan l\u00e5sas f\u00f6r s\u00e4kerhet<\/li>\n<li> Denna serveringsvagn har en stabil metallram, som \u00e4r l\u00e4tt att reng\u00f6ra och stabil<\/li>\n<li> Montering kr\u00e4vs<\/li>\n<\/ul>\n<p> Tekniska data:<\/p>\n<ul>\n<li> F\u00e4rg: Svart<\/li>\n<li> Material: H\u00e4rdat glas, Metall<\/li>\n<li> Totala m\u00e5tt: 75L x 40B x 80H cm<\/li>\n<li> Storlek p\u00e5 hyllan: 64B x 34T cm<\/li>\n<li> Avst\u00e5nd mellan hyllorna: 43,5H cm<\/li>\n<li> H\u00f6jd \u00f6ver golvet: 10H cm<\/li>\n<li> Viktkapacitet: 30 kg (totalt), 10 kg (hylla)<\/li>\n<\/ul>\n<p>Leveransinneh\u00e5ll:<\/p>\n<ul>\n<li> 1 x K\u00f6ksvagn<\/li>\n<li> 1 x Handbok<\/li>\n<\/ul>\n","protected":false},"excerpt":{"rendered":"<p>Val av k\u00f6kssk\u00e5p kan ocks\u00e5 \u00e5terspegla en persons estetiska smak. Kombinationen av h\u00e4rdat glas och svart metallram ger TRUUSK k\u00f6ksvagn&#8230;<\/p>\n","protected":false},"featured_media":80091,"template":"","meta":[],"product_brand":[],"product_cat":[871,889,503],"product_tag":[],"class_list":{"0":"post-80100","1":"product","2":"type-product","3":"status-publish","4":"has-post-thumbnail","6":"product_cat-hus-hem","7":"product_cat-kok-matsal","8":"product_cat-serveringsvagn","10":"first","11":"instock","12":"sale","13":"taxable","14":"shipping-taxable","15":"purchasable","16":"product-type-simple"},"yoast_head":"<!-- This site is optimized with the Yoast SEO plugin v25.4 - https:\/\/yoast.com\/wordpress\/plugins\/seo\/ -->\n<title>TRUUSK K\u00f6ksvagn med 2 Hyllor - Rullvagn p\u00e5 Hjul - F\u00f6rvaringsvagn - Metall - Svart - 75x40x80cm - K\u00f6k &amp; Matsal - TRUUSK - Hem, Tr\u00e4dg\u00e5rd &amp; Fritid<\/title>\n<meta name=\"robots\" content=\"index, follow, max-snippet:-1, max-image-preview:large, max-video-preview:-1\" \/>\n<link rel=\"canonical\" href=\"https:\/\/truusk.store\/sv\/produkt\/truusk-koksvagn-med-2-hyllor-rullvagn-pa-hjul-forvaringsvagn-metall-svart-75x40x80cm-kok-matsal\/\" \/>\n<meta property=\"og:locale\" content=\"sv_SE\" \/>\n<meta property=\"og:type\" content=\"article\" \/>\n<meta property=\"og:title\" content=\"TRUUSK K\u00f6ksvagn med 2 Hyllor - Rullvagn p\u00e5 Hjul - F\u00f6rvaringsvagn - Metall - Svart - 75x40x80cm - K\u00f6k &amp; Matsal - TRUUSK - Hem, Tr\u00e4dg\u00e5rd &amp; Fritid\" \/>\n<meta property=\"og:description\" content=\"Val av k\u00f6kssk\u00e5p kan ocks\u00e5 \u00e5terspegla en persons estetiska smak. Kombinationen av h\u00e4rdat glas och svart metallram ger TRUUSK k\u00f6ksvagn...\" \/>\n<meta property=\"og:url\" content=\"https:\/\/truusk.store\/sv\/produkt\/truusk-koksvagn-med-2-hyllor-rullvagn-pa-hjul-forvaringsvagn-metall-svart-75x40x80cm-kok-matsal\/\" \/>\n<meta property=\"og:site_name\" content=\"TRUUSK - Hem, Tr\u00e4dg\u00e5rd &amp; Fritid\" \/>\n<meta property=\"article:modified_time\" content=\"2026-03-12T08:13:14+00:00\" \/>\n<meta property=\"og:image\" content=\"https:\/\/i0.wp.com\/truusk.se\/wp-content\/uploads\/2025\/06\/koksvagn-rullvagn-serveringsvagn-med-2-hyllor-sidovagn-pa-hjul-forvaringsvagn-metall-svart-75x40x80cm-for-kok-matsal-1.webp?fit=2000%2C2000&ssl=1\" \/>\n\t<meta property=\"og:image:width\" content=\"2000\" \/>\n\t<meta property=\"og:image:height\" content=\"2000\" \/>\n\t<meta property=\"og:image:type\" content=\"image\/webp\" \/>\n<meta name=\"twitter:card\" content=\"summary_large_image\" \/>\n<meta name=\"twitter:label1\" content=\"Ber\u00e4knad l\u00e4stid\" \/>\n\t<meta name=\"twitter:data1\" content=\"1 minut\" \/>\n<!-- \/ Yoast SEO plugin. -->","yoast_head_json":{"title":"TRUUSK K\u00f6ksvagn med 2 Hyllor - Rullvagn p\u00e5 Hjul - F\u00f6rvaringsvagn - Metall - Svart - 75x40x80cm - K\u00f6k &amp; Matsal - TRUUSK - Hem, Tr\u00e4dg\u00e5rd &amp; Fritid","robots":{"index":"index","follow":"follow","max-snippet":"max-snippet:-1","max-image-preview":"max-image-preview:large","max-video-preview":"max-video-preview:-1"},"canonical":"https:\/\/truusk.store\/sv\/produkt\/truusk-koksvagn-med-2-hyllor-rullvagn-pa-hjul-forvaringsvagn-metall-svart-75x40x80cm-kok-matsal\/","og_locale":"sv_SE","og_type":"article","og_title":"TRUUSK K\u00f6ksvagn med 2 Hyllor - Rullvagn p\u00e5 Hjul - F\u00f6rvaringsvagn - Metall - Svart - 75x40x80cm - K\u00f6k &amp; Matsal - TRUUSK - Hem, Tr\u00e4dg\u00e5rd &amp; Fritid","og_description":"Val av k\u00f6kssk\u00e5p kan ocks\u00e5 \u00e5terspegla en persons estetiska smak. Kombinationen av h\u00e4rdat glas och svart metallram ger TRUUSK k\u00f6ksvagn...","og_url":"https:\/\/truusk.store\/sv\/produkt\/truusk-koksvagn-med-2-hyllor-rullvagn-pa-hjul-forvaringsvagn-metall-svart-75x40x80cm-kok-matsal\/","og_site_name":"TRUUSK - Hem, Tr\u00e4dg\u00e5rd &amp; Fritid","article_modified_time":"2026-03-12T08:13:14+00:00","og_image":[{"width":2000,"height":2000,"url":"https:\/\/i0.wp.com\/truusk.se\/wp-content\/uploads\/2025\/06\/koksvagn-rullvagn-serveringsvagn-med-2-hyllor-sidovagn-pa-hjul-forvaringsvagn-metall-svart-75x40x80cm-for-kok-matsal-1.webp?fit=2000%2C2000&ssl=1","type":"image\/webp"}],"twitter_card":"summary_large_image","twitter_misc":{"Ber\u00e4knad l\u00e4stid":"1 minut"},"schema":{"@context":"https:\/\/schema.org","@graph":[{"@type":"WebPage","@id":"https:\/\/truusk.store\/sv\/produkt\/truusk-koksvagn-med-2-hyllor-rullvagn-pa-hjul-forvaringsvagn-metall-svart-75x40x80cm-kok-matsal\/","url":"https:\/\/truusk.store\/sv\/produkt\/truusk-koksvagn-med-2-hyllor-rullvagn-pa-hjul-forvaringsvagn-metall-svart-75x40x80cm-kok-matsal\/","name":"TRUUSK K\u00f6ksvagn med 2 Hyllor - Rullvagn p\u00e5 Hjul - F\u00f6rvaringsvagn - Metall - Svart - 75x40x80cm - K\u00f6k &amp; Matsal - TRUUSK - Hem, Tr\u00e4dg\u00e5rd &amp; Fritid","isPartOf":{"@id":"https:\/\/truusk.store\/sv\/#website"},"primaryImageOfPage":{"@id":"https:\/\/truusk.store\/sv\/produkt\/truusk-koksvagn-med-2-hyllor-rullvagn-pa-hjul-forvaringsvagn-metall-svart-75x40x80cm-kok-matsal\/#primaryimage"},"image":{"@id":"https:\/\/truusk.store\/sv\/produkt\/truusk-koksvagn-med-2-hyllor-rullvagn-pa-hjul-forvaringsvagn-metall-svart-75x40x80cm-kok-matsal\/#primaryimage"},"thumbnailUrl":"https:\/\/i0.wp.com\/truusk.store\/wp-content\/uploads\/2025\/06\/koksvagn-rullvagn-serveringsvagn-med-2-hyllor-sidovagn-pa-hjul-forvaringsvagn-metall-svart-75x40x80cm-for-kok-matsal-1.webp?fit=2000%2C2000&ssl=1","datePublished":"2025-06-18T11:23:27+00:00","dateModified":"2026-03-12T08:13:14+00:00","breadcrumb":{"@id":"https:\/\/truusk.store\/sv\/produkt\/truusk-koksvagn-med-2-hyllor-rullvagn-pa-hjul-forvaringsvagn-metall-svart-75x40x80cm-kok-matsal\/#breadcrumb"},"inLanguage":"sv-SE","potentialAction":[{"@type":"ReadAction","target":["https:\/\/truusk.store\/sv\/produkt\/truusk-koksvagn-med-2-hyllor-rullvagn-pa-hjul-forvaringsvagn-metall-svart-75x40x80cm-kok-matsal\/"]}]},{"@type":"ImageObject","inLanguage":"sv-SE","@id":"https:\/\/truusk.store\/sv\/produkt\/truusk-koksvagn-med-2-hyllor-rullvagn-pa-hjul-forvaringsvagn-metall-svart-75x40x80cm-kok-matsal\/#primaryimage","url":"https:\/\/i0.wp.com\/truusk.store\/wp-content\/uploads\/2025\/06\/koksvagn-rullvagn-serveringsvagn-med-2-hyllor-sidovagn-pa-hjul-forvaringsvagn-metall-svart-75x40x80cm-for-kok-matsal-1.webp?fit=2000%2C2000&ssl=1","contentUrl":"https:\/\/i0.wp.com\/truusk.store\/wp-content\/uploads\/2025\/06\/koksvagn-rullvagn-serveringsvagn-med-2-hyllor-sidovagn-pa-hjul-forvaringsvagn-metall-svart-75x40x80cm-for-kok-matsal-1.webp?fit=2000%2C2000&ssl=1","width":2000,"height":2000},{"@type":"BreadcrumbList","@id":"https:\/\/truusk.store\/sv\/produkt\/truusk-koksvagn-med-2-hyllor-rullvagn-pa-hjul-forvaringsvagn-metall-svart-75x40x80cm-kok-matsal\/#breadcrumb","itemListElement":[{"@type":"ListItem","position":1,"name":"Home","item":"https:\/\/truusk.store\/sv\/"},{"@type":"ListItem","position":2,"name":"Shop","item":"https:\/\/truusk.store\/shop\/"},{"@type":"ListItem","position":3,"name":"TRUUSK K\u00f6ksvagn med 2 Hyllor &#8211; Rullvagn p\u00e5 Hjul &#8211; F\u00f6rvaringsvagn &#8211; Metall &#8211; Svart &#8211; 75x40x80cm &#8211; K\u00f6k &amp; Matsal"}]},{"@type":"WebSite","@id":"https:\/\/truusk.store\/sv\/#website","url":"https:\/\/truusk.store\/sv\/","name":"TRUUSK - Hem, Tr\u00e4dg\u00e5rd & Fritid","description":"","publisher":{"@id":"https:\/\/truusk.store\/sv\/#organization"},"potentialAction":[{"@type":"SearchAction","target":{"@type":"EntryPoint","urlTemplate":"https:\/\/truusk.store\/sv\/?s={search_term_string}"},"query-input":{"@type":"PropertyValueSpecification","valueRequired":true,"valueName":"search_term_string"}}],"inLanguage":"sv-SE"},{"@type":"Organization","@id":"https:\/\/truusk.store\/sv\/#organization","name":"TRUUSK - Hem, Tr\u00e4dg\u00e5rd & Fritid","url":"https:\/\/truusk.store\/sv\/","logo":{"@type":"ImageObject","inLanguage":"sv-SE","@id":"https:\/\/truusk.store\/sv\/#\/schema\/logo\/image\/","url":"https:\/\/i0.wp.com\/truusk.store\/wp-content\/uploads\/2026\/03\/cropped-TRUUSK.png?fit=2032%2C917&ssl=1","contentUrl":"https:\/\/i0.wp.com\/truusk.store\/wp-content\/uploads\/2026\/03\/cropped-TRUUSK.png?fit=2032%2C917&ssl=1","width":2032,"height":917,"caption":"TRUUSK - Hem, Tr\u00e4dg\u00e5rd & Fritid"},"image":{"@id":"https:\/\/truusk.store\/sv\/#\/schema\/logo\/image\/"}}]}},"jetpack_sharing_enabled":true,"_links":{"self":[{"href":"https:\/\/truusk.store\/sv\/wp-json\/wp\/v2\/product\/80100","targetHints":{"allow":["GET"]}}],"collection":[{"href":"https:\/\/truusk.store\/sv\/wp-json\/wp\/v2\/product"}],"about":[{"href":"https:\/\/truusk.store\/sv\/wp-json\/wp\/v2\/types\/product"}],"wp:featuredmedia":[{"embeddable":true,"href":"https:\/\/truusk.store\/sv\/wp-json\/wp\/v2\/media\/80091"}],"wp:attachment":[{"href":"https:\/\/truusk.store\/sv\/wp-json\/wp\/v2\/media?parent=80100"}],"wp:term":[{"taxonomy":"product_brand","embeddable":true,"href":"https:\/\/truusk.store\/sv\/wp-json\/wp\/v2\/product_brand?post=80100"},{"taxonomy":"product_cat","embeddable":true,"href":"https:\/\/truusk.store\/sv\/wp-json\/wp\/v2\/product_cat?post=80100"},{"taxonomy":"product_tag","embeddable":true,"href":"https:\/\/truusk.store\/sv\/wp-json\/wp\/v2\/product_tag?post=80100"}],"curies":[{"name":"wp","href":"https:\/\/api.w.org\/{rel}","templated":true}]}}