{"id":80125,"date":"2025-06-18T12:32:42","date_gmt":"2025-06-18T11:32:42","guid":{"rendered":"https:\/\/truusk.store\/product\/kontorsstol-ergonomisk-skrivbordsstol-med-gungfunktion-knappad-kladsel-hojdjusterbar-datorstol-med-svangfunktion-for-hemmakontor-teddybjornfleece-rosa\/"},"modified":"2026-03-12T09:44:21","modified_gmt":"2026-03-12T08:44:21","slug":"truusk-ergonomisk-kontorsstol-med-gungfunktion-knappad-kladsel-hojdjusterbar-svangfunktion-teddybjornfleece-rosa","status":"publish","type":"product","link":"https:\/\/truusk.store\/sv\/produkt\/truusk-ergonomisk-kontorsstol-med-gungfunktion-knappad-kladsel-hojdjusterbar-svangfunktion-teddybjornfleece-rosa\/","title":{"rendered":"TRUUSK Ergonomisk Kontorsstol med Gungfunktion &#8211; Knappad Kl\u00e4dsel &#8211; H\u00f6jdjusterbar &#8211; Sv\u00e4ngfunktion &#8211; Teddybj\u00f6rnfleece &#8211; Rosa"},"content":{"rendered":"<p>G\u00f6r ditt arbetsutrymme mer stilfullt med TRUUSK ergonomiska kontorsstol. Modellen erbjuder en elegant knappkl\u00e4dsel och en mysig kl\u00e4dsel, perfekt f\u00f6r alla hemmakontor eller sminkbord. Den frodiga, h\u00f6gdensitets skumstoppningen p\u00e5 kontorsstolen ger komfort och den h\u00f6jdjusterbara sittytan, kombinerad med de smidiga hjulen, erbjuder en underbar blandning av vacker estetik och funktionalitet.<\/p>\n<p>Beskrivning:<\/p>\n<ul>\n<li> Ryggen med knappar ger varje rum en elegant touch<\/li>\n<li> Stilfull, mjuk kl\u00e4dsel p\u00e5 den roterande stolen med hjul ger en h\u00f6gkvalitativ sittupplevelse<\/li>\n<li> H\u00f6g densitet skumstoppning ger timmar av komfort<\/li>\n<li> Den mjuka lutningsfunktionen p\u00e5 den roterande stolen m\u00f6jligg\u00f6r en gungande r\u00f6relse f\u00f6r avkoppling<\/li>\n<li> Justerbar sitth\u00f6jd med s\u00e4ker klass 3-gaslyft<\/li>\n<li> Roterande hjul \u00f6kar r\u00f6rligheten i arbetsomr\u00e5det<\/li>\n<li> Montering kr\u00e4vs<\/li>\n<\/ul>\n<p> Tekniska data:<\/p>\n<ul>\n<li> F\u00e4rg: Rosa<\/li>\n<li> Material: Teddybj\u00f6rnfleece (100% polyester), skum<\/li>\n<li> Totala dimensioner: 63B x 61,5D x 93-101H cm<\/li>\n<li> Sitsstorlek: 48B x 45D cm<\/li>\n<li> Sitth\u00f6jd: 47-55 cm<\/li>\n<li> Ryggstorlek: 45B x 47D cm<\/li>\n<li> B\u00e4rkapacitet: 120 kg<\/li>\n<\/ul>\n<p> Leveransinneh\u00e5ll:<\/p>\n<ul>\n<li> 1 x kontorsstol<\/li>\n<li> 1 x instruktioner<\/li>\n<\/ul>\n","protected":false},"excerpt":{"rendered":"<p>G\u00f6r ditt arbetsutrymme mer stilfullt med TRUUSK ergonomiska kontorsstol. Modellen erbjuder en elegant knappkl\u00e4dsel och en mysig kl\u00e4dsel, perfekt f\u00f6r&#8230;<\/p>\n","protected":false},"featured_media":80111,"template":"","meta":[],"product_brand":[],"product_cat":[872,871,516],"product_tag":[],"class_list":{"0":"post-80125","1":"product","2":"type-product","3":"status-publish","4":"has-post-thumbnail","6":"product_cat-hemmakontor-arbetsplats","7":"product_cat-hus-hem","8":"product_cat-kontorsstolar","10":"first","11":"instock","12":"sale","13":"taxable","14":"shipping-taxable","15":"purchasable","16":"product-type-simple"},"yoast_head":"<!-- This site is optimized with the Yoast SEO plugin v25.4 - https:\/\/yoast.com\/wordpress\/plugins\/seo\/ -->\n<title>TRUUSK Ergonomisk Kontorsstol med Gungfunktion - Knappad Kl\u00e4dsel - H\u00f6jdjusterbar - Sv\u00e4ngfunktion - Teddybj\u00f6rnfleece - Rosa - TRUUSK - Hem, Tr\u00e4dg\u00e5rd &amp; Fritid<\/title>\n<meta name=\"robots\" content=\"index, follow, max-snippet:-1, max-image-preview:large, max-video-preview:-1\" \/>\n<link rel=\"canonical\" href=\"https:\/\/truusk.store\/sv\/produkt\/truusk-ergonomisk-kontorsstol-med-gungfunktion-knappad-kladsel-hojdjusterbar-svangfunktion-teddybjornfleece-rosa\/\" \/>\n<meta property=\"og:locale\" content=\"sv_SE\" \/>\n<meta property=\"og:type\" content=\"article\" \/>\n<meta property=\"og:title\" content=\"TRUUSK Ergonomisk Kontorsstol med Gungfunktion - Knappad Kl\u00e4dsel - H\u00f6jdjusterbar - Sv\u00e4ngfunktion - Teddybj\u00f6rnfleece - Rosa - TRUUSK - Hem, Tr\u00e4dg\u00e5rd &amp; Fritid\" \/>\n<meta property=\"og:description\" content=\"G\u00f6r ditt arbetsutrymme mer stilfullt med TRUUSK ergonomiska kontorsstol. Modellen erbjuder en elegant knappkl\u00e4dsel och en mysig kl\u00e4dsel, perfekt f\u00f6r...\" \/>\n<meta property=\"og:url\" content=\"https:\/\/truusk.store\/sv\/produkt\/truusk-ergonomisk-kontorsstol-med-gungfunktion-knappad-kladsel-hojdjusterbar-svangfunktion-teddybjornfleece-rosa\/\" \/>\n<meta property=\"og:site_name\" content=\"TRUUSK - Hem, Tr\u00e4dg\u00e5rd &amp; Fritid\" \/>\n<meta property=\"article:modified_time\" content=\"2026-03-12T08:44:21+00:00\" \/>\n<meta property=\"og:image\" content=\"https:\/\/i0.wp.com\/truusk.se\/wp-content\/uploads\/2025\/06\/kontorsstol-ergonomisk-skrivbordsstol-med-gungfunktion-knappad-kladsel-hojdjusterbar-datorstol-med-svangfunktion-for-hemmakontor-teddybjornfleece-rosa-1.webp?fit=2000%2C2000&ssl=1\" \/>\n\t<meta property=\"og:image:width\" content=\"2000\" \/>\n\t<meta property=\"og:image:height\" content=\"2000\" \/>\n\t<meta property=\"og:image:type\" content=\"image\/webp\" \/>\n<meta name=\"twitter:card\" content=\"summary_large_image\" \/>\n<meta name=\"twitter:label1\" content=\"Ber\u00e4knad l\u00e4stid\" \/>\n\t<meta name=\"twitter:data1\" content=\"1 minut\" \/>\n<!-- \/ Yoast SEO plugin. -->","yoast_head_json":{"title":"TRUUSK Ergonomisk Kontorsstol med Gungfunktion - Knappad Kl\u00e4dsel - H\u00f6jdjusterbar - Sv\u00e4ngfunktion - Teddybj\u00f6rnfleece - Rosa - TRUUSK - Hem, Tr\u00e4dg\u00e5rd &amp; Fritid","robots":{"index":"index","follow":"follow","max-snippet":"max-snippet:-1","max-image-preview":"max-image-preview:large","max-video-preview":"max-video-preview:-1"},"canonical":"https:\/\/truusk.store\/sv\/produkt\/truusk-ergonomisk-kontorsstol-med-gungfunktion-knappad-kladsel-hojdjusterbar-svangfunktion-teddybjornfleece-rosa\/","og_locale":"sv_SE","og_type":"article","og_title":"TRUUSK Ergonomisk Kontorsstol med Gungfunktion - Knappad Kl\u00e4dsel - H\u00f6jdjusterbar - Sv\u00e4ngfunktion - Teddybj\u00f6rnfleece - Rosa - TRUUSK - Hem, Tr\u00e4dg\u00e5rd &amp; Fritid","og_description":"G\u00f6r ditt arbetsutrymme mer stilfullt med TRUUSK ergonomiska kontorsstol. Modellen erbjuder en elegant knappkl\u00e4dsel och en mysig kl\u00e4dsel, perfekt f\u00f6r...","og_url":"https:\/\/truusk.store\/sv\/produkt\/truusk-ergonomisk-kontorsstol-med-gungfunktion-knappad-kladsel-hojdjusterbar-svangfunktion-teddybjornfleece-rosa\/","og_site_name":"TRUUSK - Hem, Tr\u00e4dg\u00e5rd &amp; Fritid","article_modified_time":"2026-03-12T08:44:21+00:00","og_image":[{"width":2000,"height":2000,"url":"https:\/\/i0.wp.com\/truusk.se\/wp-content\/uploads\/2025\/06\/kontorsstol-ergonomisk-skrivbordsstol-med-gungfunktion-knappad-kladsel-hojdjusterbar-datorstol-med-svangfunktion-for-hemmakontor-teddybjornfleece-rosa-1.webp?fit=2000%2C2000&ssl=1","type":"image\/webp"}],"twitter_card":"summary_large_image","twitter_misc":{"Ber\u00e4knad l\u00e4stid":"1 minut"},"schema":{"@context":"https:\/\/schema.org","@graph":[{"@type":"WebPage","@id":"https:\/\/truusk.store\/sv\/produkt\/truusk-ergonomisk-kontorsstol-med-gungfunktion-knappad-kladsel-hojdjusterbar-svangfunktion-teddybjornfleece-rosa\/","url":"https:\/\/truusk.store\/sv\/produkt\/truusk-ergonomisk-kontorsstol-med-gungfunktion-knappad-kladsel-hojdjusterbar-svangfunktion-teddybjornfleece-rosa\/","name":"TRUUSK Ergonomisk Kontorsstol med Gungfunktion - Knappad Kl\u00e4dsel - H\u00f6jdjusterbar - Sv\u00e4ngfunktion - Teddybj\u00f6rnfleece - Rosa - TRUUSK - Hem, Tr\u00e4dg\u00e5rd &amp; Fritid","isPartOf":{"@id":"https:\/\/truusk.store\/sv\/#website"},"primaryImageOfPage":{"@id":"https:\/\/truusk.store\/sv\/produkt\/truusk-ergonomisk-kontorsstol-med-gungfunktion-knappad-kladsel-hojdjusterbar-svangfunktion-teddybjornfleece-rosa\/#primaryimage"},"image":{"@id":"https:\/\/truusk.store\/sv\/produkt\/truusk-ergonomisk-kontorsstol-med-gungfunktion-knappad-kladsel-hojdjusterbar-svangfunktion-teddybjornfleece-rosa\/#primaryimage"},"thumbnailUrl":"https:\/\/i0.wp.com\/truusk.store\/wp-content\/uploads\/2025\/06\/kontorsstol-ergonomisk-skrivbordsstol-med-gungfunktion-knappad-kladsel-hojdjusterbar-datorstol-med-svangfunktion-for-hemmakontor-teddybjornfleece-rosa-1.webp?fit=2000%2C2000&ssl=1","datePublished":"2025-06-18T11:32:42+00:00","dateModified":"2026-03-12T08:44:21+00:00","breadcrumb":{"@id":"https:\/\/truusk.store\/sv\/produkt\/truusk-ergonomisk-kontorsstol-med-gungfunktion-knappad-kladsel-hojdjusterbar-svangfunktion-teddybjornfleece-rosa\/#breadcrumb"},"inLanguage":"sv-SE","potentialAction":[{"@type":"ReadAction","target":["https:\/\/truusk.store\/sv\/produkt\/truusk-ergonomisk-kontorsstol-med-gungfunktion-knappad-kladsel-hojdjusterbar-svangfunktion-teddybjornfleece-rosa\/"]}]},{"@type":"ImageObject","inLanguage":"sv-SE","@id":"https:\/\/truusk.store\/sv\/produkt\/truusk-ergonomisk-kontorsstol-med-gungfunktion-knappad-kladsel-hojdjusterbar-svangfunktion-teddybjornfleece-rosa\/#primaryimage","url":"https:\/\/i0.wp.com\/truusk.store\/wp-content\/uploads\/2025\/06\/kontorsstol-ergonomisk-skrivbordsstol-med-gungfunktion-knappad-kladsel-hojdjusterbar-datorstol-med-svangfunktion-for-hemmakontor-teddybjornfleece-rosa-1.webp?fit=2000%2C2000&ssl=1","contentUrl":"https:\/\/i0.wp.com\/truusk.store\/wp-content\/uploads\/2025\/06\/kontorsstol-ergonomisk-skrivbordsstol-med-gungfunktion-knappad-kladsel-hojdjusterbar-datorstol-med-svangfunktion-for-hemmakontor-teddybjornfleece-rosa-1.webp?fit=2000%2C2000&ssl=1","width":2000,"height":2000},{"@type":"BreadcrumbList","@id":"https:\/\/truusk.store\/sv\/produkt\/truusk-ergonomisk-kontorsstol-med-gungfunktion-knappad-kladsel-hojdjusterbar-svangfunktion-teddybjornfleece-rosa\/#breadcrumb","itemListElement":[{"@type":"ListItem","position":1,"name":"Home","item":"https:\/\/truusk.store\/sv\/"},{"@type":"ListItem","position":2,"name":"Shop","item":"https:\/\/truusk.store\/shop\/"},{"@type":"ListItem","position":3,"name":"TRUUSK Ergonomisk Kontorsstol med Gungfunktion &#8211; Knappad Kl\u00e4dsel &#8211; H\u00f6jdjusterbar &#8211; Sv\u00e4ngfunktion &#8211; Teddybj\u00f6rnfleece &#8211; Rosa"}]},{"@type":"WebSite","@id":"https:\/\/truusk.store\/sv\/#website","url":"https:\/\/truusk.store\/sv\/","name":"TRUUSK - Hem, Tr\u00e4dg\u00e5rd & Fritid","description":"","publisher":{"@id":"https:\/\/truusk.store\/sv\/#organization"},"potentialAction":[{"@type":"SearchAction","target":{"@type":"EntryPoint","urlTemplate":"https:\/\/truusk.store\/sv\/?s={search_term_string}"},"query-input":{"@type":"PropertyValueSpecification","valueRequired":true,"valueName":"search_term_string"}}],"inLanguage":"sv-SE"},{"@type":"Organization","@id":"https:\/\/truusk.store\/sv\/#organization","name":"TRUUSK - Hem, Tr\u00e4dg\u00e5rd & Fritid","url":"https:\/\/truusk.store\/sv\/","logo":{"@type":"ImageObject","inLanguage":"sv-SE","@id":"https:\/\/truusk.store\/sv\/#\/schema\/logo\/image\/","url":"https:\/\/i0.wp.com\/truusk.store\/wp-content\/uploads\/2026\/03\/cropped-TRUUSK.png?fit=2032%2C917&ssl=1","contentUrl":"https:\/\/i0.wp.com\/truusk.store\/wp-content\/uploads\/2026\/03\/cropped-TRUUSK.png?fit=2032%2C917&ssl=1","width":2032,"height":917,"caption":"TRUUSK - Hem, Tr\u00e4dg\u00e5rd & Fritid"},"image":{"@id":"https:\/\/truusk.store\/sv\/#\/schema\/logo\/image\/"}}]}},"jetpack_sharing_enabled":true,"_links":{"self":[{"href":"https:\/\/truusk.store\/sv\/wp-json\/wp\/v2\/product\/80125","targetHints":{"allow":["GET"]}}],"collection":[{"href":"https:\/\/truusk.store\/sv\/wp-json\/wp\/v2\/product"}],"about":[{"href":"https:\/\/truusk.store\/sv\/wp-json\/wp\/v2\/types\/product"}],"wp:featuredmedia":[{"embeddable":true,"href":"https:\/\/truusk.store\/sv\/wp-json\/wp\/v2\/media\/80111"}],"wp:attachment":[{"href":"https:\/\/truusk.store\/sv\/wp-json\/wp\/v2\/media?parent=80125"}],"wp:term":[{"taxonomy":"product_brand","embeddable":true,"href":"https:\/\/truusk.store\/sv\/wp-json\/wp\/v2\/product_brand?post=80125"},{"taxonomy":"product_cat","embeddable":true,"href":"https:\/\/truusk.store\/sv\/wp-json\/wp\/v2\/product_cat?post=80125"},{"taxonomy":"product_tag","embeddable":true,"href":"https:\/\/truusk.store\/sv\/wp-json\/wp\/v2\/product_tag?post=80125"}],"curies":[{"name":"wp","href":"https:\/\/api.w.org\/{rel}","templated":true}]}}