{"id":80130,"date":"2025-06-18T12:33:04","date_gmt":"2025-06-18T11:33:04","guid":{"rendered":"https:\/\/truusk.store\/product\/bar-table-med-barstolar-set-5-delars-barbord-set-koksbord-med-4-barstolar-matgrupp-i-industriell-design-for-kok-matsal-metall-gra\/"},"modified":"2026-03-12T09:18:44","modified_gmt":"2026-03-12T08:18:44","slug":"truusk-industriell-design-bar-table-med-barstolar-set-5-delars-barbord-set-for-kok-och-matsal-metall-gra","status":"publish","type":"product","link":"https:\/\/truusk.store\/sv\/produkt\/truusk-industriell-design-bar-table-med-barstolar-set-5-delars-barbord-set-for-kok-och-matsal-metall-gra\/","title":{"rendered":"TRUUSK Industriell Design Bar Table Med Barstolar Set &#8211; 5-delars Barbord Set &#8211; F\u00f6r K\u00f6k och Matsal &#8211; Metall &#8211; Gr\u00e5"},"content":{"rendered":"<p>F\u00f6rvandla ett litet utrymme till en inbjudande matsal med detta 5-delade TRUUSK barbord-set i industriell design. Skapa en mysig plats f\u00f6r att dela dagliga m\u00e5ltider med din familj eller v\u00e4nner. Detta avslappnade industriella barbord med pallar passar bra f\u00f6r kompakta utrymmen d\u00e4r extra sittplatser beh\u00f6vs. Oavsett om du vill \u00e4ta, spela eller ta emot g\u00e4ster &#8211; detta barbord-set \u00e4r den perfekta platsen f\u00f6r sociala sammankomster.<\/p>\n<p>Beskrivning:<\/p>\n<ul>\n<li> Klassisk och enkel look passar bra in i olika inredningsstilar.<\/li>\n<li> Ett barbord och fyra barstolar<\/li>\n<li> Skjut in pallarna under bordet f\u00f6r att spara utrymme<\/li>\n<li> MDF-plattan \u00e4r l\u00e4tt att reng\u00f6ra, medan metallramen ger stabilitet<\/li>\n<li> Skyddar golvet fr\u00e5n repor med justerbara fotst\u00f6d som ger extra stabilitet<\/li>\n<li> Monteringen kr\u00e4vs<\/li>\n<\/ul>\n<p> Tekniska data:<\/p>\n<ul>\n<li> F\u00e4rg: Gr\u00e5<\/li>\n<li> Material: MDF, Metall<\/li>\n<li> Totala dimensioner: Bord: 110L x 50B x 89,5H cm. Pall: \u00d830 x 60,5H cm<\/li>\n<li> H\u00f6jd p\u00e5 fotst\u00f6d: Bord: 22H cm. Pall: 17H cm<\/li>\n<li> Viktkapacitet: 50 kg (bord), 120 kg (pall)<\/li>\n<\/ul>\n<p> Leveransinneh\u00e5ll:<\/p>\n<ul>\n<li> 1 x Bord<\/li>\n<li> 4 x Pallar<\/li>\n<li> 1 x Instruktioner<\/li>\n<\/ul>\n","protected":false},"excerpt":{"rendered":"<p>F\u00f6rvandla ett litet utrymme till en inbjudande matsal med detta 5-delade TRUUSK barbord-set i industriell design. Skapa en mysig plats&#8230;<\/p>\n","protected":false},"featured_media":80115,"template":"","meta":[],"product_brand":[],"product_cat":[871,889,512],"product_tag":[],"class_list":{"0":"post-80130","1":"product","2":"type-product","3":"status-publish","4":"has-post-thumbnail","6":"product_cat-hus-hem","7":"product_cat-kok-matsal","8":"product_cat-matgrupper","10":"first","11":"instock","12":"sale","13":"taxable","14":"shipping-taxable","15":"purchasable","16":"product-type-simple"},"yoast_head":"<!-- This site is optimized with the Yoast SEO plugin v25.4 - https:\/\/yoast.com\/wordpress\/plugins\/seo\/ -->\n<title>TRUUSK Industriell Design Bar Table Med Barstolar Set - 5-delars Barbord Set - F\u00f6r K\u00f6k och Matsal - Metall - Gr\u00e5 - TRUUSK - Hem, Tr\u00e4dg\u00e5rd &amp; Fritid<\/title>\n<meta name=\"robots\" content=\"index, follow, max-snippet:-1, max-image-preview:large, max-video-preview:-1\" \/>\n<link rel=\"canonical\" href=\"https:\/\/truusk.store\/sv\/produkt\/truusk-industriell-design-bar-table-med-barstolar-set-5-delars-barbord-set-for-kok-och-matsal-metall-gra\/\" \/>\n<meta property=\"og:locale\" content=\"sv_SE\" \/>\n<meta property=\"og:type\" content=\"article\" \/>\n<meta property=\"og:title\" content=\"TRUUSK Industriell Design Bar Table Med Barstolar Set - 5-delars Barbord Set - F\u00f6r K\u00f6k och Matsal - Metall - Gr\u00e5 - TRUUSK - Hem, Tr\u00e4dg\u00e5rd &amp; Fritid\" \/>\n<meta property=\"og:description\" content=\"F\u00f6rvandla ett litet utrymme till en inbjudande matsal med detta 5-delade TRUUSK barbord-set i industriell design. Skapa en mysig plats...\" \/>\n<meta property=\"og:url\" content=\"https:\/\/truusk.store\/sv\/produkt\/truusk-industriell-design-bar-table-med-barstolar-set-5-delars-barbord-set-for-kok-och-matsal-metall-gra\/\" \/>\n<meta property=\"og:site_name\" content=\"TRUUSK - Hem, Tr\u00e4dg\u00e5rd &amp; Fritid\" \/>\n<meta property=\"article:modified_time\" content=\"2026-03-12T08:18:44+00:00\" \/>\n<meta property=\"og:image\" content=\"https:\/\/i0.wp.com\/truusk.se\/wp-content\/uploads\/2025\/06\/bar-table-med-barstolar-set-5-delars-barbord-set-koksbord-med-4-barstolar-matgrupp-i-industriell-design-for-kok-matsal-metall-gra-1.webp?fit=2000%2C2000&ssl=1\" \/>\n\t<meta property=\"og:image:width\" content=\"2000\" \/>\n\t<meta property=\"og:image:height\" content=\"2000\" \/>\n\t<meta property=\"og:image:type\" content=\"image\/webp\" \/>\n<meta name=\"twitter:card\" content=\"summary_large_image\" \/>\n<meta name=\"twitter:label1\" content=\"Ber\u00e4knad l\u00e4stid\" \/>\n\t<meta name=\"twitter:data1\" content=\"1 minut\" \/>\n<!-- \/ Yoast SEO plugin. -->","yoast_head_json":{"title":"TRUUSK Industriell Design Bar Table Med Barstolar Set - 5-delars Barbord Set - F\u00f6r K\u00f6k och Matsal - Metall - Gr\u00e5 - TRUUSK - Hem, Tr\u00e4dg\u00e5rd &amp; Fritid","robots":{"index":"index","follow":"follow","max-snippet":"max-snippet:-1","max-image-preview":"max-image-preview:large","max-video-preview":"max-video-preview:-1"},"canonical":"https:\/\/truusk.store\/sv\/produkt\/truusk-industriell-design-bar-table-med-barstolar-set-5-delars-barbord-set-for-kok-och-matsal-metall-gra\/","og_locale":"sv_SE","og_type":"article","og_title":"TRUUSK Industriell Design Bar Table Med Barstolar Set - 5-delars Barbord Set - F\u00f6r K\u00f6k och Matsal - Metall - Gr\u00e5 - TRUUSK - Hem, Tr\u00e4dg\u00e5rd &amp; Fritid","og_description":"F\u00f6rvandla ett litet utrymme till en inbjudande matsal med detta 5-delade TRUUSK barbord-set i industriell design. Skapa en mysig plats...","og_url":"https:\/\/truusk.store\/sv\/produkt\/truusk-industriell-design-bar-table-med-barstolar-set-5-delars-barbord-set-for-kok-och-matsal-metall-gra\/","og_site_name":"TRUUSK - Hem, Tr\u00e4dg\u00e5rd &amp; Fritid","article_modified_time":"2026-03-12T08:18:44+00:00","og_image":[{"width":2000,"height":2000,"url":"https:\/\/i0.wp.com\/truusk.se\/wp-content\/uploads\/2025\/06\/bar-table-med-barstolar-set-5-delars-barbord-set-koksbord-med-4-barstolar-matgrupp-i-industriell-design-for-kok-matsal-metall-gra-1.webp?fit=2000%2C2000&ssl=1","type":"image\/webp"}],"twitter_card":"summary_large_image","twitter_misc":{"Ber\u00e4knad l\u00e4stid":"1 minut"},"schema":{"@context":"https:\/\/schema.org","@graph":[{"@type":"WebPage","@id":"https:\/\/truusk.store\/sv\/produkt\/truusk-industriell-design-bar-table-med-barstolar-set-5-delars-barbord-set-for-kok-och-matsal-metall-gra\/","url":"https:\/\/truusk.store\/sv\/produkt\/truusk-industriell-design-bar-table-med-barstolar-set-5-delars-barbord-set-for-kok-och-matsal-metall-gra\/","name":"TRUUSK Industriell Design Bar Table Med Barstolar Set - 5-delars Barbord Set - F\u00f6r K\u00f6k och Matsal - Metall - Gr\u00e5 - TRUUSK - Hem, Tr\u00e4dg\u00e5rd &amp; Fritid","isPartOf":{"@id":"https:\/\/truusk.store\/sv\/#website"},"primaryImageOfPage":{"@id":"https:\/\/truusk.store\/sv\/produkt\/truusk-industriell-design-bar-table-med-barstolar-set-5-delars-barbord-set-for-kok-och-matsal-metall-gra\/#primaryimage"},"image":{"@id":"https:\/\/truusk.store\/sv\/produkt\/truusk-industriell-design-bar-table-med-barstolar-set-5-delars-barbord-set-for-kok-och-matsal-metall-gra\/#primaryimage"},"thumbnailUrl":"https:\/\/i0.wp.com\/truusk.store\/wp-content\/uploads\/2025\/06\/bar-table-med-barstolar-set-5-delars-barbord-set-koksbord-med-4-barstolar-matgrupp-i-industriell-design-for-kok-matsal-metall-gra-1.webp?fit=2000%2C2000&ssl=1","datePublished":"2025-06-18T11:33:04+00:00","dateModified":"2026-03-12T08:18:44+00:00","breadcrumb":{"@id":"https:\/\/truusk.store\/sv\/produkt\/truusk-industriell-design-bar-table-med-barstolar-set-5-delars-barbord-set-for-kok-och-matsal-metall-gra\/#breadcrumb"},"inLanguage":"sv-SE","potentialAction":[{"@type":"ReadAction","target":["https:\/\/truusk.store\/sv\/produkt\/truusk-industriell-design-bar-table-med-barstolar-set-5-delars-barbord-set-for-kok-och-matsal-metall-gra\/"]}]},{"@type":"ImageObject","inLanguage":"sv-SE","@id":"https:\/\/truusk.store\/sv\/produkt\/truusk-industriell-design-bar-table-med-barstolar-set-5-delars-barbord-set-for-kok-och-matsal-metall-gra\/#primaryimage","url":"https:\/\/i0.wp.com\/truusk.store\/wp-content\/uploads\/2025\/06\/bar-table-med-barstolar-set-5-delars-barbord-set-koksbord-med-4-barstolar-matgrupp-i-industriell-design-for-kok-matsal-metall-gra-1.webp?fit=2000%2C2000&ssl=1","contentUrl":"https:\/\/i0.wp.com\/truusk.store\/wp-content\/uploads\/2025\/06\/bar-table-med-barstolar-set-5-delars-barbord-set-koksbord-med-4-barstolar-matgrupp-i-industriell-design-for-kok-matsal-metall-gra-1.webp?fit=2000%2C2000&ssl=1","width":2000,"height":2000},{"@type":"BreadcrumbList","@id":"https:\/\/truusk.store\/sv\/produkt\/truusk-industriell-design-bar-table-med-barstolar-set-5-delars-barbord-set-for-kok-och-matsal-metall-gra\/#breadcrumb","itemListElement":[{"@type":"ListItem","position":1,"name":"Home","item":"https:\/\/truusk.store\/sv\/"},{"@type":"ListItem","position":2,"name":"Shop","item":"https:\/\/truusk.store\/shop\/"},{"@type":"ListItem","position":3,"name":"TRUUSK Industriell Design Bar Table Med Barstolar Set &#8211; 5-delars Barbord Set &#8211; F\u00f6r K\u00f6k och Matsal &#8211; Metall &#8211; Gr\u00e5"}]},{"@type":"WebSite","@id":"https:\/\/truusk.store\/sv\/#website","url":"https:\/\/truusk.store\/sv\/","name":"TRUUSK - Hem, Tr\u00e4dg\u00e5rd & Fritid","description":"","publisher":{"@id":"https:\/\/truusk.store\/sv\/#organization"},"potentialAction":[{"@type":"SearchAction","target":{"@type":"EntryPoint","urlTemplate":"https:\/\/truusk.store\/sv\/?s={search_term_string}"},"query-input":{"@type":"PropertyValueSpecification","valueRequired":true,"valueName":"search_term_string"}}],"inLanguage":"sv-SE"},{"@type":"Organization","@id":"https:\/\/truusk.store\/sv\/#organization","name":"TRUUSK - Hem, Tr\u00e4dg\u00e5rd & Fritid","url":"https:\/\/truusk.store\/sv\/","logo":{"@type":"ImageObject","inLanguage":"sv-SE","@id":"https:\/\/truusk.store\/sv\/#\/schema\/logo\/image\/","url":"https:\/\/i0.wp.com\/truusk.store\/wp-content\/uploads\/2026\/03\/cropped-TRUUSK.png?fit=2032%2C917&ssl=1","contentUrl":"https:\/\/i0.wp.com\/truusk.store\/wp-content\/uploads\/2026\/03\/cropped-TRUUSK.png?fit=2032%2C917&ssl=1","width":2032,"height":917,"caption":"TRUUSK - Hem, Tr\u00e4dg\u00e5rd & Fritid"},"image":{"@id":"https:\/\/truusk.store\/sv\/#\/schema\/logo\/image\/"}}]}},"jetpack_sharing_enabled":true,"_links":{"self":[{"href":"https:\/\/truusk.store\/sv\/wp-json\/wp\/v2\/product\/80130","targetHints":{"allow":["GET"]}}],"collection":[{"href":"https:\/\/truusk.store\/sv\/wp-json\/wp\/v2\/product"}],"about":[{"href":"https:\/\/truusk.store\/sv\/wp-json\/wp\/v2\/types\/product"}],"wp:featuredmedia":[{"embeddable":true,"href":"https:\/\/truusk.store\/sv\/wp-json\/wp\/v2\/media\/80115"}],"wp:attachment":[{"href":"https:\/\/truusk.store\/sv\/wp-json\/wp\/v2\/media?parent=80130"}],"wp:term":[{"taxonomy":"product_brand","embeddable":true,"href":"https:\/\/truusk.store\/sv\/wp-json\/wp\/v2\/product_brand?post=80130"},{"taxonomy":"product_cat","embeddable":true,"href":"https:\/\/truusk.store\/sv\/wp-json\/wp\/v2\/product_cat?post=80130"},{"taxonomy":"product_tag","embeddable":true,"href":"https:\/\/truusk.store\/sv\/wp-json\/wp\/v2\/product_tag?post=80130"}],"curies":[{"name":"wp","href":"https:\/\/api.w.org\/{rel}","templated":true}]}}