{"id":80150,"date":"2025-06-18T20:18:00","date_gmt":"2025-06-18T19:18:00","guid":{"rendered":"https:\/\/truusk.store\/product\/kontorsstol-med-vibrationsmassage-ergonomisk-skrivbordsstol-med-varmefunktion-liggfunktion-hojdjusterbar-chefsstol-med-fotstod-sidoficka-konstlader-svart\/"},"modified":"2026-03-12T09:41:24","modified_gmt":"2026-03-12T08:41:24","slug":"truusk-kontorsstol-med-vibrationsmassage-ergonomisk-skrivbordsstol-med-varmefunktion-liggfunktion-hojdjusterbar-chefsstol","status":"publish","type":"product","link":"https:\/\/truusk.store\/sv\/produkt\/truusk-kontorsstol-med-vibrationsmassage-ergonomisk-skrivbordsstol-med-varmefunktion-liggfunktion-hojdjusterbar-chefsstol\/","title":{"rendered":"TRUUSK Kontorsstol med Vibrationsmassage &#8211; Ergonomisk Skrivbordsstol med V\u00e4rmefunktion &#8211; Liggfunktion &#8211; H\u00f6jdjusterbar Chefsstol &#8211;"},"content":{"rendered":"<p>Arbetar du hemifr\u00e5n eller spenderar mycket tid p\u00e5 kontoret? D\u00e5 beh\u00f6ver du den robusta kontorsstolen med liggl\u00e4ge fr\u00e5n TRUUSK, perfekt f\u00f6r l\u00e5nga arbetsperioder och omfattande projekt. Denna ergonomiska kontorsstol med fotst\u00f6d erbjuder inte bara stabil st\u00f6d, utan ocks\u00e5 avkopplande massagefunktioner och ger h\u00f6gkvalitativ komfort.<\/p>\n<p>Beskrivning:<\/p>\n<ul>\n<li> Sex vibrationsmassagepunkter p\u00e5 hemmakontorsstolen med tre l\u00e4gen, tre intensitetsniv\u00e5er, en timer och tre inst\u00e4llningar f\u00f6r l\u00e4ndv\u00e4rme<\/li>\n<li> Unna dig en paus och str\u00e4ck ut dig med en lutningsvinkel p\u00e5 upp till 135\u00b0 och den utdragbara fotdelen<\/li>\n<li> Kurvad ryggst\u00f6d och tjockt vadderad sits p\u00e5 skrivbordsstolen med fotst\u00f6d ger extra st\u00f6d<\/li>\n<li> Justerbar sitth\u00f6jd<\/li>\n<li> En sidoficka f\u00f6r f\u00f6rvaring av den kabelbundna fj\u00e4rrkontrollen<\/li>\n<li> PU-hjulen \u00e4r s\u00e4kra f\u00f6r alla typer av golv<\/li>\n<li> Montering kr\u00e4vs<\/li>\n<\/ul>\n<p> Tekniska data:<\/p>\n<ul>\n<li> F\u00e4rg: Svart<\/li>\n<li> Material: Konstl\u00e4der, skum, st\u00e5l<\/li>\n<li> Totala dimensioner: 66B x 67D x 118-126H cm<\/li>\n<li> Liggande dimensioner: 67B x 148D x 97-105H cm<\/li>\n<li> Sitsstorlek: 54B x 49D cm<\/li>\n<li> Sitth\u00f6jd: 48 &#8211; 56H cm<\/li>\n<li> Ryggm\u00e5tt: 73L x 52B cm<\/li>\n<li> Sits tjocklek: 13D cm<\/li>\n<li> Rygg tjocklek: 11D cm<\/li>\n<li> Kabell\u00e4ngd: 1,8 m<\/li>\n<li> Belastningskapacitet: 120 kg<\/li>\n<li> Ing\u00e5ng: 100-240V, 50\/60Hz<\/li>\n<li> Utg\u00e5ng: 12V\/1A, 12W<\/li>\n<\/ul>\n<p> Leveransinneh\u00e5ll:<\/p>\n<ul>\n<li> 1 x Massagekontorsstol<\/li>\n<li> 1 x Handbok<\/li>\n<\/ul>\n","protected":false},"excerpt":{"rendered":"<p>Arbetar du hemifr\u00e5n eller spenderar mycket tid p\u00e5 kontoret? D\u00e5 beh\u00f6ver du den robusta kontorsstolen med liggl\u00e4ge fr\u00e5n TRUUSK, perfekt&#8230;<\/p>\n","protected":false},"featured_media":80141,"template":"","meta":[],"product_brand":[],"product_cat":[872,871,516],"product_tag":[],"class_list":{"0":"post-80150","1":"product","2":"type-product","3":"status-publish","4":"has-post-thumbnail","6":"product_cat-hemmakontor-arbetsplats","7":"product_cat-hus-hem","8":"product_cat-kontorsstolar","10":"first","11":"instock","12":"sale","13":"taxable","14":"shipping-taxable","15":"purchasable","16":"product-type-simple"},"yoast_head":"<!-- This site is optimized with the Yoast SEO plugin v25.4 - https:\/\/yoast.com\/wordpress\/plugins\/seo\/ -->\n<title>TRUUSK Kontorsstol med Vibrationsmassage - Ergonomisk Skrivbordsstol med V\u00e4rmefunktion - Liggfunktion - H\u00f6jdjusterbar Chefsstol - TRUUSK - Hem, Tr\u00e4dg\u00e5rd &amp; Fritid<\/title>\n<meta name=\"robots\" content=\"index, follow, max-snippet:-1, max-image-preview:large, max-video-preview:-1\" \/>\n<link rel=\"canonical\" href=\"https:\/\/truusk.store\/sv\/produkt\/truusk-kontorsstol-med-vibrationsmassage-ergonomisk-skrivbordsstol-med-varmefunktion-liggfunktion-hojdjusterbar-chefsstol\/\" \/>\n<meta property=\"og:locale\" content=\"sv_SE\" \/>\n<meta property=\"og:type\" content=\"article\" \/>\n<meta property=\"og:title\" content=\"TRUUSK Kontorsstol med Vibrationsmassage - Ergonomisk Skrivbordsstol med V\u00e4rmefunktion - Liggfunktion - H\u00f6jdjusterbar Chefsstol - TRUUSK - Hem, Tr\u00e4dg\u00e5rd &amp; Fritid\" \/>\n<meta property=\"og:description\" content=\"Arbetar du hemifr\u00e5n eller spenderar mycket tid p\u00e5 kontoret? D\u00e5 beh\u00f6ver du den robusta kontorsstolen med liggl\u00e4ge fr\u00e5n TRUUSK, perfekt...\" \/>\n<meta property=\"og:url\" content=\"https:\/\/truusk.store\/sv\/produkt\/truusk-kontorsstol-med-vibrationsmassage-ergonomisk-skrivbordsstol-med-varmefunktion-liggfunktion-hojdjusterbar-chefsstol\/\" \/>\n<meta property=\"og:site_name\" content=\"TRUUSK - Hem, Tr\u00e4dg\u00e5rd &amp; Fritid\" \/>\n<meta property=\"article:modified_time\" content=\"2026-03-12T08:41:24+00:00\" \/>\n<meta property=\"og:image\" content=\"https:\/\/i0.wp.com\/truusk.se\/wp-content\/uploads\/2025\/06\/kontorsstol-med-vibrationsmassage-ergonomisk-skrivbordsstol-med-varmefunktion-liggfunktion-hojdjusterbar-chefsstol-med-fotstod-sidoficka-konstlader-svart-1.webp?fit=2000%2C2000&ssl=1\" \/>\n\t<meta property=\"og:image:width\" content=\"2000\" \/>\n\t<meta property=\"og:image:height\" content=\"2000\" \/>\n\t<meta property=\"og:image:type\" content=\"image\/webp\" \/>\n<meta name=\"twitter:card\" content=\"summary_large_image\" \/>\n<meta name=\"twitter:label1\" content=\"Ber\u00e4knad l\u00e4stid\" \/>\n\t<meta name=\"twitter:data1\" content=\"1 minut\" \/>\n<!-- \/ Yoast SEO plugin. -->","yoast_head_json":{"title":"TRUUSK Kontorsstol med Vibrationsmassage - Ergonomisk Skrivbordsstol med V\u00e4rmefunktion - Liggfunktion - H\u00f6jdjusterbar Chefsstol - TRUUSK - Hem, Tr\u00e4dg\u00e5rd &amp; Fritid","robots":{"index":"index","follow":"follow","max-snippet":"max-snippet:-1","max-image-preview":"max-image-preview:large","max-video-preview":"max-video-preview:-1"},"canonical":"https:\/\/truusk.store\/sv\/produkt\/truusk-kontorsstol-med-vibrationsmassage-ergonomisk-skrivbordsstol-med-varmefunktion-liggfunktion-hojdjusterbar-chefsstol\/","og_locale":"sv_SE","og_type":"article","og_title":"TRUUSK Kontorsstol med Vibrationsmassage - Ergonomisk Skrivbordsstol med V\u00e4rmefunktion - Liggfunktion - H\u00f6jdjusterbar Chefsstol - TRUUSK - Hem, Tr\u00e4dg\u00e5rd &amp; Fritid","og_description":"Arbetar du hemifr\u00e5n eller spenderar mycket tid p\u00e5 kontoret? D\u00e5 beh\u00f6ver du den robusta kontorsstolen med liggl\u00e4ge fr\u00e5n TRUUSK, perfekt...","og_url":"https:\/\/truusk.store\/sv\/produkt\/truusk-kontorsstol-med-vibrationsmassage-ergonomisk-skrivbordsstol-med-varmefunktion-liggfunktion-hojdjusterbar-chefsstol\/","og_site_name":"TRUUSK - Hem, Tr\u00e4dg\u00e5rd &amp; Fritid","article_modified_time":"2026-03-12T08:41:24+00:00","og_image":[{"width":2000,"height":2000,"url":"https:\/\/i0.wp.com\/truusk.se\/wp-content\/uploads\/2025\/06\/kontorsstol-med-vibrationsmassage-ergonomisk-skrivbordsstol-med-varmefunktion-liggfunktion-hojdjusterbar-chefsstol-med-fotstod-sidoficka-konstlader-svart-1.webp?fit=2000%2C2000&ssl=1","type":"image\/webp"}],"twitter_card":"summary_large_image","twitter_misc":{"Ber\u00e4knad l\u00e4stid":"1 minut"},"schema":{"@context":"https:\/\/schema.org","@graph":[{"@type":"WebPage","@id":"https:\/\/truusk.store\/sv\/produkt\/truusk-kontorsstol-med-vibrationsmassage-ergonomisk-skrivbordsstol-med-varmefunktion-liggfunktion-hojdjusterbar-chefsstol\/","url":"https:\/\/truusk.store\/sv\/produkt\/truusk-kontorsstol-med-vibrationsmassage-ergonomisk-skrivbordsstol-med-varmefunktion-liggfunktion-hojdjusterbar-chefsstol\/","name":"TRUUSK Kontorsstol med Vibrationsmassage - Ergonomisk Skrivbordsstol med V\u00e4rmefunktion - Liggfunktion - H\u00f6jdjusterbar Chefsstol - TRUUSK - Hem, Tr\u00e4dg\u00e5rd &amp; Fritid","isPartOf":{"@id":"https:\/\/truusk.store\/sv\/#website"},"primaryImageOfPage":{"@id":"https:\/\/truusk.store\/sv\/produkt\/truusk-kontorsstol-med-vibrationsmassage-ergonomisk-skrivbordsstol-med-varmefunktion-liggfunktion-hojdjusterbar-chefsstol\/#primaryimage"},"image":{"@id":"https:\/\/truusk.store\/sv\/produkt\/truusk-kontorsstol-med-vibrationsmassage-ergonomisk-skrivbordsstol-med-varmefunktion-liggfunktion-hojdjusterbar-chefsstol\/#primaryimage"},"thumbnailUrl":"https:\/\/i0.wp.com\/truusk.store\/wp-content\/uploads\/2025\/06\/kontorsstol-med-vibrationsmassage-ergonomisk-skrivbordsstol-med-varmefunktion-liggfunktion-hojdjusterbar-chefsstol-med-fotstod-sidoficka-konstlader-svart-1.webp?fit=2000%2C2000&ssl=1","datePublished":"2025-06-18T19:18:00+00:00","dateModified":"2026-03-12T08:41:24+00:00","breadcrumb":{"@id":"https:\/\/truusk.store\/sv\/produkt\/truusk-kontorsstol-med-vibrationsmassage-ergonomisk-skrivbordsstol-med-varmefunktion-liggfunktion-hojdjusterbar-chefsstol\/#breadcrumb"},"inLanguage":"sv-SE","potentialAction":[{"@type":"ReadAction","target":["https:\/\/truusk.store\/sv\/produkt\/truusk-kontorsstol-med-vibrationsmassage-ergonomisk-skrivbordsstol-med-varmefunktion-liggfunktion-hojdjusterbar-chefsstol\/"]}]},{"@type":"ImageObject","inLanguage":"sv-SE","@id":"https:\/\/truusk.store\/sv\/produkt\/truusk-kontorsstol-med-vibrationsmassage-ergonomisk-skrivbordsstol-med-varmefunktion-liggfunktion-hojdjusterbar-chefsstol\/#primaryimage","url":"https:\/\/i0.wp.com\/truusk.store\/wp-content\/uploads\/2025\/06\/kontorsstol-med-vibrationsmassage-ergonomisk-skrivbordsstol-med-varmefunktion-liggfunktion-hojdjusterbar-chefsstol-med-fotstod-sidoficka-konstlader-svart-1.webp?fit=2000%2C2000&ssl=1","contentUrl":"https:\/\/i0.wp.com\/truusk.store\/wp-content\/uploads\/2025\/06\/kontorsstol-med-vibrationsmassage-ergonomisk-skrivbordsstol-med-varmefunktion-liggfunktion-hojdjusterbar-chefsstol-med-fotstod-sidoficka-konstlader-svart-1.webp?fit=2000%2C2000&ssl=1","width":2000,"height":2000},{"@type":"BreadcrumbList","@id":"https:\/\/truusk.store\/sv\/produkt\/truusk-kontorsstol-med-vibrationsmassage-ergonomisk-skrivbordsstol-med-varmefunktion-liggfunktion-hojdjusterbar-chefsstol\/#breadcrumb","itemListElement":[{"@type":"ListItem","position":1,"name":"Home","item":"https:\/\/truusk.store\/sv\/"},{"@type":"ListItem","position":2,"name":"Shop","item":"https:\/\/truusk.store\/shop\/"},{"@type":"ListItem","position":3,"name":"TRUUSK Kontorsstol med Vibrationsmassage &#8211; Ergonomisk Skrivbordsstol med V\u00e4rmefunktion &#8211; Liggfunktion &#8211; H\u00f6jdjusterbar Chefsstol &#8211;"}]},{"@type":"WebSite","@id":"https:\/\/truusk.store\/sv\/#website","url":"https:\/\/truusk.store\/sv\/","name":"TRUUSK - Hem, Tr\u00e4dg\u00e5rd & Fritid","description":"","publisher":{"@id":"https:\/\/truusk.store\/sv\/#organization"},"potentialAction":[{"@type":"SearchAction","target":{"@type":"EntryPoint","urlTemplate":"https:\/\/truusk.store\/sv\/?s={search_term_string}"},"query-input":{"@type":"PropertyValueSpecification","valueRequired":true,"valueName":"search_term_string"}}],"inLanguage":"sv-SE"},{"@type":"Organization","@id":"https:\/\/truusk.store\/sv\/#organization","name":"TRUUSK - Hem, Tr\u00e4dg\u00e5rd & Fritid","url":"https:\/\/truusk.store\/sv\/","logo":{"@type":"ImageObject","inLanguage":"sv-SE","@id":"https:\/\/truusk.store\/sv\/#\/schema\/logo\/image\/","url":"https:\/\/i0.wp.com\/truusk.store\/wp-content\/uploads\/2026\/03\/cropped-TRUUSK.png?fit=2032%2C917&ssl=1","contentUrl":"https:\/\/i0.wp.com\/truusk.store\/wp-content\/uploads\/2026\/03\/cropped-TRUUSK.png?fit=2032%2C917&ssl=1","width":2032,"height":917,"caption":"TRUUSK - Hem, Tr\u00e4dg\u00e5rd & Fritid"},"image":{"@id":"https:\/\/truusk.store\/sv\/#\/schema\/logo\/image\/"}}]}},"jetpack_sharing_enabled":true,"_links":{"self":[{"href":"https:\/\/truusk.store\/sv\/wp-json\/wp\/v2\/product\/80150","targetHints":{"allow":["GET"]}}],"collection":[{"href":"https:\/\/truusk.store\/sv\/wp-json\/wp\/v2\/product"}],"about":[{"href":"https:\/\/truusk.store\/sv\/wp-json\/wp\/v2\/types\/product"}],"wp:featuredmedia":[{"embeddable":true,"href":"https:\/\/truusk.store\/sv\/wp-json\/wp\/v2\/media\/80141"}],"wp:attachment":[{"href":"https:\/\/truusk.store\/sv\/wp-json\/wp\/v2\/media?parent=80150"}],"wp:term":[{"taxonomy":"product_brand","embeddable":true,"href":"https:\/\/truusk.store\/sv\/wp-json\/wp\/v2\/product_brand?post=80150"},{"taxonomy":"product_cat","embeddable":true,"href":"https:\/\/truusk.store\/sv\/wp-json\/wp\/v2\/product_cat?post=80150"},{"taxonomy":"product_tag","embeddable":true,"href":"https:\/\/truusk.store\/sv\/wp-json\/wp\/v2\/product_tag?post=80150"}],"curies":[{"name":"wp","href":"https:\/\/api.w.org\/{rel}","templated":true}]}}