{"id":80236,"date":"2025-06-19T19:59:54","date_gmt":"2025-06-19T18:59:54","guid":{"rendered":"https:\/\/truusk.store\/product\/hopfallbar-professionell-massagebank-med-7-zoner-hojdjusterbar-kan-bara-upp-till-130-kg-idealisk-for-spa-salong-svart\/"},"modified":"2026-03-12T09:17:27","modified_gmt":"2026-03-12T08:17:27","slug":"truusk-hopfallbar-massagebank-7-zoner-justerbar-hojd-barkapacitet-130-kg-idealisk-for-spa-salong-svart","status":"publish","type":"product","link":"https:\/\/truusk.store\/sv\/produkt\/truusk-hopfallbar-massagebank-7-zoner-justerbar-hojd-barkapacitet-130-kg-idealisk-for-spa-salong-svart\/","title":{"rendered":"TRUUSK Hopf\u00e4llbar Massageb\u00e4nk &#8211; 7 Zoner &#8211; Justerbar H\u00f6jd &#8211; B\u00e4rkapacitet 130 kg &#8211; Idealisk f\u00f6r Spa &amp; Salong &#8211; Svart"},"content":{"rendered":"<p>Denna b\u00e4rbara massageb\u00e4nk fr\u00e5n TRUUSK \u00e4r en fantastisk tillbeh\u00f6r. B\u00e4nken best\u00e5r av en stabil ram av aluminiumlegering. Stopningen erbjuder fast men avkopplande komfort, medan konstl\u00e4der\u00f6verdraget \u00e4r l\u00e4tt att reng\u00f6ra. Bordet \u00e4r h\u00f6jdjusterbart och passar perfekt f\u00f6r kunder av alla storlekar. Eftersom den \u00e4r hopf\u00e4llbar kan den l\u00e4tt f\u00f6rvaras n\u00e4r den inte anv\u00e4nds och \u00e4r ocks\u00e5 en stor hj\u00e4lp p\u00e5 resor. Idealisk f\u00f6r hemmamassage, spa-behandlingar och kosmetiska behandlingar.<\/p>\n<p>Beskrivning:<\/p>\n<ul>\n<li> Idealisk f\u00f6r professionella terapeuter, nyb\u00f6rjare och hemmabrukare<\/li>\n<li> Stabil ram med aluminiumlegering i \u00f6verl\u00e4gsen styrka, st\u00f6der upp till totalt 130 kg<\/li>\n<li> Designad med 2 \u00f6ppningar f\u00f6r ansiktet. \u00d6ppningen i s\u00e4ngen kan fyllas med passande kuddar<\/li>\n<li> 7-stegs justerbar h\u00f6jd fr\u00e5n 62 till 83 cm, f\u00f6r olika kroppsstorlekar<\/li>\n<li> Tjock stoppning, avtagbar ansiktskrage, sidarmst\u00f6d och handst\u00f6d f\u00f6r ultimat komfort<\/li>\n<li> Ytan \u00e4r t\u00e4ckt med konstl\u00e4der och \u00e4r l\u00e4tt att reng\u00f6ra<\/li>\n<li> Kan f\u00e4llas i mitten f\u00f6r att spara utrymme. Med en l\u00e4tt ram f\u00f6r enkel transport<\/li>\n<\/ul>\n<p>Tekniska data:<\/p>\n<ul>\n<li> F\u00e4rg: Svart<\/li>\n<li> Material: Aluminium, skum, PU<\/li>\n<li> Totala m\u00e5tt: 186L x 71B x 62-83H cm<\/li>\n<li> Kuddens tjocklek: 10cm<\/li>\n<li> Storlek p\u00e5 huvudst\u00f6d: 23,5L x 24B x 4H cm<\/li>\n<li> Storlek p\u00e5 handpalett: 40,5L x 9B x 1,5H cm<\/li>\n<li> Hopf\u00e4llbar storlek: 93L x 71B x 19H cm<\/li>\n<li> Maximal belastningskapacitet: 130kg<\/li>\n<\/ul>\n<p>Leveransinneh\u00e5ll:<\/p>\n<ul>\n<li> 1 x Massageb\u00e4nk<\/li>\n<li> 1 x Instruktioner<\/li>\n<\/ul>\n","protected":false},"excerpt":{"rendered":"<p>Denna b\u00e4rbara massageb\u00e4nk fr\u00e5n TRUUSK \u00e4r en fantastisk tillbeh\u00f6r. B\u00e4nken best\u00e5r av en stabil ram av aluminiumlegering. Stopningen erbjuder fast&#8230;<\/p>\n","protected":false},"featured_media":80227,"template":"","meta":[],"product_brand":[],"product_cat":[867,1052],"product_tag":[],"class_list":{"0":"post-80236","1":"product","2":"type-product","3":"status-publish","4":"has-post-thumbnail","6":"product_cat-byggmarknad","7":"product_cat-halsa-mobilitet","9":"first","10":"instock","11":"sale","12":"taxable","13":"shipping-taxable","14":"purchasable","15":"product-type-simple"},"yoast_head":"<!-- This site is optimized with the Yoast SEO plugin v25.4 - https:\/\/yoast.com\/wordpress\/plugins\/seo\/ -->\n<title>TRUUSK Hopf\u00e4llbar Massageb\u00e4nk - 7 Zoner - Justerbar H\u00f6jd - B\u00e4rkapacitet 130 kg - Idealisk f\u00f6r Spa &amp; Salong - Svart - TRUUSK - Hem, Tr\u00e4dg\u00e5rd &amp; Fritid<\/title>\n<meta name=\"robots\" content=\"index, follow, max-snippet:-1, max-image-preview:large, max-video-preview:-1\" \/>\n<link rel=\"canonical\" href=\"https:\/\/truusk.store\/sv\/produkt\/truusk-hopfallbar-massagebank-7-zoner-justerbar-hojd-barkapacitet-130-kg-idealisk-for-spa-salong-svart\/\" \/>\n<meta property=\"og:locale\" content=\"sv_SE\" \/>\n<meta property=\"og:type\" content=\"article\" \/>\n<meta property=\"og:title\" content=\"TRUUSK Hopf\u00e4llbar Massageb\u00e4nk - 7 Zoner - Justerbar H\u00f6jd - B\u00e4rkapacitet 130 kg - Idealisk f\u00f6r Spa &amp; Salong - Svart - TRUUSK - Hem, Tr\u00e4dg\u00e5rd &amp; Fritid\" \/>\n<meta property=\"og:description\" content=\"Denna b\u00e4rbara massageb\u00e4nk fr\u00e5n TRUUSK \u00e4r en fantastisk tillbeh\u00f6r. B\u00e4nken best\u00e5r av en stabil ram av aluminiumlegering. Stopningen erbjuder fast...\" \/>\n<meta property=\"og:url\" content=\"https:\/\/truusk.store\/sv\/produkt\/truusk-hopfallbar-massagebank-7-zoner-justerbar-hojd-barkapacitet-130-kg-idealisk-for-spa-salong-svart\/\" \/>\n<meta property=\"og:site_name\" content=\"TRUUSK - Hem, Tr\u00e4dg\u00e5rd &amp; Fritid\" \/>\n<meta property=\"article:modified_time\" content=\"2026-03-12T08:17:27+00:00\" \/>\n<meta property=\"og:image\" content=\"https:\/\/i0.wp.com\/truusk.se\/wp-content\/uploads\/2025\/06\/hopfallbar-professionell-massagebank-med-7-zoner-hojdjusterbar-kan-bara-upp-till-130-kg-idealisk-for-spa-salong-svart-1.webp?fit=2000%2C2000&ssl=1\" \/>\n\t<meta property=\"og:image:width\" content=\"2000\" \/>\n\t<meta property=\"og:image:height\" content=\"2000\" \/>\n\t<meta property=\"og:image:type\" content=\"image\/webp\" \/>\n<meta name=\"twitter:card\" content=\"summary_large_image\" \/>\n<meta name=\"twitter:label1\" content=\"Ber\u00e4knad l\u00e4stid\" \/>\n\t<meta name=\"twitter:data1\" content=\"1 minut\" \/>\n<!-- \/ Yoast SEO plugin. -->","yoast_head_json":{"title":"TRUUSK Hopf\u00e4llbar Massageb\u00e4nk - 7 Zoner - Justerbar H\u00f6jd - B\u00e4rkapacitet 130 kg - Idealisk f\u00f6r Spa &amp; Salong - Svart - TRUUSK - Hem, Tr\u00e4dg\u00e5rd &amp; Fritid","robots":{"index":"index","follow":"follow","max-snippet":"max-snippet:-1","max-image-preview":"max-image-preview:large","max-video-preview":"max-video-preview:-1"},"canonical":"https:\/\/truusk.store\/sv\/produkt\/truusk-hopfallbar-massagebank-7-zoner-justerbar-hojd-barkapacitet-130-kg-idealisk-for-spa-salong-svart\/","og_locale":"sv_SE","og_type":"article","og_title":"TRUUSK Hopf\u00e4llbar Massageb\u00e4nk - 7 Zoner - Justerbar H\u00f6jd - B\u00e4rkapacitet 130 kg - Idealisk f\u00f6r Spa &amp; Salong - Svart - TRUUSK - Hem, Tr\u00e4dg\u00e5rd &amp; Fritid","og_description":"Denna b\u00e4rbara massageb\u00e4nk fr\u00e5n TRUUSK \u00e4r en fantastisk tillbeh\u00f6r. B\u00e4nken best\u00e5r av en stabil ram av aluminiumlegering. Stopningen erbjuder fast...","og_url":"https:\/\/truusk.store\/sv\/produkt\/truusk-hopfallbar-massagebank-7-zoner-justerbar-hojd-barkapacitet-130-kg-idealisk-for-spa-salong-svart\/","og_site_name":"TRUUSK - Hem, Tr\u00e4dg\u00e5rd &amp; Fritid","article_modified_time":"2026-03-12T08:17:27+00:00","og_image":[{"width":2000,"height":2000,"url":"https:\/\/i0.wp.com\/truusk.se\/wp-content\/uploads\/2025\/06\/hopfallbar-professionell-massagebank-med-7-zoner-hojdjusterbar-kan-bara-upp-till-130-kg-idealisk-for-spa-salong-svart-1.webp?fit=2000%2C2000&ssl=1","type":"image\/webp"}],"twitter_card":"summary_large_image","twitter_misc":{"Ber\u00e4knad l\u00e4stid":"1 minut"},"schema":{"@context":"https:\/\/schema.org","@graph":[{"@type":"WebPage","@id":"https:\/\/truusk.store\/sv\/produkt\/truusk-hopfallbar-massagebank-7-zoner-justerbar-hojd-barkapacitet-130-kg-idealisk-for-spa-salong-svart\/","url":"https:\/\/truusk.store\/sv\/produkt\/truusk-hopfallbar-massagebank-7-zoner-justerbar-hojd-barkapacitet-130-kg-idealisk-for-spa-salong-svart\/","name":"TRUUSK Hopf\u00e4llbar Massageb\u00e4nk - 7 Zoner - Justerbar H\u00f6jd - B\u00e4rkapacitet 130 kg - Idealisk f\u00f6r Spa &amp; Salong - Svart - TRUUSK - Hem, Tr\u00e4dg\u00e5rd &amp; Fritid","isPartOf":{"@id":"https:\/\/truusk.store\/sv\/#website"},"primaryImageOfPage":{"@id":"https:\/\/truusk.store\/sv\/produkt\/truusk-hopfallbar-massagebank-7-zoner-justerbar-hojd-barkapacitet-130-kg-idealisk-for-spa-salong-svart\/#primaryimage"},"image":{"@id":"https:\/\/truusk.store\/sv\/produkt\/truusk-hopfallbar-massagebank-7-zoner-justerbar-hojd-barkapacitet-130-kg-idealisk-for-spa-salong-svart\/#primaryimage"},"thumbnailUrl":"https:\/\/i0.wp.com\/truusk.store\/wp-content\/uploads\/2025\/06\/hopfallbar-professionell-massagebank-med-7-zoner-hojdjusterbar-kan-bara-upp-till-130-kg-idealisk-for-spa-salong-svart-1.webp?fit=2000%2C2000&ssl=1","datePublished":"2025-06-19T18:59:54+00:00","dateModified":"2026-03-12T08:17:27+00:00","breadcrumb":{"@id":"https:\/\/truusk.store\/sv\/produkt\/truusk-hopfallbar-massagebank-7-zoner-justerbar-hojd-barkapacitet-130-kg-idealisk-for-spa-salong-svart\/#breadcrumb"},"inLanguage":"sv-SE","potentialAction":[{"@type":"ReadAction","target":["https:\/\/truusk.store\/sv\/produkt\/truusk-hopfallbar-massagebank-7-zoner-justerbar-hojd-barkapacitet-130-kg-idealisk-for-spa-salong-svart\/"]}]},{"@type":"ImageObject","inLanguage":"sv-SE","@id":"https:\/\/truusk.store\/sv\/produkt\/truusk-hopfallbar-massagebank-7-zoner-justerbar-hojd-barkapacitet-130-kg-idealisk-for-spa-salong-svart\/#primaryimage","url":"https:\/\/i0.wp.com\/truusk.store\/wp-content\/uploads\/2025\/06\/hopfallbar-professionell-massagebank-med-7-zoner-hojdjusterbar-kan-bara-upp-till-130-kg-idealisk-for-spa-salong-svart-1.webp?fit=2000%2C2000&ssl=1","contentUrl":"https:\/\/i0.wp.com\/truusk.store\/wp-content\/uploads\/2025\/06\/hopfallbar-professionell-massagebank-med-7-zoner-hojdjusterbar-kan-bara-upp-till-130-kg-idealisk-for-spa-salong-svart-1.webp?fit=2000%2C2000&ssl=1","width":2000,"height":2000},{"@type":"BreadcrumbList","@id":"https:\/\/truusk.store\/sv\/produkt\/truusk-hopfallbar-massagebank-7-zoner-justerbar-hojd-barkapacitet-130-kg-idealisk-for-spa-salong-svart\/#breadcrumb","itemListElement":[{"@type":"ListItem","position":1,"name":"Home","item":"https:\/\/truusk.store\/sv\/"},{"@type":"ListItem","position":2,"name":"Shop","item":"https:\/\/truusk.store\/shop\/"},{"@type":"ListItem","position":3,"name":"TRUUSK Hopf\u00e4llbar Massageb\u00e4nk &#8211; 7 Zoner &#8211; Justerbar H\u00f6jd &#8211; B\u00e4rkapacitet 130 kg &#8211; Idealisk f\u00f6r Spa &amp; Salong &#8211; Svart"}]},{"@type":"WebSite","@id":"https:\/\/truusk.store\/sv\/#website","url":"https:\/\/truusk.store\/sv\/","name":"TRUUSK - Hem, Tr\u00e4dg\u00e5rd & Fritid","description":"","publisher":{"@id":"https:\/\/truusk.store\/sv\/#organization"},"potentialAction":[{"@type":"SearchAction","target":{"@type":"EntryPoint","urlTemplate":"https:\/\/truusk.store\/sv\/?s={search_term_string}"},"query-input":{"@type":"PropertyValueSpecification","valueRequired":true,"valueName":"search_term_string"}}],"inLanguage":"sv-SE"},{"@type":"Organization","@id":"https:\/\/truusk.store\/sv\/#organization","name":"TRUUSK - Hem, Tr\u00e4dg\u00e5rd & Fritid","url":"https:\/\/truusk.store\/sv\/","logo":{"@type":"ImageObject","inLanguage":"sv-SE","@id":"https:\/\/truusk.store\/sv\/#\/schema\/logo\/image\/","url":"https:\/\/i0.wp.com\/truusk.store\/wp-content\/uploads\/2026\/03\/cropped-TRUUSK.png?fit=2032%2C917&ssl=1","contentUrl":"https:\/\/i0.wp.com\/truusk.store\/wp-content\/uploads\/2026\/03\/cropped-TRUUSK.png?fit=2032%2C917&ssl=1","width":2032,"height":917,"caption":"TRUUSK - Hem, Tr\u00e4dg\u00e5rd & Fritid"},"image":{"@id":"https:\/\/truusk.store\/sv\/#\/schema\/logo\/image\/"}}]}},"jetpack_sharing_enabled":true,"_links":{"self":[{"href":"https:\/\/truusk.store\/sv\/wp-json\/wp\/v2\/product\/80236","targetHints":{"allow":["GET"]}}],"collection":[{"href":"https:\/\/truusk.store\/sv\/wp-json\/wp\/v2\/product"}],"about":[{"href":"https:\/\/truusk.store\/sv\/wp-json\/wp\/v2\/types\/product"}],"wp:featuredmedia":[{"embeddable":true,"href":"https:\/\/truusk.store\/sv\/wp-json\/wp\/v2\/media\/80227"}],"wp:attachment":[{"href":"https:\/\/truusk.store\/sv\/wp-json\/wp\/v2\/media?parent=80236"}],"wp:term":[{"taxonomy":"product_brand","embeddable":true,"href":"https:\/\/truusk.store\/sv\/wp-json\/wp\/v2\/product_brand?post=80236"},{"taxonomy":"product_cat","embeddable":true,"href":"https:\/\/truusk.store\/sv\/wp-json\/wp\/v2\/product_cat?post=80236"},{"taxonomy":"product_tag","embeddable":true,"href":"https:\/\/truusk.store\/sv\/wp-json\/wp\/v2\/product_tag?post=80236"}],"curies":[{"name":"wp","href":"https:\/\/api.w.org\/{rel}","templated":true}]}}