{"id":80256,"date":"2025-06-19T20:02:09","date_gmt":"2025-06-19T19:02:09","guid":{"rendered":"https:\/\/truusk.store\/product\/konstgjord-bambu-180-cm-konstvaxt-i-furutrakruka-inomhusvaxt-konstgjorda-vaxter-for-inomhus-utomhus-dekorationsvaxter-gron\/"},"modified":"2026-03-12T09:19:04","modified_gmt":"2026-03-12T08:19:04","slug":"truusk-konstgjord-bambu-180-cm-furutrakruka-inomhus-och-utomhusvaxt-dekorativ-gron-konstvaxt-konstgjorda-vaxter-for","status":"publish","type":"product","link":"https:\/\/truusk.store\/sv\/produkt\/truusk-konstgjord-bambu-180-cm-furutrakruka-inomhus-och-utomhusvaxt-dekorativ-gron-konstvaxt-konstgjorda-vaxter-for\/","title":{"rendered":"TRUUSK Konstgjord Bambu 180 cm &#8211; Furutr\u00e4kruka &#8211; Inomhus- och Utomhusv\u00e4xt &#8211; Dekorativ Gr\u00f6n Konstv\u00e4xt &#8211; Konstgjorda V\u00e4xter f\u00f6r"},"content":{"rendered":"<p>\u00d6nskar du en l\u00e4ttsk\u00f6tt tropisk konstgjord v\u00e4xt som ser ut som \u00e4kta f\u00f6r ditt hem? D\u00e5 \u00e4r den konstgjorda bambun fr\u00e5n TRUUSK perfekt f\u00f6r dig. Konstv\u00e4xten i krukan ser alltid felfri ut och kr\u00e4ver ingen sk\u00f6tsel &#8211; bara att torka av r\u00e4cker. Ingen vattning, ingen besk\u00e4rning, inga myggor, inga allergier: Denna konstgjorda v\u00e4xt \u00e4r en ren dr\u00f6m och idealisk f\u00f6r inomhusbruk. Njut av en touch av bedr\u00e4gligt \u00e4kta exotisk natur i ditt hem.<\/p>\n<p>Beskrivning:<\/p>\n<ul>\n<li> Konstgjord bambuv\u00e4xt med realistiskt och mycket vackert utseende<\/li>\n<li> L\u00e4mplig f\u00f6r ditt hem eller kontor<\/li>\n<li> Denna krukv\u00e4xt best\u00e5r av 1640 blad f\u00f6r att \u00e5terskapa utseendet p\u00e5 ett naturligt s\u00e4tt<\/li>\n<li> L\u00e4tt att reng\u00f6ra och underh\u00e5lla<\/li>\n<li> Till skillnad fr\u00e5n naturliga v\u00e4xter beh\u00f6ver den varken vattning eller besk\u00e4rning, vissnar inte och kan placeras p\u00e5 platser utan ljus<\/li>\n<li> Basen av konstv\u00e4xten \u00e4r gjord av furutr\u00e4, vilket g\u00f6r den stabilare och ger den en mer naturlig och dekorativ touch<\/li>\n<li> Dess funktion begr\u00e4nsas inte bara till dekoration, utan ocks\u00e5 som en sk\u00e4rm med en h\u00f6jd av 180 cm (k\u00f6p flera enheter f\u00f6r att f\u00f6rl\u00e4nga l\u00e4ngden)<\/li>\n<li> Ingen montering kr\u00e4vs<\/li>\n<\/ul>\n<p>Tekniska data:<\/p>\n<ul>\n<li> F\u00e4rg: Gr\u00f6n<\/li>\n<li> Material: Polyester, bambu, furutr\u00e4<\/li>\n<li> Typ: Bambu<\/li>\n<li> Total h\u00f6jd: 180 cm<\/li>\n<li> M\u00e5tt p\u00e5 krukan: 35L x 10B x 10H cm<\/li>\n<\/ul>\n<p>Leveransinneh\u00e5ll:<\/p>\n<ul>\n<li> 1 x Konstgjord v\u00e4xt;<\/li>\n<\/ul>\n","protected":false},"excerpt":{"rendered":"<p>\u00d6nskar du en l\u00e4ttsk\u00f6tt tropisk konstgjord v\u00e4xt som ser ut som \u00e4kta f\u00f6r ditt hem? D\u00e5 \u00e4r den konstgjorda bambun&#8230;<\/p>\n","protected":false},"featured_media":80247,"template":"","meta":[],"product_brand":[],"product_cat":[962,871,681],"product_tag":[],"class_list":{"0":"post-80256","1":"product","2":"type-product","3":"status-publish","4":"has-post-thumbnail","6":"product_cat-dekoration","7":"product_cat-hus-hem","8":"product_cat-konstgjorda-vaxter","10":"first","11":"instock","12":"sale","13":"taxable","14":"shipping-taxable","15":"purchasable","16":"product-type-simple"},"yoast_head":"<!-- This site is optimized with the Yoast SEO plugin v25.4 - https:\/\/yoast.com\/wordpress\/plugins\/seo\/ -->\n<title>TRUUSK Konstgjord Bambu 180 cm - Furutr\u00e4kruka - Inomhus- och Utomhusv\u00e4xt - Dekorativ Gr\u00f6n Konstv\u00e4xt - Konstgjorda V\u00e4xter f\u00f6r - TRUUSK - Hem, Tr\u00e4dg\u00e5rd &amp; Fritid<\/title>\n<meta name=\"robots\" content=\"index, follow, max-snippet:-1, max-image-preview:large, max-video-preview:-1\" \/>\n<link rel=\"canonical\" href=\"https:\/\/truusk.store\/sv\/produkt\/truusk-konstgjord-bambu-180-cm-furutrakruka-inomhus-och-utomhusvaxt-dekorativ-gron-konstvaxt-konstgjorda-vaxter-for\/\" \/>\n<meta property=\"og:locale\" content=\"sv_SE\" \/>\n<meta property=\"og:type\" content=\"article\" \/>\n<meta property=\"og:title\" content=\"TRUUSK Konstgjord Bambu 180 cm - Furutr\u00e4kruka - Inomhus- och Utomhusv\u00e4xt - Dekorativ Gr\u00f6n Konstv\u00e4xt - Konstgjorda V\u00e4xter f\u00f6r - TRUUSK - Hem, Tr\u00e4dg\u00e5rd &amp; Fritid\" \/>\n<meta property=\"og:description\" content=\"\u00d6nskar du en l\u00e4ttsk\u00f6tt tropisk konstgjord v\u00e4xt som ser ut som \u00e4kta f\u00f6r ditt hem? D\u00e5 \u00e4r den konstgjorda bambun...\" \/>\n<meta property=\"og:url\" content=\"https:\/\/truusk.store\/sv\/produkt\/truusk-konstgjord-bambu-180-cm-furutrakruka-inomhus-och-utomhusvaxt-dekorativ-gron-konstvaxt-konstgjorda-vaxter-for\/\" \/>\n<meta property=\"og:site_name\" content=\"TRUUSK - Hem, Tr\u00e4dg\u00e5rd &amp; Fritid\" \/>\n<meta property=\"article:modified_time\" content=\"2026-03-12T08:19:04+00:00\" \/>\n<meta property=\"og:image\" content=\"https:\/\/i0.wp.com\/truusk.se\/wp-content\/uploads\/2025\/06\/konstgjord-bambu-180-cm-konstvaxt-i-furutrakruka-inomhusvaxt-konstgjorda-vaxter-for-inomhus-utomhus-dekorationsvaxter-gron-1.webp?fit=2000%2C2000&ssl=1\" \/>\n\t<meta property=\"og:image:width\" content=\"2000\" \/>\n\t<meta property=\"og:image:height\" content=\"2000\" \/>\n\t<meta property=\"og:image:type\" content=\"image\/webp\" \/>\n<meta name=\"twitter:card\" content=\"summary_large_image\" \/>\n<meta name=\"twitter:label1\" content=\"Ber\u00e4knad l\u00e4stid\" \/>\n\t<meta name=\"twitter:data1\" content=\"1 minut\" \/>\n<!-- \/ Yoast SEO plugin. -->","yoast_head_json":{"title":"TRUUSK Konstgjord Bambu 180 cm - Furutr\u00e4kruka - Inomhus- och Utomhusv\u00e4xt - Dekorativ Gr\u00f6n Konstv\u00e4xt - Konstgjorda V\u00e4xter f\u00f6r - TRUUSK - Hem, Tr\u00e4dg\u00e5rd &amp; Fritid","robots":{"index":"index","follow":"follow","max-snippet":"max-snippet:-1","max-image-preview":"max-image-preview:large","max-video-preview":"max-video-preview:-1"},"canonical":"https:\/\/truusk.store\/sv\/produkt\/truusk-konstgjord-bambu-180-cm-furutrakruka-inomhus-och-utomhusvaxt-dekorativ-gron-konstvaxt-konstgjorda-vaxter-for\/","og_locale":"sv_SE","og_type":"article","og_title":"TRUUSK Konstgjord Bambu 180 cm - Furutr\u00e4kruka - Inomhus- och Utomhusv\u00e4xt - Dekorativ Gr\u00f6n Konstv\u00e4xt - Konstgjorda V\u00e4xter f\u00f6r - TRUUSK - Hem, Tr\u00e4dg\u00e5rd &amp; Fritid","og_description":"\u00d6nskar du en l\u00e4ttsk\u00f6tt tropisk konstgjord v\u00e4xt som ser ut som \u00e4kta f\u00f6r ditt hem? D\u00e5 \u00e4r den konstgjorda bambun...","og_url":"https:\/\/truusk.store\/sv\/produkt\/truusk-konstgjord-bambu-180-cm-furutrakruka-inomhus-och-utomhusvaxt-dekorativ-gron-konstvaxt-konstgjorda-vaxter-for\/","og_site_name":"TRUUSK - Hem, Tr\u00e4dg\u00e5rd &amp; Fritid","article_modified_time":"2026-03-12T08:19:04+00:00","og_image":[{"width":2000,"height":2000,"url":"https:\/\/i0.wp.com\/truusk.se\/wp-content\/uploads\/2025\/06\/konstgjord-bambu-180-cm-konstvaxt-i-furutrakruka-inomhusvaxt-konstgjorda-vaxter-for-inomhus-utomhus-dekorationsvaxter-gron-1.webp?fit=2000%2C2000&ssl=1","type":"image\/webp"}],"twitter_card":"summary_large_image","twitter_misc":{"Ber\u00e4knad l\u00e4stid":"1 minut"},"schema":{"@context":"https:\/\/schema.org","@graph":[{"@type":"WebPage","@id":"https:\/\/truusk.store\/sv\/produkt\/truusk-konstgjord-bambu-180-cm-furutrakruka-inomhus-och-utomhusvaxt-dekorativ-gron-konstvaxt-konstgjorda-vaxter-for\/","url":"https:\/\/truusk.store\/sv\/produkt\/truusk-konstgjord-bambu-180-cm-furutrakruka-inomhus-och-utomhusvaxt-dekorativ-gron-konstvaxt-konstgjorda-vaxter-for\/","name":"TRUUSK Konstgjord Bambu 180 cm - Furutr\u00e4kruka - Inomhus- och Utomhusv\u00e4xt - Dekorativ Gr\u00f6n Konstv\u00e4xt - Konstgjorda V\u00e4xter f\u00f6r - TRUUSK - Hem, Tr\u00e4dg\u00e5rd &amp; Fritid","isPartOf":{"@id":"https:\/\/truusk.store\/sv\/#website"},"primaryImageOfPage":{"@id":"https:\/\/truusk.store\/sv\/produkt\/truusk-konstgjord-bambu-180-cm-furutrakruka-inomhus-och-utomhusvaxt-dekorativ-gron-konstvaxt-konstgjorda-vaxter-for\/#primaryimage"},"image":{"@id":"https:\/\/truusk.store\/sv\/produkt\/truusk-konstgjord-bambu-180-cm-furutrakruka-inomhus-och-utomhusvaxt-dekorativ-gron-konstvaxt-konstgjorda-vaxter-for\/#primaryimage"},"thumbnailUrl":"https:\/\/i0.wp.com\/truusk.store\/wp-content\/uploads\/2025\/06\/konstgjord-bambu-180-cm-konstvaxt-i-furutrakruka-inomhusvaxt-konstgjorda-vaxter-for-inomhus-utomhus-dekorationsvaxter-gron-1.webp?fit=2000%2C2000&ssl=1","datePublished":"2025-06-19T19:02:09+00:00","dateModified":"2026-03-12T08:19:04+00:00","breadcrumb":{"@id":"https:\/\/truusk.store\/sv\/produkt\/truusk-konstgjord-bambu-180-cm-furutrakruka-inomhus-och-utomhusvaxt-dekorativ-gron-konstvaxt-konstgjorda-vaxter-for\/#breadcrumb"},"inLanguage":"sv-SE","potentialAction":[{"@type":"ReadAction","target":["https:\/\/truusk.store\/sv\/produkt\/truusk-konstgjord-bambu-180-cm-furutrakruka-inomhus-och-utomhusvaxt-dekorativ-gron-konstvaxt-konstgjorda-vaxter-for\/"]}]},{"@type":"ImageObject","inLanguage":"sv-SE","@id":"https:\/\/truusk.store\/sv\/produkt\/truusk-konstgjord-bambu-180-cm-furutrakruka-inomhus-och-utomhusvaxt-dekorativ-gron-konstvaxt-konstgjorda-vaxter-for\/#primaryimage","url":"https:\/\/i0.wp.com\/truusk.store\/wp-content\/uploads\/2025\/06\/konstgjord-bambu-180-cm-konstvaxt-i-furutrakruka-inomhusvaxt-konstgjorda-vaxter-for-inomhus-utomhus-dekorationsvaxter-gron-1.webp?fit=2000%2C2000&ssl=1","contentUrl":"https:\/\/i0.wp.com\/truusk.store\/wp-content\/uploads\/2025\/06\/konstgjord-bambu-180-cm-konstvaxt-i-furutrakruka-inomhusvaxt-konstgjorda-vaxter-for-inomhus-utomhus-dekorationsvaxter-gron-1.webp?fit=2000%2C2000&ssl=1","width":2000,"height":2000},{"@type":"BreadcrumbList","@id":"https:\/\/truusk.store\/sv\/produkt\/truusk-konstgjord-bambu-180-cm-furutrakruka-inomhus-och-utomhusvaxt-dekorativ-gron-konstvaxt-konstgjorda-vaxter-for\/#breadcrumb","itemListElement":[{"@type":"ListItem","position":1,"name":"Home","item":"https:\/\/truusk.store\/sv\/"},{"@type":"ListItem","position":2,"name":"Shop","item":"https:\/\/truusk.store\/shop\/"},{"@type":"ListItem","position":3,"name":"TRUUSK Konstgjord Bambu 180 cm &#8211; Furutr\u00e4kruka &#8211; Inomhus- och Utomhusv\u00e4xt &#8211; Dekorativ Gr\u00f6n Konstv\u00e4xt &#8211; Konstgjorda V\u00e4xter f\u00f6r"}]},{"@type":"WebSite","@id":"https:\/\/truusk.store\/sv\/#website","url":"https:\/\/truusk.store\/sv\/","name":"TRUUSK - Hem, Tr\u00e4dg\u00e5rd & Fritid","description":"","publisher":{"@id":"https:\/\/truusk.store\/sv\/#organization"},"potentialAction":[{"@type":"SearchAction","target":{"@type":"EntryPoint","urlTemplate":"https:\/\/truusk.store\/sv\/?s={search_term_string}"},"query-input":{"@type":"PropertyValueSpecification","valueRequired":true,"valueName":"search_term_string"}}],"inLanguage":"sv-SE"},{"@type":"Organization","@id":"https:\/\/truusk.store\/sv\/#organization","name":"TRUUSK - Hem, Tr\u00e4dg\u00e5rd & Fritid","url":"https:\/\/truusk.store\/sv\/","logo":{"@type":"ImageObject","inLanguage":"sv-SE","@id":"https:\/\/truusk.store\/sv\/#\/schema\/logo\/image\/","url":"https:\/\/i0.wp.com\/truusk.store\/wp-content\/uploads\/2026\/03\/cropped-TRUUSK.png?fit=2032%2C917&ssl=1","contentUrl":"https:\/\/i0.wp.com\/truusk.store\/wp-content\/uploads\/2026\/03\/cropped-TRUUSK.png?fit=2032%2C917&ssl=1","width":2032,"height":917,"caption":"TRUUSK - Hem, Tr\u00e4dg\u00e5rd & Fritid"},"image":{"@id":"https:\/\/truusk.store\/sv\/#\/schema\/logo\/image\/"}}]}},"jetpack_sharing_enabled":true,"_links":{"self":[{"href":"https:\/\/truusk.store\/sv\/wp-json\/wp\/v2\/product\/80256","targetHints":{"allow":["GET"]}}],"collection":[{"href":"https:\/\/truusk.store\/sv\/wp-json\/wp\/v2\/product"}],"about":[{"href":"https:\/\/truusk.store\/sv\/wp-json\/wp\/v2\/types\/product"}],"wp:featuredmedia":[{"embeddable":true,"href":"https:\/\/truusk.store\/sv\/wp-json\/wp\/v2\/media\/80247"}],"wp:attachment":[{"href":"https:\/\/truusk.store\/sv\/wp-json\/wp\/v2\/media?parent=80256"}],"wp:term":[{"taxonomy":"product_brand","embeddable":true,"href":"https:\/\/truusk.store\/sv\/wp-json\/wp\/v2\/product_brand?post=80256"},{"taxonomy":"product_cat","embeddable":true,"href":"https:\/\/truusk.store\/sv\/wp-json\/wp\/v2\/product_cat?post=80256"},{"taxonomy":"product_tag","embeddable":true,"href":"https:\/\/truusk.store\/sv\/wp-json\/wp\/v2\/product_tag?post=80256"}],"curies":[{"name":"wp","href":"https:\/\/api.w.org\/{rel}","templated":true}]}}