{"id":8026,"date":"2024-02-13T09:07:37","date_gmt":"2024-02-13T08:07:37","guid":{"rendered":"https:\/\/truusk.store\/product\/fagelhus-fagelvilla-matare-fagelhus-med-stativ-och-zinktak-113x40x40-cm\/"},"modified":"2026-03-12T08:55:42","modified_gmt":"2026-03-12T07:55:42","slug":"truusk-fagelhus-med-stativ-och-zinktak-stort-113x40x40-cm-elegant-design-hallbart-material-for-vilda-faglar-svart","status":"publish","type":"product","link":"https:\/\/truusk.store\/sv\/produkt\/truusk-fagelhus-med-stativ-och-zinktak-stort-113x40x40-cm-elegant-design-hallbart-material-for-vilda-faglar-svart\/","title":{"rendered":"TRUUSK F\u00e5gelhus med Stativ och Zinktak &#8211; Stort 113x40x40 cm &#8211; Elegant Design &#8211; H\u00e5llbart Material &#8211; F\u00f6r Vilda F\u00e5glar &#8211; Svart"},"content":{"rendered":"<p>Njut av f\u00e5gels\u00e5ngens behagliga melodi i din tr\u00e4dg\u00e5rd och kom n\u00e4rmare naturen med v\u00e5r robusta f\u00e5gelmatare. Tillverkad av h\u00f6gkvalitativt grantr\u00e4, denna vackra matare \u00e4r vacker att titta p\u00e5. \u00d6ppningen g\u00f6r p\u00e5fyllning mycket enklare. Pl\u00e5ttaket skyddar ocks\u00e5 fr\u00f6na fr\u00e5n v\u00e4der och vind.<\/p>\n<h3>Beskrivning:<\/h3>\n<ul>\n<li>Sexkantigt f\u00e5gelhus med stativ f\u00f6r tr\u00e4dg\u00e5rd, terrass eller balkong<\/li>\n<li>Tillverkad av v\u00e4derbest\u00e4ndigt och h\u00f6gkvalitativt furu<\/li>\n<li>Rej\u00e4l 3-bent stativ<\/li>\n<li>Mycket stabil konstruktion<\/li>\n<li>Pl\u00e5ttak av zinkpl\u00e5t f\u00f6r skydd<\/li>\n<li>Enkel fyllning<\/li>\n<li>Enkel konstruktion<\/li>\n<\/ul>\n<h3>Teknisk data:<\/h3>\n<ul>\n<li>Material: gran<\/li>\n<li>F\u00e4rg gul<\/li>\n<li>Vikt: 2,2 kg<\/li>\n<li>Totalm\u00e5tt: 40 x H113 cm<\/li>\n<li>Stativm\u00e5tt: 40 x H30,5 cm<\/li>\n<\/ul>\n<h3>Leveransens omfattning:<\/h3>\n<ul>\n<li>1 x f\u00e5gelhus;<\/li>\n<\/ul>\n","protected":false},"excerpt":{"rendered":"<p>Njut av f\u00e5gels\u00e5ngens behagliga melodi i din tr\u00e4dg\u00e5rd och kom n\u00e4rmare naturen med v\u00e5r robusta f\u00e5gelmatare. Tillverkad av h\u00f6gkvalitativt grantr\u00e4,&#8230;<\/p>\n","protected":false},"featured_media":8027,"template":"","meta":[],"product_brand":[],"product_cat":[603,601,573],"product_tag":[],"class_list":{"0":"post-8026","1":"product","2":"type-product","3":"status-publish","4":"has-post-thumbnail","6":"product_cat-fagelholkar","7":"product_cat-fageltillbehor","8":"product_cat-husdjursmaterial","10":"first","11":"instock","12":"sale","13":"taxable","14":"shipping-taxable","15":"purchasable","16":"product-type-simple"},"yoast_head":"<!-- This site is optimized with the Yoast SEO plugin v25.4 - https:\/\/yoast.com\/wordpress\/plugins\/seo\/ -->\n<title>TRUUSK F\u00e5gelhus med Stativ och Zinktak - Stort 113x40x40 cm - Elegant Design - H\u00e5llbart Material - F\u00f6r Vilda F\u00e5glar - Svart - TRUUSK - Hem, Tr\u00e4dg\u00e5rd &amp; Fritid<\/title>\n<meta name=\"robots\" content=\"index, follow, max-snippet:-1, max-image-preview:large, max-video-preview:-1\" \/>\n<link rel=\"canonical\" href=\"https:\/\/truusk.store\/sv\/produkt\/truusk-fagelhus-med-stativ-och-zinktak-stort-113x40x40-cm-elegant-design-hallbart-material-for-vilda-faglar-svart\/\" \/>\n<meta property=\"og:locale\" content=\"sv_SE\" \/>\n<meta property=\"og:type\" content=\"article\" \/>\n<meta property=\"og:title\" content=\"TRUUSK F\u00e5gelhus med Stativ och Zinktak - Stort 113x40x40 cm - Elegant Design - H\u00e5llbart Material - F\u00f6r Vilda F\u00e5glar - Svart - TRUUSK - Hem, Tr\u00e4dg\u00e5rd &amp; Fritid\" \/>\n<meta property=\"og:description\" content=\"Njut av f\u00e5gels\u00e5ngens behagliga melodi i din tr\u00e4dg\u00e5rd och kom n\u00e4rmare naturen med v\u00e5r robusta f\u00e5gelmatare. Tillverkad av h\u00f6gkvalitativt grantr\u00e4,...\" \/>\n<meta property=\"og:url\" content=\"https:\/\/truusk.store\/sv\/produkt\/truusk-fagelhus-med-stativ-och-zinktak-stort-113x40x40-cm-elegant-design-hallbart-material-for-vilda-faglar-svart\/\" \/>\n<meta property=\"og:site_name\" content=\"TRUUSK - Hem, Tr\u00e4dg\u00e5rd &amp; Fritid\" \/>\n<meta property=\"article:modified_time\" content=\"2026-03-12T07:55:42+00:00\" \/>\n<meta property=\"og:image\" content=\"https:\/\/i0.wp.com\/truusk.se\/wp-content\/uploads\/2024\/02\/fagelhus-fagelvilla-matare-fagelhus-med-stativ-och-zinktak-113x40x40-cm.webp?fit=800%2C800&ssl=1\" \/>\n\t<meta property=\"og:image:width\" content=\"800\" \/>\n\t<meta property=\"og:image:height\" content=\"800\" \/>\n\t<meta property=\"og:image:type\" content=\"image\/webp\" \/>\n<meta name=\"twitter:card\" content=\"summary_large_image\" \/>\n<meta name=\"twitter:label1\" content=\"Ber\u00e4knad l\u00e4stid\" \/>\n\t<meta name=\"twitter:data1\" content=\"1 minut\" \/>\n<!-- \/ Yoast SEO plugin. -->","yoast_head_json":{"title":"TRUUSK F\u00e5gelhus med Stativ och Zinktak - Stort 113x40x40 cm - Elegant Design - H\u00e5llbart Material - F\u00f6r Vilda F\u00e5glar - Svart - TRUUSK - Hem, Tr\u00e4dg\u00e5rd &amp; Fritid","robots":{"index":"index","follow":"follow","max-snippet":"max-snippet:-1","max-image-preview":"max-image-preview:large","max-video-preview":"max-video-preview:-1"},"canonical":"https:\/\/truusk.store\/sv\/produkt\/truusk-fagelhus-med-stativ-och-zinktak-stort-113x40x40-cm-elegant-design-hallbart-material-for-vilda-faglar-svart\/","og_locale":"sv_SE","og_type":"article","og_title":"TRUUSK F\u00e5gelhus med Stativ och Zinktak - Stort 113x40x40 cm - Elegant Design - H\u00e5llbart Material - F\u00f6r Vilda F\u00e5glar - Svart - TRUUSK - Hem, Tr\u00e4dg\u00e5rd &amp; Fritid","og_description":"Njut av f\u00e5gels\u00e5ngens behagliga melodi i din tr\u00e4dg\u00e5rd och kom n\u00e4rmare naturen med v\u00e5r robusta f\u00e5gelmatare. Tillverkad av h\u00f6gkvalitativt grantr\u00e4,...","og_url":"https:\/\/truusk.store\/sv\/produkt\/truusk-fagelhus-med-stativ-och-zinktak-stort-113x40x40-cm-elegant-design-hallbart-material-for-vilda-faglar-svart\/","og_site_name":"TRUUSK - Hem, Tr\u00e4dg\u00e5rd &amp; Fritid","article_modified_time":"2026-03-12T07:55:42+00:00","og_image":[{"width":800,"height":800,"url":"https:\/\/i0.wp.com\/truusk.se\/wp-content\/uploads\/2024\/02\/fagelhus-fagelvilla-matare-fagelhus-med-stativ-och-zinktak-113x40x40-cm.webp?fit=800%2C800&ssl=1","type":"image\/webp"}],"twitter_card":"summary_large_image","twitter_misc":{"Ber\u00e4knad l\u00e4stid":"1 minut"},"schema":{"@context":"https:\/\/schema.org","@graph":[{"@type":"WebPage","@id":"https:\/\/truusk.store\/sv\/produkt\/truusk-fagelhus-med-stativ-och-zinktak-stort-113x40x40-cm-elegant-design-hallbart-material-for-vilda-faglar-svart\/","url":"https:\/\/truusk.store\/sv\/produkt\/truusk-fagelhus-med-stativ-och-zinktak-stort-113x40x40-cm-elegant-design-hallbart-material-for-vilda-faglar-svart\/","name":"TRUUSK F\u00e5gelhus med Stativ och Zinktak - Stort 113x40x40 cm - Elegant Design - H\u00e5llbart Material - F\u00f6r Vilda F\u00e5glar - Svart - TRUUSK - Hem, Tr\u00e4dg\u00e5rd &amp; Fritid","isPartOf":{"@id":"https:\/\/truusk.store\/sv\/#website"},"primaryImageOfPage":{"@id":"https:\/\/truusk.store\/sv\/produkt\/truusk-fagelhus-med-stativ-och-zinktak-stort-113x40x40-cm-elegant-design-hallbart-material-for-vilda-faglar-svart\/#primaryimage"},"image":{"@id":"https:\/\/truusk.store\/sv\/produkt\/truusk-fagelhus-med-stativ-och-zinktak-stort-113x40x40-cm-elegant-design-hallbart-material-for-vilda-faglar-svart\/#primaryimage"},"thumbnailUrl":"https:\/\/i0.wp.com\/truusk.store\/wp-content\/uploads\/2024\/02\/fagelhus-fagelvilla-matare-fagelhus-med-stativ-och-zinktak-113x40x40-cm.webp?fit=800%2C800&ssl=1","datePublished":"2024-02-13T08:07:37+00:00","dateModified":"2026-03-12T07:55:42+00:00","breadcrumb":{"@id":"https:\/\/truusk.store\/sv\/produkt\/truusk-fagelhus-med-stativ-och-zinktak-stort-113x40x40-cm-elegant-design-hallbart-material-for-vilda-faglar-svart\/#breadcrumb"},"inLanguage":"sv-SE","potentialAction":[{"@type":"ReadAction","target":["https:\/\/truusk.store\/sv\/produkt\/truusk-fagelhus-med-stativ-och-zinktak-stort-113x40x40-cm-elegant-design-hallbart-material-for-vilda-faglar-svart\/"]}]},{"@type":"ImageObject","inLanguage":"sv-SE","@id":"https:\/\/truusk.store\/sv\/produkt\/truusk-fagelhus-med-stativ-och-zinktak-stort-113x40x40-cm-elegant-design-hallbart-material-for-vilda-faglar-svart\/#primaryimage","url":"https:\/\/i0.wp.com\/truusk.store\/wp-content\/uploads\/2024\/02\/fagelhus-fagelvilla-matare-fagelhus-med-stativ-och-zinktak-113x40x40-cm.webp?fit=800%2C800&ssl=1","contentUrl":"https:\/\/i0.wp.com\/truusk.store\/wp-content\/uploads\/2024\/02\/fagelhus-fagelvilla-matare-fagelhus-med-stativ-och-zinktak-113x40x40-cm.webp?fit=800%2C800&ssl=1","width":800,"height":800,"caption":"F\u00e5gelhus F\u00e5gelvilla Matare F\u00e5gelhus Med Stativ Och Zinktak 113x40x40 Cm 1"},{"@type":"BreadcrumbList","@id":"https:\/\/truusk.store\/sv\/produkt\/truusk-fagelhus-med-stativ-och-zinktak-stort-113x40x40-cm-elegant-design-hallbart-material-for-vilda-faglar-svart\/#breadcrumb","itemListElement":[{"@type":"ListItem","position":1,"name":"Home","item":"https:\/\/truusk.store\/sv\/"},{"@type":"ListItem","position":2,"name":"Shop","item":"https:\/\/truusk.store\/shop\/"},{"@type":"ListItem","position":3,"name":"TRUUSK F\u00e5gelhus med Stativ och Zinktak &#8211; Stort 113x40x40 cm &#8211; Elegant Design &#8211; H\u00e5llbart Material &#8211; F\u00f6r Vilda F\u00e5glar &#8211; Svart"}]},{"@type":"WebSite","@id":"https:\/\/truusk.store\/sv\/#website","url":"https:\/\/truusk.store\/sv\/","name":"TRUUSK - Hem, Tr\u00e4dg\u00e5rd & Fritid","description":"","publisher":{"@id":"https:\/\/truusk.store\/sv\/#organization"},"potentialAction":[{"@type":"SearchAction","target":{"@type":"EntryPoint","urlTemplate":"https:\/\/truusk.store\/sv\/?s={search_term_string}"},"query-input":{"@type":"PropertyValueSpecification","valueRequired":true,"valueName":"search_term_string"}}],"inLanguage":"sv-SE"},{"@type":"Organization","@id":"https:\/\/truusk.store\/sv\/#organization","name":"TRUUSK - Hem, Tr\u00e4dg\u00e5rd & Fritid","url":"https:\/\/truusk.store\/sv\/","logo":{"@type":"ImageObject","inLanguage":"sv-SE","@id":"https:\/\/truusk.store\/sv\/#\/schema\/logo\/image\/","url":"https:\/\/i0.wp.com\/truusk.store\/wp-content\/uploads\/2026\/03\/cropped-TRUUSK.png?fit=2032%2C917&ssl=1","contentUrl":"https:\/\/i0.wp.com\/truusk.store\/wp-content\/uploads\/2026\/03\/cropped-TRUUSK.png?fit=2032%2C917&ssl=1","width":2032,"height":917,"caption":"TRUUSK - Hem, Tr\u00e4dg\u00e5rd & Fritid"},"image":{"@id":"https:\/\/truusk.store\/sv\/#\/schema\/logo\/image\/"}}]}},"jetpack_sharing_enabled":true,"_links":{"self":[{"href":"https:\/\/truusk.store\/sv\/wp-json\/wp\/v2\/product\/8026","targetHints":{"allow":["GET"]}}],"collection":[{"href":"https:\/\/truusk.store\/sv\/wp-json\/wp\/v2\/product"}],"about":[{"href":"https:\/\/truusk.store\/sv\/wp-json\/wp\/v2\/types\/product"}],"wp:featuredmedia":[{"embeddable":true,"href":"https:\/\/truusk.store\/sv\/wp-json\/wp\/v2\/media\/8027"}],"wp:attachment":[{"href":"https:\/\/truusk.store\/sv\/wp-json\/wp\/v2\/media?parent=8026"}],"wp:term":[{"taxonomy":"product_brand","embeddable":true,"href":"https:\/\/truusk.store\/sv\/wp-json\/wp\/v2\/product_brand?post=8026"},{"taxonomy":"product_cat","embeddable":true,"href":"https:\/\/truusk.store\/sv\/wp-json\/wp\/v2\/product_cat?post=8026"},{"taxonomy":"product_tag","embeddable":true,"href":"https:\/\/truusk.store\/sv\/wp-json\/wp\/v2\/product_tag?post=8026"}],"curies":[{"name":"wp","href":"https:\/\/api.w.org\/{rel}","templated":true}]}}