{"id":80286,"date":"2025-06-19T20:12:03","date_gmt":"2025-06-19T19:12:03","guid":{"rendered":"https:\/\/truusk.store\/product\/helspegel-150-x-50-cm-vagg-spegel-med-stativ-bagdesign-staende-spegel-med-splitter-skyddsfilm-for-vardagsrum-sovrum-svart\/"},"modified":"2026-03-12T09:44:37","modified_gmt":"2026-03-12T08:44:37","slug":"truusk-helspegel-150x50-cm-med-stativ-bagdesign-splitter-skyddsfilm-svart-for-vardagsrum-och-sovrum","status":"publish","type":"product","link":"https:\/\/truusk.store\/sv\/produkt\/truusk-helspegel-150x50-cm-med-stativ-bagdesign-splitter-skyddsfilm-svart-for-vardagsrum-och-sovrum\/","title":{"rendered":"TRUUSK Helspegel 150&#215;50 cm &#8211; Med Stativ &#8211; B\u00e5gdesign &#8211; Splitter Skyddsfilm &#8211; Svart &#8211; F\u00f6r Vardagsrum och Sovrum"},"content":{"rendered":"<p>Med en h\u00f6jd p\u00e5 150 cm och en bredd p\u00e5 50 cm, erbjuder denna eleganta st\u00e5ende spegel inte bara en fullst\u00e4ndig vy \u00f6ver din outfit, utan s\u00e4tter ocks\u00e5 en gl\u00e4nsande accent i varje rum. Spegelglaset ger en klar, of\u00f6rvr\u00e4ngd reflektion, medan splitterskyddsfilmen garanterar din s\u00e4kerhet under daglig v\u00e5rd. Oavsett om den st\u00e5r, lutas eller monteras p\u00e5 v\u00e4ggen &#8211; denna v\u00e4ggspegel anpassar sig flexibelt till dina behov.<\/p>\n<p>Beskrivning:<\/p>\n<ul>\n<li> Helskroppsspegel, 150 cm x 50 cm, visar hela outfiten<\/li>\n<li> H\u00e5rdglas i HD-kvalitet med splitterskyddsfolie f\u00f6r s\u00e4kerhet<\/li>\n<li> M\u00e5ngsidiga placeringsalternativ: frist\u00e5ende, lutande eller f\u00f6r v\u00e4ggmontering<\/li>\n<li> Raml\u00f6s design av hallens spegel med b\u00e5gad topp f\u00f6rb\u00e4ttrar rumsestetiken<\/li>\n<li> Ingen montering kr\u00e4vs<\/li>\n<\/ul>\n<p> Tekniska data:<\/p>\n<ul>\n<li> F\u00e4rg: Svart<\/li>\n<li> Material: Glas, MDF<\/li>\n<li> Totala dimensioner: 50B x 3,6T x 150H cm (inf\u00e4lld h\u00e5llare), 50B x 37T x 148H cm (utf\u00e4lld h\u00e5llare)<\/li>\n<li> Spegelyta: 49,5B x 149H cm<\/li>\n<li> Max h\u00e5llar\u00f6ppningsvinkel: 20\u00b0<\/li>\n<\/ul>\n<p>Leveransinneh\u00e5ll:<\/p>\n<ul>\n<li> 1 x Helskroppsspegel<\/li>\n<li> 1 x Bruksanvisning<\/li>\n<\/ul>\n","protected":false},"excerpt":{"rendered":"<p>Med en h\u00f6jd p\u00e5 150 cm och en bredd p\u00e5 50 cm, erbjuder denna eleganta st\u00e5ende spegel inte bara en&#8230;<\/p>\n","protected":false},"featured_media":80277,"template":"","meta":[],"product_brand":[],"product_cat":[893,871,966],"product_tag":[],"class_list":{"0":"post-80286","1":"product","2":"type-product","3":"status-publish","4":"has-post-thumbnail","6":"product_cat-garderob-hall","7":"product_cat-hus-hem","8":"product_cat-staende-speglar","10":"first","11":"instock","12":"sale","13":"taxable","14":"shipping-taxable","15":"purchasable","16":"product-type-simple"},"yoast_head":"<!-- This site is optimized with the Yoast SEO plugin v25.4 - https:\/\/yoast.com\/wordpress\/plugins\/seo\/ -->\n<title>TRUUSK Helspegel 150x50 cm - Med Stativ - B\u00e5gdesign - Splitter Skyddsfilm - Svart - F\u00f6r Vardagsrum och Sovrum - TRUUSK - Hem, Tr\u00e4dg\u00e5rd &amp; Fritid<\/title>\n<meta name=\"robots\" content=\"index, follow, max-snippet:-1, max-image-preview:large, max-video-preview:-1\" \/>\n<link rel=\"canonical\" href=\"https:\/\/truusk.store\/sv\/produkt\/truusk-helspegel-150x50-cm-med-stativ-bagdesign-splitter-skyddsfilm-svart-for-vardagsrum-och-sovrum\/\" \/>\n<meta property=\"og:locale\" content=\"sv_SE\" \/>\n<meta property=\"og:type\" content=\"article\" \/>\n<meta property=\"og:title\" content=\"TRUUSK Helspegel 150x50 cm - Med Stativ - B\u00e5gdesign - Splitter Skyddsfilm - Svart - F\u00f6r Vardagsrum och Sovrum - TRUUSK - Hem, Tr\u00e4dg\u00e5rd &amp; Fritid\" \/>\n<meta property=\"og:description\" content=\"Med en h\u00f6jd p\u00e5 150 cm och en bredd p\u00e5 50 cm, erbjuder denna eleganta st\u00e5ende spegel inte bara en...\" \/>\n<meta property=\"og:url\" content=\"https:\/\/truusk.store\/sv\/produkt\/truusk-helspegel-150x50-cm-med-stativ-bagdesign-splitter-skyddsfilm-svart-for-vardagsrum-och-sovrum\/\" \/>\n<meta property=\"og:site_name\" content=\"TRUUSK - Hem, Tr\u00e4dg\u00e5rd &amp; Fritid\" \/>\n<meta property=\"article:modified_time\" content=\"2026-03-12T08:44:37+00:00\" \/>\n<meta property=\"og:image\" content=\"https:\/\/i0.wp.com\/truusk.se\/wp-content\/uploads\/2025\/06\/helspegel-150-x-50-cm-vagg-spegel-med-stativ-bagdesign-staende-spegel-med-splitter-skyddsfilm-for-vardagsrum-sovrum-svart-1.webp?fit=2000%2C2000&ssl=1\" \/>\n\t<meta property=\"og:image:width\" content=\"2000\" \/>\n\t<meta property=\"og:image:height\" content=\"2000\" \/>\n\t<meta property=\"og:image:type\" content=\"image\/webp\" \/>\n<meta name=\"twitter:card\" content=\"summary_large_image\" \/>\n<meta name=\"twitter:label1\" content=\"Ber\u00e4knad l\u00e4stid\" \/>\n\t<meta name=\"twitter:data1\" content=\"1 minut\" \/>\n<!-- \/ Yoast SEO plugin. -->","yoast_head_json":{"title":"TRUUSK Helspegel 150x50 cm - Med Stativ - B\u00e5gdesign - Splitter Skyddsfilm - Svart - F\u00f6r Vardagsrum och Sovrum - TRUUSK - Hem, Tr\u00e4dg\u00e5rd &amp; Fritid","robots":{"index":"index","follow":"follow","max-snippet":"max-snippet:-1","max-image-preview":"max-image-preview:large","max-video-preview":"max-video-preview:-1"},"canonical":"https:\/\/truusk.store\/sv\/produkt\/truusk-helspegel-150x50-cm-med-stativ-bagdesign-splitter-skyddsfilm-svart-for-vardagsrum-och-sovrum\/","og_locale":"sv_SE","og_type":"article","og_title":"TRUUSK Helspegel 150x50 cm - Med Stativ - B\u00e5gdesign - Splitter Skyddsfilm - Svart - F\u00f6r Vardagsrum och Sovrum - TRUUSK - Hem, Tr\u00e4dg\u00e5rd &amp; Fritid","og_description":"Med en h\u00f6jd p\u00e5 150 cm och en bredd p\u00e5 50 cm, erbjuder denna eleganta st\u00e5ende spegel inte bara en...","og_url":"https:\/\/truusk.store\/sv\/produkt\/truusk-helspegel-150x50-cm-med-stativ-bagdesign-splitter-skyddsfilm-svart-for-vardagsrum-och-sovrum\/","og_site_name":"TRUUSK - Hem, Tr\u00e4dg\u00e5rd &amp; Fritid","article_modified_time":"2026-03-12T08:44:37+00:00","og_image":[{"width":2000,"height":2000,"url":"https:\/\/i0.wp.com\/truusk.se\/wp-content\/uploads\/2025\/06\/helspegel-150-x-50-cm-vagg-spegel-med-stativ-bagdesign-staende-spegel-med-splitter-skyddsfilm-for-vardagsrum-sovrum-svart-1.webp?fit=2000%2C2000&ssl=1","type":"image\/webp"}],"twitter_card":"summary_large_image","twitter_misc":{"Ber\u00e4knad l\u00e4stid":"1 minut"},"schema":{"@context":"https:\/\/schema.org","@graph":[{"@type":"WebPage","@id":"https:\/\/truusk.store\/sv\/produkt\/truusk-helspegel-150x50-cm-med-stativ-bagdesign-splitter-skyddsfilm-svart-for-vardagsrum-och-sovrum\/","url":"https:\/\/truusk.store\/sv\/produkt\/truusk-helspegel-150x50-cm-med-stativ-bagdesign-splitter-skyddsfilm-svart-for-vardagsrum-och-sovrum\/","name":"TRUUSK Helspegel 150x50 cm - Med Stativ - B\u00e5gdesign - Splitter Skyddsfilm - Svart - F\u00f6r Vardagsrum och Sovrum - TRUUSK - Hem, Tr\u00e4dg\u00e5rd &amp; Fritid","isPartOf":{"@id":"https:\/\/truusk.store\/sv\/#website"},"primaryImageOfPage":{"@id":"https:\/\/truusk.store\/sv\/produkt\/truusk-helspegel-150x50-cm-med-stativ-bagdesign-splitter-skyddsfilm-svart-for-vardagsrum-och-sovrum\/#primaryimage"},"image":{"@id":"https:\/\/truusk.store\/sv\/produkt\/truusk-helspegel-150x50-cm-med-stativ-bagdesign-splitter-skyddsfilm-svart-for-vardagsrum-och-sovrum\/#primaryimage"},"thumbnailUrl":"https:\/\/i0.wp.com\/truusk.store\/wp-content\/uploads\/2025\/06\/helspegel-150-x-50-cm-vagg-spegel-med-stativ-bagdesign-staende-spegel-med-splitter-skyddsfilm-for-vardagsrum-sovrum-svart-1.webp?fit=2000%2C2000&ssl=1","datePublished":"2025-06-19T19:12:03+00:00","dateModified":"2026-03-12T08:44:37+00:00","breadcrumb":{"@id":"https:\/\/truusk.store\/sv\/produkt\/truusk-helspegel-150x50-cm-med-stativ-bagdesign-splitter-skyddsfilm-svart-for-vardagsrum-och-sovrum\/#breadcrumb"},"inLanguage":"sv-SE","potentialAction":[{"@type":"ReadAction","target":["https:\/\/truusk.store\/sv\/produkt\/truusk-helspegel-150x50-cm-med-stativ-bagdesign-splitter-skyddsfilm-svart-for-vardagsrum-och-sovrum\/"]}]},{"@type":"ImageObject","inLanguage":"sv-SE","@id":"https:\/\/truusk.store\/sv\/produkt\/truusk-helspegel-150x50-cm-med-stativ-bagdesign-splitter-skyddsfilm-svart-for-vardagsrum-och-sovrum\/#primaryimage","url":"https:\/\/i0.wp.com\/truusk.store\/wp-content\/uploads\/2025\/06\/helspegel-150-x-50-cm-vagg-spegel-med-stativ-bagdesign-staende-spegel-med-splitter-skyddsfilm-for-vardagsrum-sovrum-svart-1.webp?fit=2000%2C2000&ssl=1","contentUrl":"https:\/\/i0.wp.com\/truusk.store\/wp-content\/uploads\/2025\/06\/helspegel-150-x-50-cm-vagg-spegel-med-stativ-bagdesign-staende-spegel-med-splitter-skyddsfilm-for-vardagsrum-sovrum-svart-1.webp?fit=2000%2C2000&ssl=1","width":2000,"height":2000},{"@type":"BreadcrumbList","@id":"https:\/\/truusk.store\/sv\/produkt\/truusk-helspegel-150x50-cm-med-stativ-bagdesign-splitter-skyddsfilm-svart-for-vardagsrum-och-sovrum\/#breadcrumb","itemListElement":[{"@type":"ListItem","position":1,"name":"Home","item":"https:\/\/truusk.store\/sv\/"},{"@type":"ListItem","position":2,"name":"Shop","item":"https:\/\/truusk.store\/shop\/"},{"@type":"ListItem","position":3,"name":"TRUUSK Helspegel 150&#215;50 cm &#8211; Med Stativ &#8211; B\u00e5gdesign &#8211; Splitter Skyddsfilm &#8211; Svart &#8211; F\u00f6r Vardagsrum och Sovrum"}]},{"@type":"WebSite","@id":"https:\/\/truusk.store\/sv\/#website","url":"https:\/\/truusk.store\/sv\/","name":"TRUUSK - Hem, Tr\u00e4dg\u00e5rd & Fritid","description":"","publisher":{"@id":"https:\/\/truusk.store\/sv\/#organization"},"potentialAction":[{"@type":"SearchAction","target":{"@type":"EntryPoint","urlTemplate":"https:\/\/truusk.store\/sv\/?s={search_term_string}"},"query-input":{"@type":"PropertyValueSpecification","valueRequired":true,"valueName":"search_term_string"}}],"inLanguage":"sv-SE"},{"@type":"Organization","@id":"https:\/\/truusk.store\/sv\/#organization","name":"TRUUSK - Hem, Tr\u00e4dg\u00e5rd & Fritid","url":"https:\/\/truusk.store\/sv\/","logo":{"@type":"ImageObject","inLanguage":"sv-SE","@id":"https:\/\/truusk.store\/sv\/#\/schema\/logo\/image\/","url":"https:\/\/i0.wp.com\/truusk.store\/wp-content\/uploads\/2026\/03\/cropped-TRUUSK.png?fit=2032%2C917&ssl=1","contentUrl":"https:\/\/i0.wp.com\/truusk.store\/wp-content\/uploads\/2026\/03\/cropped-TRUUSK.png?fit=2032%2C917&ssl=1","width":2032,"height":917,"caption":"TRUUSK - Hem, Tr\u00e4dg\u00e5rd & Fritid"},"image":{"@id":"https:\/\/truusk.store\/sv\/#\/schema\/logo\/image\/"}}]}},"jetpack_sharing_enabled":true,"_links":{"self":[{"href":"https:\/\/truusk.store\/sv\/wp-json\/wp\/v2\/product\/80286","targetHints":{"allow":["GET"]}}],"collection":[{"href":"https:\/\/truusk.store\/sv\/wp-json\/wp\/v2\/product"}],"about":[{"href":"https:\/\/truusk.store\/sv\/wp-json\/wp\/v2\/types\/product"}],"wp:featuredmedia":[{"embeddable":true,"href":"https:\/\/truusk.store\/sv\/wp-json\/wp\/v2\/media\/80277"}],"wp:attachment":[{"href":"https:\/\/truusk.store\/sv\/wp-json\/wp\/v2\/media?parent=80286"}],"wp:term":[{"taxonomy":"product_brand","embeddable":true,"href":"https:\/\/truusk.store\/sv\/wp-json\/wp\/v2\/product_brand?post=80286"},{"taxonomy":"product_cat","embeddable":true,"href":"https:\/\/truusk.store\/sv\/wp-json\/wp\/v2\/product_cat?post=80286"},{"taxonomy":"product_tag","embeddable":true,"href":"https:\/\/truusk.store\/sv\/wp-json\/wp\/v2\/product_tag?post=80286"}],"curies":[{"name":"wp","href":"https:\/\/api.w.org\/{rel}","templated":true}]}}