{"id":80336,"date":"2025-06-20T12:40:25","date_gmt":"2025-06-20T11:40:25","guid":{"rendered":"https:\/\/truusk.store\/product\/golvlampa-e27-sockel-40-w-golvlampa-med-3-fack-tyg-lampskarm-for-vardagsrum-sovrum-i-vitt\/"},"modified":"2026-03-12T09:08:21","modified_gmt":"2026-03-12T08:08:21","slug":"truusk-golvlampa-med-e27-sockel-40-w-3-fack-tyg-lampskarm-for-vardagsrum-sovrum-vitt","status":"publish","type":"product","link":"https:\/\/truusk.store\/sv\/produkt\/truusk-golvlampa-med-e27-sockel-40-w-3-fack-tyg-lampskarm-for-vardagsrum-sovrum-vitt\/","title":{"rendered":"TRUUSK Golvlampa med E27-sockel &#8211; 40 W &#8211; 3 Fack &amp; Tyg Lampsk\u00e4rm &#8211; F\u00f6r Vardagsrum Sovrum &#8211; Vitt"},"content":{"rendered":"<p>God belysning \u00e4r avg\u00f6rande f\u00f6r att s\u00e4tta ditt hem i r\u00e4tt ljus. TRUUSK golvlampan kombinerar stilfull design med praktisk funktionalitet. Denna eleganta takstr\u00e5lkastare av golvlampan erbjuder inte bara utm\u00e4rkt belysning utan ocks\u00e5 inbyggda hyllor som skapar v\u00e4rdefullt lagringsutrymme och skapar ordning. Idealisk f\u00f6r att ge varje rum en fr\u00e4sch, sp\u00e4nnande accent.<\/p>\n<p>Beskrivning:<\/p>\n<ul>\n<li> Modern design genom pelarform, tygsk\u00e4rm och metallram, ger ditt vardagsrum en stilfull not<\/li>\n<li> Tre inbyggda hyllor p\u00e5 golvlampan erbjuder plats f\u00f6r fj\u00e4rrkontroller, v\u00e4xter, aromadiffusorer och mer<\/li>\n<li> Skapar en st\u00e4mningsfull belysning f\u00f6r dekorativa \u00e4ndam\u00e5l<\/li>\n<li> Enkel anv\u00e4ndning tack vare dragkedjan<\/li>\n<li> L\u00e5ng str\u00f6mkabel \u00f6kar flexibiliteten vid placering av lampan<\/li>\n<li> Stabil bas av golvlampan med hylla f\u00f6rhindrar att den v\u00e4lter p\u00e5 grund av husdjur eller barn<\/li>\n<li> Kompatibel med olika ljusk\u00e4llor som LED, halogen eller gl\u00f6dlampor (ljusk\u00e4lla ing\u00e5r inte)<\/li>\n<li> Enkel montering kr\u00e4vs<\/li>\n<\/ul>\n<p>Tekniska data:<\/p>\n<ul>\n<li> F\u00e4rger: Vit+Brun<\/li>\n<li> Material: MDF, Metall, Terylen<\/li>\n<li> Totala m\u00e5tt: 26L x 26B x 159H cm<\/li>\n<li> M\u00e5tt p\u00e5 lampsk\u00e4rm: 26L x 26B x 36H cm<\/li>\n<li> M\u00e5tt p\u00e5 hylla: 26L x 26B x 39H cm<\/li>\n<li> Kabell\u00e4ngd: 1,8 m<\/li>\n<li> Max. rekommenderad belastning: 2,5 kg (hylla)<\/li>\n<li> Ljusk\u00e4lla-sockel: E27 (gl\u00f6dlampa ing\u00e5r inte)<\/li>\n<li> Max. ljusk\u00e4lla effekt: 40 W<\/li>\n<li> Sp\u00e4nning: 220-240 V\/50 Hz<\/li>\n<\/ul>\n<p>Leveransinneh\u00e5ll:<\/p>\n<ul>\n<li> 1 x Golvlampa<\/li>\n<li> 1 x Handbok<\/li>\n<\/ul>\n","protected":false},"excerpt":{"rendered":"<p>God belysning \u00e4r avg\u00f6rande f\u00f6r att s\u00e4tta ditt hem i r\u00e4tt ljus. TRUUSK golvlampan kombinerar stilfull design med praktisk funktionalitet&#8230;.<\/p>\n","protected":false},"featured_media":80327,"template":"","meta":[],"product_brand":[],"product_cat":[486,907,871],"product_tag":[],"class_list":{"0":"post-80336","1":"product","2":"type-product","3":"status-publish","4":"has-post-thumbnail","6":"product_cat-belysning","7":"product_cat-golvlampor","8":"product_cat-hus-hem","10":"first","11":"instock","12":"sale","13":"taxable","14":"shipping-taxable","15":"purchasable","16":"product-type-simple"},"yoast_head":"<!-- This site is optimized with the Yoast SEO plugin v25.4 - https:\/\/yoast.com\/wordpress\/plugins\/seo\/ -->\n<title>TRUUSK Golvlampa med E27-sockel - 40 W - 3 Fack &amp; Tyg Lampsk\u00e4rm - F\u00f6r Vardagsrum Sovrum - Vitt - TRUUSK - Hem, Tr\u00e4dg\u00e5rd &amp; Fritid<\/title>\n<meta name=\"robots\" content=\"index, follow, max-snippet:-1, max-image-preview:large, max-video-preview:-1\" \/>\n<link rel=\"canonical\" href=\"https:\/\/truusk.store\/sv\/produkt\/truusk-golvlampa-med-e27-sockel-40-w-3-fack-tyg-lampskarm-for-vardagsrum-sovrum-vitt\/\" \/>\n<meta property=\"og:locale\" content=\"sv_SE\" \/>\n<meta property=\"og:type\" content=\"article\" \/>\n<meta property=\"og:title\" content=\"TRUUSK Golvlampa med E27-sockel - 40 W - 3 Fack &amp; Tyg Lampsk\u00e4rm - F\u00f6r Vardagsrum Sovrum - Vitt - TRUUSK - Hem, Tr\u00e4dg\u00e5rd &amp; Fritid\" \/>\n<meta property=\"og:description\" content=\"God belysning \u00e4r avg\u00f6rande f\u00f6r att s\u00e4tta ditt hem i r\u00e4tt ljus. TRUUSK golvlampan kombinerar stilfull design med praktisk funktionalitet....\" \/>\n<meta property=\"og:url\" content=\"https:\/\/truusk.store\/sv\/produkt\/truusk-golvlampa-med-e27-sockel-40-w-3-fack-tyg-lampskarm-for-vardagsrum-sovrum-vitt\/\" \/>\n<meta property=\"og:site_name\" content=\"TRUUSK - Hem, Tr\u00e4dg\u00e5rd &amp; Fritid\" \/>\n<meta property=\"article:modified_time\" content=\"2026-03-12T08:08:21+00:00\" \/>\n<meta property=\"og:image\" content=\"https:\/\/i0.wp.com\/truusk.se\/wp-content\/uploads\/2025\/06\/golvlampa-e27-sockel-40-w-golvlampa-med-3-fack-tyg-lampskarm-for-vardagsrum-sovrum-i-vitt-1.webp?fit=2000%2C2000&ssl=1\" \/>\n\t<meta property=\"og:image:width\" content=\"2000\" \/>\n\t<meta property=\"og:image:height\" content=\"2000\" \/>\n\t<meta property=\"og:image:type\" content=\"image\/webp\" \/>\n<meta name=\"twitter:card\" content=\"summary_large_image\" \/>\n<meta name=\"twitter:label1\" content=\"Ber\u00e4knad l\u00e4stid\" \/>\n\t<meta name=\"twitter:data1\" content=\"1 minut\" \/>\n<!-- \/ Yoast SEO plugin. -->","yoast_head_json":{"title":"TRUUSK Golvlampa med E27-sockel - 40 W - 3 Fack &amp; Tyg Lampsk\u00e4rm - F\u00f6r Vardagsrum Sovrum - Vitt - TRUUSK - Hem, Tr\u00e4dg\u00e5rd &amp; Fritid","robots":{"index":"index","follow":"follow","max-snippet":"max-snippet:-1","max-image-preview":"max-image-preview:large","max-video-preview":"max-video-preview:-1"},"canonical":"https:\/\/truusk.store\/sv\/produkt\/truusk-golvlampa-med-e27-sockel-40-w-3-fack-tyg-lampskarm-for-vardagsrum-sovrum-vitt\/","og_locale":"sv_SE","og_type":"article","og_title":"TRUUSK Golvlampa med E27-sockel - 40 W - 3 Fack &amp; Tyg Lampsk\u00e4rm - F\u00f6r Vardagsrum Sovrum - Vitt - TRUUSK - Hem, Tr\u00e4dg\u00e5rd &amp; Fritid","og_description":"God belysning \u00e4r avg\u00f6rande f\u00f6r att s\u00e4tta ditt hem i r\u00e4tt ljus. TRUUSK golvlampan kombinerar stilfull design med praktisk funktionalitet....","og_url":"https:\/\/truusk.store\/sv\/produkt\/truusk-golvlampa-med-e27-sockel-40-w-3-fack-tyg-lampskarm-for-vardagsrum-sovrum-vitt\/","og_site_name":"TRUUSK - Hem, Tr\u00e4dg\u00e5rd &amp; Fritid","article_modified_time":"2026-03-12T08:08:21+00:00","og_image":[{"width":2000,"height":2000,"url":"https:\/\/i0.wp.com\/truusk.se\/wp-content\/uploads\/2025\/06\/golvlampa-e27-sockel-40-w-golvlampa-med-3-fack-tyg-lampskarm-for-vardagsrum-sovrum-i-vitt-1.webp?fit=2000%2C2000&ssl=1","type":"image\/webp"}],"twitter_card":"summary_large_image","twitter_misc":{"Ber\u00e4knad l\u00e4stid":"1 minut"},"schema":{"@context":"https:\/\/schema.org","@graph":[{"@type":"WebPage","@id":"https:\/\/truusk.store\/sv\/produkt\/truusk-golvlampa-med-e27-sockel-40-w-3-fack-tyg-lampskarm-for-vardagsrum-sovrum-vitt\/","url":"https:\/\/truusk.store\/sv\/produkt\/truusk-golvlampa-med-e27-sockel-40-w-3-fack-tyg-lampskarm-for-vardagsrum-sovrum-vitt\/","name":"TRUUSK Golvlampa med E27-sockel - 40 W - 3 Fack &amp; Tyg Lampsk\u00e4rm - F\u00f6r Vardagsrum Sovrum - Vitt - TRUUSK - Hem, Tr\u00e4dg\u00e5rd &amp; Fritid","isPartOf":{"@id":"https:\/\/truusk.store\/sv\/#website"},"primaryImageOfPage":{"@id":"https:\/\/truusk.store\/sv\/produkt\/truusk-golvlampa-med-e27-sockel-40-w-3-fack-tyg-lampskarm-for-vardagsrum-sovrum-vitt\/#primaryimage"},"image":{"@id":"https:\/\/truusk.store\/sv\/produkt\/truusk-golvlampa-med-e27-sockel-40-w-3-fack-tyg-lampskarm-for-vardagsrum-sovrum-vitt\/#primaryimage"},"thumbnailUrl":"https:\/\/i0.wp.com\/truusk.store\/wp-content\/uploads\/2025\/06\/golvlampa-e27-sockel-40-w-golvlampa-med-3-fack-tyg-lampskarm-for-vardagsrum-sovrum-i-vitt-1.webp?fit=2000%2C2000&ssl=1","datePublished":"2025-06-20T11:40:25+00:00","dateModified":"2026-03-12T08:08:21+00:00","breadcrumb":{"@id":"https:\/\/truusk.store\/sv\/produkt\/truusk-golvlampa-med-e27-sockel-40-w-3-fack-tyg-lampskarm-for-vardagsrum-sovrum-vitt\/#breadcrumb"},"inLanguage":"sv-SE","potentialAction":[{"@type":"ReadAction","target":["https:\/\/truusk.store\/sv\/produkt\/truusk-golvlampa-med-e27-sockel-40-w-3-fack-tyg-lampskarm-for-vardagsrum-sovrum-vitt\/"]}]},{"@type":"ImageObject","inLanguage":"sv-SE","@id":"https:\/\/truusk.store\/sv\/produkt\/truusk-golvlampa-med-e27-sockel-40-w-3-fack-tyg-lampskarm-for-vardagsrum-sovrum-vitt\/#primaryimage","url":"https:\/\/i0.wp.com\/truusk.store\/wp-content\/uploads\/2025\/06\/golvlampa-e27-sockel-40-w-golvlampa-med-3-fack-tyg-lampskarm-for-vardagsrum-sovrum-i-vitt-1.webp?fit=2000%2C2000&ssl=1","contentUrl":"https:\/\/i0.wp.com\/truusk.store\/wp-content\/uploads\/2025\/06\/golvlampa-e27-sockel-40-w-golvlampa-med-3-fack-tyg-lampskarm-for-vardagsrum-sovrum-i-vitt-1.webp?fit=2000%2C2000&ssl=1","width":2000,"height":2000},{"@type":"BreadcrumbList","@id":"https:\/\/truusk.store\/sv\/produkt\/truusk-golvlampa-med-e27-sockel-40-w-3-fack-tyg-lampskarm-for-vardagsrum-sovrum-vitt\/#breadcrumb","itemListElement":[{"@type":"ListItem","position":1,"name":"Home","item":"https:\/\/truusk.store\/sv\/"},{"@type":"ListItem","position":2,"name":"Shop","item":"https:\/\/truusk.store\/shop\/"},{"@type":"ListItem","position":3,"name":"TRUUSK Golvlampa med E27-sockel &#8211; 40 W &#8211; 3 Fack &amp; Tyg Lampsk\u00e4rm &#8211; F\u00f6r Vardagsrum Sovrum &#8211; Vitt"}]},{"@type":"WebSite","@id":"https:\/\/truusk.store\/sv\/#website","url":"https:\/\/truusk.store\/sv\/","name":"TRUUSK - Hem, Tr\u00e4dg\u00e5rd & Fritid","description":"","publisher":{"@id":"https:\/\/truusk.store\/sv\/#organization"},"potentialAction":[{"@type":"SearchAction","target":{"@type":"EntryPoint","urlTemplate":"https:\/\/truusk.store\/sv\/?s={search_term_string}"},"query-input":{"@type":"PropertyValueSpecification","valueRequired":true,"valueName":"search_term_string"}}],"inLanguage":"sv-SE"},{"@type":"Organization","@id":"https:\/\/truusk.store\/sv\/#organization","name":"TRUUSK - Hem, Tr\u00e4dg\u00e5rd & Fritid","url":"https:\/\/truusk.store\/sv\/","logo":{"@type":"ImageObject","inLanguage":"sv-SE","@id":"https:\/\/truusk.store\/sv\/#\/schema\/logo\/image\/","url":"https:\/\/i0.wp.com\/truusk.store\/wp-content\/uploads\/2026\/03\/cropped-TRUUSK.png?fit=2032%2C917&ssl=1","contentUrl":"https:\/\/i0.wp.com\/truusk.store\/wp-content\/uploads\/2026\/03\/cropped-TRUUSK.png?fit=2032%2C917&ssl=1","width":2032,"height":917,"caption":"TRUUSK - Hem, Tr\u00e4dg\u00e5rd & Fritid"},"image":{"@id":"https:\/\/truusk.store\/sv\/#\/schema\/logo\/image\/"}}]}},"jetpack_sharing_enabled":true,"_links":{"self":[{"href":"https:\/\/truusk.store\/sv\/wp-json\/wp\/v2\/product\/80336","targetHints":{"allow":["GET"]}}],"collection":[{"href":"https:\/\/truusk.store\/sv\/wp-json\/wp\/v2\/product"}],"about":[{"href":"https:\/\/truusk.store\/sv\/wp-json\/wp\/v2\/types\/product"}],"wp:featuredmedia":[{"embeddable":true,"href":"https:\/\/truusk.store\/sv\/wp-json\/wp\/v2\/media\/80327"}],"wp:attachment":[{"href":"https:\/\/truusk.store\/sv\/wp-json\/wp\/v2\/media?parent=80336"}],"wp:term":[{"taxonomy":"product_brand","embeddable":true,"href":"https:\/\/truusk.store\/sv\/wp-json\/wp\/v2\/product_brand?post=80336"},{"taxonomy":"product_cat","embeddable":true,"href":"https:\/\/truusk.store\/sv\/wp-json\/wp\/v2\/product_cat?post=80336"},{"taxonomy":"product_tag","embeddable":true,"href":"https:\/\/truusk.store\/sv\/wp-json\/wp\/v2\/product_tag?post=80336"}],"curies":[{"name":"wp","href":"https:\/\/api.w.org\/{rel}","templated":true}]}}