{"id":80366,"date":"2025-06-20T12:45:53","date_gmt":"2025-06-20T11:45:53","guid":{"rendered":"https:\/\/truusk.store\/product\/elektrisk-fyrhjuling-for-barn-barns-fyrhjuling-med-framat-bakatfunktion-usb-anslutning-mp3-musikspelare-barnfordon-med-2-motorer\/"},"modified":"2026-03-12T09:15:25","modified_gmt":"2026-03-12T08:15:25","slug":"truusk-elektrisk-fyrhjuling-for-barn-framat-och-bakatfunktion-usb-anslutning-mp3-musikspelare-2-motorer-barnfordon","status":"publish","type":"product","link":"https:\/\/truusk.store\/sv\/produkt\/truusk-elektrisk-fyrhjuling-for-barn-framat-och-bakatfunktion-usb-anslutning-mp3-musikspelare-2-motorer-barnfordon\/","title":{"rendered":"TRUUSK Elektrisk Fyrhjuling F\u00f6r Barn &#8211; Fram\u00e5t- och Bak\u00e5tfunktion &#8211; USB-anslutning &#8211; MP3-musikspelare &#8211; 2 Motorer &#8211; Barnfordon"},"content":{"rendered":"<p>Uppt\u00e4ck det ultimata k\u00f6rn\u00f6jet f\u00f6r dina sm\u00e5 med TRUUSK Elektriska Barnquad! Utrustad med ett ergonomiskt s\u00e4te, str\u00e5lande LED-str\u00e5lkastare och en m\u00e4ngd sp\u00e4nnande funktioner, erbjuder detta fordon inte bara komfort, utan ocks\u00e5 massor av kul. Hastigheten kan anpassas individuellt, s\u00e5 att ditt barn kommer att k\u00e4nna sig som en riktig racerf\u00f6rare. Ett \u00e4ventyr p\u00e5 hjul som f\u00e5r barnens hj\u00e4rtan att sl\u00e5 snabbare!<\/p>\n<p>Beskrivning:<\/p>\n<ul>\n<li> Utrustad med LED-str\u00e5lkastare och en multifunktionell MP3-spelare som har ett USB-gr\u00e4nssnitt, radiofunktion samt anslutningar f\u00f6r TF-kort och MP3<\/li>\n<li> Enkel start av barnquaden med ett knapptryck med en \u00f6versk\u00e5dlig display f\u00f6r att visa batterikapaciteten<\/li>\n<li> N\u00e5r en topphastighet p\u00e5 6 km\/h, idealisk f\u00f6r unga \u00e4ventyrare<\/li>\n<li> Fyra plasthjul med st\u00f6td\u00e4mpare, optimerade f\u00f6r terr\u00e4nganv\u00e4ndning och utm\u00e4rkt grepp<\/li>\n<li> Bekv\u00e4mt s\u00e4te p\u00e5 den elektriska quaden med ergonomisk ryggst\u00f6d f\u00f6r l\u00e5nga resor<\/li>\n<li> H\u00f6gkvalitativ konstruktion och utf\u00f6rande garanterar en l\u00e5ng livsl\u00e4ngd<\/li>\n<li> S\u00e4kerhetsvarning: Inte l\u00e4mplig f\u00f6r barn under 3 \u00e5r<\/li>\n<li> Anv\u00e4ndning endast under \u00f6vervakning av vuxna och inte p\u00e5 allm\u00e4nna v\u00e4gar<\/li>\n<\/ul>\n<p>Tekniska data:<\/p>\n<ul>\n<li> F\u00e4rger: R\u00f6d+Svart<\/li>\n<li> Material: Plast, Metall<\/li>\n<li> Totala dimensioner: 83L x 53B x 55,5H cm<\/li>\n<li> Sitsdimensioner: 36L x 14B x 39H cm (\u00f6ver marken)<\/li>\n<li> Hjuldiameter: 25 cm<\/li>\n<li> Laddningstid: (F\u00f6rsta laddning)12 timmar, (regelbunden laddning)8-12 timmar<\/li>\n<li> Anv\u00e4ndningstid: 45 minuter (beroende p\u00e5 anv\u00e4ndningsintensitet)<\/li>\n<li> Batteri: 12V, 4,5Ah<\/li>\n<li> Hastighet: 3-6 km\/h<\/li>\n<li> Rekommenderad \u00e5lder: 3-5 \u00e5r<\/li>\n<li> Certifierad \u00e5lder: 3-8 \u00e5r<\/li>\n<li> B\u00e4rkapacitet: 25 kg<\/li>\n<\/ul>\n<p>Leveransinneh\u00e5ll:<\/p>\n<ul>\n<li> 1 x Elektrisk Quad f\u00f6r barn<\/li>\n<li> 1 x Monteringsanvisningar<\/li>\n<\/ul>\n","protected":false},"excerpt":{"rendered":"<p>Uppt\u00e4ck det ultimata k\u00f6rn\u00f6jet f\u00f6r dina sm\u00e5 med TRUUSK Elektriska Barnquad! Utrustad med ett ergonomiskt s\u00e4te, str\u00e5lande LED-str\u00e5lkastare och en&#8230;<\/p>\n","protected":false},"featured_media":80353,"template":"","meta":[],"product_brand":[],"product_cat":[880,610,925],"product_tag":[],"class_list":{"0":"post-80366","1":"product","2":"type-product","3":"status-publish","4":"has-post-thumbnail","6":"product_cat-baby-barn-2","7":"product_cat-barnfordon","8":"product_cat-barns-elektriska-fordon","10":"first","11":"instock","12":"sale","13":"taxable","14":"shipping-taxable","15":"purchasable","16":"product-type-simple"},"yoast_head":"<!-- This site is optimized with the Yoast SEO plugin v25.4 - https:\/\/yoast.com\/wordpress\/plugins\/seo\/ -->\n<title>TRUUSK Elektrisk Fyrhjuling F\u00f6r Barn - Fram\u00e5t- och Bak\u00e5tfunktion - USB-anslutning - MP3-musikspelare - 2 Motorer - Barnfordon - TRUUSK - Hem, Tr\u00e4dg\u00e5rd &amp; Fritid<\/title>\n<meta name=\"robots\" content=\"index, follow, max-snippet:-1, max-image-preview:large, max-video-preview:-1\" \/>\n<link rel=\"canonical\" href=\"https:\/\/truusk.store\/sv\/produkt\/truusk-elektrisk-fyrhjuling-for-barn-framat-och-bakatfunktion-usb-anslutning-mp3-musikspelare-2-motorer-barnfordon\/\" \/>\n<meta property=\"og:locale\" content=\"sv_SE\" \/>\n<meta property=\"og:type\" content=\"article\" \/>\n<meta property=\"og:title\" content=\"TRUUSK Elektrisk Fyrhjuling F\u00f6r Barn - Fram\u00e5t- och Bak\u00e5tfunktion - USB-anslutning - MP3-musikspelare - 2 Motorer - Barnfordon - TRUUSK - Hem, Tr\u00e4dg\u00e5rd &amp; Fritid\" \/>\n<meta property=\"og:description\" content=\"Uppt\u00e4ck det ultimata k\u00f6rn\u00f6jet f\u00f6r dina sm\u00e5 med TRUUSK Elektriska Barnquad! Utrustad med ett ergonomiskt s\u00e4te, str\u00e5lande LED-str\u00e5lkastare och en...\" \/>\n<meta property=\"og:url\" content=\"https:\/\/truusk.store\/sv\/produkt\/truusk-elektrisk-fyrhjuling-for-barn-framat-och-bakatfunktion-usb-anslutning-mp3-musikspelare-2-motorer-barnfordon\/\" \/>\n<meta property=\"og:site_name\" content=\"TRUUSK - Hem, Tr\u00e4dg\u00e5rd &amp; Fritid\" \/>\n<meta property=\"article:modified_time\" content=\"2026-03-12T08:15:25+00:00\" \/>\n<meta property=\"og:image\" content=\"https:\/\/i0.wp.com\/truusk.se\/wp-content\/uploads\/2025\/06\/elektrisk-fyrhjuling-for-barn-barns-fyrhjuling-med-framat-bakatfunktion-usb-anslutning-mp3-musikspelare-barnfordon-med-2-motorer-1.webp?fit=2000%2C2000&ssl=1\" \/>\n\t<meta property=\"og:image:width\" content=\"2000\" \/>\n\t<meta property=\"og:image:height\" content=\"2000\" \/>\n\t<meta property=\"og:image:type\" content=\"image\/webp\" \/>\n<meta name=\"twitter:card\" content=\"summary_large_image\" \/>\n<meta name=\"twitter:label1\" content=\"Ber\u00e4knad l\u00e4stid\" \/>\n\t<meta name=\"twitter:data1\" content=\"1 minut\" \/>\n<!-- \/ Yoast SEO plugin. -->","yoast_head_json":{"title":"TRUUSK Elektrisk Fyrhjuling F\u00f6r Barn - Fram\u00e5t- och Bak\u00e5tfunktion - USB-anslutning - MP3-musikspelare - 2 Motorer - Barnfordon - TRUUSK - Hem, Tr\u00e4dg\u00e5rd &amp; Fritid","robots":{"index":"index","follow":"follow","max-snippet":"max-snippet:-1","max-image-preview":"max-image-preview:large","max-video-preview":"max-video-preview:-1"},"canonical":"https:\/\/truusk.store\/sv\/produkt\/truusk-elektrisk-fyrhjuling-for-barn-framat-och-bakatfunktion-usb-anslutning-mp3-musikspelare-2-motorer-barnfordon\/","og_locale":"sv_SE","og_type":"article","og_title":"TRUUSK Elektrisk Fyrhjuling F\u00f6r Barn - Fram\u00e5t- och Bak\u00e5tfunktion - USB-anslutning - MP3-musikspelare - 2 Motorer - Barnfordon - TRUUSK - Hem, Tr\u00e4dg\u00e5rd &amp; Fritid","og_description":"Uppt\u00e4ck det ultimata k\u00f6rn\u00f6jet f\u00f6r dina sm\u00e5 med TRUUSK Elektriska Barnquad! Utrustad med ett ergonomiskt s\u00e4te, str\u00e5lande LED-str\u00e5lkastare och en...","og_url":"https:\/\/truusk.store\/sv\/produkt\/truusk-elektrisk-fyrhjuling-for-barn-framat-och-bakatfunktion-usb-anslutning-mp3-musikspelare-2-motorer-barnfordon\/","og_site_name":"TRUUSK - Hem, Tr\u00e4dg\u00e5rd &amp; Fritid","article_modified_time":"2026-03-12T08:15:25+00:00","og_image":[{"width":2000,"height":2000,"url":"https:\/\/i0.wp.com\/truusk.se\/wp-content\/uploads\/2025\/06\/elektrisk-fyrhjuling-for-barn-barns-fyrhjuling-med-framat-bakatfunktion-usb-anslutning-mp3-musikspelare-barnfordon-med-2-motorer-1.webp?fit=2000%2C2000&ssl=1","type":"image\/webp"}],"twitter_card":"summary_large_image","twitter_misc":{"Ber\u00e4knad l\u00e4stid":"1 minut"},"schema":{"@context":"https:\/\/schema.org","@graph":[{"@type":"WebPage","@id":"https:\/\/truusk.store\/sv\/produkt\/truusk-elektrisk-fyrhjuling-for-barn-framat-och-bakatfunktion-usb-anslutning-mp3-musikspelare-2-motorer-barnfordon\/","url":"https:\/\/truusk.store\/sv\/produkt\/truusk-elektrisk-fyrhjuling-for-barn-framat-och-bakatfunktion-usb-anslutning-mp3-musikspelare-2-motorer-barnfordon\/","name":"TRUUSK Elektrisk Fyrhjuling F\u00f6r Barn - Fram\u00e5t- och Bak\u00e5tfunktion - USB-anslutning - MP3-musikspelare - 2 Motorer - Barnfordon - TRUUSK - Hem, Tr\u00e4dg\u00e5rd &amp; Fritid","isPartOf":{"@id":"https:\/\/truusk.store\/sv\/#website"},"primaryImageOfPage":{"@id":"https:\/\/truusk.store\/sv\/produkt\/truusk-elektrisk-fyrhjuling-for-barn-framat-och-bakatfunktion-usb-anslutning-mp3-musikspelare-2-motorer-barnfordon\/#primaryimage"},"image":{"@id":"https:\/\/truusk.store\/sv\/produkt\/truusk-elektrisk-fyrhjuling-for-barn-framat-och-bakatfunktion-usb-anslutning-mp3-musikspelare-2-motorer-barnfordon\/#primaryimage"},"thumbnailUrl":"https:\/\/i0.wp.com\/truusk.store\/wp-content\/uploads\/2025\/06\/elektrisk-fyrhjuling-for-barn-barns-fyrhjuling-med-framat-bakatfunktion-usb-anslutning-mp3-musikspelare-barnfordon-med-2-motorer-1.webp?fit=2000%2C2000&ssl=1","datePublished":"2025-06-20T11:45:53+00:00","dateModified":"2026-03-12T08:15:25+00:00","breadcrumb":{"@id":"https:\/\/truusk.store\/sv\/produkt\/truusk-elektrisk-fyrhjuling-for-barn-framat-och-bakatfunktion-usb-anslutning-mp3-musikspelare-2-motorer-barnfordon\/#breadcrumb"},"inLanguage":"sv-SE","potentialAction":[{"@type":"ReadAction","target":["https:\/\/truusk.store\/sv\/produkt\/truusk-elektrisk-fyrhjuling-for-barn-framat-och-bakatfunktion-usb-anslutning-mp3-musikspelare-2-motorer-barnfordon\/"]}]},{"@type":"ImageObject","inLanguage":"sv-SE","@id":"https:\/\/truusk.store\/sv\/produkt\/truusk-elektrisk-fyrhjuling-for-barn-framat-och-bakatfunktion-usb-anslutning-mp3-musikspelare-2-motorer-barnfordon\/#primaryimage","url":"https:\/\/i0.wp.com\/truusk.store\/wp-content\/uploads\/2025\/06\/elektrisk-fyrhjuling-for-barn-barns-fyrhjuling-med-framat-bakatfunktion-usb-anslutning-mp3-musikspelare-barnfordon-med-2-motorer-1.webp?fit=2000%2C2000&ssl=1","contentUrl":"https:\/\/i0.wp.com\/truusk.store\/wp-content\/uploads\/2025\/06\/elektrisk-fyrhjuling-for-barn-barns-fyrhjuling-med-framat-bakatfunktion-usb-anslutning-mp3-musikspelare-barnfordon-med-2-motorer-1.webp?fit=2000%2C2000&ssl=1","width":2000,"height":2000},{"@type":"BreadcrumbList","@id":"https:\/\/truusk.store\/sv\/produkt\/truusk-elektrisk-fyrhjuling-for-barn-framat-och-bakatfunktion-usb-anslutning-mp3-musikspelare-2-motorer-barnfordon\/#breadcrumb","itemListElement":[{"@type":"ListItem","position":1,"name":"Home","item":"https:\/\/truusk.store\/sv\/"},{"@type":"ListItem","position":2,"name":"Shop","item":"https:\/\/truusk.store\/shop\/"},{"@type":"ListItem","position":3,"name":"TRUUSK Elektrisk Fyrhjuling F\u00f6r Barn &#8211; Fram\u00e5t- och Bak\u00e5tfunktion &#8211; USB-anslutning &#8211; MP3-musikspelare &#8211; 2 Motorer &#8211; Barnfordon"}]},{"@type":"WebSite","@id":"https:\/\/truusk.store\/sv\/#website","url":"https:\/\/truusk.store\/sv\/","name":"TRUUSK - Hem, Tr\u00e4dg\u00e5rd & Fritid","description":"","publisher":{"@id":"https:\/\/truusk.store\/sv\/#organization"},"potentialAction":[{"@type":"SearchAction","target":{"@type":"EntryPoint","urlTemplate":"https:\/\/truusk.store\/sv\/?s={search_term_string}"},"query-input":{"@type":"PropertyValueSpecification","valueRequired":true,"valueName":"search_term_string"}}],"inLanguage":"sv-SE"},{"@type":"Organization","@id":"https:\/\/truusk.store\/sv\/#organization","name":"TRUUSK - Hem, Tr\u00e4dg\u00e5rd & Fritid","url":"https:\/\/truusk.store\/sv\/","logo":{"@type":"ImageObject","inLanguage":"sv-SE","@id":"https:\/\/truusk.store\/sv\/#\/schema\/logo\/image\/","url":"https:\/\/i0.wp.com\/truusk.store\/wp-content\/uploads\/2026\/03\/cropped-TRUUSK.png?fit=2032%2C917&ssl=1","contentUrl":"https:\/\/i0.wp.com\/truusk.store\/wp-content\/uploads\/2026\/03\/cropped-TRUUSK.png?fit=2032%2C917&ssl=1","width":2032,"height":917,"caption":"TRUUSK - Hem, Tr\u00e4dg\u00e5rd & Fritid"},"image":{"@id":"https:\/\/truusk.store\/sv\/#\/schema\/logo\/image\/"}}]}},"jetpack_sharing_enabled":true,"_links":{"self":[{"href":"https:\/\/truusk.store\/sv\/wp-json\/wp\/v2\/product\/80366","targetHints":{"allow":["GET"]}}],"collection":[{"href":"https:\/\/truusk.store\/sv\/wp-json\/wp\/v2\/product"}],"about":[{"href":"https:\/\/truusk.store\/sv\/wp-json\/wp\/v2\/types\/product"}],"wp:featuredmedia":[{"embeddable":true,"href":"https:\/\/truusk.store\/sv\/wp-json\/wp\/v2\/media\/80353"}],"wp:attachment":[{"href":"https:\/\/truusk.store\/sv\/wp-json\/wp\/v2\/media?parent=80366"}],"wp:term":[{"taxonomy":"product_brand","embeddable":true,"href":"https:\/\/truusk.store\/sv\/wp-json\/wp\/v2\/product_brand?post=80366"},{"taxonomy":"product_cat","embeddable":true,"href":"https:\/\/truusk.store\/sv\/wp-json\/wp\/v2\/product_cat?post=80366"},{"taxonomy":"product_tag","embeddable":true,"href":"https:\/\/truusk.store\/sv\/wp-json\/wp\/v2\/product_tag?post=80366"}],"curies":[{"name":"wp","href":"https:\/\/api.w.org\/{rel}","templated":true}]}}