{"id":80396,"date":"2025-06-20T12:50:54","date_gmt":"2025-06-20T11:50:54","guid":{"rendered":"https:\/\/truusk.store\/product\/barns-elektriska-motorcykel-6v-barnmotorcykel-med-tuta-startmusik-barnfordon-3km-h-for-3-6-ar-gron\/"},"modified":"2026-03-12T09:32:23","modified_gmt":"2026-03-12T08:32:23","slug":"truusk-elektrisk-barnmotorcykel-6v-med-tuta-och-startmusik-for-barn-3-6-ar-gron","status":"publish","type":"product","link":"https:\/\/truusk.store\/sv\/produkt\/truusk-elektrisk-barnmotorcykel-6v-med-tuta-och-startmusik-for-barn-3-6-ar-gron\/","title":{"rendered":"TRUUSK Elektrisk Barnmotorcykel &#8211; 6V Med Tuta och Startmusik &#8211; F\u00f6r Barn 3-6 \u00c5r &#8211; Gr\u00f6n"},"content":{"rendered":"<p>O\u00e4ndlig chopper-kul med TRUUSK elektriska barnmotorcykel! Oavsett om det \u00e4r mjuk glidning p\u00e5 asfalt, snabb k\u00f6rning p\u00e5 kullersten eller korsning av betongv\u00e4gar &#8211; denna elektriska motorcykel lovar sp\u00e4nnande \u00e4ventyr under kvalitetsst\u00e4mpeln fr\u00e5n Honda. Med autentiska startljud och horn k\u00e4nner varje barn sig som en riktig biker. S\u00e4ker, h\u00f6gkvalitativ k\u00f6rning som skapar of\u00f6rgl\u00f6mliga minnen.<\/p>\n<p>Beskrivning:<\/p>\n<ul>\n<li> Officiellt licensierad Honda CRF450RL elektrisk barnmotorcykel f\u00f6r autentisk k\u00f6rning<\/li>\n<li> Med horn och startljud som g\u00f6r k\u00f6rupplevelsen realistisk<\/li>\n<li> Garanterar en mjuk \u00e5ktur p\u00e5 asfalt, betongplattor och cement<\/li>\n<li> Breda, strukturerade d\u00e4ck p\u00e5 barnets elektriska motorcykel s\u00e4kerst\u00e4ller en stabil och lugn \u00e5ktur<\/li>\n<li> Erbjuder upp till en timmes k\u00f6rning vid en hastighet av 3 km\/h<\/li>\n<li> Montering kr\u00e4vs<\/li>\n<\/ul>\n<p>Tekniska data:<\/p>\n<ul>\n<li> F\u00e4rg: Gr\u00f6n+Vit+Svart<\/li>\n<li> Material: Plast, Metall<\/li>\n<li> M\u00e5tt: 71L x 40,5B x 43,5H cm.<\/li>\n<li> S\u00e4te: (Fr\u00e5n golvet) 11,5B x 26T x 31H cm<\/li>\n<li> Laddningstid: (F\u00f6rsta g\u00e5ngen)6-8 timmar, (Regelbundet)8-12 timmar<\/li>\n<li> Batteri: 6V 4AH<\/li>\n<li> Drifttid: 1 timme<\/li>\n<li> Hastighet: 3 km\/h<\/li>\n<li> Hjul: \u03a621,5 cm<\/li>\n<li> B\u00e4rkapacitet: 25 kg<\/li>\n<li> Kvalifikation\/rekommenderad \u00e5lder: 18-36 m\u00e5nader<\/li>\n<li> Notera: \u00d6vervaka alltid dina barn n\u00e4r de k\u00f6r.<\/li>\n<\/ul>\n<p>Leveransinneh\u00e5ll:<\/p>\n<ul>\n<li> 1 x Elektrisk sitt-p\u00e5-motorcykel<\/li>\n<li> 1 x Bruksanvisning<\/li>\n<\/ul>\n","protected":false},"excerpt":{"rendered":"<p>O\u00e4ndlig chopper-kul med TRUUSK elektriska barnmotorcykel! Oavsett om det \u00e4r mjuk glidning p\u00e5 asfalt, snabb k\u00f6rning p\u00e5 kullersten eller korsning&#8230;<\/p>\n","protected":false},"featured_media":80387,"template":"","meta":[],"product_brand":[],"product_cat":[880,610,925],"product_tag":[],"class_list":{"0":"post-80396","1":"product","2":"type-product","3":"status-publish","4":"has-post-thumbnail","6":"product_cat-baby-barn-2","7":"product_cat-barnfordon","8":"product_cat-barns-elektriska-fordon","10":"first","11":"instock","12":"sale","13":"taxable","14":"shipping-taxable","15":"purchasable","16":"product-type-simple"},"yoast_head":"<!-- This site is optimized with the Yoast SEO plugin v25.4 - https:\/\/yoast.com\/wordpress\/plugins\/seo\/ -->\n<title>TRUUSK Elektrisk Barnmotorcykel - 6V Med Tuta och Startmusik - F\u00f6r Barn 3-6 \u00c5r - Gr\u00f6n - TRUUSK - Hem, Tr\u00e4dg\u00e5rd &amp; Fritid<\/title>\n<meta name=\"robots\" content=\"index, follow, max-snippet:-1, max-image-preview:large, max-video-preview:-1\" \/>\n<link rel=\"canonical\" href=\"https:\/\/truusk.store\/sv\/produkt\/truusk-elektrisk-barnmotorcykel-6v-med-tuta-och-startmusik-for-barn-3-6-ar-gron\/\" \/>\n<meta property=\"og:locale\" content=\"sv_SE\" \/>\n<meta property=\"og:type\" content=\"article\" \/>\n<meta property=\"og:title\" content=\"TRUUSK Elektrisk Barnmotorcykel - 6V Med Tuta och Startmusik - F\u00f6r Barn 3-6 \u00c5r - Gr\u00f6n - TRUUSK - Hem, Tr\u00e4dg\u00e5rd &amp; Fritid\" \/>\n<meta property=\"og:description\" content=\"O\u00e4ndlig chopper-kul med TRUUSK elektriska barnmotorcykel! Oavsett om det \u00e4r mjuk glidning p\u00e5 asfalt, snabb k\u00f6rning p\u00e5 kullersten eller korsning...\" \/>\n<meta property=\"og:url\" content=\"https:\/\/truusk.store\/sv\/produkt\/truusk-elektrisk-barnmotorcykel-6v-med-tuta-och-startmusik-for-barn-3-6-ar-gron\/\" \/>\n<meta property=\"og:site_name\" content=\"TRUUSK - Hem, Tr\u00e4dg\u00e5rd &amp; Fritid\" \/>\n<meta property=\"article:modified_time\" content=\"2026-03-12T08:32:23+00:00\" \/>\n<meta property=\"og:image\" content=\"https:\/\/i0.wp.com\/truusk.se\/wp-content\/uploads\/2025\/06\/barns-elektriska-motorcykel-6v-barnmotorcykel-med-tuta-startmusik-barnfordon-3km-h-for-3-6-ar-gron-1.webp?fit=2000%2C2000&ssl=1\" \/>\n\t<meta property=\"og:image:width\" content=\"2000\" \/>\n\t<meta property=\"og:image:height\" content=\"2000\" \/>\n\t<meta property=\"og:image:type\" content=\"image\/webp\" \/>\n<meta name=\"twitter:card\" content=\"summary_large_image\" \/>\n<meta name=\"twitter:label1\" content=\"Ber\u00e4knad l\u00e4stid\" \/>\n\t<meta name=\"twitter:data1\" content=\"1 minut\" \/>\n<!-- \/ Yoast SEO plugin. -->","yoast_head_json":{"title":"TRUUSK Elektrisk Barnmotorcykel - 6V Med Tuta och Startmusik - F\u00f6r Barn 3-6 \u00c5r - Gr\u00f6n - TRUUSK - Hem, Tr\u00e4dg\u00e5rd &amp; Fritid","robots":{"index":"index","follow":"follow","max-snippet":"max-snippet:-1","max-image-preview":"max-image-preview:large","max-video-preview":"max-video-preview:-1"},"canonical":"https:\/\/truusk.store\/sv\/produkt\/truusk-elektrisk-barnmotorcykel-6v-med-tuta-och-startmusik-for-barn-3-6-ar-gron\/","og_locale":"sv_SE","og_type":"article","og_title":"TRUUSK Elektrisk Barnmotorcykel - 6V Med Tuta och Startmusik - F\u00f6r Barn 3-6 \u00c5r - Gr\u00f6n - TRUUSK - Hem, Tr\u00e4dg\u00e5rd &amp; Fritid","og_description":"O\u00e4ndlig chopper-kul med TRUUSK elektriska barnmotorcykel! Oavsett om det \u00e4r mjuk glidning p\u00e5 asfalt, snabb k\u00f6rning p\u00e5 kullersten eller korsning...","og_url":"https:\/\/truusk.store\/sv\/produkt\/truusk-elektrisk-barnmotorcykel-6v-med-tuta-och-startmusik-for-barn-3-6-ar-gron\/","og_site_name":"TRUUSK - Hem, Tr\u00e4dg\u00e5rd &amp; Fritid","article_modified_time":"2026-03-12T08:32:23+00:00","og_image":[{"width":2000,"height":2000,"url":"https:\/\/i0.wp.com\/truusk.se\/wp-content\/uploads\/2025\/06\/barns-elektriska-motorcykel-6v-barnmotorcykel-med-tuta-startmusik-barnfordon-3km-h-for-3-6-ar-gron-1.webp?fit=2000%2C2000&ssl=1","type":"image\/webp"}],"twitter_card":"summary_large_image","twitter_misc":{"Ber\u00e4knad l\u00e4stid":"1 minut"},"schema":{"@context":"https:\/\/schema.org","@graph":[{"@type":"WebPage","@id":"https:\/\/truusk.store\/sv\/produkt\/truusk-elektrisk-barnmotorcykel-6v-med-tuta-och-startmusik-for-barn-3-6-ar-gron\/","url":"https:\/\/truusk.store\/sv\/produkt\/truusk-elektrisk-barnmotorcykel-6v-med-tuta-och-startmusik-for-barn-3-6-ar-gron\/","name":"TRUUSK Elektrisk Barnmotorcykel - 6V Med Tuta och Startmusik - F\u00f6r Barn 3-6 \u00c5r - Gr\u00f6n - TRUUSK - Hem, Tr\u00e4dg\u00e5rd &amp; Fritid","isPartOf":{"@id":"https:\/\/truusk.store\/sv\/#website"},"primaryImageOfPage":{"@id":"https:\/\/truusk.store\/sv\/produkt\/truusk-elektrisk-barnmotorcykel-6v-med-tuta-och-startmusik-for-barn-3-6-ar-gron\/#primaryimage"},"image":{"@id":"https:\/\/truusk.store\/sv\/produkt\/truusk-elektrisk-barnmotorcykel-6v-med-tuta-och-startmusik-for-barn-3-6-ar-gron\/#primaryimage"},"thumbnailUrl":"https:\/\/i0.wp.com\/truusk.store\/wp-content\/uploads\/2025\/06\/barns-elektriska-motorcykel-6v-barnmotorcykel-med-tuta-startmusik-barnfordon-3km-h-for-3-6-ar-gron-1.webp?fit=2000%2C2000&ssl=1","datePublished":"2025-06-20T11:50:54+00:00","dateModified":"2026-03-12T08:32:23+00:00","breadcrumb":{"@id":"https:\/\/truusk.store\/sv\/produkt\/truusk-elektrisk-barnmotorcykel-6v-med-tuta-och-startmusik-for-barn-3-6-ar-gron\/#breadcrumb"},"inLanguage":"sv-SE","potentialAction":[{"@type":"ReadAction","target":["https:\/\/truusk.store\/sv\/produkt\/truusk-elektrisk-barnmotorcykel-6v-med-tuta-och-startmusik-for-barn-3-6-ar-gron\/"]}]},{"@type":"ImageObject","inLanguage":"sv-SE","@id":"https:\/\/truusk.store\/sv\/produkt\/truusk-elektrisk-barnmotorcykel-6v-med-tuta-och-startmusik-for-barn-3-6-ar-gron\/#primaryimage","url":"https:\/\/i0.wp.com\/truusk.store\/wp-content\/uploads\/2025\/06\/barns-elektriska-motorcykel-6v-barnmotorcykel-med-tuta-startmusik-barnfordon-3km-h-for-3-6-ar-gron-1.webp?fit=2000%2C2000&ssl=1","contentUrl":"https:\/\/i0.wp.com\/truusk.store\/wp-content\/uploads\/2025\/06\/barns-elektriska-motorcykel-6v-barnmotorcykel-med-tuta-startmusik-barnfordon-3km-h-for-3-6-ar-gron-1.webp?fit=2000%2C2000&ssl=1","width":2000,"height":2000},{"@type":"BreadcrumbList","@id":"https:\/\/truusk.store\/sv\/produkt\/truusk-elektrisk-barnmotorcykel-6v-med-tuta-och-startmusik-for-barn-3-6-ar-gron\/#breadcrumb","itemListElement":[{"@type":"ListItem","position":1,"name":"Home","item":"https:\/\/truusk.store\/sv\/"},{"@type":"ListItem","position":2,"name":"Shop","item":"https:\/\/truusk.store\/shop\/"},{"@type":"ListItem","position":3,"name":"TRUUSK Elektrisk Barnmotorcykel &#8211; 6V Med Tuta och Startmusik &#8211; F\u00f6r Barn 3-6 \u00c5r &#8211; Gr\u00f6n"}]},{"@type":"WebSite","@id":"https:\/\/truusk.store\/sv\/#website","url":"https:\/\/truusk.store\/sv\/","name":"TRUUSK - Hem, Tr\u00e4dg\u00e5rd & Fritid","description":"","publisher":{"@id":"https:\/\/truusk.store\/sv\/#organization"},"potentialAction":[{"@type":"SearchAction","target":{"@type":"EntryPoint","urlTemplate":"https:\/\/truusk.store\/sv\/?s={search_term_string}"},"query-input":{"@type":"PropertyValueSpecification","valueRequired":true,"valueName":"search_term_string"}}],"inLanguage":"sv-SE"},{"@type":"Organization","@id":"https:\/\/truusk.store\/sv\/#organization","name":"TRUUSK - Hem, Tr\u00e4dg\u00e5rd & Fritid","url":"https:\/\/truusk.store\/sv\/","logo":{"@type":"ImageObject","inLanguage":"sv-SE","@id":"https:\/\/truusk.store\/sv\/#\/schema\/logo\/image\/","url":"https:\/\/i0.wp.com\/truusk.store\/wp-content\/uploads\/2026\/03\/cropped-TRUUSK.png?fit=2032%2C917&ssl=1","contentUrl":"https:\/\/i0.wp.com\/truusk.store\/wp-content\/uploads\/2026\/03\/cropped-TRUUSK.png?fit=2032%2C917&ssl=1","width":2032,"height":917,"caption":"TRUUSK - Hem, Tr\u00e4dg\u00e5rd & Fritid"},"image":{"@id":"https:\/\/truusk.store\/sv\/#\/schema\/logo\/image\/"}}]}},"jetpack_sharing_enabled":true,"_links":{"self":[{"href":"https:\/\/truusk.store\/sv\/wp-json\/wp\/v2\/product\/80396","targetHints":{"allow":["GET"]}}],"collection":[{"href":"https:\/\/truusk.store\/sv\/wp-json\/wp\/v2\/product"}],"about":[{"href":"https:\/\/truusk.store\/sv\/wp-json\/wp\/v2\/types\/product"}],"wp:featuredmedia":[{"embeddable":true,"href":"https:\/\/truusk.store\/sv\/wp-json\/wp\/v2\/media\/80387"}],"wp:attachment":[{"href":"https:\/\/truusk.store\/sv\/wp-json\/wp\/v2\/media?parent=80396"}],"wp:term":[{"taxonomy":"product_brand","embeddable":true,"href":"https:\/\/truusk.store\/sv\/wp-json\/wp\/v2\/product_brand?post=80396"},{"taxonomy":"product_cat","embeddable":true,"href":"https:\/\/truusk.store\/sv\/wp-json\/wp\/v2\/product_cat?post=80396"},{"taxonomy":"product_tag","embeddable":true,"href":"https:\/\/truusk.store\/sv\/wp-json\/wp\/v2\/product_tag?post=80396"}],"curies":[{"name":"wp","href":"https:\/\/api.w.org\/{rel}","templated":true}]}}