{"id":80486,"date":"2025-06-20T13:04:55","date_gmt":"2025-06-20T12:04:55","guid":{"rendered":"https:\/\/truusk.store\/product\/valphage-60-cm-hog-6-delad-hundgard-diy-valphage-med-dorr-frigaende-hage-for-sma-hundar-stal-svart\/"},"modified":"2026-03-12T08:41:16","modified_gmt":"2026-03-12T07:41:16","slug":"truusk-60-cm-hogt-6-delat-hundgard-diy-med-dorr-frigaende-hage-for-sma-hundar-stal-svart","status":"publish","type":"product","link":"https:\/\/truusk.store\/sv\/produkt\/truusk-60-cm-hogt-6-delat-hundgard-diy-med-dorr-frigaende-hage-for-sma-hundar-stal-svart\/","title":{"rendered":"TRUUSK 60 cm H\u00f6gt, 6-delat Hundg\u00e5rd DIY &#8211; Med D\u00f6rr &#8211; Frig\u00e5ende Hage f\u00f6r Sm\u00e5 Hundar &#8211; St\u00e5l &#8211; Svart"},"content":{"rendered":"<p>Uppt\u00e4ck den m\u00e5ngsidiga TRUUSK hundg\u00e5rden f\u00f6r tunga laster, perfekt f\u00f6r din fyrbenta v\u00e4n! Med sex justerbara paneler kan lekplatsen omvandlas till former som rektangel eller L, passande f\u00f6r dina utrymmen och djurets behov. S\u00e4ker och rymlig med en praktisk d\u00f6rr, den \u00e4r l\u00e4mplig b\u00e5de f\u00f6r inomhus och utomhus. Den kan ocks\u00e5 l\u00e4tt f\u00e4llas ihop och f\u00f6rvaras. Perfekt f\u00f6r valpar och sm\u00e5 hundar!<\/p>\n<p>Beskrivning:<\/p>\n<ul>\n<li> Sex paneler kan konfigureras till en rektangel eller en L-formad struktur<\/li>\n<li> Avgr\u00e4nsat omr\u00e5de s\u00e4krar husdjur, med d\u00f6rr f\u00f6r enkel tillg\u00e5ng<\/li>\n<li> Kan f\u00e4llas platt f\u00f6r enkel, kompakt f\u00f6rvaring<\/li>\n<li> Tillverkad av robust st\u00e5l, garanterar h\u00e5llbarhet<\/li>\n<li> Sex markankare \u00f6kar stabiliteten utomhus<\/li>\n<li> Montering kr\u00e4vs, m\u00f6jligg\u00f6r ett individuellt anpassat djurutrymme<\/li>\n<\/ul>\n<p> Tekniska data:<\/p>\n<ul>\n<li> F\u00e4rg: Svart<\/li>\n<li> Material: St\u00e5l<\/li>\n<li> Rektangel: 160L x 80B x 60H cm<\/li>\n<li> Enskild panel: 80B x 1,5T x 60H cm<\/li>\n<li> D\u00f6rr: 38B x 40,5H cm<\/li>\n<li> Markspik: 70L cm<\/li>\n<li> Hopf\u00e4llbar storlek: 82L x 60B x 9,5H cm<\/li>\n<li> St\u00e5ngavst\u00e5nd: 5B x 18,5H cm<\/li>\n<\/ul>\n<p>Leveransinneh\u00e5ll:<\/p>\n<ul>\n<li> 5 x paneler<\/li>\n<li> 1 x panel med d\u00f6rr<\/li>\n<li> 6 x markankare<\/li>\n<li> 1 x handbok<\/li>\n<\/ul>\n","protected":false},"excerpt":{"rendered":"<p>Uppt\u00e4ck den m\u00e5ngsidiga TRUUSK hundg\u00e5rden f\u00f6r tunga laster, perfekt f\u00f6r din fyrbenta v\u00e4n! Med sex justerbara paneler kan lekplatsen omvandlas&#8230;<\/p>\n","protected":false},"featured_media":80477,"template":"","meta":[],"product_brand":[],"product_cat":[947,948,574],"product_tag":[],"class_list":{"0":"post-80486","1":"product","2":"type-product","3":"status-publish","4":"has-post-thumbnail","6":"product_cat-djurtillbehor","7":"product_cat-hundgaller-skiljevaggar","8":"product_cat-hundtillbehor","10":"first","11":"instock","12":"sale","13":"taxable","14":"shipping-taxable","15":"purchasable","16":"product-type-simple"},"yoast_head":"<!-- This site is optimized with the Yoast SEO plugin v25.4 - https:\/\/yoast.com\/wordpress\/plugins\/seo\/ -->\n<title>TRUUSK 60 cm H\u00f6gt, 6-delat Hundg\u00e5rd DIY - Med D\u00f6rr - Frig\u00e5ende Hage f\u00f6r Sm\u00e5 Hundar - St\u00e5l - Svart - TRUUSK - Hem, Tr\u00e4dg\u00e5rd &amp; Fritid<\/title>\n<meta name=\"robots\" content=\"index, follow, max-snippet:-1, max-image-preview:large, max-video-preview:-1\" \/>\n<link rel=\"canonical\" href=\"https:\/\/truusk.store\/sv\/produkt\/truusk-60-cm-hogt-6-delat-hundgard-diy-med-dorr-frigaende-hage-for-sma-hundar-stal-svart\/\" \/>\n<meta property=\"og:locale\" content=\"sv_SE\" \/>\n<meta property=\"og:type\" content=\"article\" \/>\n<meta property=\"og:title\" content=\"TRUUSK 60 cm H\u00f6gt, 6-delat Hundg\u00e5rd DIY - Med D\u00f6rr - Frig\u00e5ende Hage f\u00f6r Sm\u00e5 Hundar - St\u00e5l - Svart - TRUUSK - Hem, Tr\u00e4dg\u00e5rd &amp; Fritid\" \/>\n<meta property=\"og:description\" content=\"Uppt\u00e4ck den m\u00e5ngsidiga TRUUSK hundg\u00e5rden f\u00f6r tunga laster, perfekt f\u00f6r din fyrbenta v\u00e4n! Med sex justerbara paneler kan lekplatsen omvandlas...\" \/>\n<meta property=\"og:url\" content=\"https:\/\/truusk.store\/sv\/produkt\/truusk-60-cm-hogt-6-delat-hundgard-diy-med-dorr-frigaende-hage-for-sma-hundar-stal-svart\/\" \/>\n<meta property=\"og:site_name\" content=\"TRUUSK - Hem, Tr\u00e4dg\u00e5rd &amp; Fritid\" \/>\n<meta property=\"article:modified_time\" content=\"2026-03-12T07:41:16+00:00\" \/>\n<meta property=\"og:image\" content=\"https:\/\/i0.wp.com\/truusk.se\/wp-content\/uploads\/2025\/06\/valphage-60-cm-hog-6-delad-hundgard-diy-valphage-med-dorr-frigaende-hage-for-sma-hundar-stal-svart-1.webp?fit=2000%2C2000&ssl=1\" \/>\n\t<meta property=\"og:image:width\" content=\"2000\" \/>\n\t<meta property=\"og:image:height\" content=\"2000\" \/>\n\t<meta property=\"og:image:type\" content=\"image\/webp\" \/>\n<meta name=\"twitter:card\" content=\"summary_large_image\" \/>\n<meta name=\"twitter:label1\" content=\"Ber\u00e4knad l\u00e4stid\" \/>\n\t<meta name=\"twitter:data1\" content=\"1 minut\" \/>\n<!-- \/ Yoast SEO plugin. -->","yoast_head_json":{"title":"TRUUSK 60 cm H\u00f6gt, 6-delat Hundg\u00e5rd DIY - Med D\u00f6rr - Frig\u00e5ende Hage f\u00f6r Sm\u00e5 Hundar - St\u00e5l - Svart - TRUUSK - Hem, Tr\u00e4dg\u00e5rd &amp; Fritid","robots":{"index":"index","follow":"follow","max-snippet":"max-snippet:-1","max-image-preview":"max-image-preview:large","max-video-preview":"max-video-preview:-1"},"canonical":"https:\/\/truusk.store\/sv\/produkt\/truusk-60-cm-hogt-6-delat-hundgard-diy-med-dorr-frigaende-hage-for-sma-hundar-stal-svart\/","og_locale":"sv_SE","og_type":"article","og_title":"TRUUSK 60 cm H\u00f6gt, 6-delat Hundg\u00e5rd DIY - Med D\u00f6rr - Frig\u00e5ende Hage f\u00f6r Sm\u00e5 Hundar - St\u00e5l - Svart - TRUUSK - Hem, Tr\u00e4dg\u00e5rd &amp; Fritid","og_description":"Uppt\u00e4ck den m\u00e5ngsidiga TRUUSK hundg\u00e5rden f\u00f6r tunga laster, perfekt f\u00f6r din fyrbenta v\u00e4n! Med sex justerbara paneler kan lekplatsen omvandlas...","og_url":"https:\/\/truusk.store\/sv\/produkt\/truusk-60-cm-hogt-6-delat-hundgard-diy-med-dorr-frigaende-hage-for-sma-hundar-stal-svart\/","og_site_name":"TRUUSK - Hem, Tr\u00e4dg\u00e5rd &amp; Fritid","article_modified_time":"2026-03-12T07:41:16+00:00","og_image":[{"width":2000,"height":2000,"url":"https:\/\/i0.wp.com\/truusk.se\/wp-content\/uploads\/2025\/06\/valphage-60-cm-hog-6-delad-hundgard-diy-valphage-med-dorr-frigaende-hage-for-sma-hundar-stal-svart-1.webp?fit=2000%2C2000&ssl=1","type":"image\/webp"}],"twitter_card":"summary_large_image","twitter_misc":{"Ber\u00e4knad l\u00e4stid":"1 minut"},"schema":{"@context":"https:\/\/schema.org","@graph":[{"@type":"WebPage","@id":"https:\/\/truusk.store\/sv\/produkt\/truusk-60-cm-hogt-6-delat-hundgard-diy-med-dorr-frigaende-hage-for-sma-hundar-stal-svart\/","url":"https:\/\/truusk.store\/sv\/produkt\/truusk-60-cm-hogt-6-delat-hundgard-diy-med-dorr-frigaende-hage-for-sma-hundar-stal-svart\/","name":"TRUUSK 60 cm H\u00f6gt, 6-delat Hundg\u00e5rd DIY - Med D\u00f6rr - Frig\u00e5ende Hage f\u00f6r Sm\u00e5 Hundar - St\u00e5l - Svart - TRUUSK - Hem, Tr\u00e4dg\u00e5rd &amp; Fritid","isPartOf":{"@id":"https:\/\/truusk.store\/sv\/#website"},"primaryImageOfPage":{"@id":"https:\/\/truusk.store\/sv\/produkt\/truusk-60-cm-hogt-6-delat-hundgard-diy-med-dorr-frigaende-hage-for-sma-hundar-stal-svart\/#primaryimage"},"image":{"@id":"https:\/\/truusk.store\/sv\/produkt\/truusk-60-cm-hogt-6-delat-hundgard-diy-med-dorr-frigaende-hage-for-sma-hundar-stal-svart\/#primaryimage"},"thumbnailUrl":"https:\/\/i0.wp.com\/truusk.store\/wp-content\/uploads\/2025\/06\/valphage-60-cm-hog-6-delad-hundgard-diy-valphage-med-dorr-frigaende-hage-for-sma-hundar-stal-svart-1.webp?fit=2000%2C2000&ssl=1","datePublished":"2025-06-20T12:04:55+00:00","dateModified":"2026-03-12T07:41:16+00:00","breadcrumb":{"@id":"https:\/\/truusk.store\/sv\/produkt\/truusk-60-cm-hogt-6-delat-hundgard-diy-med-dorr-frigaende-hage-for-sma-hundar-stal-svart\/#breadcrumb"},"inLanguage":"sv-SE","potentialAction":[{"@type":"ReadAction","target":["https:\/\/truusk.store\/sv\/produkt\/truusk-60-cm-hogt-6-delat-hundgard-diy-med-dorr-frigaende-hage-for-sma-hundar-stal-svart\/"]}]},{"@type":"ImageObject","inLanguage":"sv-SE","@id":"https:\/\/truusk.store\/sv\/produkt\/truusk-60-cm-hogt-6-delat-hundgard-diy-med-dorr-frigaende-hage-for-sma-hundar-stal-svart\/#primaryimage","url":"https:\/\/i0.wp.com\/truusk.store\/wp-content\/uploads\/2025\/06\/valphage-60-cm-hog-6-delad-hundgard-diy-valphage-med-dorr-frigaende-hage-for-sma-hundar-stal-svart-1.webp?fit=2000%2C2000&ssl=1","contentUrl":"https:\/\/i0.wp.com\/truusk.store\/wp-content\/uploads\/2025\/06\/valphage-60-cm-hog-6-delad-hundgard-diy-valphage-med-dorr-frigaende-hage-for-sma-hundar-stal-svart-1.webp?fit=2000%2C2000&ssl=1","width":2000,"height":2000},{"@type":"BreadcrumbList","@id":"https:\/\/truusk.store\/sv\/produkt\/truusk-60-cm-hogt-6-delat-hundgard-diy-med-dorr-frigaende-hage-for-sma-hundar-stal-svart\/#breadcrumb","itemListElement":[{"@type":"ListItem","position":1,"name":"Home","item":"https:\/\/truusk.store\/sv\/"},{"@type":"ListItem","position":2,"name":"Shop","item":"https:\/\/truusk.store\/shop\/"},{"@type":"ListItem","position":3,"name":"TRUUSK 60 cm H\u00f6gt, 6-delat Hundg\u00e5rd DIY &#8211; Med D\u00f6rr &#8211; Frig\u00e5ende Hage f\u00f6r Sm\u00e5 Hundar &#8211; St\u00e5l &#8211; Svart"}]},{"@type":"WebSite","@id":"https:\/\/truusk.store\/sv\/#website","url":"https:\/\/truusk.store\/sv\/","name":"TRUUSK - Hem, Tr\u00e4dg\u00e5rd & Fritid","description":"","publisher":{"@id":"https:\/\/truusk.store\/sv\/#organization"},"potentialAction":[{"@type":"SearchAction","target":{"@type":"EntryPoint","urlTemplate":"https:\/\/truusk.store\/sv\/?s={search_term_string}"},"query-input":{"@type":"PropertyValueSpecification","valueRequired":true,"valueName":"search_term_string"}}],"inLanguage":"sv-SE"},{"@type":"Organization","@id":"https:\/\/truusk.store\/sv\/#organization","name":"TRUUSK - Hem, Tr\u00e4dg\u00e5rd & Fritid","url":"https:\/\/truusk.store\/sv\/","logo":{"@type":"ImageObject","inLanguage":"sv-SE","@id":"https:\/\/truusk.store\/sv\/#\/schema\/logo\/image\/","url":"https:\/\/i0.wp.com\/truusk.store\/wp-content\/uploads\/2026\/03\/cropped-TRUUSK.png?fit=2032%2C917&ssl=1","contentUrl":"https:\/\/i0.wp.com\/truusk.store\/wp-content\/uploads\/2026\/03\/cropped-TRUUSK.png?fit=2032%2C917&ssl=1","width":2032,"height":917,"caption":"TRUUSK - Hem, Tr\u00e4dg\u00e5rd & Fritid"},"image":{"@id":"https:\/\/truusk.store\/sv\/#\/schema\/logo\/image\/"}}]}},"jetpack_sharing_enabled":true,"_links":{"self":[{"href":"https:\/\/truusk.store\/sv\/wp-json\/wp\/v2\/product\/80486","targetHints":{"allow":["GET"]}}],"collection":[{"href":"https:\/\/truusk.store\/sv\/wp-json\/wp\/v2\/product"}],"about":[{"href":"https:\/\/truusk.store\/sv\/wp-json\/wp\/v2\/types\/product"}],"wp:featuredmedia":[{"embeddable":true,"href":"https:\/\/truusk.store\/sv\/wp-json\/wp\/v2\/media\/80477"}],"wp:attachment":[{"href":"https:\/\/truusk.store\/sv\/wp-json\/wp\/v2\/media?parent=80486"}],"wp:term":[{"taxonomy":"product_brand","embeddable":true,"href":"https:\/\/truusk.store\/sv\/wp-json\/wp\/v2\/product_brand?post=80486"},{"taxonomy":"product_cat","embeddable":true,"href":"https:\/\/truusk.store\/sv\/wp-json\/wp\/v2\/product_cat?post=80486"},{"taxonomy":"product_tag","embeddable":true,"href":"https:\/\/truusk.store\/sv\/wp-json\/wp\/v2\/product_tag?post=80486"}],"curies":[{"name":"wp","href":"https:\/\/api.w.org\/{rel}","templated":true}]}}