{"id":8050,"date":"2024-02-13T09:08:13","date_gmt":"2024-02-13T08:08:13","guid":{"rendered":"https:\/\/truusk.store\/product\/hangmatta-ram-for-hangmatta-3m-hangmatta-stativ-med-dragrep-tradgard-strand-stalram-svart-300-x-90-x-100-cm\/"},"modified":"2026-03-12T08:55:42","modified_gmt":"2026-03-12T07:55:42","slug":"truusk-hangmatte-med-stalstativ-perfekt-for-tradgard-och-strand-svart-300-x-90-x-100-cm","status":"publish","type":"product","link":"https:\/\/truusk.store\/sv\/produkt\/truusk-hangmatte-med-stalstativ-perfekt-for-tradgard-och-strand-svart-300-x-90-x-100-cm\/","title":{"rendered":"TRUUSK H\u00e4ngmatte med St\u00e5lstativ &#8211; Perfekt f\u00f6r Tr\u00e4dg\u00e5rd och Strand &#8211; Svart &#8211; 300 x 90 x 100 cm"},"content":{"rendered":"<p>Denna eleganta ram f\u00f6r h\u00e4ngmatta imponerar med sin moderna design. Tack vare sin b\u00f6jda form och sitt eleganta material f\u00f6rsk\u00f6nar den vilken tr\u00e4dg\u00e5rd som helst. Ramen passar alla vanliga h\u00e4ngmattor, med en l\u00e4ngd p\u00e5 upp till 305cm. Monteringen g\u00e5r snabbt och enkelt. Halkfria f\u00f6tter f\u00f6rhindrar o\u00f6nskad glidning. Metallramen \u00e4r l\u00e4tt att reng\u00f6ra och h\u00e5llbar. H\u00e4ngmattan ing\u00e5r ej.<\/p>\n<h3>Beskrivning:<\/h3>\n<ul>\n<li>Passar h\u00e4ngmattor upp till 3,05 meter l\u00e5nga<\/li>\n<li>Passar vanliga h\u00e4ngmattor<\/li>\n<li>Stabil ram tillverkad av kraftig, pulverlackerad metall<\/li>\n<li>Halkfria f\u00f6tter ger extra stabilitet och f\u00f6rhindrar repor<\/li>\n<li>Kan anv\u00e4ndas f\u00f6r balkong, tr\u00e4dg\u00e5rd, veranda, sovrum, vardagsrum med mera<\/li>\n<li>L\u00e4tt att montera, h\u00e4ngmatta ing\u00e5r ej<\/li>\n<\/ul>\n<h3>Teknisk data:<\/h3>\n<ul>\n<li>Svart f\u00e4rg<\/li>\n<li>Material: st\u00e5lram<\/li>\n<li>Totala m\u00e5tt: 300L x 90W x100H cm<\/li>\n<li>Passar h\u00e4ngmatta s\u00e4ng l\u00e4ngd: 305cm (inklusive rep)<\/li>\n<li>Lastkapacitet: 120 kg<\/li>\n<\/ul>\n<h3>Leveransens omfattning:<\/h3>\n<ul>\n<li>1 x h\u00e4ngmatta ram<\/li>\n<li>1 x Monteringsanvisning<\/li>\n<\/ul>\n","protected":false},"excerpt":{"rendered":"<p>Denna eleganta ram f\u00f6r h\u00e4ngmatta imponerar med sin moderna design. Tack vare sin b\u00f6jda form och sitt eleganta material f\u00f6rsk\u00f6nar&#8230;<\/p>\n","protected":false},"featured_media":8051,"template":"","meta":[],"product_brand":[],"product_cat":[460,435,450],"product_tag":[],"class_list":{"0":"post-8050","1":"product","2":"type-product","3":"status-publish","4":"has-post-thumbnail","6":"product_cat-hangmattor-hangstolar","7":"product_cat-tradgard-och-terrass","8":"product_cat-tradgardsmobler","10":"first","11":"instock","12":"sale","13":"taxable","14":"shipping-taxable","15":"purchasable","16":"product-type-simple"},"yoast_head":"<!-- This site is optimized with the Yoast SEO plugin v25.4 - https:\/\/yoast.com\/wordpress\/plugins\/seo\/ -->\n<title>TRUUSK H\u00e4ngmatte med St\u00e5lstativ - Perfekt f\u00f6r Tr\u00e4dg\u00e5rd och Strand - Svart - 300 x 90 x 100 cm - TRUUSK - Hem, Tr\u00e4dg\u00e5rd &amp; Fritid<\/title>\n<meta name=\"robots\" content=\"index, follow, max-snippet:-1, max-image-preview:large, max-video-preview:-1\" \/>\n<link rel=\"canonical\" href=\"https:\/\/truusk.store\/sv\/produkt\/truusk-hangmatte-med-stalstativ-perfekt-for-tradgard-och-strand-svart-300-x-90-x-100-cm\/\" \/>\n<meta property=\"og:locale\" content=\"sv_SE\" \/>\n<meta property=\"og:type\" content=\"article\" \/>\n<meta property=\"og:title\" content=\"TRUUSK H\u00e4ngmatte med St\u00e5lstativ - Perfekt f\u00f6r Tr\u00e4dg\u00e5rd och Strand - Svart - 300 x 90 x 100 cm - TRUUSK - Hem, Tr\u00e4dg\u00e5rd &amp; Fritid\" \/>\n<meta property=\"og:description\" content=\"Denna eleganta ram f\u00f6r h\u00e4ngmatta imponerar med sin moderna design. Tack vare sin b\u00f6jda form och sitt eleganta material f\u00f6rsk\u00f6nar...\" \/>\n<meta property=\"og:url\" content=\"https:\/\/truusk.store\/sv\/produkt\/truusk-hangmatte-med-stalstativ-perfekt-for-tradgard-och-strand-svart-300-x-90-x-100-cm\/\" \/>\n<meta property=\"og:site_name\" content=\"TRUUSK - Hem, Tr\u00e4dg\u00e5rd &amp; Fritid\" \/>\n<meta property=\"article:modified_time\" content=\"2026-03-12T07:55:42+00:00\" \/>\n<meta property=\"og:image\" content=\"https:\/\/i0.wp.com\/truusk.se\/wp-content\/uploads\/2024\/02\/hangmatta-ram-for-hangmatta-3m-hangmatta-stativ-med-dragrep-tradgard-strand-stalram-svart-300-x-90-x-100-cm.webp?fit=800%2C800&ssl=1\" \/>\n\t<meta property=\"og:image:width\" content=\"800\" \/>\n\t<meta property=\"og:image:height\" content=\"800\" \/>\n\t<meta property=\"og:image:type\" content=\"image\/webp\" \/>\n<meta name=\"twitter:card\" content=\"summary_large_image\" \/>\n<meta name=\"twitter:label1\" content=\"Ber\u00e4knad l\u00e4stid\" \/>\n\t<meta name=\"twitter:data1\" content=\"1 minut\" \/>\n<!-- \/ Yoast SEO plugin. -->","yoast_head_json":{"title":"TRUUSK H\u00e4ngmatte med St\u00e5lstativ - Perfekt f\u00f6r Tr\u00e4dg\u00e5rd och Strand - Svart - 300 x 90 x 100 cm - TRUUSK - Hem, Tr\u00e4dg\u00e5rd &amp; Fritid","robots":{"index":"index","follow":"follow","max-snippet":"max-snippet:-1","max-image-preview":"max-image-preview:large","max-video-preview":"max-video-preview:-1"},"canonical":"https:\/\/truusk.store\/sv\/produkt\/truusk-hangmatte-med-stalstativ-perfekt-for-tradgard-och-strand-svart-300-x-90-x-100-cm\/","og_locale":"sv_SE","og_type":"article","og_title":"TRUUSK H\u00e4ngmatte med St\u00e5lstativ - Perfekt f\u00f6r Tr\u00e4dg\u00e5rd och Strand - Svart - 300 x 90 x 100 cm - TRUUSK - Hem, Tr\u00e4dg\u00e5rd &amp; Fritid","og_description":"Denna eleganta ram f\u00f6r h\u00e4ngmatta imponerar med sin moderna design. Tack vare sin b\u00f6jda form och sitt eleganta material f\u00f6rsk\u00f6nar...","og_url":"https:\/\/truusk.store\/sv\/produkt\/truusk-hangmatte-med-stalstativ-perfekt-for-tradgard-och-strand-svart-300-x-90-x-100-cm\/","og_site_name":"TRUUSK - Hem, Tr\u00e4dg\u00e5rd &amp; Fritid","article_modified_time":"2026-03-12T07:55:42+00:00","og_image":[{"width":800,"height":800,"url":"https:\/\/i0.wp.com\/truusk.se\/wp-content\/uploads\/2024\/02\/hangmatta-ram-for-hangmatta-3m-hangmatta-stativ-med-dragrep-tradgard-strand-stalram-svart-300-x-90-x-100-cm.webp?fit=800%2C800&ssl=1","type":"image\/webp"}],"twitter_card":"summary_large_image","twitter_misc":{"Ber\u00e4knad l\u00e4stid":"1 minut"},"schema":{"@context":"https:\/\/schema.org","@graph":[{"@type":"WebPage","@id":"https:\/\/truusk.store\/sv\/produkt\/truusk-hangmatte-med-stalstativ-perfekt-for-tradgard-och-strand-svart-300-x-90-x-100-cm\/","url":"https:\/\/truusk.store\/sv\/produkt\/truusk-hangmatte-med-stalstativ-perfekt-for-tradgard-och-strand-svart-300-x-90-x-100-cm\/","name":"TRUUSK H\u00e4ngmatte med St\u00e5lstativ - Perfekt f\u00f6r Tr\u00e4dg\u00e5rd och Strand - Svart - 300 x 90 x 100 cm - TRUUSK - Hem, Tr\u00e4dg\u00e5rd &amp; Fritid","isPartOf":{"@id":"https:\/\/truusk.store\/sv\/#website"},"primaryImageOfPage":{"@id":"https:\/\/truusk.store\/sv\/produkt\/truusk-hangmatte-med-stalstativ-perfekt-for-tradgard-och-strand-svart-300-x-90-x-100-cm\/#primaryimage"},"image":{"@id":"https:\/\/truusk.store\/sv\/produkt\/truusk-hangmatte-med-stalstativ-perfekt-for-tradgard-och-strand-svart-300-x-90-x-100-cm\/#primaryimage"},"thumbnailUrl":"https:\/\/i0.wp.com\/truusk.store\/wp-content\/uploads\/2024\/02\/hangmatta-ram-for-hangmatta-3m-hangmatta-stativ-med-dragrep-tradgard-strand-stalram-svart-300-x-90-x-100-cm.webp?fit=800%2C800&ssl=1","datePublished":"2024-02-13T08:08:13+00:00","dateModified":"2026-03-12T07:55:42+00:00","breadcrumb":{"@id":"https:\/\/truusk.store\/sv\/produkt\/truusk-hangmatte-med-stalstativ-perfekt-for-tradgard-och-strand-svart-300-x-90-x-100-cm\/#breadcrumb"},"inLanguage":"sv-SE","potentialAction":[{"@type":"ReadAction","target":["https:\/\/truusk.store\/sv\/produkt\/truusk-hangmatte-med-stalstativ-perfekt-for-tradgard-och-strand-svart-300-x-90-x-100-cm\/"]}]},{"@type":"ImageObject","inLanguage":"sv-SE","@id":"https:\/\/truusk.store\/sv\/produkt\/truusk-hangmatte-med-stalstativ-perfekt-for-tradgard-och-strand-svart-300-x-90-x-100-cm\/#primaryimage","url":"https:\/\/i0.wp.com\/truusk.store\/wp-content\/uploads\/2024\/02\/hangmatta-ram-for-hangmatta-3m-hangmatta-stativ-med-dragrep-tradgard-strand-stalram-svart-300-x-90-x-100-cm.webp?fit=800%2C800&ssl=1","contentUrl":"https:\/\/i0.wp.com\/truusk.store\/wp-content\/uploads\/2024\/02\/hangmatta-ram-for-hangmatta-3m-hangmatta-stativ-med-dragrep-tradgard-strand-stalram-svart-300-x-90-x-100-cm.webp?fit=800%2C800&ssl=1","width":800,"height":800,"caption":"H\u00e4ngmatta Ram F\u00f6r H\u00e4ngmatta 3m H\u00e4ngmatta Stativ Med Dragrep Tr\u00e4dg\u00e5rd Strand St\u00e5lram Svart 300 X 90 X 100 Cm 1"},{"@type":"BreadcrumbList","@id":"https:\/\/truusk.store\/sv\/produkt\/truusk-hangmatte-med-stalstativ-perfekt-for-tradgard-och-strand-svart-300-x-90-x-100-cm\/#breadcrumb","itemListElement":[{"@type":"ListItem","position":1,"name":"Home","item":"https:\/\/truusk.store\/sv\/"},{"@type":"ListItem","position":2,"name":"Shop","item":"https:\/\/truusk.store\/shop\/"},{"@type":"ListItem","position":3,"name":"TRUUSK H\u00e4ngmatte med St\u00e5lstativ &#8211; Perfekt f\u00f6r Tr\u00e4dg\u00e5rd och Strand &#8211; Svart &#8211; 300 x 90 x 100 cm"}]},{"@type":"WebSite","@id":"https:\/\/truusk.store\/sv\/#website","url":"https:\/\/truusk.store\/sv\/","name":"TRUUSK - Hem, Tr\u00e4dg\u00e5rd & Fritid","description":"","publisher":{"@id":"https:\/\/truusk.store\/sv\/#organization"},"potentialAction":[{"@type":"SearchAction","target":{"@type":"EntryPoint","urlTemplate":"https:\/\/truusk.store\/sv\/?s={search_term_string}"},"query-input":{"@type":"PropertyValueSpecification","valueRequired":true,"valueName":"search_term_string"}}],"inLanguage":"sv-SE"},{"@type":"Organization","@id":"https:\/\/truusk.store\/sv\/#organization","name":"TRUUSK - Hem, Tr\u00e4dg\u00e5rd & Fritid","url":"https:\/\/truusk.store\/sv\/","logo":{"@type":"ImageObject","inLanguage":"sv-SE","@id":"https:\/\/truusk.store\/sv\/#\/schema\/logo\/image\/","url":"https:\/\/i0.wp.com\/truusk.store\/wp-content\/uploads\/2026\/03\/cropped-TRUUSK.png?fit=2032%2C917&ssl=1","contentUrl":"https:\/\/i0.wp.com\/truusk.store\/wp-content\/uploads\/2026\/03\/cropped-TRUUSK.png?fit=2032%2C917&ssl=1","width":2032,"height":917,"caption":"TRUUSK - Hem, Tr\u00e4dg\u00e5rd & Fritid"},"image":{"@id":"https:\/\/truusk.store\/sv\/#\/schema\/logo\/image\/"}}]}},"jetpack_sharing_enabled":true,"_links":{"self":[{"href":"https:\/\/truusk.store\/sv\/wp-json\/wp\/v2\/product\/8050","targetHints":{"allow":["GET"]}}],"collection":[{"href":"https:\/\/truusk.store\/sv\/wp-json\/wp\/v2\/product"}],"about":[{"href":"https:\/\/truusk.store\/sv\/wp-json\/wp\/v2\/types\/product"}],"wp:featuredmedia":[{"embeddable":true,"href":"https:\/\/truusk.store\/sv\/wp-json\/wp\/v2\/media\/8051"}],"wp:attachment":[{"href":"https:\/\/truusk.store\/sv\/wp-json\/wp\/v2\/media?parent=8050"}],"wp:term":[{"taxonomy":"product_brand","embeddable":true,"href":"https:\/\/truusk.store\/sv\/wp-json\/wp\/v2\/product_brand?post=8050"},{"taxonomy":"product_cat","embeddable":true,"href":"https:\/\/truusk.store\/sv\/wp-json\/wp\/v2\/product_cat?post=8050"},{"taxonomy":"product_tag","embeddable":true,"href":"https:\/\/truusk.store\/sv\/wp-json\/wp\/v2\/product_tag?post=8050"}],"curies":[{"name":"wp","href":"https:\/\/api.w.org\/{rel}","templated":true}]}}