{"id":80516,"date":"2025-06-20T20:34:17","date_gmt":"2025-06-20T19:34:17","guid":{"rendered":"https:\/\/truusk.store\/product\/dorrskyddsgaller-76-104-cm-trappgaller-trappskyddsgaller-utan-borrning-trappskydd-med-kattlucka-stangbart-skyddsgaller-for-medelstora-hundar-stal-vit\/"},"modified":"2026-03-12T09:44:13","modified_gmt":"2026-03-12T08:44:13","slug":"truusk-dorrskyddsgaller-76-104-cm-trappgaller-utan-borrning-stangbart-skyddsgaller-for-medelstora-hundar-stal-vit","status":"publish","type":"product","link":"https:\/\/truusk.store\/sv\/produkt\/truusk-dorrskyddsgaller-76-104-cm-trappgaller-utan-borrning-stangbart-skyddsgaller-for-medelstora-hundar-stal-vit\/","title":{"rendered":"TRUUSK D\u00f6rrskyddsgaller 76-104 cm &#8211; Trappgaller utan borrning &#8211; St\u00e4ngbart skyddsgaller &#8211; F\u00f6r medelstora hundar &#8211; St\u00e5l &#8211; Vit"},"content":{"rendered":"<p>Uppt\u00e4ck TRUUSK trappskyddsgaller f\u00f6r hundar, perfekt f\u00f6r att h\u00e5lla dina fyrbenta v\u00e4nner s\u00e4kra. Det h\u00f6ga och breda trappskyddsgallret kan justeras fr\u00e5n 76 till 104 cm och passar f\u00f6r m\u00e5nga omr\u00e5den. Med sitt dubbla l\u00e5ssystem och en inbyggd kattlucka \u00e4r trappskyddsgallret perfekt f\u00f6r hush\u00e5ll med flera husdjur. Stilfullt och praktiskt &#8211; ett m\u00e5ste f\u00f6r varje husdjurs\u00e4gare.<\/p>\n<p>Beskrivning:<\/p>\n<ul>\n<li> 77 cm h\u00f6gt galler s\u00e4krar effektivt \u00e4ven st\u00f6rre husdjur<\/li>\n<li> Justerbar bredd p\u00e5 trappskyddet fr\u00e5n 76 till 104 cm anpassar sig till olika rum<\/li>\n<li> Montering genom tryckf\u00e4ste eller borrning<\/li>\n<li> Enkel l\u00e5smekanism med mjukt tryck<\/li>\n<li> Dubbelt l\u00e5ssystem och tv\u00e5v\u00e4gsd\u00f6rr p\u00e5 trappskyddsgallret \u00f6kar s\u00e4kerheten<\/li>\n<li> Inbyggd kattlucka \u00e4r f\u00f6rdelaktig f\u00f6r hush\u00e5ll med flera husdjur<\/li>\n<li> Stilfull design kompletterar trappor, korridorer och d\u00f6rrkarmar<\/li>\n<li> Robust material st\u00e5r emot anv\u00e4ndning av b\u00e5de sm\u00e5 och stora hundar<\/li>\n<\/ul>\n<p> Tekniska data:<\/p>\n<ul>\n<li> F\u00e4rg: Vit<\/li>\n<li> Material: St\u00e5l, plast<\/li>\n<li> Totala dimensioner: 76-104B x 77H cm<\/li>\n<li> S\u00e4kerhetsgrind: 71B x 77H cm (utan justeringsskruv)<\/li>\n<li> D\u00f6rrbredd: 56B cm<\/li>\n<li> Utvidgning: 7B x 74H cm, 14B x 74H cm<\/li>\n<li> Kattlucka: 20B x 19,5H cm<\/li>\n<li> St\u00e5ngavst\u00e5nd: 5 cm<\/li>\n<li> Obs: Anv\u00e4nd plugg f\u00f6r s\u00e4ker installation vid trappentr\u00e9er eller liknande platser<\/li>\n<\/ul>\n<p>Leveransinneh\u00e5ll:<\/p>\n<ul>\n<li> 1 x Husdjursgrind<\/li>\n<li> 4 x Justerbara skruvar<\/li>\n<li> 4 x Runda dubbelsidiga tejpbitar<\/li>\n<li> 4 x Skruvar<\/li>\n<li> 4 x Plastpluggar<\/li>\n<li> 4 x Skruvf\u00e4sten<\/li>\n<li> 2 x Utvidgningsf\u00e4sten f\u00f6r plastdelar<\/li>\n<li> 1 x Bruksanvisning<\/li>\n<\/ul>\n","protected":false},"excerpt":{"rendered":"<p>Uppt\u00e4ck TRUUSK trappskyddsgaller f\u00f6r hundar, perfekt f\u00f6r att h\u00e5lla dina fyrbenta v\u00e4nner s\u00e4kra. Det h\u00f6ga och breda trappskyddsgallret kan justeras&#8230;<\/p>\n","protected":false},"featured_media":80507,"template":"","meta":[],"product_brand":[],"product_cat":[947,948,574],"product_tag":[],"class_list":{"0":"post-80516","1":"product","2":"type-product","3":"status-publish","4":"has-post-thumbnail","6":"product_cat-djurtillbehor","7":"product_cat-hundgaller-skiljevaggar","8":"product_cat-hundtillbehor","10":"first","11":"instock","12":"sale","13":"taxable","14":"shipping-taxable","15":"purchasable","16":"product-type-simple"},"yoast_head":"<!-- This site is optimized with the Yoast SEO plugin v25.4 - https:\/\/yoast.com\/wordpress\/plugins\/seo\/ -->\n<title>TRUUSK D\u00f6rrskyddsgaller 76-104 cm - Trappgaller utan borrning - St\u00e4ngbart skyddsgaller - F\u00f6r medelstora hundar - St\u00e5l - Vit - TRUUSK - Hem, Tr\u00e4dg\u00e5rd &amp; Fritid<\/title>\n<meta name=\"robots\" content=\"index, follow, max-snippet:-1, max-image-preview:large, max-video-preview:-1\" \/>\n<link rel=\"canonical\" href=\"https:\/\/truusk.store\/sv\/produkt\/truusk-dorrskyddsgaller-76-104-cm-trappgaller-utan-borrning-stangbart-skyddsgaller-for-medelstora-hundar-stal-vit\/\" \/>\n<meta property=\"og:locale\" content=\"sv_SE\" \/>\n<meta property=\"og:type\" content=\"article\" \/>\n<meta property=\"og:title\" content=\"TRUUSK D\u00f6rrskyddsgaller 76-104 cm - Trappgaller utan borrning - St\u00e4ngbart skyddsgaller - F\u00f6r medelstora hundar - St\u00e5l - Vit - TRUUSK - Hem, Tr\u00e4dg\u00e5rd &amp; Fritid\" \/>\n<meta property=\"og:description\" content=\"Uppt\u00e4ck TRUUSK trappskyddsgaller f\u00f6r hundar, perfekt f\u00f6r att h\u00e5lla dina fyrbenta v\u00e4nner s\u00e4kra. Det h\u00f6ga och breda trappskyddsgallret kan justeras...\" \/>\n<meta property=\"og:url\" content=\"https:\/\/truusk.store\/sv\/produkt\/truusk-dorrskyddsgaller-76-104-cm-trappgaller-utan-borrning-stangbart-skyddsgaller-for-medelstora-hundar-stal-vit\/\" \/>\n<meta property=\"og:site_name\" content=\"TRUUSK - Hem, Tr\u00e4dg\u00e5rd &amp; Fritid\" \/>\n<meta property=\"article:modified_time\" content=\"2026-03-12T08:44:13+00:00\" \/>\n<meta property=\"og:image\" content=\"https:\/\/i0.wp.com\/truusk.se\/wp-content\/uploads\/2025\/06\/dorrskyddsgaller-76-104-cm-trappgaller-trappskyddsgaller-utan-borrning-trappskydd-med-kattlucka-stangbart-skyddsgaller-for-medelstora-hundar-stal-vit-1.webp?fit=2000%2C2000&ssl=1\" \/>\n\t<meta property=\"og:image:width\" content=\"2000\" \/>\n\t<meta property=\"og:image:height\" content=\"2000\" \/>\n\t<meta property=\"og:image:type\" content=\"image\/webp\" \/>\n<meta name=\"twitter:card\" content=\"summary_large_image\" \/>\n<meta name=\"twitter:label1\" content=\"Ber\u00e4knad l\u00e4stid\" \/>\n\t<meta name=\"twitter:data1\" content=\"1 minut\" \/>\n<!-- \/ Yoast SEO plugin. -->","yoast_head_json":{"title":"TRUUSK D\u00f6rrskyddsgaller 76-104 cm - Trappgaller utan borrning - St\u00e4ngbart skyddsgaller - F\u00f6r medelstora hundar - St\u00e5l - Vit - TRUUSK - Hem, Tr\u00e4dg\u00e5rd &amp; Fritid","robots":{"index":"index","follow":"follow","max-snippet":"max-snippet:-1","max-image-preview":"max-image-preview:large","max-video-preview":"max-video-preview:-1"},"canonical":"https:\/\/truusk.store\/sv\/produkt\/truusk-dorrskyddsgaller-76-104-cm-trappgaller-utan-borrning-stangbart-skyddsgaller-for-medelstora-hundar-stal-vit\/","og_locale":"sv_SE","og_type":"article","og_title":"TRUUSK D\u00f6rrskyddsgaller 76-104 cm - Trappgaller utan borrning - St\u00e4ngbart skyddsgaller - F\u00f6r medelstora hundar - St\u00e5l - Vit - TRUUSK - Hem, Tr\u00e4dg\u00e5rd &amp; Fritid","og_description":"Uppt\u00e4ck TRUUSK trappskyddsgaller f\u00f6r hundar, perfekt f\u00f6r att h\u00e5lla dina fyrbenta v\u00e4nner s\u00e4kra. Det h\u00f6ga och breda trappskyddsgallret kan justeras...","og_url":"https:\/\/truusk.store\/sv\/produkt\/truusk-dorrskyddsgaller-76-104-cm-trappgaller-utan-borrning-stangbart-skyddsgaller-for-medelstora-hundar-stal-vit\/","og_site_name":"TRUUSK - Hem, Tr\u00e4dg\u00e5rd &amp; Fritid","article_modified_time":"2026-03-12T08:44:13+00:00","og_image":[{"width":2000,"height":2000,"url":"https:\/\/i0.wp.com\/truusk.se\/wp-content\/uploads\/2025\/06\/dorrskyddsgaller-76-104-cm-trappgaller-trappskyddsgaller-utan-borrning-trappskydd-med-kattlucka-stangbart-skyddsgaller-for-medelstora-hundar-stal-vit-1.webp?fit=2000%2C2000&ssl=1","type":"image\/webp"}],"twitter_card":"summary_large_image","twitter_misc":{"Ber\u00e4knad l\u00e4stid":"1 minut"},"schema":{"@context":"https:\/\/schema.org","@graph":[{"@type":"WebPage","@id":"https:\/\/truusk.store\/sv\/produkt\/truusk-dorrskyddsgaller-76-104-cm-trappgaller-utan-borrning-stangbart-skyddsgaller-for-medelstora-hundar-stal-vit\/","url":"https:\/\/truusk.store\/sv\/produkt\/truusk-dorrskyddsgaller-76-104-cm-trappgaller-utan-borrning-stangbart-skyddsgaller-for-medelstora-hundar-stal-vit\/","name":"TRUUSK D\u00f6rrskyddsgaller 76-104 cm - Trappgaller utan borrning - St\u00e4ngbart skyddsgaller - F\u00f6r medelstora hundar - St\u00e5l - Vit - TRUUSK - Hem, Tr\u00e4dg\u00e5rd &amp; Fritid","isPartOf":{"@id":"https:\/\/truusk.store\/sv\/#website"},"primaryImageOfPage":{"@id":"https:\/\/truusk.store\/sv\/produkt\/truusk-dorrskyddsgaller-76-104-cm-trappgaller-utan-borrning-stangbart-skyddsgaller-for-medelstora-hundar-stal-vit\/#primaryimage"},"image":{"@id":"https:\/\/truusk.store\/sv\/produkt\/truusk-dorrskyddsgaller-76-104-cm-trappgaller-utan-borrning-stangbart-skyddsgaller-for-medelstora-hundar-stal-vit\/#primaryimage"},"thumbnailUrl":"https:\/\/i0.wp.com\/truusk.store\/wp-content\/uploads\/2025\/06\/dorrskyddsgaller-76-104-cm-trappgaller-trappskyddsgaller-utan-borrning-trappskydd-med-kattlucka-stangbart-skyddsgaller-for-medelstora-hundar-stal-vit-1.webp?fit=2000%2C2000&ssl=1","datePublished":"2025-06-20T19:34:17+00:00","dateModified":"2026-03-12T08:44:13+00:00","breadcrumb":{"@id":"https:\/\/truusk.store\/sv\/produkt\/truusk-dorrskyddsgaller-76-104-cm-trappgaller-utan-borrning-stangbart-skyddsgaller-for-medelstora-hundar-stal-vit\/#breadcrumb"},"inLanguage":"sv-SE","potentialAction":[{"@type":"ReadAction","target":["https:\/\/truusk.store\/sv\/produkt\/truusk-dorrskyddsgaller-76-104-cm-trappgaller-utan-borrning-stangbart-skyddsgaller-for-medelstora-hundar-stal-vit\/"]}]},{"@type":"ImageObject","inLanguage":"sv-SE","@id":"https:\/\/truusk.store\/sv\/produkt\/truusk-dorrskyddsgaller-76-104-cm-trappgaller-utan-borrning-stangbart-skyddsgaller-for-medelstora-hundar-stal-vit\/#primaryimage","url":"https:\/\/i0.wp.com\/truusk.store\/wp-content\/uploads\/2025\/06\/dorrskyddsgaller-76-104-cm-trappgaller-trappskyddsgaller-utan-borrning-trappskydd-med-kattlucka-stangbart-skyddsgaller-for-medelstora-hundar-stal-vit-1.webp?fit=2000%2C2000&ssl=1","contentUrl":"https:\/\/i0.wp.com\/truusk.store\/wp-content\/uploads\/2025\/06\/dorrskyddsgaller-76-104-cm-trappgaller-trappskyddsgaller-utan-borrning-trappskydd-med-kattlucka-stangbart-skyddsgaller-for-medelstora-hundar-stal-vit-1.webp?fit=2000%2C2000&ssl=1","width":2000,"height":2000},{"@type":"BreadcrumbList","@id":"https:\/\/truusk.store\/sv\/produkt\/truusk-dorrskyddsgaller-76-104-cm-trappgaller-utan-borrning-stangbart-skyddsgaller-for-medelstora-hundar-stal-vit\/#breadcrumb","itemListElement":[{"@type":"ListItem","position":1,"name":"Home","item":"https:\/\/truusk.store\/sv\/"},{"@type":"ListItem","position":2,"name":"Shop","item":"https:\/\/truusk.store\/shop\/"},{"@type":"ListItem","position":3,"name":"TRUUSK D\u00f6rrskyddsgaller 76-104 cm &#8211; Trappgaller utan borrning &#8211; St\u00e4ngbart skyddsgaller &#8211; F\u00f6r medelstora hundar &#8211; St\u00e5l &#8211; Vit"}]},{"@type":"WebSite","@id":"https:\/\/truusk.store\/sv\/#website","url":"https:\/\/truusk.store\/sv\/","name":"TRUUSK - Hem, Tr\u00e4dg\u00e5rd & Fritid","description":"","publisher":{"@id":"https:\/\/truusk.store\/sv\/#organization"},"potentialAction":[{"@type":"SearchAction","target":{"@type":"EntryPoint","urlTemplate":"https:\/\/truusk.store\/sv\/?s={search_term_string}"},"query-input":{"@type":"PropertyValueSpecification","valueRequired":true,"valueName":"search_term_string"}}],"inLanguage":"sv-SE"},{"@type":"Organization","@id":"https:\/\/truusk.store\/sv\/#organization","name":"TRUUSK - Hem, Tr\u00e4dg\u00e5rd & Fritid","url":"https:\/\/truusk.store\/sv\/","logo":{"@type":"ImageObject","inLanguage":"sv-SE","@id":"https:\/\/truusk.store\/sv\/#\/schema\/logo\/image\/","url":"https:\/\/i0.wp.com\/truusk.store\/wp-content\/uploads\/2026\/03\/cropped-TRUUSK.png?fit=2032%2C917&ssl=1","contentUrl":"https:\/\/i0.wp.com\/truusk.store\/wp-content\/uploads\/2026\/03\/cropped-TRUUSK.png?fit=2032%2C917&ssl=1","width":2032,"height":917,"caption":"TRUUSK - Hem, Tr\u00e4dg\u00e5rd & Fritid"},"image":{"@id":"https:\/\/truusk.store\/sv\/#\/schema\/logo\/image\/"}}]}},"jetpack_sharing_enabled":true,"_links":{"self":[{"href":"https:\/\/truusk.store\/sv\/wp-json\/wp\/v2\/product\/80516","targetHints":{"allow":["GET"]}}],"collection":[{"href":"https:\/\/truusk.store\/sv\/wp-json\/wp\/v2\/product"}],"about":[{"href":"https:\/\/truusk.store\/sv\/wp-json\/wp\/v2\/types\/product"}],"wp:featuredmedia":[{"embeddable":true,"href":"https:\/\/truusk.store\/sv\/wp-json\/wp\/v2\/media\/80507"}],"wp:attachment":[{"href":"https:\/\/truusk.store\/sv\/wp-json\/wp\/v2\/media?parent=80516"}],"wp:term":[{"taxonomy":"product_brand","embeddable":true,"href":"https:\/\/truusk.store\/sv\/wp-json\/wp\/v2\/product_brand?post=80516"},{"taxonomy":"product_cat","embeddable":true,"href":"https:\/\/truusk.store\/sv\/wp-json\/wp\/v2\/product_cat?post=80516"},{"taxonomy":"product_tag","embeddable":true,"href":"https:\/\/truusk.store\/sv\/wp-json\/wp\/v2\/product_tag?post=80516"}],"curies":[{"name":"wp","href":"https:\/\/api.w.org\/{rel}","templated":true}]}}