{"id":80536,"date":"2025-06-21T12:25:51","date_gmt":"2025-06-21T11:25:51","guid":{"rendered":"https:\/\/truusk.store\/product\/tv-stol-med-elektrisk-upphjalp-avkopplingsstol-med-ligglage-varmefunktioner-tv-stol-med-massagefunktion-upphjalpningsstol-med-sidoficka-och-fjarrkontroll-morkgra\/"},"modified":"2026-03-12T08:40:46","modified_gmt":"2026-03-12T07:40:46","slug":"truusk-tv-stol-med-elektrisk-upphjalp-avkopplingsstol-med-ligglage-varmefunktioner-massagefunktion-sidoficka-och","status":"publish","type":"product","link":"https:\/\/truusk.store\/sv\/produkt\/truusk-tv-stol-med-elektrisk-upphjalp-avkopplingsstol-med-ligglage-varmefunktioner-massagefunktion-sidoficka-och\/","title":{"rendered":"TRUUSK TV-stol med elektrisk upphj\u00e4lp &#8211; Avkopplingsstol med liggl\u00e4ge &#8211; V\u00e4rmefunktioner &#8211; Massagefunktion &#8211; Sidoficka och"},"content":{"rendered":"<p>Njut av en v\u00e4lf\u00f6rtj\u00e4nt paus med denna 2-i-1 massage- och uppresningsstol. Luta dig tillbaka, lyft fotst\u00f6det p\u00e5 biostolen och starta massagen du v\u00e4ljer bekv\u00e4mt med fj\u00e4rrkontrollen! Stolen med uppresningshj\u00e4lp har ocks\u00e5 en uppresningshj\u00e4lp, vilket s\u00e4rskilt st\u00f6der \u00e4ldre anv\u00e4ndare.<\/p>\n<p>Beskrivning:<\/p>\n<ul>\n<li> 8 massagepunkter samt 8 massage- och l\u00e4ndv\u00e4rme-l\u00e4gen<\/li>\n<li> Modern design av TV-stolen f\u00f6r perfekt integration i din inredning<\/li>\n<li> Uppresningshj\u00e4lp genom en hydraulisk cylinder<\/li>\n<li> Idealisk f\u00f6r \u00e4ldre m\u00e4nniskor eller personer med begr\u00e4nsad r\u00f6rlighet<\/li>\n<li> Sitsen p\u00e5 massagesstolen med en skumvaddering av densiteten 25 kg\/m\u00b3<\/li>\n<li> Elektrisk TV-stol med sidofickor f\u00f6r fj\u00e4rrkontroll, tidskrifter och mer<\/li>\n<li> Kl\u00e4dsel i linne-look tyg, luftgenomsl\u00e4ppligt<\/li>\n<li> Enkel montering kr\u00e4vs<\/li>\n<\/ul>\n<p> Tekniska data:<\/p>\n<ul>\n<li> F\u00e4rg: M\u00f6rkgr\u00e5<\/li>\n<li> Material: Polyester, skum, st\u00e5l<\/li>\n<li> Totala dimensioner st\u00e5ende: 97L x 90B x 102H cm<\/li>\n<li> Dimensioner lutande: 97L x 150B x 83H cm<\/li>\n<li> Dimensioner upph\u00f6jda: 97L x 90B x 142H cm<\/li>\n<li> Sitsstorlek: 55L x 58B cm<\/li>\n<li> Sitth\u00f6jd: 48 cm<\/li>\n<li> Armst\u00f6dsh\u00f6jd: 15 cm (i f\u00f6rh\u00e5llande till sitsytan)<\/li>\n<li> Ryggst\u00f6dets dimensioner: 90L x 63B cm<\/li>\n<li> Tjocklek p\u00e5 ryggkudden: 22 cm<\/li>\n<li> Kabell\u00e4ngd: 1,8 m<\/li>\n<li> Belastningskapacitet: 150 kg<\/li>\n<li> L\u00e4mplig f\u00f6r personer: upp till 190 cm<\/li>\n<li> Ing\u00e5ng: 100-240V, 50\/60 Hz<\/li>\n<li> Utg\u00e5ng: 29V \/ 2A \/ 58W<\/li>\n<\/ul>\n<p>Leveransinneh\u00e5ll:<\/p>\n<ul>\n<li> 1 x Elektriskt justerbar stol<\/li>\n<li> 2 x Fj\u00e4rrkontroll<\/li>\n<li> 1 x Handbok<\/li>\n<li>Viktigt: Vi levererar artikeln till dig kostnadsfritt till trottoarkanten. Var v\u00e4nlig och se till att adressen och telefonnumret \u00e4r korrekt.<\/li>\n<\/ul>\n","protected":false},"excerpt":{"rendered":"<p>Njut av en v\u00e4lf\u00f6rtj\u00e4nt paus med denna 2-i-1 massage- och uppresningsstol. Luta dig tillbaka, lyft fotst\u00f6det p\u00e5 biostolen och starta&#8230;<\/p>\n","protected":false},"featured_media":80527,"template":"","meta":[],"product_brand":[],"product_cat":[911,521,871,910],"product_tag":[],"class_list":{"0":"post-80536","1":"product","2":"type-product","3":"status-publish","4":"has-post-thumbnail","6":"product_cat-aufstehsessel","7":"product_cat-fatolj","8":"product_cat-hus-hem","9":"product_cat-vardagsrum","11":"first","12":"instock","13":"sale","14":"taxable","15":"shipping-taxable","16":"purchasable","17":"product-type-simple"},"yoast_head":"<!-- This site is optimized with the Yoast SEO plugin v25.4 - https:\/\/yoast.com\/wordpress\/plugins\/seo\/ -->\n<title>TRUUSK TV-stol med elektrisk upphj\u00e4lp - Avkopplingsstol med liggl\u00e4ge - V\u00e4rmefunktioner - Massagefunktion - Sidoficka och - TRUUSK - Hem, Tr\u00e4dg\u00e5rd &amp; Fritid<\/title>\n<meta name=\"robots\" content=\"index, follow, max-snippet:-1, max-image-preview:large, max-video-preview:-1\" \/>\n<link rel=\"canonical\" href=\"https:\/\/truusk.store\/sv\/produkt\/truusk-tv-stol-med-elektrisk-upphjalp-avkopplingsstol-med-ligglage-varmefunktioner-massagefunktion-sidoficka-och\/\" \/>\n<meta property=\"og:locale\" content=\"sv_SE\" \/>\n<meta property=\"og:type\" content=\"article\" \/>\n<meta property=\"og:title\" content=\"TRUUSK TV-stol med elektrisk upphj\u00e4lp - Avkopplingsstol med liggl\u00e4ge - V\u00e4rmefunktioner - Massagefunktion - Sidoficka och - TRUUSK - Hem, Tr\u00e4dg\u00e5rd &amp; Fritid\" \/>\n<meta property=\"og:description\" content=\"Njut av en v\u00e4lf\u00f6rtj\u00e4nt paus med denna 2-i-1 massage- och uppresningsstol. Luta dig tillbaka, lyft fotst\u00f6det p\u00e5 biostolen och starta...\" \/>\n<meta property=\"og:url\" content=\"https:\/\/truusk.store\/sv\/produkt\/truusk-tv-stol-med-elektrisk-upphjalp-avkopplingsstol-med-ligglage-varmefunktioner-massagefunktion-sidoficka-och\/\" \/>\n<meta property=\"og:site_name\" content=\"TRUUSK - Hem, Tr\u00e4dg\u00e5rd &amp; Fritid\" \/>\n<meta property=\"article:modified_time\" content=\"2026-03-12T07:40:46+00:00\" \/>\n<meta property=\"og:image\" content=\"https:\/\/i0.wp.com\/truusk.se\/wp-content\/uploads\/2025\/06\/tv-stol-med-elektrisk-upphjalp-avkopplingsstol-med-ligglage-varmefunktioner-tv-stol-med-massagefunktion-upphjalpningsstol-med-sidoficka-och-fjarrkontroll-morkgra-1.webp?fit=2000%2C2000&ssl=1\" \/>\n\t<meta property=\"og:image:width\" content=\"2000\" \/>\n\t<meta property=\"og:image:height\" content=\"2000\" \/>\n\t<meta property=\"og:image:type\" content=\"image\/webp\" \/>\n<meta name=\"twitter:card\" content=\"summary_large_image\" \/>\n<meta name=\"twitter:label1\" content=\"Ber\u00e4knad l\u00e4stid\" \/>\n\t<meta name=\"twitter:data1\" content=\"1 minut\" \/>\n<!-- \/ Yoast SEO plugin. -->","yoast_head_json":{"title":"TRUUSK TV-stol med elektrisk upphj\u00e4lp - Avkopplingsstol med liggl\u00e4ge - V\u00e4rmefunktioner - Massagefunktion - Sidoficka och - TRUUSK - Hem, Tr\u00e4dg\u00e5rd &amp; Fritid","robots":{"index":"index","follow":"follow","max-snippet":"max-snippet:-1","max-image-preview":"max-image-preview:large","max-video-preview":"max-video-preview:-1"},"canonical":"https:\/\/truusk.store\/sv\/produkt\/truusk-tv-stol-med-elektrisk-upphjalp-avkopplingsstol-med-ligglage-varmefunktioner-massagefunktion-sidoficka-och\/","og_locale":"sv_SE","og_type":"article","og_title":"TRUUSK TV-stol med elektrisk upphj\u00e4lp - Avkopplingsstol med liggl\u00e4ge - V\u00e4rmefunktioner - Massagefunktion - Sidoficka och - TRUUSK - Hem, Tr\u00e4dg\u00e5rd &amp; Fritid","og_description":"Njut av en v\u00e4lf\u00f6rtj\u00e4nt paus med denna 2-i-1 massage- och uppresningsstol. Luta dig tillbaka, lyft fotst\u00f6det p\u00e5 biostolen och starta...","og_url":"https:\/\/truusk.store\/sv\/produkt\/truusk-tv-stol-med-elektrisk-upphjalp-avkopplingsstol-med-ligglage-varmefunktioner-massagefunktion-sidoficka-och\/","og_site_name":"TRUUSK - Hem, Tr\u00e4dg\u00e5rd &amp; Fritid","article_modified_time":"2026-03-12T07:40:46+00:00","og_image":[{"width":2000,"height":2000,"url":"https:\/\/i0.wp.com\/truusk.se\/wp-content\/uploads\/2025\/06\/tv-stol-med-elektrisk-upphjalp-avkopplingsstol-med-ligglage-varmefunktioner-tv-stol-med-massagefunktion-upphjalpningsstol-med-sidoficka-och-fjarrkontroll-morkgra-1.webp?fit=2000%2C2000&ssl=1","type":"image\/webp"}],"twitter_card":"summary_large_image","twitter_misc":{"Ber\u00e4knad l\u00e4stid":"1 minut"},"schema":{"@context":"https:\/\/schema.org","@graph":[{"@type":"WebPage","@id":"https:\/\/truusk.store\/sv\/produkt\/truusk-tv-stol-med-elektrisk-upphjalp-avkopplingsstol-med-ligglage-varmefunktioner-massagefunktion-sidoficka-och\/","url":"https:\/\/truusk.store\/sv\/produkt\/truusk-tv-stol-med-elektrisk-upphjalp-avkopplingsstol-med-ligglage-varmefunktioner-massagefunktion-sidoficka-och\/","name":"TRUUSK TV-stol med elektrisk upphj\u00e4lp - Avkopplingsstol med liggl\u00e4ge - V\u00e4rmefunktioner - Massagefunktion - Sidoficka och - TRUUSK - Hem, Tr\u00e4dg\u00e5rd &amp; Fritid","isPartOf":{"@id":"https:\/\/truusk.store\/sv\/#website"},"primaryImageOfPage":{"@id":"https:\/\/truusk.store\/sv\/produkt\/truusk-tv-stol-med-elektrisk-upphjalp-avkopplingsstol-med-ligglage-varmefunktioner-massagefunktion-sidoficka-och\/#primaryimage"},"image":{"@id":"https:\/\/truusk.store\/sv\/produkt\/truusk-tv-stol-med-elektrisk-upphjalp-avkopplingsstol-med-ligglage-varmefunktioner-massagefunktion-sidoficka-och\/#primaryimage"},"thumbnailUrl":"https:\/\/i0.wp.com\/truusk.store\/wp-content\/uploads\/2025\/06\/tv-stol-med-elektrisk-upphjalp-avkopplingsstol-med-ligglage-varmefunktioner-tv-stol-med-massagefunktion-upphjalpningsstol-med-sidoficka-och-fjarrkontroll-morkgra-1.webp?fit=2000%2C2000&ssl=1","datePublished":"2025-06-21T11:25:51+00:00","dateModified":"2026-03-12T07:40:46+00:00","breadcrumb":{"@id":"https:\/\/truusk.store\/sv\/produkt\/truusk-tv-stol-med-elektrisk-upphjalp-avkopplingsstol-med-ligglage-varmefunktioner-massagefunktion-sidoficka-och\/#breadcrumb"},"inLanguage":"sv-SE","potentialAction":[{"@type":"ReadAction","target":["https:\/\/truusk.store\/sv\/produkt\/truusk-tv-stol-med-elektrisk-upphjalp-avkopplingsstol-med-ligglage-varmefunktioner-massagefunktion-sidoficka-och\/"]}]},{"@type":"ImageObject","inLanguage":"sv-SE","@id":"https:\/\/truusk.store\/sv\/produkt\/truusk-tv-stol-med-elektrisk-upphjalp-avkopplingsstol-med-ligglage-varmefunktioner-massagefunktion-sidoficka-och\/#primaryimage","url":"https:\/\/i0.wp.com\/truusk.store\/wp-content\/uploads\/2025\/06\/tv-stol-med-elektrisk-upphjalp-avkopplingsstol-med-ligglage-varmefunktioner-tv-stol-med-massagefunktion-upphjalpningsstol-med-sidoficka-och-fjarrkontroll-morkgra-1.webp?fit=2000%2C2000&ssl=1","contentUrl":"https:\/\/i0.wp.com\/truusk.store\/wp-content\/uploads\/2025\/06\/tv-stol-med-elektrisk-upphjalp-avkopplingsstol-med-ligglage-varmefunktioner-tv-stol-med-massagefunktion-upphjalpningsstol-med-sidoficka-och-fjarrkontroll-morkgra-1.webp?fit=2000%2C2000&ssl=1","width":2000,"height":2000},{"@type":"BreadcrumbList","@id":"https:\/\/truusk.store\/sv\/produkt\/truusk-tv-stol-med-elektrisk-upphjalp-avkopplingsstol-med-ligglage-varmefunktioner-massagefunktion-sidoficka-och\/#breadcrumb","itemListElement":[{"@type":"ListItem","position":1,"name":"Home","item":"https:\/\/truusk.store\/sv\/"},{"@type":"ListItem","position":2,"name":"Shop","item":"https:\/\/truusk.store\/shop\/"},{"@type":"ListItem","position":3,"name":"TRUUSK TV-stol med elektrisk upphj\u00e4lp &#8211; Avkopplingsstol med liggl\u00e4ge &#8211; V\u00e4rmefunktioner &#8211; Massagefunktion &#8211; Sidoficka och"}]},{"@type":"WebSite","@id":"https:\/\/truusk.store\/sv\/#website","url":"https:\/\/truusk.store\/sv\/","name":"TRUUSK - Hem, Tr\u00e4dg\u00e5rd & Fritid","description":"","publisher":{"@id":"https:\/\/truusk.store\/sv\/#organization"},"potentialAction":[{"@type":"SearchAction","target":{"@type":"EntryPoint","urlTemplate":"https:\/\/truusk.store\/sv\/?s={search_term_string}"},"query-input":{"@type":"PropertyValueSpecification","valueRequired":true,"valueName":"search_term_string"}}],"inLanguage":"sv-SE"},{"@type":"Organization","@id":"https:\/\/truusk.store\/sv\/#organization","name":"TRUUSK - Hem, Tr\u00e4dg\u00e5rd & Fritid","url":"https:\/\/truusk.store\/sv\/","logo":{"@type":"ImageObject","inLanguage":"sv-SE","@id":"https:\/\/truusk.store\/sv\/#\/schema\/logo\/image\/","url":"https:\/\/i0.wp.com\/truusk.store\/wp-content\/uploads\/2026\/03\/cropped-TRUUSK.png?fit=2032%2C917&ssl=1","contentUrl":"https:\/\/i0.wp.com\/truusk.store\/wp-content\/uploads\/2026\/03\/cropped-TRUUSK.png?fit=2032%2C917&ssl=1","width":2032,"height":917,"caption":"TRUUSK - Hem, Tr\u00e4dg\u00e5rd & Fritid"},"image":{"@id":"https:\/\/truusk.store\/sv\/#\/schema\/logo\/image\/"}}]}},"jetpack_sharing_enabled":true,"_links":{"self":[{"href":"https:\/\/truusk.store\/sv\/wp-json\/wp\/v2\/product\/80536","targetHints":{"allow":["GET"]}}],"collection":[{"href":"https:\/\/truusk.store\/sv\/wp-json\/wp\/v2\/product"}],"about":[{"href":"https:\/\/truusk.store\/sv\/wp-json\/wp\/v2\/types\/product"}],"wp:featuredmedia":[{"embeddable":true,"href":"https:\/\/truusk.store\/sv\/wp-json\/wp\/v2\/media\/80527"}],"wp:attachment":[{"href":"https:\/\/truusk.store\/sv\/wp-json\/wp\/v2\/media?parent=80536"}],"wp:term":[{"taxonomy":"product_brand","embeddable":true,"href":"https:\/\/truusk.store\/sv\/wp-json\/wp\/v2\/product_brand?post=80536"},{"taxonomy":"product_cat","embeddable":true,"href":"https:\/\/truusk.store\/sv\/wp-json\/wp\/v2\/product_cat?post=80536"},{"taxonomy":"product_tag","embeddable":true,"href":"https:\/\/truusk.store\/sv\/wp-json\/wp\/v2\/product_tag?post=80536"}],"curies":[{"name":"wp","href":"https:\/\/api.w.org\/{rel}","templated":true}]}}