{"id":80565,"date":"2025-06-23T12:12:15","date_gmt":"2025-06-23T11:12:15","guid":{"rendered":"https:\/\/truusk.store\/product\/2-delat-set-med-soffbord-sidobord-med-glasplatta-vardagsrumsbord-med-dack-och-klotdesign-soffbord-for-vardagsrum-sovrum-hall-o41-x-57-cm-guld\/"},"modified":"2026-03-12T09:01:43","modified_gmt":"2026-03-12T08:01:43","slug":"truusk-2-delat-mobelset-soffbord-och-sidobord-med-glasplatta-vardagsrumsbord-med-dack-och-klotdesign-guld-o41-x-57-cm","status":"publish","type":"product","link":"https:\/\/truusk.store\/sv\/produkt\/truusk-2-delat-mobelset-soffbord-och-sidobord-med-glasplatta-vardagsrumsbord-med-dack-och-klotdesign-guld-o41-x-57-cm\/","title":{"rendered":"TRUUSK 2-delat M\u00f6belset &#8211; Soffbord och Sidobord med Glasplatta &#8211; Vardagsrumsbord med D\u00e4ck- och Klotdesign &#8211; Guld &#8211; \u00d841 x 57 cm"},"content":{"rendered":"<p>En distinkt ramdesign i lyxig guldton f\u00f6rvandlar dessa tv\u00e5 soffbord till en glamor\u00f6s blickf\u00e5ngare f\u00f6r ditt hem. Kaffebordets metallramar visar sig i en stilfull d\u00e4ck- och klotdesign, skyddad av en vattent\u00e4t bel\u00e4ggning. Ytorna av h\u00e4rdat s\u00e4kerhetsglas \u00e4r robusta och formvackra. Setet inkluderar ett stort och ett mindre metallbord, som kan skjutas in i det st\u00f6rre f\u00f6r att spara utrymme.<\/p>\n<p>Beskrivning:<\/p>\n<ul>\n<li> Tv\u00e5delat set, utm\u00e4rkt att anv\u00e4nda tillsammans eller separat. Perfekt som sidobord, sidobord eller soffbord<\/li>\n<li> Det lilla satbordet passar exakt in i det st\u00f6rre glasbordet f\u00f6r att spara utrymme<\/li>\n<li> Bordsskivor av h\u00e4rdat glas \u00e4r stabila och s\u00e4kra<\/li>\n<li> Lyxig, guldtonad metallram i en cool d\u00e4ck- och klotdesign<\/li>\n<li> Maximal belastning av nattbordet 30 kg<\/li>\n<\/ul>\n<p> Tekniska data:<\/p>\n<ul>\n<li> F\u00e4rg: Guld<\/li>\n<li> Material: Metall, H\u00e4rdat Glas<\/li>\n<li> Stor bordstorlek: \u00d841 x 57H cm<\/li>\n<li> Liten bordstorlek: \u00d836 x 51H cm<\/li>\n<li> Tjocklek p\u00e5 h\u00e4rdat glas: 5 mm<\/li>\n<li> B\u00e4rkapacitet: 30 kg<\/li>\n<\/ul>\n<p>Leveransinneh\u00e5ll:<\/p>\n<ul>\n<li> 2 x soffbord<\/li>\n<li> 1 x manual<\/li>\n<\/ul>\n","protected":false},"excerpt":{"rendered":"<p>En distinkt ramdesign i lyxig guldton f\u00f6rvandlar dessa tv\u00e5 soffbord till en glamor\u00f6s blickf\u00e5ngare f\u00f6r ditt hem. Kaffebordets metallramar visar&#8230;<\/p>\n","protected":false},"featured_media":80557,"template":"","meta":[],"product_brand":[],"product_cat":[871,929,910],"product_tag":[],"class_list":{"0":"post-80565","1":"product","2":"type-product","3":"status-publish","4":"has-post-thumbnail","6":"product_cat-hus-hem","7":"product_cat-soffbord","8":"product_cat-vardagsrum","10":"first","11":"instock","12":"sale","13":"taxable","14":"shipping-taxable","15":"purchasable","16":"product-type-simple"},"yoast_head":"<!-- This site is optimized with the Yoast SEO plugin v25.4 - https:\/\/yoast.com\/wordpress\/plugins\/seo\/ -->\n<title>TRUUSK 2-delat M\u00f6belset - Soffbord och Sidobord med Glasplatta - Vardagsrumsbord med D\u00e4ck- och Klotdesign - Guld - \u00d841 x 57 cm - TRUUSK - Hem, Tr\u00e4dg\u00e5rd &amp; Fritid<\/title>\n<meta name=\"robots\" content=\"index, follow, max-snippet:-1, max-image-preview:large, max-video-preview:-1\" \/>\n<link rel=\"canonical\" href=\"https:\/\/truusk.store\/sv\/produkt\/truusk-2-delat-mobelset-soffbord-och-sidobord-med-glasplatta-vardagsrumsbord-med-dack-och-klotdesign-guld-o41-x-57-cm\/\" \/>\n<meta property=\"og:locale\" content=\"sv_SE\" \/>\n<meta property=\"og:type\" content=\"article\" \/>\n<meta property=\"og:title\" content=\"TRUUSK 2-delat M\u00f6belset - Soffbord och Sidobord med Glasplatta - Vardagsrumsbord med D\u00e4ck- och Klotdesign - Guld - \u00d841 x 57 cm - TRUUSK - Hem, Tr\u00e4dg\u00e5rd &amp; Fritid\" \/>\n<meta property=\"og:description\" content=\"En distinkt ramdesign i lyxig guldton f\u00f6rvandlar dessa tv\u00e5 soffbord till en glamor\u00f6s blickf\u00e5ngare f\u00f6r ditt hem. Kaffebordets metallramar visar...\" \/>\n<meta property=\"og:url\" content=\"https:\/\/truusk.store\/sv\/produkt\/truusk-2-delat-mobelset-soffbord-och-sidobord-med-glasplatta-vardagsrumsbord-med-dack-och-klotdesign-guld-o41-x-57-cm\/\" \/>\n<meta property=\"og:site_name\" content=\"TRUUSK - Hem, Tr\u00e4dg\u00e5rd &amp; Fritid\" \/>\n<meta property=\"article:modified_time\" content=\"2026-03-12T08:01:43+00:00\" \/>\n<meta property=\"og:image\" content=\"https:\/\/i0.wp.com\/truusk.se\/wp-content\/uploads\/2025\/06\/2-delat-set-med-soffbord-sidobord-med-glasplatta-vardagsrumsbord-med-dack-och-klotdesign-soffbord-for-vardagsrum-sovrum-hall-o41-x-57-cm-guld-1.webp?fit=2000%2C2000&ssl=1\" \/>\n\t<meta property=\"og:image:width\" content=\"2000\" \/>\n\t<meta property=\"og:image:height\" content=\"2000\" \/>\n\t<meta property=\"og:image:type\" content=\"image\/webp\" \/>\n<meta name=\"twitter:card\" content=\"summary_large_image\" \/>\n<meta name=\"twitter:label1\" content=\"Ber\u00e4knad l\u00e4stid\" \/>\n\t<meta name=\"twitter:data1\" content=\"1 minut\" \/>\n<!-- \/ Yoast SEO plugin. -->","yoast_head_json":{"title":"TRUUSK 2-delat M\u00f6belset - Soffbord och Sidobord med Glasplatta - Vardagsrumsbord med D\u00e4ck- och Klotdesign - Guld - \u00d841 x 57 cm - TRUUSK - Hem, Tr\u00e4dg\u00e5rd &amp; Fritid","robots":{"index":"index","follow":"follow","max-snippet":"max-snippet:-1","max-image-preview":"max-image-preview:large","max-video-preview":"max-video-preview:-1"},"canonical":"https:\/\/truusk.store\/sv\/produkt\/truusk-2-delat-mobelset-soffbord-och-sidobord-med-glasplatta-vardagsrumsbord-med-dack-och-klotdesign-guld-o41-x-57-cm\/","og_locale":"sv_SE","og_type":"article","og_title":"TRUUSK 2-delat M\u00f6belset - Soffbord och Sidobord med Glasplatta - Vardagsrumsbord med D\u00e4ck- och Klotdesign - Guld - \u00d841 x 57 cm - TRUUSK - Hem, Tr\u00e4dg\u00e5rd &amp; Fritid","og_description":"En distinkt ramdesign i lyxig guldton f\u00f6rvandlar dessa tv\u00e5 soffbord till en glamor\u00f6s blickf\u00e5ngare f\u00f6r ditt hem. Kaffebordets metallramar visar...","og_url":"https:\/\/truusk.store\/sv\/produkt\/truusk-2-delat-mobelset-soffbord-och-sidobord-med-glasplatta-vardagsrumsbord-med-dack-och-klotdesign-guld-o41-x-57-cm\/","og_site_name":"TRUUSK - Hem, Tr\u00e4dg\u00e5rd &amp; Fritid","article_modified_time":"2026-03-12T08:01:43+00:00","og_image":[{"width":2000,"height":2000,"url":"https:\/\/i0.wp.com\/truusk.se\/wp-content\/uploads\/2025\/06\/2-delat-set-med-soffbord-sidobord-med-glasplatta-vardagsrumsbord-med-dack-och-klotdesign-soffbord-for-vardagsrum-sovrum-hall-o41-x-57-cm-guld-1.webp?fit=2000%2C2000&ssl=1","type":"image\/webp"}],"twitter_card":"summary_large_image","twitter_misc":{"Ber\u00e4knad l\u00e4stid":"1 minut"},"schema":{"@context":"https:\/\/schema.org","@graph":[{"@type":"WebPage","@id":"https:\/\/truusk.store\/sv\/produkt\/truusk-2-delat-mobelset-soffbord-och-sidobord-med-glasplatta-vardagsrumsbord-med-dack-och-klotdesign-guld-o41-x-57-cm\/","url":"https:\/\/truusk.store\/sv\/produkt\/truusk-2-delat-mobelset-soffbord-och-sidobord-med-glasplatta-vardagsrumsbord-med-dack-och-klotdesign-guld-o41-x-57-cm\/","name":"TRUUSK 2-delat M\u00f6belset - Soffbord och Sidobord med Glasplatta - Vardagsrumsbord med D\u00e4ck- och Klotdesign - Guld - \u00d841 x 57 cm - TRUUSK - Hem, Tr\u00e4dg\u00e5rd &amp; Fritid","isPartOf":{"@id":"https:\/\/truusk.store\/sv\/#website"},"primaryImageOfPage":{"@id":"https:\/\/truusk.store\/sv\/produkt\/truusk-2-delat-mobelset-soffbord-och-sidobord-med-glasplatta-vardagsrumsbord-med-dack-och-klotdesign-guld-o41-x-57-cm\/#primaryimage"},"image":{"@id":"https:\/\/truusk.store\/sv\/produkt\/truusk-2-delat-mobelset-soffbord-och-sidobord-med-glasplatta-vardagsrumsbord-med-dack-och-klotdesign-guld-o41-x-57-cm\/#primaryimage"},"thumbnailUrl":"https:\/\/i0.wp.com\/truusk.store\/wp-content\/uploads\/2025\/06\/2-delat-set-med-soffbord-sidobord-med-glasplatta-vardagsrumsbord-med-dack-och-klotdesign-soffbord-for-vardagsrum-sovrum-hall-o41-x-57-cm-guld-1.webp?fit=2000%2C2000&ssl=1","datePublished":"2025-06-23T11:12:15+00:00","dateModified":"2026-03-12T08:01:43+00:00","breadcrumb":{"@id":"https:\/\/truusk.store\/sv\/produkt\/truusk-2-delat-mobelset-soffbord-och-sidobord-med-glasplatta-vardagsrumsbord-med-dack-och-klotdesign-guld-o41-x-57-cm\/#breadcrumb"},"inLanguage":"sv-SE","potentialAction":[{"@type":"ReadAction","target":["https:\/\/truusk.store\/sv\/produkt\/truusk-2-delat-mobelset-soffbord-och-sidobord-med-glasplatta-vardagsrumsbord-med-dack-och-klotdesign-guld-o41-x-57-cm\/"]}]},{"@type":"ImageObject","inLanguage":"sv-SE","@id":"https:\/\/truusk.store\/sv\/produkt\/truusk-2-delat-mobelset-soffbord-och-sidobord-med-glasplatta-vardagsrumsbord-med-dack-och-klotdesign-guld-o41-x-57-cm\/#primaryimage","url":"https:\/\/i0.wp.com\/truusk.store\/wp-content\/uploads\/2025\/06\/2-delat-set-med-soffbord-sidobord-med-glasplatta-vardagsrumsbord-med-dack-och-klotdesign-soffbord-for-vardagsrum-sovrum-hall-o41-x-57-cm-guld-1.webp?fit=2000%2C2000&ssl=1","contentUrl":"https:\/\/i0.wp.com\/truusk.store\/wp-content\/uploads\/2025\/06\/2-delat-set-med-soffbord-sidobord-med-glasplatta-vardagsrumsbord-med-dack-och-klotdesign-soffbord-for-vardagsrum-sovrum-hall-o41-x-57-cm-guld-1.webp?fit=2000%2C2000&ssl=1","width":2000,"height":2000},{"@type":"BreadcrumbList","@id":"https:\/\/truusk.store\/sv\/produkt\/truusk-2-delat-mobelset-soffbord-och-sidobord-med-glasplatta-vardagsrumsbord-med-dack-och-klotdesign-guld-o41-x-57-cm\/#breadcrumb","itemListElement":[{"@type":"ListItem","position":1,"name":"Home","item":"https:\/\/truusk.store\/sv\/"},{"@type":"ListItem","position":2,"name":"Shop","item":"https:\/\/truusk.store\/shop\/"},{"@type":"ListItem","position":3,"name":"TRUUSK 2-delat M\u00f6belset &#8211; Soffbord och Sidobord med Glasplatta &#8211; Vardagsrumsbord med D\u00e4ck- och Klotdesign &#8211; Guld &#8211; \u00d841 x 57 cm"}]},{"@type":"WebSite","@id":"https:\/\/truusk.store\/sv\/#website","url":"https:\/\/truusk.store\/sv\/","name":"TRUUSK - Hem, Tr\u00e4dg\u00e5rd & Fritid","description":"","publisher":{"@id":"https:\/\/truusk.store\/sv\/#organization"},"potentialAction":[{"@type":"SearchAction","target":{"@type":"EntryPoint","urlTemplate":"https:\/\/truusk.store\/sv\/?s={search_term_string}"},"query-input":{"@type":"PropertyValueSpecification","valueRequired":true,"valueName":"search_term_string"}}],"inLanguage":"sv-SE"},{"@type":"Organization","@id":"https:\/\/truusk.store\/sv\/#organization","name":"TRUUSK - Hem, Tr\u00e4dg\u00e5rd & Fritid","url":"https:\/\/truusk.store\/sv\/","logo":{"@type":"ImageObject","inLanguage":"sv-SE","@id":"https:\/\/truusk.store\/sv\/#\/schema\/logo\/image\/","url":"https:\/\/i0.wp.com\/truusk.store\/wp-content\/uploads\/2026\/03\/cropped-TRUUSK.png?fit=2032%2C917&ssl=1","contentUrl":"https:\/\/i0.wp.com\/truusk.store\/wp-content\/uploads\/2026\/03\/cropped-TRUUSK.png?fit=2032%2C917&ssl=1","width":2032,"height":917,"caption":"TRUUSK - Hem, Tr\u00e4dg\u00e5rd & Fritid"},"image":{"@id":"https:\/\/truusk.store\/sv\/#\/schema\/logo\/image\/"}}]}},"jetpack_sharing_enabled":true,"_links":{"self":[{"href":"https:\/\/truusk.store\/sv\/wp-json\/wp\/v2\/product\/80565","targetHints":{"allow":["GET"]}}],"collection":[{"href":"https:\/\/truusk.store\/sv\/wp-json\/wp\/v2\/product"}],"about":[{"href":"https:\/\/truusk.store\/sv\/wp-json\/wp\/v2\/types\/product"}],"wp:featuredmedia":[{"embeddable":true,"href":"https:\/\/truusk.store\/sv\/wp-json\/wp\/v2\/media\/80557"}],"wp:attachment":[{"href":"https:\/\/truusk.store\/sv\/wp-json\/wp\/v2\/media?parent=80565"}],"wp:term":[{"taxonomy":"product_brand","embeddable":true,"href":"https:\/\/truusk.store\/sv\/wp-json\/wp\/v2\/product_brand?post=80565"},{"taxonomy":"product_cat","embeddable":true,"href":"https:\/\/truusk.store\/sv\/wp-json\/wp\/v2\/product_cat?post=80565"},{"taxonomy":"product_tag","embeddable":true,"href":"https:\/\/truusk.store\/sv\/wp-json\/wp\/v2\/product_tag?post=80565"}],"curies":[{"name":"wp","href":"https:\/\/api.w.org\/{rel}","templated":true}]}}