{"id":80575,"date":"2025-06-23T12:13:23","date_gmt":"2025-06-23T11:13:23","guid":{"rendered":"https:\/\/truusk.store\/product\/kontorsstol-ergonomisk-skrivbordsstol-utan-armstod-hojdjusterbar-snurrstol-datorstol-for-kontor-arbetsrum-konstlader-vit\/"},"modified":"2026-03-12T09:02:23","modified_gmt":"2026-03-12T08:02:23","slug":"truusk-ergonomisk-kontorsstol-utan-armstod-justerbar-hojd-snurrfunktion-konstlader-vit","status":"publish","type":"product","link":"https:\/\/truusk.store\/sv\/produkt\/truusk-ergonomisk-kontorsstol-utan-armstod-justerbar-hojd-snurrfunktion-konstlader-vit\/","title":{"rendered":"TRUUSK Ergonomisk Kontorsstol Utan Armst\u00f6d &#8211; Justerbar H\u00f6jd &#8211; Snurrfunktion &#8211; Konstl\u00e4der &#8211; Vit"},"content":{"rendered":"<p>Enkel och sofistikerad &#8211; s\u00e5 presenteras den eleganta, ergonomiska datorstolen. Dess design med en st\u00e5lstruktur och ett \u00f6verdrag av vitt konstl\u00e4der ger ett minimalistiskt utseende, perfekt f\u00f6r alla inredningar. F\u00f6rutom stilen \u00e4r PC-stolen funktionellt designad: Den h\u00f6jdjusterbara sitsen och den tysta, roterande basen med 5 nylonhjul ger komfort och r\u00f6rlighet.<\/p>\n<p>Beskrivning:<\/p>\n<ul>\n<li> Klassiskt och modernt designad snurrstol, passar i alla hem eller kontor<\/li>\n<li> Bekv\u00e4m sittplats tack vare mjuk och tjock stoppning<\/li>\n<li> Kl\u00e4dd med slitstarkt och h\u00e5llbart konstl\u00e4der, l\u00e4tt att reng\u00f6ra<\/li>\n<li> Robust och solid struktur av datorstolen i galvaniserat st\u00e5l<\/li>\n<li> Den stj\u00e4rnformade basen med 5 halkfria hjul garanterar maximal stabilitet och underl\u00e4ttar r\u00f6relsen av denna kontorsstol<\/li>\n<li> Montering kr\u00e4vs, snabbt och enkelt<\/li>\n<\/ul>\n<p> Tekniska data:<\/p>\n<ul>\n<li> F\u00e4rg: Vit<\/li>\n<li> Material: Konstl\u00e4der, St\u00e5l<\/li>\n<li> M\u00e5tt: 46B x 51D x 80-92H cm<\/li>\n<li> Sittplats: 46B x 37D cm<\/li>\n<li> Sitth\u00f6jd: 45-57 cm<\/li>\n<li> Sitsstoppning: 5 cm<\/li>\n<li> B\u00e4rkapacitet: 120 kg<\/li>\n<\/ul>\n<p>Leveransinneh\u00e5ll:<\/p>\n<ul>\n<li> 1 \u00d7 Kontorsstol;<\/li>\n<\/ul>\n","protected":false},"excerpt":{"rendered":"<p>Enkel och sofistikerad &#8211; s\u00e5 presenteras den eleganta, ergonomiska datorstolen. Dess design med en st\u00e5lstruktur och ett \u00f6verdrag av vitt&#8230;<\/p>\n","protected":false},"featured_media":80566,"template":"","meta":[],"product_brand":[],"product_cat":[872,871,516],"product_tag":[],"class_list":{"0":"post-80575","1":"product","2":"type-product","3":"status-publish","4":"has-post-thumbnail","6":"product_cat-hemmakontor-arbetsplats","7":"product_cat-hus-hem","8":"product_cat-kontorsstolar","10":"first","11":"instock","12":"sale","13":"taxable","14":"shipping-taxable","15":"purchasable","16":"product-type-simple"},"yoast_head":"<!-- This site is optimized with the Yoast SEO plugin v25.4 - https:\/\/yoast.com\/wordpress\/plugins\/seo\/ -->\n<title>TRUUSK Ergonomisk Kontorsstol Utan Armst\u00f6d - Justerbar H\u00f6jd - Snurrfunktion - Konstl\u00e4der - Vit - TRUUSK - Hem, Tr\u00e4dg\u00e5rd &amp; Fritid<\/title>\n<meta name=\"robots\" content=\"index, follow, max-snippet:-1, max-image-preview:large, max-video-preview:-1\" \/>\n<link rel=\"canonical\" href=\"https:\/\/truusk.store\/sv\/produkt\/truusk-ergonomisk-kontorsstol-utan-armstod-justerbar-hojd-snurrfunktion-konstlader-vit\/\" \/>\n<meta property=\"og:locale\" content=\"sv_SE\" \/>\n<meta property=\"og:type\" content=\"article\" \/>\n<meta property=\"og:title\" content=\"TRUUSK Ergonomisk Kontorsstol Utan Armst\u00f6d - Justerbar H\u00f6jd - Snurrfunktion - Konstl\u00e4der - Vit - TRUUSK - Hem, Tr\u00e4dg\u00e5rd &amp; Fritid\" \/>\n<meta property=\"og:description\" content=\"Enkel och sofistikerad &#8211; s\u00e5 presenteras den eleganta, ergonomiska datorstolen. Dess design med en st\u00e5lstruktur och ett \u00f6verdrag av vitt...\" \/>\n<meta property=\"og:url\" content=\"https:\/\/truusk.store\/sv\/produkt\/truusk-ergonomisk-kontorsstol-utan-armstod-justerbar-hojd-snurrfunktion-konstlader-vit\/\" \/>\n<meta property=\"og:site_name\" content=\"TRUUSK - Hem, Tr\u00e4dg\u00e5rd &amp; Fritid\" \/>\n<meta property=\"article:modified_time\" content=\"2026-03-12T08:02:23+00:00\" \/>\n<meta property=\"og:image\" content=\"https:\/\/i0.wp.com\/truusk.se\/wp-content\/uploads\/2025\/06\/kontorsstol-ergonomisk-skrivbordsstol-utan-armstod-hojdjusterbar-snurrstol-datorstol-for-kontor-arbetsrum-konstlader-vit-1.webp?fit=1500%2C1500&ssl=1\" \/>\n\t<meta property=\"og:image:width\" content=\"1500\" \/>\n\t<meta property=\"og:image:height\" content=\"1500\" \/>\n\t<meta property=\"og:image:type\" content=\"image\/webp\" \/>\n<meta name=\"twitter:card\" content=\"summary_large_image\" \/>\n<meta name=\"twitter:label1\" content=\"Ber\u00e4knad l\u00e4stid\" \/>\n\t<meta name=\"twitter:data1\" content=\"1 minut\" \/>\n<!-- \/ Yoast SEO plugin. -->","yoast_head_json":{"title":"TRUUSK Ergonomisk Kontorsstol Utan Armst\u00f6d - Justerbar H\u00f6jd - Snurrfunktion - Konstl\u00e4der - Vit - TRUUSK - Hem, Tr\u00e4dg\u00e5rd &amp; Fritid","robots":{"index":"index","follow":"follow","max-snippet":"max-snippet:-1","max-image-preview":"max-image-preview:large","max-video-preview":"max-video-preview:-1"},"canonical":"https:\/\/truusk.store\/sv\/produkt\/truusk-ergonomisk-kontorsstol-utan-armstod-justerbar-hojd-snurrfunktion-konstlader-vit\/","og_locale":"sv_SE","og_type":"article","og_title":"TRUUSK Ergonomisk Kontorsstol Utan Armst\u00f6d - Justerbar H\u00f6jd - Snurrfunktion - Konstl\u00e4der - Vit - TRUUSK - Hem, Tr\u00e4dg\u00e5rd &amp; Fritid","og_description":"Enkel och sofistikerad &#8211; s\u00e5 presenteras den eleganta, ergonomiska datorstolen. Dess design med en st\u00e5lstruktur och ett \u00f6verdrag av vitt...","og_url":"https:\/\/truusk.store\/sv\/produkt\/truusk-ergonomisk-kontorsstol-utan-armstod-justerbar-hojd-snurrfunktion-konstlader-vit\/","og_site_name":"TRUUSK - Hem, Tr\u00e4dg\u00e5rd &amp; Fritid","article_modified_time":"2026-03-12T08:02:23+00:00","og_image":[{"width":1500,"height":1500,"url":"https:\/\/i0.wp.com\/truusk.se\/wp-content\/uploads\/2025\/06\/kontorsstol-ergonomisk-skrivbordsstol-utan-armstod-hojdjusterbar-snurrstol-datorstol-for-kontor-arbetsrum-konstlader-vit-1.webp?fit=1500%2C1500&ssl=1","type":"image\/webp"}],"twitter_card":"summary_large_image","twitter_misc":{"Ber\u00e4knad l\u00e4stid":"1 minut"},"schema":{"@context":"https:\/\/schema.org","@graph":[{"@type":"WebPage","@id":"https:\/\/truusk.store\/sv\/produkt\/truusk-ergonomisk-kontorsstol-utan-armstod-justerbar-hojd-snurrfunktion-konstlader-vit\/","url":"https:\/\/truusk.store\/sv\/produkt\/truusk-ergonomisk-kontorsstol-utan-armstod-justerbar-hojd-snurrfunktion-konstlader-vit\/","name":"TRUUSK Ergonomisk Kontorsstol Utan Armst\u00f6d - Justerbar H\u00f6jd - Snurrfunktion - Konstl\u00e4der - Vit - TRUUSK - Hem, Tr\u00e4dg\u00e5rd &amp; Fritid","isPartOf":{"@id":"https:\/\/truusk.store\/sv\/#website"},"primaryImageOfPage":{"@id":"https:\/\/truusk.store\/sv\/produkt\/truusk-ergonomisk-kontorsstol-utan-armstod-justerbar-hojd-snurrfunktion-konstlader-vit\/#primaryimage"},"image":{"@id":"https:\/\/truusk.store\/sv\/produkt\/truusk-ergonomisk-kontorsstol-utan-armstod-justerbar-hojd-snurrfunktion-konstlader-vit\/#primaryimage"},"thumbnailUrl":"https:\/\/i0.wp.com\/truusk.store\/wp-content\/uploads\/2025\/06\/kontorsstol-ergonomisk-skrivbordsstol-utan-armstod-hojdjusterbar-snurrstol-datorstol-for-kontor-arbetsrum-konstlader-vit-1.webp?fit=1500%2C1500&ssl=1","datePublished":"2025-06-23T11:13:23+00:00","dateModified":"2026-03-12T08:02:23+00:00","breadcrumb":{"@id":"https:\/\/truusk.store\/sv\/produkt\/truusk-ergonomisk-kontorsstol-utan-armstod-justerbar-hojd-snurrfunktion-konstlader-vit\/#breadcrumb"},"inLanguage":"sv-SE","potentialAction":[{"@type":"ReadAction","target":["https:\/\/truusk.store\/sv\/produkt\/truusk-ergonomisk-kontorsstol-utan-armstod-justerbar-hojd-snurrfunktion-konstlader-vit\/"]}]},{"@type":"ImageObject","inLanguage":"sv-SE","@id":"https:\/\/truusk.store\/sv\/produkt\/truusk-ergonomisk-kontorsstol-utan-armstod-justerbar-hojd-snurrfunktion-konstlader-vit\/#primaryimage","url":"https:\/\/i0.wp.com\/truusk.store\/wp-content\/uploads\/2025\/06\/kontorsstol-ergonomisk-skrivbordsstol-utan-armstod-hojdjusterbar-snurrstol-datorstol-for-kontor-arbetsrum-konstlader-vit-1.webp?fit=1500%2C1500&ssl=1","contentUrl":"https:\/\/i0.wp.com\/truusk.store\/wp-content\/uploads\/2025\/06\/kontorsstol-ergonomisk-skrivbordsstol-utan-armstod-hojdjusterbar-snurrstol-datorstol-for-kontor-arbetsrum-konstlader-vit-1.webp?fit=1500%2C1500&ssl=1","width":1500,"height":1500},{"@type":"BreadcrumbList","@id":"https:\/\/truusk.store\/sv\/produkt\/truusk-ergonomisk-kontorsstol-utan-armstod-justerbar-hojd-snurrfunktion-konstlader-vit\/#breadcrumb","itemListElement":[{"@type":"ListItem","position":1,"name":"Home","item":"https:\/\/truusk.store\/sv\/"},{"@type":"ListItem","position":2,"name":"Shop","item":"https:\/\/truusk.store\/shop\/"},{"@type":"ListItem","position":3,"name":"TRUUSK Ergonomisk Kontorsstol Utan Armst\u00f6d &#8211; Justerbar H\u00f6jd &#8211; Snurrfunktion &#8211; Konstl\u00e4der &#8211; Vit"}]},{"@type":"WebSite","@id":"https:\/\/truusk.store\/sv\/#website","url":"https:\/\/truusk.store\/sv\/","name":"TRUUSK - Hem, Tr\u00e4dg\u00e5rd & Fritid","description":"","publisher":{"@id":"https:\/\/truusk.store\/sv\/#organization"},"potentialAction":[{"@type":"SearchAction","target":{"@type":"EntryPoint","urlTemplate":"https:\/\/truusk.store\/sv\/?s={search_term_string}"},"query-input":{"@type":"PropertyValueSpecification","valueRequired":true,"valueName":"search_term_string"}}],"inLanguage":"sv-SE"},{"@type":"Organization","@id":"https:\/\/truusk.store\/sv\/#organization","name":"TRUUSK - Hem, Tr\u00e4dg\u00e5rd & Fritid","url":"https:\/\/truusk.store\/sv\/","logo":{"@type":"ImageObject","inLanguage":"sv-SE","@id":"https:\/\/truusk.store\/sv\/#\/schema\/logo\/image\/","url":"https:\/\/i0.wp.com\/truusk.store\/wp-content\/uploads\/2026\/03\/cropped-TRUUSK.png?fit=2032%2C917&ssl=1","contentUrl":"https:\/\/i0.wp.com\/truusk.store\/wp-content\/uploads\/2026\/03\/cropped-TRUUSK.png?fit=2032%2C917&ssl=1","width":2032,"height":917,"caption":"TRUUSK - Hem, Tr\u00e4dg\u00e5rd & Fritid"},"image":{"@id":"https:\/\/truusk.store\/sv\/#\/schema\/logo\/image\/"}}]}},"jetpack_sharing_enabled":true,"_links":{"self":[{"href":"https:\/\/truusk.store\/sv\/wp-json\/wp\/v2\/product\/80575","targetHints":{"allow":["GET"]}}],"collection":[{"href":"https:\/\/truusk.store\/sv\/wp-json\/wp\/v2\/product"}],"about":[{"href":"https:\/\/truusk.store\/sv\/wp-json\/wp\/v2\/types\/product"}],"wp:featuredmedia":[{"embeddable":true,"href":"https:\/\/truusk.store\/sv\/wp-json\/wp\/v2\/media\/80566"}],"wp:attachment":[{"href":"https:\/\/truusk.store\/sv\/wp-json\/wp\/v2\/media?parent=80575"}],"wp:term":[{"taxonomy":"product_brand","embeddable":true,"href":"https:\/\/truusk.store\/sv\/wp-json\/wp\/v2\/product_brand?post=80575"},{"taxonomy":"product_cat","embeddable":true,"href":"https:\/\/truusk.store\/sv\/wp-json\/wp\/v2\/product_cat?post=80575"},{"taxonomy":"product_tag","embeddable":true,"href":"https:\/\/truusk.store\/sv\/wp-json\/wp\/v2\/product_tag?post=80575"}],"curies":[{"name":"wp","href":"https:\/\/api.w.org\/{rel}","templated":true}]}}