{"id":80635,"date":"2025-06-23T12:29:26","date_gmt":"2025-06-23T11:29:26","guid":{"rendered":"https:\/\/truusk.store\/product\/klostrad-91-cm-kattorn-med-sisalstammar-plattform-kuddar-flervanings-kattklostrad-klattertrad-for-medelstora-katter-kramvit\/"},"modified":"2026-03-12T09:38:32","modified_gmt":"2026-03-12T08:38:32","slug":"truusk-91-cm-kattklostrad-med-sisalstammar-plattform-kuddar-for-medelstora-katter-kramvit","status":"publish","type":"product","link":"https:\/\/truusk.store\/sv\/produkt\/truusk-91-cm-kattklostrad-med-sisalstammar-plattform-kuddar-for-medelstora-katter-kramvit\/","title":{"rendered":"TRUUSK 91 cm Kattkl\u00f6str\u00e4d med Sisalstammar &#8211; Plattform &#8211; Kuddar &#8211; F\u00f6r Medelstora Katter &#8211; Kr\u00e4mvit"},"content":{"rendered":"<p>Tillfredsst\u00e4ll din katts naturliga instinkter p\u00e5 ett s\u00e4kert s\u00e4tt med denna kl\u00f6str\u00e4d fr\u00e5n TRUUSK! Detta multiaktivitetscenter har naturliga, sisal\u00f6verdragna kl\u00f6spelare och bekv\u00e4ma plattformar f\u00f6r att sitta, vila och leka. Dina katter kan spendera hela dagen p\u00e5 det. Detta kl\u00f6str\u00e4d ger din katt massor av roligt och variation.<\/p>\n<p>Beskrivning:<\/p>\n<ul>\n<li> Kl\u00e4dd med mjuk lammull och en mjuk kudde, kommer dina katter att \u00e4lska detta kl\u00f6str\u00e4d och vila p\u00e5 det i timmar<\/li>\n<li> Den \u00f6vre sittplattformen med upph\u00f6jd kant ger dina katter en bekv\u00e4m plats att koppla av<\/li>\n<li> Pelarna med sisalrep tillfredsst\u00e4ller dina katters kl\u00e5da och skyddar dina m\u00f6bler fr\u00e5n repor<\/li>\n<li> Multiaktivitetskl\u00f6str\u00e4det \u00e4r tillverkat av h\u00f6gkvalitativa sp\u00e5nskivor av klass E1<\/li>\n<li> Eleganta kr\u00e4miga vita toner passar bra med din befintliga heminredning<\/li>\n<li> Enkel montering kr\u00e4vs<\/li>\n<\/ul>\n<p> Tekniska data:<\/p>\n<ul>\n<li> F\u00e4rg: Kr\u00e4mvit<\/li>\n<li> Material: Sp\u00e5nskiva, lammull, sisal<\/li>\n<li> Totala m\u00e5tt: 45L x 45B x 91H cm<\/li>\n<li> Storlek p\u00e5 \u00f6vre plattform: 45L x 36B x 8H cm<\/li>\n<li> Storlek p\u00e5 nedre plattform: 45L x 45B cm<\/li>\n<li> Storlek p\u00e5 mellersta plattform: \u00d835,5 cm<\/li>\n<li> M\u00e5tt (kattstolpe): \u00d816,5 cm<\/li>\n<li> B\u00e4rkapacitet: 10 kg<\/li>\n<\/ul>\n<p> Leveransinneh\u00e5ll:<\/p>\n<ul>\n<li> 1 x Kl\u00f6str\u00e4d<\/li>\n<li> 1 x Instruktioner<\/li>\n<\/ul>\n","protected":false},"excerpt":{"rendered":"<p>Tillfredsst\u00e4ll din katts naturliga instinkter p\u00e5 ett s\u00e4kert s\u00e4tt med denna kl\u00f6str\u00e4d fr\u00e5n TRUUSK! Detta multiaktivitetscenter har naturliga, sisal\u00f6verdragna kl\u00f6spelare&#8230;<\/p>\n","protected":false},"featured_media":80626,"template":"","meta":[],"product_brand":[],"product_cat":[878,588,879],"product_tag":[],"class_list":{"0":"post-80635","1":"product","2":"type-product","3":"status-publish","4":"has-post-thumbnail","6":"product_cat-djurbehov","7":"product_cat-katttillbehor","8":"product_cat-klostrad","10":"first","11":"instock","12":"sale","13":"taxable","14":"shipping-taxable","15":"purchasable","16":"product-type-simple"},"yoast_head":"<!-- This site is optimized with the Yoast SEO plugin v25.4 - https:\/\/yoast.com\/wordpress\/plugins\/seo\/ -->\n<title>TRUUSK 91 cm Kattkl\u00f6str\u00e4d med Sisalstammar - Plattform - Kuddar - F\u00f6r Medelstora Katter - Kr\u00e4mvit - TRUUSK - Hem, Tr\u00e4dg\u00e5rd &amp; Fritid<\/title>\n<meta name=\"robots\" content=\"index, follow, max-snippet:-1, max-image-preview:large, max-video-preview:-1\" \/>\n<link rel=\"canonical\" href=\"https:\/\/truusk.store\/sv\/produkt\/truusk-91-cm-kattklostrad-med-sisalstammar-plattform-kuddar-for-medelstora-katter-kramvit\/\" \/>\n<meta property=\"og:locale\" content=\"sv_SE\" \/>\n<meta property=\"og:type\" content=\"article\" \/>\n<meta property=\"og:title\" content=\"TRUUSK 91 cm Kattkl\u00f6str\u00e4d med Sisalstammar - Plattform - Kuddar - F\u00f6r Medelstora Katter - Kr\u00e4mvit - TRUUSK - Hem, Tr\u00e4dg\u00e5rd &amp; Fritid\" \/>\n<meta property=\"og:description\" content=\"Tillfredsst\u00e4ll din katts naturliga instinkter p\u00e5 ett s\u00e4kert s\u00e4tt med denna kl\u00f6str\u00e4d fr\u00e5n TRUUSK! Detta multiaktivitetscenter har naturliga, sisal\u00f6verdragna kl\u00f6spelare...\" \/>\n<meta property=\"og:url\" content=\"https:\/\/truusk.store\/sv\/produkt\/truusk-91-cm-kattklostrad-med-sisalstammar-plattform-kuddar-for-medelstora-katter-kramvit\/\" \/>\n<meta property=\"og:site_name\" content=\"TRUUSK - Hem, Tr\u00e4dg\u00e5rd &amp; Fritid\" \/>\n<meta property=\"article:modified_time\" content=\"2026-03-12T08:38:32+00:00\" \/>\n<meta property=\"og:image\" content=\"https:\/\/i0.wp.com\/truusk.se\/wp-content\/uploads\/2025\/06\/klostrad-91-cm-kattorn-med-sisalstammar-plattform-kuddar-flervanings-kattklostrad-klattertrad-for-medelstora-katter-kramvit-1.webp?fit=2000%2C2000&ssl=1\" \/>\n\t<meta property=\"og:image:width\" content=\"2000\" \/>\n\t<meta property=\"og:image:height\" content=\"2000\" \/>\n\t<meta property=\"og:image:type\" content=\"image\/webp\" \/>\n<meta name=\"twitter:card\" content=\"summary_large_image\" \/>\n<meta name=\"twitter:label1\" content=\"Ber\u00e4knad l\u00e4stid\" \/>\n\t<meta name=\"twitter:data1\" content=\"1 minut\" \/>\n<!-- \/ Yoast SEO plugin. -->","yoast_head_json":{"title":"TRUUSK 91 cm Kattkl\u00f6str\u00e4d med Sisalstammar - Plattform - Kuddar - F\u00f6r Medelstora Katter - Kr\u00e4mvit - TRUUSK - Hem, Tr\u00e4dg\u00e5rd &amp; Fritid","robots":{"index":"index","follow":"follow","max-snippet":"max-snippet:-1","max-image-preview":"max-image-preview:large","max-video-preview":"max-video-preview:-1"},"canonical":"https:\/\/truusk.store\/sv\/produkt\/truusk-91-cm-kattklostrad-med-sisalstammar-plattform-kuddar-for-medelstora-katter-kramvit\/","og_locale":"sv_SE","og_type":"article","og_title":"TRUUSK 91 cm Kattkl\u00f6str\u00e4d med Sisalstammar - Plattform - Kuddar - F\u00f6r Medelstora Katter - Kr\u00e4mvit - TRUUSK - Hem, Tr\u00e4dg\u00e5rd &amp; Fritid","og_description":"Tillfredsst\u00e4ll din katts naturliga instinkter p\u00e5 ett s\u00e4kert s\u00e4tt med denna kl\u00f6str\u00e4d fr\u00e5n TRUUSK! Detta multiaktivitetscenter har naturliga, sisal\u00f6verdragna kl\u00f6spelare...","og_url":"https:\/\/truusk.store\/sv\/produkt\/truusk-91-cm-kattklostrad-med-sisalstammar-plattform-kuddar-for-medelstora-katter-kramvit\/","og_site_name":"TRUUSK - Hem, Tr\u00e4dg\u00e5rd &amp; Fritid","article_modified_time":"2026-03-12T08:38:32+00:00","og_image":[{"width":2000,"height":2000,"url":"https:\/\/i0.wp.com\/truusk.se\/wp-content\/uploads\/2025\/06\/klostrad-91-cm-kattorn-med-sisalstammar-plattform-kuddar-flervanings-kattklostrad-klattertrad-for-medelstora-katter-kramvit-1.webp?fit=2000%2C2000&ssl=1","type":"image\/webp"}],"twitter_card":"summary_large_image","twitter_misc":{"Ber\u00e4knad l\u00e4stid":"1 minut"},"schema":{"@context":"https:\/\/schema.org","@graph":[{"@type":"WebPage","@id":"https:\/\/truusk.store\/sv\/produkt\/truusk-91-cm-kattklostrad-med-sisalstammar-plattform-kuddar-for-medelstora-katter-kramvit\/","url":"https:\/\/truusk.store\/sv\/produkt\/truusk-91-cm-kattklostrad-med-sisalstammar-plattform-kuddar-for-medelstora-katter-kramvit\/","name":"TRUUSK 91 cm Kattkl\u00f6str\u00e4d med Sisalstammar - Plattform - Kuddar - F\u00f6r Medelstora Katter - Kr\u00e4mvit - TRUUSK - Hem, Tr\u00e4dg\u00e5rd &amp; Fritid","isPartOf":{"@id":"https:\/\/truusk.store\/sv\/#website"},"primaryImageOfPage":{"@id":"https:\/\/truusk.store\/sv\/produkt\/truusk-91-cm-kattklostrad-med-sisalstammar-plattform-kuddar-for-medelstora-katter-kramvit\/#primaryimage"},"image":{"@id":"https:\/\/truusk.store\/sv\/produkt\/truusk-91-cm-kattklostrad-med-sisalstammar-plattform-kuddar-for-medelstora-katter-kramvit\/#primaryimage"},"thumbnailUrl":"https:\/\/i0.wp.com\/truusk.store\/wp-content\/uploads\/2025\/06\/klostrad-91-cm-kattorn-med-sisalstammar-plattform-kuddar-flervanings-kattklostrad-klattertrad-for-medelstora-katter-kramvit-1.webp?fit=2000%2C2000&ssl=1","datePublished":"2025-06-23T11:29:26+00:00","dateModified":"2026-03-12T08:38:32+00:00","breadcrumb":{"@id":"https:\/\/truusk.store\/sv\/produkt\/truusk-91-cm-kattklostrad-med-sisalstammar-plattform-kuddar-for-medelstora-katter-kramvit\/#breadcrumb"},"inLanguage":"sv-SE","potentialAction":[{"@type":"ReadAction","target":["https:\/\/truusk.store\/sv\/produkt\/truusk-91-cm-kattklostrad-med-sisalstammar-plattform-kuddar-for-medelstora-katter-kramvit\/"]}]},{"@type":"ImageObject","inLanguage":"sv-SE","@id":"https:\/\/truusk.store\/sv\/produkt\/truusk-91-cm-kattklostrad-med-sisalstammar-plattform-kuddar-for-medelstora-katter-kramvit\/#primaryimage","url":"https:\/\/i0.wp.com\/truusk.store\/wp-content\/uploads\/2025\/06\/klostrad-91-cm-kattorn-med-sisalstammar-plattform-kuddar-flervanings-kattklostrad-klattertrad-for-medelstora-katter-kramvit-1.webp?fit=2000%2C2000&ssl=1","contentUrl":"https:\/\/i0.wp.com\/truusk.store\/wp-content\/uploads\/2025\/06\/klostrad-91-cm-kattorn-med-sisalstammar-plattform-kuddar-flervanings-kattklostrad-klattertrad-for-medelstora-katter-kramvit-1.webp?fit=2000%2C2000&ssl=1","width":2000,"height":2000},{"@type":"BreadcrumbList","@id":"https:\/\/truusk.store\/sv\/produkt\/truusk-91-cm-kattklostrad-med-sisalstammar-plattform-kuddar-for-medelstora-katter-kramvit\/#breadcrumb","itemListElement":[{"@type":"ListItem","position":1,"name":"Home","item":"https:\/\/truusk.store\/sv\/"},{"@type":"ListItem","position":2,"name":"Shop","item":"https:\/\/truusk.store\/shop\/"},{"@type":"ListItem","position":3,"name":"TRUUSK 91 cm Kattkl\u00f6str\u00e4d med Sisalstammar &#8211; Plattform &#8211; Kuddar &#8211; F\u00f6r Medelstora Katter &#8211; Kr\u00e4mvit"}]},{"@type":"WebSite","@id":"https:\/\/truusk.store\/sv\/#website","url":"https:\/\/truusk.store\/sv\/","name":"TRUUSK - Hem, Tr\u00e4dg\u00e5rd & Fritid","description":"","publisher":{"@id":"https:\/\/truusk.store\/sv\/#organization"},"potentialAction":[{"@type":"SearchAction","target":{"@type":"EntryPoint","urlTemplate":"https:\/\/truusk.store\/sv\/?s={search_term_string}"},"query-input":{"@type":"PropertyValueSpecification","valueRequired":true,"valueName":"search_term_string"}}],"inLanguage":"sv-SE"},{"@type":"Organization","@id":"https:\/\/truusk.store\/sv\/#organization","name":"TRUUSK - Hem, Tr\u00e4dg\u00e5rd & Fritid","url":"https:\/\/truusk.store\/sv\/","logo":{"@type":"ImageObject","inLanguage":"sv-SE","@id":"https:\/\/truusk.store\/sv\/#\/schema\/logo\/image\/","url":"https:\/\/i0.wp.com\/truusk.store\/wp-content\/uploads\/2026\/03\/cropped-TRUUSK.png?fit=2032%2C917&ssl=1","contentUrl":"https:\/\/i0.wp.com\/truusk.store\/wp-content\/uploads\/2026\/03\/cropped-TRUUSK.png?fit=2032%2C917&ssl=1","width":2032,"height":917,"caption":"TRUUSK - Hem, Tr\u00e4dg\u00e5rd & Fritid"},"image":{"@id":"https:\/\/truusk.store\/sv\/#\/schema\/logo\/image\/"}}]}},"jetpack_sharing_enabled":true,"_links":{"self":[{"href":"https:\/\/truusk.store\/sv\/wp-json\/wp\/v2\/product\/80635","targetHints":{"allow":["GET"]}}],"collection":[{"href":"https:\/\/truusk.store\/sv\/wp-json\/wp\/v2\/product"}],"about":[{"href":"https:\/\/truusk.store\/sv\/wp-json\/wp\/v2\/types\/product"}],"wp:featuredmedia":[{"embeddable":true,"href":"https:\/\/truusk.store\/sv\/wp-json\/wp\/v2\/media\/80626"}],"wp:attachment":[{"href":"https:\/\/truusk.store\/sv\/wp-json\/wp\/v2\/media?parent=80635"}],"wp:term":[{"taxonomy":"product_brand","embeddable":true,"href":"https:\/\/truusk.store\/sv\/wp-json\/wp\/v2\/product_brand?post=80635"},{"taxonomy":"product_cat","embeddable":true,"href":"https:\/\/truusk.store\/sv\/wp-json\/wp\/v2\/product_cat?post=80635"},{"taxonomy":"product_tag","embeddable":true,"href":"https:\/\/truusk.store\/sv\/wp-json\/wp\/v2\/product_tag?post=80635"}],"curies":[{"name":"wp","href":"https:\/\/api.w.org\/{rel}","templated":true}]}}