{"id":80645,"date":"2025-06-23T12:30:36","date_gmt":"2025-06-23T11:30:36","guid":{"rendered":"https:\/\/truusk.store\/product\/helskarmspegel-169-x-49-cm-bojd-staende-spegel-med-brackt-sakert-glas-och-aluminiumram-vagg-spegel-for-lutning-staende-spegel-for-vardagsrum-sovrum-hall-svart\/"},"modified":"2026-03-12T09:39:26","modified_gmt":"2026-03-12T08:39:26","slug":"truusk-helskarmspegel-169x49-cm-bojd-staende-spegel-sakert-glas-aluminiumram-vagg-spegel-for-lutning-staende-for","status":"publish","type":"product","link":"https:\/\/truusk.store\/sv\/produkt\/truusk-helskarmspegel-169x49-cm-bojd-staende-spegel-sakert-glas-aluminiumram-vagg-spegel-for-lutning-staende-for\/","title":{"rendered":"TRUUSK Helsk\u00e4rmspegel 169&#215;49 cm &#8211; B\u00f6jd st\u00e5ende spegel &#8211; S\u00e4kert glas &#8211; Aluminiumram &#8211; V\u00e4gg spegel f\u00f6r lutning &#8211; St\u00e5ende &#8211; F\u00f6r"},"content":{"rendered":"<p>Uppt\u00e4ck charmen med TRUUSK helkroppsspegeln, som kombinerar funktionalitet och elegans. Med sin rostfria och vattent\u00e4ta ram av aluminiumlegering optimerar denna st\u00e5ende spegel varje rum. Denna m\u00e5ngsidiga spegel kan monteras p\u00e5 v\u00e4ggen eller st\u00e5 fritt. Dess b\u00e5gform ger ditt sovrum en touch av sofistikering och g\u00f6r det till det perfekta valet f\u00f6r ett elegant hem.<\/p>\n<p>Beskrivning:<\/p>\n<ul>\n<li> Helkroppsspegeln erbjuder en fullst\u00e4ndig spegelbild fr\u00e5n huvud till t\u00e5<\/li>\n<li> Bruchs\u00e4kert HD-glas f\u00f6r \u00f6kad s\u00e4kerhet och en klar spegelbild<\/li>\n<li> Ramen av aluminiumlegering \u00e4r rost- och vattent\u00e5lig<\/li>\n<li> M\u00e5ngsidiga anv\u00e4ndningsm\u00f6jligheter: v\u00e4ggmontering, lutad mot v\u00e4ggen eller frist\u00e5ende<\/li>\n<li> Bekv\u00e4m och anv\u00e4ndarv\u00e4nlig<\/li>\n<li> Den rundade designen p\u00e5 v\u00e4ggspegeln l\u00e4gger till en vacker estetisk not, l\u00e4mplig f\u00f6r sovrum, omkl\u00e4dningsrum eller korridorer<\/li>\n<\/ul>\n<p> Tekniska data:<\/p>\n<ul>\n<li> F\u00e4rg: Svart<\/li>\n<li> Material: Aluminiumlegering, h\u00e4rdat glas<\/li>\n<li> Totala dimensioner: 50L x 1,5B x 170H cm (med f\u00e4lld h\u00e5llare)<\/li>\n<li> Totala dimensioner: 50L x 35B x 165H cm (med utf\u00e4lld h\u00e5llare)<\/li>\n<li> Spegelstorlek: 49L x 169H cm<\/li>\n<\/ul>\n<p>Leveransinneh\u00e5ll:<\/p>\n<ul>\n<li> 1 x helkroppsspegel;<\/li>\n<\/ul>\n","protected":false},"excerpt":{"rendered":"<p>Uppt\u00e4ck charmen med TRUUSK helkroppsspegeln, som kombinerar funktionalitet och elegans. Med sin rostfria och vattent\u00e4ta ram av aluminiumlegering optimerar denna&#8230;<\/p>\n","protected":false},"featured_media":80636,"template":"","meta":[],"product_brand":[],"product_cat":[893,871,966],"product_tag":[],"class_list":{"0":"post-80645","1":"product","2":"type-product","3":"status-publish","4":"has-post-thumbnail","6":"product_cat-garderob-hall","7":"product_cat-hus-hem","8":"product_cat-staende-speglar","10":"first","11":"instock","12":"sale","13":"taxable","14":"shipping-taxable","15":"purchasable","16":"product-type-simple"},"yoast_head":"<!-- This site is optimized with the Yoast SEO plugin v25.4 - https:\/\/yoast.com\/wordpress\/plugins\/seo\/ -->\n<title>TRUUSK Helsk\u00e4rmspegel 169x49 cm - B\u00f6jd st\u00e5ende spegel - S\u00e4kert glas - Aluminiumram - V\u00e4gg spegel f\u00f6r lutning - St\u00e5ende - F\u00f6r - TRUUSK - Hem, Tr\u00e4dg\u00e5rd &amp; Fritid<\/title>\n<meta name=\"robots\" content=\"index, follow, max-snippet:-1, max-image-preview:large, max-video-preview:-1\" \/>\n<link rel=\"canonical\" href=\"https:\/\/truusk.store\/sv\/produkt\/truusk-helskarmspegel-169x49-cm-bojd-staende-spegel-sakert-glas-aluminiumram-vagg-spegel-for-lutning-staende-for\/\" \/>\n<meta property=\"og:locale\" content=\"sv_SE\" \/>\n<meta property=\"og:type\" content=\"article\" \/>\n<meta property=\"og:title\" content=\"TRUUSK Helsk\u00e4rmspegel 169x49 cm - B\u00f6jd st\u00e5ende spegel - S\u00e4kert glas - Aluminiumram - V\u00e4gg spegel f\u00f6r lutning - St\u00e5ende - F\u00f6r - TRUUSK - Hem, Tr\u00e4dg\u00e5rd &amp; Fritid\" \/>\n<meta property=\"og:description\" content=\"Uppt\u00e4ck charmen med TRUUSK helkroppsspegeln, som kombinerar funktionalitet och elegans. Med sin rostfria och vattent\u00e4ta ram av aluminiumlegering optimerar denna...\" \/>\n<meta property=\"og:url\" content=\"https:\/\/truusk.store\/sv\/produkt\/truusk-helskarmspegel-169x49-cm-bojd-staende-spegel-sakert-glas-aluminiumram-vagg-spegel-for-lutning-staende-for\/\" \/>\n<meta property=\"og:site_name\" content=\"TRUUSK - Hem, Tr\u00e4dg\u00e5rd &amp; Fritid\" \/>\n<meta property=\"article:modified_time\" content=\"2026-03-12T08:39:26+00:00\" \/>\n<meta property=\"og:image\" content=\"https:\/\/i0.wp.com\/truusk.se\/wp-content\/uploads\/2025\/06\/helskarmspegel-169-x-49-cm-bojd-staende-spegel-med-brackt-sakert-glas-och-aluminiumram-vagg-spegel-for-lutning-staende-spegel-for-vardagsrum-sovrum-hall-svart-1.webp?fit=2000%2C2000&ssl=1\" \/>\n\t<meta property=\"og:image:width\" content=\"2000\" \/>\n\t<meta property=\"og:image:height\" content=\"2000\" \/>\n\t<meta property=\"og:image:type\" content=\"image\/webp\" \/>\n<meta name=\"twitter:card\" content=\"summary_large_image\" \/>\n<meta name=\"twitter:label1\" content=\"Ber\u00e4knad l\u00e4stid\" \/>\n\t<meta name=\"twitter:data1\" content=\"1 minut\" \/>\n<!-- \/ Yoast SEO plugin. -->","yoast_head_json":{"title":"TRUUSK Helsk\u00e4rmspegel 169x49 cm - B\u00f6jd st\u00e5ende spegel - S\u00e4kert glas - Aluminiumram - V\u00e4gg spegel f\u00f6r lutning - St\u00e5ende - F\u00f6r - TRUUSK - Hem, Tr\u00e4dg\u00e5rd &amp; Fritid","robots":{"index":"index","follow":"follow","max-snippet":"max-snippet:-1","max-image-preview":"max-image-preview:large","max-video-preview":"max-video-preview:-1"},"canonical":"https:\/\/truusk.store\/sv\/produkt\/truusk-helskarmspegel-169x49-cm-bojd-staende-spegel-sakert-glas-aluminiumram-vagg-spegel-for-lutning-staende-for\/","og_locale":"sv_SE","og_type":"article","og_title":"TRUUSK Helsk\u00e4rmspegel 169x49 cm - B\u00f6jd st\u00e5ende spegel - S\u00e4kert glas - Aluminiumram - V\u00e4gg spegel f\u00f6r lutning - St\u00e5ende - F\u00f6r - TRUUSK - Hem, Tr\u00e4dg\u00e5rd &amp; Fritid","og_description":"Uppt\u00e4ck charmen med TRUUSK helkroppsspegeln, som kombinerar funktionalitet och elegans. Med sin rostfria och vattent\u00e4ta ram av aluminiumlegering optimerar denna...","og_url":"https:\/\/truusk.store\/sv\/produkt\/truusk-helskarmspegel-169x49-cm-bojd-staende-spegel-sakert-glas-aluminiumram-vagg-spegel-for-lutning-staende-for\/","og_site_name":"TRUUSK - Hem, Tr\u00e4dg\u00e5rd &amp; Fritid","article_modified_time":"2026-03-12T08:39:26+00:00","og_image":[{"width":2000,"height":2000,"url":"https:\/\/i0.wp.com\/truusk.se\/wp-content\/uploads\/2025\/06\/helskarmspegel-169-x-49-cm-bojd-staende-spegel-med-brackt-sakert-glas-och-aluminiumram-vagg-spegel-for-lutning-staende-spegel-for-vardagsrum-sovrum-hall-svart-1.webp?fit=2000%2C2000&ssl=1","type":"image\/webp"}],"twitter_card":"summary_large_image","twitter_misc":{"Ber\u00e4knad l\u00e4stid":"1 minut"},"schema":{"@context":"https:\/\/schema.org","@graph":[{"@type":"WebPage","@id":"https:\/\/truusk.store\/sv\/produkt\/truusk-helskarmspegel-169x49-cm-bojd-staende-spegel-sakert-glas-aluminiumram-vagg-spegel-for-lutning-staende-for\/","url":"https:\/\/truusk.store\/sv\/produkt\/truusk-helskarmspegel-169x49-cm-bojd-staende-spegel-sakert-glas-aluminiumram-vagg-spegel-for-lutning-staende-for\/","name":"TRUUSK Helsk\u00e4rmspegel 169x49 cm - B\u00f6jd st\u00e5ende spegel - S\u00e4kert glas - Aluminiumram - V\u00e4gg spegel f\u00f6r lutning - St\u00e5ende - F\u00f6r - TRUUSK - Hem, Tr\u00e4dg\u00e5rd &amp; Fritid","isPartOf":{"@id":"https:\/\/truusk.store\/sv\/#website"},"primaryImageOfPage":{"@id":"https:\/\/truusk.store\/sv\/produkt\/truusk-helskarmspegel-169x49-cm-bojd-staende-spegel-sakert-glas-aluminiumram-vagg-spegel-for-lutning-staende-for\/#primaryimage"},"image":{"@id":"https:\/\/truusk.store\/sv\/produkt\/truusk-helskarmspegel-169x49-cm-bojd-staende-spegel-sakert-glas-aluminiumram-vagg-spegel-for-lutning-staende-for\/#primaryimage"},"thumbnailUrl":"https:\/\/i0.wp.com\/truusk.store\/wp-content\/uploads\/2025\/06\/helskarmspegel-169-x-49-cm-bojd-staende-spegel-med-brackt-sakert-glas-och-aluminiumram-vagg-spegel-for-lutning-staende-spegel-for-vardagsrum-sovrum-hall-svart-1.webp?fit=2000%2C2000&ssl=1","datePublished":"2025-06-23T11:30:36+00:00","dateModified":"2026-03-12T08:39:26+00:00","breadcrumb":{"@id":"https:\/\/truusk.store\/sv\/produkt\/truusk-helskarmspegel-169x49-cm-bojd-staende-spegel-sakert-glas-aluminiumram-vagg-spegel-for-lutning-staende-for\/#breadcrumb"},"inLanguage":"sv-SE","potentialAction":[{"@type":"ReadAction","target":["https:\/\/truusk.store\/sv\/produkt\/truusk-helskarmspegel-169x49-cm-bojd-staende-spegel-sakert-glas-aluminiumram-vagg-spegel-for-lutning-staende-for\/"]}]},{"@type":"ImageObject","inLanguage":"sv-SE","@id":"https:\/\/truusk.store\/sv\/produkt\/truusk-helskarmspegel-169x49-cm-bojd-staende-spegel-sakert-glas-aluminiumram-vagg-spegel-for-lutning-staende-for\/#primaryimage","url":"https:\/\/i0.wp.com\/truusk.store\/wp-content\/uploads\/2025\/06\/helskarmspegel-169-x-49-cm-bojd-staende-spegel-med-brackt-sakert-glas-och-aluminiumram-vagg-spegel-for-lutning-staende-spegel-for-vardagsrum-sovrum-hall-svart-1.webp?fit=2000%2C2000&ssl=1","contentUrl":"https:\/\/i0.wp.com\/truusk.store\/wp-content\/uploads\/2025\/06\/helskarmspegel-169-x-49-cm-bojd-staende-spegel-med-brackt-sakert-glas-och-aluminiumram-vagg-spegel-for-lutning-staende-spegel-for-vardagsrum-sovrum-hall-svart-1.webp?fit=2000%2C2000&ssl=1","width":2000,"height":2000},{"@type":"BreadcrumbList","@id":"https:\/\/truusk.store\/sv\/produkt\/truusk-helskarmspegel-169x49-cm-bojd-staende-spegel-sakert-glas-aluminiumram-vagg-spegel-for-lutning-staende-for\/#breadcrumb","itemListElement":[{"@type":"ListItem","position":1,"name":"Home","item":"https:\/\/truusk.store\/sv\/"},{"@type":"ListItem","position":2,"name":"Shop","item":"https:\/\/truusk.store\/shop\/"},{"@type":"ListItem","position":3,"name":"TRUUSK Helsk\u00e4rmspegel 169&#215;49 cm &#8211; B\u00f6jd st\u00e5ende spegel &#8211; S\u00e4kert glas &#8211; Aluminiumram &#8211; V\u00e4gg spegel f\u00f6r lutning &#8211; St\u00e5ende &#8211; F\u00f6r"}]},{"@type":"WebSite","@id":"https:\/\/truusk.store\/sv\/#website","url":"https:\/\/truusk.store\/sv\/","name":"TRUUSK - Hem, Tr\u00e4dg\u00e5rd & Fritid","description":"","publisher":{"@id":"https:\/\/truusk.store\/sv\/#organization"},"potentialAction":[{"@type":"SearchAction","target":{"@type":"EntryPoint","urlTemplate":"https:\/\/truusk.store\/sv\/?s={search_term_string}"},"query-input":{"@type":"PropertyValueSpecification","valueRequired":true,"valueName":"search_term_string"}}],"inLanguage":"sv-SE"},{"@type":"Organization","@id":"https:\/\/truusk.store\/sv\/#organization","name":"TRUUSK - Hem, Tr\u00e4dg\u00e5rd & Fritid","url":"https:\/\/truusk.store\/sv\/","logo":{"@type":"ImageObject","inLanguage":"sv-SE","@id":"https:\/\/truusk.store\/sv\/#\/schema\/logo\/image\/","url":"https:\/\/i0.wp.com\/truusk.store\/wp-content\/uploads\/2026\/03\/cropped-TRUUSK.png?fit=2032%2C917&ssl=1","contentUrl":"https:\/\/i0.wp.com\/truusk.store\/wp-content\/uploads\/2026\/03\/cropped-TRUUSK.png?fit=2032%2C917&ssl=1","width":2032,"height":917,"caption":"TRUUSK - Hem, Tr\u00e4dg\u00e5rd & Fritid"},"image":{"@id":"https:\/\/truusk.store\/sv\/#\/schema\/logo\/image\/"}}]}},"jetpack_sharing_enabled":true,"_links":{"self":[{"href":"https:\/\/truusk.store\/sv\/wp-json\/wp\/v2\/product\/80645","targetHints":{"allow":["GET"]}}],"collection":[{"href":"https:\/\/truusk.store\/sv\/wp-json\/wp\/v2\/product"}],"about":[{"href":"https:\/\/truusk.store\/sv\/wp-json\/wp\/v2\/types\/product"}],"wp:featuredmedia":[{"embeddable":true,"href":"https:\/\/truusk.store\/sv\/wp-json\/wp\/v2\/media\/80636"}],"wp:attachment":[{"href":"https:\/\/truusk.store\/sv\/wp-json\/wp\/v2\/media?parent=80645"}],"wp:term":[{"taxonomy":"product_brand","embeddable":true,"href":"https:\/\/truusk.store\/sv\/wp-json\/wp\/v2\/product_brand?post=80645"},{"taxonomy":"product_cat","embeddable":true,"href":"https:\/\/truusk.store\/sv\/wp-json\/wp\/v2\/product_cat?post=80645"},{"taxonomy":"product_tag","embeddable":true,"href":"https:\/\/truusk.store\/sv\/wp-json\/wp\/v2\/product_tag?post=80645"}],"curies":[{"name":"wp","href":"https:\/\/api.w.org\/{rel}","templated":true}]}}