{"id":80735,"date":"2025-06-23T12:42:59","date_gmt":"2025-06-23T11:42:59","guid":{"rendered":"https:\/\/truusk.store\/product\/rullande-pall-hojdjusterbar-arbetspall-63-83-cm-roterande-pall-med-hjul-roterande-salongstol-salongspall-i-konstlader-vit\/"},"modified":"2026-03-12T08:42:56","modified_gmt":"2026-03-12T07:42:56","slug":"truusk-roterande-pall-i-vit-konstlader-hojdjusterbar-63-83-cm-med-hjul-for-salong-och-arbete","status":"publish","type":"product","link":"https:\/\/truusk.store\/sv\/produkt\/truusk-roterande-pall-i-vit-konstlader-hojdjusterbar-63-83-cm-med-hjul-for-salong-och-arbete\/","title":{"rendered":"TRUUSK Roterande Pall i Vit Konstl\u00e4der &#8211; H\u00f6jdjusterbar 63-83 cm &#8211; Med Hjul &#8211; F\u00f6r Salong och Arbete"},"content":{"rendered":"<p>Denna stol fr\u00e5n TRUUSK tar dig till precis r\u00e4tt h\u00f6jd f\u00f6r att skapa bra arbetsf\u00f6rh\u00e5llanden. Den fasta ryggst\u00f6det och den vadderade sitsen erbjuder komfort under l\u00e5ng tid. Kl\u00e4dseln i konstl\u00e4der \u00e4r lyxig och l\u00e4tt att underh\u00e5lla. Praktiskt \u00e4r m\u00f6jligheten att justera sitth\u00f6jden efter olika behov. De 5 hjulen och den roterande sitsen underl\u00e4ttar r\u00f6relse i arbetsomr\u00e5det. Denna eleganta pall \u00e4r ett utm\u00e4rkt tillskott till sk\u00f6nhetssalonger och mycket mer!<\/p>\n<p>Beskrivning:<\/p>\n<ul>\n<li> Justerbar sitth\u00f6jd f\u00f6r olika behov<\/li>\n<li> Den 360\u00b0 roterande sitsen och de fem hjulen ger flexibilitet<\/li>\n<li> Mjukt konstl\u00e4der och en vadderad sits med h\u00f6gdensitetsskum ger komfort<\/li>\n<li> En robust st\u00e5lram och en f\u00f6rzinkad 3-klass gaslyft bildar en solid bas<\/li>\n<li> Elegant svart konstl\u00e4der och en silverst\u00e5lbas ger ett stilfullt utseende<\/li>\n<li> L\u00e4mplig f\u00f6r fris\u00f6rsalonger, sk\u00f6nhetssalonger, tatueringsstudios, kliniker etc<\/li>\n<li> Montering kr\u00e4vs<\/li>\n<\/ul>\n<p> Tekniska data:<\/p>\n<ul>\n<li> F\u00e4rg: Vit<\/li>\n<li> Material: Konstl\u00e4der, skum, flerskiktsplatta<\/li>\n<li> Totala dimensioner: \u00d850 x 63-83H cm<\/li>\n<li> Sitsstorlek: \u00d835 x 53-73H cm<\/li>\n<li> Sittjocklek: 8 cm<\/li>\n<li> Ryggstorlek: 35B x 4T x 18H cm<\/li>\n<li> B\u00e4rkapacitet: 120 kg<\/li>\n<\/ul>\n<p>Leveransinneh\u00e5ll:<\/p>\n<ul>\n<li> 1 x Salongspall<\/li>\n<li> 1 x Handbok<\/li>\n<\/ul>\n","protected":false},"excerpt":{"rendered":"<p>Denna stol fr\u00e5n TRUUSK tar dig till precis r\u00e4tt h\u00f6jd f\u00f6r att skapa bra arbetsf\u00f6rh\u00e5llanden. Den fasta ryggst\u00f6det och den&#8230;<\/p>\n","protected":false},"featured_media":80726,"template":"","meta":[],"product_brand":[],"product_cat":[872,871,961],"product_tag":[],"class_list":{"0":"post-80735","1":"product","2":"type-product","3":"status-publish","4":"has-post-thumbnail","6":"product_cat-hemmakontor-arbetsplats","7":"product_cat-hus-hem","8":"product_cat-rullpallar","10":"first","11":"instock","12":"sale","13":"taxable","14":"shipping-taxable","15":"purchasable","16":"product-type-simple"},"yoast_head":"<!-- This site is optimized with the Yoast SEO plugin v25.4 - https:\/\/yoast.com\/wordpress\/plugins\/seo\/ -->\n<title>TRUUSK Roterande Pall i Vit Konstl\u00e4der - H\u00f6jdjusterbar 63-83 cm - Med Hjul - F\u00f6r Salong och Arbete - TRUUSK - Hem, Tr\u00e4dg\u00e5rd &amp; Fritid<\/title>\n<meta name=\"robots\" content=\"index, follow, max-snippet:-1, max-image-preview:large, max-video-preview:-1\" \/>\n<link rel=\"canonical\" href=\"https:\/\/truusk.store\/sv\/produkt\/truusk-roterande-pall-i-vit-konstlader-hojdjusterbar-63-83-cm-med-hjul-for-salong-och-arbete\/\" \/>\n<meta property=\"og:locale\" content=\"sv_SE\" \/>\n<meta property=\"og:type\" content=\"article\" \/>\n<meta property=\"og:title\" content=\"TRUUSK Roterande Pall i Vit Konstl\u00e4der - H\u00f6jdjusterbar 63-83 cm - Med Hjul - F\u00f6r Salong och Arbete - TRUUSK - Hem, Tr\u00e4dg\u00e5rd &amp; Fritid\" \/>\n<meta property=\"og:description\" content=\"Denna stol fr\u00e5n TRUUSK tar dig till precis r\u00e4tt h\u00f6jd f\u00f6r att skapa bra arbetsf\u00f6rh\u00e5llanden. Den fasta ryggst\u00f6det och den...\" \/>\n<meta property=\"og:url\" content=\"https:\/\/truusk.store\/sv\/produkt\/truusk-roterande-pall-i-vit-konstlader-hojdjusterbar-63-83-cm-med-hjul-for-salong-och-arbete\/\" \/>\n<meta property=\"og:site_name\" content=\"TRUUSK - Hem, Tr\u00e4dg\u00e5rd &amp; Fritid\" \/>\n<meta property=\"article:modified_time\" content=\"2026-03-12T07:42:56+00:00\" \/>\n<meta property=\"og:image\" content=\"https:\/\/i0.wp.com\/truusk.se\/wp-content\/uploads\/2025\/06\/rullande-pall-hojdjusterbar-arbetspall-63-83-cm-roterande-pall-med-hjul-roterande-salongstol-salongspall-i-konstlader-vit-1.webp?fit=2000%2C2000&ssl=1\" \/>\n\t<meta property=\"og:image:width\" content=\"2000\" \/>\n\t<meta property=\"og:image:height\" content=\"2000\" \/>\n\t<meta property=\"og:image:type\" content=\"image\/webp\" \/>\n<meta name=\"twitter:card\" content=\"summary_large_image\" \/>\n<meta name=\"twitter:label1\" content=\"Ber\u00e4knad l\u00e4stid\" \/>\n\t<meta name=\"twitter:data1\" content=\"1 minut\" \/>\n<!-- \/ Yoast SEO plugin. -->","yoast_head_json":{"title":"TRUUSK Roterande Pall i Vit Konstl\u00e4der - H\u00f6jdjusterbar 63-83 cm - Med Hjul - F\u00f6r Salong och Arbete - TRUUSK - Hem, Tr\u00e4dg\u00e5rd &amp; Fritid","robots":{"index":"index","follow":"follow","max-snippet":"max-snippet:-1","max-image-preview":"max-image-preview:large","max-video-preview":"max-video-preview:-1"},"canonical":"https:\/\/truusk.store\/sv\/produkt\/truusk-roterande-pall-i-vit-konstlader-hojdjusterbar-63-83-cm-med-hjul-for-salong-och-arbete\/","og_locale":"sv_SE","og_type":"article","og_title":"TRUUSK Roterande Pall i Vit Konstl\u00e4der - H\u00f6jdjusterbar 63-83 cm - Med Hjul - F\u00f6r Salong och Arbete - TRUUSK - Hem, Tr\u00e4dg\u00e5rd &amp; Fritid","og_description":"Denna stol fr\u00e5n TRUUSK tar dig till precis r\u00e4tt h\u00f6jd f\u00f6r att skapa bra arbetsf\u00f6rh\u00e5llanden. Den fasta ryggst\u00f6det och den...","og_url":"https:\/\/truusk.store\/sv\/produkt\/truusk-roterande-pall-i-vit-konstlader-hojdjusterbar-63-83-cm-med-hjul-for-salong-och-arbete\/","og_site_name":"TRUUSK - Hem, Tr\u00e4dg\u00e5rd &amp; Fritid","article_modified_time":"2026-03-12T07:42:56+00:00","og_image":[{"width":2000,"height":2000,"url":"https:\/\/i0.wp.com\/truusk.se\/wp-content\/uploads\/2025\/06\/rullande-pall-hojdjusterbar-arbetspall-63-83-cm-roterande-pall-med-hjul-roterande-salongstol-salongspall-i-konstlader-vit-1.webp?fit=2000%2C2000&ssl=1","type":"image\/webp"}],"twitter_card":"summary_large_image","twitter_misc":{"Ber\u00e4knad l\u00e4stid":"1 minut"},"schema":{"@context":"https:\/\/schema.org","@graph":[{"@type":"WebPage","@id":"https:\/\/truusk.store\/sv\/produkt\/truusk-roterande-pall-i-vit-konstlader-hojdjusterbar-63-83-cm-med-hjul-for-salong-och-arbete\/","url":"https:\/\/truusk.store\/sv\/produkt\/truusk-roterande-pall-i-vit-konstlader-hojdjusterbar-63-83-cm-med-hjul-for-salong-och-arbete\/","name":"TRUUSK Roterande Pall i Vit Konstl\u00e4der - H\u00f6jdjusterbar 63-83 cm - Med Hjul - F\u00f6r Salong och Arbete - TRUUSK - Hem, Tr\u00e4dg\u00e5rd &amp; Fritid","isPartOf":{"@id":"https:\/\/truusk.store\/sv\/#website"},"primaryImageOfPage":{"@id":"https:\/\/truusk.store\/sv\/produkt\/truusk-roterande-pall-i-vit-konstlader-hojdjusterbar-63-83-cm-med-hjul-for-salong-och-arbete\/#primaryimage"},"image":{"@id":"https:\/\/truusk.store\/sv\/produkt\/truusk-roterande-pall-i-vit-konstlader-hojdjusterbar-63-83-cm-med-hjul-for-salong-och-arbete\/#primaryimage"},"thumbnailUrl":"https:\/\/i0.wp.com\/truusk.store\/wp-content\/uploads\/2025\/06\/rullande-pall-hojdjusterbar-arbetspall-63-83-cm-roterande-pall-med-hjul-roterande-salongstol-salongspall-i-konstlader-vit-1.webp?fit=2000%2C2000&ssl=1","datePublished":"2025-06-23T11:42:59+00:00","dateModified":"2026-03-12T07:42:56+00:00","breadcrumb":{"@id":"https:\/\/truusk.store\/sv\/produkt\/truusk-roterande-pall-i-vit-konstlader-hojdjusterbar-63-83-cm-med-hjul-for-salong-och-arbete\/#breadcrumb"},"inLanguage":"sv-SE","potentialAction":[{"@type":"ReadAction","target":["https:\/\/truusk.store\/sv\/produkt\/truusk-roterande-pall-i-vit-konstlader-hojdjusterbar-63-83-cm-med-hjul-for-salong-och-arbete\/"]}]},{"@type":"ImageObject","inLanguage":"sv-SE","@id":"https:\/\/truusk.store\/sv\/produkt\/truusk-roterande-pall-i-vit-konstlader-hojdjusterbar-63-83-cm-med-hjul-for-salong-och-arbete\/#primaryimage","url":"https:\/\/i0.wp.com\/truusk.store\/wp-content\/uploads\/2025\/06\/rullande-pall-hojdjusterbar-arbetspall-63-83-cm-roterande-pall-med-hjul-roterande-salongstol-salongspall-i-konstlader-vit-1.webp?fit=2000%2C2000&ssl=1","contentUrl":"https:\/\/i0.wp.com\/truusk.store\/wp-content\/uploads\/2025\/06\/rullande-pall-hojdjusterbar-arbetspall-63-83-cm-roterande-pall-med-hjul-roterande-salongstol-salongspall-i-konstlader-vit-1.webp?fit=2000%2C2000&ssl=1","width":2000,"height":2000},{"@type":"BreadcrumbList","@id":"https:\/\/truusk.store\/sv\/produkt\/truusk-roterande-pall-i-vit-konstlader-hojdjusterbar-63-83-cm-med-hjul-for-salong-och-arbete\/#breadcrumb","itemListElement":[{"@type":"ListItem","position":1,"name":"Home","item":"https:\/\/truusk.store\/sv\/"},{"@type":"ListItem","position":2,"name":"Shop","item":"https:\/\/truusk.store\/shop\/"},{"@type":"ListItem","position":3,"name":"TRUUSK Roterande Pall i Vit Konstl\u00e4der &#8211; H\u00f6jdjusterbar 63-83 cm &#8211; Med Hjul &#8211; F\u00f6r Salong och Arbete"}]},{"@type":"WebSite","@id":"https:\/\/truusk.store\/sv\/#website","url":"https:\/\/truusk.store\/sv\/","name":"TRUUSK - Hem, Tr\u00e4dg\u00e5rd & Fritid","description":"","publisher":{"@id":"https:\/\/truusk.store\/sv\/#organization"},"potentialAction":[{"@type":"SearchAction","target":{"@type":"EntryPoint","urlTemplate":"https:\/\/truusk.store\/sv\/?s={search_term_string}"},"query-input":{"@type":"PropertyValueSpecification","valueRequired":true,"valueName":"search_term_string"}}],"inLanguage":"sv-SE"},{"@type":"Organization","@id":"https:\/\/truusk.store\/sv\/#organization","name":"TRUUSK - Hem, Tr\u00e4dg\u00e5rd & Fritid","url":"https:\/\/truusk.store\/sv\/","logo":{"@type":"ImageObject","inLanguage":"sv-SE","@id":"https:\/\/truusk.store\/sv\/#\/schema\/logo\/image\/","url":"https:\/\/i0.wp.com\/truusk.store\/wp-content\/uploads\/2026\/03\/cropped-TRUUSK.png?fit=2032%2C917&ssl=1","contentUrl":"https:\/\/i0.wp.com\/truusk.store\/wp-content\/uploads\/2026\/03\/cropped-TRUUSK.png?fit=2032%2C917&ssl=1","width":2032,"height":917,"caption":"TRUUSK - Hem, Tr\u00e4dg\u00e5rd & Fritid"},"image":{"@id":"https:\/\/truusk.store\/sv\/#\/schema\/logo\/image\/"}}]}},"jetpack_sharing_enabled":true,"_links":{"self":[{"href":"https:\/\/truusk.store\/sv\/wp-json\/wp\/v2\/product\/80735","targetHints":{"allow":["GET"]}}],"collection":[{"href":"https:\/\/truusk.store\/sv\/wp-json\/wp\/v2\/product"}],"about":[{"href":"https:\/\/truusk.store\/sv\/wp-json\/wp\/v2\/types\/product"}],"wp:featuredmedia":[{"embeddable":true,"href":"https:\/\/truusk.store\/sv\/wp-json\/wp\/v2\/media\/80726"}],"wp:attachment":[{"href":"https:\/\/truusk.store\/sv\/wp-json\/wp\/v2\/media?parent=80735"}],"wp:term":[{"taxonomy":"product_brand","embeddable":true,"href":"https:\/\/truusk.store\/sv\/wp-json\/wp\/v2\/product_brand?post=80735"},{"taxonomy":"product_cat","embeddable":true,"href":"https:\/\/truusk.store\/sv\/wp-json\/wp\/v2\/product_cat?post=80735"},{"taxonomy":"product_tag","embeddable":true,"href":"https:\/\/truusk.store\/sv\/wp-json\/wp\/v2\/product_tag?post=80735"}],"curies":[{"name":"wp","href":"https:\/\/api.w.org\/{rel}","templated":true}]}}