{"id":80765,"date":"2025-06-23T12:45:54","date_gmt":"2025-06-23T11:45:54","guid":{"rendered":"https:\/\/truusk.store\/product\/matbord-runt-koksbord-for-2-personer-modernt-matsalsbord-for-vardagsrum-tradgard-stal-o60-x-72-cm-svart\/"},"modified":"2026-03-12T08:44:12","modified_gmt":"2026-03-12T07:44:12","slug":"truusk-matbord-for-2-personer-modernt-designat-koksbord-perfekt-for-vardagsrummet-tradgarden-o60-x-72-cm-stal-svart","status":"publish","type":"product","link":"https:\/\/truusk.store\/sv\/produkt\/truusk-matbord-for-2-personer-modernt-designat-koksbord-perfekt-for-vardagsrummet-tradgarden-o60-x-72-cm-stal-svart\/","title":{"rendered":"TRUUSK Matbord f\u00f6r 2 personer &#8211; Modernt designat k\u00f6ksbord &#8211; Perfekt f\u00f6r vardagsrummet, tr\u00e4dg\u00e5rden &#8211; \u00d860 x 72 cm &#8211; St\u00e5l &#8211; Svart"},"content":{"rendered":"<p>Upplev kompakt matlagning p\u00e5 nytt med TRUUSK 2-sits matbord. Perfekt f\u00f6r tr\u00e5nga k\u00f6k och matsalar, detta matbord imponerar med en gener\u00f6s, rund platta, idealisk f\u00f6r mat och mer. Tillverkad av helt pulverlackerat st\u00e5l, garanterar det h\u00e5llbarhet. Dess enkla, moderna stil passar s\u00f6ml\u00f6st in i alla inredningar, perfekt f\u00f6r m\u00e5ltider eller som bord i hemmakontoret.<\/p>\n<p>Beskrivning:<\/p>\n<ul>\n<li> Rymmer tv\u00e5 personer, perfekt f\u00f6r kompakta k\u00f6k och matsalar<\/li>\n<li> Rymlig rund bordsskiva erbjuder plats f\u00f6r m\u00e5ltider och drycker<\/li>\n<li> Tillverkad av helt pulverlackerat st\u00e5l<\/li>\n<li> Matbordets moderna, enkla design passar till olika inredningsstilar<\/li>\n<li> L\u00e4mplig f\u00f6r inomhus- och utomhusomr\u00e5den.<\/li>\n<li> Enkel montering<\/li>\n<\/ul>\n<p> Tekniska data:<\/p>\n<ul>\n<li> F\u00e4rg: Svart<\/li>\n<li> Material: St\u00e5l<\/li>\n<li> Totala dimensioner: \u00d860 x 72H cm<\/li>\n<li> Minsta l\u00e4mpliga yta: 1,8L x 1,8B m<\/li>\n<li> B\u00e4rf\u00f6rm\u00e5ga: 15 kg<\/li>\n<\/ul>\n<p>Inneh\u00e5ll:<\/p>\n<ul>\n<li> 1 x Matbord<\/li>\n<li> 1 x Handbok<\/li>\n<\/ul>\n","protected":false},"excerpt":{"rendered":"<p>Upplev kompakt matlagning p\u00e5 nytt med TRUUSK 2-sits matbord. Perfekt f\u00f6r tr\u00e5nga k\u00f6k och matsalar, detta matbord imponerar med en&#8230;<\/p>\n","protected":false},"featured_media":80756,"template":"","meta":[],"product_brand":[],"product_cat":[871,889,509],"product_tag":[],"class_list":{"0":"post-80765","1":"product","2":"type-product","3":"status-publish","4":"has-post-thumbnail","6":"product_cat-hus-hem","7":"product_cat-kok-matsal","8":"product_cat-matbord","10":"first","11":"instock","12":"sale","13":"taxable","14":"shipping-taxable","15":"purchasable","16":"product-type-simple"},"yoast_head":"<!-- This site is optimized with the Yoast SEO plugin v25.4 - https:\/\/yoast.com\/wordpress\/plugins\/seo\/ -->\n<title>TRUUSK Matbord f\u00f6r 2 personer - Modernt designat k\u00f6ksbord - Perfekt f\u00f6r vardagsrummet, tr\u00e4dg\u00e5rden - \u00d860 x 72 cm - St\u00e5l - Svart - TRUUSK - Hem, Tr\u00e4dg\u00e5rd &amp; Fritid<\/title>\n<meta name=\"robots\" content=\"index, follow, max-snippet:-1, max-image-preview:large, max-video-preview:-1\" \/>\n<link rel=\"canonical\" href=\"https:\/\/truusk.store\/sv\/produkt\/truusk-matbord-for-2-personer-modernt-designat-koksbord-perfekt-for-vardagsrummet-tradgarden-o60-x-72-cm-stal-svart\/\" \/>\n<meta property=\"og:locale\" content=\"sv_SE\" \/>\n<meta property=\"og:type\" content=\"article\" \/>\n<meta property=\"og:title\" content=\"TRUUSK Matbord f\u00f6r 2 personer - Modernt designat k\u00f6ksbord - Perfekt f\u00f6r vardagsrummet, tr\u00e4dg\u00e5rden - \u00d860 x 72 cm - St\u00e5l - Svart - TRUUSK - Hem, Tr\u00e4dg\u00e5rd &amp; Fritid\" \/>\n<meta property=\"og:description\" content=\"Upplev kompakt matlagning p\u00e5 nytt med TRUUSK 2-sits matbord. Perfekt f\u00f6r tr\u00e5nga k\u00f6k och matsalar, detta matbord imponerar med en...\" \/>\n<meta property=\"og:url\" content=\"https:\/\/truusk.store\/sv\/produkt\/truusk-matbord-for-2-personer-modernt-designat-koksbord-perfekt-for-vardagsrummet-tradgarden-o60-x-72-cm-stal-svart\/\" \/>\n<meta property=\"og:site_name\" content=\"TRUUSK - Hem, Tr\u00e4dg\u00e5rd &amp; Fritid\" \/>\n<meta property=\"article:modified_time\" content=\"2026-03-12T07:44:12+00:00\" \/>\n<meta property=\"og:image\" content=\"https:\/\/i0.wp.com\/truusk.se\/wp-content\/uploads\/2025\/06\/matbord-runt-koksbord-for-2-personer-modernt-matsalsbord-for-vardagsrum-tradgard-stal-o60-x-72-cm-svart-1.webp?fit=2000%2C2000&ssl=1\" \/>\n\t<meta property=\"og:image:width\" content=\"2000\" \/>\n\t<meta property=\"og:image:height\" content=\"2000\" \/>\n\t<meta property=\"og:image:type\" content=\"image\/webp\" \/>\n<meta name=\"twitter:card\" content=\"summary_large_image\" \/>\n<meta name=\"twitter:label1\" content=\"Ber\u00e4knad l\u00e4stid\" \/>\n\t<meta name=\"twitter:data1\" content=\"1 minut\" \/>\n<!-- \/ Yoast SEO plugin. -->","yoast_head_json":{"title":"TRUUSK Matbord f\u00f6r 2 personer - Modernt designat k\u00f6ksbord - Perfekt f\u00f6r vardagsrummet, tr\u00e4dg\u00e5rden - \u00d860 x 72 cm - St\u00e5l - Svart - TRUUSK - Hem, Tr\u00e4dg\u00e5rd &amp; Fritid","robots":{"index":"index","follow":"follow","max-snippet":"max-snippet:-1","max-image-preview":"max-image-preview:large","max-video-preview":"max-video-preview:-1"},"canonical":"https:\/\/truusk.store\/sv\/produkt\/truusk-matbord-for-2-personer-modernt-designat-koksbord-perfekt-for-vardagsrummet-tradgarden-o60-x-72-cm-stal-svart\/","og_locale":"sv_SE","og_type":"article","og_title":"TRUUSK Matbord f\u00f6r 2 personer - Modernt designat k\u00f6ksbord - Perfekt f\u00f6r vardagsrummet, tr\u00e4dg\u00e5rden - \u00d860 x 72 cm - St\u00e5l - Svart - TRUUSK - Hem, Tr\u00e4dg\u00e5rd &amp; Fritid","og_description":"Upplev kompakt matlagning p\u00e5 nytt med TRUUSK 2-sits matbord. Perfekt f\u00f6r tr\u00e5nga k\u00f6k och matsalar, detta matbord imponerar med en...","og_url":"https:\/\/truusk.store\/sv\/produkt\/truusk-matbord-for-2-personer-modernt-designat-koksbord-perfekt-for-vardagsrummet-tradgarden-o60-x-72-cm-stal-svart\/","og_site_name":"TRUUSK - Hem, Tr\u00e4dg\u00e5rd &amp; Fritid","article_modified_time":"2026-03-12T07:44:12+00:00","og_image":[{"width":2000,"height":2000,"url":"https:\/\/i0.wp.com\/truusk.se\/wp-content\/uploads\/2025\/06\/matbord-runt-koksbord-for-2-personer-modernt-matsalsbord-for-vardagsrum-tradgard-stal-o60-x-72-cm-svart-1.webp?fit=2000%2C2000&ssl=1","type":"image\/webp"}],"twitter_card":"summary_large_image","twitter_misc":{"Ber\u00e4knad l\u00e4stid":"1 minut"},"schema":{"@context":"https:\/\/schema.org","@graph":[{"@type":"WebPage","@id":"https:\/\/truusk.store\/sv\/produkt\/truusk-matbord-for-2-personer-modernt-designat-koksbord-perfekt-for-vardagsrummet-tradgarden-o60-x-72-cm-stal-svart\/","url":"https:\/\/truusk.store\/sv\/produkt\/truusk-matbord-for-2-personer-modernt-designat-koksbord-perfekt-for-vardagsrummet-tradgarden-o60-x-72-cm-stal-svart\/","name":"TRUUSK Matbord f\u00f6r 2 personer - Modernt designat k\u00f6ksbord - Perfekt f\u00f6r vardagsrummet, tr\u00e4dg\u00e5rden - \u00d860 x 72 cm - St\u00e5l - Svart - TRUUSK - Hem, Tr\u00e4dg\u00e5rd &amp; Fritid","isPartOf":{"@id":"https:\/\/truusk.store\/sv\/#website"},"primaryImageOfPage":{"@id":"https:\/\/truusk.store\/sv\/produkt\/truusk-matbord-for-2-personer-modernt-designat-koksbord-perfekt-for-vardagsrummet-tradgarden-o60-x-72-cm-stal-svart\/#primaryimage"},"image":{"@id":"https:\/\/truusk.store\/sv\/produkt\/truusk-matbord-for-2-personer-modernt-designat-koksbord-perfekt-for-vardagsrummet-tradgarden-o60-x-72-cm-stal-svart\/#primaryimage"},"thumbnailUrl":"https:\/\/i0.wp.com\/truusk.store\/wp-content\/uploads\/2025\/06\/matbord-runt-koksbord-for-2-personer-modernt-matsalsbord-for-vardagsrum-tradgard-stal-o60-x-72-cm-svart-1.webp?fit=2000%2C2000&ssl=1","datePublished":"2025-06-23T11:45:54+00:00","dateModified":"2026-03-12T07:44:12+00:00","breadcrumb":{"@id":"https:\/\/truusk.store\/sv\/produkt\/truusk-matbord-for-2-personer-modernt-designat-koksbord-perfekt-for-vardagsrummet-tradgarden-o60-x-72-cm-stal-svart\/#breadcrumb"},"inLanguage":"sv-SE","potentialAction":[{"@type":"ReadAction","target":["https:\/\/truusk.store\/sv\/produkt\/truusk-matbord-for-2-personer-modernt-designat-koksbord-perfekt-for-vardagsrummet-tradgarden-o60-x-72-cm-stal-svart\/"]}]},{"@type":"ImageObject","inLanguage":"sv-SE","@id":"https:\/\/truusk.store\/sv\/produkt\/truusk-matbord-for-2-personer-modernt-designat-koksbord-perfekt-for-vardagsrummet-tradgarden-o60-x-72-cm-stal-svart\/#primaryimage","url":"https:\/\/i0.wp.com\/truusk.store\/wp-content\/uploads\/2025\/06\/matbord-runt-koksbord-for-2-personer-modernt-matsalsbord-for-vardagsrum-tradgard-stal-o60-x-72-cm-svart-1.webp?fit=2000%2C2000&ssl=1","contentUrl":"https:\/\/i0.wp.com\/truusk.store\/wp-content\/uploads\/2025\/06\/matbord-runt-koksbord-for-2-personer-modernt-matsalsbord-for-vardagsrum-tradgard-stal-o60-x-72-cm-svart-1.webp?fit=2000%2C2000&ssl=1","width":2000,"height":2000},{"@type":"BreadcrumbList","@id":"https:\/\/truusk.store\/sv\/produkt\/truusk-matbord-for-2-personer-modernt-designat-koksbord-perfekt-for-vardagsrummet-tradgarden-o60-x-72-cm-stal-svart\/#breadcrumb","itemListElement":[{"@type":"ListItem","position":1,"name":"Home","item":"https:\/\/truusk.store\/sv\/"},{"@type":"ListItem","position":2,"name":"Shop","item":"https:\/\/truusk.store\/shop\/"},{"@type":"ListItem","position":3,"name":"TRUUSK Matbord f\u00f6r 2 personer &#8211; Modernt designat k\u00f6ksbord &#8211; Perfekt f\u00f6r vardagsrummet, tr\u00e4dg\u00e5rden &#8211; \u00d860 x 72 cm &#8211; St\u00e5l &#8211; Svart"}]},{"@type":"WebSite","@id":"https:\/\/truusk.store\/sv\/#website","url":"https:\/\/truusk.store\/sv\/","name":"TRUUSK - Hem, Tr\u00e4dg\u00e5rd & Fritid","description":"","publisher":{"@id":"https:\/\/truusk.store\/sv\/#organization"},"potentialAction":[{"@type":"SearchAction","target":{"@type":"EntryPoint","urlTemplate":"https:\/\/truusk.store\/sv\/?s={search_term_string}"},"query-input":{"@type":"PropertyValueSpecification","valueRequired":true,"valueName":"search_term_string"}}],"inLanguage":"sv-SE"},{"@type":"Organization","@id":"https:\/\/truusk.store\/sv\/#organization","name":"TRUUSK - Hem, Tr\u00e4dg\u00e5rd & Fritid","url":"https:\/\/truusk.store\/sv\/","logo":{"@type":"ImageObject","inLanguage":"sv-SE","@id":"https:\/\/truusk.store\/sv\/#\/schema\/logo\/image\/","url":"https:\/\/i0.wp.com\/truusk.store\/wp-content\/uploads\/2026\/03\/cropped-TRUUSK.png?fit=2032%2C917&ssl=1","contentUrl":"https:\/\/i0.wp.com\/truusk.store\/wp-content\/uploads\/2026\/03\/cropped-TRUUSK.png?fit=2032%2C917&ssl=1","width":2032,"height":917,"caption":"TRUUSK - Hem, Tr\u00e4dg\u00e5rd & Fritid"},"image":{"@id":"https:\/\/truusk.store\/sv\/#\/schema\/logo\/image\/"}}]}},"jetpack_sharing_enabled":true,"_links":{"self":[{"href":"https:\/\/truusk.store\/sv\/wp-json\/wp\/v2\/product\/80765","targetHints":{"allow":["GET"]}}],"collection":[{"href":"https:\/\/truusk.store\/sv\/wp-json\/wp\/v2\/product"}],"about":[{"href":"https:\/\/truusk.store\/sv\/wp-json\/wp\/v2\/types\/product"}],"wp:featuredmedia":[{"embeddable":true,"href":"https:\/\/truusk.store\/sv\/wp-json\/wp\/v2\/media\/80756"}],"wp:attachment":[{"href":"https:\/\/truusk.store\/sv\/wp-json\/wp\/v2\/media?parent=80765"}],"wp:term":[{"taxonomy":"product_brand","embeddable":true,"href":"https:\/\/truusk.store\/sv\/wp-json\/wp\/v2\/product_brand?post=80765"},{"taxonomy":"product_cat","embeddable":true,"href":"https:\/\/truusk.store\/sv\/wp-json\/wp\/v2\/product_cat?post=80765"},{"taxonomy":"product_tag","embeddable":true,"href":"https:\/\/truusk.store\/sv\/wp-json\/wp\/v2\/product_tag?post=80765"}],"curies":[{"name":"wp","href":"https:\/\/api.w.org\/{rel}","templated":true}]}}