{"id":80775,"date":"2025-06-23T12:46:48","date_gmt":"2025-06-23T11:46:48","guid":{"rendered":"https:\/\/truusk.store\/product\/matstolar-2-pack-koksstol-med-ryggstod-linneutseende-stolar-utan-armstod-stoppad-stol-med-stalben-vardagsrumsstol-for-matbord-gra\/"},"modified":"2026-03-12T08:44:13","modified_gmt":"2026-03-12T07:44:13","slug":"truusk-2-pack-matstolar-ryggstod-linneutseende-stoppad-stol-stalben-gra","status":"publish","type":"product","link":"https:\/\/truusk.store\/sv\/produkt\/truusk-2-pack-matstolar-ryggstod-linneutseende-stoppad-stol-stalben-gra\/","title":{"rendered":"TRUUSK 2-pack Matstolar &#8211; Ryggst\u00f6d &#8211; Linneutseende &#8211; Stoppad Stol &#8211; St\u00e5lben &#8211; Gr\u00e5"},"content":{"rendered":"<p>Upplev en ny typ av middag med TRUUSK matstolar i 2-pack. Stil och funktion f\u00f6renas i en ergonomiskt b\u00f6jd ryggst\u00f6d och en luftig, linne-liknande tyg, perfekt f\u00f6r l\u00e5nga middagar. Perfekt f\u00f6r k\u00f6k, matsal eller en mysig h\u00f6rna i sovrummet.<\/p>\n<p>Beskrivning:<\/p>\n<ul>\n<li> Set med 2 k\u00f6ksstolar kombinerar stil och praktik<\/li>\n<li> B\u00f6jd ryggst\u00f6d anpassar sig till kroppsformen och ger st\u00f6d<\/li>\n<li> Linne-liknande tyg garanterar komfort \u00f6ver l\u00e4ngre tid<\/li>\n<li> Pulverlackerade st\u00e5lben med halkfria kuddar ger stabilitet<\/li>\n<li> Lackad bj\u00f6rkplywood med tr\u00e4\u00e5dring<\/li>\n<li> Armfri design av matstolen underl\u00e4ttar f\u00f6rvaring under bordet<\/li>\n<li> L\u00e4mplig f\u00f6r matsal, vardagsrum eller sovrum<\/li>\n<li> Enkel montering<\/li>\n<li>Montering kr\u00e4vs<\/li>\n<\/ul>\n<p> Tekniska data:<\/p>\n<ul>\n<li> F\u00e4rg: Gr\u00e5, Naturtr\u00e4<\/li>\n<li> Material: Linne-liknande tyg (100% polyester), skum, bj\u00f6rkplywood, st\u00e5l<\/li>\n<li> Totala dimensioner: 45B x 49D x 76H cm<\/li>\n<li> Sitsstorlek: 45B x 44D x 48H cm<\/li>\n<li> Sittjocklek: 4 cm<\/li>\n<li> Ryggstorlek: 43B x 31H cm<\/li>\n<li> Maximal belastning: 120 kg<\/li>\n<\/ul>\n<p>Leveransinneh\u00e5ll:<\/p>\n<ul>\n<li> 2 x Matstol<\/li>\n<li> 1 x Bruksanvisning<\/li>\n<\/ul>\n","protected":false},"excerpt":{"rendered":"<p>Upplev en ny typ av middag med TRUUSK matstolar i 2-pack. Stil och funktion f\u00f6renas i en ergonomiskt b\u00f6jd ryggst\u00f6d&#8230;<\/p>\n","protected":false},"featured_media":80766,"template":"","meta":[],"product_brand":[],"product_cat":[871,889,518],"product_tag":[],"class_list":{"0":"post-80775","1":"product","2":"type-product","3":"status-publish","4":"has-post-thumbnail","6":"product_cat-hus-hem","7":"product_cat-kok-matsal","8":"product_cat-matsalsstolar","10":"first","11":"instock","12":"sale","13":"taxable","14":"shipping-taxable","15":"purchasable","16":"product-type-simple"},"yoast_head":"<!-- This site is optimized with the Yoast SEO plugin v25.4 - https:\/\/yoast.com\/wordpress\/plugins\/seo\/ -->\n<title>TRUUSK 2-pack Matstolar - Ryggst\u00f6d - Linneutseende - Stoppad Stol - St\u00e5lben - Gr\u00e5 - TRUUSK - Hem, Tr\u00e4dg\u00e5rd &amp; Fritid<\/title>\n<meta name=\"robots\" content=\"index, follow, max-snippet:-1, max-image-preview:large, max-video-preview:-1\" \/>\n<link rel=\"canonical\" href=\"https:\/\/truusk.store\/sv\/produkt\/truusk-2-pack-matstolar-ryggstod-linneutseende-stoppad-stol-stalben-gra\/\" \/>\n<meta property=\"og:locale\" content=\"sv_SE\" \/>\n<meta property=\"og:type\" content=\"article\" \/>\n<meta property=\"og:title\" content=\"TRUUSK 2-pack Matstolar - Ryggst\u00f6d - Linneutseende - Stoppad Stol - St\u00e5lben - Gr\u00e5 - TRUUSK - Hem, Tr\u00e4dg\u00e5rd &amp; Fritid\" \/>\n<meta property=\"og:description\" content=\"Upplev en ny typ av middag med TRUUSK matstolar i 2-pack. Stil och funktion f\u00f6renas i en ergonomiskt b\u00f6jd ryggst\u00f6d...\" \/>\n<meta property=\"og:url\" content=\"https:\/\/truusk.store\/sv\/produkt\/truusk-2-pack-matstolar-ryggstod-linneutseende-stoppad-stol-stalben-gra\/\" \/>\n<meta property=\"og:site_name\" content=\"TRUUSK - Hem, Tr\u00e4dg\u00e5rd &amp; Fritid\" \/>\n<meta property=\"article:modified_time\" content=\"2026-03-12T07:44:13+00:00\" \/>\n<meta property=\"og:image\" content=\"https:\/\/i0.wp.com\/truusk.se\/wp-content\/uploads\/2025\/06\/matstolar-2-pack-koksstol-med-ryggstod-linneutseende-stolar-utan-armstod-stoppad-stol-med-stalben-vardagsrumsstol-for-matbord-gra-1.webp?fit=2000%2C2000&ssl=1\" \/>\n\t<meta property=\"og:image:width\" content=\"2000\" \/>\n\t<meta property=\"og:image:height\" content=\"2000\" \/>\n\t<meta property=\"og:image:type\" content=\"image\/webp\" \/>\n<meta name=\"twitter:card\" content=\"summary_large_image\" \/>\n<meta name=\"twitter:label1\" content=\"Ber\u00e4knad l\u00e4stid\" \/>\n\t<meta name=\"twitter:data1\" content=\"1 minut\" \/>\n<!-- \/ Yoast SEO plugin. -->","yoast_head_json":{"title":"TRUUSK 2-pack Matstolar - Ryggst\u00f6d - Linneutseende - Stoppad Stol - St\u00e5lben - Gr\u00e5 - TRUUSK - Hem, Tr\u00e4dg\u00e5rd &amp; Fritid","robots":{"index":"index","follow":"follow","max-snippet":"max-snippet:-1","max-image-preview":"max-image-preview:large","max-video-preview":"max-video-preview:-1"},"canonical":"https:\/\/truusk.store\/sv\/produkt\/truusk-2-pack-matstolar-ryggstod-linneutseende-stoppad-stol-stalben-gra\/","og_locale":"sv_SE","og_type":"article","og_title":"TRUUSK 2-pack Matstolar - Ryggst\u00f6d - Linneutseende - Stoppad Stol - St\u00e5lben - Gr\u00e5 - TRUUSK - Hem, Tr\u00e4dg\u00e5rd &amp; Fritid","og_description":"Upplev en ny typ av middag med TRUUSK matstolar i 2-pack. Stil och funktion f\u00f6renas i en ergonomiskt b\u00f6jd ryggst\u00f6d...","og_url":"https:\/\/truusk.store\/sv\/produkt\/truusk-2-pack-matstolar-ryggstod-linneutseende-stoppad-stol-stalben-gra\/","og_site_name":"TRUUSK - Hem, Tr\u00e4dg\u00e5rd &amp; Fritid","article_modified_time":"2026-03-12T07:44:13+00:00","og_image":[{"width":2000,"height":2000,"url":"https:\/\/i0.wp.com\/truusk.se\/wp-content\/uploads\/2025\/06\/matstolar-2-pack-koksstol-med-ryggstod-linneutseende-stolar-utan-armstod-stoppad-stol-med-stalben-vardagsrumsstol-for-matbord-gra-1.webp?fit=2000%2C2000&ssl=1","type":"image\/webp"}],"twitter_card":"summary_large_image","twitter_misc":{"Ber\u00e4knad l\u00e4stid":"1 minut"},"schema":{"@context":"https:\/\/schema.org","@graph":[{"@type":"WebPage","@id":"https:\/\/truusk.store\/sv\/produkt\/truusk-2-pack-matstolar-ryggstod-linneutseende-stoppad-stol-stalben-gra\/","url":"https:\/\/truusk.store\/sv\/produkt\/truusk-2-pack-matstolar-ryggstod-linneutseende-stoppad-stol-stalben-gra\/","name":"TRUUSK 2-pack Matstolar - Ryggst\u00f6d - Linneutseende - Stoppad Stol - St\u00e5lben - Gr\u00e5 - TRUUSK - Hem, Tr\u00e4dg\u00e5rd &amp; Fritid","isPartOf":{"@id":"https:\/\/truusk.store\/sv\/#website"},"primaryImageOfPage":{"@id":"https:\/\/truusk.store\/sv\/produkt\/truusk-2-pack-matstolar-ryggstod-linneutseende-stoppad-stol-stalben-gra\/#primaryimage"},"image":{"@id":"https:\/\/truusk.store\/sv\/produkt\/truusk-2-pack-matstolar-ryggstod-linneutseende-stoppad-stol-stalben-gra\/#primaryimage"},"thumbnailUrl":"https:\/\/i0.wp.com\/truusk.store\/wp-content\/uploads\/2025\/06\/matstolar-2-pack-koksstol-med-ryggstod-linneutseende-stolar-utan-armstod-stoppad-stol-med-stalben-vardagsrumsstol-for-matbord-gra-1.webp?fit=2000%2C2000&ssl=1","datePublished":"2025-06-23T11:46:48+00:00","dateModified":"2026-03-12T07:44:13+00:00","breadcrumb":{"@id":"https:\/\/truusk.store\/sv\/produkt\/truusk-2-pack-matstolar-ryggstod-linneutseende-stoppad-stol-stalben-gra\/#breadcrumb"},"inLanguage":"sv-SE","potentialAction":[{"@type":"ReadAction","target":["https:\/\/truusk.store\/sv\/produkt\/truusk-2-pack-matstolar-ryggstod-linneutseende-stoppad-stol-stalben-gra\/"]}]},{"@type":"ImageObject","inLanguage":"sv-SE","@id":"https:\/\/truusk.store\/sv\/produkt\/truusk-2-pack-matstolar-ryggstod-linneutseende-stoppad-stol-stalben-gra\/#primaryimage","url":"https:\/\/i0.wp.com\/truusk.store\/wp-content\/uploads\/2025\/06\/matstolar-2-pack-koksstol-med-ryggstod-linneutseende-stolar-utan-armstod-stoppad-stol-med-stalben-vardagsrumsstol-for-matbord-gra-1.webp?fit=2000%2C2000&ssl=1","contentUrl":"https:\/\/i0.wp.com\/truusk.store\/wp-content\/uploads\/2025\/06\/matstolar-2-pack-koksstol-med-ryggstod-linneutseende-stolar-utan-armstod-stoppad-stol-med-stalben-vardagsrumsstol-for-matbord-gra-1.webp?fit=2000%2C2000&ssl=1","width":2000,"height":2000},{"@type":"BreadcrumbList","@id":"https:\/\/truusk.store\/sv\/produkt\/truusk-2-pack-matstolar-ryggstod-linneutseende-stoppad-stol-stalben-gra\/#breadcrumb","itemListElement":[{"@type":"ListItem","position":1,"name":"Home","item":"https:\/\/truusk.store\/sv\/"},{"@type":"ListItem","position":2,"name":"Shop","item":"https:\/\/truusk.store\/shop\/"},{"@type":"ListItem","position":3,"name":"TRUUSK 2-pack Matstolar &#8211; Ryggst\u00f6d &#8211; Linneutseende &#8211; Stoppad Stol &#8211; St\u00e5lben &#8211; Gr\u00e5"}]},{"@type":"WebSite","@id":"https:\/\/truusk.store\/sv\/#website","url":"https:\/\/truusk.store\/sv\/","name":"TRUUSK - Hem, Tr\u00e4dg\u00e5rd & Fritid","description":"","publisher":{"@id":"https:\/\/truusk.store\/sv\/#organization"},"potentialAction":[{"@type":"SearchAction","target":{"@type":"EntryPoint","urlTemplate":"https:\/\/truusk.store\/sv\/?s={search_term_string}"},"query-input":{"@type":"PropertyValueSpecification","valueRequired":true,"valueName":"search_term_string"}}],"inLanguage":"sv-SE"},{"@type":"Organization","@id":"https:\/\/truusk.store\/sv\/#organization","name":"TRUUSK - Hem, Tr\u00e4dg\u00e5rd & Fritid","url":"https:\/\/truusk.store\/sv\/","logo":{"@type":"ImageObject","inLanguage":"sv-SE","@id":"https:\/\/truusk.store\/sv\/#\/schema\/logo\/image\/","url":"https:\/\/i0.wp.com\/truusk.store\/wp-content\/uploads\/2026\/03\/cropped-TRUUSK.png?fit=2032%2C917&ssl=1","contentUrl":"https:\/\/i0.wp.com\/truusk.store\/wp-content\/uploads\/2026\/03\/cropped-TRUUSK.png?fit=2032%2C917&ssl=1","width":2032,"height":917,"caption":"TRUUSK - Hem, Tr\u00e4dg\u00e5rd & Fritid"},"image":{"@id":"https:\/\/truusk.store\/sv\/#\/schema\/logo\/image\/"}}]}},"jetpack_sharing_enabled":true,"_links":{"self":[{"href":"https:\/\/truusk.store\/sv\/wp-json\/wp\/v2\/product\/80775","targetHints":{"allow":["GET"]}}],"collection":[{"href":"https:\/\/truusk.store\/sv\/wp-json\/wp\/v2\/product"}],"about":[{"href":"https:\/\/truusk.store\/sv\/wp-json\/wp\/v2\/types\/product"}],"wp:featuredmedia":[{"embeddable":true,"href":"https:\/\/truusk.store\/sv\/wp-json\/wp\/v2\/media\/80766"}],"wp:attachment":[{"href":"https:\/\/truusk.store\/sv\/wp-json\/wp\/v2\/media?parent=80775"}],"wp:term":[{"taxonomy":"product_brand","embeddable":true,"href":"https:\/\/truusk.store\/sv\/wp-json\/wp\/v2\/product_brand?post=80775"},{"taxonomy":"product_cat","embeddable":true,"href":"https:\/\/truusk.store\/sv\/wp-json\/wp\/v2\/product_cat?post=80775"},{"taxonomy":"product_tag","embeddable":true,"href":"https:\/\/truusk.store\/sv\/wp-json\/wp\/v2\/product_tag?post=80775"}],"curies":[{"name":"wp","href":"https:\/\/api.w.org\/{rel}","templated":true}]}}