{"id":80785,"date":"2025-06-23T12:48:00","date_gmt":"2025-06-23T11:48:00","guid":{"rendered":"https:\/\/truusk.store\/product\/kladskap-i-tyg-med-kladstang-lador-dragkedja-hopfallbart-skap-for-sovrum-omkladningsrum-125-x-43-x-1625-cm-ljusgra\/"},"modified":"2026-03-12T08:44:16","modified_gmt":"2026-03-12T07:44:16","slug":"truusk-hopfallbart-kladskap-i-tyg-kladstang-lador-dragkedja-for-sovrum-och-omkladningsrum-125-x-43-x-1625-cm-ljusgra","status":"publish","type":"product","link":"https:\/\/truusk.store\/sv\/produkt\/truusk-hopfallbart-kladskap-i-tyg-kladstang-lador-dragkedja-for-sovrum-och-omkladningsrum-125-x-43-x-1625-cm-ljusgra\/","title":{"rendered":"TRUUSK Hopf\u00e4llbart Kl\u00e4dsk\u00e5p i Tyg &#8211; Kl\u00e4dst\u00e5ng &#8211; L\u00e5dor &#8211; Dragkedja &#8211; F\u00f6r Sovrum och Omkl\u00e4dningsrum &#8211; 125 x 43 x 162,5 cm &#8211; Ljusgr\u00e5"},"content":{"rendered":"<p>Med denna hopf\u00e4llbara kl\u00e4dgarderob i tyg fr\u00e5n TRUUSK kan du framh\u00e4va enkelheten i ditt sovrum. Tack vare dess praktiska och utrymmesbesparande egenskaper kan du placera garderoben i ditt sovrum, vardagsrum eller n\u00e5gon annan plats. 5 \u00f6ppna hyllplan, 3 stora l\u00e5dor och 2 h\u00e4ngande omr\u00e5den erbjuder gott om plats f\u00f6r dina kl\u00e4der. Fleece\u00f6verdraget h\u00e5ller dina saker dammfria.<\/p>\n<p>Beskrivning:<\/p>\n<ul>\n<li> Med 2 h\u00e4ngst\u00e4nger och 5 hyllplan f\u00f6r hattar, tr\u00f6jor och vikta kl\u00e4der<\/li>\n<li> Med 3 l\u00e4tt att dra ut l\u00e5dor kan du separera underkl\u00e4der, halsdukar etc. och vika ihop n\u00e4r de inte anv\u00e4nds<\/li>\n<li> Skydda dina saker fr\u00e5n damm med ett \u00f6verdrag av fleece med dragkedjed\u00f6rr<\/li>\n<li> Tack vare kardborrebanden kan d\u00f6rrpanelen rullas upp och fixeras<\/li>\n<li> S\u00e4rskilt behandlade hyllplan f\u00f6r stabilitet och enkel reng\u00f6ring, plastkopplingar och st\u00e5lram f\u00f6r en stabil grund<\/li>\n<li> Har gott om plats, men tar inte mycket golvyta i anspr\u00e5k, idealisk f\u00f6r vardagsrum, sovrum och tv\u00e4ttstuga<\/li>\n<li> H\u00f6jd bas f\u00f6rhindrar att dina kl\u00e4der blir fuktiga<\/li>\n<li> Enkel montering kr\u00e4vs<\/li>\n<\/ul>\n<p> Tekniska specifikationer:<\/p>\n<ul>\n<li> F\u00e4rg: Ljusgr\u00e5<\/li>\n<li> Material: St\u00e5l, fleece, plast<\/li>\n<li> Totala m\u00e5tt: 125B x 43D x 162,5H cm<\/li>\n<li> Mittenhyllans storlek: 39,5B x 39,5D x 37,5H cm<\/li>\n<li> V\u00e4nster\/h\u00f6ger hyllas storlek: 39,5B x 39,5D x 116,5H cm, 39,5B x 39,5D x 37,5H cm<\/li>\n<li> L\u00e5dans storlek: 38B x 38D x 36H cm<\/li>\n<li> L\u00e4ngd p\u00e5 h\u00e4ngst\u00e5ngen: 39 cm<\/li>\n<li> H\u00f6jd fr\u00e5n h\u00e4ngst\u00e5ngen till hyllan: 112 cm<\/li>\n<li> Benens h\u00f6jd: 5 cm<\/li>\n<li> Viktkapacitet: 65kg (totalt), 5kg (varje niv\u00e5), 15kg (h\u00e4ngst\u00e5ng)<\/li>\n<\/ul>\n<p>Leverans inneh\u00e5ller:<\/p>\n<ul>\n<li> 1 x Tygkl\u00e4dgarderob<\/li>\n<li> 3 x L\u00e5da<\/li>\n<li> 1 x Handbok<\/li>\n<\/ul>\n","protected":false},"excerpt":{"rendered":"<p>Med denna hopf\u00e4llbara kl\u00e4dgarderob i tyg fr\u00e5n TRUUSK kan du framh\u00e4va enkelheten i ditt sovrum. Tack vare dess praktiska och&#8230;<\/p>\n","protected":false},"featured_media":80776,"template":"","meta":[],"product_brand":[],"product_cat":[558,871,897],"product_tag":[],"class_list":{"0":"post-80785","1":"product","2":"type-product","3":"status-publish","4":"has-post-thumbnail","6":"product_cat-garderober","7":"product_cat-hus-hem","8":"product_cat-sovrum","10":"first","11":"instock","12":"sale","13":"taxable","14":"shipping-taxable","15":"purchasable","16":"product-type-simple"},"yoast_head":"<!-- This site is optimized with the Yoast SEO plugin v25.4 - https:\/\/yoast.com\/wordpress\/plugins\/seo\/ -->\n<title>TRUUSK Hopf\u00e4llbart Kl\u00e4dsk\u00e5p i Tyg - Kl\u00e4dst\u00e5ng - L\u00e5dor - Dragkedja - F\u00f6r Sovrum och Omkl\u00e4dningsrum - 125 x 43 x 162,5 cm - Ljusgr\u00e5 - TRUUSK - Hem, Tr\u00e4dg\u00e5rd &amp; Fritid<\/title>\n<meta name=\"robots\" content=\"index, follow, max-snippet:-1, max-image-preview:large, max-video-preview:-1\" \/>\n<link rel=\"canonical\" href=\"https:\/\/truusk.store\/sv\/produkt\/truusk-hopfallbart-kladskap-i-tyg-kladstang-lador-dragkedja-for-sovrum-och-omkladningsrum-125-x-43-x-1625-cm-ljusgra\/\" \/>\n<meta property=\"og:locale\" content=\"sv_SE\" \/>\n<meta property=\"og:type\" content=\"article\" \/>\n<meta property=\"og:title\" content=\"TRUUSK Hopf\u00e4llbart Kl\u00e4dsk\u00e5p i Tyg - Kl\u00e4dst\u00e5ng - L\u00e5dor - Dragkedja - F\u00f6r Sovrum och Omkl\u00e4dningsrum - 125 x 43 x 162,5 cm - Ljusgr\u00e5 - TRUUSK - Hem, Tr\u00e4dg\u00e5rd &amp; Fritid\" \/>\n<meta property=\"og:description\" content=\"Med denna hopf\u00e4llbara kl\u00e4dgarderob i tyg fr\u00e5n TRUUSK kan du framh\u00e4va enkelheten i ditt sovrum. Tack vare dess praktiska och...\" \/>\n<meta property=\"og:url\" content=\"https:\/\/truusk.store\/sv\/produkt\/truusk-hopfallbart-kladskap-i-tyg-kladstang-lador-dragkedja-for-sovrum-och-omkladningsrum-125-x-43-x-1625-cm-ljusgra\/\" \/>\n<meta property=\"og:site_name\" content=\"TRUUSK - Hem, Tr\u00e4dg\u00e5rd &amp; Fritid\" \/>\n<meta property=\"article:modified_time\" content=\"2026-03-12T07:44:16+00:00\" \/>\n<meta property=\"og:image\" content=\"https:\/\/i0.wp.com\/truusk.se\/wp-content\/uploads\/2025\/06\/kladskap-i-tyg-med-kladstang-lador-dragkedja-hopfallbart-skap-for-sovrum-omkladningsrum-125-x-43-x-1625-cm-ljusgra-1.webp?fit=2000%2C2000&ssl=1\" \/>\n\t<meta property=\"og:image:width\" content=\"2000\" \/>\n\t<meta property=\"og:image:height\" content=\"2000\" \/>\n\t<meta property=\"og:image:type\" content=\"image\/webp\" \/>\n<meta name=\"twitter:card\" content=\"summary_large_image\" \/>\n<meta name=\"twitter:label1\" content=\"Ber\u00e4knad l\u00e4stid\" \/>\n\t<meta name=\"twitter:data1\" content=\"1 minut\" \/>\n<!-- \/ Yoast SEO plugin. -->","yoast_head_json":{"title":"TRUUSK Hopf\u00e4llbart Kl\u00e4dsk\u00e5p i Tyg - Kl\u00e4dst\u00e5ng - L\u00e5dor - Dragkedja - F\u00f6r Sovrum och Omkl\u00e4dningsrum - 125 x 43 x 162,5 cm - Ljusgr\u00e5 - TRUUSK - Hem, Tr\u00e4dg\u00e5rd &amp; Fritid","robots":{"index":"index","follow":"follow","max-snippet":"max-snippet:-1","max-image-preview":"max-image-preview:large","max-video-preview":"max-video-preview:-1"},"canonical":"https:\/\/truusk.store\/sv\/produkt\/truusk-hopfallbart-kladskap-i-tyg-kladstang-lador-dragkedja-for-sovrum-och-omkladningsrum-125-x-43-x-1625-cm-ljusgra\/","og_locale":"sv_SE","og_type":"article","og_title":"TRUUSK Hopf\u00e4llbart Kl\u00e4dsk\u00e5p i Tyg - Kl\u00e4dst\u00e5ng - L\u00e5dor - Dragkedja - F\u00f6r Sovrum och Omkl\u00e4dningsrum - 125 x 43 x 162,5 cm - Ljusgr\u00e5 - TRUUSK - Hem, Tr\u00e4dg\u00e5rd &amp; Fritid","og_description":"Med denna hopf\u00e4llbara kl\u00e4dgarderob i tyg fr\u00e5n TRUUSK kan du framh\u00e4va enkelheten i ditt sovrum. Tack vare dess praktiska och...","og_url":"https:\/\/truusk.store\/sv\/produkt\/truusk-hopfallbart-kladskap-i-tyg-kladstang-lador-dragkedja-for-sovrum-och-omkladningsrum-125-x-43-x-1625-cm-ljusgra\/","og_site_name":"TRUUSK - Hem, Tr\u00e4dg\u00e5rd &amp; Fritid","article_modified_time":"2026-03-12T07:44:16+00:00","og_image":[{"width":2000,"height":2000,"url":"https:\/\/i0.wp.com\/truusk.se\/wp-content\/uploads\/2025\/06\/kladskap-i-tyg-med-kladstang-lador-dragkedja-hopfallbart-skap-for-sovrum-omkladningsrum-125-x-43-x-1625-cm-ljusgra-1.webp?fit=2000%2C2000&ssl=1","type":"image\/webp"}],"twitter_card":"summary_large_image","twitter_misc":{"Ber\u00e4knad l\u00e4stid":"1 minut"},"schema":{"@context":"https:\/\/schema.org","@graph":[{"@type":"WebPage","@id":"https:\/\/truusk.store\/sv\/produkt\/truusk-hopfallbart-kladskap-i-tyg-kladstang-lador-dragkedja-for-sovrum-och-omkladningsrum-125-x-43-x-1625-cm-ljusgra\/","url":"https:\/\/truusk.store\/sv\/produkt\/truusk-hopfallbart-kladskap-i-tyg-kladstang-lador-dragkedja-for-sovrum-och-omkladningsrum-125-x-43-x-1625-cm-ljusgra\/","name":"TRUUSK Hopf\u00e4llbart Kl\u00e4dsk\u00e5p i Tyg - Kl\u00e4dst\u00e5ng - L\u00e5dor - Dragkedja - F\u00f6r Sovrum och Omkl\u00e4dningsrum - 125 x 43 x 162,5 cm - Ljusgr\u00e5 - TRUUSK - Hem, Tr\u00e4dg\u00e5rd &amp; Fritid","isPartOf":{"@id":"https:\/\/truusk.store\/sv\/#website"},"primaryImageOfPage":{"@id":"https:\/\/truusk.store\/sv\/produkt\/truusk-hopfallbart-kladskap-i-tyg-kladstang-lador-dragkedja-for-sovrum-och-omkladningsrum-125-x-43-x-1625-cm-ljusgra\/#primaryimage"},"image":{"@id":"https:\/\/truusk.store\/sv\/produkt\/truusk-hopfallbart-kladskap-i-tyg-kladstang-lador-dragkedja-for-sovrum-och-omkladningsrum-125-x-43-x-1625-cm-ljusgra\/#primaryimage"},"thumbnailUrl":"https:\/\/i0.wp.com\/truusk.store\/wp-content\/uploads\/2025\/06\/kladskap-i-tyg-med-kladstang-lador-dragkedja-hopfallbart-skap-for-sovrum-omkladningsrum-125-x-43-x-1625-cm-ljusgra-1.webp?fit=2000%2C2000&ssl=1","datePublished":"2025-06-23T11:48:00+00:00","dateModified":"2026-03-12T07:44:16+00:00","breadcrumb":{"@id":"https:\/\/truusk.store\/sv\/produkt\/truusk-hopfallbart-kladskap-i-tyg-kladstang-lador-dragkedja-for-sovrum-och-omkladningsrum-125-x-43-x-1625-cm-ljusgra\/#breadcrumb"},"inLanguage":"sv-SE","potentialAction":[{"@type":"ReadAction","target":["https:\/\/truusk.store\/sv\/produkt\/truusk-hopfallbart-kladskap-i-tyg-kladstang-lador-dragkedja-for-sovrum-och-omkladningsrum-125-x-43-x-1625-cm-ljusgra\/"]}]},{"@type":"ImageObject","inLanguage":"sv-SE","@id":"https:\/\/truusk.store\/sv\/produkt\/truusk-hopfallbart-kladskap-i-tyg-kladstang-lador-dragkedja-for-sovrum-och-omkladningsrum-125-x-43-x-1625-cm-ljusgra\/#primaryimage","url":"https:\/\/i0.wp.com\/truusk.store\/wp-content\/uploads\/2025\/06\/kladskap-i-tyg-med-kladstang-lador-dragkedja-hopfallbart-skap-for-sovrum-omkladningsrum-125-x-43-x-1625-cm-ljusgra-1.webp?fit=2000%2C2000&ssl=1","contentUrl":"https:\/\/i0.wp.com\/truusk.store\/wp-content\/uploads\/2025\/06\/kladskap-i-tyg-med-kladstang-lador-dragkedja-hopfallbart-skap-for-sovrum-omkladningsrum-125-x-43-x-1625-cm-ljusgra-1.webp?fit=2000%2C2000&ssl=1","width":2000,"height":2000},{"@type":"BreadcrumbList","@id":"https:\/\/truusk.store\/sv\/produkt\/truusk-hopfallbart-kladskap-i-tyg-kladstang-lador-dragkedja-for-sovrum-och-omkladningsrum-125-x-43-x-1625-cm-ljusgra\/#breadcrumb","itemListElement":[{"@type":"ListItem","position":1,"name":"Home","item":"https:\/\/truusk.store\/sv\/"},{"@type":"ListItem","position":2,"name":"Shop","item":"https:\/\/truusk.store\/shop\/"},{"@type":"ListItem","position":3,"name":"TRUUSK Hopf\u00e4llbart Kl\u00e4dsk\u00e5p i Tyg &#8211; Kl\u00e4dst\u00e5ng &#8211; L\u00e5dor &#8211; Dragkedja &#8211; F\u00f6r Sovrum och Omkl\u00e4dningsrum &#8211; 125 x 43 x 162,5 cm &#8211; Ljusgr\u00e5"}]},{"@type":"WebSite","@id":"https:\/\/truusk.store\/sv\/#website","url":"https:\/\/truusk.store\/sv\/","name":"TRUUSK - Hem, Tr\u00e4dg\u00e5rd & Fritid","description":"","publisher":{"@id":"https:\/\/truusk.store\/sv\/#organization"},"potentialAction":[{"@type":"SearchAction","target":{"@type":"EntryPoint","urlTemplate":"https:\/\/truusk.store\/sv\/?s={search_term_string}"},"query-input":{"@type":"PropertyValueSpecification","valueRequired":true,"valueName":"search_term_string"}}],"inLanguage":"sv-SE"},{"@type":"Organization","@id":"https:\/\/truusk.store\/sv\/#organization","name":"TRUUSK - Hem, Tr\u00e4dg\u00e5rd & Fritid","url":"https:\/\/truusk.store\/sv\/","logo":{"@type":"ImageObject","inLanguage":"sv-SE","@id":"https:\/\/truusk.store\/sv\/#\/schema\/logo\/image\/","url":"https:\/\/i0.wp.com\/truusk.store\/wp-content\/uploads\/2026\/03\/cropped-TRUUSK.png?fit=2032%2C917&ssl=1","contentUrl":"https:\/\/i0.wp.com\/truusk.store\/wp-content\/uploads\/2026\/03\/cropped-TRUUSK.png?fit=2032%2C917&ssl=1","width":2032,"height":917,"caption":"TRUUSK - Hem, Tr\u00e4dg\u00e5rd & Fritid"},"image":{"@id":"https:\/\/truusk.store\/sv\/#\/schema\/logo\/image\/"}}]}},"jetpack_sharing_enabled":true,"_links":{"self":[{"href":"https:\/\/truusk.store\/sv\/wp-json\/wp\/v2\/product\/80785","targetHints":{"allow":["GET"]}}],"collection":[{"href":"https:\/\/truusk.store\/sv\/wp-json\/wp\/v2\/product"}],"about":[{"href":"https:\/\/truusk.store\/sv\/wp-json\/wp\/v2\/types\/product"}],"wp:featuredmedia":[{"embeddable":true,"href":"https:\/\/truusk.store\/sv\/wp-json\/wp\/v2\/media\/80776"}],"wp:attachment":[{"href":"https:\/\/truusk.store\/sv\/wp-json\/wp\/v2\/media?parent=80785"}],"wp:term":[{"taxonomy":"product_brand","embeddable":true,"href":"https:\/\/truusk.store\/sv\/wp-json\/wp\/v2\/product_brand?post=80785"},{"taxonomy":"product_cat","embeddable":true,"href":"https:\/\/truusk.store\/sv\/wp-json\/wp\/v2\/product_cat?post=80785"},{"taxonomy":"product_tag","embeddable":true,"href":"https:\/\/truusk.store\/sv\/wp-json\/wp\/v2\/product_tag?post=80785"}],"curies":[{"name":"wp","href":"https:\/\/api.w.org\/{rel}","templated":true}]}}