{"id":80805,"date":"2025-06-23T12:49:45","date_gmt":"2025-06-23T11:49:45","guid":{"rendered":"https:\/\/truusk.store\/product\/tradgardssax-set-2-delar-knivlangd-40-cm-grensax-med-non-stick-belagda-metallblad-51-cm-tradgardssax-for-att-klippa-hackar-och-grenar\/"},"modified":"2026-03-12T08:44:18","modified_gmt":"2026-03-12T07:44:18","slug":"truusk-tradgardssax-set-2-delar-non-stick-belagda-metallblad-for-hackar-och-grenar-40-cm-knivlangd-51-cm-grensax-klippa","status":"publish","type":"product","link":"https:\/\/truusk.store\/sv\/produkt\/truusk-tradgardssax-set-2-delar-non-stick-belagda-metallblad-for-hackar-och-grenar-40-cm-knivlangd-51-cm-grensax-klippa\/","title":{"rendered":"TRUUSK Tr\u00e4dg\u00e5rdssax Set 2-delar &#8211; Non-stick Belagda Metallblad &#8211; F\u00f6r H\u00e4ckar och Grenar &#8211; 40 cm Knivl\u00e4ngd &#8211; 51 cm Grensax &#8211; Klippa"},"content":{"rendered":"<p>Forma om din tr\u00e4dg\u00e5rd enkelt med TRUUSK tr\u00e4dg\u00e5rdssaxset och bypass grensax! Polerade st\u00e5lblad klipper enkelt tjockare stj\u00e4lkar och formar h\u00e4ckar. Handtagen med mjuka plastgrepp erbjuder komfort och s\u00e4kerhet vid besk\u00e4rning. Idealisk f\u00f6r alla tr\u00e4dg\u00e5rdsarbeten, fr\u00e5n buskar till tr\u00e4dgrenar.<\/p>\n<p>Beskrivning:<\/p>\n<ul>\n<li> Tr\u00e4dg\u00e5rds- och grensaxar underl\u00e4ttar m\u00e5ngsidiga besk\u00e4rningsuppgifter<\/li>\n<li> Polerade st\u00e5lblad p\u00e5 tr\u00e4dg\u00e5rdssaxen garanterar enkel klippning av st\u00f6rre stj\u00e4lkar<\/li>\n<li> Mjuka plastgrepp p\u00e5 handtagen p\u00e5 tr\u00e4dg\u00e5rdssaxen \u00f6kar komfort och kontroll<\/li>\n<li> L\u00e4mplig f\u00f6r trimning av gr\u00e4s, buskar, buskar och andra v\u00e4xter<\/li>\n<li> Ingen montering kr\u00e4vs<\/li>\n<\/ul>\n<p> Tekniska data:<\/p>\n<ul>\n<li> F\u00e4rg: Gr\u00f6n+Svart<\/li>\n<li> Material: Metall, Plast<\/li>\n<li> Tr\u00e4dg\u00e5rdssax M\u00e5tt: 51L x 17B x 4,5H cm<\/li>\n<li> Grensax M\u00e5tt: 40L x 16B x 3H cm<\/li>\n<\/ul>\n<p>Leveransinneh\u00e5ll:<\/p>\n<ul>\n<li> 1 x Tr\u00e4dg\u00e5rdssax<\/li>\n<li> 1 x Grensax<\/li>\n<\/ul>\n","protected":false},"excerpt":{"rendered":"<p>Forma om din tr\u00e4dg\u00e5rd enkelt med TRUUSK tr\u00e4dg\u00e5rdssaxset och bypass grensax! Polerade st\u00e5lblad klipper enkelt tjockare stj\u00e4lkar och formar h\u00e4ckar&#8230;.<\/p>\n","protected":false},"featured_media":80796,"template":"","meta":[],"product_brand":[],"product_cat":[867,704],"product_tag":[],"class_list":{"0":"post-80805","1":"product","2":"type-product","3":"status-publish","4":"has-post-thumbnail","6":"product_cat-byggmarknad","7":"product_cat-tradgardsskotsel","9":"first","10":"instock","11":"sale","12":"taxable","13":"shipping-taxable","14":"purchasable","15":"product-type-simple"},"yoast_head":"<!-- This site is optimized with the Yoast SEO plugin v25.4 - https:\/\/yoast.com\/wordpress\/plugins\/seo\/ -->\n<title>TRUUSK Tr\u00e4dg\u00e5rdssax Set 2-delar - Non-stick Belagda Metallblad - F\u00f6r H\u00e4ckar och Grenar - 40 cm Knivl\u00e4ngd - 51 cm Grensax - Klippa - TRUUSK - Hem, Tr\u00e4dg\u00e5rd &amp; Fritid<\/title>\n<meta name=\"robots\" content=\"index, follow, max-snippet:-1, max-image-preview:large, max-video-preview:-1\" \/>\n<link rel=\"canonical\" href=\"https:\/\/truusk.store\/sv\/produkt\/truusk-tradgardssax-set-2-delar-non-stick-belagda-metallblad-for-hackar-och-grenar-40-cm-knivlangd-51-cm-grensax-klippa\/\" \/>\n<meta property=\"og:locale\" content=\"sv_SE\" \/>\n<meta property=\"og:type\" content=\"article\" \/>\n<meta property=\"og:title\" content=\"TRUUSK Tr\u00e4dg\u00e5rdssax Set 2-delar - Non-stick Belagda Metallblad - F\u00f6r H\u00e4ckar och Grenar - 40 cm Knivl\u00e4ngd - 51 cm Grensax - Klippa - TRUUSK - Hem, Tr\u00e4dg\u00e5rd &amp; Fritid\" \/>\n<meta property=\"og:description\" content=\"Forma om din tr\u00e4dg\u00e5rd enkelt med TRUUSK tr\u00e4dg\u00e5rdssaxset och bypass grensax! Polerade st\u00e5lblad klipper enkelt tjockare stj\u00e4lkar och formar h\u00e4ckar....\" \/>\n<meta property=\"og:url\" content=\"https:\/\/truusk.store\/sv\/produkt\/truusk-tradgardssax-set-2-delar-non-stick-belagda-metallblad-for-hackar-och-grenar-40-cm-knivlangd-51-cm-grensax-klippa\/\" \/>\n<meta property=\"og:site_name\" content=\"TRUUSK - Hem, Tr\u00e4dg\u00e5rd &amp; Fritid\" \/>\n<meta property=\"article:modified_time\" content=\"2026-03-12T07:44:18+00:00\" \/>\n<meta property=\"og:image\" content=\"https:\/\/i0.wp.com\/truusk.se\/wp-content\/uploads\/2025\/06\/tradgardssax-set-2-delar-knivlangd-40-cm-grensax-med-non-stick-belagda-metallblad-51-cm-tradgardssax-for-att-klippa-hackar-och-grenar-1.webp?fit=2000%2C2000&ssl=1\" \/>\n\t<meta property=\"og:image:width\" content=\"2000\" \/>\n\t<meta property=\"og:image:height\" content=\"2000\" \/>\n\t<meta property=\"og:image:type\" content=\"image\/webp\" \/>\n<meta name=\"twitter:card\" content=\"summary_large_image\" \/>\n<meta name=\"twitter:label1\" content=\"Ber\u00e4knad l\u00e4stid\" \/>\n\t<meta name=\"twitter:data1\" content=\"1 minut\" \/>\n<!-- \/ Yoast SEO plugin. -->","yoast_head_json":{"title":"TRUUSK Tr\u00e4dg\u00e5rdssax Set 2-delar - Non-stick Belagda Metallblad - F\u00f6r H\u00e4ckar och Grenar - 40 cm Knivl\u00e4ngd - 51 cm Grensax - Klippa - TRUUSK - Hem, Tr\u00e4dg\u00e5rd &amp; Fritid","robots":{"index":"index","follow":"follow","max-snippet":"max-snippet:-1","max-image-preview":"max-image-preview:large","max-video-preview":"max-video-preview:-1"},"canonical":"https:\/\/truusk.store\/sv\/produkt\/truusk-tradgardssax-set-2-delar-non-stick-belagda-metallblad-for-hackar-och-grenar-40-cm-knivlangd-51-cm-grensax-klippa\/","og_locale":"sv_SE","og_type":"article","og_title":"TRUUSK Tr\u00e4dg\u00e5rdssax Set 2-delar - Non-stick Belagda Metallblad - F\u00f6r H\u00e4ckar och Grenar - 40 cm Knivl\u00e4ngd - 51 cm Grensax - Klippa - TRUUSK - Hem, Tr\u00e4dg\u00e5rd &amp; Fritid","og_description":"Forma om din tr\u00e4dg\u00e5rd enkelt med TRUUSK tr\u00e4dg\u00e5rdssaxset och bypass grensax! Polerade st\u00e5lblad klipper enkelt tjockare stj\u00e4lkar och formar h\u00e4ckar....","og_url":"https:\/\/truusk.store\/sv\/produkt\/truusk-tradgardssax-set-2-delar-non-stick-belagda-metallblad-for-hackar-och-grenar-40-cm-knivlangd-51-cm-grensax-klippa\/","og_site_name":"TRUUSK - Hem, Tr\u00e4dg\u00e5rd &amp; Fritid","article_modified_time":"2026-03-12T07:44:18+00:00","og_image":[{"width":2000,"height":2000,"url":"https:\/\/i0.wp.com\/truusk.se\/wp-content\/uploads\/2025\/06\/tradgardssax-set-2-delar-knivlangd-40-cm-grensax-med-non-stick-belagda-metallblad-51-cm-tradgardssax-for-att-klippa-hackar-och-grenar-1.webp?fit=2000%2C2000&ssl=1","type":"image\/webp"}],"twitter_card":"summary_large_image","twitter_misc":{"Ber\u00e4knad l\u00e4stid":"1 minut"},"schema":{"@context":"https:\/\/schema.org","@graph":[{"@type":"WebPage","@id":"https:\/\/truusk.store\/sv\/produkt\/truusk-tradgardssax-set-2-delar-non-stick-belagda-metallblad-for-hackar-och-grenar-40-cm-knivlangd-51-cm-grensax-klippa\/","url":"https:\/\/truusk.store\/sv\/produkt\/truusk-tradgardssax-set-2-delar-non-stick-belagda-metallblad-for-hackar-och-grenar-40-cm-knivlangd-51-cm-grensax-klippa\/","name":"TRUUSK Tr\u00e4dg\u00e5rdssax Set 2-delar - Non-stick Belagda Metallblad - F\u00f6r H\u00e4ckar och Grenar - 40 cm Knivl\u00e4ngd - 51 cm Grensax - Klippa - TRUUSK - Hem, Tr\u00e4dg\u00e5rd &amp; Fritid","isPartOf":{"@id":"https:\/\/truusk.store\/sv\/#website"},"primaryImageOfPage":{"@id":"https:\/\/truusk.store\/sv\/produkt\/truusk-tradgardssax-set-2-delar-non-stick-belagda-metallblad-for-hackar-och-grenar-40-cm-knivlangd-51-cm-grensax-klippa\/#primaryimage"},"image":{"@id":"https:\/\/truusk.store\/sv\/produkt\/truusk-tradgardssax-set-2-delar-non-stick-belagda-metallblad-for-hackar-och-grenar-40-cm-knivlangd-51-cm-grensax-klippa\/#primaryimage"},"thumbnailUrl":"https:\/\/i0.wp.com\/truusk.store\/wp-content\/uploads\/2025\/06\/tradgardssax-set-2-delar-knivlangd-40-cm-grensax-med-non-stick-belagda-metallblad-51-cm-tradgardssax-for-att-klippa-hackar-och-grenar-1.webp?fit=2000%2C2000&ssl=1","datePublished":"2025-06-23T11:49:45+00:00","dateModified":"2026-03-12T07:44:18+00:00","breadcrumb":{"@id":"https:\/\/truusk.store\/sv\/produkt\/truusk-tradgardssax-set-2-delar-non-stick-belagda-metallblad-for-hackar-och-grenar-40-cm-knivlangd-51-cm-grensax-klippa\/#breadcrumb"},"inLanguage":"sv-SE","potentialAction":[{"@type":"ReadAction","target":["https:\/\/truusk.store\/sv\/produkt\/truusk-tradgardssax-set-2-delar-non-stick-belagda-metallblad-for-hackar-och-grenar-40-cm-knivlangd-51-cm-grensax-klippa\/"]}]},{"@type":"ImageObject","inLanguage":"sv-SE","@id":"https:\/\/truusk.store\/sv\/produkt\/truusk-tradgardssax-set-2-delar-non-stick-belagda-metallblad-for-hackar-och-grenar-40-cm-knivlangd-51-cm-grensax-klippa\/#primaryimage","url":"https:\/\/i0.wp.com\/truusk.store\/wp-content\/uploads\/2025\/06\/tradgardssax-set-2-delar-knivlangd-40-cm-grensax-med-non-stick-belagda-metallblad-51-cm-tradgardssax-for-att-klippa-hackar-och-grenar-1.webp?fit=2000%2C2000&ssl=1","contentUrl":"https:\/\/i0.wp.com\/truusk.store\/wp-content\/uploads\/2025\/06\/tradgardssax-set-2-delar-knivlangd-40-cm-grensax-med-non-stick-belagda-metallblad-51-cm-tradgardssax-for-att-klippa-hackar-och-grenar-1.webp?fit=2000%2C2000&ssl=1","width":2000,"height":2000},{"@type":"BreadcrumbList","@id":"https:\/\/truusk.store\/sv\/produkt\/truusk-tradgardssax-set-2-delar-non-stick-belagda-metallblad-for-hackar-och-grenar-40-cm-knivlangd-51-cm-grensax-klippa\/#breadcrumb","itemListElement":[{"@type":"ListItem","position":1,"name":"Home","item":"https:\/\/truusk.store\/sv\/"},{"@type":"ListItem","position":2,"name":"Shop","item":"https:\/\/truusk.store\/shop\/"},{"@type":"ListItem","position":3,"name":"TRUUSK Tr\u00e4dg\u00e5rdssax Set 2-delar &#8211; Non-stick Belagda Metallblad &#8211; F\u00f6r H\u00e4ckar och Grenar &#8211; 40 cm Knivl\u00e4ngd &#8211; 51 cm Grensax &#8211; Klippa"}]},{"@type":"WebSite","@id":"https:\/\/truusk.store\/sv\/#website","url":"https:\/\/truusk.store\/sv\/","name":"TRUUSK - Hem, Tr\u00e4dg\u00e5rd & Fritid","description":"","publisher":{"@id":"https:\/\/truusk.store\/sv\/#organization"},"potentialAction":[{"@type":"SearchAction","target":{"@type":"EntryPoint","urlTemplate":"https:\/\/truusk.store\/sv\/?s={search_term_string}"},"query-input":{"@type":"PropertyValueSpecification","valueRequired":true,"valueName":"search_term_string"}}],"inLanguage":"sv-SE"},{"@type":"Organization","@id":"https:\/\/truusk.store\/sv\/#organization","name":"TRUUSK - Hem, Tr\u00e4dg\u00e5rd & Fritid","url":"https:\/\/truusk.store\/sv\/","logo":{"@type":"ImageObject","inLanguage":"sv-SE","@id":"https:\/\/truusk.store\/sv\/#\/schema\/logo\/image\/","url":"https:\/\/i0.wp.com\/truusk.store\/wp-content\/uploads\/2026\/03\/cropped-TRUUSK.png?fit=2032%2C917&ssl=1","contentUrl":"https:\/\/i0.wp.com\/truusk.store\/wp-content\/uploads\/2026\/03\/cropped-TRUUSK.png?fit=2032%2C917&ssl=1","width":2032,"height":917,"caption":"TRUUSK - Hem, Tr\u00e4dg\u00e5rd & Fritid"},"image":{"@id":"https:\/\/truusk.store\/sv\/#\/schema\/logo\/image\/"}}]}},"jetpack_sharing_enabled":true,"_links":{"self":[{"href":"https:\/\/truusk.store\/sv\/wp-json\/wp\/v2\/product\/80805","targetHints":{"allow":["GET"]}}],"collection":[{"href":"https:\/\/truusk.store\/sv\/wp-json\/wp\/v2\/product"}],"about":[{"href":"https:\/\/truusk.store\/sv\/wp-json\/wp\/v2\/types\/product"}],"wp:featuredmedia":[{"embeddable":true,"href":"https:\/\/truusk.store\/sv\/wp-json\/wp\/v2\/media\/80796"}],"wp:attachment":[{"href":"https:\/\/truusk.store\/sv\/wp-json\/wp\/v2\/media?parent=80805"}],"wp:term":[{"taxonomy":"product_brand","embeddable":true,"href":"https:\/\/truusk.store\/sv\/wp-json\/wp\/v2\/product_brand?post=80805"},{"taxonomy":"product_cat","embeddable":true,"href":"https:\/\/truusk.store\/sv\/wp-json\/wp\/v2\/product_cat?post=80805"},{"taxonomy":"product_tag","embeddable":true,"href":"https:\/\/truusk.store\/sv\/wp-json\/wp\/v2\/product_tag?post=80805"}],"curies":[{"name":"wp","href":"https:\/\/api.w.org\/{rel}","templated":true}]}}