{"id":80815,"date":"2025-06-23T12:50:45","date_gmt":"2025-06-23T11:50:45","guid":{"rendered":"https:\/\/truusk.store\/product\/tradgardsverktygssats-2-stycken-tradgardsverktyg-i-rostfritt-stal-tradgardsutrustning-med-tradgardssax-grensax-tradgardsarbetsset-tradgardsgavor-for-kvinnor-och-man-gronsilver\/"},"modified":"2026-03-12T08:44:19","modified_gmt":"2026-03-12T07:44:19","slug":"truusk-tradgardsverktygssats-2-stycken-rostfritt-stal-tradgardssax-och-grensax-tradgardsarbetsset-tradgardsgavor","status":"publish","type":"product","link":"https:\/\/truusk.store\/sv\/produkt\/truusk-tradgardsverktygssats-2-stycken-rostfritt-stal-tradgardssax-och-grensax-tradgardsarbetsset-tradgardsgavor\/","title":{"rendered":"TRUUSK Tr\u00e4dg\u00e5rdsverktygssats 2 Stycken &#8211; Rostfritt St\u00e5l &#8211; Tr\u00e4dg\u00e5rdssax och Grensax &#8211; Tr\u00e4dg\u00e5rdsarbetsset &#8211; Tr\u00e4dg\u00e5rdsg\u00e5vor &#8211;"},"content":{"rendered":"<p>Forma om din tr\u00e4dg\u00e5rd med TRUUSK tr\u00e4dg\u00e5rdssaxar och grensaxar! Utformade f\u00f6r exakt besk\u00e4rning av blommor och grenar, erbjuder dessa saxar med sina polerade rostfria st\u00e5lblad precisa, rostfria klipp. Den ergonomiska TPR-handtaget p\u00e5 tr\u00e4dg\u00e5rdsverktygen garanterar komfort och stabilitet vid klippning. Oundg\u00e4nglig f\u00f6r alla tr\u00e4dg\u00e5rds\u00e4lskare. Inkluderar s\u00e4kerhetsl\u00e5s f\u00f6r \u00f6kad s\u00e4kerhet.<\/p>\n<p>Beskrivning:<\/p>\n<ul>\n<li> Tr\u00e4dg\u00e5rdsverktygssatsen inneh\u00e5ller bypass-tr\u00e4dg\u00e5rdssaxar och tr\u00e4dg\u00e5rdssaxar f\u00f6r m\u00e5ngsidig tr\u00e4dg\u00e5rdssk\u00f6tsel<\/li>\n<li> Polerade rostfria st\u00e5lblad p\u00e5 tr\u00e4dg\u00e5rdsverktyget motst\u00e5r rost och f\u00f6rblir vassa<\/li>\n<li> Starka k\u00e4rnhandtag av zink-aluminiumlegering med mjukt TPR-handtag<\/li>\n<li> S\u00e4kerhetsl\u00e5set p\u00e5 tr\u00e4dg\u00e5rdsverktygssatsen h\u00e5ller bladen st\u00e4ngda f\u00f6r att f\u00f6rhindra olyckor<\/li>\n<li> Idealisk f\u00f6r finbesk\u00e4rning av blommor, krukv\u00e4xter och sk\u00f6rd av frukt<\/li>\n<li> Ingen montering kr\u00e4vs<\/li>\n<\/ul>\n<p> Tekniska data:<\/p>\n<ul>\n<li> F\u00e4rg: Gr\u00f6n+Silver<\/li>\n<li> Material: Rostfritt st\u00e5l, zink-aluminiumlegering, plast<\/li>\n<li> Bypass-tr\u00e4dg\u00e5rdssax m\u00e5tt: 16L x 4,5B x 1,5H cm<\/li>\n<li> Busksax dimensioner: 16,5L x 4,5B x 1,5H cm<\/li>\n<\/ul>\n<p>Leveransinneh\u00e5ll:<\/p>\n<ul>\n<li> 1 x Bypass-tr\u00e4dg\u00e5rdssax<\/li>\n<li> 1 x Grensax<\/li>\n<\/ul>\n","protected":false},"excerpt":{"rendered":"<p>Forma om din tr\u00e4dg\u00e5rd med TRUUSK tr\u00e4dg\u00e5rdssaxar och grensaxar! Utformade f\u00f6r exakt besk\u00e4rning av blommor och grenar, erbjuder dessa saxar&#8230;<\/p>\n","protected":false},"featured_media":80806,"template":"","meta":[],"product_brand":[],"product_cat":[867,704],"product_tag":[],"class_list":{"0":"post-80815","1":"product","2":"type-product","3":"status-publish","4":"has-post-thumbnail","6":"product_cat-byggmarknad","7":"product_cat-tradgardsskotsel","9":"first","10":"instock","11":"sale","12":"taxable","13":"shipping-taxable","14":"purchasable","15":"product-type-simple"},"yoast_head":"<!-- This site is optimized with the Yoast SEO plugin v25.4 - https:\/\/yoast.com\/wordpress\/plugins\/seo\/ -->\n<title>TRUUSK Tr\u00e4dg\u00e5rdsverktygssats 2 Stycken - Rostfritt St\u00e5l - Tr\u00e4dg\u00e5rdssax och Grensax - Tr\u00e4dg\u00e5rdsarbetsset - Tr\u00e4dg\u00e5rdsg\u00e5vor - TRUUSK - Hem, Tr\u00e4dg\u00e5rd &amp; Fritid<\/title>\n<meta name=\"robots\" content=\"index, follow, max-snippet:-1, max-image-preview:large, max-video-preview:-1\" \/>\n<link rel=\"canonical\" href=\"https:\/\/truusk.store\/sv\/produkt\/truusk-tradgardsverktygssats-2-stycken-rostfritt-stal-tradgardssax-och-grensax-tradgardsarbetsset-tradgardsgavor\/\" \/>\n<meta property=\"og:locale\" content=\"sv_SE\" \/>\n<meta property=\"og:type\" content=\"article\" \/>\n<meta property=\"og:title\" content=\"TRUUSK Tr\u00e4dg\u00e5rdsverktygssats 2 Stycken - Rostfritt St\u00e5l - Tr\u00e4dg\u00e5rdssax och Grensax - Tr\u00e4dg\u00e5rdsarbetsset - Tr\u00e4dg\u00e5rdsg\u00e5vor - TRUUSK - Hem, Tr\u00e4dg\u00e5rd &amp; Fritid\" \/>\n<meta property=\"og:description\" content=\"Forma om din tr\u00e4dg\u00e5rd med TRUUSK tr\u00e4dg\u00e5rdssaxar och grensaxar! Utformade f\u00f6r exakt besk\u00e4rning av blommor och grenar, erbjuder dessa saxar...\" \/>\n<meta property=\"og:url\" content=\"https:\/\/truusk.store\/sv\/produkt\/truusk-tradgardsverktygssats-2-stycken-rostfritt-stal-tradgardssax-och-grensax-tradgardsarbetsset-tradgardsgavor\/\" \/>\n<meta property=\"og:site_name\" content=\"TRUUSK - Hem, Tr\u00e4dg\u00e5rd &amp; Fritid\" \/>\n<meta property=\"article:modified_time\" content=\"2026-03-12T07:44:19+00:00\" \/>\n<meta property=\"og:image\" content=\"https:\/\/i0.wp.com\/truusk.se\/wp-content\/uploads\/2025\/06\/tradgardsverktygssats-2-stycken-tradgardsverktyg-i-rostfritt-stal-tradgardsutrustning-med-tradgardssax-grensax-tradgardsarbetsset-tradgardsgavor-for-kvinnor-och-man-gronsilver-1.webp?fit=2000%2C2000&ssl=1\" \/>\n\t<meta property=\"og:image:width\" content=\"2000\" \/>\n\t<meta property=\"og:image:height\" content=\"2000\" \/>\n\t<meta property=\"og:image:type\" content=\"image\/webp\" \/>\n<meta name=\"twitter:card\" content=\"summary_large_image\" \/>\n<meta name=\"twitter:label1\" content=\"Ber\u00e4knad l\u00e4stid\" \/>\n\t<meta name=\"twitter:data1\" content=\"1 minut\" \/>\n<!-- \/ Yoast SEO plugin. -->","yoast_head_json":{"title":"TRUUSK Tr\u00e4dg\u00e5rdsverktygssats 2 Stycken - Rostfritt St\u00e5l - Tr\u00e4dg\u00e5rdssax och Grensax - Tr\u00e4dg\u00e5rdsarbetsset - Tr\u00e4dg\u00e5rdsg\u00e5vor - TRUUSK - Hem, Tr\u00e4dg\u00e5rd &amp; Fritid","robots":{"index":"index","follow":"follow","max-snippet":"max-snippet:-1","max-image-preview":"max-image-preview:large","max-video-preview":"max-video-preview:-1"},"canonical":"https:\/\/truusk.store\/sv\/produkt\/truusk-tradgardsverktygssats-2-stycken-rostfritt-stal-tradgardssax-och-grensax-tradgardsarbetsset-tradgardsgavor\/","og_locale":"sv_SE","og_type":"article","og_title":"TRUUSK Tr\u00e4dg\u00e5rdsverktygssats 2 Stycken - Rostfritt St\u00e5l - Tr\u00e4dg\u00e5rdssax och Grensax - Tr\u00e4dg\u00e5rdsarbetsset - Tr\u00e4dg\u00e5rdsg\u00e5vor - TRUUSK - Hem, Tr\u00e4dg\u00e5rd &amp; Fritid","og_description":"Forma om din tr\u00e4dg\u00e5rd med TRUUSK tr\u00e4dg\u00e5rdssaxar och grensaxar! Utformade f\u00f6r exakt besk\u00e4rning av blommor och grenar, erbjuder dessa saxar...","og_url":"https:\/\/truusk.store\/sv\/produkt\/truusk-tradgardsverktygssats-2-stycken-rostfritt-stal-tradgardssax-och-grensax-tradgardsarbetsset-tradgardsgavor\/","og_site_name":"TRUUSK - Hem, Tr\u00e4dg\u00e5rd &amp; Fritid","article_modified_time":"2026-03-12T07:44:19+00:00","og_image":[{"width":2000,"height":2000,"url":"https:\/\/i0.wp.com\/truusk.se\/wp-content\/uploads\/2025\/06\/tradgardsverktygssats-2-stycken-tradgardsverktyg-i-rostfritt-stal-tradgardsutrustning-med-tradgardssax-grensax-tradgardsarbetsset-tradgardsgavor-for-kvinnor-och-man-gronsilver-1.webp?fit=2000%2C2000&ssl=1","type":"image\/webp"}],"twitter_card":"summary_large_image","twitter_misc":{"Ber\u00e4knad l\u00e4stid":"1 minut"},"schema":{"@context":"https:\/\/schema.org","@graph":[{"@type":"WebPage","@id":"https:\/\/truusk.store\/sv\/produkt\/truusk-tradgardsverktygssats-2-stycken-rostfritt-stal-tradgardssax-och-grensax-tradgardsarbetsset-tradgardsgavor\/","url":"https:\/\/truusk.store\/sv\/produkt\/truusk-tradgardsverktygssats-2-stycken-rostfritt-stal-tradgardssax-och-grensax-tradgardsarbetsset-tradgardsgavor\/","name":"TRUUSK Tr\u00e4dg\u00e5rdsverktygssats 2 Stycken - Rostfritt St\u00e5l - Tr\u00e4dg\u00e5rdssax och Grensax - Tr\u00e4dg\u00e5rdsarbetsset - Tr\u00e4dg\u00e5rdsg\u00e5vor - TRUUSK - Hem, Tr\u00e4dg\u00e5rd &amp; Fritid","isPartOf":{"@id":"https:\/\/truusk.store\/sv\/#website"},"primaryImageOfPage":{"@id":"https:\/\/truusk.store\/sv\/produkt\/truusk-tradgardsverktygssats-2-stycken-rostfritt-stal-tradgardssax-och-grensax-tradgardsarbetsset-tradgardsgavor\/#primaryimage"},"image":{"@id":"https:\/\/truusk.store\/sv\/produkt\/truusk-tradgardsverktygssats-2-stycken-rostfritt-stal-tradgardssax-och-grensax-tradgardsarbetsset-tradgardsgavor\/#primaryimage"},"thumbnailUrl":"https:\/\/i0.wp.com\/truusk.store\/wp-content\/uploads\/2025\/06\/tradgardsverktygssats-2-stycken-tradgardsverktyg-i-rostfritt-stal-tradgardsutrustning-med-tradgardssax-grensax-tradgardsarbetsset-tradgardsgavor-for-kvinnor-och-man-gronsilver-1.webp?fit=2000%2C2000&ssl=1","datePublished":"2025-06-23T11:50:45+00:00","dateModified":"2026-03-12T07:44:19+00:00","breadcrumb":{"@id":"https:\/\/truusk.store\/sv\/produkt\/truusk-tradgardsverktygssats-2-stycken-rostfritt-stal-tradgardssax-och-grensax-tradgardsarbetsset-tradgardsgavor\/#breadcrumb"},"inLanguage":"sv-SE","potentialAction":[{"@type":"ReadAction","target":["https:\/\/truusk.store\/sv\/produkt\/truusk-tradgardsverktygssats-2-stycken-rostfritt-stal-tradgardssax-och-grensax-tradgardsarbetsset-tradgardsgavor\/"]}]},{"@type":"ImageObject","inLanguage":"sv-SE","@id":"https:\/\/truusk.store\/sv\/produkt\/truusk-tradgardsverktygssats-2-stycken-rostfritt-stal-tradgardssax-och-grensax-tradgardsarbetsset-tradgardsgavor\/#primaryimage","url":"https:\/\/i0.wp.com\/truusk.store\/wp-content\/uploads\/2025\/06\/tradgardsverktygssats-2-stycken-tradgardsverktyg-i-rostfritt-stal-tradgardsutrustning-med-tradgardssax-grensax-tradgardsarbetsset-tradgardsgavor-for-kvinnor-och-man-gronsilver-1.webp?fit=2000%2C2000&ssl=1","contentUrl":"https:\/\/i0.wp.com\/truusk.store\/wp-content\/uploads\/2025\/06\/tradgardsverktygssats-2-stycken-tradgardsverktyg-i-rostfritt-stal-tradgardsutrustning-med-tradgardssax-grensax-tradgardsarbetsset-tradgardsgavor-for-kvinnor-och-man-gronsilver-1.webp?fit=2000%2C2000&ssl=1","width":2000,"height":2000},{"@type":"BreadcrumbList","@id":"https:\/\/truusk.store\/sv\/produkt\/truusk-tradgardsverktygssats-2-stycken-rostfritt-stal-tradgardssax-och-grensax-tradgardsarbetsset-tradgardsgavor\/#breadcrumb","itemListElement":[{"@type":"ListItem","position":1,"name":"Home","item":"https:\/\/truusk.store\/sv\/"},{"@type":"ListItem","position":2,"name":"Shop","item":"https:\/\/truusk.store\/shop\/"},{"@type":"ListItem","position":3,"name":"TRUUSK Tr\u00e4dg\u00e5rdsverktygssats 2 Stycken &#8211; Rostfritt St\u00e5l &#8211; Tr\u00e4dg\u00e5rdssax och Grensax &#8211; Tr\u00e4dg\u00e5rdsarbetsset &#8211; Tr\u00e4dg\u00e5rdsg\u00e5vor &#8211;"}]},{"@type":"WebSite","@id":"https:\/\/truusk.store\/sv\/#website","url":"https:\/\/truusk.store\/sv\/","name":"TRUUSK - Hem, Tr\u00e4dg\u00e5rd & Fritid","description":"","publisher":{"@id":"https:\/\/truusk.store\/sv\/#organization"},"potentialAction":[{"@type":"SearchAction","target":{"@type":"EntryPoint","urlTemplate":"https:\/\/truusk.store\/sv\/?s={search_term_string}"},"query-input":{"@type":"PropertyValueSpecification","valueRequired":true,"valueName":"search_term_string"}}],"inLanguage":"sv-SE"},{"@type":"Organization","@id":"https:\/\/truusk.store\/sv\/#organization","name":"TRUUSK - Hem, Tr\u00e4dg\u00e5rd & Fritid","url":"https:\/\/truusk.store\/sv\/","logo":{"@type":"ImageObject","inLanguage":"sv-SE","@id":"https:\/\/truusk.store\/sv\/#\/schema\/logo\/image\/","url":"https:\/\/i0.wp.com\/truusk.store\/wp-content\/uploads\/2026\/03\/cropped-TRUUSK.png?fit=2032%2C917&ssl=1","contentUrl":"https:\/\/i0.wp.com\/truusk.store\/wp-content\/uploads\/2026\/03\/cropped-TRUUSK.png?fit=2032%2C917&ssl=1","width":2032,"height":917,"caption":"TRUUSK - Hem, Tr\u00e4dg\u00e5rd & Fritid"},"image":{"@id":"https:\/\/truusk.store\/sv\/#\/schema\/logo\/image\/"}}]}},"jetpack_sharing_enabled":true,"_links":{"self":[{"href":"https:\/\/truusk.store\/sv\/wp-json\/wp\/v2\/product\/80815","targetHints":{"allow":["GET"]}}],"collection":[{"href":"https:\/\/truusk.store\/sv\/wp-json\/wp\/v2\/product"}],"about":[{"href":"https:\/\/truusk.store\/sv\/wp-json\/wp\/v2\/types\/product"}],"wp:featuredmedia":[{"embeddable":true,"href":"https:\/\/truusk.store\/sv\/wp-json\/wp\/v2\/media\/80806"}],"wp:attachment":[{"href":"https:\/\/truusk.store\/sv\/wp-json\/wp\/v2\/media?parent=80815"}],"wp:term":[{"taxonomy":"product_brand","embeddable":true,"href":"https:\/\/truusk.store\/sv\/wp-json\/wp\/v2\/product_brand?post=80815"},{"taxonomy":"product_cat","embeddable":true,"href":"https:\/\/truusk.store\/sv\/wp-json\/wp\/v2\/product_cat?post=80815"},{"taxonomy":"product_tag","embeddable":true,"href":"https:\/\/truusk.store\/sv\/wp-json\/wp\/v2\/product_tag?post=80815"}],"curies":[{"name":"wp","href":"https:\/\/api.w.org\/{rel}","templated":true}]}}