{"id":80855,"date":"2025-06-23T12:54:45","date_gmt":"2025-06-23T11:54:45","guid":{"rendered":"https:\/\/truusk.store\/product\/tradgardsverktygssats-2-stycken-tradgardsverktyg-av-metall-tradgardsutrustning-med-bypass-tradgardssax-amboss-tradgardssax-tradgardsarbetsset-tradgardspresenter-for-kvinnor-och-man-gronsvart\/"},"modified":"2026-03-12T08:44:19","modified_gmt":"2026-03-12T07:44:19","slug":"truusk-tradgardsverktygssats-2-metall-tradgardsverktyg-bypass-tradgardssax-amboss-tradgardssax-gronsvart","status":"publish","type":"product","link":"https:\/\/truusk.store\/sv\/produkt\/truusk-tradgardsverktygssats-2-metall-tradgardsverktyg-bypass-tradgardssax-amboss-tradgardssax-gronsvart\/","title":{"rendered":"TRUUSK Tr\u00e4dg\u00e5rdsverktygssats &#8211; 2 Metall Tr\u00e4dg\u00e5rdsverktyg &#8211; Bypass-tr\u00e4dg\u00e5rdssax &#8211; Amboss-tr\u00e4dg\u00e5rdssax &#8211; Gr\u00f6n+Svart"},"content":{"rendered":"<p>Upplev tr\u00e4dg\u00e5rdsskoj med TRUUSKs tr\u00e4dg\u00e5rdsverktygssats! Varje sax \u00e4r utformad f\u00f6r specifika uppgifter som att klippa grenar eller exakt besk\u00e4rning, alla med polerade, belagda blad f\u00f6r \u00f6kad h\u00e5llbarhet. Den inbyggda fj\u00e4dermekanismen i tr\u00e4dg\u00e5rdsverktyget m\u00f6jligg\u00f6r l\u00e4tt klippning och minskar tr\u00f6tthet. Ett s\u00e4kerhetsl\u00e5s p\u00e5 tr\u00e4dg\u00e5rdsverktygen skyddar verktygen. Forma din tr\u00e4dg\u00e5rd utan anstr\u00e4ngning!<\/p>\n<p>Beskrivning:<\/p>\n<ul>\n<li> Tv\u00e5 tr\u00e4dg\u00e5rdssaxar i tr\u00e4dg\u00e5rdsverktygen passar f\u00f6r olika klippbehov<\/li>\n<li> Polerade, non-stick belagda blad p\u00e5 tr\u00e4dg\u00e5rdsverktyget \u00f6kar styrkan och livsl\u00e4ngden<\/li>\n<li> Det fj\u00e4derbelastade designen minimerar handtr\u00f6tthet<\/li>\n<li> S\u00e4kerhetsl\u00e5set p\u00e5 tr\u00e4dg\u00e5rdsverktyget h\u00e5ller bladen s\u00e4kert st\u00e4ngda n\u00e4r de inte anv\u00e4nds<\/li>\n<li> Ingen montering kr\u00e4vs<\/li>\n<\/ul>\n<p> Tekniska data:<\/p>\n<ul>\n<li> F\u00e4rg: Gr\u00f6n+Svart<\/li>\n<li> Material: Metall, Plast<\/li>\n<li> Bypass-sax dimensioner: 20L x 6B x 2H cm<\/li>\n<li> Amboss-sax dimensioner: 21L x 6B x 2H cm<\/li>\n<\/ul>\n<p>Leveransinneh\u00e5ll:<\/p>\n<ul>\n<li> 1 x Bypass-tr\u00e4dg\u00e5rdssax<\/li>\n<li> 1 x Amboss-tr\u00e4dg\u00e5rdssax<\/li>\n<\/ul>\n","protected":false},"excerpt":{"rendered":"<p>Upplev tr\u00e4dg\u00e5rdsskoj med TRUUSKs tr\u00e4dg\u00e5rdsverktygssats! Varje sax \u00e4r utformad f\u00f6r specifika uppgifter som att klippa grenar eller exakt besk\u00e4rning, alla&#8230;<\/p>\n","protected":false},"featured_media":80846,"template":"","meta":[],"product_brand":[],"product_cat":[867,704],"product_tag":[],"class_list":{"0":"post-80855","1":"product","2":"type-product","3":"status-publish","4":"has-post-thumbnail","6":"product_cat-byggmarknad","7":"product_cat-tradgardsskotsel","9":"first","10":"instock","11":"sale","12":"taxable","13":"shipping-taxable","14":"purchasable","15":"product-type-simple"},"yoast_head":"<!-- This site is optimized with the Yoast SEO plugin v25.4 - https:\/\/yoast.com\/wordpress\/plugins\/seo\/ -->\n<title>TRUUSK Tr\u00e4dg\u00e5rdsverktygssats - 2 Metall Tr\u00e4dg\u00e5rdsverktyg - Bypass-tr\u00e4dg\u00e5rdssax - Amboss-tr\u00e4dg\u00e5rdssax - Gr\u00f6n+Svart - TRUUSK - Hem, Tr\u00e4dg\u00e5rd &amp; Fritid<\/title>\n<meta name=\"robots\" content=\"index, follow, max-snippet:-1, max-image-preview:large, max-video-preview:-1\" \/>\n<link rel=\"canonical\" href=\"https:\/\/truusk.store\/sv\/produkt\/truusk-tradgardsverktygssats-2-metall-tradgardsverktyg-bypass-tradgardssax-amboss-tradgardssax-gronsvart\/\" \/>\n<meta property=\"og:locale\" content=\"sv_SE\" \/>\n<meta property=\"og:type\" content=\"article\" \/>\n<meta property=\"og:title\" content=\"TRUUSK Tr\u00e4dg\u00e5rdsverktygssats - 2 Metall Tr\u00e4dg\u00e5rdsverktyg - Bypass-tr\u00e4dg\u00e5rdssax - Amboss-tr\u00e4dg\u00e5rdssax - Gr\u00f6n+Svart - TRUUSK - Hem, Tr\u00e4dg\u00e5rd &amp; Fritid\" \/>\n<meta property=\"og:description\" content=\"Upplev tr\u00e4dg\u00e5rdsskoj med TRUUSKs tr\u00e4dg\u00e5rdsverktygssats! Varje sax \u00e4r utformad f\u00f6r specifika uppgifter som att klippa grenar eller exakt besk\u00e4rning, alla...\" \/>\n<meta property=\"og:url\" content=\"https:\/\/truusk.store\/sv\/produkt\/truusk-tradgardsverktygssats-2-metall-tradgardsverktyg-bypass-tradgardssax-amboss-tradgardssax-gronsvart\/\" \/>\n<meta property=\"og:site_name\" content=\"TRUUSK - Hem, Tr\u00e4dg\u00e5rd &amp; Fritid\" \/>\n<meta property=\"article:modified_time\" content=\"2026-03-12T07:44:19+00:00\" \/>\n<meta property=\"og:image\" content=\"https:\/\/i0.wp.com\/truusk.se\/wp-content\/uploads\/2025\/06\/tradgardsverktygssats-2-stycken-tradgardsverktyg-av-metall-tradgardsutrustning-med-bypass-tradgardssax-amboss-tradgardssax-tradgardsarbetsset-tradgardspresenter-for-kvinnor-och-man-gronsvart-1.webp?fit=2000%2C2000&ssl=1\" \/>\n\t<meta property=\"og:image:width\" content=\"2000\" \/>\n\t<meta property=\"og:image:height\" content=\"2000\" \/>\n\t<meta property=\"og:image:type\" content=\"image\/webp\" \/>\n<meta name=\"twitter:card\" content=\"summary_large_image\" \/>\n<meta name=\"twitter:label1\" content=\"Ber\u00e4knad l\u00e4stid\" \/>\n\t<meta name=\"twitter:data1\" content=\"1 minut\" \/>\n<!-- \/ Yoast SEO plugin. -->","yoast_head_json":{"title":"TRUUSK Tr\u00e4dg\u00e5rdsverktygssats - 2 Metall Tr\u00e4dg\u00e5rdsverktyg - Bypass-tr\u00e4dg\u00e5rdssax - Amboss-tr\u00e4dg\u00e5rdssax - Gr\u00f6n+Svart - TRUUSK - Hem, Tr\u00e4dg\u00e5rd &amp; Fritid","robots":{"index":"index","follow":"follow","max-snippet":"max-snippet:-1","max-image-preview":"max-image-preview:large","max-video-preview":"max-video-preview:-1"},"canonical":"https:\/\/truusk.store\/sv\/produkt\/truusk-tradgardsverktygssats-2-metall-tradgardsverktyg-bypass-tradgardssax-amboss-tradgardssax-gronsvart\/","og_locale":"sv_SE","og_type":"article","og_title":"TRUUSK Tr\u00e4dg\u00e5rdsverktygssats - 2 Metall Tr\u00e4dg\u00e5rdsverktyg - Bypass-tr\u00e4dg\u00e5rdssax - Amboss-tr\u00e4dg\u00e5rdssax - Gr\u00f6n+Svart - TRUUSK - Hem, Tr\u00e4dg\u00e5rd &amp; Fritid","og_description":"Upplev tr\u00e4dg\u00e5rdsskoj med TRUUSKs tr\u00e4dg\u00e5rdsverktygssats! Varje sax \u00e4r utformad f\u00f6r specifika uppgifter som att klippa grenar eller exakt besk\u00e4rning, alla...","og_url":"https:\/\/truusk.store\/sv\/produkt\/truusk-tradgardsverktygssats-2-metall-tradgardsverktyg-bypass-tradgardssax-amboss-tradgardssax-gronsvart\/","og_site_name":"TRUUSK - Hem, Tr\u00e4dg\u00e5rd &amp; Fritid","article_modified_time":"2026-03-12T07:44:19+00:00","og_image":[{"width":2000,"height":2000,"url":"https:\/\/i0.wp.com\/truusk.se\/wp-content\/uploads\/2025\/06\/tradgardsverktygssats-2-stycken-tradgardsverktyg-av-metall-tradgardsutrustning-med-bypass-tradgardssax-amboss-tradgardssax-tradgardsarbetsset-tradgardspresenter-for-kvinnor-och-man-gronsvart-1.webp?fit=2000%2C2000&ssl=1","type":"image\/webp"}],"twitter_card":"summary_large_image","twitter_misc":{"Ber\u00e4knad l\u00e4stid":"1 minut"},"schema":{"@context":"https:\/\/schema.org","@graph":[{"@type":"WebPage","@id":"https:\/\/truusk.store\/sv\/produkt\/truusk-tradgardsverktygssats-2-metall-tradgardsverktyg-bypass-tradgardssax-amboss-tradgardssax-gronsvart\/","url":"https:\/\/truusk.store\/sv\/produkt\/truusk-tradgardsverktygssats-2-metall-tradgardsverktyg-bypass-tradgardssax-amboss-tradgardssax-gronsvart\/","name":"TRUUSK Tr\u00e4dg\u00e5rdsverktygssats - 2 Metall Tr\u00e4dg\u00e5rdsverktyg - Bypass-tr\u00e4dg\u00e5rdssax - Amboss-tr\u00e4dg\u00e5rdssax - Gr\u00f6n+Svart - TRUUSK - Hem, Tr\u00e4dg\u00e5rd &amp; Fritid","isPartOf":{"@id":"https:\/\/truusk.store\/sv\/#website"},"primaryImageOfPage":{"@id":"https:\/\/truusk.store\/sv\/produkt\/truusk-tradgardsverktygssats-2-metall-tradgardsverktyg-bypass-tradgardssax-amboss-tradgardssax-gronsvart\/#primaryimage"},"image":{"@id":"https:\/\/truusk.store\/sv\/produkt\/truusk-tradgardsverktygssats-2-metall-tradgardsverktyg-bypass-tradgardssax-amboss-tradgardssax-gronsvart\/#primaryimage"},"thumbnailUrl":"https:\/\/i0.wp.com\/truusk.store\/wp-content\/uploads\/2025\/06\/tradgardsverktygssats-2-stycken-tradgardsverktyg-av-metall-tradgardsutrustning-med-bypass-tradgardssax-amboss-tradgardssax-tradgardsarbetsset-tradgardspresenter-for-kvinnor-och-man-gronsvart-1.webp?fit=2000%2C2000&ssl=1","datePublished":"2025-06-23T11:54:45+00:00","dateModified":"2026-03-12T07:44:19+00:00","breadcrumb":{"@id":"https:\/\/truusk.store\/sv\/produkt\/truusk-tradgardsverktygssats-2-metall-tradgardsverktyg-bypass-tradgardssax-amboss-tradgardssax-gronsvart\/#breadcrumb"},"inLanguage":"sv-SE","potentialAction":[{"@type":"ReadAction","target":["https:\/\/truusk.store\/sv\/produkt\/truusk-tradgardsverktygssats-2-metall-tradgardsverktyg-bypass-tradgardssax-amboss-tradgardssax-gronsvart\/"]}]},{"@type":"ImageObject","inLanguage":"sv-SE","@id":"https:\/\/truusk.store\/sv\/produkt\/truusk-tradgardsverktygssats-2-metall-tradgardsverktyg-bypass-tradgardssax-amboss-tradgardssax-gronsvart\/#primaryimage","url":"https:\/\/i0.wp.com\/truusk.store\/wp-content\/uploads\/2025\/06\/tradgardsverktygssats-2-stycken-tradgardsverktyg-av-metall-tradgardsutrustning-med-bypass-tradgardssax-amboss-tradgardssax-tradgardsarbetsset-tradgardspresenter-for-kvinnor-och-man-gronsvart-1.webp?fit=2000%2C2000&ssl=1","contentUrl":"https:\/\/i0.wp.com\/truusk.store\/wp-content\/uploads\/2025\/06\/tradgardsverktygssats-2-stycken-tradgardsverktyg-av-metall-tradgardsutrustning-med-bypass-tradgardssax-amboss-tradgardssax-tradgardsarbetsset-tradgardspresenter-for-kvinnor-och-man-gronsvart-1.webp?fit=2000%2C2000&ssl=1","width":2000,"height":2000},{"@type":"BreadcrumbList","@id":"https:\/\/truusk.store\/sv\/produkt\/truusk-tradgardsverktygssats-2-metall-tradgardsverktyg-bypass-tradgardssax-amboss-tradgardssax-gronsvart\/#breadcrumb","itemListElement":[{"@type":"ListItem","position":1,"name":"Home","item":"https:\/\/truusk.store\/sv\/"},{"@type":"ListItem","position":2,"name":"Shop","item":"https:\/\/truusk.store\/shop\/"},{"@type":"ListItem","position":3,"name":"TRUUSK Tr\u00e4dg\u00e5rdsverktygssats &#8211; 2 Metall Tr\u00e4dg\u00e5rdsverktyg &#8211; Bypass-tr\u00e4dg\u00e5rdssax &#8211; Amboss-tr\u00e4dg\u00e5rdssax &#8211; Gr\u00f6n+Svart"}]},{"@type":"WebSite","@id":"https:\/\/truusk.store\/sv\/#website","url":"https:\/\/truusk.store\/sv\/","name":"TRUUSK - Hem, Tr\u00e4dg\u00e5rd & Fritid","description":"","publisher":{"@id":"https:\/\/truusk.store\/sv\/#organization"},"potentialAction":[{"@type":"SearchAction","target":{"@type":"EntryPoint","urlTemplate":"https:\/\/truusk.store\/sv\/?s={search_term_string}"},"query-input":{"@type":"PropertyValueSpecification","valueRequired":true,"valueName":"search_term_string"}}],"inLanguage":"sv-SE"},{"@type":"Organization","@id":"https:\/\/truusk.store\/sv\/#organization","name":"TRUUSK - Hem, Tr\u00e4dg\u00e5rd & Fritid","url":"https:\/\/truusk.store\/sv\/","logo":{"@type":"ImageObject","inLanguage":"sv-SE","@id":"https:\/\/truusk.store\/sv\/#\/schema\/logo\/image\/","url":"https:\/\/i0.wp.com\/truusk.store\/wp-content\/uploads\/2026\/03\/cropped-TRUUSK.png?fit=2032%2C917&ssl=1","contentUrl":"https:\/\/i0.wp.com\/truusk.store\/wp-content\/uploads\/2026\/03\/cropped-TRUUSK.png?fit=2032%2C917&ssl=1","width":2032,"height":917,"caption":"TRUUSK - Hem, Tr\u00e4dg\u00e5rd & Fritid"},"image":{"@id":"https:\/\/truusk.store\/sv\/#\/schema\/logo\/image\/"}}]}},"jetpack_sharing_enabled":true,"_links":{"self":[{"href":"https:\/\/truusk.store\/sv\/wp-json\/wp\/v2\/product\/80855","targetHints":{"allow":["GET"]}}],"collection":[{"href":"https:\/\/truusk.store\/sv\/wp-json\/wp\/v2\/product"}],"about":[{"href":"https:\/\/truusk.store\/sv\/wp-json\/wp\/v2\/types\/product"}],"wp:featuredmedia":[{"embeddable":true,"href":"https:\/\/truusk.store\/sv\/wp-json\/wp\/v2\/media\/80846"}],"wp:attachment":[{"href":"https:\/\/truusk.store\/sv\/wp-json\/wp\/v2\/media?parent=80855"}],"wp:term":[{"taxonomy":"product_brand","embeddable":true,"href":"https:\/\/truusk.store\/sv\/wp-json\/wp\/v2\/product_brand?post=80855"},{"taxonomy":"product_cat","embeddable":true,"href":"https:\/\/truusk.store\/sv\/wp-json\/wp\/v2\/product_cat?post=80855"},{"taxonomy":"product_tag","embeddable":true,"href":"https:\/\/truusk.store\/sv\/wp-json\/wp\/v2\/product_tag?post=80855"}],"curies":[{"name":"wp","href":"https:\/\/api.w.org\/{rel}","templated":true}]}}