{"id":8093,"date":"2024-02-13T09:09:11","date_gmt":"2024-02-13T08:09:11","guid":{"rendered":"https:\/\/truusk.store\/product\/fallstol-hopfallbar-stol-campingstol-tradgardsstol-stoppad-stol-fatolj-hopfallbar-metall-oxfordtyg-bla-80-x-80-x-75-cm\/"},"modified":"2026-03-12T08:55:43","modified_gmt":"2026-03-12T07:55:43","slug":"truusk-hopfallbar-campingstol-stoppad-tradgardsstol-metallram-oxfordtyg-bla-80-x-80-x-75-cm","status":"publish","type":"product","link":"https:\/\/truusk.store\/sv\/produkt\/truusk-hopfallbar-campingstol-stoppad-tradgardsstol-metallram-oxfordtyg-bla-80-x-80-x-75-cm\/","title":{"rendered":"TRUUSK Hopf\u00e4llbar Campingstol &#8211; Stoppad Tr\u00e4dg\u00e5rdsstol &#8211; Metallram &#8211; Oxfordtyg &#8211; Bl\u00e5 &#8211; 80 x 80 x 75 cm"},"content":{"rendered":"<p>Denna mysiga hopf\u00e4llbara stol \u00e4r l\u00e4mplig f\u00f6r b\u00e5de inomhus- och utomhusbruk. Tack vare sin l\u00e5ga vikt och lilla hopf\u00e4llbara storlek kan den enkelt transporteras och erbjuder dig en bekv\u00e4m plats att sitta och koppla av under dina utomhusaktiviteter. Det l\u00e4ttsk\u00f6tta 600D oxford-tyget, den robusta metallramen och den gener\u00f6sa stoppningen g\u00f6r denna hopf\u00e4llbara stol till den perfekta f\u00f6ljeslagaren f\u00f6r unga och gamla, oavsett var!<\/p>\n<h3>Beskrivning:<\/h3>\n<ul>\n<li>Hopf\u00e4llbar stol med stor sits f\u00f6r barn och vuxna<\/li>\n<li>Vikbar f\u00f6r enkel transport<\/li>\n<li>Robust 600D oxfordtyg<\/li>\n<li>Metallram kan h\u00e5lla upp till 120 kg<\/li>\n<li>Gener\u00f6st vadderad<\/li>\n<li>Perfekt f\u00f6r utomhusevenemang<\/li>\n<li>Ingen montering kr\u00e4vs<\/li>\n<\/ul>\n<h3>Teknisk data:<\/h3>\n<ul>\n<li>Material: metall, 600D oxfordduk<\/li>\n<li>F\u00e4rg bl\u00e5<\/li>\n<li>\u00d6vergripande m\u00e5tt: L80 x B80 x H75 cm<\/li>\n<li>Sitsm\u00e5tt: B48 x D45 x H42 cm<\/li>\n<li>H\u00f6jd p\u00e5 ryggst\u00f6d: 47 cm<\/li>\n<li>Vikt: 4,4 kg<\/li>\n<li>Lastkapacitet: 120 kg<\/li>\n<\/ul>\n<h3>Leveransens omfattning:<\/h3>\n<ul>\n<li>1 x hopf\u00e4llbar stol;<\/li>\n<\/ul>\n","protected":false},"excerpt":{"rendered":"<p>Denna mysiga hopf\u00e4llbara stol \u00e4r l\u00e4mplig f\u00f6r b\u00e5de inomhus- och utomhusbruk. Tack vare sin l\u00e5ga vikt och lilla hopf\u00e4llbara storlek&#8230;<\/p>\n","protected":false},"featured_media":8094,"template":"","meta":[],"product_brand":[],"product_cat":[461,435,450],"product_tag":[],"class_list":{"0":"post-8093","1":"product","2":"type-product","3":"status-publish","4":"has-post-thumbnail","6":"product_cat-camping-stolar","7":"product_cat-tradgard-och-terrass","8":"product_cat-tradgardsmobler","10":"first","11":"instock","12":"sale","13":"taxable","14":"shipping-taxable","15":"purchasable","16":"product-type-simple"},"yoast_head":"<!-- This site is optimized with the Yoast SEO plugin v25.4 - https:\/\/yoast.com\/wordpress\/plugins\/seo\/ -->\n<title>TRUUSK Hopf\u00e4llbar Campingstol - Stoppad Tr\u00e4dg\u00e5rdsstol - Metallram - Oxfordtyg - Bl\u00e5 - 80 x 80 x 75 cm - TRUUSK - Hem, Tr\u00e4dg\u00e5rd &amp; Fritid<\/title>\n<meta name=\"robots\" content=\"index, follow, max-snippet:-1, max-image-preview:large, max-video-preview:-1\" \/>\n<link rel=\"canonical\" href=\"https:\/\/truusk.store\/sv\/produkt\/truusk-hopfallbar-campingstol-stoppad-tradgardsstol-metallram-oxfordtyg-bla-80-x-80-x-75-cm\/\" \/>\n<meta property=\"og:locale\" content=\"sv_SE\" \/>\n<meta property=\"og:type\" content=\"article\" \/>\n<meta property=\"og:title\" content=\"TRUUSK Hopf\u00e4llbar Campingstol - Stoppad Tr\u00e4dg\u00e5rdsstol - Metallram - Oxfordtyg - Bl\u00e5 - 80 x 80 x 75 cm - TRUUSK - Hem, Tr\u00e4dg\u00e5rd &amp; Fritid\" \/>\n<meta property=\"og:description\" content=\"Denna mysiga hopf\u00e4llbara stol \u00e4r l\u00e4mplig f\u00f6r b\u00e5de inomhus- och utomhusbruk. Tack vare sin l\u00e5ga vikt och lilla hopf\u00e4llbara storlek...\" \/>\n<meta property=\"og:url\" content=\"https:\/\/truusk.store\/sv\/produkt\/truusk-hopfallbar-campingstol-stoppad-tradgardsstol-metallram-oxfordtyg-bla-80-x-80-x-75-cm\/\" \/>\n<meta property=\"og:site_name\" content=\"TRUUSK - Hem, Tr\u00e4dg\u00e5rd &amp; Fritid\" \/>\n<meta property=\"article:modified_time\" content=\"2026-03-12T07:55:43+00:00\" \/>\n<meta property=\"og:image\" content=\"https:\/\/i0.wp.com\/truusk.se\/wp-content\/uploads\/2024\/02\/fallstol-hopfallbar-stol-campingstol-tradgardsstol-stoppad-stol-fatolj-hopfallbar-metall-oxfordtyg-bla-80-x-80-x-75-cm.webp?fit=800%2C800&ssl=1\" \/>\n\t<meta property=\"og:image:width\" content=\"800\" \/>\n\t<meta property=\"og:image:height\" content=\"800\" \/>\n\t<meta property=\"og:image:type\" content=\"image\/webp\" \/>\n<meta name=\"twitter:card\" content=\"summary_large_image\" \/>\n<meta name=\"twitter:label1\" content=\"Ber\u00e4knad l\u00e4stid\" \/>\n\t<meta name=\"twitter:data1\" content=\"1 minut\" \/>\n<!-- \/ Yoast SEO plugin. -->","yoast_head_json":{"title":"TRUUSK Hopf\u00e4llbar Campingstol - Stoppad Tr\u00e4dg\u00e5rdsstol - Metallram - Oxfordtyg - Bl\u00e5 - 80 x 80 x 75 cm - TRUUSK - Hem, Tr\u00e4dg\u00e5rd &amp; Fritid","robots":{"index":"index","follow":"follow","max-snippet":"max-snippet:-1","max-image-preview":"max-image-preview:large","max-video-preview":"max-video-preview:-1"},"canonical":"https:\/\/truusk.store\/sv\/produkt\/truusk-hopfallbar-campingstol-stoppad-tradgardsstol-metallram-oxfordtyg-bla-80-x-80-x-75-cm\/","og_locale":"sv_SE","og_type":"article","og_title":"TRUUSK Hopf\u00e4llbar Campingstol - Stoppad Tr\u00e4dg\u00e5rdsstol - Metallram - Oxfordtyg - Bl\u00e5 - 80 x 80 x 75 cm - TRUUSK - Hem, Tr\u00e4dg\u00e5rd &amp; Fritid","og_description":"Denna mysiga hopf\u00e4llbara stol \u00e4r l\u00e4mplig f\u00f6r b\u00e5de inomhus- och utomhusbruk. Tack vare sin l\u00e5ga vikt och lilla hopf\u00e4llbara storlek...","og_url":"https:\/\/truusk.store\/sv\/produkt\/truusk-hopfallbar-campingstol-stoppad-tradgardsstol-metallram-oxfordtyg-bla-80-x-80-x-75-cm\/","og_site_name":"TRUUSK - Hem, Tr\u00e4dg\u00e5rd &amp; Fritid","article_modified_time":"2026-03-12T07:55:43+00:00","og_image":[{"width":800,"height":800,"url":"https:\/\/i0.wp.com\/truusk.se\/wp-content\/uploads\/2024\/02\/fallstol-hopfallbar-stol-campingstol-tradgardsstol-stoppad-stol-fatolj-hopfallbar-metall-oxfordtyg-bla-80-x-80-x-75-cm.webp?fit=800%2C800&ssl=1","type":"image\/webp"}],"twitter_card":"summary_large_image","twitter_misc":{"Ber\u00e4knad l\u00e4stid":"1 minut"},"schema":{"@context":"https:\/\/schema.org","@graph":[{"@type":"WebPage","@id":"https:\/\/truusk.store\/sv\/produkt\/truusk-hopfallbar-campingstol-stoppad-tradgardsstol-metallram-oxfordtyg-bla-80-x-80-x-75-cm\/","url":"https:\/\/truusk.store\/sv\/produkt\/truusk-hopfallbar-campingstol-stoppad-tradgardsstol-metallram-oxfordtyg-bla-80-x-80-x-75-cm\/","name":"TRUUSK Hopf\u00e4llbar Campingstol - Stoppad Tr\u00e4dg\u00e5rdsstol - Metallram - Oxfordtyg - Bl\u00e5 - 80 x 80 x 75 cm - TRUUSK - Hem, Tr\u00e4dg\u00e5rd &amp; Fritid","isPartOf":{"@id":"https:\/\/truusk.store\/sv\/#website"},"primaryImageOfPage":{"@id":"https:\/\/truusk.store\/sv\/produkt\/truusk-hopfallbar-campingstol-stoppad-tradgardsstol-metallram-oxfordtyg-bla-80-x-80-x-75-cm\/#primaryimage"},"image":{"@id":"https:\/\/truusk.store\/sv\/produkt\/truusk-hopfallbar-campingstol-stoppad-tradgardsstol-metallram-oxfordtyg-bla-80-x-80-x-75-cm\/#primaryimage"},"thumbnailUrl":"https:\/\/i0.wp.com\/truusk.store\/wp-content\/uploads\/2024\/02\/fallstol-hopfallbar-stol-campingstol-tradgardsstol-stoppad-stol-fatolj-hopfallbar-metall-oxfordtyg-bla-80-x-80-x-75-cm.webp?fit=800%2C800&ssl=1","datePublished":"2024-02-13T08:09:11+00:00","dateModified":"2026-03-12T07:55:43+00:00","breadcrumb":{"@id":"https:\/\/truusk.store\/sv\/produkt\/truusk-hopfallbar-campingstol-stoppad-tradgardsstol-metallram-oxfordtyg-bla-80-x-80-x-75-cm\/#breadcrumb"},"inLanguage":"sv-SE","potentialAction":[{"@type":"ReadAction","target":["https:\/\/truusk.store\/sv\/produkt\/truusk-hopfallbar-campingstol-stoppad-tradgardsstol-metallram-oxfordtyg-bla-80-x-80-x-75-cm\/"]}]},{"@type":"ImageObject","inLanguage":"sv-SE","@id":"https:\/\/truusk.store\/sv\/produkt\/truusk-hopfallbar-campingstol-stoppad-tradgardsstol-metallram-oxfordtyg-bla-80-x-80-x-75-cm\/#primaryimage","url":"https:\/\/i0.wp.com\/truusk.store\/wp-content\/uploads\/2024\/02\/fallstol-hopfallbar-stol-campingstol-tradgardsstol-stoppad-stol-fatolj-hopfallbar-metall-oxfordtyg-bla-80-x-80-x-75-cm.webp?fit=800%2C800&ssl=1","contentUrl":"https:\/\/i0.wp.com\/truusk.store\/wp-content\/uploads\/2024\/02\/fallstol-hopfallbar-stol-campingstol-tradgardsstol-stoppad-stol-fatolj-hopfallbar-metall-oxfordtyg-bla-80-x-80-x-75-cm.webp?fit=800%2C800&ssl=1","width":800,"height":800,"caption":"F\u00e4llstol, Hopf\u00e4llbar Stol, Campingstol, Tr\u00e4dg\u00e5rdsstol, Stoppad Stol, F\u00e5t\u00f6lj, Hopf\u00e4llbar Metall + Oxfordtyg, Bl\u00e5, 80 X 80 X 75 Cm 1"},{"@type":"BreadcrumbList","@id":"https:\/\/truusk.store\/sv\/produkt\/truusk-hopfallbar-campingstol-stoppad-tradgardsstol-metallram-oxfordtyg-bla-80-x-80-x-75-cm\/#breadcrumb","itemListElement":[{"@type":"ListItem","position":1,"name":"Home","item":"https:\/\/truusk.store\/sv\/"},{"@type":"ListItem","position":2,"name":"Shop","item":"https:\/\/truusk.store\/shop\/"},{"@type":"ListItem","position":3,"name":"TRUUSK Hopf\u00e4llbar Campingstol &#8211; Stoppad Tr\u00e4dg\u00e5rdsstol &#8211; Metallram &#8211; Oxfordtyg &#8211; Bl\u00e5 &#8211; 80 x 80 x 75 cm"}]},{"@type":"WebSite","@id":"https:\/\/truusk.store\/sv\/#website","url":"https:\/\/truusk.store\/sv\/","name":"TRUUSK - Hem, Tr\u00e4dg\u00e5rd & Fritid","description":"","publisher":{"@id":"https:\/\/truusk.store\/sv\/#organization"},"potentialAction":[{"@type":"SearchAction","target":{"@type":"EntryPoint","urlTemplate":"https:\/\/truusk.store\/sv\/?s={search_term_string}"},"query-input":{"@type":"PropertyValueSpecification","valueRequired":true,"valueName":"search_term_string"}}],"inLanguage":"sv-SE"},{"@type":"Organization","@id":"https:\/\/truusk.store\/sv\/#organization","name":"TRUUSK - Hem, Tr\u00e4dg\u00e5rd & Fritid","url":"https:\/\/truusk.store\/sv\/","logo":{"@type":"ImageObject","inLanguage":"sv-SE","@id":"https:\/\/truusk.store\/sv\/#\/schema\/logo\/image\/","url":"https:\/\/i0.wp.com\/truusk.store\/wp-content\/uploads\/2026\/03\/cropped-TRUUSK.png?fit=2032%2C917&ssl=1","contentUrl":"https:\/\/i0.wp.com\/truusk.store\/wp-content\/uploads\/2026\/03\/cropped-TRUUSK.png?fit=2032%2C917&ssl=1","width":2032,"height":917,"caption":"TRUUSK - Hem, Tr\u00e4dg\u00e5rd & Fritid"},"image":{"@id":"https:\/\/truusk.store\/sv\/#\/schema\/logo\/image\/"}}]}},"jetpack_sharing_enabled":true,"_links":{"self":[{"href":"https:\/\/truusk.store\/sv\/wp-json\/wp\/v2\/product\/8093","targetHints":{"allow":["GET"]}}],"collection":[{"href":"https:\/\/truusk.store\/sv\/wp-json\/wp\/v2\/product"}],"about":[{"href":"https:\/\/truusk.store\/sv\/wp-json\/wp\/v2\/types\/product"}],"wp:featuredmedia":[{"embeddable":true,"href":"https:\/\/truusk.store\/sv\/wp-json\/wp\/v2\/media\/8094"}],"wp:attachment":[{"href":"https:\/\/truusk.store\/sv\/wp-json\/wp\/v2\/media?parent=8093"}],"wp:term":[{"taxonomy":"product_brand","embeddable":true,"href":"https:\/\/truusk.store\/sv\/wp-json\/wp\/v2\/product_brand?post=8093"},{"taxonomy":"product_cat","embeddable":true,"href":"https:\/\/truusk.store\/sv\/wp-json\/wp\/v2\/product_cat?post=8093"},{"taxonomy":"product_tag","embeddable":true,"href":"https:\/\/truusk.store\/sv\/wp-json\/wp\/v2\/product_tag?post=8093"}],"curies":[{"name":"wp","href":"https:\/\/api.w.org\/{rel}","templated":true}]}}