{"id":80941,"date":"2025-06-23T13:03:55","date_gmt":"2025-06-23T12:03:55","guid":{"rendered":"https:\/\/truusk.store\/product\/stodblock-6-ton-barformaga-2-stycken-stodblock-inklusive-2-sakerhetssprintar-13-stegs-hojdjusterbar-375-mm-till-592-mm-stodblock-for-personbilar-domkraftstall-for-verkstad-garage-rod\/"},"modified":"2026-03-12T08:44:51","modified_gmt":"2026-03-12T07:44:51","slug":"truusk-stodblock-6-ton-2-stycken-stodblock-2-sakerhetssprintar-13-stegs-hojdjusterbar-for-personbilar-domkraftstall","status":"publish","type":"product","link":"https:\/\/truusk.store\/sv\/produkt\/truusk-stodblock-6-ton-2-stycken-stodblock-2-sakerhetssprintar-13-stegs-hojdjusterbar-for-personbilar-domkraftstall\/","title":{"rendered":"TRUUSK St\u00f6dblock 6 Ton &#8211; 2 Stycken St\u00f6dblock &#8211; 2 S\u00e4kerhetssprintar &#8211; 13-stegs H\u00f6jdjusterbar &#8211; F\u00f6r Personbilar &#8211; Domkraftst\u00e4ll &#8211;"},"content":{"rendered":"<p>Optimera din bilv\u00e5rd med TRUUSK tv\u00e5pack st\u00f6dben. Dessa h\u00e5llbara st\u00f6dben, tillverkade av pulverlackerat st\u00e5l, b\u00e4r 6 ton. Den justerbara spakst\u00e5ngen, den stora st\u00f6dytan och s\u00e4kerhetsstiften garanterar ett fast grepp. Tack vare den stabila pyramidbasen och de fyra breda f\u00f6tterna lyfts ditt fordon s\u00e4kert och stabilt. St\u00f6dbenssetet \u00e4r l\u00e4tt att f\u00f6rvara och \u00e4r alltid tillg\u00e4ngligt f\u00f6r reparationer eller d\u00e4ckbyten.<\/p>\n<p>Beskrivning:<\/p>\n<ul>\n<li> Set med tv\u00e5 st\u00f6dben b\u00e4r upp till 6 ton<\/li>\n<li> 13-faldigt justerbart h\u00f6jdomr\u00e5de: 37,5-59,2 cm, f\u00f6r olika fordon<\/li>\n<li> Ett handtag p\u00e5 st\u00f6dbenet f\u00f6r h\u00f6jdjustering och l\u00e5sning<\/li>\n<li> Med en s\u00e4kerhetsstift f\u00f6r extra s\u00e4kerhet<\/li>\n<li> Robust, pulverlackerad st\u00e5lkonstruktion av st\u00f6dbenen f\u00f6r fast grepp<\/li>\n<li> Pyramidbas med fyra breda f\u00f6tter f\u00f6rb\u00e4ttrar stabiliteten<\/li>\n<li> M\u00e5ngsidigt anv\u00e4ndbar f\u00f6r underh\u00e5llsarbete hemma, reparationer i garaget och v\u00e4gassistans<\/li>\n<li> Ingen montering kr\u00e4vs<\/li>\n<\/ul>\n<p> Tekniska data:<\/p>\n<ul>\n<li> F\u00e4rg: R\u00f6d+Svart<\/li>\n<li> Material: St\u00e5l<\/li>\n<li> Totala dimensioner: 26L x 23B x 37,5-59,2H cm<\/li>\n<li> B\u00e4rkapacitet: 6 ton (per stativ)<\/li>\n<\/ul>\n<p>Leveransinneh\u00e5ll:<\/p>\n<ul>\n<li> 2 x st\u00f6dben<\/li>\n<li> 1 x bruksanvisning<\/li>\n<\/ul>\n","protected":false},"excerpt":{"rendered":"<p>Optimera din bilv\u00e5rd med TRUUSK tv\u00e5pack st\u00f6dben. Dessa h\u00e5llbara st\u00f6dben, tillverkade av pulverlackerat st\u00e5l, b\u00e4r 6 ton. Den justerbara spakst\u00e5ngen,&#8230;<\/p>\n","protected":false},"featured_media":80932,"template":"","meta":[],"product_brand":[],"product_cat":[691,867,898],"product_tag":[],"class_list":{"0":"post-80941","1":"product","2":"type-product","3":"status-publish","4":"has-post-thumbnail","6":"product_cat-arbetsbankar-arbetsbockar","7":"product_cat-byggmarknad","8":"product_cat-gor-det-sjalv","10":"first","11":"instock","12":"sale","13":"taxable","14":"shipping-taxable","15":"purchasable","16":"product-type-simple"},"yoast_head":"<!-- This site is optimized with the Yoast SEO plugin v25.4 - https:\/\/yoast.com\/wordpress\/plugins\/seo\/ -->\n<title>TRUUSK St\u00f6dblock 6 Ton - 2 Stycken St\u00f6dblock - 2 S\u00e4kerhetssprintar - 13-stegs H\u00f6jdjusterbar - F\u00f6r Personbilar - Domkraftst\u00e4ll - TRUUSK - Hem, Tr\u00e4dg\u00e5rd &amp; Fritid<\/title>\n<meta name=\"robots\" content=\"index, follow, max-snippet:-1, max-image-preview:large, max-video-preview:-1\" \/>\n<link rel=\"canonical\" href=\"https:\/\/truusk.store\/sv\/produkt\/truusk-stodblock-6-ton-2-stycken-stodblock-2-sakerhetssprintar-13-stegs-hojdjusterbar-for-personbilar-domkraftstall\/\" \/>\n<meta property=\"og:locale\" content=\"sv_SE\" \/>\n<meta property=\"og:type\" content=\"article\" \/>\n<meta property=\"og:title\" content=\"TRUUSK St\u00f6dblock 6 Ton - 2 Stycken St\u00f6dblock - 2 S\u00e4kerhetssprintar - 13-stegs H\u00f6jdjusterbar - F\u00f6r Personbilar - Domkraftst\u00e4ll - TRUUSK - Hem, Tr\u00e4dg\u00e5rd &amp; Fritid\" \/>\n<meta property=\"og:description\" content=\"Optimera din bilv\u00e5rd med TRUUSK tv\u00e5pack st\u00f6dben. Dessa h\u00e5llbara st\u00f6dben, tillverkade av pulverlackerat st\u00e5l, b\u00e4r 6 ton. Den justerbara spakst\u00e5ngen,...\" \/>\n<meta property=\"og:url\" content=\"https:\/\/truusk.store\/sv\/produkt\/truusk-stodblock-6-ton-2-stycken-stodblock-2-sakerhetssprintar-13-stegs-hojdjusterbar-for-personbilar-domkraftstall\/\" \/>\n<meta property=\"og:site_name\" content=\"TRUUSK - Hem, Tr\u00e4dg\u00e5rd &amp; Fritid\" \/>\n<meta property=\"article:modified_time\" content=\"2026-03-12T07:44:51+00:00\" \/>\n<meta property=\"og:image\" content=\"https:\/\/i0.wp.com\/truusk.se\/wp-content\/uploads\/2025\/06\/stodblock-6-ton-barformaga-2-stycken-stodblock-inklusive-2-sakerhetssprintar-13-stegs-hojdjusterbar-375-mm-till-592-mm-stodblock-for-personbilar-domkraftstall-for-verkstad-garage-rod-1-scaled.webp?fit=2560%2C2560&ssl=1\" \/>\n\t<meta property=\"og:image:width\" content=\"2560\" \/>\n\t<meta property=\"og:image:height\" content=\"2560\" \/>\n\t<meta property=\"og:image:type\" content=\"image\/webp\" \/>\n<meta name=\"twitter:card\" content=\"summary_large_image\" \/>\n<meta name=\"twitter:label1\" content=\"Ber\u00e4knad l\u00e4stid\" \/>\n\t<meta name=\"twitter:data1\" content=\"1 minut\" \/>\n<!-- \/ Yoast SEO plugin. -->","yoast_head_json":{"title":"TRUUSK St\u00f6dblock 6 Ton - 2 Stycken St\u00f6dblock - 2 S\u00e4kerhetssprintar - 13-stegs H\u00f6jdjusterbar - F\u00f6r Personbilar - Domkraftst\u00e4ll - TRUUSK - Hem, Tr\u00e4dg\u00e5rd &amp; Fritid","robots":{"index":"index","follow":"follow","max-snippet":"max-snippet:-1","max-image-preview":"max-image-preview:large","max-video-preview":"max-video-preview:-1"},"canonical":"https:\/\/truusk.store\/sv\/produkt\/truusk-stodblock-6-ton-2-stycken-stodblock-2-sakerhetssprintar-13-stegs-hojdjusterbar-for-personbilar-domkraftstall\/","og_locale":"sv_SE","og_type":"article","og_title":"TRUUSK St\u00f6dblock 6 Ton - 2 Stycken St\u00f6dblock - 2 S\u00e4kerhetssprintar - 13-stegs H\u00f6jdjusterbar - F\u00f6r Personbilar - Domkraftst\u00e4ll - TRUUSK - Hem, Tr\u00e4dg\u00e5rd &amp; Fritid","og_description":"Optimera din bilv\u00e5rd med TRUUSK tv\u00e5pack st\u00f6dben. Dessa h\u00e5llbara st\u00f6dben, tillverkade av pulverlackerat st\u00e5l, b\u00e4r 6 ton. Den justerbara spakst\u00e5ngen,...","og_url":"https:\/\/truusk.store\/sv\/produkt\/truusk-stodblock-6-ton-2-stycken-stodblock-2-sakerhetssprintar-13-stegs-hojdjusterbar-for-personbilar-domkraftstall\/","og_site_name":"TRUUSK - Hem, Tr\u00e4dg\u00e5rd &amp; Fritid","article_modified_time":"2026-03-12T07:44:51+00:00","og_image":[{"width":2560,"height":2560,"url":"https:\/\/i0.wp.com\/truusk.se\/wp-content\/uploads\/2025\/06\/stodblock-6-ton-barformaga-2-stycken-stodblock-inklusive-2-sakerhetssprintar-13-stegs-hojdjusterbar-375-mm-till-592-mm-stodblock-for-personbilar-domkraftstall-for-verkstad-garage-rod-1-scaled.webp?fit=2560%2C2560&ssl=1","type":"image\/webp"}],"twitter_card":"summary_large_image","twitter_misc":{"Ber\u00e4knad l\u00e4stid":"1 minut"},"schema":{"@context":"https:\/\/schema.org","@graph":[{"@type":"WebPage","@id":"https:\/\/truusk.store\/sv\/produkt\/truusk-stodblock-6-ton-2-stycken-stodblock-2-sakerhetssprintar-13-stegs-hojdjusterbar-for-personbilar-domkraftstall\/","url":"https:\/\/truusk.store\/sv\/produkt\/truusk-stodblock-6-ton-2-stycken-stodblock-2-sakerhetssprintar-13-stegs-hojdjusterbar-for-personbilar-domkraftstall\/","name":"TRUUSK St\u00f6dblock 6 Ton - 2 Stycken St\u00f6dblock - 2 S\u00e4kerhetssprintar - 13-stegs H\u00f6jdjusterbar - F\u00f6r Personbilar - Domkraftst\u00e4ll - TRUUSK - Hem, Tr\u00e4dg\u00e5rd &amp; Fritid","isPartOf":{"@id":"https:\/\/truusk.store\/sv\/#website"},"primaryImageOfPage":{"@id":"https:\/\/truusk.store\/sv\/produkt\/truusk-stodblock-6-ton-2-stycken-stodblock-2-sakerhetssprintar-13-stegs-hojdjusterbar-for-personbilar-domkraftstall\/#primaryimage"},"image":{"@id":"https:\/\/truusk.store\/sv\/produkt\/truusk-stodblock-6-ton-2-stycken-stodblock-2-sakerhetssprintar-13-stegs-hojdjusterbar-for-personbilar-domkraftstall\/#primaryimage"},"thumbnailUrl":"https:\/\/i0.wp.com\/truusk.store\/wp-content\/uploads\/2025\/06\/stodblock-6-ton-barformaga-2-stycken-stodblock-inklusive-2-sakerhetssprintar-13-stegs-hojdjusterbar-375-mm-till-592-mm-stodblock-for-personbilar-domkraftstall-for-verkstad-garage-rod-1-scaled.webp?fit=2560%2C2560&ssl=1","datePublished":"2025-06-23T12:03:55+00:00","dateModified":"2026-03-12T07:44:51+00:00","breadcrumb":{"@id":"https:\/\/truusk.store\/sv\/produkt\/truusk-stodblock-6-ton-2-stycken-stodblock-2-sakerhetssprintar-13-stegs-hojdjusterbar-for-personbilar-domkraftstall\/#breadcrumb"},"inLanguage":"sv-SE","potentialAction":[{"@type":"ReadAction","target":["https:\/\/truusk.store\/sv\/produkt\/truusk-stodblock-6-ton-2-stycken-stodblock-2-sakerhetssprintar-13-stegs-hojdjusterbar-for-personbilar-domkraftstall\/"]}]},{"@type":"ImageObject","inLanguage":"sv-SE","@id":"https:\/\/truusk.store\/sv\/produkt\/truusk-stodblock-6-ton-2-stycken-stodblock-2-sakerhetssprintar-13-stegs-hojdjusterbar-for-personbilar-domkraftstall\/#primaryimage","url":"https:\/\/i0.wp.com\/truusk.store\/wp-content\/uploads\/2025\/06\/stodblock-6-ton-barformaga-2-stycken-stodblock-inklusive-2-sakerhetssprintar-13-stegs-hojdjusterbar-375-mm-till-592-mm-stodblock-for-personbilar-domkraftstall-for-verkstad-garage-rod-1-scaled.webp?fit=2560%2C2560&ssl=1","contentUrl":"https:\/\/i0.wp.com\/truusk.store\/wp-content\/uploads\/2025\/06\/stodblock-6-ton-barformaga-2-stycken-stodblock-inklusive-2-sakerhetssprintar-13-stegs-hojdjusterbar-375-mm-till-592-mm-stodblock-for-personbilar-domkraftstall-for-verkstad-garage-rod-1-scaled.webp?fit=2560%2C2560&ssl=1","width":2560,"height":2560},{"@type":"BreadcrumbList","@id":"https:\/\/truusk.store\/sv\/produkt\/truusk-stodblock-6-ton-2-stycken-stodblock-2-sakerhetssprintar-13-stegs-hojdjusterbar-for-personbilar-domkraftstall\/#breadcrumb","itemListElement":[{"@type":"ListItem","position":1,"name":"Home","item":"https:\/\/truusk.store\/sv\/"},{"@type":"ListItem","position":2,"name":"Shop","item":"https:\/\/truusk.store\/shop\/"},{"@type":"ListItem","position":3,"name":"TRUUSK St\u00f6dblock 6 Ton &#8211; 2 Stycken St\u00f6dblock &#8211; 2 S\u00e4kerhetssprintar &#8211; 13-stegs H\u00f6jdjusterbar &#8211; F\u00f6r Personbilar &#8211; Domkraftst\u00e4ll &#8211;"}]},{"@type":"WebSite","@id":"https:\/\/truusk.store\/sv\/#website","url":"https:\/\/truusk.store\/sv\/","name":"TRUUSK - Hem, Tr\u00e4dg\u00e5rd & Fritid","description":"","publisher":{"@id":"https:\/\/truusk.store\/sv\/#organization"},"potentialAction":[{"@type":"SearchAction","target":{"@type":"EntryPoint","urlTemplate":"https:\/\/truusk.store\/sv\/?s={search_term_string}"},"query-input":{"@type":"PropertyValueSpecification","valueRequired":true,"valueName":"search_term_string"}}],"inLanguage":"sv-SE"},{"@type":"Organization","@id":"https:\/\/truusk.store\/sv\/#organization","name":"TRUUSK - Hem, Tr\u00e4dg\u00e5rd & Fritid","url":"https:\/\/truusk.store\/sv\/","logo":{"@type":"ImageObject","inLanguage":"sv-SE","@id":"https:\/\/truusk.store\/sv\/#\/schema\/logo\/image\/","url":"https:\/\/i0.wp.com\/truusk.store\/wp-content\/uploads\/2026\/03\/cropped-TRUUSK.png?fit=2032%2C917&ssl=1","contentUrl":"https:\/\/i0.wp.com\/truusk.store\/wp-content\/uploads\/2026\/03\/cropped-TRUUSK.png?fit=2032%2C917&ssl=1","width":2032,"height":917,"caption":"TRUUSK - Hem, Tr\u00e4dg\u00e5rd & Fritid"},"image":{"@id":"https:\/\/truusk.store\/sv\/#\/schema\/logo\/image\/"}}]}},"jetpack_sharing_enabled":true,"_links":{"self":[{"href":"https:\/\/truusk.store\/sv\/wp-json\/wp\/v2\/product\/80941","targetHints":{"allow":["GET"]}}],"collection":[{"href":"https:\/\/truusk.store\/sv\/wp-json\/wp\/v2\/product"}],"about":[{"href":"https:\/\/truusk.store\/sv\/wp-json\/wp\/v2\/types\/product"}],"wp:featuredmedia":[{"embeddable":true,"href":"https:\/\/truusk.store\/sv\/wp-json\/wp\/v2\/media\/80932"}],"wp:attachment":[{"href":"https:\/\/truusk.store\/sv\/wp-json\/wp\/v2\/media?parent=80941"}],"wp:term":[{"taxonomy":"product_brand","embeddable":true,"href":"https:\/\/truusk.store\/sv\/wp-json\/wp\/v2\/product_brand?post=80941"},{"taxonomy":"product_cat","embeddable":true,"href":"https:\/\/truusk.store\/sv\/wp-json\/wp\/v2\/product_cat?post=80941"},{"taxonomy":"product_tag","embeddable":true,"href":"https:\/\/truusk.store\/sv\/wp-json\/wp\/v2\/product_tag?post=80941"}],"curies":[{"name":"wp","href":"https:\/\/api.w.org\/{rel}","templated":true}]}}